{"id":6901,"date":"2022-03-24T13:24:42","date_gmt":"2022-05-09T16:41:25","guid":{"rendered":"https:\/\/dev.frantoiomuraglia.it\/product\/coffret-cadeau-aperitif\/"},"modified":"2025-02-14T13:58:33","modified_gmt":"2025-02-14T11:58:33","slug":"coffret-cadeau-aperitif","status":"publish","type":"product","link":"https:\/\/dev.frantoiomuraglia.it\/fr\/produit\/coffret-cadeau-aperitif\/","title":{"rendered":"Coffret cadeau &lsquo;Ap\u00e9ritif&rsquo;"},"content":{"rendered":"<p>Pour votre cadeau, choisissez l&rsquo;excellence pour un ap\u00e9ritif typique.<\/p>\n<p>Des coffrets cadeaux uniques disponibles exclusivement en ligne. Une excellente id\u00e9e de cadeau pour donner un avant-go\u00fbt de la qualit\u00e9 des produits Frantoio Muraglia. Un arc-en-ciel de couleurs pour enrichir votre table, savourer l&rsquo;ar\u00f4me de l&rsquo;huile d&rsquo;olive extra vierge italienne et d\u00e9corer votre maison.<\/p>\n<p>Une coffret cadeau id\u00e9al pour impressionner les clients, les partenaires et les membres de la famille. Pas seulement \u00e0 No\u00ebl, mais aussi pour l&rsquo;ap\u00e9ritif toute l&rsquo;ann\u00e9e. Dans ce forfait exclusif : huile, olives et c\u00e9ramiques.<\/p>\n<p>Le coffret contient quatre produits : une bo\u00eete de 250 ml en version arc-en-ciel avec l&rsquo;huile Fruttato Intenso, accompagn\u00e9e du flacon de 500 ml de la ligne Coolors en version rouge.<\/p>\n<p>Nouveaut\u00e9 de Frantoio Muraglia : un paquet d&rsquo;olives Bella di Cerignola, la variante la plus fine des olives, dans un emballage en verre de 580 g. Et pour servir les olives pendant l&rsquo;ap\u00e9ritif, un petit bol Arc-en-ciel en c\u00e9ramique peint \u00e0 la main.<\/p>\n","protected":false},"excerpt":{"rendered":"<p>Pour votre cadeau, choisissez l&rsquo;excellence pour un ap\u00e9ritif typique. Des coffrets cadeaux uniques disponibles exclusivement en ligne. Une excellente id\u00e9e de cadeau pour donner un avant-go\u00fbt de la qualit\u00e9 des produits Frantoio Muraglia. Un arc-en-ciel de couleurs pour enrichir votre table, savourer l&rsquo;ar\u00f4me de l&rsquo;huile d&rsquo;olive extra vierge italienne et d\u00e9corer votre maison. Une coffret [&hellip;]<\/p>\n","protected":false},"featured_media":13356,"template":"","meta":{"_acf_changed":false},"product_cat":[201],"product_tag":[284,300,309,214],"class_list":{"0":"post-6901","1":"product","2":"type-product","3":"status-publish","4":"has-post-thumbnail","6":"product_cat-idees-de-cadeaux","7":"product_tag-featured-fr-2","8":"product_tag-gift-ideas-fr-2","9":"product_tag-intense-variant-fr","10":"product_tag-tpl_no_category-fr","12":"first","13":"instock","14":"taxable","15":"shipping-taxable","16":"purchasable","17":"product-type-simple"},"acf":[],"yoast_head":"<!-- This site is optimized with the Yoast SEO plugin v26.8 - https:\/\/yoast.com\/product\/yoast-seo-wordpress\/ -->\n<title>Coffret cadeau &#039;Ap\u00e9ritif&#039; - Frantoio Muraglia<\/title>\n<meta name=\"description\" content=\"Pour votre cadeau, choisissez l&#039;excellence.\" \/>\n<meta name=\"robots\" content=\"noindex, follow, max-snippet:-1, max-image-preview:large, max-video-preview:-1\" \/>\n<meta property=\"og:locale\" content=\"fr_FR\" \/>\n<meta property=\"og:type\" content=\"article\" \/>\n<meta property=\"og:title\" content=\"Coffret cadeau &#039;Ap\u00e9ritif&#039; - Frantoio Muraglia\" \/>\n<meta property=\"og:description\" content=\"Pour votre cadeau, choisissez l&#039;excellence.\" \/>\n<meta property=\"og:url\" content=\"https:\/\/dev.frantoiomuraglia.it\/fr\/produit\/coffret-cadeau-aperitif\/\" \/>\n<meta property=\"og:site_name\" content=\"Frantoio Muraglia\" \/>\n<meta property=\"article:modified_time\" content=\"2025-02-14T11:58:33+00:00\" \/>\n<meta property=\"og:image\" content=\"https:\/\/dev.frantoiomuraglia.it\/wp-content\/uploads\/2022\/03\/Schermata-2022-10-14-alle-15.59.24-1.png\" \/>\n\t<meta property=\"og:image:width\" content=\"2168\" \/>\n\t<meta property=\"og:image:height\" content=\"2132\" \/>\n\t<meta property=\"og:image:type\" content=\"image\/png\" \/>\n<meta name=\"twitter:card\" content=\"summary_large_image\" \/>\n<script type=\"application\/ld+json\" class=\"yoast-schema-graph\">{\"@context\":\"https:\/\/schema.org\",\"@graph\":[{\"@type\":\"WebPage\",\"@id\":\"https:\/\/dev.frantoiomuraglia.it\/fr\/produit\/coffret-cadeau-aperitif\/\",\"url\":\"https:\/\/dev.frantoiomuraglia.it\/fr\/produit\/coffret-cadeau-aperitif\/\",\"name\":\"Coffret cadeau 'Ap\u00e9ritif' - Frantoio Muraglia\",\"isPartOf\":{\"@id\":\"https:\/\/dev.frantoiomuraglia.it\/fr\/#website\"},\"primaryImageOfPage\":{\"@id\":\"https:\/\/dev.frantoiomuraglia.it\/fr\/produit\/coffret-cadeau-aperitif\/#primaryimage\"},\"image\":{\"@id\":\"https:\/\/dev.frantoiomuraglia.it\/fr\/produit\/coffret-cadeau-aperitif\/#primaryimage\"},\"thumbnailUrl\":\"https:\/\/dev.frantoiomuraglia.it\/wp-content\/uploads\/2022\/03\/Schermata-2022-10-14-alle-15.59.24-1.png\",\"datePublished\":\"2022-05-09T16:41:25+00:00\",\"dateModified\":\"2025-02-14T11:58:33+00:00\",\"description\":\"Pour votre cadeau, choisissez l'excellence.\",\"breadcrumb\":{\"@id\":\"https:\/\/dev.frantoiomuraglia.it\/fr\/produit\/coffret-cadeau-aperitif\/#breadcrumb\"},\"inLanguage\":\"fr-FR\",\"potentialAction\":[{\"@type\":\"ReadAction\",\"target\":[\"https:\/\/dev.frantoiomuraglia.it\/fr\/produit\/coffret-cadeau-aperitif\/\"]}]},{\"@type\":\"ImageObject\",\"inLanguage\":\"fr-FR\",\"@id\":\"https:\/\/dev.frantoiomuraglia.it\/fr\/produit\/coffret-cadeau-aperitif\/#primaryimage\",\"url\":\"https:\/\/dev.frantoiomuraglia.it\/wp-content\/uploads\/2022\/03\/Schermata-2022-10-14-alle-15.59.24-1.png\",\"contentUrl\":\"https:\/\/dev.frantoiomuraglia.it\/wp-content\/uploads\/2022\/03\/Schermata-2022-10-14-alle-15.59.24-1.png\",\"width\":2168,\"height\":2132},{\"@type\":\"BreadcrumbList\",\"@id\":\"https:\/\/dev.frantoiomuraglia.it\/fr\/produit\/coffret-cadeau-aperitif\/#breadcrumb\",\"itemListElement\":[{\"@type\":\"ListItem\",\"position\":1,\"name\":\"Home\",\"item\":\"https:\/\/dev.frantoiomuraglia.it\/fr\/\"},{\"@type\":\"ListItem\",\"position\":2,\"name\":\"Boutique\",\"item\":\"https:\/\/dev.frantoiomuraglia.it\/fr\/boutique\/\"},{\"@type\":\"ListItem\",\"position\":3,\"name\":\"Coffret cadeau &lsquo;Ap\u00e9ritif&rsquo;\"}]},{\"@type\":\"WebSite\",\"@id\":\"https:\/\/dev.frantoiomuraglia.it\/fr\/#website\",\"url\":\"https:\/\/dev.frantoiomuraglia.it\/fr\/\",\"name\":\"Frantoio Muraglia\",\"description\":\"Just another WordPress site\",\"publisher\":{\"@id\":\"https:\/\/dev.frantoiomuraglia.it\/fr\/#organization\"},\"potentialAction\":[{\"@type\":\"SearchAction\",\"target\":{\"@type\":\"EntryPoint\",\"urlTemplate\":\"https:\/\/dev.frantoiomuraglia.it\/fr\/?s={search_term_string}\"},\"query-input\":{\"@type\":\"PropertyValueSpecification\",\"valueRequired\":true,\"valueName\":\"search_term_string\"}}],\"inLanguage\":\"fr-FR\"},{\"@type\":\"Organization\",\"@id\":\"https:\/\/dev.frantoiomuraglia.it\/fr\/#organization\",\"name\":\"Frantoio Muraglia\",\"url\":\"https:\/\/dev.frantoiomuraglia.it\/fr\/\",\"logo\":{\"@type\":\"ImageObject\",\"inLanguage\":\"fr-FR\",\"@id\":\"https:\/\/dev.frantoiomuraglia.it\/fr\/#\/schema\/logo\/image\/\",\"url\":\"https:\/\/www.frantoiomuraglia.it\/wp-content\/uploads\/2022\/06\/Logo-Frantoio-Muraglia-black-email.jpg\",\"contentUrl\":\"https:\/\/www.frantoiomuraglia.it\/wp-content\/uploads\/2022\/06\/Logo-Frantoio-Muraglia-black-email.jpg\",\"width\":326,\"height\":150,\"caption\":\"Frantoio Muraglia\"},\"image\":{\"@id\":\"https:\/\/dev.frantoiomuraglia.it\/fr\/#\/schema\/logo\/image\/\"}}]}<\/script>\n<!-- \/ Yoast SEO plugin. -->","yoast_head_json":{"title":"Coffret cadeau 'Ap\u00e9ritif' - Frantoio Muraglia","description":"Pour votre cadeau, choisissez l'excellence.","robots":{"index":"noindex","follow":"follow","max-snippet":"max-snippet:-1","max-image-preview":"max-image-preview:large","max-video-preview":"max-video-preview:-1"},"og_locale":"fr_FR","og_type":"article","og_title":"Coffret cadeau 'Ap\u00e9ritif' - Frantoio Muraglia","og_description":"Pour votre cadeau, choisissez l'excellence.","og_url":"https:\/\/dev.frantoiomuraglia.it\/fr\/produit\/coffret-cadeau-aperitif\/","og_site_name":"Frantoio Muraglia","article_modified_time":"2025-02-14T11:58:33+00:00","og_image":[{"width":2168,"height":2132,"url":"https:\/\/dev.frantoiomuraglia.it\/wp-content\/uploads\/2022\/03\/Schermata-2022-10-14-alle-15.59.24-1.png","type":"image\/png"}],"twitter_card":"summary_large_image","schema":{"@context":"https:\/\/schema.org","@graph":[{"@type":"WebPage","@id":"https:\/\/dev.frantoiomuraglia.it\/fr\/produit\/coffret-cadeau-aperitif\/","url":"https:\/\/dev.frantoiomuraglia.it\/fr\/produit\/coffret-cadeau-aperitif\/","name":"Coffret cadeau 'Ap\u00e9ritif' - Frantoio Muraglia","isPartOf":{"@id":"https:\/\/dev.frantoiomuraglia.it\/fr\/#website"},"primaryImageOfPage":{"@id":"https:\/\/dev.frantoiomuraglia.it\/fr\/produit\/coffret-cadeau-aperitif\/#primaryimage"},"image":{"@id":"https:\/\/dev.frantoiomuraglia.it\/fr\/produit\/coffret-cadeau-aperitif\/#primaryimage"},"thumbnailUrl":"https:\/\/dev.frantoiomuraglia.it\/wp-content\/uploads\/2022\/03\/Schermata-2022-10-14-alle-15.59.24-1.png","datePublished":"2022-05-09T16:41:25+00:00","dateModified":"2025-02-14T11:58:33+00:00","description":"Pour votre cadeau, choisissez l'excellence.","breadcrumb":{"@id":"https:\/\/dev.frantoiomuraglia.it\/fr\/produit\/coffret-cadeau-aperitif\/#breadcrumb"},"inLanguage":"fr-FR","potentialAction":[{"@type":"ReadAction","target":["https:\/\/dev.frantoiomuraglia.it\/fr\/produit\/coffret-cadeau-aperitif\/"]}]},{"@type":"ImageObject","inLanguage":"fr-FR","@id":"https:\/\/dev.frantoiomuraglia.it\/fr\/produit\/coffret-cadeau-aperitif\/#primaryimage","url":"https:\/\/dev.frantoiomuraglia.it\/wp-content\/uploads\/2022\/03\/Schermata-2022-10-14-alle-15.59.24-1.png","contentUrl":"https:\/\/dev.frantoiomuraglia.it\/wp-content\/uploads\/2022\/03\/Schermata-2022-10-14-alle-15.59.24-1.png","width":2168,"height":2132},{"@type":"BreadcrumbList","@id":"https:\/\/dev.frantoiomuraglia.it\/fr\/produit\/coffret-cadeau-aperitif\/#breadcrumb","itemListElement":[{"@type":"ListItem","position":1,"name":"Home","item":"https:\/\/dev.frantoiomuraglia.it\/fr\/"},{"@type":"ListItem","position":2,"name":"Boutique","item":"https:\/\/dev.frantoiomuraglia.it\/fr\/boutique\/"},{"@type":"ListItem","position":3,"name":"Coffret cadeau &lsquo;Ap\u00e9ritif&rsquo;"}]},{"@type":"WebSite","@id":"https:\/\/dev.frantoiomuraglia.it\/fr\/#website","url":"https:\/\/dev.frantoiomuraglia.it\/fr\/","name":"Frantoio Muraglia","description":"Just another WordPress site","publisher":{"@id":"https:\/\/dev.frantoiomuraglia.it\/fr\/#organization"},"potentialAction":[{"@type":"SearchAction","target":{"@type":"EntryPoint","urlTemplate":"https:\/\/dev.frantoiomuraglia.it\/fr\/?s={search_term_string}"},"query-input":{"@type":"PropertyValueSpecification","valueRequired":true,"valueName":"search_term_string"}}],"inLanguage":"fr-FR"},{"@type":"Organization","@id":"https:\/\/dev.frantoiomuraglia.it\/fr\/#organization","name":"Frantoio Muraglia","url":"https:\/\/dev.frantoiomuraglia.it\/fr\/","logo":{"@type":"ImageObject","inLanguage":"fr-FR","@id":"https:\/\/dev.frantoiomuraglia.it\/fr\/#\/schema\/logo\/image\/","url":"https:\/\/www.frantoiomuraglia.it\/wp-content\/uploads\/2022\/06\/Logo-Frantoio-Muraglia-black-email.jpg","contentUrl":"https:\/\/www.frantoiomuraglia.it\/wp-content\/uploads\/2022\/06\/Logo-Frantoio-Muraglia-black-email.jpg","width":326,"height":150,"caption":"Frantoio Muraglia"},"image":{"@id":"https:\/\/dev.frantoiomuraglia.it\/fr\/#\/schema\/logo\/image\/"}}]}},"_links":{"self":[{"href":"https:\/\/dev.frantoiomuraglia.it\/fr\/wp-json\/wp\/v2\/product\/6901","targetHints":{"allow":["GET"]}}],"collection":[{"href":"https:\/\/dev.frantoiomuraglia.it\/fr\/wp-json\/wp\/v2\/product"}],"about":[{"href":"https:\/\/dev.frantoiomuraglia.it\/fr\/wp-json\/wp\/v2\/types\/product"}],"wp:featuredmedia":[{"embeddable":true,"href":"https:\/\/dev.frantoiomuraglia.it\/fr\/wp-json\/wp\/v2\/media\/13356"}],"wp:attachment":[{"href":"https:\/\/dev.frantoiomuraglia.it\/fr\/wp-json\/wp\/v2\/media?parent=6901"}],"wp:term":[{"taxonomy":"product_cat","embeddable":true,"href":"https:\/\/dev.frantoiomuraglia.it\/fr\/wp-json\/wp\/v2\/product_cat?post=6901"},{"taxonomy":"product_tag","embeddable":true,"href":"https:\/\/dev.frantoiomuraglia.it\/fr\/wp-json\/wp\/v2\/product_tag?post=6901"}],"curies":[{"name":"wp","href":"https:\/\/api.w.org\/{rel}","templated":true}]}}