{"id":6709,"date":"2022-03-24T13:38:05","date_gmt":"2022-05-07T17:15:35","guid":{"rendered":"https:\/\/dev.frantoiomuraglia.it\/product\/denoyautee-250-ml\/"},"modified":"2025-06-12T10:28:13","modified_gmt":"2025-06-12T08:28:13","slug":"denoyautee-250ml","status":"publish","type":"product","link":"https:\/\/dev.frantoiomuraglia.it\/fr\/produit\/denoyautee-250ml\/","title":{"rendered":"D\u00e9noyaut\u00e9e 250 ml"},"content":{"rendered":"<p>Essenza d\u00e9noyaut\u00e9e est une huile obtenue par d\u00e9noyautage \u00e0 froid des olives de la vari\u00e9t\u00e9 Coratina. C&rsquo;est la vraie huile en puret\u00e9: la pulpe de l&rsquo;olive est s\u00e9par\u00e9e du noyau avant le pressage pour obtenir une huile au go\u00fbt fruit\u00e9 et \u00e0 l&rsquo;arri\u00e8re-go\u00fbt vif, appr\u00e9ciable m\u00eame par ceux qui ne sont pas habitu\u00e9s aux huiles structur\u00e9es. <\/p>\n<p>Avec la ligne \u00ab\u00a0Essenza\u00a0\u00bb, Frantoio Muraglia exalte le c\u0153ur de son travail: l\u2019huile. Essenza signifie huile de la plus haute qualit\u00e9 dans une veste pr\u00eat-\u00e0-gourmet, \u00e9l\u00e9gante mais d\u00e9mocratique. <\/p>\n<p>Tous les conseils d\u2019utilisation en \u00ab\u00a0Culture de l\u2019huile\u00a0\u00bb.<\/p>\n","protected":false},"excerpt":{"rendered":"<p>Essenza d\u00e9noyaut\u00e9e est une huile obtenue par d\u00e9noyautage \u00e0 froid des olives de la vari\u00e9t\u00e9 Coratina. C&rsquo;est la vraie huile en puret\u00e9: la pulpe de l&rsquo;olive est s\u00e9par\u00e9e du noyau avant le pressage pour obtenir une huile au go\u00fbt fruit\u00e9 et \u00e0 l&rsquo;arri\u00e8re-go\u00fbt vif, appr\u00e9ciable m\u00eame par ceux qui ne sont pas habitu\u00e9s aux huiles [&hellip;]<\/p>\n","protected":false},"featured_media":33367,"template":"","meta":{"_acf_changed":false},"product_cat":[169,135,381],"product_tag":[440,317,315,190,140],"class_list":{"0":"post-6709","1":"product","2":"type-product","3":"status-publish","4":"has-post-thumbnail","6":"product_cat-bouteilles","7":"product_cat-upsell_shopper-fr","8":"product_cat-essenza-fr","9":"product_tag-elixir-de-longue-vie","10":"product_tag-essence-fr","11":"product_tag-pitted-line-fr","12":"product_tag-tpl_denoyautee","13":"product_tag-upsell_shopper-fr","15":"first","16":"instock","17":"taxable","18":"shipping-taxable","19":"purchasable","20":"product-type-simple"},"acf":[],"yoast_head":"<!-- This site is optimized with the Yoast SEO plugin v26.8 - https:\/\/yoast.com\/product\/yoast-seo-wordpress\/ -->\n<title>D\u00e9noyaut\u00e9e 250 ml - Frantoio Muraglia<\/title>\n<meta name=\"description\" content=\"C&#039;est la v\u00e9ritable huile en puret\u00e9. Obtenue par le d\u00e9noyautage \u00e0 froid d\u2019olives de la vari\u00e9t\u00e9 Coratina.\" \/>\n<meta name=\"robots\" content=\"noindex, follow, max-snippet:-1, max-image-preview:large, max-video-preview:-1\" \/>\n<meta property=\"og:locale\" content=\"fr_FR\" \/>\n<meta property=\"og:type\" content=\"article\" \/>\n<meta property=\"og:title\" content=\"D\u00e9noyaut\u00e9e 250 ml - Frantoio Muraglia\" \/>\n<meta property=\"og:description\" content=\"C&#039;est la v\u00e9ritable huile en puret\u00e9. Obtenue par le d\u00e9noyautage \u00e0 froid d\u2019olives de la vari\u00e9t\u00e9 Coratina.\" \/>\n<meta property=\"og:url\" content=\"https:\/\/dev.frantoiomuraglia.it\/fr\/produit\/denoyautee-250ml\/\" \/>\n<meta property=\"og:site_name\" content=\"Frantoio Muraglia\" \/>\n<meta property=\"article:modified_time\" content=\"2025-06-12T08:28:13+00:00\" \/>\n<meta property=\"og:image\" content=\"https:\/\/dev.frantoiomuraglia.it\/wp-content\/uploads\/2022\/03\/denocciolato_250.jpg\" \/>\n\t<meta property=\"og:image:width\" content=\"2180\" \/>\n\t<meta property=\"og:image:height\" content=\"2294\" \/>\n\t<meta property=\"og:image:type\" content=\"image\/jpeg\" \/>\n<meta name=\"twitter:card\" content=\"summary_large_image\" \/>\n<script type=\"application\/ld+json\" class=\"yoast-schema-graph\">{\"@context\":\"https:\/\/schema.org\",\"@graph\":[{\"@type\":\"WebPage\",\"@id\":\"https:\/\/dev.frantoiomuraglia.it\/fr\/produit\/denoyautee-250ml\/\",\"url\":\"https:\/\/dev.frantoiomuraglia.it\/fr\/produit\/denoyautee-250ml\/\",\"name\":\"D\u00e9noyaut\u00e9e 250 ml - Frantoio Muraglia\",\"isPartOf\":{\"@id\":\"https:\/\/dev.frantoiomuraglia.it\/fr\/#website\"},\"primaryImageOfPage\":{\"@id\":\"https:\/\/dev.frantoiomuraglia.it\/fr\/produit\/denoyautee-250ml\/#primaryimage\"},\"image\":{\"@id\":\"https:\/\/dev.frantoiomuraglia.it\/fr\/produit\/denoyautee-250ml\/#primaryimage\"},\"thumbnailUrl\":\"https:\/\/dev.frantoiomuraglia.it\/wp-content\/uploads\/2022\/03\/denocciolato_250.jpg\",\"datePublished\":\"2022-05-07T17:15:35+00:00\",\"dateModified\":\"2025-06-12T08:28:13+00:00\",\"description\":\"C'est la v\u00e9ritable huile en puret\u00e9. Obtenue par le d\u00e9noyautage \u00e0 froid d\u2019olives de la vari\u00e9t\u00e9 Coratina.\",\"breadcrumb\":{\"@id\":\"https:\/\/dev.frantoiomuraglia.it\/fr\/produit\/denoyautee-250ml\/#breadcrumb\"},\"inLanguage\":\"fr-FR\",\"potentialAction\":[{\"@type\":\"ReadAction\",\"target\":[\"https:\/\/dev.frantoiomuraglia.it\/fr\/produit\/denoyautee-250ml\/\"]}]},{\"@type\":\"ImageObject\",\"inLanguage\":\"fr-FR\",\"@id\":\"https:\/\/dev.frantoiomuraglia.it\/fr\/produit\/denoyautee-250ml\/#primaryimage\",\"url\":\"https:\/\/dev.frantoiomuraglia.it\/wp-content\/uploads\/2022\/03\/denocciolato_250.jpg\",\"contentUrl\":\"https:\/\/dev.frantoiomuraglia.it\/wp-content\/uploads\/2022\/03\/denocciolato_250.jpg\",\"width\":2180,\"height\":2294},{\"@type\":\"BreadcrumbList\",\"@id\":\"https:\/\/dev.frantoiomuraglia.it\/fr\/produit\/denoyautee-250ml\/#breadcrumb\",\"itemListElement\":[{\"@type\":\"ListItem\",\"position\":1,\"name\":\"Home\",\"item\":\"https:\/\/dev.frantoiomuraglia.it\/fr\/\"},{\"@type\":\"ListItem\",\"position\":2,\"name\":\"Boutique\",\"item\":\"https:\/\/dev.frantoiomuraglia.it\/fr\/boutique\/\"},{\"@type\":\"ListItem\",\"position\":3,\"name\":\"D\u00e9noyaut\u00e9e 250 ml\"}]},{\"@type\":\"WebSite\",\"@id\":\"https:\/\/dev.frantoiomuraglia.it\/fr\/#website\",\"url\":\"https:\/\/dev.frantoiomuraglia.it\/fr\/\",\"name\":\"Frantoio Muraglia\",\"description\":\"Just another WordPress site\",\"publisher\":{\"@id\":\"https:\/\/dev.frantoiomuraglia.it\/fr\/#organization\"},\"potentialAction\":[{\"@type\":\"SearchAction\",\"target\":{\"@type\":\"EntryPoint\",\"urlTemplate\":\"https:\/\/dev.frantoiomuraglia.it\/fr\/?s={search_term_string}\"},\"query-input\":{\"@type\":\"PropertyValueSpecification\",\"valueRequired\":true,\"valueName\":\"search_term_string\"}}],\"inLanguage\":\"fr-FR\"},{\"@type\":\"Organization\",\"@id\":\"https:\/\/dev.frantoiomuraglia.it\/fr\/#organization\",\"name\":\"Frantoio Muraglia\",\"url\":\"https:\/\/dev.frantoiomuraglia.it\/fr\/\",\"logo\":{\"@type\":\"ImageObject\",\"inLanguage\":\"fr-FR\",\"@id\":\"https:\/\/dev.frantoiomuraglia.it\/fr\/#\/schema\/logo\/image\/\",\"url\":\"https:\/\/www.frantoiomuraglia.it\/wp-content\/uploads\/2022\/06\/Logo-Frantoio-Muraglia-black-email.jpg\",\"contentUrl\":\"https:\/\/www.frantoiomuraglia.it\/wp-content\/uploads\/2022\/06\/Logo-Frantoio-Muraglia-black-email.jpg\",\"width\":326,\"height\":150,\"caption\":\"Frantoio Muraglia\"},\"image\":{\"@id\":\"https:\/\/dev.frantoiomuraglia.it\/fr\/#\/schema\/logo\/image\/\"}}]}<\/script>\n<!-- \/ Yoast SEO plugin. -->","yoast_head_json":{"title":"D\u00e9noyaut\u00e9e 250 ml - Frantoio Muraglia","description":"C'est la v\u00e9ritable huile en puret\u00e9. Obtenue par le d\u00e9noyautage \u00e0 froid d\u2019olives de la vari\u00e9t\u00e9 Coratina.","robots":{"index":"noindex","follow":"follow","max-snippet":"max-snippet:-1","max-image-preview":"max-image-preview:large","max-video-preview":"max-video-preview:-1"},"og_locale":"fr_FR","og_type":"article","og_title":"D\u00e9noyaut\u00e9e 250 ml - Frantoio Muraglia","og_description":"C'est la v\u00e9ritable huile en puret\u00e9. Obtenue par le d\u00e9noyautage \u00e0 froid d\u2019olives de la vari\u00e9t\u00e9 Coratina.","og_url":"https:\/\/dev.frantoiomuraglia.it\/fr\/produit\/denoyautee-250ml\/","og_site_name":"Frantoio Muraglia","article_modified_time":"2025-06-12T08:28:13+00:00","og_image":[{"width":2180,"height":2294,"url":"https:\/\/dev.frantoiomuraglia.it\/wp-content\/uploads\/2022\/03\/denocciolato_250.jpg","type":"image\/jpeg"}],"twitter_card":"summary_large_image","schema":{"@context":"https:\/\/schema.org","@graph":[{"@type":"WebPage","@id":"https:\/\/dev.frantoiomuraglia.it\/fr\/produit\/denoyautee-250ml\/","url":"https:\/\/dev.frantoiomuraglia.it\/fr\/produit\/denoyautee-250ml\/","name":"D\u00e9noyaut\u00e9e 250 ml - Frantoio Muraglia","isPartOf":{"@id":"https:\/\/dev.frantoiomuraglia.it\/fr\/#website"},"primaryImageOfPage":{"@id":"https:\/\/dev.frantoiomuraglia.it\/fr\/produit\/denoyautee-250ml\/#primaryimage"},"image":{"@id":"https:\/\/dev.frantoiomuraglia.it\/fr\/produit\/denoyautee-250ml\/#primaryimage"},"thumbnailUrl":"https:\/\/dev.frantoiomuraglia.it\/wp-content\/uploads\/2022\/03\/denocciolato_250.jpg","datePublished":"2022-05-07T17:15:35+00:00","dateModified":"2025-06-12T08:28:13+00:00","description":"C'est la v\u00e9ritable huile en puret\u00e9. Obtenue par le d\u00e9noyautage \u00e0 froid d\u2019olives de la vari\u00e9t\u00e9 Coratina.","breadcrumb":{"@id":"https:\/\/dev.frantoiomuraglia.it\/fr\/produit\/denoyautee-250ml\/#breadcrumb"},"inLanguage":"fr-FR","potentialAction":[{"@type":"ReadAction","target":["https:\/\/dev.frantoiomuraglia.it\/fr\/produit\/denoyautee-250ml\/"]}]},{"@type":"ImageObject","inLanguage":"fr-FR","@id":"https:\/\/dev.frantoiomuraglia.it\/fr\/produit\/denoyautee-250ml\/#primaryimage","url":"https:\/\/dev.frantoiomuraglia.it\/wp-content\/uploads\/2022\/03\/denocciolato_250.jpg","contentUrl":"https:\/\/dev.frantoiomuraglia.it\/wp-content\/uploads\/2022\/03\/denocciolato_250.jpg","width":2180,"height":2294},{"@type":"BreadcrumbList","@id":"https:\/\/dev.frantoiomuraglia.it\/fr\/produit\/denoyautee-250ml\/#breadcrumb","itemListElement":[{"@type":"ListItem","position":1,"name":"Home","item":"https:\/\/dev.frantoiomuraglia.it\/fr\/"},{"@type":"ListItem","position":2,"name":"Boutique","item":"https:\/\/dev.frantoiomuraglia.it\/fr\/boutique\/"},{"@type":"ListItem","position":3,"name":"D\u00e9noyaut\u00e9e 250 ml"}]},{"@type":"WebSite","@id":"https:\/\/dev.frantoiomuraglia.it\/fr\/#website","url":"https:\/\/dev.frantoiomuraglia.it\/fr\/","name":"Frantoio Muraglia","description":"Just another WordPress site","publisher":{"@id":"https:\/\/dev.frantoiomuraglia.it\/fr\/#organization"},"potentialAction":[{"@type":"SearchAction","target":{"@type":"EntryPoint","urlTemplate":"https:\/\/dev.frantoiomuraglia.it\/fr\/?s={search_term_string}"},"query-input":{"@type":"PropertyValueSpecification","valueRequired":true,"valueName":"search_term_string"}}],"inLanguage":"fr-FR"},{"@type":"Organization","@id":"https:\/\/dev.frantoiomuraglia.it\/fr\/#organization","name":"Frantoio Muraglia","url":"https:\/\/dev.frantoiomuraglia.it\/fr\/","logo":{"@type":"ImageObject","inLanguage":"fr-FR","@id":"https:\/\/dev.frantoiomuraglia.it\/fr\/#\/schema\/logo\/image\/","url":"https:\/\/www.frantoiomuraglia.it\/wp-content\/uploads\/2022\/06\/Logo-Frantoio-Muraglia-black-email.jpg","contentUrl":"https:\/\/www.frantoiomuraglia.it\/wp-content\/uploads\/2022\/06\/Logo-Frantoio-Muraglia-black-email.jpg","width":326,"height":150,"caption":"Frantoio Muraglia"},"image":{"@id":"https:\/\/dev.frantoiomuraglia.it\/fr\/#\/schema\/logo\/image\/"}}]}},"_links":{"self":[{"href":"https:\/\/dev.frantoiomuraglia.it\/fr\/wp-json\/wp\/v2\/product\/6709","targetHints":{"allow":["GET"]}}],"collection":[{"href":"https:\/\/dev.frantoiomuraglia.it\/fr\/wp-json\/wp\/v2\/product"}],"about":[{"href":"https:\/\/dev.frantoiomuraglia.it\/fr\/wp-json\/wp\/v2\/types\/product"}],"wp:featuredmedia":[{"embeddable":true,"href":"https:\/\/dev.frantoiomuraglia.it\/fr\/wp-json\/wp\/v2\/media\/33367"}],"wp:attachment":[{"href":"https:\/\/dev.frantoiomuraglia.it\/fr\/wp-json\/wp\/v2\/media?parent=6709"}],"wp:term":[{"taxonomy":"product_cat","embeddable":true,"href":"https:\/\/dev.frantoiomuraglia.it\/fr\/wp-json\/wp\/v2\/product_cat?post=6709"},{"taxonomy":"product_tag","embeddable":true,"href":"https:\/\/dev.frantoiomuraglia.it\/fr\/wp-json\/wp\/v2\/product_tag?post=6709"}],"curies":[{"name":"wp","href":"https:\/\/api.w.org\/{rel}","templated":true}]}}