{"id":6703,"date":"2022-03-24T13:40:08","date_gmt":"2022-05-07T16:50:12","guid":{"rendered":"https:\/\/dev.frantoiomuraglia.it\/product\/fruitee-moyenne-250-ml\/"},"modified":"2025-06-11T13:10:56","modified_gmt":"2025-06-11T11:10:56","slug":"fruitee-moyenne-250","status":"publish","type":"product","link":"https:\/\/dev.frantoiomuraglia.it\/fr\/produit\/fruitee-moyenne-250\/","title":{"rendered":"Fruit\u00e9e Moyenne 250 ml"},"content":{"rendered":"<p>Essenza Fruit\u00e9e Moyen est une huile d\u2019olive extra vierge Monocultivar issue d\u2019olives Peranzana. C\u2019est une huile d\u00e9licate et \u00e9l\u00e9gante, jaune dor\u00e9 aux reflets verts pour une exp\u00e9rience sensorielle raffin\u00e9e. Caract\u00e9ris\u00e9 par un go\u00fbt \u00e9quilibr\u00e9 et une acidit\u00e9 faible, son parfum offre des intenses souvenirs de tomate, roquette, radis et sensations d\u2019artichaut.  <\/p>\n<p>Avec la ligne \u00ab\u00a0Essenza\u00a0\u00bb, Frantoio Muraglia exalte le c\u0153ur de son travail: l\u2019huile. Essenza signifie huile de la plus haute qualit\u00e9 dans une veste pr\u00e9-\u00e0-gourmet, \u00e9l\u00e9gante mais d\u00e9mocratique. <\/p>\n<p>Tous les conseils d\u2019utilisation en \u00ab\u00a0Culture de l\u2019huile\u00a0\u00bb.<\/p>\n","protected":false},"excerpt":{"rendered":"<p>Essenza Fruit\u00e9e Moyen est une huile d\u2019olive extra vierge Monocultivar issue d\u2019olives Peranzana. C\u2019est une huile d\u00e9licate et \u00e9l\u00e9gante, jaune dor\u00e9 aux reflets verts pour une exp\u00e9rience sensorielle raffin\u00e9e. Caract\u00e9ris\u00e9 par un go\u00fbt \u00e9quilibr\u00e9 et une acidit\u00e9 faible, son parfum offre des intenses souvenirs de tomate, roquette, radis et sensations d\u2019artichaut. Avec la ligne \u00ab\u00a0Essenza\u00a0\u00bb, [&hellip;]<\/p>\n","protected":false},"featured_media":33350,"template":"","meta":{"_acf_changed":false},"product_cat":[169,135,381],"product_tag":[440,317,313,171,140],"class_list":{"0":"post-6703","1":"product","2":"type-product","3":"status-publish","4":"has-post-thumbnail","6":"product_cat-bouteilles","7":"product_cat-upsell_shopper-fr","8":"product_cat-essenza-fr","9":"product_tag-elixir-de-longue-vie","10":"product_tag-essence-fr","11":"product_tag-medium-variant-fr","12":"product_tag-tpl_fruitee_moyenne","13":"product_tag-upsell_shopper-fr","15":"first","16":"instock","17":"taxable","18":"shipping-taxable","19":"purchasable","20":"product-type-simple"},"acf":[],"yoast_head":"<!-- This site is optimized with the Yoast SEO plugin v26.8 - https:\/\/yoast.com\/product\/yoast-seo-wordpress\/ -->\n<title>Fruit\u00e9e Moyenne 250 ml - Frantoio Muraglia<\/title>\n<meta name=\"description\" content=\"&quot;Essenza&quot; Fruit\u00e9e Moyenne est une huile d&#039;olive extra vierge produite uniquement \u00e0 partir d&#039;olives des Pouilles de la vari\u00e9t\u00e9 Peranzana.\" \/>\n<meta name=\"robots\" content=\"noindex, follow, max-snippet:-1, max-image-preview:large, max-video-preview:-1\" \/>\n<meta property=\"og:locale\" content=\"fr_FR\" \/>\n<meta property=\"og:type\" content=\"article\" \/>\n<meta property=\"og:title\" content=\"Fruit\u00e9e Moyenne 250 ml - Frantoio Muraglia\" \/>\n<meta property=\"og:description\" content=\"&quot;Essenza&quot; Fruit\u00e9e Moyenne est une huile d&#039;olive extra vierge produite uniquement \u00e0 partir d&#039;olives des Pouilles de la vari\u00e9t\u00e9 Peranzana.\" \/>\n<meta property=\"og:url\" content=\"https:\/\/dev.frantoiomuraglia.it\/fr\/produit\/fruitee-moyenne-250\/\" \/>\n<meta property=\"og:site_name\" content=\"Frantoio Muraglia\" \/>\n<meta property=\"article:modified_time\" content=\"2025-06-11T11:10:56+00:00\" \/>\n<meta property=\"og:image\" content=\"https:\/\/dev.frantoiomuraglia.it\/wp-content\/uploads\/2022\/03\/medio_250.jpg\" \/>\n\t<meta property=\"og:image:width\" content=\"2180\" \/>\n\t<meta property=\"og:image:height\" content=\"2294\" \/>\n\t<meta property=\"og:image:type\" content=\"image\/jpeg\" \/>\n<meta name=\"twitter:card\" content=\"summary_large_image\" \/>\n<script type=\"application\/ld+json\" class=\"yoast-schema-graph\">{\"@context\":\"https:\/\/schema.org\",\"@graph\":[{\"@type\":\"WebPage\",\"@id\":\"https:\/\/dev.frantoiomuraglia.it\/fr\/produit\/fruitee-moyenne-250\/\",\"url\":\"https:\/\/dev.frantoiomuraglia.it\/fr\/produit\/fruitee-moyenne-250\/\",\"name\":\"Fruit\u00e9e Moyenne 250 ml - Frantoio Muraglia\",\"isPartOf\":{\"@id\":\"https:\/\/dev.frantoiomuraglia.it\/fr\/#website\"},\"primaryImageOfPage\":{\"@id\":\"https:\/\/dev.frantoiomuraglia.it\/fr\/produit\/fruitee-moyenne-250\/#primaryimage\"},\"image\":{\"@id\":\"https:\/\/dev.frantoiomuraglia.it\/fr\/produit\/fruitee-moyenne-250\/#primaryimage\"},\"thumbnailUrl\":\"https:\/\/dev.frantoiomuraglia.it\/wp-content\/uploads\/2022\/03\/medio_250.jpg\",\"datePublished\":\"2022-05-07T16:50:12+00:00\",\"dateModified\":\"2025-06-11T11:10:56+00:00\",\"description\":\"\\\"Essenza\\\" Fruit\u00e9e Moyenne est une huile d'olive extra vierge produite uniquement \u00e0 partir d'olives des Pouilles de la vari\u00e9t\u00e9 Peranzana.\",\"breadcrumb\":{\"@id\":\"https:\/\/dev.frantoiomuraglia.it\/fr\/produit\/fruitee-moyenne-250\/#breadcrumb\"},\"inLanguage\":\"fr-FR\",\"potentialAction\":[{\"@type\":\"ReadAction\",\"target\":[\"https:\/\/dev.frantoiomuraglia.it\/fr\/produit\/fruitee-moyenne-250\/\"]}]},{\"@type\":\"ImageObject\",\"inLanguage\":\"fr-FR\",\"@id\":\"https:\/\/dev.frantoiomuraglia.it\/fr\/produit\/fruitee-moyenne-250\/#primaryimage\",\"url\":\"https:\/\/dev.frantoiomuraglia.it\/wp-content\/uploads\/2022\/03\/medio_250.jpg\",\"contentUrl\":\"https:\/\/dev.frantoiomuraglia.it\/wp-content\/uploads\/2022\/03\/medio_250.jpg\",\"width\":2180,\"height\":2294},{\"@type\":\"BreadcrumbList\",\"@id\":\"https:\/\/dev.frantoiomuraglia.it\/fr\/produit\/fruitee-moyenne-250\/#breadcrumb\",\"itemListElement\":[{\"@type\":\"ListItem\",\"position\":1,\"name\":\"Home\",\"item\":\"https:\/\/dev.frantoiomuraglia.it\/fr\/\"},{\"@type\":\"ListItem\",\"position\":2,\"name\":\"Boutique\",\"item\":\"https:\/\/dev.frantoiomuraglia.it\/fr\/boutique\/\"},{\"@type\":\"ListItem\",\"position\":3,\"name\":\"Fruit\u00e9e Moyenne 250 ml\"}]},{\"@type\":\"WebSite\",\"@id\":\"https:\/\/dev.frantoiomuraglia.it\/fr\/#website\",\"url\":\"https:\/\/dev.frantoiomuraglia.it\/fr\/\",\"name\":\"Frantoio Muraglia\",\"description\":\"Just another WordPress site\",\"publisher\":{\"@id\":\"https:\/\/dev.frantoiomuraglia.it\/fr\/#organization\"},\"potentialAction\":[{\"@type\":\"SearchAction\",\"target\":{\"@type\":\"EntryPoint\",\"urlTemplate\":\"https:\/\/dev.frantoiomuraglia.it\/fr\/?s={search_term_string}\"},\"query-input\":{\"@type\":\"PropertyValueSpecification\",\"valueRequired\":true,\"valueName\":\"search_term_string\"}}],\"inLanguage\":\"fr-FR\"},{\"@type\":\"Organization\",\"@id\":\"https:\/\/dev.frantoiomuraglia.it\/fr\/#organization\",\"name\":\"Frantoio Muraglia\",\"url\":\"https:\/\/dev.frantoiomuraglia.it\/fr\/\",\"logo\":{\"@type\":\"ImageObject\",\"inLanguage\":\"fr-FR\",\"@id\":\"https:\/\/dev.frantoiomuraglia.it\/fr\/#\/schema\/logo\/image\/\",\"url\":\"https:\/\/www.frantoiomuraglia.it\/wp-content\/uploads\/2022\/06\/Logo-Frantoio-Muraglia-black-email.jpg\",\"contentUrl\":\"https:\/\/www.frantoiomuraglia.it\/wp-content\/uploads\/2022\/06\/Logo-Frantoio-Muraglia-black-email.jpg\",\"width\":326,\"height\":150,\"caption\":\"Frantoio Muraglia\"},\"image\":{\"@id\":\"https:\/\/dev.frantoiomuraglia.it\/fr\/#\/schema\/logo\/image\/\"}}]}<\/script>\n<!-- \/ Yoast SEO plugin. -->","yoast_head_json":{"title":"Fruit\u00e9e Moyenne 250 ml - Frantoio Muraglia","description":"\"Essenza\" Fruit\u00e9e Moyenne est une huile d'olive extra vierge produite uniquement \u00e0 partir d'olives des Pouilles de la vari\u00e9t\u00e9 Peranzana.","robots":{"index":"noindex","follow":"follow","max-snippet":"max-snippet:-1","max-image-preview":"max-image-preview:large","max-video-preview":"max-video-preview:-1"},"og_locale":"fr_FR","og_type":"article","og_title":"Fruit\u00e9e Moyenne 250 ml - Frantoio Muraglia","og_description":"\"Essenza\" Fruit\u00e9e Moyenne est une huile d'olive extra vierge produite uniquement \u00e0 partir d'olives des Pouilles de la vari\u00e9t\u00e9 Peranzana.","og_url":"https:\/\/dev.frantoiomuraglia.it\/fr\/produit\/fruitee-moyenne-250\/","og_site_name":"Frantoio Muraglia","article_modified_time":"2025-06-11T11:10:56+00:00","og_image":[{"width":2180,"height":2294,"url":"https:\/\/dev.frantoiomuraglia.it\/wp-content\/uploads\/2022\/03\/medio_250.jpg","type":"image\/jpeg"}],"twitter_card":"summary_large_image","schema":{"@context":"https:\/\/schema.org","@graph":[{"@type":"WebPage","@id":"https:\/\/dev.frantoiomuraglia.it\/fr\/produit\/fruitee-moyenne-250\/","url":"https:\/\/dev.frantoiomuraglia.it\/fr\/produit\/fruitee-moyenne-250\/","name":"Fruit\u00e9e Moyenne 250 ml - Frantoio Muraglia","isPartOf":{"@id":"https:\/\/dev.frantoiomuraglia.it\/fr\/#website"},"primaryImageOfPage":{"@id":"https:\/\/dev.frantoiomuraglia.it\/fr\/produit\/fruitee-moyenne-250\/#primaryimage"},"image":{"@id":"https:\/\/dev.frantoiomuraglia.it\/fr\/produit\/fruitee-moyenne-250\/#primaryimage"},"thumbnailUrl":"https:\/\/dev.frantoiomuraglia.it\/wp-content\/uploads\/2022\/03\/medio_250.jpg","datePublished":"2022-05-07T16:50:12+00:00","dateModified":"2025-06-11T11:10:56+00:00","description":"\"Essenza\" Fruit\u00e9e Moyenne est une huile d'olive extra vierge produite uniquement \u00e0 partir d'olives des Pouilles de la vari\u00e9t\u00e9 Peranzana.","breadcrumb":{"@id":"https:\/\/dev.frantoiomuraglia.it\/fr\/produit\/fruitee-moyenne-250\/#breadcrumb"},"inLanguage":"fr-FR","potentialAction":[{"@type":"ReadAction","target":["https:\/\/dev.frantoiomuraglia.it\/fr\/produit\/fruitee-moyenne-250\/"]}]},{"@type":"ImageObject","inLanguage":"fr-FR","@id":"https:\/\/dev.frantoiomuraglia.it\/fr\/produit\/fruitee-moyenne-250\/#primaryimage","url":"https:\/\/dev.frantoiomuraglia.it\/wp-content\/uploads\/2022\/03\/medio_250.jpg","contentUrl":"https:\/\/dev.frantoiomuraglia.it\/wp-content\/uploads\/2022\/03\/medio_250.jpg","width":2180,"height":2294},{"@type":"BreadcrumbList","@id":"https:\/\/dev.frantoiomuraglia.it\/fr\/produit\/fruitee-moyenne-250\/#breadcrumb","itemListElement":[{"@type":"ListItem","position":1,"name":"Home","item":"https:\/\/dev.frantoiomuraglia.it\/fr\/"},{"@type":"ListItem","position":2,"name":"Boutique","item":"https:\/\/dev.frantoiomuraglia.it\/fr\/boutique\/"},{"@type":"ListItem","position":3,"name":"Fruit\u00e9e Moyenne 250 ml"}]},{"@type":"WebSite","@id":"https:\/\/dev.frantoiomuraglia.it\/fr\/#website","url":"https:\/\/dev.frantoiomuraglia.it\/fr\/","name":"Frantoio Muraglia","description":"Just another WordPress site","publisher":{"@id":"https:\/\/dev.frantoiomuraglia.it\/fr\/#organization"},"potentialAction":[{"@type":"SearchAction","target":{"@type":"EntryPoint","urlTemplate":"https:\/\/dev.frantoiomuraglia.it\/fr\/?s={search_term_string}"},"query-input":{"@type":"PropertyValueSpecification","valueRequired":true,"valueName":"search_term_string"}}],"inLanguage":"fr-FR"},{"@type":"Organization","@id":"https:\/\/dev.frantoiomuraglia.it\/fr\/#organization","name":"Frantoio Muraglia","url":"https:\/\/dev.frantoiomuraglia.it\/fr\/","logo":{"@type":"ImageObject","inLanguage":"fr-FR","@id":"https:\/\/dev.frantoiomuraglia.it\/fr\/#\/schema\/logo\/image\/","url":"https:\/\/www.frantoiomuraglia.it\/wp-content\/uploads\/2022\/06\/Logo-Frantoio-Muraglia-black-email.jpg","contentUrl":"https:\/\/www.frantoiomuraglia.it\/wp-content\/uploads\/2022\/06\/Logo-Frantoio-Muraglia-black-email.jpg","width":326,"height":150,"caption":"Frantoio Muraglia"},"image":{"@id":"https:\/\/dev.frantoiomuraglia.it\/fr\/#\/schema\/logo\/image\/"}}]}},"_links":{"self":[{"href":"https:\/\/dev.frantoiomuraglia.it\/fr\/wp-json\/wp\/v2\/product\/6703","targetHints":{"allow":["GET"]}}],"collection":[{"href":"https:\/\/dev.frantoiomuraglia.it\/fr\/wp-json\/wp\/v2\/product"}],"about":[{"href":"https:\/\/dev.frantoiomuraglia.it\/fr\/wp-json\/wp\/v2\/types\/product"}],"wp:featuredmedia":[{"embeddable":true,"href":"https:\/\/dev.frantoiomuraglia.it\/fr\/wp-json\/wp\/v2\/media\/33350"}],"wp:attachment":[{"href":"https:\/\/dev.frantoiomuraglia.it\/fr\/wp-json\/wp\/v2\/media?parent=6703"}],"wp:term":[{"taxonomy":"product_cat","embeddable":true,"href":"https:\/\/dev.frantoiomuraglia.it\/fr\/wp-json\/wp\/v2\/product_cat?post=6703"},{"taxonomy":"product_tag","embeddable":true,"href":"https:\/\/dev.frantoiomuraglia.it\/fr\/wp-json\/wp\/v2\/product_tag?post=6703"}],"curies":[{"name":"wp","href":"https:\/\/api.w.org\/{rel}","templated":true}]}}