{"id":6611,"date":"2022-03-24T13:53:20","date_gmt":"2022-05-05T17:56:16","guid":{"rendered":"https:\/\/dev.frantoiomuraglia.it\/product\/coolors-rose-gold\/"},"modified":"2025-06-26T16:14:29","modified_gmt":"2025-06-26T14:14:29","slug":"coolors-gold-2","status":"publish","type":"product","link":"https:\/\/dev.frantoiomuraglia.it\/fr\/produit\/coolors-gold-2\/","title":{"rendered":"Coolors Ros\u00e8 Gold"},"content":{"rendered":"<p>Inspir\u00e9e par l&rsquo;univers de la mode, dans un verre raffin\u00e9 et l\u00e9ger et des couleurs froides, la collection COOLors, c&rsquo;est l&rsquo;\u00e9l\u00e9gance \u00e0 table. Les bouteilles d&rsquo;huile COOLors sont n\u00e9es d&rsquo;une \u00e9volution qui ne remplace pas les jarres en terre cuite. Il s&rsquo;agit d&rsquo;une collection en verre inspir\u00e9e du monde de la mode, compos\u00e9e de bouteilles d&rsquo;huile en verre raffin\u00e9es et l\u00e9g\u00e8res, v\u00e9ritable d\u00e9fil\u00e9 de go\u00fbt et de couleur.<\/p>\n<p>Les flacons d&rsquo;huile sont disponibles en format 500ml dans les variantes Fruit\u00e9e Intense et Fruit\u00e9e Moyenne et dans les couleurs Ros\u00e8 Gold, Titane et Rouge.<\/p>\n<p>Tout les conseils d\u2019utilisation en \u201cCulture de l\u2019huile\u201d.<\/p>\n","protected":false},"excerpt":{"rendered":"<p>COOLORS GOLD<\/p>\n","protected":false},"featured_media":5076,"template":"","meta":{"_acf_changed":false},"product_cat":[169,155,135,378,431],"product_tag":[309,285,313,370,140],"class_list":{"0":"post-6611","1":"product","2":"type-product","3":"status-publish","4":"has-post-thumbnail","6":"product_cat-bouteilles","7":"product_cat-upsell_astuccio_orcio-fr","8":"product_cat-upsell_shopper-fr","9":"product_cat-coolors-fr","10":"product_cat-journee-speciale","11":"product_tag-intense-variant-fr","12":"product_tag-jars-fr-2","13":"product_tag-medium-variant-fr","14":"product_tag-tpl_jars-fr","15":"product_tag-upsell_shopper-fr","17":"first","18":"instock","19":"taxable","20":"shipping-taxable","21":"purchasable","22":"product-type-variable"},"acf":[],"yoast_head":"<!-- This site is optimized with the Yoast SEO plugin v26.8 - https:\/\/yoast.com\/product\/yoast-seo-wordpress\/ -->\n<title>Coolors Ros\u00e8 Gold - Frantoio Muraglia<\/title>\n<meta name=\"description\" content=\"Inspir\u00e9e du monde de la mode, en verre raffin\u00e9 et l\u00e9ger et en couleurs froides, la collection Coolors est l&#039;\u00e9l\u00e9gance \u00e0 table.\" \/>\n<meta name=\"robots\" content=\"noindex, follow, max-snippet:-1, max-image-preview:large, max-video-preview:-1\" \/>\n<meta property=\"og:locale\" content=\"fr_FR\" \/>\n<meta property=\"og:type\" content=\"article\" \/>\n<meta property=\"og:title\" content=\"Coolors Ros\u00e8 Gold - Frantoio Muraglia\" \/>\n<meta property=\"og:description\" content=\"Inspir\u00e9e du monde de la mode, en verre raffin\u00e9 et l\u00e9ger et en couleurs froides, la collection Coolors est l&#039;\u00e9l\u00e9gance \u00e0 table.\" \/>\n<meta property=\"og:url\" content=\"https:\/\/dev.frantoiomuraglia.it\/fr\/produit\/coolors-gold-2\/\" \/>\n<meta property=\"og:site_name\" content=\"Frantoio Muraglia\" \/>\n<meta property=\"article:modified_time\" content=\"2025-06-26T14:14:29+00:00\" \/>\n<meta property=\"og:image\" content=\"https:\/\/dev.frantoiomuraglia.it\/wp-content\/uploads\/2022\/03\/Coolors-Rose-Gold-3.jph-.jpg\" \/>\n\t<meta property=\"og:image:width\" content=\"2180\" \/>\n\t<meta property=\"og:image:height\" content=\"2294\" \/>\n\t<meta property=\"og:image:type\" content=\"image\/jpeg\" \/>\n<meta name=\"twitter:card\" content=\"summary_large_image\" \/>\n<script type=\"application\/ld+json\" class=\"yoast-schema-graph\">{\"@context\":\"https:\/\/schema.org\",\"@graph\":[{\"@type\":\"WebPage\",\"@id\":\"https:\/\/dev.frantoiomuraglia.it\/fr\/produit\/coolors-gold-2\/\",\"url\":\"https:\/\/dev.frantoiomuraglia.it\/fr\/produit\/coolors-gold-2\/\",\"name\":\"Coolors Ros\u00e8 Gold - Frantoio Muraglia\",\"isPartOf\":{\"@id\":\"https:\/\/dev.frantoiomuraglia.it\/fr\/#website\"},\"primaryImageOfPage\":{\"@id\":\"https:\/\/dev.frantoiomuraglia.it\/fr\/produit\/coolors-gold-2\/#primaryimage\"},\"image\":{\"@id\":\"https:\/\/dev.frantoiomuraglia.it\/fr\/produit\/coolors-gold-2\/#primaryimage\"},\"thumbnailUrl\":\"https:\/\/dev.frantoiomuraglia.it\/wp-content\/uploads\/2022\/03\/Coolors-Rose-Gold-3.jph-.jpg\",\"datePublished\":\"2022-05-05T17:56:16+00:00\",\"dateModified\":\"2025-06-26T14:14:29+00:00\",\"description\":\"Inspir\u00e9e du monde de la mode, en verre raffin\u00e9 et l\u00e9ger et en couleurs froides, la collection Coolors est l'\u00e9l\u00e9gance \u00e0 table.\",\"breadcrumb\":{\"@id\":\"https:\/\/dev.frantoiomuraglia.it\/fr\/produit\/coolors-gold-2\/#breadcrumb\"},\"inLanguage\":\"fr-FR\",\"potentialAction\":[{\"@type\":\"ReadAction\",\"target\":[\"https:\/\/dev.frantoiomuraglia.it\/fr\/produit\/coolors-gold-2\/\"]}]},{\"@type\":\"ImageObject\",\"inLanguage\":\"fr-FR\",\"@id\":\"https:\/\/dev.frantoiomuraglia.it\/fr\/produit\/coolors-gold-2\/#primaryimage\",\"url\":\"https:\/\/dev.frantoiomuraglia.it\/wp-content\/uploads\/2022\/03\/Coolors-Rose-Gold-3.jph-.jpg\",\"contentUrl\":\"https:\/\/dev.frantoiomuraglia.it\/wp-content\/uploads\/2022\/03\/Coolors-Rose-Gold-3.jph-.jpg\",\"width\":2180,\"height\":2294},{\"@type\":\"BreadcrumbList\",\"@id\":\"https:\/\/dev.frantoiomuraglia.it\/fr\/produit\/coolors-gold-2\/#breadcrumb\",\"itemListElement\":[{\"@type\":\"ListItem\",\"position\":1,\"name\":\"Home\",\"item\":\"https:\/\/dev.frantoiomuraglia.it\/fr\/\"},{\"@type\":\"ListItem\",\"position\":2,\"name\":\"Boutique\",\"item\":\"https:\/\/dev.frantoiomuraglia.it\/fr\/boutique\/\"},{\"@type\":\"ListItem\",\"position\":3,\"name\":\"Coolors Ros\u00e8 Gold\"}]},{\"@type\":\"WebSite\",\"@id\":\"https:\/\/dev.frantoiomuraglia.it\/fr\/#website\",\"url\":\"https:\/\/dev.frantoiomuraglia.it\/fr\/\",\"name\":\"Frantoio Muraglia\",\"description\":\"Just another WordPress site\",\"publisher\":{\"@id\":\"https:\/\/dev.frantoiomuraglia.it\/fr\/#organization\"},\"potentialAction\":[{\"@type\":\"SearchAction\",\"target\":{\"@type\":\"EntryPoint\",\"urlTemplate\":\"https:\/\/dev.frantoiomuraglia.it\/fr\/?s={search_term_string}\"},\"query-input\":{\"@type\":\"PropertyValueSpecification\",\"valueRequired\":true,\"valueName\":\"search_term_string\"}}],\"inLanguage\":\"fr-FR\"},{\"@type\":\"Organization\",\"@id\":\"https:\/\/dev.frantoiomuraglia.it\/fr\/#organization\",\"name\":\"Frantoio Muraglia\",\"url\":\"https:\/\/dev.frantoiomuraglia.it\/fr\/\",\"logo\":{\"@type\":\"ImageObject\",\"inLanguage\":\"fr-FR\",\"@id\":\"https:\/\/dev.frantoiomuraglia.it\/fr\/#\/schema\/logo\/image\/\",\"url\":\"https:\/\/www.frantoiomuraglia.it\/wp-content\/uploads\/2022\/06\/Logo-Frantoio-Muraglia-black-email.jpg\",\"contentUrl\":\"https:\/\/www.frantoiomuraglia.it\/wp-content\/uploads\/2022\/06\/Logo-Frantoio-Muraglia-black-email.jpg\",\"width\":326,\"height\":150,\"caption\":\"Frantoio Muraglia\"},\"image\":{\"@id\":\"https:\/\/dev.frantoiomuraglia.it\/fr\/#\/schema\/logo\/image\/\"}}]}<\/script>\n<!-- \/ Yoast SEO plugin. -->","yoast_head_json":{"title":"Coolors Ros\u00e8 Gold - Frantoio Muraglia","description":"Inspir\u00e9e du monde de la mode, en verre raffin\u00e9 et l\u00e9ger et en couleurs froides, la collection Coolors est l'\u00e9l\u00e9gance \u00e0 table.","robots":{"index":"noindex","follow":"follow","max-snippet":"max-snippet:-1","max-image-preview":"max-image-preview:large","max-video-preview":"max-video-preview:-1"},"og_locale":"fr_FR","og_type":"article","og_title":"Coolors Ros\u00e8 Gold - Frantoio Muraglia","og_description":"Inspir\u00e9e du monde de la mode, en verre raffin\u00e9 et l\u00e9ger et en couleurs froides, la collection Coolors est l'\u00e9l\u00e9gance \u00e0 table.","og_url":"https:\/\/dev.frantoiomuraglia.it\/fr\/produit\/coolors-gold-2\/","og_site_name":"Frantoio Muraglia","article_modified_time":"2025-06-26T14:14:29+00:00","og_image":[{"width":2180,"height":2294,"url":"https:\/\/dev.frantoiomuraglia.it\/wp-content\/uploads\/2022\/03\/Coolors-Rose-Gold-3.jph-.jpg","type":"image\/jpeg"}],"twitter_card":"summary_large_image","schema":{"@context":"https:\/\/schema.org","@graph":[{"@type":"WebPage","@id":"https:\/\/dev.frantoiomuraglia.it\/fr\/produit\/coolors-gold-2\/","url":"https:\/\/dev.frantoiomuraglia.it\/fr\/produit\/coolors-gold-2\/","name":"Coolors Ros\u00e8 Gold - Frantoio Muraglia","isPartOf":{"@id":"https:\/\/dev.frantoiomuraglia.it\/fr\/#website"},"primaryImageOfPage":{"@id":"https:\/\/dev.frantoiomuraglia.it\/fr\/produit\/coolors-gold-2\/#primaryimage"},"image":{"@id":"https:\/\/dev.frantoiomuraglia.it\/fr\/produit\/coolors-gold-2\/#primaryimage"},"thumbnailUrl":"https:\/\/dev.frantoiomuraglia.it\/wp-content\/uploads\/2022\/03\/Coolors-Rose-Gold-3.jph-.jpg","datePublished":"2022-05-05T17:56:16+00:00","dateModified":"2025-06-26T14:14:29+00:00","description":"Inspir\u00e9e du monde de la mode, en verre raffin\u00e9 et l\u00e9ger et en couleurs froides, la collection Coolors est l'\u00e9l\u00e9gance \u00e0 table.","breadcrumb":{"@id":"https:\/\/dev.frantoiomuraglia.it\/fr\/produit\/coolors-gold-2\/#breadcrumb"},"inLanguage":"fr-FR","potentialAction":[{"@type":"ReadAction","target":["https:\/\/dev.frantoiomuraglia.it\/fr\/produit\/coolors-gold-2\/"]}]},{"@type":"ImageObject","inLanguage":"fr-FR","@id":"https:\/\/dev.frantoiomuraglia.it\/fr\/produit\/coolors-gold-2\/#primaryimage","url":"https:\/\/dev.frantoiomuraglia.it\/wp-content\/uploads\/2022\/03\/Coolors-Rose-Gold-3.jph-.jpg","contentUrl":"https:\/\/dev.frantoiomuraglia.it\/wp-content\/uploads\/2022\/03\/Coolors-Rose-Gold-3.jph-.jpg","width":2180,"height":2294},{"@type":"BreadcrumbList","@id":"https:\/\/dev.frantoiomuraglia.it\/fr\/produit\/coolors-gold-2\/#breadcrumb","itemListElement":[{"@type":"ListItem","position":1,"name":"Home","item":"https:\/\/dev.frantoiomuraglia.it\/fr\/"},{"@type":"ListItem","position":2,"name":"Boutique","item":"https:\/\/dev.frantoiomuraglia.it\/fr\/boutique\/"},{"@type":"ListItem","position":3,"name":"Coolors Ros\u00e8 Gold"}]},{"@type":"WebSite","@id":"https:\/\/dev.frantoiomuraglia.it\/fr\/#website","url":"https:\/\/dev.frantoiomuraglia.it\/fr\/","name":"Frantoio Muraglia","description":"Just another WordPress site","publisher":{"@id":"https:\/\/dev.frantoiomuraglia.it\/fr\/#organization"},"potentialAction":[{"@type":"SearchAction","target":{"@type":"EntryPoint","urlTemplate":"https:\/\/dev.frantoiomuraglia.it\/fr\/?s={search_term_string}"},"query-input":{"@type":"PropertyValueSpecification","valueRequired":true,"valueName":"search_term_string"}}],"inLanguage":"fr-FR"},{"@type":"Organization","@id":"https:\/\/dev.frantoiomuraglia.it\/fr\/#organization","name":"Frantoio Muraglia","url":"https:\/\/dev.frantoiomuraglia.it\/fr\/","logo":{"@type":"ImageObject","inLanguage":"fr-FR","@id":"https:\/\/dev.frantoiomuraglia.it\/fr\/#\/schema\/logo\/image\/","url":"https:\/\/www.frantoiomuraglia.it\/wp-content\/uploads\/2022\/06\/Logo-Frantoio-Muraglia-black-email.jpg","contentUrl":"https:\/\/www.frantoiomuraglia.it\/wp-content\/uploads\/2022\/06\/Logo-Frantoio-Muraglia-black-email.jpg","width":326,"height":150,"caption":"Frantoio Muraglia"},"image":{"@id":"https:\/\/dev.frantoiomuraglia.it\/fr\/#\/schema\/logo\/image\/"}}]}},"_links":{"self":[{"href":"https:\/\/dev.frantoiomuraglia.it\/fr\/wp-json\/wp\/v2\/product\/6611","targetHints":{"allow":["GET"]}}],"collection":[{"href":"https:\/\/dev.frantoiomuraglia.it\/fr\/wp-json\/wp\/v2\/product"}],"about":[{"href":"https:\/\/dev.frantoiomuraglia.it\/fr\/wp-json\/wp\/v2\/types\/product"}],"wp:featuredmedia":[{"embeddable":true,"href":"https:\/\/dev.frantoiomuraglia.it\/fr\/wp-json\/wp\/v2\/media\/5076"}],"wp:attachment":[{"href":"https:\/\/dev.frantoiomuraglia.it\/fr\/wp-json\/wp\/v2\/media?parent=6611"}],"wp:term":[{"taxonomy":"product_cat","embeddable":true,"href":"https:\/\/dev.frantoiomuraglia.it\/fr\/wp-json\/wp\/v2\/product_cat?post=6611"},{"taxonomy":"product_tag","embeddable":true,"href":"https:\/\/dev.frantoiomuraglia.it\/fr\/wp-json\/wp\/v2\/product_tag?post=6611"}],"curies":[{"name":"wp","href":"https:\/\/api.w.org\/{rel}","templated":true}]}}