{"id":6602,"date":"2022-03-24T13:54:49","date_gmt":"2022-05-05T17:21:30","guid":{"rendered":"https:\/\/dev.frantoiomuraglia.it\/product\/jarre-en-ceramique-pois\/"},"modified":"2025-02-14T10:56:26","modified_gmt":"2025-02-14T08:56:26","slug":"jarre-en-ceramique-pois","status":"publish","type":"product","link":"https:\/\/dev.frantoiomuraglia.it\/fr\/produit\/jarre-en-ceramique-pois\/","title":{"rendered":"Jarre en c\u00e9ramique pois"},"content":{"rendered":"<p>Synth\u00e8se de design et de tradition, elle pr\u00e9serve le parfum des olives fra\u00eechement press\u00e9es. Jarre en c\u00e9ramique r\u00e9alis\u00e9e \u00e0 la main par nos artisans des Pouilles, con\u00e7ue et color\u00e9e avec des pois extr\u00eamement originaux.<\/p>\n","protected":false},"excerpt":{"rendered":"<p>JARRE POIS<\/p>\n","protected":false},"featured_media":5911,"template":"","meta":{"_acf_changed":false},"product_cat":[134,155,135,354],"product_tag":[309,285,313,370,140],"class_list":{"0":"post-6602","1":"product","2":"type-product","3":"status-publish","4":"has-post-thumbnail","6":"product_cat-jarres","7":"product_cat-upsell_astuccio_orcio-fr","8":"product_cat-upsell_shopper-fr","9":"product_cat-jarre-collection","10":"product_tag-intense-variant-fr","11":"product_tag-jars-fr-2","12":"product_tag-medium-variant-fr","13":"product_tag-tpl_jars-fr","14":"product_tag-upsell_shopper-fr","16":"first","17":"instock","18":"taxable","19":"shipping-taxable","20":"purchasable","21":"product-type-variable"},"acf":[],"yoast_head":"<!-- This site is optimized with the Yoast SEO plugin v26.8 - https:\/\/yoast.com\/product\/yoast-seo-wordpress\/ -->\n<title>Jarre en c\u00e9ramique pois - Frantoio Muraglia<\/title>\n<meta name=\"description\" content=\"Synth\u00e8se de design et de tradition, elle pr\u00e9serve le parfum des olives fra\u00eechement press\u00e9es. R\u00e9alis\u00e9s \u00e0 la main par nos artisans des Pouilles. Con\u00e7u et color\u00e9.\" \/>\n<meta name=\"robots\" content=\"noindex, follow, max-snippet:-1, max-image-preview:large, max-video-preview:-1\" \/>\n<meta property=\"og:locale\" content=\"fr_FR\" \/>\n<meta property=\"og:type\" content=\"article\" \/>\n<meta property=\"og:title\" content=\"Jarre en c\u00e9ramique pois - Frantoio Muraglia\" \/>\n<meta property=\"og:description\" content=\"Synth\u00e8se de design et de tradition, elle pr\u00e9serve le parfum des olives fra\u00eechement press\u00e9es. R\u00e9alis\u00e9s \u00e0 la main par nos artisans des Pouilles. Con\u00e7u et color\u00e9.\" \/>\n<meta property=\"og:url\" content=\"https:\/\/dev.frantoiomuraglia.it\/fr\/produit\/jarre-en-ceramique-pois\/\" \/>\n<meta property=\"og:site_name\" content=\"Frantoio Muraglia\" \/>\n<meta property=\"article:modified_time\" content=\"2025-02-14T08:56:26+00:00\" \/>\n<meta property=\"og:image\" content=\"https:\/\/dev.frantoiomuraglia.it\/wp-content\/uploads\/2022\/03\/Orcio-in-ceramica-pois-3-1.jpg\" \/>\n\t<meta property=\"og:image:width\" content=\"2180\" \/>\n\t<meta property=\"og:image:height\" content=\"2294\" \/>\n\t<meta property=\"og:image:type\" content=\"image\/jpeg\" \/>\n<meta name=\"twitter:card\" content=\"summary_large_image\" \/>\n<script type=\"application\/ld+json\" class=\"yoast-schema-graph\">{\"@context\":\"https:\/\/schema.org\",\"@graph\":[{\"@type\":\"WebPage\",\"@id\":\"https:\/\/dev.frantoiomuraglia.it\/fr\/produit\/jarre-en-ceramique-pois\/\",\"url\":\"https:\/\/dev.frantoiomuraglia.it\/fr\/produit\/jarre-en-ceramique-pois\/\",\"name\":\"Jarre en c\u00e9ramique pois - Frantoio Muraglia\",\"isPartOf\":{\"@id\":\"https:\/\/dev.frantoiomuraglia.it\/fr\/#website\"},\"primaryImageOfPage\":{\"@id\":\"https:\/\/dev.frantoiomuraglia.it\/fr\/produit\/jarre-en-ceramique-pois\/#primaryimage\"},\"image\":{\"@id\":\"https:\/\/dev.frantoiomuraglia.it\/fr\/produit\/jarre-en-ceramique-pois\/#primaryimage\"},\"thumbnailUrl\":\"https:\/\/dev.frantoiomuraglia.it\/wp-content\/uploads\/2022\/03\/Orcio-in-ceramica-pois-3-1.jpg\",\"datePublished\":\"2022-05-05T17:21:30+00:00\",\"dateModified\":\"2025-02-14T08:56:26+00:00\",\"description\":\"Synth\u00e8se de design et de tradition, elle pr\u00e9serve le parfum des olives fra\u00eechement press\u00e9es. R\u00e9alis\u00e9s \u00e0 la main par nos artisans des Pouilles. Con\u00e7u et color\u00e9.\",\"breadcrumb\":{\"@id\":\"https:\/\/dev.frantoiomuraglia.it\/fr\/produit\/jarre-en-ceramique-pois\/#breadcrumb\"},\"inLanguage\":\"fr-FR\",\"potentialAction\":[{\"@type\":\"ReadAction\",\"target\":[\"https:\/\/dev.frantoiomuraglia.it\/fr\/produit\/jarre-en-ceramique-pois\/\"]}]},{\"@type\":\"ImageObject\",\"inLanguage\":\"fr-FR\",\"@id\":\"https:\/\/dev.frantoiomuraglia.it\/fr\/produit\/jarre-en-ceramique-pois\/#primaryimage\",\"url\":\"https:\/\/dev.frantoiomuraglia.it\/wp-content\/uploads\/2022\/03\/Orcio-in-ceramica-pois-3-1.jpg\",\"contentUrl\":\"https:\/\/dev.frantoiomuraglia.it\/wp-content\/uploads\/2022\/03\/Orcio-in-ceramica-pois-3-1.jpg\",\"width\":2180,\"height\":2294},{\"@type\":\"BreadcrumbList\",\"@id\":\"https:\/\/dev.frantoiomuraglia.it\/fr\/produit\/jarre-en-ceramique-pois\/#breadcrumb\",\"itemListElement\":[{\"@type\":\"ListItem\",\"position\":1,\"name\":\"Home\",\"item\":\"https:\/\/dev.frantoiomuraglia.it\/fr\/\"},{\"@type\":\"ListItem\",\"position\":2,\"name\":\"Boutique\",\"item\":\"https:\/\/dev.frantoiomuraglia.it\/fr\/boutique\/\"},{\"@type\":\"ListItem\",\"position\":3,\"name\":\"Jarre en c\u00e9ramique pois\"}]},{\"@type\":\"WebSite\",\"@id\":\"https:\/\/dev.frantoiomuraglia.it\/fr\/#website\",\"url\":\"https:\/\/dev.frantoiomuraglia.it\/fr\/\",\"name\":\"Frantoio Muraglia\",\"description\":\"Just another WordPress site\",\"publisher\":{\"@id\":\"https:\/\/dev.frantoiomuraglia.it\/fr\/#organization\"},\"potentialAction\":[{\"@type\":\"SearchAction\",\"target\":{\"@type\":\"EntryPoint\",\"urlTemplate\":\"https:\/\/dev.frantoiomuraglia.it\/fr\/?s={search_term_string}\"},\"query-input\":{\"@type\":\"PropertyValueSpecification\",\"valueRequired\":true,\"valueName\":\"search_term_string\"}}],\"inLanguage\":\"fr-FR\"},{\"@type\":\"Organization\",\"@id\":\"https:\/\/dev.frantoiomuraglia.it\/fr\/#organization\",\"name\":\"Frantoio Muraglia\",\"url\":\"https:\/\/dev.frantoiomuraglia.it\/fr\/\",\"logo\":{\"@type\":\"ImageObject\",\"inLanguage\":\"fr-FR\",\"@id\":\"https:\/\/dev.frantoiomuraglia.it\/fr\/#\/schema\/logo\/image\/\",\"url\":\"https:\/\/www.frantoiomuraglia.it\/wp-content\/uploads\/2022\/06\/Logo-Frantoio-Muraglia-black-email.jpg\",\"contentUrl\":\"https:\/\/www.frantoiomuraglia.it\/wp-content\/uploads\/2022\/06\/Logo-Frantoio-Muraglia-black-email.jpg\",\"width\":326,\"height\":150,\"caption\":\"Frantoio Muraglia\"},\"image\":{\"@id\":\"https:\/\/dev.frantoiomuraglia.it\/fr\/#\/schema\/logo\/image\/\"}}]}<\/script>\n<!-- \/ Yoast SEO plugin. -->","yoast_head_json":{"title":"Jarre en c\u00e9ramique pois - Frantoio Muraglia","description":"Synth\u00e8se de design et de tradition, elle pr\u00e9serve le parfum des olives fra\u00eechement press\u00e9es. R\u00e9alis\u00e9s \u00e0 la main par nos artisans des Pouilles. Con\u00e7u et color\u00e9.","robots":{"index":"noindex","follow":"follow","max-snippet":"max-snippet:-1","max-image-preview":"max-image-preview:large","max-video-preview":"max-video-preview:-1"},"og_locale":"fr_FR","og_type":"article","og_title":"Jarre en c\u00e9ramique pois - Frantoio Muraglia","og_description":"Synth\u00e8se de design et de tradition, elle pr\u00e9serve le parfum des olives fra\u00eechement press\u00e9es. R\u00e9alis\u00e9s \u00e0 la main par nos artisans des Pouilles. Con\u00e7u et color\u00e9.","og_url":"https:\/\/dev.frantoiomuraglia.it\/fr\/produit\/jarre-en-ceramique-pois\/","og_site_name":"Frantoio Muraglia","article_modified_time":"2025-02-14T08:56:26+00:00","og_image":[{"width":2180,"height":2294,"url":"https:\/\/dev.frantoiomuraglia.it\/wp-content\/uploads\/2022\/03\/Orcio-in-ceramica-pois-3-1.jpg","type":"image\/jpeg"}],"twitter_card":"summary_large_image","schema":{"@context":"https:\/\/schema.org","@graph":[{"@type":"WebPage","@id":"https:\/\/dev.frantoiomuraglia.it\/fr\/produit\/jarre-en-ceramique-pois\/","url":"https:\/\/dev.frantoiomuraglia.it\/fr\/produit\/jarre-en-ceramique-pois\/","name":"Jarre en c\u00e9ramique pois - Frantoio Muraglia","isPartOf":{"@id":"https:\/\/dev.frantoiomuraglia.it\/fr\/#website"},"primaryImageOfPage":{"@id":"https:\/\/dev.frantoiomuraglia.it\/fr\/produit\/jarre-en-ceramique-pois\/#primaryimage"},"image":{"@id":"https:\/\/dev.frantoiomuraglia.it\/fr\/produit\/jarre-en-ceramique-pois\/#primaryimage"},"thumbnailUrl":"https:\/\/dev.frantoiomuraglia.it\/wp-content\/uploads\/2022\/03\/Orcio-in-ceramica-pois-3-1.jpg","datePublished":"2022-05-05T17:21:30+00:00","dateModified":"2025-02-14T08:56:26+00:00","description":"Synth\u00e8se de design et de tradition, elle pr\u00e9serve le parfum des olives fra\u00eechement press\u00e9es. R\u00e9alis\u00e9s \u00e0 la main par nos artisans des Pouilles. Con\u00e7u et color\u00e9.","breadcrumb":{"@id":"https:\/\/dev.frantoiomuraglia.it\/fr\/produit\/jarre-en-ceramique-pois\/#breadcrumb"},"inLanguage":"fr-FR","potentialAction":[{"@type":"ReadAction","target":["https:\/\/dev.frantoiomuraglia.it\/fr\/produit\/jarre-en-ceramique-pois\/"]}]},{"@type":"ImageObject","inLanguage":"fr-FR","@id":"https:\/\/dev.frantoiomuraglia.it\/fr\/produit\/jarre-en-ceramique-pois\/#primaryimage","url":"https:\/\/dev.frantoiomuraglia.it\/wp-content\/uploads\/2022\/03\/Orcio-in-ceramica-pois-3-1.jpg","contentUrl":"https:\/\/dev.frantoiomuraglia.it\/wp-content\/uploads\/2022\/03\/Orcio-in-ceramica-pois-3-1.jpg","width":2180,"height":2294},{"@type":"BreadcrumbList","@id":"https:\/\/dev.frantoiomuraglia.it\/fr\/produit\/jarre-en-ceramique-pois\/#breadcrumb","itemListElement":[{"@type":"ListItem","position":1,"name":"Home","item":"https:\/\/dev.frantoiomuraglia.it\/fr\/"},{"@type":"ListItem","position":2,"name":"Boutique","item":"https:\/\/dev.frantoiomuraglia.it\/fr\/boutique\/"},{"@type":"ListItem","position":3,"name":"Jarre en c\u00e9ramique pois"}]},{"@type":"WebSite","@id":"https:\/\/dev.frantoiomuraglia.it\/fr\/#website","url":"https:\/\/dev.frantoiomuraglia.it\/fr\/","name":"Frantoio Muraglia","description":"Just another WordPress site","publisher":{"@id":"https:\/\/dev.frantoiomuraglia.it\/fr\/#organization"},"potentialAction":[{"@type":"SearchAction","target":{"@type":"EntryPoint","urlTemplate":"https:\/\/dev.frantoiomuraglia.it\/fr\/?s={search_term_string}"},"query-input":{"@type":"PropertyValueSpecification","valueRequired":true,"valueName":"search_term_string"}}],"inLanguage":"fr-FR"},{"@type":"Organization","@id":"https:\/\/dev.frantoiomuraglia.it\/fr\/#organization","name":"Frantoio Muraglia","url":"https:\/\/dev.frantoiomuraglia.it\/fr\/","logo":{"@type":"ImageObject","inLanguage":"fr-FR","@id":"https:\/\/dev.frantoiomuraglia.it\/fr\/#\/schema\/logo\/image\/","url":"https:\/\/www.frantoiomuraglia.it\/wp-content\/uploads\/2022\/06\/Logo-Frantoio-Muraglia-black-email.jpg","contentUrl":"https:\/\/www.frantoiomuraglia.it\/wp-content\/uploads\/2022\/06\/Logo-Frantoio-Muraglia-black-email.jpg","width":326,"height":150,"caption":"Frantoio Muraglia"},"image":{"@id":"https:\/\/dev.frantoiomuraglia.it\/fr\/#\/schema\/logo\/image\/"}}]}},"_links":{"self":[{"href":"https:\/\/dev.frantoiomuraglia.it\/fr\/wp-json\/wp\/v2\/product\/6602","targetHints":{"allow":["GET"]}}],"collection":[{"href":"https:\/\/dev.frantoiomuraglia.it\/fr\/wp-json\/wp\/v2\/product"}],"about":[{"href":"https:\/\/dev.frantoiomuraglia.it\/fr\/wp-json\/wp\/v2\/types\/product"}],"wp:featuredmedia":[{"embeddable":true,"href":"https:\/\/dev.frantoiomuraglia.it\/fr\/wp-json\/wp\/v2\/media\/5911"}],"wp:attachment":[{"href":"https:\/\/dev.frantoiomuraglia.it\/fr\/wp-json\/wp\/v2\/media?parent=6602"}],"wp:term":[{"taxonomy":"product_cat","embeddable":true,"href":"https:\/\/dev.frantoiomuraglia.it\/fr\/wp-json\/wp\/v2\/product_cat?post=6602"},{"taxonomy":"product_tag","embeddable":true,"href":"https:\/\/dev.frantoiomuraglia.it\/fr\/wp-json\/wp\/v2\/product_tag?post=6602"}],"curies":[{"name":"wp","href":"https:\/\/api.w.org\/{rel}","templated":true}]}}