{"id":6551,"date":"2022-03-24T13:59:01","date_gmt":"2022-05-05T15:05:52","guid":{"rendered":"https:\/\/dev.frantoiomuraglia.it\/product\/jarre-en-ceramique-mere-nature\/"},"modified":"2025-02-12T19:19:41","modified_gmt":"2025-02-12T17:19:41","slug":"jarre-en-ceramique-mere-nature","status":"publish","type":"product","link":"https:\/\/dev.frantoiomuraglia.it\/fr\/produit\/jarre-en-ceramique-mere-nature\/","title":{"rendered":"Jarre en c\u00e9ramique M\u00e8re Nature"},"content":{"rendered":"<p>Capsule Collection sign\u00e9e par le designer Pierpaolo Gaballo. La d\u00e9cision de se concentrer sur de jeunes artistes qui, avec cr\u00e9ativit\u00e9 et enthousiasme, interpr\u00e8tent nos valeurs dans des collections capsules uniques donne lieu \u00e0 des merveilles, comme la jarre Le magicien. Cr\u00e9ativit\u00e9, huile, artisanat.<\/p>\n<p>Traits noirs et blancs, design unique et iconographique bas\u00e9 sur les dichotomies g\u00e9om\u00e9triques de l&rsquo;artiste de Salento Pierpaolo Gaballo.<\/p>\n<p>M\u00e8re Nature, la terre d&rsquo;o\u00f9 tout na\u00eet et o\u00f9 tout revient. M\u00e8re de nos oliviers, la Nature qui les fait pousser fi\u00e8rement et pleins de fruits. Tout le plaisir d&#8217;embrasser \u00e0 nouveau sa m\u00e8re.<\/p>\n<p>Le pot contient de l&rsquo;huile EVO moyennement fruit\u00e9e et est d\u00e9j\u00e0 complet avec son \u00e9l\u00e9gant \u00e9tui.<\/p>\n","protected":false},"excerpt":{"rendered":"<p>Capsule Collection sign\u00e9e par le designer Pierpaolo Gaballo. La d\u00e9cision de se concentrer sur de jeunes artistes qui, avec cr\u00e9ativit\u00e9 et enthousiasme, interpr\u00e8tent nos valeurs dans des collections capsules uniques donne lieu \u00e0 des merveilles, comme la jarre Le magicien. Cr\u00e9ativit\u00e9, huile, artisanat. Traits noirs et blancs, design unique et iconographique bas\u00e9 sur les dichotomies [&hellip;]<\/p>\n","protected":false},"featured_media":39766,"template":"","meta":{"_acf_changed":false},"product_cat":[134,373,350],"product_tag":[279,164,285,370,140],"class_list":{"0":"post-6551","1":"product","2":"type-product","3":"status-publish","4":"has-post-thumbnail","6":"product_cat-jarres","7":"product_cat-capsule-collection-fr","8":"product_cat-upsell_shopper_gaballo-fr","9":"product_tag-capsule-fr","10":"product_tag-gaballo-fr","11":"product_tag-jars-fr-2","12":"product_tag-tpl_jars-fr","13":"product_tag-upsell_shopper-fr","15":"first","16":"instock","17":"taxable","18":"shipping-taxable","19":"purchasable","20":"product-type-simple"},"acf":[],"yoast_head":"<!-- This site is optimized with the Yoast SEO plugin v26.8 - https:\/\/yoast.com\/product\/yoast-seo-wordpress\/ -->\n<title>Jarre en c\u00e9ramique M\u00e8re Nature - Frantoio Muraglia<\/title>\n<meta name=\"description\" content=\"Capsule Collection sign\u00e9e par le designer Pierpaolo Gaballo. Cr\u00e9ativit\u00e9, huile, artisanat 100 % apulien.\" \/>\n<meta name=\"robots\" content=\"noindex, follow, max-snippet:-1, max-image-preview:large, max-video-preview:-1\" \/>\n<meta property=\"og:locale\" content=\"fr_FR\" \/>\n<meta property=\"og:type\" content=\"article\" \/>\n<meta property=\"og:title\" content=\"Jarre en c\u00e9ramique M\u00e8re Nature - Frantoio Muraglia\" \/>\n<meta property=\"og:description\" content=\"Capsule Collection sign\u00e9e par le designer Pierpaolo Gaballo. Cr\u00e9ativit\u00e9, huile, artisanat 100 % apulien.\" \/>\n<meta property=\"og:url\" content=\"https:\/\/dev.frantoiomuraglia.it\/fr\/produit\/jarre-en-ceramique-mere-nature\/\" \/>\n<meta property=\"og:site_name\" content=\"Frantoio Muraglia\" \/>\n<meta property=\"article:modified_time\" content=\"2025-02-12T17:19:41+00:00\" \/>\n<meta property=\"og:image\" content=\"https:\/\/dev.frantoiomuraglia.it\/wp-content\/uploads\/2022\/03\/Madre-Natura-con-astuccio.jpg\" \/>\n\t<meta property=\"og:image:width\" content=\"2180\" \/>\n\t<meta property=\"og:image:height\" content=\"2294\" \/>\n\t<meta property=\"og:image:type\" content=\"image\/jpeg\" \/>\n<meta name=\"twitter:card\" content=\"summary_large_image\" \/>\n<script type=\"application\/ld+json\" class=\"yoast-schema-graph\">{\"@context\":\"https:\/\/schema.org\",\"@graph\":[{\"@type\":\"WebPage\",\"@id\":\"https:\/\/dev.frantoiomuraglia.it\/fr\/produit\/jarre-en-ceramique-mere-nature\/\",\"url\":\"https:\/\/dev.frantoiomuraglia.it\/fr\/produit\/jarre-en-ceramique-mere-nature\/\",\"name\":\"Jarre en c\u00e9ramique M\u00e8re Nature - Frantoio Muraglia\",\"isPartOf\":{\"@id\":\"https:\/\/dev.frantoiomuraglia.it\/fr\/#website\"},\"primaryImageOfPage\":{\"@id\":\"https:\/\/dev.frantoiomuraglia.it\/fr\/produit\/jarre-en-ceramique-mere-nature\/#primaryimage\"},\"image\":{\"@id\":\"https:\/\/dev.frantoiomuraglia.it\/fr\/produit\/jarre-en-ceramique-mere-nature\/#primaryimage\"},\"thumbnailUrl\":\"https:\/\/dev.frantoiomuraglia.it\/wp-content\/uploads\/2022\/03\/Madre-Natura-con-astuccio.jpg\",\"datePublished\":\"2022-05-05T15:05:52+00:00\",\"dateModified\":\"2025-02-12T17:19:41+00:00\",\"description\":\"Capsule Collection sign\u00e9e par le designer Pierpaolo Gaballo. Cr\u00e9ativit\u00e9, huile, artisanat 100 % apulien.\",\"breadcrumb\":{\"@id\":\"https:\/\/dev.frantoiomuraglia.it\/fr\/produit\/jarre-en-ceramique-mere-nature\/#breadcrumb\"},\"inLanguage\":\"fr-FR\",\"potentialAction\":[{\"@type\":\"ReadAction\",\"target\":[\"https:\/\/dev.frantoiomuraglia.it\/fr\/produit\/jarre-en-ceramique-mere-nature\/\"]}]},{\"@type\":\"ImageObject\",\"inLanguage\":\"fr-FR\",\"@id\":\"https:\/\/dev.frantoiomuraglia.it\/fr\/produit\/jarre-en-ceramique-mere-nature\/#primaryimage\",\"url\":\"https:\/\/dev.frantoiomuraglia.it\/wp-content\/uploads\/2022\/03\/Madre-Natura-con-astuccio.jpg\",\"contentUrl\":\"https:\/\/dev.frantoiomuraglia.it\/wp-content\/uploads\/2022\/03\/Madre-Natura-con-astuccio.jpg\",\"width\":2180,\"height\":2294},{\"@type\":\"BreadcrumbList\",\"@id\":\"https:\/\/dev.frantoiomuraglia.it\/fr\/produit\/jarre-en-ceramique-mere-nature\/#breadcrumb\",\"itemListElement\":[{\"@type\":\"ListItem\",\"position\":1,\"name\":\"Home\",\"item\":\"https:\/\/dev.frantoiomuraglia.it\/fr\/\"},{\"@type\":\"ListItem\",\"position\":2,\"name\":\"Boutique\",\"item\":\"https:\/\/dev.frantoiomuraglia.it\/fr\/boutique\/\"},{\"@type\":\"ListItem\",\"position\":3,\"name\":\"Jarre en c\u00e9ramique M\u00e8re Nature\"}]},{\"@type\":\"WebSite\",\"@id\":\"https:\/\/dev.frantoiomuraglia.it\/fr\/#website\",\"url\":\"https:\/\/dev.frantoiomuraglia.it\/fr\/\",\"name\":\"Frantoio Muraglia\",\"description\":\"Just another WordPress site\",\"publisher\":{\"@id\":\"https:\/\/dev.frantoiomuraglia.it\/fr\/#organization\"},\"potentialAction\":[{\"@type\":\"SearchAction\",\"target\":{\"@type\":\"EntryPoint\",\"urlTemplate\":\"https:\/\/dev.frantoiomuraglia.it\/fr\/?s={search_term_string}\"},\"query-input\":{\"@type\":\"PropertyValueSpecification\",\"valueRequired\":true,\"valueName\":\"search_term_string\"}}],\"inLanguage\":\"fr-FR\"},{\"@type\":\"Organization\",\"@id\":\"https:\/\/dev.frantoiomuraglia.it\/fr\/#organization\",\"name\":\"Frantoio Muraglia\",\"url\":\"https:\/\/dev.frantoiomuraglia.it\/fr\/\",\"logo\":{\"@type\":\"ImageObject\",\"inLanguage\":\"fr-FR\",\"@id\":\"https:\/\/dev.frantoiomuraglia.it\/fr\/#\/schema\/logo\/image\/\",\"url\":\"https:\/\/www.frantoiomuraglia.it\/wp-content\/uploads\/2022\/06\/Logo-Frantoio-Muraglia-black-email.jpg\",\"contentUrl\":\"https:\/\/www.frantoiomuraglia.it\/wp-content\/uploads\/2022\/06\/Logo-Frantoio-Muraglia-black-email.jpg\",\"width\":326,\"height\":150,\"caption\":\"Frantoio Muraglia\"},\"image\":{\"@id\":\"https:\/\/dev.frantoiomuraglia.it\/fr\/#\/schema\/logo\/image\/\"}}]}<\/script>\n<!-- \/ Yoast SEO plugin. -->","yoast_head_json":{"title":"Jarre en c\u00e9ramique M\u00e8re Nature - Frantoio Muraglia","description":"Capsule Collection sign\u00e9e par le designer Pierpaolo Gaballo. Cr\u00e9ativit\u00e9, huile, artisanat 100 % apulien.","robots":{"index":"noindex","follow":"follow","max-snippet":"max-snippet:-1","max-image-preview":"max-image-preview:large","max-video-preview":"max-video-preview:-1"},"og_locale":"fr_FR","og_type":"article","og_title":"Jarre en c\u00e9ramique M\u00e8re Nature - Frantoio Muraglia","og_description":"Capsule Collection sign\u00e9e par le designer Pierpaolo Gaballo. Cr\u00e9ativit\u00e9, huile, artisanat 100 % apulien.","og_url":"https:\/\/dev.frantoiomuraglia.it\/fr\/produit\/jarre-en-ceramique-mere-nature\/","og_site_name":"Frantoio Muraglia","article_modified_time":"2025-02-12T17:19:41+00:00","og_image":[{"width":2180,"height":2294,"url":"https:\/\/dev.frantoiomuraglia.it\/wp-content\/uploads\/2022\/03\/Madre-Natura-con-astuccio.jpg","type":"image\/jpeg"}],"twitter_card":"summary_large_image","schema":{"@context":"https:\/\/schema.org","@graph":[{"@type":"WebPage","@id":"https:\/\/dev.frantoiomuraglia.it\/fr\/produit\/jarre-en-ceramique-mere-nature\/","url":"https:\/\/dev.frantoiomuraglia.it\/fr\/produit\/jarre-en-ceramique-mere-nature\/","name":"Jarre en c\u00e9ramique M\u00e8re Nature - Frantoio Muraglia","isPartOf":{"@id":"https:\/\/dev.frantoiomuraglia.it\/fr\/#website"},"primaryImageOfPage":{"@id":"https:\/\/dev.frantoiomuraglia.it\/fr\/produit\/jarre-en-ceramique-mere-nature\/#primaryimage"},"image":{"@id":"https:\/\/dev.frantoiomuraglia.it\/fr\/produit\/jarre-en-ceramique-mere-nature\/#primaryimage"},"thumbnailUrl":"https:\/\/dev.frantoiomuraglia.it\/wp-content\/uploads\/2022\/03\/Madre-Natura-con-astuccio.jpg","datePublished":"2022-05-05T15:05:52+00:00","dateModified":"2025-02-12T17:19:41+00:00","description":"Capsule Collection sign\u00e9e par le designer Pierpaolo Gaballo. Cr\u00e9ativit\u00e9, huile, artisanat 100 % apulien.","breadcrumb":{"@id":"https:\/\/dev.frantoiomuraglia.it\/fr\/produit\/jarre-en-ceramique-mere-nature\/#breadcrumb"},"inLanguage":"fr-FR","potentialAction":[{"@type":"ReadAction","target":["https:\/\/dev.frantoiomuraglia.it\/fr\/produit\/jarre-en-ceramique-mere-nature\/"]}]},{"@type":"ImageObject","inLanguage":"fr-FR","@id":"https:\/\/dev.frantoiomuraglia.it\/fr\/produit\/jarre-en-ceramique-mere-nature\/#primaryimage","url":"https:\/\/dev.frantoiomuraglia.it\/wp-content\/uploads\/2022\/03\/Madre-Natura-con-astuccio.jpg","contentUrl":"https:\/\/dev.frantoiomuraglia.it\/wp-content\/uploads\/2022\/03\/Madre-Natura-con-astuccio.jpg","width":2180,"height":2294},{"@type":"BreadcrumbList","@id":"https:\/\/dev.frantoiomuraglia.it\/fr\/produit\/jarre-en-ceramique-mere-nature\/#breadcrumb","itemListElement":[{"@type":"ListItem","position":1,"name":"Home","item":"https:\/\/dev.frantoiomuraglia.it\/fr\/"},{"@type":"ListItem","position":2,"name":"Boutique","item":"https:\/\/dev.frantoiomuraglia.it\/fr\/boutique\/"},{"@type":"ListItem","position":3,"name":"Jarre en c\u00e9ramique M\u00e8re Nature"}]},{"@type":"WebSite","@id":"https:\/\/dev.frantoiomuraglia.it\/fr\/#website","url":"https:\/\/dev.frantoiomuraglia.it\/fr\/","name":"Frantoio Muraglia","description":"Just another WordPress site","publisher":{"@id":"https:\/\/dev.frantoiomuraglia.it\/fr\/#organization"},"potentialAction":[{"@type":"SearchAction","target":{"@type":"EntryPoint","urlTemplate":"https:\/\/dev.frantoiomuraglia.it\/fr\/?s={search_term_string}"},"query-input":{"@type":"PropertyValueSpecification","valueRequired":true,"valueName":"search_term_string"}}],"inLanguage":"fr-FR"},{"@type":"Organization","@id":"https:\/\/dev.frantoiomuraglia.it\/fr\/#organization","name":"Frantoio Muraglia","url":"https:\/\/dev.frantoiomuraglia.it\/fr\/","logo":{"@type":"ImageObject","inLanguage":"fr-FR","@id":"https:\/\/dev.frantoiomuraglia.it\/fr\/#\/schema\/logo\/image\/","url":"https:\/\/www.frantoiomuraglia.it\/wp-content\/uploads\/2022\/06\/Logo-Frantoio-Muraglia-black-email.jpg","contentUrl":"https:\/\/www.frantoiomuraglia.it\/wp-content\/uploads\/2022\/06\/Logo-Frantoio-Muraglia-black-email.jpg","width":326,"height":150,"caption":"Frantoio Muraglia"},"image":{"@id":"https:\/\/dev.frantoiomuraglia.it\/fr\/#\/schema\/logo\/image\/"}}]}},"_links":{"self":[{"href":"https:\/\/dev.frantoiomuraglia.it\/fr\/wp-json\/wp\/v2\/product\/6551","targetHints":{"allow":["GET"]}}],"collection":[{"href":"https:\/\/dev.frantoiomuraglia.it\/fr\/wp-json\/wp\/v2\/product"}],"about":[{"href":"https:\/\/dev.frantoiomuraglia.it\/fr\/wp-json\/wp\/v2\/types\/product"}],"wp:featuredmedia":[{"embeddable":true,"href":"https:\/\/dev.frantoiomuraglia.it\/fr\/wp-json\/wp\/v2\/media\/39766"}],"wp:attachment":[{"href":"https:\/\/dev.frantoiomuraglia.it\/fr\/wp-json\/wp\/v2\/media?parent=6551"}],"wp:term":[{"taxonomy":"product_cat","embeddable":true,"href":"https:\/\/dev.frantoiomuraglia.it\/fr\/wp-json\/wp\/v2\/product_cat?post=6551"},{"taxonomy":"product_tag","embeddable":true,"href":"https:\/\/dev.frantoiomuraglia.it\/fr\/wp-json\/wp\/v2\/product_tag?post=6551"}],"curies":[{"name":"wp","href":"https:\/\/api.w.org\/{rel}","templated":true}]}}