{"id":6496,"date":"2022-03-24T14:01:15","date_gmt":"2022-05-04T17:51:50","guid":{"rendered":"https:\/\/dev.frantoiomuraglia.it\/product\/jarre-en-ceramique-le-roi\/"},"modified":"2025-02-12T19:10:21","modified_gmt":"2025-02-12T17:10:21","slug":"jarre-en-ceramique-le-roi","status":"publish","type":"product","link":"https:\/\/dev.frantoiomuraglia.it\/fr\/produit\/jarre-en-ceramique-le-roi\/","title":{"rendered":"Jarre en c\u00e9ramique Le Roi"},"content":{"rendered":"<p>Capsule Collection sign\u00e9e par le designer Pierpaolo Gaballo. La d\u00e9cision de se concentrer sur de jeunes artistes qui, avec cr\u00e9ativit\u00e9 et enthousiasme, interpr\u00e8tent nos valeurs dans des collections capsules uniques donne lieu \u00e0 des merveilles, comme la jarre Le Roi. Cr\u00e9ativit\u00e9, huile, artisanat 100 % apulien.<\/p>\n<p>Traits noirs et blancs, design unique et iconographique bas\u00e9 sur les dichotomies g\u00e9om\u00e9triques de l&rsquo;artiste de Salento Pierpaolo Gaballo.<\/p>\n<p>Le Roi, expression du pouvoir temporel et divin, repr\u00e9sente, gr\u00e2ce \u00e0 son image onirique, les id\u00e9aux vers lesquels chacun tend, la voie spirituelle ou son propre degr\u00e9 d&rsquo;\u00e9volution. Le Roi tr\u00f4ne sur notre jarre, fabriqu\u00e9e \u00e0 la main par nos potiers des Pouilles.<\/p>\n<p>L&rsquo;Orcio contient de l&rsquo;huile d&rsquo;olive fruit\u00e9e intense EVO et est d\u00e9j\u00e0 accompagn\u00e9 d&rsquo;un coffret cadeau.<\/p>\n","protected":false},"excerpt":{"rendered":"<p>Capsule Collection sign\u00e9e par le designer Pierpaolo Gaballo. La d\u00e9cision de se concentrer sur de jeunes artistes qui, avec cr\u00e9ativit\u00e9 et enthousiasme, interpr\u00e8tent nos valeurs dans des collections capsules uniques donne lieu \u00e0 des merveilles, comme la jarre Le Roi. Cr\u00e9ativit\u00e9, huile, artisanat 100 % apulien. Traits noirs et blancs, design unique et iconographique bas\u00e9 [&hellip;]<\/p>\n","protected":false},"featured_media":39770,"template":"","meta":{"_acf_changed":false},"product_cat":[134,373,350],"product_tag":[279,164,285,370,140],"class_list":{"0":"post-6496","1":"product","2":"type-product","3":"status-publish","4":"has-post-thumbnail","6":"product_cat-jarres","7":"product_cat-capsule-collection-fr","8":"product_cat-upsell_shopper_gaballo-fr","9":"product_tag-capsule-fr","10":"product_tag-gaballo-fr","11":"product_tag-jars-fr-2","12":"product_tag-tpl_jars-fr","13":"product_tag-upsell_shopper-fr","15":"first","16":"instock","17":"taxable","18":"shipping-taxable","19":"purchasable","20":"product-type-simple"},"acf":[],"yoast_head":"<!-- This site is optimized with the Yoast SEO plugin v26.8 - https:\/\/yoast.com\/product\/yoast-seo-wordpress\/ -->\n<title>Jarre en c\u00e9ramique Le Roi - Frantoio Muraglia<\/title>\n<meta name=\"description\" content=\"Capsule Collection sign\u00e9e par le designer Pierpaolo Gaballo. Cr\u00e9ativit\u00e9, huile, artisanat 100 % apulien.\" \/>\n<meta name=\"robots\" content=\"noindex, follow, max-snippet:-1, max-image-preview:large, max-video-preview:-1\" \/>\n<meta property=\"og:locale\" content=\"fr_FR\" \/>\n<meta property=\"og:type\" content=\"article\" \/>\n<meta property=\"og:title\" content=\"Jarre en c\u00e9ramique Le Roi - Frantoio Muraglia\" \/>\n<meta property=\"og:description\" content=\"Capsule Collection sign\u00e9e par le designer Pierpaolo Gaballo. Cr\u00e9ativit\u00e9, huile, artisanat 100 % apulien.\" \/>\n<meta property=\"og:url\" content=\"https:\/\/dev.frantoiomuraglia.it\/fr\/produit\/jarre-en-ceramique-le-roi\/\" \/>\n<meta property=\"og:site_name\" content=\"Frantoio Muraglia\" \/>\n<meta property=\"article:modified_time\" content=\"2025-02-12T17:10:21+00:00\" \/>\n<meta property=\"og:image\" content=\"https:\/\/dev.frantoiomuraglia.it\/wp-content\/uploads\/2022\/03\/Re-con-astuccio.jpg\" \/>\n\t<meta property=\"og:image:width\" content=\"2180\" \/>\n\t<meta property=\"og:image:height\" content=\"2294\" \/>\n\t<meta property=\"og:image:type\" content=\"image\/jpeg\" \/>\n<meta name=\"twitter:card\" content=\"summary_large_image\" \/>\n<script type=\"application\/ld+json\" class=\"yoast-schema-graph\">{\"@context\":\"https:\/\/schema.org\",\"@graph\":[{\"@type\":\"WebPage\",\"@id\":\"https:\/\/dev.frantoiomuraglia.it\/fr\/produit\/jarre-en-ceramique-le-roi\/\",\"url\":\"https:\/\/dev.frantoiomuraglia.it\/fr\/produit\/jarre-en-ceramique-le-roi\/\",\"name\":\"Jarre en c\u00e9ramique Le Roi - Frantoio Muraglia\",\"isPartOf\":{\"@id\":\"https:\/\/dev.frantoiomuraglia.it\/fr\/#website\"},\"primaryImageOfPage\":{\"@id\":\"https:\/\/dev.frantoiomuraglia.it\/fr\/produit\/jarre-en-ceramique-le-roi\/#primaryimage\"},\"image\":{\"@id\":\"https:\/\/dev.frantoiomuraglia.it\/fr\/produit\/jarre-en-ceramique-le-roi\/#primaryimage\"},\"thumbnailUrl\":\"https:\/\/dev.frantoiomuraglia.it\/wp-content\/uploads\/2022\/03\/Re-con-astuccio.jpg\",\"datePublished\":\"2022-05-04T17:51:50+00:00\",\"dateModified\":\"2025-02-12T17:10:21+00:00\",\"description\":\"Capsule Collection sign\u00e9e par le designer Pierpaolo Gaballo. Cr\u00e9ativit\u00e9, huile, artisanat 100 % apulien.\",\"breadcrumb\":{\"@id\":\"https:\/\/dev.frantoiomuraglia.it\/fr\/produit\/jarre-en-ceramique-le-roi\/#breadcrumb\"},\"inLanguage\":\"fr-FR\",\"potentialAction\":[{\"@type\":\"ReadAction\",\"target\":[\"https:\/\/dev.frantoiomuraglia.it\/fr\/produit\/jarre-en-ceramique-le-roi\/\"]}]},{\"@type\":\"ImageObject\",\"inLanguage\":\"fr-FR\",\"@id\":\"https:\/\/dev.frantoiomuraglia.it\/fr\/produit\/jarre-en-ceramique-le-roi\/#primaryimage\",\"url\":\"https:\/\/dev.frantoiomuraglia.it\/wp-content\/uploads\/2022\/03\/Re-con-astuccio.jpg\",\"contentUrl\":\"https:\/\/dev.frantoiomuraglia.it\/wp-content\/uploads\/2022\/03\/Re-con-astuccio.jpg\",\"width\":2180,\"height\":2294},{\"@type\":\"BreadcrumbList\",\"@id\":\"https:\/\/dev.frantoiomuraglia.it\/fr\/produit\/jarre-en-ceramique-le-roi\/#breadcrumb\",\"itemListElement\":[{\"@type\":\"ListItem\",\"position\":1,\"name\":\"Home\",\"item\":\"https:\/\/dev.frantoiomuraglia.it\/fr\/\"},{\"@type\":\"ListItem\",\"position\":2,\"name\":\"Boutique\",\"item\":\"https:\/\/dev.frantoiomuraglia.it\/fr\/boutique\/\"},{\"@type\":\"ListItem\",\"position\":3,\"name\":\"Jarre en c\u00e9ramique Le Roi\"}]},{\"@type\":\"WebSite\",\"@id\":\"https:\/\/dev.frantoiomuraglia.it\/fr\/#website\",\"url\":\"https:\/\/dev.frantoiomuraglia.it\/fr\/\",\"name\":\"Frantoio Muraglia\",\"description\":\"Just another WordPress site\",\"publisher\":{\"@id\":\"https:\/\/dev.frantoiomuraglia.it\/fr\/#organization\"},\"potentialAction\":[{\"@type\":\"SearchAction\",\"target\":{\"@type\":\"EntryPoint\",\"urlTemplate\":\"https:\/\/dev.frantoiomuraglia.it\/fr\/?s={search_term_string}\"},\"query-input\":{\"@type\":\"PropertyValueSpecification\",\"valueRequired\":true,\"valueName\":\"search_term_string\"}}],\"inLanguage\":\"fr-FR\"},{\"@type\":\"Organization\",\"@id\":\"https:\/\/dev.frantoiomuraglia.it\/fr\/#organization\",\"name\":\"Frantoio Muraglia\",\"url\":\"https:\/\/dev.frantoiomuraglia.it\/fr\/\",\"logo\":{\"@type\":\"ImageObject\",\"inLanguage\":\"fr-FR\",\"@id\":\"https:\/\/dev.frantoiomuraglia.it\/fr\/#\/schema\/logo\/image\/\",\"url\":\"https:\/\/www.frantoiomuraglia.it\/wp-content\/uploads\/2022\/06\/Logo-Frantoio-Muraglia-black-email.jpg\",\"contentUrl\":\"https:\/\/www.frantoiomuraglia.it\/wp-content\/uploads\/2022\/06\/Logo-Frantoio-Muraglia-black-email.jpg\",\"width\":326,\"height\":150,\"caption\":\"Frantoio Muraglia\"},\"image\":{\"@id\":\"https:\/\/dev.frantoiomuraglia.it\/fr\/#\/schema\/logo\/image\/\"}}]}<\/script>\n<!-- \/ Yoast SEO plugin. -->","yoast_head_json":{"title":"Jarre en c\u00e9ramique Le Roi - Frantoio Muraglia","description":"Capsule Collection sign\u00e9e par le designer Pierpaolo Gaballo. Cr\u00e9ativit\u00e9, huile, artisanat 100 % apulien.","robots":{"index":"noindex","follow":"follow","max-snippet":"max-snippet:-1","max-image-preview":"max-image-preview:large","max-video-preview":"max-video-preview:-1"},"og_locale":"fr_FR","og_type":"article","og_title":"Jarre en c\u00e9ramique Le Roi - Frantoio Muraglia","og_description":"Capsule Collection sign\u00e9e par le designer Pierpaolo Gaballo. Cr\u00e9ativit\u00e9, huile, artisanat 100 % apulien.","og_url":"https:\/\/dev.frantoiomuraglia.it\/fr\/produit\/jarre-en-ceramique-le-roi\/","og_site_name":"Frantoio Muraglia","article_modified_time":"2025-02-12T17:10:21+00:00","og_image":[{"width":2180,"height":2294,"url":"https:\/\/dev.frantoiomuraglia.it\/wp-content\/uploads\/2022\/03\/Re-con-astuccio.jpg","type":"image\/jpeg"}],"twitter_card":"summary_large_image","schema":{"@context":"https:\/\/schema.org","@graph":[{"@type":"WebPage","@id":"https:\/\/dev.frantoiomuraglia.it\/fr\/produit\/jarre-en-ceramique-le-roi\/","url":"https:\/\/dev.frantoiomuraglia.it\/fr\/produit\/jarre-en-ceramique-le-roi\/","name":"Jarre en c\u00e9ramique Le Roi - Frantoio Muraglia","isPartOf":{"@id":"https:\/\/dev.frantoiomuraglia.it\/fr\/#website"},"primaryImageOfPage":{"@id":"https:\/\/dev.frantoiomuraglia.it\/fr\/produit\/jarre-en-ceramique-le-roi\/#primaryimage"},"image":{"@id":"https:\/\/dev.frantoiomuraglia.it\/fr\/produit\/jarre-en-ceramique-le-roi\/#primaryimage"},"thumbnailUrl":"https:\/\/dev.frantoiomuraglia.it\/wp-content\/uploads\/2022\/03\/Re-con-astuccio.jpg","datePublished":"2022-05-04T17:51:50+00:00","dateModified":"2025-02-12T17:10:21+00:00","description":"Capsule Collection sign\u00e9e par le designer Pierpaolo Gaballo. Cr\u00e9ativit\u00e9, huile, artisanat 100 % apulien.","breadcrumb":{"@id":"https:\/\/dev.frantoiomuraglia.it\/fr\/produit\/jarre-en-ceramique-le-roi\/#breadcrumb"},"inLanguage":"fr-FR","potentialAction":[{"@type":"ReadAction","target":["https:\/\/dev.frantoiomuraglia.it\/fr\/produit\/jarre-en-ceramique-le-roi\/"]}]},{"@type":"ImageObject","inLanguage":"fr-FR","@id":"https:\/\/dev.frantoiomuraglia.it\/fr\/produit\/jarre-en-ceramique-le-roi\/#primaryimage","url":"https:\/\/dev.frantoiomuraglia.it\/wp-content\/uploads\/2022\/03\/Re-con-astuccio.jpg","contentUrl":"https:\/\/dev.frantoiomuraglia.it\/wp-content\/uploads\/2022\/03\/Re-con-astuccio.jpg","width":2180,"height":2294},{"@type":"BreadcrumbList","@id":"https:\/\/dev.frantoiomuraglia.it\/fr\/produit\/jarre-en-ceramique-le-roi\/#breadcrumb","itemListElement":[{"@type":"ListItem","position":1,"name":"Home","item":"https:\/\/dev.frantoiomuraglia.it\/fr\/"},{"@type":"ListItem","position":2,"name":"Boutique","item":"https:\/\/dev.frantoiomuraglia.it\/fr\/boutique\/"},{"@type":"ListItem","position":3,"name":"Jarre en c\u00e9ramique Le Roi"}]},{"@type":"WebSite","@id":"https:\/\/dev.frantoiomuraglia.it\/fr\/#website","url":"https:\/\/dev.frantoiomuraglia.it\/fr\/","name":"Frantoio Muraglia","description":"Just another WordPress site","publisher":{"@id":"https:\/\/dev.frantoiomuraglia.it\/fr\/#organization"},"potentialAction":[{"@type":"SearchAction","target":{"@type":"EntryPoint","urlTemplate":"https:\/\/dev.frantoiomuraglia.it\/fr\/?s={search_term_string}"},"query-input":{"@type":"PropertyValueSpecification","valueRequired":true,"valueName":"search_term_string"}}],"inLanguage":"fr-FR"},{"@type":"Organization","@id":"https:\/\/dev.frantoiomuraglia.it\/fr\/#organization","name":"Frantoio Muraglia","url":"https:\/\/dev.frantoiomuraglia.it\/fr\/","logo":{"@type":"ImageObject","inLanguage":"fr-FR","@id":"https:\/\/dev.frantoiomuraglia.it\/fr\/#\/schema\/logo\/image\/","url":"https:\/\/www.frantoiomuraglia.it\/wp-content\/uploads\/2022\/06\/Logo-Frantoio-Muraglia-black-email.jpg","contentUrl":"https:\/\/www.frantoiomuraglia.it\/wp-content\/uploads\/2022\/06\/Logo-Frantoio-Muraglia-black-email.jpg","width":326,"height":150,"caption":"Frantoio Muraglia"},"image":{"@id":"https:\/\/dev.frantoiomuraglia.it\/fr\/#\/schema\/logo\/image\/"}}]}},"_links":{"self":[{"href":"https:\/\/dev.frantoiomuraglia.it\/fr\/wp-json\/wp\/v2\/product\/6496","targetHints":{"allow":["GET"]}}],"collection":[{"href":"https:\/\/dev.frantoiomuraglia.it\/fr\/wp-json\/wp\/v2\/product"}],"about":[{"href":"https:\/\/dev.frantoiomuraglia.it\/fr\/wp-json\/wp\/v2\/types\/product"}],"wp:featuredmedia":[{"embeddable":true,"href":"https:\/\/dev.frantoiomuraglia.it\/fr\/wp-json\/wp\/v2\/media\/39770"}],"wp:attachment":[{"href":"https:\/\/dev.frantoiomuraglia.it\/fr\/wp-json\/wp\/v2\/media?parent=6496"}],"wp:term":[{"taxonomy":"product_cat","embeddable":true,"href":"https:\/\/dev.frantoiomuraglia.it\/fr\/wp-json\/wp\/v2\/product_cat?post=6496"},{"taxonomy":"product_tag","embeddable":true,"href":"https:\/\/dev.frantoiomuraglia.it\/fr\/wp-json\/wp\/v2\/product_tag?post=6496"}],"curies":[{"name":"wp","href":"https:\/\/api.w.org\/{rel}","templated":true}]}}