{"id":6493,"date":"2022-03-24T14:01:57","date_gmt":"2022-05-04T17:13:10","guid":{"rendered":"https:\/\/dev.frantoiomuraglia.it\/product\/coffret-cadeau-degustation\/"},"modified":"2025-06-13T10:36:19","modified_gmt":"2025-06-13T08:36:19","slug":"coffret-cadeau-degustation","status":"publish","type":"product","link":"https:\/\/dev.frantoiomuraglia.it\/fr\/produit\/coffret-cadeau-degustation\/","title":{"rendered":"Coffret cadeau \u00ab\u00a0D\u00e9gustation\u00a0\u00bb"},"content":{"rendered":"<p>Pour votre cadeau, choisissez l&rsquo;excellence parfaite pour une d\u00e9gustation d&rsquo;huile evo.<\/p>\n<p>Des coffrets cadeaux uniques disponibles exclusivement en ligne. Parfaits comme id\u00e9e cadeau pour impressionner et faire vivre l&rsquo;exp\u00e9rience du moulin \u00e0 huile Muraglia. Qualit\u00e9 et couleur pour enrichir la table avec de l&rsquo;huile d&rsquo;olive extra vierge et d\u00e9corer la maison. Une id\u00e9e de panier de No\u00ebl simple, rempli de produits de haute qualit\u00e9, pour un cadeau de No\u00ebl, un cadeau d&rsquo;entreprise ou une \u00e9trenne pour diverses occasions.<\/p>\n<p>Le paquet contient :<\/p>\n<p>Bo\u00eete arc-en-ciel 250 ml &#8211; Fruit\u00e9 intense<\/p>\n<p>Bo\u00eete arc-en-ciel 250 ml &#8211; Moyennement fruit\u00e9<\/p>\n<p>Essenza Biologique 250 ml<\/p>\n<p>2 bols en c\u00e9ramique arc-en-ciel de 8 cm de diam\u00e8tre.<\/p>\n<p>Dans une bo\u00eete de d\u00e9gustation, nous trouvons deux emballages de nos huiles d&rsquo;olive extra vierges : une bo\u00eete arc-en-ciel de 250 ml avec Fruit\u00e9 intense et une autre avec Fruit\u00e9 moyen, deux saveurs diff\u00e9rentes, obtenues \u00e0 partir de diff\u00e9rentes qualit\u00e9s d&rsquo;olives, afin d&rsquo;appr\u00e9cier toute la vari\u00e9t\u00e9 que l&rsquo;on peut obtenir d&rsquo;une huile produite de mani\u00e8re artisanale.<\/p>\n<p>Pour finaliser la d\u00e9gustation, une bouteille de 250 ml de notre huile biologique, issue d&rsquo;olives de la vari\u00e9t\u00e9 Coratina. La touche de couleur est apport\u00e9e par l&rsquo;arc-en-ciel qui caract\u00e9rise deux petits bols en c\u00e9ramique fabriqu\u00e9s et peints \u00e0 la main par des c\u00e9ramistes, parfaits pour d\u00e9guster l&rsquo;huile \u00e0 table ou servir de bonnes olives.<\/p>\n","protected":false},"excerpt":{"rendered":"<p>Pour votre cadeau, choisissez l&rsquo;excellence parfaite pour une d\u00e9gustation d&rsquo;huile evo. Des coffrets cadeaux uniques disponibles exclusivement en ligne. Parfaits comme id\u00e9e cadeau pour impressionner et faire vivre l&rsquo;exp\u00e9rience du moulin \u00e0 huile Muraglia. Qualit\u00e9 et couleur pour enrichir la table avec de l&rsquo;huile d&rsquo;olive extra vierge et d\u00e9corer la maison. Une id\u00e9e de panier [&hellip;]<\/p>\n","protected":false},"featured_media":39709,"template":"","meta":{"_acf_changed":false},"product_cat":[201],"product_tag":[284,300,309,313,315,214],"class_list":{"0":"post-6493","1":"product","2":"type-product","3":"status-publish","4":"has-post-thumbnail","6":"product_cat-idees-de-cadeaux","7":"product_tag-featured-fr-2","8":"product_tag-gift-ideas-fr-2","9":"product_tag-intense-variant-fr","10":"product_tag-medium-variant-fr","11":"product_tag-pitted-line-fr","12":"product_tag-tpl_no_category-fr","14":"first","15":"instock","16":"taxable","17":"shipping-taxable","18":"purchasable","19":"product-type-simple"},"acf":[],"yoast_head":"<!-- This site is optimized with the Yoast SEO plugin v26.8 - https:\/\/yoast.com\/product\/yoast-seo-wordpress\/ -->\n<title>Coffret cadeau &quot;D\u00e9gustation&quot; - Frantoio Muraglia<\/title>\n<meta name=\"description\" content=\"Pour votre cadeau, choisissez l&#039;excellence.\" \/>\n<meta name=\"robots\" content=\"noindex, follow, max-snippet:-1, max-image-preview:large, max-video-preview:-1\" \/>\n<meta property=\"og:locale\" content=\"fr_FR\" \/>\n<meta property=\"og:type\" content=\"article\" \/>\n<meta property=\"og:title\" content=\"Coffret cadeau &quot;D\u00e9gustation&quot; - Frantoio Muraglia\" \/>\n<meta property=\"og:description\" content=\"Pour votre cadeau, choisissez l&#039;excellence.\" \/>\n<meta property=\"og:url\" content=\"https:\/\/dev.frantoiomuraglia.it\/fr\/produit\/coffret-cadeau-degustation\/\" \/>\n<meta property=\"og:site_name\" content=\"Frantoio Muraglia\" \/>\n<meta property=\"article:modified_time\" content=\"2025-06-13T08:36:19+00:00\" \/>\n<meta property=\"og:image\" content=\"https:\/\/dev.frantoiomuraglia.it\/wp-content\/uploads\/2022\/03\/pacco-degustazione-new-con-BIO.jpg\" \/>\n\t<meta property=\"og:image:width\" content=\"2180\" \/>\n\t<meta property=\"og:image:height\" content=\"2294\" \/>\n\t<meta property=\"og:image:type\" content=\"image\/jpeg\" \/>\n<meta name=\"twitter:card\" content=\"summary_large_image\" \/>\n<script type=\"application\/ld+json\" class=\"yoast-schema-graph\">{\"@context\":\"https:\/\/schema.org\",\"@graph\":[{\"@type\":\"WebPage\",\"@id\":\"https:\/\/dev.frantoiomuraglia.it\/fr\/produit\/coffret-cadeau-degustation\/\",\"url\":\"https:\/\/dev.frantoiomuraglia.it\/fr\/produit\/coffret-cadeau-degustation\/\",\"name\":\"Coffret cadeau \\\"D\u00e9gustation\\\" - Frantoio Muraglia\",\"isPartOf\":{\"@id\":\"https:\/\/dev.frantoiomuraglia.it\/fr\/#website\"},\"primaryImageOfPage\":{\"@id\":\"https:\/\/dev.frantoiomuraglia.it\/fr\/produit\/coffret-cadeau-degustation\/#primaryimage\"},\"image\":{\"@id\":\"https:\/\/dev.frantoiomuraglia.it\/fr\/produit\/coffret-cadeau-degustation\/#primaryimage\"},\"thumbnailUrl\":\"https:\/\/dev.frantoiomuraglia.it\/wp-content\/uploads\/2022\/03\/pacco-degustazione-new-con-BIO.jpg\",\"datePublished\":\"2022-05-04T17:13:10+00:00\",\"dateModified\":\"2025-06-13T08:36:19+00:00\",\"description\":\"Pour votre cadeau, choisissez l'excellence.\",\"breadcrumb\":{\"@id\":\"https:\/\/dev.frantoiomuraglia.it\/fr\/produit\/coffret-cadeau-degustation\/#breadcrumb\"},\"inLanguage\":\"fr-FR\",\"potentialAction\":[{\"@type\":\"ReadAction\",\"target\":[\"https:\/\/dev.frantoiomuraglia.it\/fr\/produit\/coffret-cadeau-degustation\/\"]}]},{\"@type\":\"ImageObject\",\"inLanguage\":\"fr-FR\",\"@id\":\"https:\/\/dev.frantoiomuraglia.it\/fr\/produit\/coffret-cadeau-degustation\/#primaryimage\",\"url\":\"https:\/\/dev.frantoiomuraglia.it\/wp-content\/uploads\/2022\/03\/pacco-degustazione-new-con-BIO.jpg\",\"contentUrl\":\"https:\/\/dev.frantoiomuraglia.it\/wp-content\/uploads\/2022\/03\/pacco-degustazione-new-con-BIO.jpg\",\"width\":2180,\"height\":2294},{\"@type\":\"BreadcrumbList\",\"@id\":\"https:\/\/dev.frantoiomuraglia.it\/fr\/produit\/coffret-cadeau-degustation\/#breadcrumb\",\"itemListElement\":[{\"@type\":\"ListItem\",\"position\":1,\"name\":\"Home\",\"item\":\"https:\/\/dev.frantoiomuraglia.it\/fr\/\"},{\"@type\":\"ListItem\",\"position\":2,\"name\":\"Boutique\",\"item\":\"https:\/\/dev.frantoiomuraglia.it\/fr\/boutique\/\"},{\"@type\":\"ListItem\",\"position\":3,\"name\":\"Coffret cadeau \u00ab\u00a0D\u00e9gustation\u00a0\u00bb\"}]},{\"@type\":\"WebSite\",\"@id\":\"https:\/\/dev.frantoiomuraglia.it\/fr\/#website\",\"url\":\"https:\/\/dev.frantoiomuraglia.it\/fr\/\",\"name\":\"Frantoio Muraglia\",\"description\":\"Just another WordPress site\",\"publisher\":{\"@id\":\"https:\/\/dev.frantoiomuraglia.it\/fr\/#organization\"},\"potentialAction\":[{\"@type\":\"SearchAction\",\"target\":{\"@type\":\"EntryPoint\",\"urlTemplate\":\"https:\/\/dev.frantoiomuraglia.it\/fr\/?s={search_term_string}\"},\"query-input\":{\"@type\":\"PropertyValueSpecification\",\"valueRequired\":true,\"valueName\":\"search_term_string\"}}],\"inLanguage\":\"fr-FR\"},{\"@type\":\"Organization\",\"@id\":\"https:\/\/dev.frantoiomuraglia.it\/fr\/#organization\",\"name\":\"Frantoio Muraglia\",\"url\":\"https:\/\/dev.frantoiomuraglia.it\/fr\/\",\"logo\":{\"@type\":\"ImageObject\",\"inLanguage\":\"fr-FR\",\"@id\":\"https:\/\/dev.frantoiomuraglia.it\/fr\/#\/schema\/logo\/image\/\",\"url\":\"https:\/\/www.frantoiomuraglia.it\/wp-content\/uploads\/2022\/06\/Logo-Frantoio-Muraglia-black-email.jpg\",\"contentUrl\":\"https:\/\/www.frantoiomuraglia.it\/wp-content\/uploads\/2022\/06\/Logo-Frantoio-Muraglia-black-email.jpg\",\"width\":326,\"height\":150,\"caption\":\"Frantoio Muraglia\"},\"image\":{\"@id\":\"https:\/\/dev.frantoiomuraglia.it\/fr\/#\/schema\/logo\/image\/\"}}]}<\/script>\n<!-- \/ Yoast SEO plugin. -->","yoast_head_json":{"title":"Coffret cadeau \"D\u00e9gustation\" - Frantoio Muraglia","description":"Pour votre cadeau, choisissez l'excellence.","robots":{"index":"noindex","follow":"follow","max-snippet":"max-snippet:-1","max-image-preview":"max-image-preview:large","max-video-preview":"max-video-preview:-1"},"og_locale":"fr_FR","og_type":"article","og_title":"Coffret cadeau \"D\u00e9gustation\" - Frantoio Muraglia","og_description":"Pour votre cadeau, choisissez l'excellence.","og_url":"https:\/\/dev.frantoiomuraglia.it\/fr\/produit\/coffret-cadeau-degustation\/","og_site_name":"Frantoio Muraglia","article_modified_time":"2025-06-13T08:36:19+00:00","og_image":[{"width":2180,"height":2294,"url":"https:\/\/dev.frantoiomuraglia.it\/wp-content\/uploads\/2022\/03\/pacco-degustazione-new-con-BIO.jpg","type":"image\/jpeg"}],"twitter_card":"summary_large_image","schema":{"@context":"https:\/\/schema.org","@graph":[{"@type":"WebPage","@id":"https:\/\/dev.frantoiomuraglia.it\/fr\/produit\/coffret-cadeau-degustation\/","url":"https:\/\/dev.frantoiomuraglia.it\/fr\/produit\/coffret-cadeau-degustation\/","name":"Coffret cadeau \"D\u00e9gustation\" - Frantoio Muraglia","isPartOf":{"@id":"https:\/\/dev.frantoiomuraglia.it\/fr\/#website"},"primaryImageOfPage":{"@id":"https:\/\/dev.frantoiomuraglia.it\/fr\/produit\/coffret-cadeau-degustation\/#primaryimage"},"image":{"@id":"https:\/\/dev.frantoiomuraglia.it\/fr\/produit\/coffret-cadeau-degustation\/#primaryimage"},"thumbnailUrl":"https:\/\/dev.frantoiomuraglia.it\/wp-content\/uploads\/2022\/03\/pacco-degustazione-new-con-BIO.jpg","datePublished":"2022-05-04T17:13:10+00:00","dateModified":"2025-06-13T08:36:19+00:00","description":"Pour votre cadeau, choisissez l'excellence.","breadcrumb":{"@id":"https:\/\/dev.frantoiomuraglia.it\/fr\/produit\/coffret-cadeau-degustation\/#breadcrumb"},"inLanguage":"fr-FR","potentialAction":[{"@type":"ReadAction","target":["https:\/\/dev.frantoiomuraglia.it\/fr\/produit\/coffret-cadeau-degustation\/"]}]},{"@type":"ImageObject","inLanguage":"fr-FR","@id":"https:\/\/dev.frantoiomuraglia.it\/fr\/produit\/coffret-cadeau-degustation\/#primaryimage","url":"https:\/\/dev.frantoiomuraglia.it\/wp-content\/uploads\/2022\/03\/pacco-degustazione-new-con-BIO.jpg","contentUrl":"https:\/\/dev.frantoiomuraglia.it\/wp-content\/uploads\/2022\/03\/pacco-degustazione-new-con-BIO.jpg","width":2180,"height":2294},{"@type":"BreadcrumbList","@id":"https:\/\/dev.frantoiomuraglia.it\/fr\/produit\/coffret-cadeau-degustation\/#breadcrumb","itemListElement":[{"@type":"ListItem","position":1,"name":"Home","item":"https:\/\/dev.frantoiomuraglia.it\/fr\/"},{"@type":"ListItem","position":2,"name":"Boutique","item":"https:\/\/dev.frantoiomuraglia.it\/fr\/boutique\/"},{"@type":"ListItem","position":3,"name":"Coffret cadeau \u00ab\u00a0D\u00e9gustation\u00a0\u00bb"}]},{"@type":"WebSite","@id":"https:\/\/dev.frantoiomuraglia.it\/fr\/#website","url":"https:\/\/dev.frantoiomuraglia.it\/fr\/","name":"Frantoio Muraglia","description":"Just another WordPress site","publisher":{"@id":"https:\/\/dev.frantoiomuraglia.it\/fr\/#organization"},"potentialAction":[{"@type":"SearchAction","target":{"@type":"EntryPoint","urlTemplate":"https:\/\/dev.frantoiomuraglia.it\/fr\/?s={search_term_string}"},"query-input":{"@type":"PropertyValueSpecification","valueRequired":true,"valueName":"search_term_string"}}],"inLanguage":"fr-FR"},{"@type":"Organization","@id":"https:\/\/dev.frantoiomuraglia.it\/fr\/#organization","name":"Frantoio Muraglia","url":"https:\/\/dev.frantoiomuraglia.it\/fr\/","logo":{"@type":"ImageObject","inLanguage":"fr-FR","@id":"https:\/\/dev.frantoiomuraglia.it\/fr\/#\/schema\/logo\/image\/","url":"https:\/\/www.frantoiomuraglia.it\/wp-content\/uploads\/2022\/06\/Logo-Frantoio-Muraglia-black-email.jpg","contentUrl":"https:\/\/www.frantoiomuraglia.it\/wp-content\/uploads\/2022\/06\/Logo-Frantoio-Muraglia-black-email.jpg","width":326,"height":150,"caption":"Frantoio Muraglia"},"image":{"@id":"https:\/\/dev.frantoiomuraglia.it\/fr\/#\/schema\/logo\/image\/"}}]}},"_links":{"self":[{"href":"https:\/\/dev.frantoiomuraglia.it\/fr\/wp-json\/wp\/v2\/product\/6493","targetHints":{"allow":["GET"]}}],"collection":[{"href":"https:\/\/dev.frantoiomuraglia.it\/fr\/wp-json\/wp\/v2\/product"}],"about":[{"href":"https:\/\/dev.frantoiomuraglia.it\/fr\/wp-json\/wp\/v2\/types\/product"}],"wp:featuredmedia":[{"embeddable":true,"href":"https:\/\/dev.frantoiomuraglia.it\/fr\/wp-json\/wp\/v2\/media\/39709"}],"wp:attachment":[{"href":"https:\/\/dev.frantoiomuraglia.it\/fr\/wp-json\/wp\/v2\/media?parent=6493"}],"wp:term":[{"taxonomy":"product_cat","embeddable":true,"href":"https:\/\/dev.frantoiomuraglia.it\/fr\/wp-json\/wp\/v2\/product_cat?post=6493"},{"taxonomy":"product_tag","embeddable":true,"href":"https:\/\/dev.frantoiomuraglia.it\/fr\/wp-json\/wp\/v2\/product_tag?post=6493"}],"curies":[{"name":"wp","href":"https:\/\/api.w.org\/{rel}","templated":true}]}}