{"id":6474,"date":"2022-03-24T14:03:13","date_gmt":"2022-05-04T11:12:08","guid":{"rendered":"https:\/\/dev.frantoiomuraglia.it\/product\/huile-grand-cru-macchia-di-rose\/"},"modified":"2025-02-12T18:59:28","modified_gmt":"2025-02-12T16:59:28","slug":"huile-grand-cru-macchia-di-rose","status":"publish","type":"product","link":"https:\/\/dev.frantoiomuraglia.it\/fr\/produit\/huile-grand-cru-macchia-di-rose\/","title":{"rendered":"Huile Grand Cru Macchia di Rose"},"content":{"rendered":"<p>L&rsquo;huile d&rsquo;olive extra vierge qui tient son nom du terroir de Macchia di Rose, s\u00e9lectionn\u00e9 pour sa situation, pour donner vie au premier Grand Cru de Frantoio Muraglia. Elle est issue d&rsquo;un terroir qui, en raison de son altitude et de son exposition au soleil, produit des olives Coratina de qualit\u00e9 sup\u00e9rieure.<\/p>\n<p>Le premier Grand Cru issu d&rsquo;olives Coratina pour renforcer encore le lien avec la terre. Son nom est \u00ab Tenuta Macchia di Rose \u00bb, une parcelle de la vie des Pouilles d&rsquo;o\u00f9 est n\u00e9e une production limit\u00e9e et num\u00e9rot\u00e9e de seulement 3 000 bouteilles, avec un contenu unique et pr\u00e9cieux.<\/p>\n<p>Une huile d&rsquo;un vert profond aux reflets dor\u00e9s, elle est irr\u00e9sistible dans ses ar\u00f4mes de fenouil, d&rsquo;artichaut, de poivre et de foin.<\/p>\n<p><strong>\u00c9pic\u00e9e<\/strong> : l\u00e9g\u00e8re \/ moyenne \/ <strong>intense<\/strong><br \/>\n<strong>Amertume<\/strong>: l\u00e9g\u00e8re \/ <strong>moyenne<\/strong> \/ intense<br \/>\n<strong>Fruit\u00e9e<\/strong> : l\u00e9g\u00e8re \/ moyenne \/ <strong>intense<\/strong><br \/>\n<strong>\u00c9quilibre<\/strong> : l\u00e9g\u00e8rement \u00e9quilibr\u00e9e \/ assez \u00e9quilibr\u00e9e \/ <strong>\u00e9quilibr\u00e9e<\/strong><\/p>\n","protected":false},"excerpt":{"rendered":"<p>L&rsquo;huile d&rsquo;olive extra vierge qui tient son nom du terroir de Macchia di Rose, s\u00e9lectionn\u00e9 pour sa situation, pour donner vie au premier Grand Cru de Frantoio Muraglia. Elle est issue d&rsquo;un terroir qui, en raison de son altitude et de son exposition au soleil, produit des olives Coratina de qualit\u00e9 sup\u00e9rieure. Le premier Grand [&hellip;]<\/p>\n","protected":false},"featured_media":5896,"template":"","meta":{"_acf_changed":false},"product_cat":[169,135,381],"product_tag":[317,284,195,196,140],"class_list":{"0":"post-6474","1":"product","2":"type-product","3":"status-publish","4":"has-post-thumbnail","6":"product_cat-bouteilles","7":"product_cat-upsell_shopper-fr","8":"product_cat-essenza-fr","9":"product_tag-essence-fr","10":"product_tag-featured-fr-2","11":"product_tag-ligne-grand-cru","12":"product_tag-tpl_grand_cru-fr","13":"product_tag-upsell_shopper-fr","15":"first","16":"instock","17":"taxable","18":"shipping-taxable","19":"purchasable","20":"product-type-simple"},"acf":[],"yoast_head":"<!-- This site is optimized with the Yoast SEO plugin v26.8 - https:\/\/yoast.com\/product\/yoast-seo-wordpress\/ -->\n<title>Huile Grand Cru Macchia di Rose - Frantoio Muraglia<\/title>\n<meta name=\"description\" content=\"Elle est issue d&#039;un terroir qui, en raison de son altitude et de son exposition au soleil, produit des olives Coratina de qualit\u00e9 sup\u00e9rieure.\" \/>\n<meta name=\"robots\" content=\"noindex, follow, max-snippet:-1, max-image-preview:large, max-video-preview:-1\" \/>\n<meta property=\"og:locale\" content=\"fr_FR\" \/>\n<meta property=\"og:type\" content=\"article\" \/>\n<meta property=\"og:title\" content=\"Huile Grand Cru Macchia di Rose - Frantoio Muraglia\" \/>\n<meta property=\"og:description\" content=\"Elle est issue d&#039;un terroir qui, en raison de son altitude et de son exposition au soleil, produit des olives Coratina de qualit\u00e9 sup\u00e9rieure.\" \/>\n<meta property=\"og:url\" content=\"https:\/\/dev.frantoiomuraglia.it\/fr\/produit\/huile-grand-cru-macchia-di-rose\/\" \/>\n<meta property=\"og:site_name\" content=\"Frantoio Muraglia\" \/>\n<meta property=\"article:modified_time\" content=\"2025-02-12T16:59:28+00:00\" \/>\n<meta property=\"og:image\" content=\"https:\/\/dev.frantoiomuraglia.it\/wp-content\/uploads\/2022\/03\/Olio-Grand-Cru-Macchia-di-Rose-3-1.jpg\" \/>\n\t<meta property=\"og:image:width\" content=\"2180\" \/>\n\t<meta property=\"og:image:height\" content=\"2294\" \/>\n\t<meta property=\"og:image:type\" content=\"image\/jpeg\" \/>\n<meta name=\"twitter:card\" content=\"summary_large_image\" \/>\n<script type=\"application\/ld+json\" class=\"yoast-schema-graph\">{\"@context\":\"https:\/\/schema.org\",\"@graph\":[{\"@type\":\"WebPage\",\"@id\":\"https:\/\/dev.frantoiomuraglia.it\/fr\/produit\/huile-grand-cru-macchia-di-rose\/\",\"url\":\"https:\/\/dev.frantoiomuraglia.it\/fr\/produit\/huile-grand-cru-macchia-di-rose\/\",\"name\":\"Huile Grand Cru Macchia di Rose - Frantoio Muraglia\",\"isPartOf\":{\"@id\":\"https:\/\/dev.frantoiomuraglia.it\/fr\/#website\"},\"primaryImageOfPage\":{\"@id\":\"https:\/\/dev.frantoiomuraglia.it\/fr\/produit\/huile-grand-cru-macchia-di-rose\/#primaryimage\"},\"image\":{\"@id\":\"https:\/\/dev.frantoiomuraglia.it\/fr\/produit\/huile-grand-cru-macchia-di-rose\/#primaryimage\"},\"thumbnailUrl\":\"https:\/\/dev.frantoiomuraglia.it\/wp-content\/uploads\/2022\/03\/Olio-Grand-Cru-Macchia-di-Rose-3-1.jpg\",\"datePublished\":\"2022-05-04T11:12:08+00:00\",\"dateModified\":\"2025-02-12T16:59:28+00:00\",\"description\":\"Elle est issue d'un terroir qui, en raison de son altitude et de son exposition au soleil, produit des olives Coratina de qualit\u00e9 sup\u00e9rieure.\",\"breadcrumb\":{\"@id\":\"https:\/\/dev.frantoiomuraglia.it\/fr\/produit\/huile-grand-cru-macchia-di-rose\/#breadcrumb\"},\"inLanguage\":\"fr-FR\",\"potentialAction\":[{\"@type\":\"ReadAction\",\"target\":[\"https:\/\/dev.frantoiomuraglia.it\/fr\/produit\/huile-grand-cru-macchia-di-rose\/\"]}]},{\"@type\":\"ImageObject\",\"inLanguage\":\"fr-FR\",\"@id\":\"https:\/\/dev.frantoiomuraglia.it\/fr\/produit\/huile-grand-cru-macchia-di-rose\/#primaryimage\",\"url\":\"https:\/\/dev.frantoiomuraglia.it\/wp-content\/uploads\/2022\/03\/Olio-Grand-Cru-Macchia-di-Rose-3-1.jpg\",\"contentUrl\":\"https:\/\/dev.frantoiomuraglia.it\/wp-content\/uploads\/2022\/03\/Olio-Grand-Cru-Macchia-di-Rose-3-1.jpg\",\"width\":2180,\"height\":2294},{\"@type\":\"BreadcrumbList\",\"@id\":\"https:\/\/dev.frantoiomuraglia.it\/fr\/produit\/huile-grand-cru-macchia-di-rose\/#breadcrumb\",\"itemListElement\":[{\"@type\":\"ListItem\",\"position\":1,\"name\":\"Home\",\"item\":\"https:\/\/dev.frantoiomuraglia.it\/fr\/\"},{\"@type\":\"ListItem\",\"position\":2,\"name\":\"Boutique\",\"item\":\"https:\/\/dev.frantoiomuraglia.it\/fr\/boutique\/\"},{\"@type\":\"ListItem\",\"position\":3,\"name\":\"Huile Grand Cru Macchia di Rose\"}]},{\"@type\":\"WebSite\",\"@id\":\"https:\/\/dev.frantoiomuraglia.it\/fr\/#website\",\"url\":\"https:\/\/dev.frantoiomuraglia.it\/fr\/\",\"name\":\"Frantoio Muraglia\",\"description\":\"Just another WordPress site\",\"publisher\":{\"@id\":\"https:\/\/dev.frantoiomuraglia.it\/fr\/#organization\"},\"potentialAction\":[{\"@type\":\"SearchAction\",\"target\":{\"@type\":\"EntryPoint\",\"urlTemplate\":\"https:\/\/dev.frantoiomuraglia.it\/fr\/?s={search_term_string}\"},\"query-input\":{\"@type\":\"PropertyValueSpecification\",\"valueRequired\":true,\"valueName\":\"search_term_string\"}}],\"inLanguage\":\"fr-FR\"},{\"@type\":\"Organization\",\"@id\":\"https:\/\/dev.frantoiomuraglia.it\/fr\/#organization\",\"name\":\"Frantoio Muraglia\",\"url\":\"https:\/\/dev.frantoiomuraglia.it\/fr\/\",\"logo\":{\"@type\":\"ImageObject\",\"inLanguage\":\"fr-FR\",\"@id\":\"https:\/\/dev.frantoiomuraglia.it\/fr\/#\/schema\/logo\/image\/\",\"url\":\"https:\/\/www.frantoiomuraglia.it\/wp-content\/uploads\/2022\/06\/Logo-Frantoio-Muraglia-black-email.jpg\",\"contentUrl\":\"https:\/\/www.frantoiomuraglia.it\/wp-content\/uploads\/2022\/06\/Logo-Frantoio-Muraglia-black-email.jpg\",\"width\":326,\"height\":150,\"caption\":\"Frantoio Muraglia\"},\"image\":{\"@id\":\"https:\/\/dev.frantoiomuraglia.it\/fr\/#\/schema\/logo\/image\/\"}}]}<\/script>\n<!-- \/ Yoast SEO plugin. -->","yoast_head_json":{"title":"Huile Grand Cru Macchia di Rose - Frantoio Muraglia","description":"Elle est issue d'un terroir qui, en raison de son altitude et de son exposition au soleil, produit des olives Coratina de qualit\u00e9 sup\u00e9rieure.","robots":{"index":"noindex","follow":"follow","max-snippet":"max-snippet:-1","max-image-preview":"max-image-preview:large","max-video-preview":"max-video-preview:-1"},"og_locale":"fr_FR","og_type":"article","og_title":"Huile Grand Cru Macchia di Rose - Frantoio Muraglia","og_description":"Elle est issue d'un terroir qui, en raison de son altitude et de son exposition au soleil, produit des olives Coratina de qualit\u00e9 sup\u00e9rieure.","og_url":"https:\/\/dev.frantoiomuraglia.it\/fr\/produit\/huile-grand-cru-macchia-di-rose\/","og_site_name":"Frantoio Muraglia","article_modified_time":"2025-02-12T16:59:28+00:00","og_image":[{"width":2180,"height":2294,"url":"https:\/\/dev.frantoiomuraglia.it\/wp-content\/uploads\/2022\/03\/Olio-Grand-Cru-Macchia-di-Rose-3-1.jpg","type":"image\/jpeg"}],"twitter_card":"summary_large_image","schema":{"@context":"https:\/\/schema.org","@graph":[{"@type":"WebPage","@id":"https:\/\/dev.frantoiomuraglia.it\/fr\/produit\/huile-grand-cru-macchia-di-rose\/","url":"https:\/\/dev.frantoiomuraglia.it\/fr\/produit\/huile-grand-cru-macchia-di-rose\/","name":"Huile Grand Cru Macchia di Rose - Frantoio Muraglia","isPartOf":{"@id":"https:\/\/dev.frantoiomuraglia.it\/fr\/#website"},"primaryImageOfPage":{"@id":"https:\/\/dev.frantoiomuraglia.it\/fr\/produit\/huile-grand-cru-macchia-di-rose\/#primaryimage"},"image":{"@id":"https:\/\/dev.frantoiomuraglia.it\/fr\/produit\/huile-grand-cru-macchia-di-rose\/#primaryimage"},"thumbnailUrl":"https:\/\/dev.frantoiomuraglia.it\/wp-content\/uploads\/2022\/03\/Olio-Grand-Cru-Macchia-di-Rose-3-1.jpg","datePublished":"2022-05-04T11:12:08+00:00","dateModified":"2025-02-12T16:59:28+00:00","description":"Elle est issue d'un terroir qui, en raison de son altitude et de son exposition au soleil, produit des olives Coratina de qualit\u00e9 sup\u00e9rieure.","breadcrumb":{"@id":"https:\/\/dev.frantoiomuraglia.it\/fr\/produit\/huile-grand-cru-macchia-di-rose\/#breadcrumb"},"inLanguage":"fr-FR","potentialAction":[{"@type":"ReadAction","target":["https:\/\/dev.frantoiomuraglia.it\/fr\/produit\/huile-grand-cru-macchia-di-rose\/"]}]},{"@type":"ImageObject","inLanguage":"fr-FR","@id":"https:\/\/dev.frantoiomuraglia.it\/fr\/produit\/huile-grand-cru-macchia-di-rose\/#primaryimage","url":"https:\/\/dev.frantoiomuraglia.it\/wp-content\/uploads\/2022\/03\/Olio-Grand-Cru-Macchia-di-Rose-3-1.jpg","contentUrl":"https:\/\/dev.frantoiomuraglia.it\/wp-content\/uploads\/2022\/03\/Olio-Grand-Cru-Macchia-di-Rose-3-1.jpg","width":2180,"height":2294},{"@type":"BreadcrumbList","@id":"https:\/\/dev.frantoiomuraglia.it\/fr\/produit\/huile-grand-cru-macchia-di-rose\/#breadcrumb","itemListElement":[{"@type":"ListItem","position":1,"name":"Home","item":"https:\/\/dev.frantoiomuraglia.it\/fr\/"},{"@type":"ListItem","position":2,"name":"Boutique","item":"https:\/\/dev.frantoiomuraglia.it\/fr\/boutique\/"},{"@type":"ListItem","position":3,"name":"Huile Grand Cru Macchia di Rose"}]},{"@type":"WebSite","@id":"https:\/\/dev.frantoiomuraglia.it\/fr\/#website","url":"https:\/\/dev.frantoiomuraglia.it\/fr\/","name":"Frantoio Muraglia","description":"Just another WordPress site","publisher":{"@id":"https:\/\/dev.frantoiomuraglia.it\/fr\/#organization"},"potentialAction":[{"@type":"SearchAction","target":{"@type":"EntryPoint","urlTemplate":"https:\/\/dev.frantoiomuraglia.it\/fr\/?s={search_term_string}"},"query-input":{"@type":"PropertyValueSpecification","valueRequired":true,"valueName":"search_term_string"}}],"inLanguage":"fr-FR"},{"@type":"Organization","@id":"https:\/\/dev.frantoiomuraglia.it\/fr\/#organization","name":"Frantoio Muraglia","url":"https:\/\/dev.frantoiomuraglia.it\/fr\/","logo":{"@type":"ImageObject","inLanguage":"fr-FR","@id":"https:\/\/dev.frantoiomuraglia.it\/fr\/#\/schema\/logo\/image\/","url":"https:\/\/www.frantoiomuraglia.it\/wp-content\/uploads\/2022\/06\/Logo-Frantoio-Muraglia-black-email.jpg","contentUrl":"https:\/\/www.frantoiomuraglia.it\/wp-content\/uploads\/2022\/06\/Logo-Frantoio-Muraglia-black-email.jpg","width":326,"height":150,"caption":"Frantoio Muraglia"},"image":{"@id":"https:\/\/dev.frantoiomuraglia.it\/fr\/#\/schema\/logo\/image\/"}}]}},"_links":{"self":[{"href":"https:\/\/dev.frantoiomuraglia.it\/fr\/wp-json\/wp\/v2\/product\/6474","targetHints":{"allow":["GET"]}}],"collection":[{"href":"https:\/\/dev.frantoiomuraglia.it\/fr\/wp-json\/wp\/v2\/product"}],"about":[{"href":"https:\/\/dev.frantoiomuraglia.it\/fr\/wp-json\/wp\/v2\/types\/product"}],"wp:featuredmedia":[{"embeddable":true,"href":"https:\/\/dev.frantoiomuraglia.it\/fr\/wp-json\/wp\/v2\/media\/5896"}],"wp:attachment":[{"href":"https:\/\/dev.frantoiomuraglia.it\/fr\/wp-json\/wp\/v2\/media?parent=6474"}],"wp:term":[{"taxonomy":"product_cat","embeddable":true,"href":"https:\/\/dev.frantoiomuraglia.it\/fr\/wp-json\/wp\/v2\/product_cat?post=6474"},{"taxonomy":"product_tag","embeddable":true,"href":"https:\/\/dev.frantoiomuraglia.it\/fr\/wp-json\/wp\/v2\/product_tag?post=6474"}],"curies":[{"name":"wp","href":"https:\/\/api.w.org\/{rel}","templated":true}]}}