{"id":6464,"date":"2022-03-24T14:06:17","date_gmt":"2022-05-04T09:19:00","guid":{"rendered":"https:\/\/dev.frantoiomuraglia.it\/product\/fruitee-intense-500-ml\/"},"modified":"2025-02-12T18:52:11","modified_gmt":"2025-02-12T16:52:11","slug":"fruitee-intense-500ml","status":"publish","type":"product","link":"https:\/\/dev.frantoiomuraglia.it\/fr\/produit\/fruitee-intense-500ml\/","title":{"rendered":"Fruit\u00e9e Intense 500 ml"},"content":{"rendered":"<p>\u00ab\u00a0Essenza\u00a0\u00bb Intense Fruity is the Monocultivar extra virgin olive oil produced from Coratina olives. Puissante et vraie.<\/p>\n<div class=\"elementor-element elementor-element-c8ff3e3 elementor-widget elementor-widget-text-editor\" data-id=\"c8ff3e3\" data-element_type=\"widget\" data-widget_type=\"text-editor.default\">\n<div class=\"elementor-widget-container\">\n<p>Vert intense avec des reflets dor\u00e9s. Ar\u00f4mes d&rsquo;aneth, de fenouil, d&rsquo;artichaut, de poivre et de foin. Elle laisse un go\u00fbt savoureux et \u00e9pic\u00e9.<\/p>\n<p>\u201cEssence\u201d Fruit\u00e9e Intense est une huile d&rsquo;olive extra vierge produite uniquement \u00e0 partir d&rsquo;olives Coratina. La finesse du travail s&rsquo;exprime par des notes de chardon et de feuilles d&rsquo;artichaut. Lentement, vous \u00eates envelopp\u00e9(e) dans les tons \u00e9pic\u00e9s typiques de cette vari\u00e9t\u00e9.<\/p>\n<p>Avec la ligne \u00ab\u00a0Essenza\u00a0\u00bb, Frantoio Muraglia revient \u00e0 l&rsquo;essence pour laquelle il a toujours travaill\u00e9: l&rsquo;huile. Essence signifie de l&rsquo;huile de la plus haute qualit\u00e9 dans un habit pr\u00eat-\u00e0-porter gourmet, extra-virginit\u00e9 \u00e9l\u00e9gante mais d\u00e9mocratique.<\/p>\n<\/div>\n<\/div>\n","protected":false},"excerpt":{"rendered":"<p>\u00ab\u00a0Essenza\u00a0\u00bb Intense Fruity is the Monocultivar extra virgin olive oil produced from Coratina olives. Puissante et vraie. Vert intense avec des reflets dor\u00e9s. Ar\u00f4mes d&rsquo;aneth, de fenouil, d&rsquo;artichaut, de poivre et de foin. Elle laisse un go\u00fbt savoureux et \u00e9pic\u00e9. \u201cEssence\u201d Fruit\u00e9e Intense est une huile d&rsquo;olive extra vierge produite uniquement \u00e0 partir d&rsquo;olives Coratina. [&hellip;]<\/p>\n","protected":false},"featured_media":33398,"template":"","meta":{"_acf_changed":false},"product_cat":[169,177,135,381],"product_tag":[440,317,284,309,178,140],"class_list":{"0":"post-6464","1":"product","2":"type-product","3":"status-publish","4":"has-post-thumbnail","6":"product_cat-bouteilles","7":"product_cat-upsell_astuccio_essenza-fr","8":"product_cat-upsell_shopper-fr","9":"product_cat-essenza-fr","10":"product_tag-elixir-de-longue-vie","11":"product_tag-essence-fr","12":"product_tag-featured-fr-2","13":"product_tag-intense-variant-fr","14":"product_tag-tpl_fruitee_intense","15":"product_tag-upsell_shopper-fr","17":"first","18":"instock","19":"taxable","20":"shipping-taxable","21":"purchasable","22":"product-type-simple"},"acf":[],"yoast_head":"<!-- This site is optimized with the Yoast SEO plugin v26.8 - https:\/\/yoast.com\/product\/yoast-seo-wordpress\/ -->\n<title>Fruit\u00e9e Intense 500 ml - Frantoio Muraglia<\/title>\n<meta name=\"description\" content=\"Essenza Fruit\u00e9e Intense est une huile d&#039;olive extra vierge produite uniquement \u00e0 partir d&#039;olives Coratina des Pouilles.\" \/>\n<meta name=\"robots\" content=\"noindex, follow, max-snippet:-1, max-image-preview:large, max-video-preview:-1\" \/>\n<meta property=\"og:locale\" content=\"fr_FR\" \/>\n<meta property=\"og:type\" content=\"article\" \/>\n<meta property=\"og:title\" content=\"Fruit\u00e9e Intense 500 ml - Frantoio Muraglia\" \/>\n<meta property=\"og:description\" content=\"Essenza Fruit\u00e9e Intense est une huile d&#039;olive extra vierge produite uniquement \u00e0 partir d&#039;olives Coratina des Pouilles.\" \/>\n<meta property=\"og:url\" content=\"https:\/\/dev.frantoiomuraglia.it\/fr\/produit\/fruitee-intense-500ml\/\" \/>\n<meta property=\"og:site_name\" content=\"Frantoio Muraglia\" \/>\n<meta property=\"article:modified_time\" content=\"2025-02-12T16:52:11+00:00\" \/>\n<meta property=\"og:image\" content=\"https:\/\/dev.frantoiomuraglia.it\/wp-content\/uploads\/2022\/03\/intenso-500.jpg\" \/>\n\t<meta property=\"og:image:width\" content=\"2180\" \/>\n\t<meta property=\"og:image:height\" content=\"2294\" \/>\n\t<meta property=\"og:image:type\" content=\"image\/jpeg\" \/>\n<meta name=\"twitter:card\" content=\"summary_large_image\" \/>\n<script type=\"application\/ld+json\" class=\"yoast-schema-graph\">{\"@context\":\"https:\/\/schema.org\",\"@graph\":[{\"@type\":\"WebPage\",\"@id\":\"https:\/\/dev.frantoiomuraglia.it\/fr\/produit\/fruitee-intense-500ml\/\",\"url\":\"https:\/\/dev.frantoiomuraglia.it\/fr\/produit\/fruitee-intense-500ml\/\",\"name\":\"Fruit\u00e9e Intense 500 ml - Frantoio Muraglia\",\"isPartOf\":{\"@id\":\"https:\/\/dev.frantoiomuraglia.it\/fr\/#website\"},\"primaryImageOfPage\":{\"@id\":\"https:\/\/dev.frantoiomuraglia.it\/fr\/produit\/fruitee-intense-500ml\/#primaryimage\"},\"image\":{\"@id\":\"https:\/\/dev.frantoiomuraglia.it\/fr\/produit\/fruitee-intense-500ml\/#primaryimage\"},\"thumbnailUrl\":\"https:\/\/dev.frantoiomuraglia.it\/wp-content\/uploads\/2022\/03\/intenso-500.jpg\",\"datePublished\":\"2022-05-04T09:19:00+00:00\",\"dateModified\":\"2025-02-12T16:52:11+00:00\",\"description\":\"Essenza Fruit\u00e9e Intense est une huile d'olive extra vierge produite uniquement \u00e0 partir d'olives Coratina des Pouilles.\",\"breadcrumb\":{\"@id\":\"https:\/\/dev.frantoiomuraglia.it\/fr\/produit\/fruitee-intense-500ml\/#breadcrumb\"},\"inLanguage\":\"fr-FR\",\"potentialAction\":[{\"@type\":\"ReadAction\",\"target\":[\"https:\/\/dev.frantoiomuraglia.it\/fr\/produit\/fruitee-intense-500ml\/\"]}]},{\"@type\":\"ImageObject\",\"inLanguage\":\"fr-FR\",\"@id\":\"https:\/\/dev.frantoiomuraglia.it\/fr\/produit\/fruitee-intense-500ml\/#primaryimage\",\"url\":\"https:\/\/dev.frantoiomuraglia.it\/wp-content\/uploads\/2022\/03\/intenso-500.jpg\",\"contentUrl\":\"https:\/\/dev.frantoiomuraglia.it\/wp-content\/uploads\/2022\/03\/intenso-500.jpg\",\"width\":2180,\"height\":2294},{\"@type\":\"BreadcrumbList\",\"@id\":\"https:\/\/dev.frantoiomuraglia.it\/fr\/produit\/fruitee-intense-500ml\/#breadcrumb\",\"itemListElement\":[{\"@type\":\"ListItem\",\"position\":1,\"name\":\"Home\",\"item\":\"https:\/\/dev.frantoiomuraglia.it\/fr\/\"},{\"@type\":\"ListItem\",\"position\":2,\"name\":\"Boutique\",\"item\":\"https:\/\/dev.frantoiomuraglia.it\/fr\/boutique\/\"},{\"@type\":\"ListItem\",\"position\":3,\"name\":\"Fruit\u00e9e Intense 500 ml\"}]},{\"@type\":\"WebSite\",\"@id\":\"https:\/\/dev.frantoiomuraglia.it\/fr\/#website\",\"url\":\"https:\/\/dev.frantoiomuraglia.it\/fr\/\",\"name\":\"Frantoio Muraglia\",\"description\":\"Just another WordPress site\",\"publisher\":{\"@id\":\"https:\/\/dev.frantoiomuraglia.it\/fr\/#organization\"},\"potentialAction\":[{\"@type\":\"SearchAction\",\"target\":{\"@type\":\"EntryPoint\",\"urlTemplate\":\"https:\/\/dev.frantoiomuraglia.it\/fr\/?s={search_term_string}\"},\"query-input\":{\"@type\":\"PropertyValueSpecification\",\"valueRequired\":true,\"valueName\":\"search_term_string\"}}],\"inLanguage\":\"fr-FR\"},{\"@type\":\"Organization\",\"@id\":\"https:\/\/dev.frantoiomuraglia.it\/fr\/#organization\",\"name\":\"Frantoio Muraglia\",\"url\":\"https:\/\/dev.frantoiomuraglia.it\/fr\/\",\"logo\":{\"@type\":\"ImageObject\",\"inLanguage\":\"fr-FR\",\"@id\":\"https:\/\/dev.frantoiomuraglia.it\/fr\/#\/schema\/logo\/image\/\",\"url\":\"https:\/\/www.frantoiomuraglia.it\/wp-content\/uploads\/2022\/06\/Logo-Frantoio-Muraglia-black-email.jpg\",\"contentUrl\":\"https:\/\/www.frantoiomuraglia.it\/wp-content\/uploads\/2022\/06\/Logo-Frantoio-Muraglia-black-email.jpg\",\"width\":326,\"height\":150,\"caption\":\"Frantoio Muraglia\"},\"image\":{\"@id\":\"https:\/\/dev.frantoiomuraglia.it\/fr\/#\/schema\/logo\/image\/\"}}]}<\/script>\n<!-- \/ Yoast SEO plugin. -->","yoast_head_json":{"title":"Fruit\u00e9e Intense 500 ml - Frantoio Muraglia","description":"Essenza Fruit\u00e9e Intense est une huile d'olive extra vierge produite uniquement \u00e0 partir d'olives Coratina des Pouilles.","robots":{"index":"noindex","follow":"follow","max-snippet":"max-snippet:-1","max-image-preview":"max-image-preview:large","max-video-preview":"max-video-preview:-1"},"og_locale":"fr_FR","og_type":"article","og_title":"Fruit\u00e9e Intense 500 ml - Frantoio Muraglia","og_description":"Essenza Fruit\u00e9e Intense est une huile d'olive extra vierge produite uniquement \u00e0 partir d'olives Coratina des Pouilles.","og_url":"https:\/\/dev.frantoiomuraglia.it\/fr\/produit\/fruitee-intense-500ml\/","og_site_name":"Frantoio Muraglia","article_modified_time":"2025-02-12T16:52:11+00:00","og_image":[{"width":2180,"height":2294,"url":"https:\/\/dev.frantoiomuraglia.it\/wp-content\/uploads\/2022\/03\/intenso-500.jpg","type":"image\/jpeg"}],"twitter_card":"summary_large_image","schema":{"@context":"https:\/\/schema.org","@graph":[{"@type":"WebPage","@id":"https:\/\/dev.frantoiomuraglia.it\/fr\/produit\/fruitee-intense-500ml\/","url":"https:\/\/dev.frantoiomuraglia.it\/fr\/produit\/fruitee-intense-500ml\/","name":"Fruit\u00e9e Intense 500 ml - Frantoio Muraglia","isPartOf":{"@id":"https:\/\/dev.frantoiomuraglia.it\/fr\/#website"},"primaryImageOfPage":{"@id":"https:\/\/dev.frantoiomuraglia.it\/fr\/produit\/fruitee-intense-500ml\/#primaryimage"},"image":{"@id":"https:\/\/dev.frantoiomuraglia.it\/fr\/produit\/fruitee-intense-500ml\/#primaryimage"},"thumbnailUrl":"https:\/\/dev.frantoiomuraglia.it\/wp-content\/uploads\/2022\/03\/intenso-500.jpg","datePublished":"2022-05-04T09:19:00+00:00","dateModified":"2025-02-12T16:52:11+00:00","description":"Essenza Fruit\u00e9e Intense est une huile d'olive extra vierge produite uniquement \u00e0 partir d'olives Coratina des Pouilles.","breadcrumb":{"@id":"https:\/\/dev.frantoiomuraglia.it\/fr\/produit\/fruitee-intense-500ml\/#breadcrumb"},"inLanguage":"fr-FR","potentialAction":[{"@type":"ReadAction","target":["https:\/\/dev.frantoiomuraglia.it\/fr\/produit\/fruitee-intense-500ml\/"]}]},{"@type":"ImageObject","inLanguage":"fr-FR","@id":"https:\/\/dev.frantoiomuraglia.it\/fr\/produit\/fruitee-intense-500ml\/#primaryimage","url":"https:\/\/dev.frantoiomuraglia.it\/wp-content\/uploads\/2022\/03\/intenso-500.jpg","contentUrl":"https:\/\/dev.frantoiomuraglia.it\/wp-content\/uploads\/2022\/03\/intenso-500.jpg","width":2180,"height":2294},{"@type":"BreadcrumbList","@id":"https:\/\/dev.frantoiomuraglia.it\/fr\/produit\/fruitee-intense-500ml\/#breadcrumb","itemListElement":[{"@type":"ListItem","position":1,"name":"Home","item":"https:\/\/dev.frantoiomuraglia.it\/fr\/"},{"@type":"ListItem","position":2,"name":"Boutique","item":"https:\/\/dev.frantoiomuraglia.it\/fr\/boutique\/"},{"@type":"ListItem","position":3,"name":"Fruit\u00e9e Intense 500 ml"}]},{"@type":"WebSite","@id":"https:\/\/dev.frantoiomuraglia.it\/fr\/#website","url":"https:\/\/dev.frantoiomuraglia.it\/fr\/","name":"Frantoio Muraglia","description":"Just another WordPress site","publisher":{"@id":"https:\/\/dev.frantoiomuraglia.it\/fr\/#organization"},"potentialAction":[{"@type":"SearchAction","target":{"@type":"EntryPoint","urlTemplate":"https:\/\/dev.frantoiomuraglia.it\/fr\/?s={search_term_string}"},"query-input":{"@type":"PropertyValueSpecification","valueRequired":true,"valueName":"search_term_string"}}],"inLanguage":"fr-FR"},{"@type":"Organization","@id":"https:\/\/dev.frantoiomuraglia.it\/fr\/#organization","name":"Frantoio Muraglia","url":"https:\/\/dev.frantoiomuraglia.it\/fr\/","logo":{"@type":"ImageObject","inLanguage":"fr-FR","@id":"https:\/\/dev.frantoiomuraglia.it\/fr\/#\/schema\/logo\/image\/","url":"https:\/\/www.frantoiomuraglia.it\/wp-content\/uploads\/2022\/06\/Logo-Frantoio-Muraglia-black-email.jpg","contentUrl":"https:\/\/www.frantoiomuraglia.it\/wp-content\/uploads\/2022\/06\/Logo-Frantoio-Muraglia-black-email.jpg","width":326,"height":150,"caption":"Frantoio Muraglia"},"image":{"@id":"https:\/\/dev.frantoiomuraglia.it\/fr\/#\/schema\/logo\/image\/"}}]}},"_links":{"self":[{"href":"https:\/\/dev.frantoiomuraglia.it\/fr\/wp-json\/wp\/v2\/product\/6464","targetHints":{"allow":["GET"]}}],"collection":[{"href":"https:\/\/dev.frantoiomuraglia.it\/fr\/wp-json\/wp\/v2\/product"}],"about":[{"href":"https:\/\/dev.frantoiomuraglia.it\/fr\/wp-json\/wp\/v2\/types\/product"}],"wp:featuredmedia":[{"embeddable":true,"href":"https:\/\/dev.frantoiomuraglia.it\/fr\/wp-json\/wp\/v2\/media\/33398"}],"wp:attachment":[{"href":"https:\/\/dev.frantoiomuraglia.it\/fr\/wp-json\/wp\/v2\/media?parent=6464"}],"wp:term":[{"taxonomy":"product_cat","embeddable":true,"href":"https:\/\/dev.frantoiomuraglia.it\/fr\/wp-json\/wp\/v2\/product_cat?post=6464"},{"taxonomy":"product_tag","embeddable":true,"href":"https:\/\/dev.frantoiomuraglia.it\/fr\/wp-json\/wp\/v2\/product_tag?post=6464"}],"curies":[{"name":"wp","href":"https:\/\/api.w.org\/{rel}","templated":true}]}}