{"id":6444,"date":"2022-03-24T14:12:06","date_gmt":"2022-05-03T15:24:28","guid":{"rendered":"https:\/\/dev.frantoiomuraglia.it\/product\/jarre-en-ceramique-arc-en-ciel\/"},"modified":"2025-06-06T16:27:11","modified_gmt":"2025-06-06T14:27:11","slug":"jarre-en-ceramique-arc-en-ciel","status":"publish","type":"product","link":"https:\/\/dev.frantoiomuraglia.it\/fr\/produit\/jarre-en-ceramique-arc-en-ciel\/","title":{"rendered":"Jarre en c\u00e9ramique arc-en-ciel"},"content":{"rendered":"<p>Arc-en-ciel est une v\u00e9ritable ic\u00f4ne de style.<\/p>\n<p>La jarre en c\u00e9ramique, fabriqu\u00e9e \u00e0 la main par nos artisans, colore la table, r\u00e9chauffe la cuisine et pr\u00e9serve tous les parfums et la saveur de notre huile d&rsquo;olive extra vierge.<\/p>\n<p>L&rsquo;art dans chaque geste et chaque choix. De nombreuses personnes nous ont connus gr\u00e2ce \u00e0 la beaut\u00e9 de nos produits, puis les ont go\u00fbt\u00e9s et se sont rendus compte qu&rsquo;il y a du bon dans la beaut\u00e9. L&rsquo;art des mains savantes de nos artisans, qui fa\u00e7onnent, au sens propre du terme, les jarres en c\u00e9ramique de renomm\u00e9e mondiale.<\/p>\n<p>L&rsquo;une d&rsquo;entre elles, le symbole le plus embl\u00e9matique et le plus reconnu de notre moulin \u00e0 huile, est la jarre Arc-en-ciel. Vous pouvez choisir entre deux variantes, Fruit\u00e9e Moyenne ou Fruit\u00e9e Intense.<\/p>\n","protected":false},"excerpt":{"rendered":"<p>Arc-en-ciel est une v\u00e9ritable ic\u00f4ne de style. La jarre en c\u00e9ramique, fabriqu\u00e9e \u00e0 la main par nos artisans, colore la table, r\u00e9chauffe la cuisine et pr\u00e9serve tous les parfums et la saveur de notre huile d&rsquo;olive extra vierge. L&rsquo;art dans chaque geste et chaque choix. De nombreuses personnes nous ont connus gr\u00e2ce \u00e0 la beaut\u00e9 [&hellip;]<\/p>\n","protected":false},"featured_media":5880,"template":"","meta":{"_acf_changed":false},"product_cat":[134,155,135,354],"product_tag":[284,309,285,313,370,140],"class_list":{"0":"post-6444","1":"product","2":"type-product","3":"status-publish","4":"has-post-thumbnail","6":"product_cat-jarres","7":"product_cat-upsell_astuccio_orcio-fr","8":"product_cat-upsell_shopper-fr","9":"product_cat-jarre-collection","10":"product_tag-featured-fr-2","11":"product_tag-intense-variant-fr","12":"product_tag-jars-fr-2","13":"product_tag-medium-variant-fr","14":"product_tag-tpl_jars-fr","15":"product_tag-upsell_shopper-fr","17":"first","18":"instock","19":"taxable","20":"shipping-taxable","21":"purchasable","22":"product-type-variable"},"acf":[],"yoast_head":"<!-- This site is optimized with the Yoast SEO plugin v26.8 - https:\/\/yoast.com\/product\/yoast-seo-wordpress\/ -->\n<title>Jarre en c\u00e9ramique arc-en-ciel - Frantoio Muraglia<\/title>\n<meta name=\"description\" content=\"Le pot en c\u00e9ramique arc-en-ciel est fabriqu\u00e9 \u00e0 la main par nos artisans et contient tout le parfum et la saveur de notre huile d&#039;olive extra vierge.\" \/>\n<meta name=\"robots\" content=\"noindex, follow, max-snippet:-1, max-image-preview:large, max-video-preview:-1\" \/>\n<meta property=\"og:locale\" content=\"fr_FR\" \/>\n<meta property=\"og:type\" content=\"article\" \/>\n<meta property=\"og:title\" content=\"Jarre en c\u00e9ramique arc-en-ciel - Frantoio Muraglia\" \/>\n<meta property=\"og:description\" content=\"Le pot en c\u00e9ramique arc-en-ciel est fabriqu\u00e9 \u00e0 la main par nos artisans et contient tout le parfum et la saveur de notre huile d&#039;olive extra vierge.\" \/>\n<meta property=\"og:url\" content=\"https:\/\/dev.frantoiomuraglia.it\/fr\/produit\/jarre-en-ceramique-arc-en-ciel\/\" \/>\n<meta property=\"og:site_name\" content=\"Frantoio Muraglia\" \/>\n<meta property=\"article:modified_time\" content=\"2025-06-06T14:27:11+00:00\" \/>\n<meta property=\"og:image\" content=\"https:\/\/dev.frantoiomuraglia.it\/wp-content\/uploads\/2022\/03\/Orcio-in-ceramica-arcobaleno-3-1.jpg\" \/>\n\t<meta property=\"og:image:width\" content=\"2180\" \/>\n\t<meta property=\"og:image:height\" content=\"2294\" \/>\n\t<meta property=\"og:image:type\" content=\"image\/jpeg\" \/>\n<meta name=\"twitter:card\" content=\"summary_large_image\" \/>\n<script type=\"application\/ld+json\" class=\"yoast-schema-graph\">{\"@context\":\"https:\/\/schema.org\",\"@graph\":[{\"@type\":\"WebPage\",\"@id\":\"https:\/\/dev.frantoiomuraglia.it\/fr\/produit\/jarre-en-ceramique-arc-en-ciel\/\",\"url\":\"https:\/\/dev.frantoiomuraglia.it\/fr\/produit\/jarre-en-ceramique-arc-en-ciel\/\",\"name\":\"Jarre en c\u00e9ramique arc-en-ciel - Frantoio Muraglia\",\"isPartOf\":{\"@id\":\"https:\/\/dev.frantoiomuraglia.it\/fr\/#website\"},\"primaryImageOfPage\":{\"@id\":\"https:\/\/dev.frantoiomuraglia.it\/fr\/produit\/jarre-en-ceramique-arc-en-ciel\/#primaryimage\"},\"image\":{\"@id\":\"https:\/\/dev.frantoiomuraglia.it\/fr\/produit\/jarre-en-ceramique-arc-en-ciel\/#primaryimage\"},\"thumbnailUrl\":\"https:\/\/dev.frantoiomuraglia.it\/wp-content\/uploads\/2022\/03\/Orcio-in-ceramica-arcobaleno-3-1.jpg\",\"datePublished\":\"2022-05-03T15:24:28+00:00\",\"dateModified\":\"2025-06-06T14:27:11+00:00\",\"description\":\"Le pot en c\u00e9ramique arc-en-ciel est fabriqu\u00e9 \u00e0 la main par nos artisans et contient tout le parfum et la saveur de notre huile d'olive extra vierge.\",\"breadcrumb\":{\"@id\":\"https:\/\/dev.frantoiomuraglia.it\/fr\/produit\/jarre-en-ceramique-arc-en-ciel\/#breadcrumb\"},\"inLanguage\":\"fr-FR\",\"potentialAction\":[{\"@type\":\"ReadAction\",\"target\":[\"https:\/\/dev.frantoiomuraglia.it\/fr\/produit\/jarre-en-ceramique-arc-en-ciel\/\"]}]},{\"@type\":\"ImageObject\",\"inLanguage\":\"fr-FR\",\"@id\":\"https:\/\/dev.frantoiomuraglia.it\/fr\/produit\/jarre-en-ceramique-arc-en-ciel\/#primaryimage\",\"url\":\"https:\/\/dev.frantoiomuraglia.it\/wp-content\/uploads\/2022\/03\/Orcio-in-ceramica-arcobaleno-3-1.jpg\",\"contentUrl\":\"https:\/\/dev.frantoiomuraglia.it\/wp-content\/uploads\/2022\/03\/Orcio-in-ceramica-arcobaleno-3-1.jpg\",\"width\":2180,\"height\":2294},{\"@type\":\"BreadcrumbList\",\"@id\":\"https:\/\/dev.frantoiomuraglia.it\/fr\/produit\/jarre-en-ceramique-arc-en-ciel\/#breadcrumb\",\"itemListElement\":[{\"@type\":\"ListItem\",\"position\":1,\"name\":\"Home\",\"item\":\"https:\/\/dev.frantoiomuraglia.it\/fr\/\"},{\"@type\":\"ListItem\",\"position\":2,\"name\":\"Boutique\",\"item\":\"https:\/\/dev.frantoiomuraglia.it\/fr\/boutique\/\"},{\"@type\":\"ListItem\",\"position\":3,\"name\":\"Jarre en c\u00e9ramique arc-en-ciel\"}]},{\"@type\":\"WebSite\",\"@id\":\"https:\/\/dev.frantoiomuraglia.it\/fr\/#website\",\"url\":\"https:\/\/dev.frantoiomuraglia.it\/fr\/\",\"name\":\"Frantoio Muraglia\",\"description\":\"Just another WordPress site\",\"publisher\":{\"@id\":\"https:\/\/dev.frantoiomuraglia.it\/fr\/#organization\"},\"potentialAction\":[{\"@type\":\"SearchAction\",\"target\":{\"@type\":\"EntryPoint\",\"urlTemplate\":\"https:\/\/dev.frantoiomuraglia.it\/fr\/?s={search_term_string}\"},\"query-input\":{\"@type\":\"PropertyValueSpecification\",\"valueRequired\":true,\"valueName\":\"search_term_string\"}}],\"inLanguage\":\"fr-FR\"},{\"@type\":\"Organization\",\"@id\":\"https:\/\/dev.frantoiomuraglia.it\/fr\/#organization\",\"name\":\"Frantoio Muraglia\",\"url\":\"https:\/\/dev.frantoiomuraglia.it\/fr\/\",\"logo\":{\"@type\":\"ImageObject\",\"inLanguage\":\"fr-FR\",\"@id\":\"https:\/\/dev.frantoiomuraglia.it\/fr\/#\/schema\/logo\/image\/\",\"url\":\"https:\/\/www.frantoiomuraglia.it\/wp-content\/uploads\/2022\/06\/Logo-Frantoio-Muraglia-black-email.jpg\",\"contentUrl\":\"https:\/\/www.frantoiomuraglia.it\/wp-content\/uploads\/2022\/06\/Logo-Frantoio-Muraglia-black-email.jpg\",\"width\":326,\"height\":150,\"caption\":\"Frantoio Muraglia\"},\"image\":{\"@id\":\"https:\/\/dev.frantoiomuraglia.it\/fr\/#\/schema\/logo\/image\/\"}}]}<\/script>\n<!-- \/ Yoast SEO plugin. -->","yoast_head_json":{"title":"Jarre en c\u00e9ramique arc-en-ciel - Frantoio Muraglia","description":"Le pot en c\u00e9ramique arc-en-ciel est fabriqu\u00e9 \u00e0 la main par nos artisans et contient tout le parfum et la saveur de notre huile d'olive extra vierge.","robots":{"index":"noindex","follow":"follow","max-snippet":"max-snippet:-1","max-image-preview":"max-image-preview:large","max-video-preview":"max-video-preview:-1"},"og_locale":"fr_FR","og_type":"article","og_title":"Jarre en c\u00e9ramique arc-en-ciel - Frantoio Muraglia","og_description":"Le pot en c\u00e9ramique arc-en-ciel est fabriqu\u00e9 \u00e0 la main par nos artisans et contient tout le parfum et la saveur de notre huile d'olive extra vierge.","og_url":"https:\/\/dev.frantoiomuraglia.it\/fr\/produit\/jarre-en-ceramique-arc-en-ciel\/","og_site_name":"Frantoio Muraglia","article_modified_time":"2025-06-06T14:27:11+00:00","og_image":[{"width":2180,"height":2294,"url":"https:\/\/dev.frantoiomuraglia.it\/wp-content\/uploads\/2022\/03\/Orcio-in-ceramica-arcobaleno-3-1.jpg","type":"image\/jpeg"}],"twitter_card":"summary_large_image","schema":{"@context":"https:\/\/schema.org","@graph":[{"@type":"WebPage","@id":"https:\/\/dev.frantoiomuraglia.it\/fr\/produit\/jarre-en-ceramique-arc-en-ciel\/","url":"https:\/\/dev.frantoiomuraglia.it\/fr\/produit\/jarre-en-ceramique-arc-en-ciel\/","name":"Jarre en c\u00e9ramique arc-en-ciel - Frantoio Muraglia","isPartOf":{"@id":"https:\/\/dev.frantoiomuraglia.it\/fr\/#website"},"primaryImageOfPage":{"@id":"https:\/\/dev.frantoiomuraglia.it\/fr\/produit\/jarre-en-ceramique-arc-en-ciel\/#primaryimage"},"image":{"@id":"https:\/\/dev.frantoiomuraglia.it\/fr\/produit\/jarre-en-ceramique-arc-en-ciel\/#primaryimage"},"thumbnailUrl":"https:\/\/dev.frantoiomuraglia.it\/wp-content\/uploads\/2022\/03\/Orcio-in-ceramica-arcobaleno-3-1.jpg","datePublished":"2022-05-03T15:24:28+00:00","dateModified":"2025-06-06T14:27:11+00:00","description":"Le pot en c\u00e9ramique arc-en-ciel est fabriqu\u00e9 \u00e0 la main par nos artisans et contient tout le parfum et la saveur de notre huile d'olive extra vierge.","breadcrumb":{"@id":"https:\/\/dev.frantoiomuraglia.it\/fr\/produit\/jarre-en-ceramique-arc-en-ciel\/#breadcrumb"},"inLanguage":"fr-FR","potentialAction":[{"@type":"ReadAction","target":["https:\/\/dev.frantoiomuraglia.it\/fr\/produit\/jarre-en-ceramique-arc-en-ciel\/"]}]},{"@type":"ImageObject","inLanguage":"fr-FR","@id":"https:\/\/dev.frantoiomuraglia.it\/fr\/produit\/jarre-en-ceramique-arc-en-ciel\/#primaryimage","url":"https:\/\/dev.frantoiomuraglia.it\/wp-content\/uploads\/2022\/03\/Orcio-in-ceramica-arcobaleno-3-1.jpg","contentUrl":"https:\/\/dev.frantoiomuraglia.it\/wp-content\/uploads\/2022\/03\/Orcio-in-ceramica-arcobaleno-3-1.jpg","width":2180,"height":2294},{"@type":"BreadcrumbList","@id":"https:\/\/dev.frantoiomuraglia.it\/fr\/produit\/jarre-en-ceramique-arc-en-ciel\/#breadcrumb","itemListElement":[{"@type":"ListItem","position":1,"name":"Home","item":"https:\/\/dev.frantoiomuraglia.it\/fr\/"},{"@type":"ListItem","position":2,"name":"Boutique","item":"https:\/\/dev.frantoiomuraglia.it\/fr\/boutique\/"},{"@type":"ListItem","position":3,"name":"Jarre en c\u00e9ramique arc-en-ciel"}]},{"@type":"WebSite","@id":"https:\/\/dev.frantoiomuraglia.it\/fr\/#website","url":"https:\/\/dev.frantoiomuraglia.it\/fr\/","name":"Frantoio Muraglia","description":"Just another WordPress site","publisher":{"@id":"https:\/\/dev.frantoiomuraglia.it\/fr\/#organization"},"potentialAction":[{"@type":"SearchAction","target":{"@type":"EntryPoint","urlTemplate":"https:\/\/dev.frantoiomuraglia.it\/fr\/?s={search_term_string}"},"query-input":{"@type":"PropertyValueSpecification","valueRequired":true,"valueName":"search_term_string"}}],"inLanguage":"fr-FR"},{"@type":"Organization","@id":"https:\/\/dev.frantoiomuraglia.it\/fr\/#organization","name":"Frantoio Muraglia","url":"https:\/\/dev.frantoiomuraglia.it\/fr\/","logo":{"@type":"ImageObject","inLanguage":"fr-FR","@id":"https:\/\/dev.frantoiomuraglia.it\/fr\/#\/schema\/logo\/image\/","url":"https:\/\/www.frantoiomuraglia.it\/wp-content\/uploads\/2022\/06\/Logo-Frantoio-Muraglia-black-email.jpg","contentUrl":"https:\/\/www.frantoiomuraglia.it\/wp-content\/uploads\/2022\/06\/Logo-Frantoio-Muraglia-black-email.jpg","width":326,"height":150,"caption":"Frantoio Muraglia"},"image":{"@id":"https:\/\/dev.frantoiomuraglia.it\/fr\/#\/schema\/logo\/image\/"}}]}},"_links":{"self":[{"href":"https:\/\/dev.frantoiomuraglia.it\/fr\/wp-json\/wp\/v2\/product\/6444","targetHints":{"allow":["GET"]}}],"collection":[{"href":"https:\/\/dev.frantoiomuraglia.it\/fr\/wp-json\/wp\/v2\/product"}],"about":[{"href":"https:\/\/dev.frantoiomuraglia.it\/fr\/wp-json\/wp\/v2\/types\/product"}],"wp:featuredmedia":[{"embeddable":true,"href":"https:\/\/dev.frantoiomuraglia.it\/fr\/wp-json\/wp\/v2\/media\/5880"}],"wp:attachment":[{"href":"https:\/\/dev.frantoiomuraglia.it\/fr\/wp-json\/wp\/v2\/media?parent=6444"}],"wp:term":[{"taxonomy":"product_cat","embeddable":true,"href":"https:\/\/dev.frantoiomuraglia.it\/fr\/wp-json\/wp\/v2\/product_cat?post=6444"},{"taxonomy":"product_tag","embeddable":true,"href":"https:\/\/dev.frantoiomuraglia.it\/fr\/wp-json\/wp\/v2\/product_tag?post=6444"}],"curies":[{"name":"wp","href":"https:\/\/api.w.org\/{rel}","templated":true}]}}