{"id":38184,"date":"2025-04-03T12:07:06","date_gmt":"2025-04-03T15:43:36","guid":{"rendered":"https:\/\/www.frantoiomuraglia.it\/?post_type=product&#038;p=38184"},"modified":"2025-06-27T11:51:47","modified_gmt":"2025-06-27T09:51:47","slug":"jarre-arc-en-ciel-bleue-edition-limitee","status":"publish","type":"product","link":"https:\/\/dev.frantoiomuraglia.it\/fr\/produit\/jarre-arc-en-ciel-bleue-edition-limitee\/","title":{"rendered":"Jarre arc-en-ciel bleue \u00e9dition limit\u00e9e"},"content":{"rendered":"<p style=\"font-weight: 400;\">Un design \u00e0 admirer, un go\u00fbt \u00e0 savourer.<br \/>\nPer la Milano Design Week 2025, Frantoio Muraglia celebra l&rsquo;incontro tra radici e visione contemporanea con due edizioni limitate dell&rsquo;iconico orcio in ceramica Arcobaleno, nelle varianti cromatiche blu e giallo. Due interpretazioni inedite, dove il colore si fa materia e il design diventa espressione di un&rsquo;arte senza tempo. <\/p>\n<p>Chaque pot est une pi\u00e8ce unique, fa\u00e7onn\u00e9e par l&rsquo;artisanat et con\u00e7ue pour contenir l&rsquo;essence la plus authentique de notre huile d&rsquo;olive extra vierge des Pouilles. Un objet qui est \u00e0 la fois une histoire, une exp\u00e9rience et un plaisir quotidien. Exclusivement en ligne.  <\/p>\n<p style=\"font-weight: 400;\">Contient une huile fruit\u00e9e intense.<\/p>\n<p>Tous les conseils d&rsquo;utilisation dans \u201cCulture de l\u2019huile\u201d.<\/p>\n","protected":false},"excerpt":{"rendered":"<p style=\"font-weight: 400;\">Un design \u00e0 admirer, un go\u00fbt \u00e0 savourer.<br \/>\nPer la Milano Design Week 2025, Frantoio Muraglia celebra l&rsquo;incontro tra radici e visione contemporanea con due edizioni limitate dell&rsquo;iconico orcio in ceramica Arcobaleno, nelle varianti cromatiche blu e giallo. Due interpretazioni inedite, dove il colore si fa materia e il design diventa espressione di un&rsquo;arte senza tempo. <\/p>\n<p>Chaque pot est une pi\u00e8ce unique, fa\u00e7onn\u00e9e par l&rsquo;artisanat et con\u00e7ue pour contenir l&rsquo;essence la plus authentique de notre huile d&rsquo;olive extra vierge des Pouilles. Un objet qui est \u00e0 la fois une histoire, une exp\u00e9rience et un plaisir quotidien. Exclusivement en ligne.  <\/p>\n<p style=\"font-weight: 400;\">Contient une huile fruit\u00e9e intense.<\/p>\n","protected":false},"featured_media":38171,"template":"","meta":{"_acf_changed":false},"product_cat":[134,155],"product_tag":[309,285],"class_list":{"0":"post-38184","1":"product","2":"type-product","3":"status-publish","4":"has-post-thumbnail","6":"product_cat-jarres","7":"product_cat-upsell_astuccio_orcio-fr","8":"product_tag-intense-variant-fr","9":"product_tag-jars-fr-2","11":"first","12":"instock","13":"taxable","14":"shipping-taxable","15":"purchasable","16":"product-type-simple"},"acf":[],"yoast_head":"<!-- This site is optimized with the Yoast SEO plugin v26.8 - https:\/\/yoast.com\/product\/yoast-seo-wordpress\/ -->\n<title>Jarre arc-en-ciel bleue \u00e9dition limit\u00e9e - Frantoio Muraglia<\/title>\n<meta name=\"description\" content=\"\u00c0 l&#039;occasion de la Semaine du design de Milan 2025, Frantoio Muraglia c\u00e9l\u00e8bre la rencontre entre les racines et la vision contemporaine avec deux \u00e9ditions limit\u00e9es de l&#039;iconique pot en c\u00e9ramique Arc-en-ciel, en bleu et en jaune. Deux interpr\u00e9tations in\u00e9dites, o\u00f9 la couleur devient mati\u00e8re et le design l&#039;expression d&#039;un art intemporel. Chaque pot est une pi\u00e8ce unique, model\u00e9e par l&#039;artisanat et con\u00e7ue pour contenir l&#039;essence la plus authentique de notre huile d&#039;olive extra vierge des Pouilles. Un objet qui est \u00e0 la fois une histoire, une exp\u00e9rience et un plaisir quotidien. Exclusivit\u00e9 en ligne. Contient de l&#039;huile fruit\u00e9e intense..\" \/>\n<meta name=\"robots\" content=\"noindex, follow, max-snippet:-1, max-image-preview:large, max-video-preview:-1\" \/>\n<meta property=\"og:locale\" content=\"fr_FR\" \/>\n<meta property=\"og:type\" content=\"article\" \/>\n<meta property=\"og:title\" content=\"Jarre arc-en-ciel bleue \u00e9dition limit\u00e9e - Frantoio Muraglia\" \/>\n<meta property=\"og:description\" content=\"\u00c0 l&#039;occasion de la Semaine du design de Milan 2025, Frantoio Muraglia c\u00e9l\u00e8bre la rencontre entre les racines et la vision contemporaine avec deux \u00e9ditions limit\u00e9es de l&#039;iconique pot en c\u00e9ramique Arc-en-ciel, en bleu et en jaune. Deux interpr\u00e9tations in\u00e9dites, o\u00f9 la couleur devient mati\u00e8re et le design l&#039;expression d&#039;un art intemporel. Chaque pot est une pi\u00e8ce unique, model\u00e9e par l&#039;artisanat et con\u00e7ue pour contenir l&#039;essence la plus authentique de notre huile d&#039;olive extra vierge des Pouilles. Un objet qui est \u00e0 la fois une histoire, une exp\u00e9rience et un plaisir quotidien. Exclusivit\u00e9 en ligne. Contient de l&#039;huile fruit\u00e9e intense..\" \/>\n<meta property=\"og:url\" content=\"https:\/\/dev.frantoiomuraglia.it\/fr\/produit\/jarre-arc-en-ciel-bleue-edition-limitee\/\" \/>\n<meta property=\"og:site_name\" content=\"Frantoio Muraglia\" \/>\n<meta property=\"article:modified_time\" content=\"2025-06-27T09:51:47+00:00\" \/>\n<meta property=\"og:image\" content=\"https:\/\/dev.frantoiomuraglia.it\/wp-content\/uploads\/2025\/04\/ORCIODESIGNWEEKBLUorizzontale_web.jpg\" \/>\n\t<meta property=\"og:image:width\" content=\"2180\" \/>\n\t<meta property=\"og:image:height\" content=\"2294\" \/>\n\t<meta property=\"og:image:type\" content=\"image\/jpeg\" \/>\n<meta name=\"twitter:card\" content=\"summary_large_image\" \/>\n<script type=\"application\/ld+json\" class=\"yoast-schema-graph\">{\"@context\":\"https:\/\/schema.org\",\"@graph\":[{\"@type\":\"WebPage\",\"@id\":\"https:\/\/dev.frantoiomuraglia.it\/fr\/produit\/jarre-arc-en-ciel-bleue-edition-limitee\/\",\"url\":\"https:\/\/dev.frantoiomuraglia.it\/fr\/produit\/jarre-arc-en-ciel-bleue-edition-limitee\/\",\"name\":\"Jarre arc-en-ciel bleue \u00e9dition limit\u00e9e - Frantoio Muraglia\",\"isPartOf\":{\"@id\":\"https:\/\/dev.frantoiomuraglia.it\/fr\/#website\"},\"primaryImageOfPage\":{\"@id\":\"https:\/\/dev.frantoiomuraglia.it\/fr\/produit\/jarre-arc-en-ciel-bleue-edition-limitee\/#primaryimage\"},\"image\":{\"@id\":\"https:\/\/dev.frantoiomuraglia.it\/fr\/produit\/jarre-arc-en-ciel-bleue-edition-limitee\/#primaryimage\"},\"thumbnailUrl\":\"https:\/\/dev.frantoiomuraglia.it\/wp-content\/uploads\/2025\/04\/ORCIODESIGNWEEKBLUorizzontale_web.jpg\",\"datePublished\":\"2025-04-03T15:43:36+00:00\",\"dateModified\":\"2025-06-27T09:51:47+00:00\",\"description\":\"\u00c0 l'occasion de la Semaine du design de Milan 2025, Frantoio Muraglia c\u00e9l\u00e8bre la rencontre entre les racines et la vision contemporaine avec deux \u00e9ditions limit\u00e9es de l'iconique pot en c\u00e9ramique Arc-en-ciel, en bleu et en jaune. Deux interpr\u00e9tations in\u00e9dites, o\u00f9 la couleur devient mati\u00e8re et le design l'expression d'un art intemporel. Chaque pot est une pi\u00e8ce unique, model\u00e9e par l'artisanat et con\u00e7ue pour contenir l'essence la plus authentique de notre huile d'olive extra vierge des Pouilles. Un objet qui est \u00e0 la fois une histoire, une exp\u00e9rience et un plaisir quotidien. Exclusivit\u00e9 en ligne. Contient de l'huile fruit\u00e9e intense..\",\"breadcrumb\":{\"@id\":\"https:\/\/dev.frantoiomuraglia.it\/fr\/produit\/jarre-arc-en-ciel-bleue-edition-limitee\/#breadcrumb\"},\"inLanguage\":\"fr-FR\",\"potentialAction\":[{\"@type\":\"ReadAction\",\"target\":[\"https:\/\/dev.frantoiomuraglia.it\/fr\/produit\/jarre-arc-en-ciel-bleue-edition-limitee\/\"]}]},{\"@type\":\"ImageObject\",\"inLanguage\":\"fr-FR\",\"@id\":\"https:\/\/dev.frantoiomuraglia.it\/fr\/produit\/jarre-arc-en-ciel-bleue-edition-limitee\/#primaryimage\",\"url\":\"https:\/\/dev.frantoiomuraglia.it\/wp-content\/uploads\/2025\/04\/ORCIODESIGNWEEKBLUorizzontale_web.jpg\",\"contentUrl\":\"https:\/\/dev.frantoiomuraglia.it\/wp-content\/uploads\/2025\/04\/ORCIODESIGNWEEKBLUorizzontale_web.jpg\",\"width\":2180,\"height\":2294},{\"@type\":\"BreadcrumbList\",\"@id\":\"https:\/\/dev.frantoiomuraglia.it\/fr\/produit\/jarre-arc-en-ciel-bleue-edition-limitee\/#breadcrumb\",\"itemListElement\":[{\"@type\":\"ListItem\",\"position\":1,\"name\":\"Home\",\"item\":\"https:\/\/dev.frantoiomuraglia.it\/fr\/\"},{\"@type\":\"ListItem\",\"position\":2,\"name\":\"Boutique\",\"item\":\"https:\/\/dev.frantoiomuraglia.it\/fr\/boutique\/\"},{\"@type\":\"ListItem\",\"position\":3,\"name\":\"Jarre arc-en-ciel bleue \u00e9dition limit\u00e9e\"}]},{\"@type\":\"WebSite\",\"@id\":\"https:\/\/dev.frantoiomuraglia.it\/fr\/#website\",\"url\":\"https:\/\/dev.frantoiomuraglia.it\/fr\/\",\"name\":\"Frantoio Muraglia\",\"description\":\"Just another WordPress site\",\"publisher\":{\"@id\":\"https:\/\/dev.frantoiomuraglia.it\/fr\/#organization\"},\"potentialAction\":[{\"@type\":\"SearchAction\",\"target\":{\"@type\":\"EntryPoint\",\"urlTemplate\":\"https:\/\/dev.frantoiomuraglia.it\/fr\/?s={search_term_string}\"},\"query-input\":{\"@type\":\"PropertyValueSpecification\",\"valueRequired\":true,\"valueName\":\"search_term_string\"}}],\"inLanguage\":\"fr-FR\"},{\"@type\":\"Organization\",\"@id\":\"https:\/\/dev.frantoiomuraglia.it\/fr\/#organization\",\"name\":\"Frantoio Muraglia\",\"url\":\"https:\/\/dev.frantoiomuraglia.it\/fr\/\",\"logo\":{\"@type\":\"ImageObject\",\"inLanguage\":\"fr-FR\",\"@id\":\"https:\/\/dev.frantoiomuraglia.it\/fr\/#\/schema\/logo\/image\/\",\"url\":\"https:\/\/www.frantoiomuraglia.it\/wp-content\/uploads\/2022\/06\/Logo-Frantoio-Muraglia-black-email.jpg\",\"contentUrl\":\"https:\/\/www.frantoiomuraglia.it\/wp-content\/uploads\/2022\/06\/Logo-Frantoio-Muraglia-black-email.jpg\",\"width\":326,\"height\":150,\"caption\":\"Frantoio Muraglia\"},\"image\":{\"@id\":\"https:\/\/dev.frantoiomuraglia.it\/fr\/#\/schema\/logo\/image\/\"}}]}<\/script>\n<!-- \/ Yoast SEO plugin. -->","yoast_head_json":{"title":"Jarre arc-en-ciel bleue \u00e9dition limit\u00e9e - Frantoio Muraglia","description":"\u00c0 l'occasion de la Semaine du design de Milan 2025, Frantoio Muraglia c\u00e9l\u00e8bre la rencontre entre les racines et la vision contemporaine avec deux \u00e9ditions limit\u00e9es de l'iconique pot en c\u00e9ramique Arc-en-ciel, en bleu et en jaune. Deux interpr\u00e9tations in\u00e9dites, o\u00f9 la couleur devient mati\u00e8re et le design l'expression d'un art intemporel. Chaque pot est une pi\u00e8ce unique, model\u00e9e par l'artisanat et con\u00e7ue pour contenir l'essence la plus authentique de notre huile d'olive extra vierge des Pouilles. Un objet qui est \u00e0 la fois une histoire, une exp\u00e9rience et un plaisir quotidien. Exclusivit\u00e9 en ligne. Contient de l'huile fruit\u00e9e intense..","robots":{"index":"noindex","follow":"follow","max-snippet":"max-snippet:-1","max-image-preview":"max-image-preview:large","max-video-preview":"max-video-preview:-1"},"og_locale":"fr_FR","og_type":"article","og_title":"Jarre arc-en-ciel bleue \u00e9dition limit\u00e9e - Frantoio Muraglia","og_description":"\u00c0 l'occasion de la Semaine du design de Milan 2025, Frantoio Muraglia c\u00e9l\u00e8bre la rencontre entre les racines et la vision contemporaine avec deux \u00e9ditions limit\u00e9es de l'iconique pot en c\u00e9ramique Arc-en-ciel, en bleu et en jaune. Deux interpr\u00e9tations in\u00e9dites, o\u00f9 la couleur devient mati\u00e8re et le design l'expression d'un art intemporel. Chaque pot est une pi\u00e8ce unique, model\u00e9e par l'artisanat et con\u00e7ue pour contenir l'essence la plus authentique de notre huile d'olive extra vierge des Pouilles. Un objet qui est \u00e0 la fois une histoire, une exp\u00e9rience et un plaisir quotidien. Exclusivit\u00e9 en ligne. Contient de l'huile fruit\u00e9e intense..","og_url":"https:\/\/dev.frantoiomuraglia.it\/fr\/produit\/jarre-arc-en-ciel-bleue-edition-limitee\/","og_site_name":"Frantoio Muraglia","article_modified_time":"2025-06-27T09:51:47+00:00","og_image":[{"width":2180,"height":2294,"url":"https:\/\/dev.frantoiomuraglia.it\/wp-content\/uploads\/2025\/04\/ORCIODESIGNWEEKBLUorizzontale_web.jpg","type":"image\/jpeg"}],"twitter_card":"summary_large_image","schema":{"@context":"https:\/\/schema.org","@graph":[{"@type":"WebPage","@id":"https:\/\/dev.frantoiomuraglia.it\/fr\/produit\/jarre-arc-en-ciel-bleue-edition-limitee\/","url":"https:\/\/dev.frantoiomuraglia.it\/fr\/produit\/jarre-arc-en-ciel-bleue-edition-limitee\/","name":"Jarre arc-en-ciel bleue \u00e9dition limit\u00e9e - Frantoio Muraglia","isPartOf":{"@id":"https:\/\/dev.frantoiomuraglia.it\/fr\/#website"},"primaryImageOfPage":{"@id":"https:\/\/dev.frantoiomuraglia.it\/fr\/produit\/jarre-arc-en-ciel-bleue-edition-limitee\/#primaryimage"},"image":{"@id":"https:\/\/dev.frantoiomuraglia.it\/fr\/produit\/jarre-arc-en-ciel-bleue-edition-limitee\/#primaryimage"},"thumbnailUrl":"https:\/\/dev.frantoiomuraglia.it\/wp-content\/uploads\/2025\/04\/ORCIODESIGNWEEKBLUorizzontale_web.jpg","datePublished":"2025-04-03T15:43:36+00:00","dateModified":"2025-06-27T09:51:47+00:00","description":"\u00c0 l'occasion de la Semaine du design de Milan 2025, Frantoio Muraglia c\u00e9l\u00e8bre la rencontre entre les racines et la vision contemporaine avec deux \u00e9ditions limit\u00e9es de l'iconique pot en c\u00e9ramique Arc-en-ciel, en bleu et en jaune. Deux interpr\u00e9tations in\u00e9dites, o\u00f9 la couleur devient mati\u00e8re et le design l'expression d'un art intemporel. Chaque pot est une pi\u00e8ce unique, model\u00e9e par l'artisanat et con\u00e7ue pour contenir l'essence la plus authentique de notre huile d'olive extra vierge des Pouilles. Un objet qui est \u00e0 la fois une histoire, une exp\u00e9rience et un plaisir quotidien. Exclusivit\u00e9 en ligne. Contient de l'huile fruit\u00e9e intense..","breadcrumb":{"@id":"https:\/\/dev.frantoiomuraglia.it\/fr\/produit\/jarre-arc-en-ciel-bleue-edition-limitee\/#breadcrumb"},"inLanguage":"fr-FR","potentialAction":[{"@type":"ReadAction","target":["https:\/\/dev.frantoiomuraglia.it\/fr\/produit\/jarre-arc-en-ciel-bleue-edition-limitee\/"]}]},{"@type":"ImageObject","inLanguage":"fr-FR","@id":"https:\/\/dev.frantoiomuraglia.it\/fr\/produit\/jarre-arc-en-ciel-bleue-edition-limitee\/#primaryimage","url":"https:\/\/dev.frantoiomuraglia.it\/wp-content\/uploads\/2025\/04\/ORCIODESIGNWEEKBLUorizzontale_web.jpg","contentUrl":"https:\/\/dev.frantoiomuraglia.it\/wp-content\/uploads\/2025\/04\/ORCIODESIGNWEEKBLUorizzontale_web.jpg","width":2180,"height":2294},{"@type":"BreadcrumbList","@id":"https:\/\/dev.frantoiomuraglia.it\/fr\/produit\/jarre-arc-en-ciel-bleue-edition-limitee\/#breadcrumb","itemListElement":[{"@type":"ListItem","position":1,"name":"Home","item":"https:\/\/dev.frantoiomuraglia.it\/fr\/"},{"@type":"ListItem","position":2,"name":"Boutique","item":"https:\/\/dev.frantoiomuraglia.it\/fr\/boutique\/"},{"@type":"ListItem","position":3,"name":"Jarre arc-en-ciel bleue \u00e9dition limit\u00e9e"}]},{"@type":"WebSite","@id":"https:\/\/dev.frantoiomuraglia.it\/fr\/#website","url":"https:\/\/dev.frantoiomuraglia.it\/fr\/","name":"Frantoio Muraglia","description":"Just another WordPress site","publisher":{"@id":"https:\/\/dev.frantoiomuraglia.it\/fr\/#organization"},"potentialAction":[{"@type":"SearchAction","target":{"@type":"EntryPoint","urlTemplate":"https:\/\/dev.frantoiomuraglia.it\/fr\/?s={search_term_string}"},"query-input":{"@type":"PropertyValueSpecification","valueRequired":true,"valueName":"search_term_string"}}],"inLanguage":"fr-FR"},{"@type":"Organization","@id":"https:\/\/dev.frantoiomuraglia.it\/fr\/#organization","name":"Frantoio Muraglia","url":"https:\/\/dev.frantoiomuraglia.it\/fr\/","logo":{"@type":"ImageObject","inLanguage":"fr-FR","@id":"https:\/\/dev.frantoiomuraglia.it\/fr\/#\/schema\/logo\/image\/","url":"https:\/\/www.frantoiomuraglia.it\/wp-content\/uploads\/2022\/06\/Logo-Frantoio-Muraglia-black-email.jpg","contentUrl":"https:\/\/www.frantoiomuraglia.it\/wp-content\/uploads\/2022\/06\/Logo-Frantoio-Muraglia-black-email.jpg","width":326,"height":150,"caption":"Frantoio Muraglia"},"image":{"@id":"https:\/\/dev.frantoiomuraglia.it\/fr\/#\/schema\/logo\/image\/"}}]}},"_links":{"self":[{"href":"https:\/\/dev.frantoiomuraglia.it\/fr\/wp-json\/wp\/v2\/product\/38184","targetHints":{"allow":["GET"]}}],"collection":[{"href":"https:\/\/dev.frantoiomuraglia.it\/fr\/wp-json\/wp\/v2\/product"}],"about":[{"href":"https:\/\/dev.frantoiomuraglia.it\/fr\/wp-json\/wp\/v2\/types\/product"}],"wp:featuredmedia":[{"embeddable":true,"href":"https:\/\/dev.frantoiomuraglia.it\/fr\/wp-json\/wp\/v2\/media\/38171"}],"wp:attachment":[{"href":"https:\/\/dev.frantoiomuraglia.it\/fr\/wp-json\/wp\/v2\/media?parent=38184"}],"wp:term":[{"taxonomy":"product_cat","embeddable":true,"href":"https:\/\/dev.frantoiomuraglia.it\/fr\/wp-json\/wp\/v2\/product_cat?post=38184"},{"taxonomy":"product_tag","embeddable":true,"href":"https:\/\/dev.frantoiomuraglia.it\/fr\/wp-json\/wp\/v2\/product_tag?post=38184"}],"curies":[{"name":"wp","href":"https:\/\/api.w.org\/{rel}","templated":true}]}}