{"id":36971,"date":"2025-01-17T13:17:56","date_gmt":"2025-01-20T11:04:40","guid":{"rendered":"https:\/\/www.frantoiomuraglia.it\/product\/orcio-le-baiser-camilla-falsini\/"},"modified":"2025-02-11T18:01:34","modified_gmt":"2025-02-11T16:01:34","slug":"orcio-le-baiser-camilla-falsini","status":"publish","type":"product","link":"https:\/\/dev.frantoiomuraglia.it\/fr\/produit\/orcio-le-baiser-camilla-falsini\/","title":{"rendered":"Orcio Le Baiser &#8211; Camilla Falsini"},"content":{"rendered":"<p>Le Baiser parle et en parlant il peut tout dire. Le Baiser est notre hommage \u00e0 la rencontre, \u00e0 l&rsquo;union entre deux mondes, entre des diversit\u00e9s qui se fondent en une seule entit\u00e9. <\/p>\n<p>Une \u0153uvre qui c\u00e9l\u00e8bre la simplicit\u00e9 et la beaut\u00e9 d&rsquo;\u00eatre ensemble, sans fronti\u00e8res, sans \u00e9tiquettes.<\/p>\n<p>Sign\u00e9 par Camilla Falsini, artiste et illustratrice de renomm\u00e9e internationale, il incarne notre huile d&rsquo;olive extra vierge et \u00ab le bon dans le beau \u00bb. Des formes stylis\u00e9es, des couleurs vibrantes et un message universel r\u00e9sument notre id\u00e9e du sentiment : authentique, inclusif, sans limites. <\/p>\n<p>Un hommage \u00e0 la rencontre de deux personnes, de deux diversit\u00e9s. Deux mondes qui se rejoignent dans une \u00e9treinte et un baiser \u00ab \u00e0 l&rsquo;envers \u00bb qui r\u00e9sume la simplicit\u00e9 de l&rsquo;amour. <\/p>\n<p>Disponible avec Intense Fruity Oil.<\/p>\n","protected":false},"excerpt":{"rendered":"<p>Le Baiser parle et en parlant il peut tout dire. Le Baiser est notre hommage \u00e0 la rencontre, \u00e0 l&rsquo;union entre deux mondes, entre des diversit\u00e9s qui se fondent en une seule entit. <\/p>\n<p>Une \u0153uvre qui c\u00e9l\u00e8bre la simplicit\u00e9 et la beaut\u00e9 d&rsquo;\u00eatre ensemble, sans fronti\u00e8res, sans \u00e9tiquettes.<\/p>\n<p>Sign\u00e9 par Camilla Falsini, artiste et illustratrice de renomm\u00e9e internationale, il incarne notre huile d&rsquo;olive extra vierge et \u00ab le bon dans le beau \u00bb. Des formes stylis\u00e9es, des couleurs vibrantes et un message universel r\u00e9sument notre id\u00e9e du sentiment : authentique, inclusif, sans limites. <\/p>\n<p>Disponible avec Intense Fruity Oil.<\/p>\n","protected":false},"featured_media":36930,"template":"","meta":{"_acf_changed":false},"product_cat":[134,373],"product_tag":[279],"class_list":{"0":"post-36971","1":"product","2":"type-product","3":"status-publish","4":"has-post-thumbnail","6":"product_cat-jarres","7":"product_cat-capsule-collection-fr","8":"product_tag-capsule-fr","10":"first","11":"instock","12":"taxable","13":"shipping-taxable","14":"purchasable","15":"product-type-simple"},"acf":[],"yoast_head":"<!-- This site is optimized with the Yoast SEO plugin v26.8 - https:\/\/yoast.com\/product\/yoast-seo-wordpress\/ -->\n<title>Orcio Le Baiser - Camilla Falsini - Frantoio Muraglia<\/title>\n<meta name=\"description\" content=\"Le Baiser parle et en parlant il peut tout dire. Le Baiser est notre hommage \u00e0 la rencontre, \u00e0 l&#039;union entre deux mondes, entre des diversit\u00e9s qui se fondent en une seule entit\u00e9. Une \u0153uvre qui c\u00e9l\u00e8bre la simplicit\u00e9 et la beaut\u00e9 d&#039;\u00eatre ensemble, sans fronti\u00e8res, sans \u00e9tiquettes. Sign\u00e9 par Camilla Falsini, artiste et illustratrice de renomm\u00e9e internationale, il incarne notre huile d&#039;olive extra vierge et \u00ab le bon dans le beau \u00bb. Des formes stylis\u00e9es, des couleurs vibrantes et un message universel r\u00e9sument notre id\u00e9e du sentiment : authentique, inclusif, sans limites.Disponible avec Intense Fruity Oil.\" \/>\n<meta name=\"robots\" content=\"noindex, follow, max-snippet:-1, max-image-preview:large, max-video-preview:-1\" \/>\n<meta property=\"og:locale\" content=\"fr_FR\" \/>\n<meta property=\"og:type\" content=\"article\" \/>\n<meta property=\"og:title\" content=\"Orcio Le Baiser - Camilla Falsini - Frantoio Muraglia\" \/>\n<meta property=\"og:description\" content=\"Le Baiser parle et en parlant il peut tout dire. Le Baiser est notre hommage \u00e0 la rencontre, \u00e0 l&#039;union entre deux mondes, entre des diversit\u00e9s qui se fondent en une seule entit\u00e9. Une \u0153uvre qui c\u00e9l\u00e8bre la simplicit\u00e9 et la beaut\u00e9 d&#039;\u00eatre ensemble, sans fronti\u00e8res, sans \u00e9tiquettes. Sign\u00e9 par Camilla Falsini, artiste et illustratrice de renomm\u00e9e internationale, il incarne notre huile d&#039;olive extra vierge et \u00ab le bon dans le beau \u00bb. Des formes stylis\u00e9es, des couleurs vibrantes et un message universel r\u00e9sument notre id\u00e9e du sentiment : authentique, inclusif, sans limites.Disponible avec Intense Fruity Oil.\" \/>\n<meta property=\"og:url\" content=\"https:\/\/dev.frantoiomuraglia.it\/fr\/produit\/orcio-le-baiser-camilla-falsini\/\" \/>\n<meta property=\"og:site_name\" content=\"Frantoio Muraglia\" \/>\n<meta property=\"article:modified_time\" content=\"2025-02-11T16:01:34+00:00\" \/>\n<meta property=\"og:image\" content=\"https:\/\/dev.frantoiomuraglia.it\/wp-content\/uploads\/2025\/01\/Skype_Picture_2025_01_17T10_59_07_790Z.jpeg\" \/>\n\t<meta property=\"og:image:width\" content=\"2180\" \/>\n\t<meta property=\"og:image:height\" content=\"2294\" \/>\n\t<meta property=\"og:image:type\" content=\"image\/jpeg\" \/>\n<meta name=\"twitter:card\" content=\"summary_large_image\" \/>\n<script type=\"application\/ld+json\" class=\"yoast-schema-graph\">{\"@context\":\"https:\/\/schema.org\",\"@graph\":[{\"@type\":\"WebPage\",\"@id\":\"https:\/\/dev.frantoiomuraglia.it\/fr\/produit\/orcio-le-baiser-camilla-falsini\/\",\"url\":\"https:\/\/dev.frantoiomuraglia.it\/fr\/produit\/orcio-le-baiser-camilla-falsini\/\",\"name\":\"Orcio Le Baiser - Camilla Falsini - Frantoio Muraglia\",\"isPartOf\":{\"@id\":\"https:\/\/dev.frantoiomuraglia.it\/fr\/#website\"},\"primaryImageOfPage\":{\"@id\":\"https:\/\/dev.frantoiomuraglia.it\/fr\/produit\/orcio-le-baiser-camilla-falsini\/#primaryimage\"},\"image\":{\"@id\":\"https:\/\/dev.frantoiomuraglia.it\/fr\/produit\/orcio-le-baiser-camilla-falsini\/#primaryimage\"},\"thumbnailUrl\":\"https:\/\/dev.frantoiomuraglia.it\/wp-content\/uploads\/2025\/01\/Skype_Picture_2025_01_17T10_59_07_790Z.jpeg\",\"datePublished\":\"2025-01-20T11:04:40+00:00\",\"dateModified\":\"2025-02-11T16:01:34+00:00\",\"description\":\"Le Baiser parle et en parlant il peut tout dire. Le Baiser est notre hommage \u00e0 la rencontre, \u00e0 l'union entre deux mondes, entre des diversit\u00e9s qui se fondent en une seule entit\u00e9. Une \u0153uvre qui c\u00e9l\u00e8bre la simplicit\u00e9 et la beaut\u00e9 d'\u00eatre ensemble, sans fronti\u00e8res, sans \u00e9tiquettes. Sign\u00e9 par Camilla Falsini, artiste et illustratrice de renomm\u00e9e internationale, il incarne notre huile d'olive extra vierge et \u00ab le bon dans le beau \u00bb. Des formes stylis\u00e9es, des couleurs vibrantes et un message universel r\u00e9sument notre id\u00e9e du sentiment : authentique, inclusif, sans limites.Disponible avec Intense Fruity Oil.\",\"breadcrumb\":{\"@id\":\"https:\/\/dev.frantoiomuraglia.it\/fr\/produit\/orcio-le-baiser-camilla-falsini\/#breadcrumb\"},\"inLanguage\":\"fr-FR\",\"potentialAction\":[{\"@type\":\"ReadAction\",\"target\":[\"https:\/\/dev.frantoiomuraglia.it\/fr\/produit\/orcio-le-baiser-camilla-falsini\/\"]}]},{\"@type\":\"ImageObject\",\"inLanguage\":\"fr-FR\",\"@id\":\"https:\/\/dev.frantoiomuraglia.it\/fr\/produit\/orcio-le-baiser-camilla-falsini\/#primaryimage\",\"url\":\"https:\/\/dev.frantoiomuraglia.it\/wp-content\/uploads\/2025\/01\/Skype_Picture_2025_01_17T10_59_07_790Z.jpeg\",\"contentUrl\":\"https:\/\/dev.frantoiomuraglia.it\/wp-content\/uploads\/2025\/01\/Skype_Picture_2025_01_17T10_59_07_790Z.jpeg\",\"width\":2180,\"height\":2294},{\"@type\":\"BreadcrumbList\",\"@id\":\"https:\/\/dev.frantoiomuraglia.it\/fr\/produit\/orcio-le-baiser-camilla-falsini\/#breadcrumb\",\"itemListElement\":[{\"@type\":\"ListItem\",\"position\":1,\"name\":\"Home\",\"item\":\"https:\/\/dev.frantoiomuraglia.it\/fr\/\"},{\"@type\":\"ListItem\",\"position\":2,\"name\":\"Boutique\",\"item\":\"https:\/\/dev.frantoiomuraglia.it\/fr\/boutique\/\"},{\"@type\":\"ListItem\",\"position\":3,\"name\":\"Orcio Le Baiser &#8211; Camilla Falsini\"}]},{\"@type\":\"WebSite\",\"@id\":\"https:\/\/dev.frantoiomuraglia.it\/fr\/#website\",\"url\":\"https:\/\/dev.frantoiomuraglia.it\/fr\/\",\"name\":\"Frantoio Muraglia\",\"description\":\"Just another WordPress site\",\"publisher\":{\"@id\":\"https:\/\/dev.frantoiomuraglia.it\/fr\/#organization\"},\"potentialAction\":[{\"@type\":\"SearchAction\",\"target\":{\"@type\":\"EntryPoint\",\"urlTemplate\":\"https:\/\/dev.frantoiomuraglia.it\/fr\/?s={search_term_string}\"},\"query-input\":{\"@type\":\"PropertyValueSpecification\",\"valueRequired\":true,\"valueName\":\"search_term_string\"}}],\"inLanguage\":\"fr-FR\"},{\"@type\":\"Organization\",\"@id\":\"https:\/\/dev.frantoiomuraglia.it\/fr\/#organization\",\"name\":\"Frantoio Muraglia\",\"url\":\"https:\/\/dev.frantoiomuraglia.it\/fr\/\",\"logo\":{\"@type\":\"ImageObject\",\"inLanguage\":\"fr-FR\",\"@id\":\"https:\/\/dev.frantoiomuraglia.it\/fr\/#\/schema\/logo\/image\/\",\"url\":\"https:\/\/www.frantoiomuraglia.it\/wp-content\/uploads\/2022\/06\/Logo-Frantoio-Muraglia-black-email.jpg\",\"contentUrl\":\"https:\/\/www.frantoiomuraglia.it\/wp-content\/uploads\/2022\/06\/Logo-Frantoio-Muraglia-black-email.jpg\",\"width\":326,\"height\":150,\"caption\":\"Frantoio Muraglia\"},\"image\":{\"@id\":\"https:\/\/dev.frantoiomuraglia.it\/fr\/#\/schema\/logo\/image\/\"}}]}<\/script>\n<!-- \/ Yoast SEO plugin. -->","yoast_head_json":{"title":"Orcio Le Baiser - Camilla Falsini - Frantoio Muraglia","description":"Le Baiser parle et en parlant il peut tout dire. Le Baiser est notre hommage \u00e0 la rencontre, \u00e0 l'union entre deux mondes, entre des diversit\u00e9s qui se fondent en une seule entit\u00e9. Une \u0153uvre qui c\u00e9l\u00e8bre la simplicit\u00e9 et la beaut\u00e9 d'\u00eatre ensemble, sans fronti\u00e8res, sans \u00e9tiquettes. Sign\u00e9 par Camilla Falsini, artiste et illustratrice de renomm\u00e9e internationale, il incarne notre huile d'olive extra vierge et \u00ab le bon dans le beau \u00bb. Des formes stylis\u00e9es, des couleurs vibrantes et un message universel r\u00e9sument notre id\u00e9e du sentiment : authentique, inclusif, sans limites.Disponible avec Intense Fruity Oil.","robots":{"index":"noindex","follow":"follow","max-snippet":"max-snippet:-1","max-image-preview":"max-image-preview:large","max-video-preview":"max-video-preview:-1"},"og_locale":"fr_FR","og_type":"article","og_title":"Orcio Le Baiser - Camilla Falsini - Frantoio Muraglia","og_description":"Le Baiser parle et en parlant il peut tout dire. Le Baiser est notre hommage \u00e0 la rencontre, \u00e0 l'union entre deux mondes, entre des diversit\u00e9s qui se fondent en une seule entit\u00e9. Une \u0153uvre qui c\u00e9l\u00e8bre la simplicit\u00e9 et la beaut\u00e9 d'\u00eatre ensemble, sans fronti\u00e8res, sans \u00e9tiquettes. Sign\u00e9 par Camilla Falsini, artiste et illustratrice de renomm\u00e9e internationale, il incarne notre huile d'olive extra vierge et \u00ab le bon dans le beau \u00bb. Des formes stylis\u00e9es, des couleurs vibrantes et un message universel r\u00e9sument notre id\u00e9e du sentiment : authentique, inclusif, sans limites.Disponible avec Intense Fruity Oil.","og_url":"https:\/\/dev.frantoiomuraglia.it\/fr\/produit\/orcio-le-baiser-camilla-falsini\/","og_site_name":"Frantoio Muraglia","article_modified_time":"2025-02-11T16:01:34+00:00","og_image":[{"width":2180,"height":2294,"url":"https:\/\/dev.frantoiomuraglia.it\/wp-content\/uploads\/2025\/01\/Skype_Picture_2025_01_17T10_59_07_790Z.jpeg","type":"image\/jpeg"}],"twitter_card":"summary_large_image","schema":{"@context":"https:\/\/schema.org","@graph":[{"@type":"WebPage","@id":"https:\/\/dev.frantoiomuraglia.it\/fr\/produit\/orcio-le-baiser-camilla-falsini\/","url":"https:\/\/dev.frantoiomuraglia.it\/fr\/produit\/orcio-le-baiser-camilla-falsini\/","name":"Orcio Le Baiser - Camilla Falsini - Frantoio Muraglia","isPartOf":{"@id":"https:\/\/dev.frantoiomuraglia.it\/fr\/#website"},"primaryImageOfPage":{"@id":"https:\/\/dev.frantoiomuraglia.it\/fr\/produit\/orcio-le-baiser-camilla-falsini\/#primaryimage"},"image":{"@id":"https:\/\/dev.frantoiomuraglia.it\/fr\/produit\/orcio-le-baiser-camilla-falsini\/#primaryimage"},"thumbnailUrl":"https:\/\/dev.frantoiomuraglia.it\/wp-content\/uploads\/2025\/01\/Skype_Picture_2025_01_17T10_59_07_790Z.jpeg","datePublished":"2025-01-20T11:04:40+00:00","dateModified":"2025-02-11T16:01:34+00:00","description":"Le Baiser parle et en parlant il peut tout dire. Le Baiser est notre hommage \u00e0 la rencontre, \u00e0 l'union entre deux mondes, entre des diversit\u00e9s qui se fondent en une seule entit\u00e9. Une \u0153uvre qui c\u00e9l\u00e8bre la simplicit\u00e9 et la beaut\u00e9 d'\u00eatre ensemble, sans fronti\u00e8res, sans \u00e9tiquettes. Sign\u00e9 par Camilla Falsini, artiste et illustratrice de renomm\u00e9e internationale, il incarne notre huile d'olive extra vierge et \u00ab le bon dans le beau \u00bb. Des formes stylis\u00e9es, des couleurs vibrantes et un message universel r\u00e9sument notre id\u00e9e du sentiment : authentique, inclusif, sans limites.Disponible avec Intense Fruity Oil.","breadcrumb":{"@id":"https:\/\/dev.frantoiomuraglia.it\/fr\/produit\/orcio-le-baiser-camilla-falsini\/#breadcrumb"},"inLanguage":"fr-FR","potentialAction":[{"@type":"ReadAction","target":["https:\/\/dev.frantoiomuraglia.it\/fr\/produit\/orcio-le-baiser-camilla-falsini\/"]}]},{"@type":"ImageObject","inLanguage":"fr-FR","@id":"https:\/\/dev.frantoiomuraglia.it\/fr\/produit\/orcio-le-baiser-camilla-falsini\/#primaryimage","url":"https:\/\/dev.frantoiomuraglia.it\/wp-content\/uploads\/2025\/01\/Skype_Picture_2025_01_17T10_59_07_790Z.jpeg","contentUrl":"https:\/\/dev.frantoiomuraglia.it\/wp-content\/uploads\/2025\/01\/Skype_Picture_2025_01_17T10_59_07_790Z.jpeg","width":2180,"height":2294},{"@type":"BreadcrumbList","@id":"https:\/\/dev.frantoiomuraglia.it\/fr\/produit\/orcio-le-baiser-camilla-falsini\/#breadcrumb","itemListElement":[{"@type":"ListItem","position":1,"name":"Home","item":"https:\/\/dev.frantoiomuraglia.it\/fr\/"},{"@type":"ListItem","position":2,"name":"Boutique","item":"https:\/\/dev.frantoiomuraglia.it\/fr\/boutique\/"},{"@type":"ListItem","position":3,"name":"Orcio Le Baiser &#8211; Camilla Falsini"}]},{"@type":"WebSite","@id":"https:\/\/dev.frantoiomuraglia.it\/fr\/#website","url":"https:\/\/dev.frantoiomuraglia.it\/fr\/","name":"Frantoio Muraglia","description":"Just another WordPress site","publisher":{"@id":"https:\/\/dev.frantoiomuraglia.it\/fr\/#organization"},"potentialAction":[{"@type":"SearchAction","target":{"@type":"EntryPoint","urlTemplate":"https:\/\/dev.frantoiomuraglia.it\/fr\/?s={search_term_string}"},"query-input":{"@type":"PropertyValueSpecification","valueRequired":true,"valueName":"search_term_string"}}],"inLanguage":"fr-FR"},{"@type":"Organization","@id":"https:\/\/dev.frantoiomuraglia.it\/fr\/#organization","name":"Frantoio Muraglia","url":"https:\/\/dev.frantoiomuraglia.it\/fr\/","logo":{"@type":"ImageObject","inLanguage":"fr-FR","@id":"https:\/\/dev.frantoiomuraglia.it\/fr\/#\/schema\/logo\/image\/","url":"https:\/\/www.frantoiomuraglia.it\/wp-content\/uploads\/2022\/06\/Logo-Frantoio-Muraglia-black-email.jpg","contentUrl":"https:\/\/www.frantoiomuraglia.it\/wp-content\/uploads\/2022\/06\/Logo-Frantoio-Muraglia-black-email.jpg","width":326,"height":150,"caption":"Frantoio Muraglia"},"image":{"@id":"https:\/\/dev.frantoiomuraglia.it\/fr\/#\/schema\/logo\/image\/"}}]}},"_links":{"self":[{"href":"https:\/\/dev.frantoiomuraglia.it\/fr\/wp-json\/wp\/v2\/product\/36971","targetHints":{"allow":["GET"]}}],"collection":[{"href":"https:\/\/dev.frantoiomuraglia.it\/fr\/wp-json\/wp\/v2\/product"}],"about":[{"href":"https:\/\/dev.frantoiomuraglia.it\/fr\/wp-json\/wp\/v2\/types\/product"}],"wp:featuredmedia":[{"embeddable":true,"href":"https:\/\/dev.frantoiomuraglia.it\/fr\/wp-json\/wp\/v2\/media\/36930"}],"wp:attachment":[{"href":"https:\/\/dev.frantoiomuraglia.it\/fr\/wp-json\/wp\/v2\/media?parent=36971"}],"wp:term":[{"taxonomy":"product_cat","embeddable":true,"href":"https:\/\/dev.frantoiomuraglia.it\/fr\/wp-json\/wp\/v2\/product_cat?post=36971"},{"taxonomy":"product_tag","embeddable":true,"href":"https:\/\/dev.frantoiomuraglia.it\/fr\/wp-json\/wp\/v2\/product_tag?post=36971"}],"curies":[{"name":"wp","href":"https:\/\/api.w.org\/{rel}","templated":true}]}}