{"id":34347,"date":"2024-11-06T18:41:15","date_gmt":"2024-11-08T08:02:35","guid":{"rendered":"https:\/\/www.frantoiomuraglia.it\/product\/orcio-pois-edition-limitee-en-or\/"},"modified":"2025-02-12T14:18:02","modified_gmt":"2025-02-12T12:18:02","slug":"orcio-pois-edition-limitee-en-or","status":"publish","type":"product","link":"https:\/\/dev.frantoiomuraglia.it\/fr\/produit\/orcio-pois-edition-limitee-en-or\/","title":{"rendered":"Jarre Pois &#8211; \u00e9dition limit\u00e9e rouge"},"content":{"rendered":"<p>L&rsquo;\u00e9l\u00e9gance et le raffinement trouvent leur plus haute expression dans le nouvel Jarre Pois Gold.<\/p>\n<p>Disponibles en rouge, blanc et noir, elles deviennent le symbole d&rsquo;une esth\u00e9tique qui allie tradition et modernit\u00e9, une r\u00e9interpr\u00e9tation de la c\u00e9ramique des Pouilles qui devient un pur design et un objet de d\u00e9sir.<\/p>\n<p>Disponible en format 500ml avec l&rsquo;huile Medium Fruity.<\/p>\n<p>Une exclusivit\u00e9 en ligne et une \u00e9dition limit\u00e9e.<\/p>\n","protected":false},"excerpt":{"rendered":"<p>L&rsquo;\u00e9l\u00e9gance et le raffinement trouvent leur plus haute expression dans le nouvel Jarre Pois Gold.<\/p>\n<p>Disponibles en rouge, blanc et noir, elles deviennent le symbole d&rsquo;une esth\u00e9tique qui allie tradition et modernit\u00e9, une r\u00e9interpr\u00e9tation de la c\u00e9ramique des Pouilles qui devient un pur design et un objet de d\u00e9sir.<\/p>\n<p>Disponible en format 500ml avec l&rsquo;huile Medium Fruity.<\/p>\n<p>Une exclusivit\u00e9 en ligne et une \u00e9dition limit\u00e9e.<\/p>\n","protected":false},"featured_media":34304,"template":"","meta":{"_acf_changed":false},"product_cat":[201,134,155,135],"product_tag":[300,313,248,171,370],"class_list":{"0":"post-34347","1":"product","2":"type-product","3":"status-publish","4":"has-post-thumbnail","6":"product_cat-idees-de-cadeaux","7":"product_cat-jarres","8":"product_cat-upsell_astuccio_orcio-fr","9":"product_cat-upsell_shopper-fr","10":"product_tag-gift-ideas-fr-2","11":"product_tag-medium-variant-fr","12":"product_tag-shopper-fr","13":"product_tag-tpl_fruitee_moyenne","14":"product_tag-tpl_jars-fr","16":"first","17":"instock","18":"taxable","19":"shipping-taxable","20":"purchasable","21":"product-type-simple"},"acf":[],"yoast_head":"<!-- This site is optimized with the Yoast SEO plugin v26.8 - https:\/\/yoast.com\/product\/yoast-seo-wordpress\/ -->\n<title>Jarre Pois - \u00e9dition limit\u00e9e rouge - Frantoio Muraglia<\/title>\n<meta name=\"description\" content=\"L&#039;\u00e9l\u00e9gance et le raffinement trouvent leur plus haute expression dans le nouvel Orcio Pois Gold.Disponible en rouge, blanc et noir, il devient le symbole d&#039;une esth\u00e9tique qui allie tradition et modernit\u00e9, une r\u00e9interpr\u00e9tation de la c\u00e9ramique des Pouilles qui devient un pur design et un objet de d\u00e9sir.Disponible en format 500ml avec l&#039;huile Fruttato Medio.Une exclusivit\u00e9 en ligne et une \u00e9dition limit\u00e9e.\" \/>\n<meta name=\"robots\" content=\"noindex, follow, max-snippet:-1, max-image-preview:large, max-video-preview:-1\" \/>\n<meta property=\"og:locale\" content=\"fr_FR\" \/>\n<meta property=\"og:type\" content=\"article\" \/>\n<meta property=\"og:title\" content=\"Jarre Pois - \u00e9dition limit\u00e9e rouge - Frantoio Muraglia\" \/>\n<meta property=\"og:description\" content=\"L&#039;\u00e9l\u00e9gance et le raffinement trouvent leur plus haute expression dans le nouvel Orcio Pois Gold.Disponible en rouge, blanc et noir, il devient le symbole d&#039;une esth\u00e9tique qui allie tradition et modernit\u00e9, une r\u00e9interpr\u00e9tation de la c\u00e9ramique des Pouilles qui devient un pur design et un objet de d\u00e9sir.Disponible en format 500ml avec l&#039;huile Fruttato Medio.Une exclusivit\u00e9 en ligne et une \u00e9dition limit\u00e9e.\" \/>\n<meta property=\"og:url\" content=\"https:\/\/dev.frantoiomuraglia.it\/fr\/produit\/orcio-pois-edition-limitee-en-or\/\" \/>\n<meta property=\"og:site_name\" content=\"Frantoio Muraglia\" \/>\n<meta property=\"article:modified_time\" content=\"2025-02-12T12:18:02+00:00\" \/>\n<meta property=\"og:image\" content=\"https:\/\/dev.frantoiomuraglia.it\/wp-content\/uploads\/2024\/11\/Pois_gold_02-1.jpg\" \/>\n\t<meta property=\"og:image:width\" content=\"2180\" \/>\n\t<meta property=\"og:image:height\" content=\"2294\" \/>\n\t<meta property=\"og:image:type\" content=\"image\/jpeg\" \/>\n<meta name=\"twitter:card\" content=\"summary_large_image\" \/>\n<script type=\"application\/ld+json\" class=\"yoast-schema-graph\">{\"@context\":\"https:\/\/schema.org\",\"@graph\":[{\"@type\":\"WebPage\",\"@id\":\"https:\/\/dev.frantoiomuraglia.it\/fr\/produit\/orcio-pois-edition-limitee-en-or\/\",\"url\":\"https:\/\/dev.frantoiomuraglia.it\/fr\/produit\/orcio-pois-edition-limitee-en-or\/\",\"name\":\"Jarre Pois - \u00e9dition limit\u00e9e rouge - Frantoio Muraglia\",\"isPartOf\":{\"@id\":\"https:\/\/dev.frantoiomuraglia.it\/fr\/#website\"},\"primaryImageOfPage\":{\"@id\":\"https:\/\/dev.frantoiomuraglia.it\/fr\/produit\/orcio-pois-edition-limitee-en-or\/#primaryimage\"},\"image\":{\"@id\":\"https:\/\/dev.frantoiomuraglia.it\/fr\/produit\/orcio-pois-edition-limitee-en-or\/#primaryimage\"},\"thumbnailUrl\":\"https:\/\/dev.frantoiomuraglia.it\/wp-content\/uploads\/2024\/11\/Pois_gold_02-1.jpg\",\"datePublished\":\"2024-11-08T08:02:35+00:00\",\"dateModified\":\"2025-02-12T12:18:02+00:00\",\"description\":\"L'\u00e9l\u00e9gance et le raffinement trouvent leur plus haute expression dans le nouvel Orcio Pois Gold.Disponible en rouge, blanc et noir, il devient le symbole d'une esth\u00e9tique qui allie tradition et modernit\u00e9, une r\u00e9interpr\u00e9tation de la c\u00e9ramique des Pouilles qui devient un pur design et un objet de d\u00e9sir.Disponible en format 500ml avec l'huile Fruttato Medio.Une exclusivit\u00e9 en ligne et une \u00e9dition limit\u00e9e.\",\"breadcrumb\":{\"@id\":\"https:\/\/dev.frantoiomuraglia.it\/fr\/produit\/orcio-pois-edition-limitee-en-or\/#breadcrumb\"},\"inLanguage\":\"fr-FR\",\"potentialAction\":[{\"@type\":\"ReadAction\",\"target\":[\"https:\/\/dev.frantoiomuraglia.it\/fr\/produit\/orcio-pois-edition-limitee-en-or\/\"]}]},{\"@type\":\"ImageObject\",\"inLanguage\":\"fr-FR\",\"@id\":\"https:\/\/dev.frantoiomuraglia.it\/fr\/produit\/orcio-pois-edition-limitee-en-or\/#primaryimage\",\"url\":\"https:\/\/dev.frantoiomuraglia.it\/wp-content\/uploads\/2024\/11\/Pois_gold_02-1.jpg\",\"contentUrl\":\"https:\/\/dev.frantoiomuraglia.it\/wp-content\/uploads\/2024\/11\/Pois_gold_02-1.jpg\",\"width\":2180,\"height\":2294,\"caption\":\"Foto \u00a9 Alessandra Farinelli\"},{\"@type\":\"BreadcrumbList\",\"@id\":\"https:\/\/dev.frantoiomuraglia.it\/fr\/produit\/orcio-pois-edition-limitee-en-or\/#breadcrumb\",\"itemListElement\":[{\"@type\":\"ListItem\",\"position\":1,\"name\":\"Home\",\"item\":\"https:\/\/dev.frantoiomuraglia.it\/fr\/\"},{\"@type\":\"ListItem\",\"position\":2,\"name\":\"Boutique\",\"item\":\"https:\/\/dev.frantoiomuraglia.it\/fr\/boutique\/\"},{\"@type\":\"ListItem\",\"position\":3,\"name\":\"Jarre Pois &#8211; \u00e9dition limit\u00e9e rouge\"}]},{\"@type\":\"WebSite\",\"@id\":\"https:\/\/dev.frantoiomuraglia.it\/fr\/#website\",\"url\":\"https:\/\/dev.frantoiomuraglia.it\/fr\/\",\"name\":\"Frantoio Muraglia\",\"description\":\"Just another WordPress site\",\"publisher\":{\"@id\":\"https:\/\/dev.frantoiomuraglia.it\/fr\/#organization\"},\"potentialAction\":[{\"@type\":\"SearchAction\",\"target\":{\"@type\":\"EntryPoint\",\"urlTemplate\":\"https:\/\/dev.frantoiomuraglia.it\/fr\/?s={search_term_string}\"},\"query-input\":{\"@type\":\"PropertyValueSpecification\",\"valueRequired\":true,\"valueName\":\"search_term_string\"}}],\"inLanguage\":\"fr-FR\"},{\"@type\":\"Organization\",\"@id\":\"https:\/\/dev.frantoiomuraglia.it\/fr\/#organization\",\"name\":\"Frantoio Muraglia\",\"url\":\"https:\/\/dev.frantoiomuraglia.it\/fr\/\",\"logo\":{\"@type\":\"ImageObject\",\"inLanguage\":\"fr-FR\",\"@id\":\"https:\/\/dev.frantoiomuraglia.it\/fr\/#\/schema\/logo\/image\/\",\"url\":\"https:\/\/www.frantoiomuraglia.it\/wp-content\/uploads\/2022\/06\/Logo-Frantoio-Muraglia-black-email.jpg\",\"contentUrl\":\"https:\/\/www.frantoiomuraglia.it\/wp-content\/uploads\/2022\/06\/Logo-Frantoio-Muraglia-black-email.jpg\",\"width\":326,\"height\":150,\"caption\":\"Frantoio Muraglia\"},\"image\":{\"@id\":\"https:\/\/dev.frantoiomuraglia.it\/fr\/#\/schema\/logo\/image\/\"}}]}<\/script>\n<!-- \/ Yoast SEO plugin. -->","yoast_head_json":{"title":"Jarre Pois - \u00e9dition limit\u00e9e rouge - Frantoio Muraglia","description":"L'\u00e9l\u00e9gance et le raffinement trouvent leur plus haute expression dans le nouvel Orcio Pois Gold.Disponible en rouge, blanc et noir, il devient le symbole d'une esth\u00e9tique qui allie tradition et modernit\u00e9, une r\u00e9interpr\u00e9tation de la c\u00e9ramique des Pouilles qui devient un pur design et un objet de d\u00e9sir.Disponible en format 500ml avec l'huile Fruttato Medio.Une exclusivit\u00e9 en ligne et une \u00e9dition limit\u00e9e.","robots":{"index":"noindex","follow":"follow","max-snippet":"max-snippet:-1","max-image-preview":"max-image-preview:large","max-video-preview":"max-video-preview:-1"},"og_locale":"fr_FR","og_type":"article","og_title":"Jarre Pois - \u00e9dition limit\u00e9e rouge - Frantoio Muraglia","og_description":"L'\u00e9l\u00e9gance et le raffinement trouvent leur plus haute expression dans le nouvel Orcio Pois Gold.Disponible en rouge, blanc et noir, il devient le symbole d'une esth\u00e9tique qui allie tradition et modernit\u00e9, une r\u00e9interpr\u00e9tation de la c\u00e9ramique des Pouilles qui devient un pur design et un objet de d\u00e9sir.Disponible en format 500ml avec l'huile Fruttato Medio.Une exclusivit\u00e9 en ligne et une \u00e9dition limit\u00e9e.","og_url":"https:\/\/dev.frantoiomuraglia.it\/fr\/produit\/orcio-pois-edition-limitee-en-or\/","og_site_name":"Frantoio Muraglia","article_modified_time":"2025-02-12T12:18:02+00:00","og_image":[{"width":2180,"height":2294,"url":"https:\/\/dev.frantoiomuraglia.it\/wp-content\/uploads\/2024\/11\/Pois_gold_02-1.jpg","type":"image\/jpeg"}],"twitter_card":"summary_large_image","schema":{"@context":"https:\/\/schema.org","@graph":[{"@type":"WebPage","@id":"https:\/\/dev.frantoiomuraglia.it\/fr\/produit\/orcio-pois-edition-limitee-en-or\/","url":"https:\/\/dev.frantoiomuraglia.it\/fr\/produit\/orcio-pois-edition-limitee-en-or\/","name":"Jarre Pois - \u00e9dition limit\u00e9e rouge - Frantoio Muraglia","isPartOf":{"@id":"https:\/\/dev.frantoiomuraglia.it\/fr\/#website"},"primaryImageOfPage":{"@id":"https:\/\/dev.frantoiomuraglia.it\/fr\/produit\/orcio-pois-edition-limitee-en-or\/#primaryimage"},"image":{"@id":"https:\/\/dev.frantoiomuraglia.it\/fr\/produit\/orcio-pois-edition-limitee-en-or\/#primaryimage"},"thumbnailUrl":"https:\/\/dev.frantoiomuraglia.it\/wp-content\/uploads\/2024\/11\/Pois_gold_02-1.jpg","datePublished":"2024-11-08T08:02:35+00:00","dateModified":"2025-02-12T12:18:02+00:00","description":"L'\u00e9l\u00e9gance et le raffinement trouvent leur plus haute expression dans le nouvel Orcio Pois Gold.Disponible en rouge, blanc et noir, il devient le symbole d'une esth\u00e9tique qui allie tradition et modernit\u00e9, une r\u00e9interpr\u00e9tation de la c\u00e9ramique des Pouilles qui devient un pur design et un objet de d\u00e9sir.Disponible en format 500ml avec l'huile Fruttato Medio.Une exclusivit\u00e9 en ligne et une \u00e9dition limit\u00e9e.","breadcrumb":{"@id":"https:\/\/dev.frantoiomuraglia.it\/fr\/produit\/orcio-pois-edition-limitee-en-or\/#breadcrumb"},"inLanguage":"fr-FR","potentialAction":[{"@type":"ReadAction","target":["https:\/\/dev.frantoiomuraglia.it\/fr\/produit\/orcio-pois-edition-limitee-en-or\/"]}]},{"@type":"ImageObject","inLanguage":"fr-FR","@id":"https:\/\/dev.frantoiomuraglia.it\/fr\/produit\/orcio-pois-edition-limitee-en-or\/#primaryimage","url":"https:\/\/dev.frantoiomuraglia.it\/wp-content\/uploads\/2024\/11\/Pois_gold_02-1.jpg","contentUrl":"https:\/\/dev.frantoiomuraglia.it\/wp-content\/uploads\/2024\/11\/Pois_gold_02-1.jpg","width":2180,"height":2294,"caption":"Foto \u00a9 Alessandra Farinelli"},{"@type":"BreadcrumbList","@id":"https:\/\/dev.frantoiomuraglia.it\/fr\/produit\/orcio-pois-edition-limitee-en-or\/#breadcrumb","itemListElement":[{"@type":"ListItem","position":1,"name":"Home","item":"https:\/\/dev.frantoiomuraglia.it\/fr\/"},{"@type":"ListItem","position":2,"name":"Boutique","item":"https:\/\/dev.frantoiomuraglia.it\/fr\/boutique\/"},{"@type":"ListItem","position":3,"name":"Jarre Pois &#8211; \u00e9dition limit\u00e9e rouge"}]},{"@type":"WebSite","@id":"https:\/\/dev.frantoiomuraglia.it\/fr\/#website","url":"https:\/\/dev.frantoiomuraglia.it\/fr\/","name":"Frantoio Muraglia","description":"Just another WordPress site","publisher":{"@id":"https:\/\/dev.frantoiomuraglia.it\/fr\/#organization"},"potentialAction":[{"@type":"SearchAction","target":{"@type":"EntryPoint","urlTemplate":"https:\/\/dev.frantoiomuraglia.it\/fr\/?s={search_term_string}"},"query-input":{"@type":"PropertyValueSpecification","valueRequired":true,"valueName":"search_term_string"}}],"inLanguage":"fr-FR"},{"@type":"Organization","@id":"https:\/\/dev.frantoiomuraglia.it\/fr\/#organization","name":"Frantoio Muraglia","url":"https:\/\/dev.frantoiomuraglia.it\/fr\/","logo":{"@type":"ImageObject","inLanguage":"fr-FR","@id":"https:\/\/dev.frantoiomuraglia.it\/fr\/#\/schema\/logo\/image\/","url":"https:\/\/www.frantoiomuraglia.it\/wp-content\/uploads\/2022\/06\/Logo-Frantoio-Muraglia-black-email.jpg","contentUrl":"https:\/\/www.frantoiomuraglia.it\/wp-content\/uploads\/2022\/06\/Logo-Frantoio-Muraglia-black-email.jpg","width":326,"height":150,"caption":"Frantoio Muraglia"},"image":{"@id":"https:\/\/dev.frantoiomuraglia.it\/fr\/#\/schema\/logo\/image\/"}}]}},"_links":{"self":[{"href":"https:\/\/dev.frantoiomuraglia.it\/fr\/wp-json\/wp\/v2\/product\/34347","targetHints":{"allow":["GET"]}}],"collection":[{"href":"https:\/\/dev.frantoiomuraglia.it\/fr\/wp-json\/wp\/v2\/product"}],"about":[{"href":"https:\/\/dev.frantoiomuraglia.it\/fr\/wp-json\/wp\/v2\/types\/product"}],"wp:featuredmedia":[{"embeddable":true,"href":"https:\/\/dev.frantoiomuraglia.it\/fr\/wp-json\/wp\/v2\/media\/34304"}],"wp:attachment":[{"href":"https:\/\/dev.frantoiomuraglia.it\/fr\/wp-json\/wp\/v2\/media?parent=34347"}],"wp:term":[{"taxonomy":"product_cat","embeddable":true,"href":"https:\/\/dev.frantoiomuraglia.it\/fr\/wp-json\/wp\/v2\/product_cat?post=34347"},{"taxonomy":"product_tag","embeddable":true,"href":"https:\/\/dev.frantoiomuraglia.it\/fr\/wp-json\/wp\/v2\/product_tag?post=34347"}],"curies":[{"name":"wp","href":"https:\/\/api.w.org\/{rel}","templated":true}]}}