{"id":34337,"date":"2024-11-07T15:59:19","date_gmt":"2024-11-07T16:44:58","guid":{"rendered":"https:\/\/www.frantoiomuraglia.it\/?post_type=product&#038;p=34337"},"modified":"2025-02-12T14:11:11","modified_gmt":"2025-02-12T12:11:11","slug":"coffret-cadeau-polka-dot","status":"publish","type":"product","link":"https:\/\/dev.frantoiomuraglia.it\/fr\/produit\/coffret-cadeau-polka-dot\/","title":{"rendered":"Coffret cadeau &lsquo;Pois&rsquo;"},"content":{"rendered":"<p>L&rsquo;\u00e9l\u00e9gance et le raffinement trouvent leur plus haute expression dans le nouvel Jarre Pois Gold.<br \/>\nDisponibles en rouge, blanc et noir, elles deviennent le symbole d&rsquo;une esth\u00e9tique qui allie tradition et modernit\u00e9, une r\u00e9interpr\u00e9tation de la c\u00e9ramique des Pouilles qui devient un pur design et un objet de d\u00e9sir.<br \/>\nEt pour les collectionner, le nouveau coffret cadeau avec les 3 Orci uniques et les bols en c\u00e9ramique exclusifs en trois couleurs : blanc, rouge et noir.<\/p>\n<p>Un Orcio gardien de notre huile EVO \u00e0 montrer, \u00e0 offrir, \u00e0 vivre tous les jours : intens\u00e9ment fruit\u00e9 dans les couleurs blanc et noir, moyennement fruit\u00e9 dans la variante rouge.<\/p>\n<p>Une exclusivit\u00e9 en ligne et une \u00e9dition limit\u00e9e.<\/p>\n","protected":false},"excerpt":{"rendered":"<p>L&rsquo;\u00e9l\u00e9gance et le raffinement trouvent leur plus haute expression dans le nouvel Jarre Pois Gold. Disponibles en rouge, blanc et noir, elles deviennent le symbole d&rsquo;une esth\u00e9tique qui allie tradition et modernit\u00e9, une r\u00e9interpr\u00e9tation de la c\u00e9ramique des Pouilles qui devient un pur design et un objet de d\u00e9sir. Et pour les collectionner, le nouveau [&hellip;]<\/p>\n","protected":false},"featured_media":34326,"template":"","meta":{"_acf_changed":false},"product_cat":[201,134],"product_tag":[300,309,285,313],"class_list":{"0":"post-34337","1":"product","2":"type-product","3":"status-publish","4":"has-post-thumbnail","6":"product_cat-idees-de-cadeaux","7":"product_cat-jarres","8":"product_tag-gift-ideas-fr-2","9":"product_tag-intense-variant-fr","10":"product_tag-jars-fr-2","11":"product_tag-medium-variant-fr","13":"first","14":"instock","15":"taxable","16":"shipping-taxable","17":"purchasable","18":"product-type-simple"},"acf":[],"yoast_head":"<!-- This site is optimized with the Yoast SEO plugin v26.8 - https:\/\/yoast.com\/product\/yoast-seo-wordpress\/ -->\n<title>Coffret cadeau &#039;Pois&#039; - Frantoio Muraglia<\/title>\n<meta name=\"description\" content=\"L&#039;\u00e9l\u00e9gance et le raffinement trouvent leur plus haute expression dans le nouvel Orcio Pois Gold, disponible en rouge, blanc et noir, symbole d&#039;une esth\u00e9tique qui allie tradition et modernit\u00e9, une r\u00e9interpr\u00e9tation de la c\u00e9ramique des Pouilles qui devient un pur design et un objet de d\u00e9sir. Et pour les collectionner tous, le nouveau paquet cadeau avec les 3 Orcios uniques et les petits bols exclusifs en c\u00e9ramique dans les trois couleurs : blanc, rouge et noir. Un Orcio gardien de notre huile EVO \u00e0 montrer, \u00e0 offrir, \u00e0 vivre tous les jours : intens\u00e9ment fruit\u00e9 dans les couleurs blanc et noir, moyennement fruit\u00e9 dans la variante rouge. Une exclusivit\u00e9 en ligne et une \u00e9dition limit\u00e9e.\" \/>\n<meta name=\"robots\" content=\"noindex, follow, max-snippet:-1, max-image-preview:large, max-video-preview:-1\" \/>\n<meta property=\"og:locale\" content=\"fr_FR\" \/>\n<meta property=\"og:type\" content=\"article\" \/>\n<meta property=\"og:title\" content=\"Coffret cadeau &#039;Pois&#039; - Frantoio Muraglia\" \/>\n<meta property=\"og:description\" content=\"L&#039;\u00e9l\u00e9gance et le raffinement trouvent leur plus haute expression dans le nouvel Orcio Pois Gold, disponible en rouge, blanc et noir, symbole d&#039;une esth\u00e9tique qui allie tradition et modernit\u00e9, une r\u00e9interpr\u00e9tation de la c\u00e9ramique des Pouilles qui devient un pur design et un objet de d\u00e9sir. Et pour les collectionner tous, le nouveau paquet cadeau avec les 3 Orcios uniques et les petits bols exclusifs en c\u00e9ramique dans les trois couleurs : blanc, rouge et noir. Un Orcio gardien de notre huile EVO \u00e0 montrer, \u00e0 offrir, \u00e0 vivre tous les jours : intens\u00e9ment fruit\u00e9 dans les couleurs blanc et noir, moyennement fruit\u00e9 dans la variante rouge. Une exclusivit\u00e9 en ligne et une \u00e9dition limit\u00e9e.\" \/>\n<meta property=\"og:url\" content=\"https:\/\/dev.frantoiomuraglia.it\/fr\/produit\/coffret-cadeau-polka-dot\/\" \/>\n<meta property=\"og:site_name\" content=\"Frantoio Muraglia\" \/>\n<meta property=\"article:modified_time\" content=\"2025-02-12T12:11:11+00:00\" \/>\n<meta property=\"og:image\" content=\"https:\/\/dev.frantoiomuraglia.it\/wp-content\/uploads\/2024\/11\/pacco-pois-new-1.jpg\" \/>\n\t<meta property=\"og:image:width\" content=\"2180\" \/>\n\t<meta property=\"og:image:height\" content=\"2294\" \/>\n\t<meta property=\"og:image:type\" content=\"image\/jpeg\" \/>\n<meta name=\"twitter:card\" content=\"summary_large_image\" \/>\n<script type=\"application\/ld+json\" class=\"yoast-schema-graph\">{\"@context\":\"https:\/\/schema.org\",\"@graph\":[{\"@type\":\"WebPage\",\"@id\":\"https:\/\/dev.frantoiomuraglia.it\/fr\/produit\/coffret-cadeau-polka-dot\/\",\"url\":\"https:\/\/dev.frantoiomuraglia.it\/fr\/produit\/coffret-cadeau-polka-dot\/\",\"name\":\"Coffret cadeau 'Pois' - Frantoio Muraglia\",\"isPartOf\":{\"@id\":\"https:\/\/dev.frantoiomuraglia.it\/fr\/#website\"},\"primaryImageOfPage\":{\"@id\":\"https:\/\/dev.frantoiomuraglia.it\/fr\/produit\/coffret-cadeau-polka-dot\/#primaryimage\"},\"image\":{\"@id\":\"https:\/\/dev.frantoiomuraglia.it\/fr\/produit\/coffret-cadeau-polka-dot\/#primaryimage\"},\"thumbnailUrl\":\"https:\/\/dev.frantoiomuraglia.it\/wp-content\/uploads\/2024\/11\/pacco-pois-new-1.jpg\",\"datePublished\":\"2024-11-07T16:44:58+00:00\",\"dateModified\":\"2025-02-12T12:11:11+00:00\",\"description\":\"L'\u00e9l\u00e9gance et le raffinement trouvent leur plus haute expression dans le nouvel Orcio Pois Gold, disponible en rouge, blanc et noir, symbole d'une esth\u00e9tique qui allie tradition et modernit\u00e9, une r\u00e9interpr\u00e9tation de la c\u00e9ramique des Pouilles qui devient un pur design et un objet de d\u00e9sir. Et pour les collectionner tous, le nouveau paquet cadeau avec les 3 Orcios uniques et les petits bols exclusifs en c\u00e9ramique dans les trois couleurs : blanc, rouge et noir. Un Orcio gardien de notre huile EVO \u00e0 montrer, \u00e0 offrir, \u00e0 vivre tous les jours : intens\u00e9ment fruit\u00e9 dans les couleurs blanc et noir, moyennement fruit\u00e9 dans la variante rouge. Une exclusivit\u00e9 en ligne et une \u00e9dition limit\u00e9e.\",\"breadcrumb\":{\"@id\":\"https:\/\/dev.frantoiomuraglia.it\/fr\/produit\/coffret-cadeau-polka-dot\/#breadcrumb\"},\"inLanguage\":\"fr-FR\",\"potentialAction\":[{\"@type\":\"ReadAction\",\"target\":[\"https:\/\/dev.frantoiomuraglia.it\/fr\/produit\/coffret-cadeau-polka-dot\/\"]}]},{\"@type\":\"ImageObject\",\"inLanguage\":\"fr-FR\",\"@id\":\"https:\/\/dev.frantoiomuraglia.it\/fr\/produit\/coffret-cadeau-polka-dot\/#primaryimage\",\"url\":\"https:\/\/dev.frantoiomuraglia.it\/wp-content\/uploads\/2024\/11\/pacco-pois-new-1.jpg\",\"contentUrl\":\"https:\/\/dev.frantoiomuraglia.it\/wp-content\/uploads\/2024\/11\/pacco-pois-new-1.jpg\",\"width\":2180,\"height\":2294},{\"@type\":\"BreadcrumbList\",\"@id\":\"https:\/\/dev.frantoiomuraglia.it\/fr\/produit\/coffret-cadeau-polka-dot\/#breadcrumb\",\"itemListElement\":[{\"@type\":\"ListItem\",\"position\":1,\"name\":\"Home\",\"item\":\"https:\/\/dev.frantoiomuraglia.it\/fr\/\"},{\"@type\":\"ListItem\",\"position\":2,\"name\":\"Boutique\",\"item\":\"https:\/\/dev.frantoiomuraglia.it\/fr\/boutique\/\"},{\"@type\":\"ListItem\",\"position\":3,\"name\":\"Coffret cadeau &lsquo;Pois&rsquo;\"}]},{\"@type\":\"WebSite\",\"@id\":\"https:\/\/dev.frantoiomuraglia.it\/fr\/#website\",\"url\":\"https:\/\/dev.frantoiomuraglia.it\/fr\/\",\"name\":\"Frantoio Muraglia\",\"description\":\"Just another WordPress site\",\"publisher\":{\"@id\":\"https:\/\/dev.frantoiomuraglia.it\/fr\/#organization\"},\"potentialAction\":[{\"@type\":\"SearchAction\",\"target\":{\"@type\":\"EntryPoint\",\"urlTemplate\":\"https:\/\/dev.frantoiomuraglia.it\/fr\/?s={search_term_string}\"},\"query-input\":{\"@type\":\"PropertyValueSpecification\",\"valueRequired\":true,\"valueName\":\"search_term_string\"}}],\"inLanguage\":\"fr-FR\"},{\"@type\":\"Organization\",\"@id\":\"https:\/\/dev.frantoiomuraglia.it\/fr\/#organization\",\"name\":\"Frantoio Muraglia\",\"url\":\"https:\/\/dev.frantoiomuraglia.it\/fr\/\",\"logo\":{\"@type\":\"ImageObject\",\"inLanguage\":\"fr-FR\",\"@id\":\"https:\/\/dev.frantoiomuraglia.it\/fr\/#\/schema\/logo\/image\/\",\"url\":\"https:\/\/www.frantoiomuraglia.it\/wp-content\/uploads\/2022\/06\/Logo-Frantoio-Muraglia-black-email.jpg\",\"contentUrl\":\"https:\/\/www.frantoiomuraglia.it\/wp-content\/uploads\/2022\/06\/Logo-Frantoio-Muraglia-black-email.jpg\",\"width\":326,\"height\":150,\"caption\":\"Frantoio Muraglia\"},\"image\":{\"@id\":\"https:\/\/dev.frantoiomuraglia.it\/fr\/#\/schema\/logo\/image\/\"}}]}<\/script>\n<!-- \/ Yoast SEO plugin. -->","yoast_head_json":{"title":"Coffret cadeau 'Pois' - Frantoio Muraglia","description":"L'\u00e9l\u00e9gance et le raffinement trouvent leur plus haute expression dans le nouvel Orcio Pois Gold, disponible en rouge, blanc et noir, symbole d'une esth\u00e9tique qui allie tradition et modernit\u00e9, une r\u00e9interpr\u00e9tation de la c\u00e9ramique des Pouilles qui devient un pur design et un objet de d\u00e9sir. Et pour les collectionner tous, le nouveau paquet cadeau avec les 3 Orcios uniques et les petits bols exclusifs en c\u00e9ramique dans les trois couleurs : blanc, rouge et noir. Un Orcio gardien de notre huile EVO \u00e0 montrer, \u00e0 offrir, \u00e0 vivre tous les jours : intens\u00e9ment fruit\u00e9 dans les couleurs blanc et noir, moyennement fruit\u00e9 dans la variante rouge. Une exclusivit\u00e9 en ligne et une \u00e9dition limit\u00e9e.","robots":{"index":"noindex","follow":"follow","max-snippet":"max-snippet:-1","max-image-preview":"max-image-preview:large","max-video-preview":"max-video-preview:-1"},"og_locale":"fr_FR","og_type":"article","og_title":"Coffret cadeau 'Pois' - Frantoio Muraglia","og_description":"L'\u00e9l\u00e9gance et le raffinement trouvent leur plus haute expression dans le nouvel Orcio Pois Gold, disponible en rouge, blanc et noir, symbole d'une esth\u00e9tique qui allie tradition et modernit\u00e9, une r\u00e9interpr\u00e9tation de la c\u00e9ramique des Pouilles qui devient un pur design et un objet de d\u00e9sir. Et pour les collectionner tous, le nouveau paquet cadeau avec les 3 Orcios uniques et les petits bols exclusifs en c\u00e9ramique dans les trois couleurs : blanc, rouge et noir. Un Orcio gardien de notre huile EVO \u00e0 montrer, \u00e0 offrir, \u00e0 vivre tous les jours : intens\u00e9ment fruit\u00e9 dans les couleurs blanc et noir, moyennement fruit\u00e9 dans la variante rouge. Une exclusivit\u00e9 en ligne et une \u00e9dition limit\u00e9e.","og_url":"https:\/\/dev.frantoiomuraglia.it\/fr\/produit\/coffret-cadeau-polka-dot\/","og_site_name":"Frantoio Muraglia","article_modified_time":"2025-02-12T12:11:11+00:00","og_image":[{"width":2180,"height":2294,"url":"https:\/\/dev.frantoiomuraglia.it\/wp-content\/uploads\/2024\/11\/pacco-pois-new-1.jpg","type":"image\/jpeg"}],"twitter_card":"summary_large_image","schema":{"@context":"https:\/\/schema.org","@graph":[{"@type":"WebPage","@id":"https:\/\/dev.frantoiomuraglia.it\/fr\/produit\/coffret-cadeau-polka-dot\/","url":"https:\/\/dev.frantoiomuraglia.it\/fr\/produit\/coffret-cadeau-polka-dot\/","name":"Coffret cadeau 'Pois' - Frantoio Muraglia","isPartOf":{"@id":"https:\/\/dev.frantoiomuraglia.it\/fr\/#website"},"primaryImageOfPage":{"@id":"https:\/\/dev.frantoiomuraglia.it\/fr\/produit\/coffret-cadeau-polka-dot\/#primaryimage"},"image":{"@id":"https:\/\/dev.frantoiomuraglia.it\/fr\/produit\/coffret-cadeau-polka-dot\/#primaryimage"},"thumbnailUrl":"https:\/\/dev.frantoiomuraglia.it\/wp-content\/uploads\/2024\/11\/pacco-pois-new-1.jpg","datePublished":"2024-11-07T16:44:58+00:00","dateModified":"2025-02-12T12:11:11+00:00","description":"L'\u00e9l\u00e9gance et le raffinement trouvent leur plus haute expression dans le nouvel Orcio Pois Gold, disponible en rouge, blanc et noir, symbole d'une esth\u00e9tique qui allie tradition et modernit\u00e9, une r\u00e9interpr\u00e9tation de la c\u00e9ramique des Pouilles qui devient un pur design et un objet de d\u00e9sir. Et pour les collectionner tous, le nouveau paquet cadeau avec les 3 Orcios uniques et les petits bols exclusifs en c\u00e9ramique dans les trois couleurs : blanc, rouge et noir. Un Orcio gardien de notre huile EVO \u00e0 montrer, \u00e0 offrir, \u00e0 vivre tous les jours : intens\u00e9ment fruit\u00e9 dans les couleurs blanc et noir, moyennement fruit\u00e9 dans la variante rouge. Une exclusivit\u00e9 en ligne et une \u00e9dition limit\u00e9e.","breadcrumb":{"@id":"https:\/\/dev.frantoiomuraglia.it\/fr\/produit\/coffret-cadeau-polka-dot\/#breadcrumb"},"inLanguage":"fr-FR","potentialAction":[{"@type":"ReadAction","target":["https:\/\/dev.frantoiomuraglia.it\/fr\/produit\/coffret-cadeau-polka-dot\/"]}]},{"@type":"ImageObject","inLanguage":"fr-FR","@id":"https:\/\/dev.frantoiomuraglia.it\/fr\/produit\/coffret-cadeau-polka-dot\/#primaryimage","url":"https:\/\/dev.frantoiomuraglia.it\/wp-content\/uploads\/2024\/11\/pacco-pois-new-1.jpg","contentUrl":"https:\/\/dev.frantoiomuraglia.it\/wp-content\/uploads\/2024\/11\/pacco-pois-new-1.jpg","width":2180,"height":2294},{"@type":"BreadcrumbList","@id":"https:\/\/dev.frantoiomuraglia.it\/fr\/produit\/coffret-cadeau-polka-dot\/#breadcrumb","itemListElement":[{"@type":"ListItem","position":1,"name":"Home","item":"https:\/\/dev.frantoiomuraglia.it\/fr\/"},{"@type":"ListItem","position":2,"name":"Boutique","item":"https:\/\/dev.frantoiomuraglia.it\/fr\/boutique\/"},{"@type":"ListItem","position":3,"name":"Coffret cadeau &lsquo;Pois&rsquo;"}]},{"@type":"WebSite","@id":"https:\/\/dev.frantoiomuraglia.it\/fr\/#website","url":"https:\/\/dev.frantoiomuraglia.it\/fr\/","name":"Frantoio Muraglia","description":"Just another WordPress site","publisher":{"@id":"https:\/\/dev.frantoiomuraglia.it\/fr\/#organization"},"potentialAction":[{"@type":"SearchAction","target":{"@type":"EntryPoint","urlTemplate":"https:\/\/dev.frantoiomuraglia.it\/fr\/?s={search_term_string}"},"query-input":{"@type":"PropertyValueSpecification","valueRequired":true,"valueName":"search_term_string"}}],"inLanguage":"fr-FR"},{"@type":"Organization","@id":"https:\/\/dev.frantoiomuraglia.it\/fr\/#organization","name":"Frantoio Muraglia","url":"https:\/\/dev.frantoiomuraglia.it\/fr\/","logo":{"@type":"ImageObject","inLanguage":"fr-FR","@id":"https:\/\/dev.frantoiomuraglia.it\/fr\/#\/schema\/logo\/image\/","url":"https:\/\/www.frantoiomuraglia.it\/wp-content\/uploads\/2022\/06\/Logo-Frantoio-Muraglia-black-email.jpg","contentUrl":"https:\/\/www.frantoiomuraglia.it\/wp-content\/uploads\/2022\/06\/Logo-Frantoio-Muraglia-black-email.jpg","width":326,"height":150,"caption":"Frantoio Muraglia"},"image":{"@id":"https:\/\/dev.frantoiomuraglia.it\/fr\/#\/schema\/logo\/image\/"}}]}},"_links":{"self":[{"href":"https:\/\/dev.frantoiomuraglia.it\/fr\/wp-json\/wp\/v2\/product\/34337","targetHints":{"allow":["GET"]}}],"collection":[{"href":"https:\/\/dev.frantoiomuraglia.it\/fr\/wp-json\/wp\/v2\/product"}],"about":[{"href":"https:\/\/dev.frantoiomuraglia.it\/fr\/wp-json\/wp\/v2\/types\/product"}],"wp:featuredmedia":[{"embeddable":true,"href":"https:\/\/dev.frantoiomuraglia.it\/fr\/wp-json\/wp\/v2\/media\/34326"}],"wp:attachment":[{"href":"https:\/\/dev.frantoiomuraglia.it\/fr\/wp-json\/wp\/v2\/media?parent=34337"}],"wp:term":[{"taxonomy":"product_cat","embeddable":true,"href":"https:\/\/dev.frantoiomuraglia.it\/fr\/wp-json\/wp\/v2\/product_cat?post=34337"},{"taxonomy":"product_tag","embeddable":true,"href":"https:\/\/dev.frantoiomuraglia.it\/fr\/wp-json\/wp\/v2\/product_tag?post=34337"}],"curies":[{"name":"wp","href":"https:\/\/api.w.org\/{rel}","templated":true}]}}