{"id":34239,"date":"2024-11-04T18:28:51","date_gmt":"2024-11-06T11:39:09","guid":{"rendered":"https:\/\/www.frantoiomuraglia.it\/product\/pack-cadeau-coolors\/"},"modified":"2025-02-12T16:26:27","modified_gmt":"2025-02-12T14:26:27","slug":"pack-cadeau-coolors","status":"publish","type":"product","link":"https:\/\/dev.frantoiomuraglia.it\/fr\/produit\/pack-cadeau-coolors\/","title":{"rendered":"Pack cadeau &lsquo;Coolors&rsquo;"},"content":{"rendered":"<p>D\u00e9couvrez l&rsquo;\u00e9l\u00e9gance et la qualit\u00e9 avec le nouveau coffret contenant toute la collection Coolors: trois bouteilles en verre uniques contenant 500 ml de notre meilleure huile d&rsquo;olive extra vierge.<\/p>\n<p>Des coffrets cadeaux uniques disponibles exclusivement en ligne. L&rsquo;id\u00e9e de cadeau id\u00e9ale pour d\u00e9couvrir l&rsquo;atmosph\u00e8re du Frantoio Muraglia. Nous enrichirons votre table de produits de qualit\u00e9 et de couleurs, gr\u00e2ce au parfum de notre huile d&rsquo;olive extra vierge et aux couleurs de nos objets design fabriqu\u00e9s \u00e0 la main.<\/p>\n<p>Un paquet cadeau parfait pour mettre de la couleur sur les tables de la famille, des amis et des clients. Un panier de No\u00ebl ou un cadeau d&rsquo;entreprise qui fera plaisir, compos\u00e9 de bouteilles en verre raffin\u00e9es et l\u00e9g\u00e8res, un vertige de saveurs et de couleurs.<\/p>\n<p>Un coffret cadeau contenant toute la collection Coolors : Coolor Shining Red 500ml Medium Fruity, Coolor Titanium 500ml Intense Fruity et Coolor Gold Ros\u00e9 500ml Intense Fruity.<\/p>\n","protected":false},"excerpt":{"rendered":"<p>D\u00e9couvrez l&rsquo;\u00e9l\u00e9gance et la qualit\u00e9 avec le nouveau coffret contenant toute la collection Coolors : trois bouteilles en verre uniques contenant 500 ml de notre meilleure huile d&rsquo;olive extra vierge.<\/p>\n<p><strong>Le paquet cadeau contient : Coolors Red avec EVO moyennement fruit\u00e9, Coolors Titanium avec EVO fruit\u00e9 intense, Coolors Gold Ros\u00e9 avec EVO fruit\u00e9 intense.<\/strong><\/p>\n","protected":false},"featured_media":34212,"template":"","meta":{"_acf_changed":false},"product_cat":[169,201,417,378],"product_tag":[300,309,313],"class_list":{"0":"post-34239","1":"product","2":"type-product","3":"status-publish","4":"has-post-thumbnail","6":"product_cat-bouteilles","7":"product_cat-idees-de-cadeaux","8":"product_cat-black-friday-fr","9":"product_cat-coolors-fr","10":"product_tag-gift-ideas-fr-2","11":"product_tag-intense-variant-fr","12":"product_tag-medium-variant-fr","14":"first","15":"instock","16":"taxable","17":"shipping-taxable","18":"purchasable","19":"product-type-simple"},"acf":[],"yoast_head":"<!-- This site is optimized with the Yoast SEO plugin v26.8 - https:\/\/yoast.com\/product\/yoast-seo-wordpress\/ -->\n<title>Pack cadeau &#039;Coolors&#039; - Frantoio Muraglia<\/title>\n<meta name=\"description\" content=\"Pour votre cadeau, choisissez l&#039;excellence. Coolor Shining Red 500 ml - Fruit\u00e9e Moyenne. Coolor Titanium 500 ml - Fruit\u00e9e Intense. Coolor Gold Ros\u00e8 500 ml - Fruit\u00e9e Intense. D\u00e9couvrez l&#039;\u00e9l\u00e9gance et la qualit\u00e9 avec le nouveau coffret cadeau qui contient toute la collection Coolors : trois bouteilles uniques en verre qui contiennent 500 ml de notre meilleure huile d&#039;olive extra vierge. Le coffret cadeau contient : Coolors Red avec Fruit\u00e9e Moyenne, Coolors Titanium avec Fruit\u00e9e Intense, Coolors Gold Ros\u00e9 avec Fruit\u00e9e Intense.\" \/>\n<meta name=\"robots\" content=\"noindex, follow, max-snippet:-1, max-image-preview:large, max-video-preview:-1\" \/>\n<meta property=\"og:locale\" content=\"fr_FR\" \/>\n<meta property=\"og:type\" content=\"article\" \/>\n<meta property=\"og:title\" content=\"Pack cadeau &#039;Coolors&#039; - Frantoio Muraglia\" \/>\n<meta property=\"og:description\" content=\"Pour votre cadeau, choisissez l&#039;excellence. Coolor Shining Red 500 ml - Fruit\u00e9e Moyenne. Coolor Titanium 500 ml - Fruit\u00e9e Intense. Coolor Gold Ros\u00e8 500 ml - Fruit\u00e9e Intense. D\u00e9couvrez l&#039;\u00e9l\u00e9gance et la qualit\u00e9 avec le nouveau coffret cadeau qui contient toute la collection Coolors : trois bouteilles uniques en verre qui contiennent 500 ml de notre meilleure huile d&#039;olive extra vierge. Le coffret cadeau contient : Coolors Red avec Fruit\u00e9e Moyenne, Coolors Titanium avec Fruit\u00e9e Intense, Coolors Gold Ros\u00e9 avec Fruit\u00e9e Intense.\" \/>\n<meta property=\"og:url\" content=\"https:\/\/dev.frantoiomuraglia.it\/fr\/produit\/pack-cadeau-coolors\/\" \/>\n<meta property=\"og:site_name\" content=\"Frantoio Muraglia\" \/>\n<meta property=\"article:modified_time\" content=\"2025-02-12T14:26:27+00:00\" \/>\n<meta property=\"og:image\" content=\"https:\/\/dev.frantoiomuraglia.it\/wp-content\/uploads\/2024\/11\/pacco-coolors.jpg\" \/>\n\t<meta property=\"og:image:width\" content=\"2180\" \/>\n\t<meta property=\"og:image:height\" content=\"2294\" \/>\n\t<meta property=\"og:image:type\" content=\"image\/jpeg\" \/>\n<meta name=\"twitter:card\" content=\"summary_large_image\" \/>\n<script type=\"application\/ld+json\" class=\"yoast-schema-graph\">{\"@context\":\"https:\/\/schema.org\",\"@graph\":[{\"@type\":\"WebPage\",\"@id\":\"https:\/\/dev.frantoiomuraglia.it\/fr\/produit\/pack-cadeau-coolors\/\",\"url\":\"https:\/\/dev.frantoiomuraglia.it\/fr\/produit\/pack-cadeau-coolors\/\",\"name\":\"Pack cadeau 'Coolors' - Frantoio Muraglia\",\"isPartOf\":{\"@id\":\"https:\/\/dev.frantoiomuraglia.it\/fr\/#website\"},\"primaryImageOfPage\":{\"@id\":\"https:\/\/dev.frantoiomuraglia.it\/fr\/produit\/pack-cadeau-coolors\/#primaryimage\"},\"image\":{\"@id\":\"https:\/\/dev.frantoiomuraglia.it\/fr\/produit\/pack-cadeau-coolors\/#primaryimage\"},\"thumbnailUrl\":\"https:\/\/dev.frantoiomuraglia.it\/wp-content\/uploads\/2024\/11\/pacco-coolors.jpg\",\"datePublished\":\"2024-11-06T11:39:09+00:00\",\"dateModified\":\"2025-02-12T14:26:27+00:00\",\"description\":\"Pour votre cadeau, choisissez l'excellence. Coolor Shining Red 500 ml - Fruit\u00e9e Moyenne. Coolor Titanium 500 ml - Fruit\u00e9e Intense. Coolor Gold Ros\u00e8 500 ml - Fruit\u00e9e Intense. D\u00e9couvrez l'\u00e9l\u00e9gance et la qualit\u00e9 avec le nouveau coffret cadeau qui contient toute la collection Coolors : trois bouteilles uniques en verre qui contiennent 500 ml de notre meilleure huile d'olive extra vierge. Le coffret cadeau contient : Coolors Red avec Fruit\u00e9e Moyenne, Coolors Titanium avec Fruit\u00e9e Intense, Coolors Gold Ros\u00e9 avec Fruit\u00e9e Intense.\",\"breadcrumb\":{\"@id\":\"https:\/\/dev.frantoiomuraglia.it\/fr\/produit\/pack-cadeau-coolors\/#breadcrumb\"},\"inLanguage\":\"fr-FR\",\"potentialAction\":[{\"@type\":\"ReadAction\",\"target\":[\"https:\/\/dev.frantoiomuraglia.it\/fr\/produit\/pack-cadeau-coolors\/\"]}]},{\"@type\":\"ImageObject\",\"inLanguage\":\"fr-FR\",\"@id\":\"https:\/\/dev.frantoiomuraglia.it\/fr\/produit\/pack-cadeau-coolors\/#primaryimage\",\"url\":\"https:\/\/dev.frantoiomuraglia.it\/wp-content\/uploads\/2024\/11\/pacco-coolors.jpg\",\"contentUrl\":\"https:\/\/dev.frantoiomuraglia.it\/wp-content\/uploads\/2024\/11\/pacco-coolors.jpg\",\"width\":2180,\"height\":2294},{\"@type\":\"BreadcrumbList\",\"@id\":\"https:\/\/dev.frantoiomuraglia.it\/fr\/produit\/pack-cadeau-coolors\/#breadcrumb\",\"itemListElement\":[{\"@type\":\"ListItem\",\"position\":1,\"name\":\"Home\",\"item\":\"https:\/\/dev.frantoiomuraglia.it\/fr\/\"},{\"@type\":\"ListItem\",\"position\":2,\"name\":\"Boutique\",\"item\":\"https:\/\/dev.frantoiomuraglia.it\/fr\/boutique\/\"},{\"@type\":\"ListItem\",\"position\":3,\"name\":\"Pack cadeau &lsquo;Coolors&rsquo;\"}]},{\"@type\":\"WebSite\",\"@id\":\"https:\/\/dev.frantoiomuraglia.it\/fr\/#website\",\"url\":\"https:\/\/dev.frantoiomuraglia.it\/fr\/\",\"name\":\"Frantoio Muraglia\",\"description\":\"Just another WordPress site\",\"publisher\":{\"@id\":\"https:\/\/dev.frantoiomuraglia.it\/fr\/#organization\"},\"potentialAction\":[{\"@type\":\"SearchAction\",\"target\":{\"@type\":\"EntryPoint\",\"urlTemplate\":\"https:\/\/dev.frantoiomuraglia.it\/fr\/?s={search_term_string}\"},\"query-input\":{\"@type\":\"PropertyValueSpecification\",\"valueRequired\":true,\"valueName\":\"search_term_string\"}}],\"inLanguage\":\"fr-FR\"},{\"@type\":\"Organization\",\"@id\":\"https:\/\/dev.frantoiomuraglia.it\/fr\/#organization\",\"name\":\"Frantoio Muraglia\",\"url\":\"https:\/\/dev.frantoiomuraglia.it\/fr\/\",\"logo\":{\"@type\":\"ImageObject\",\"inLanguage\":\"fr-FR\",\"@id\":\"https:\/\/dev.frantoiomuraglia.it\/fr\/#\/schema\/logo\/image\/\",\"url\":\"https:\/\/www.frantoiomuraglia.it\/wp-content\/uploads\/2022\/06\/Logo-Frantoio-Muraglia-black-email.jpg\",\"contentUrl\":\"https:\/\/www.frantoiomuraglia.it\/wp-content\/uploads\/2022\/06\/Logo-Frantoio-Muraglia-black-email.jpg\",\"width\":326,\"height\":150,\"caption\":\"Frantoio Muraglia\"},\"image\":{\"@id\":\"https:\/\/dev.frantoiomuraglia.it\/fr\/#\/schema\/logo\/image\/\"}}]}<\/script>\n<!-- \/ Yoast SEO plugin. -->","yoast_head_json":{"title":"Pack cadeau 'Coolors' - Frantoio Muraglia","description":"Pour votre cadeau, choisissez l'excellence. Coolor Shining Red 500 ml - Fruit\u00e9e Moyenne. Coolor Titanium 500 ml - Fruit\u00e9e Intense. Coolor Gold Ros\u00e8 500 ml - Fruit\u00e9e Intense. D\u00e9couvrez l'\u00e9l\u00e9gance et la qualit\u00e9 avec le nouveau coffret cadeau qui contient toute la collection Coolors : trois bouteilles uniques en verre qui contiennent 500 ml de notre meilleure huile d'olive extra vierge. Le coffret cadeau contient : Coolors Red avec Fruit\u00e9e Moyenne, Coolors Titanium avec Fruit\u00e9e Intense, Coolors Gold Ros\u00e9 avec Fruit\u00e9e Intense.","robots":{"index":"noindex","follow":"follow","max-snippet":"max-snippet:-1","max-image-preview":"max-image-preview:large","max-video-preview":"max-video-preview:-1"},"og_locale":"fr_FR","og_type":"article","og_title":"Pack cadeau 'Coolors' - Frantoio Muraglia","og_description":"Pour votre cadeau, choisissez l'excellence. Coolor Shining Red 500 ml - Fruit\u00e9e Moyenne. Coolor Titanium 500 ml - Fruit\u00e9e Intense. Coolor Gold Ros\u00e8 500 ml - Fruit\u00e9e Intense. D\u00e9couvrez l'\u00e9l\u00e9gance et la qualit\u00e9 avec le nouveau coffret cadeau qui contient toute la collection Coolors : trois bouteilles uniques en verre qui contiennent 500 ml de notre meilleure huile d'olive extra vierge. Le coffret cadeau contient : Coolors Red avec Fruit\u00e9e Moyenne, Coolors Titanium avec Fruit\u00e9e Intense, Coolors Gold Ros\u00e9 avec Fruit\u00e9e Intense.","og_url":"https:\/\/dev.frantoiomuraglia.it\/fr\/produit\/pack-cadeau-coolors\/","og_site_name":"Frantoio Muraglia","article_modified_time":"2025-02-12T14:26:27+00:00","og_image":[{"width":2180,"height":2294,"url":"https:\/\/dev.frantoiomuraglia.it\/wp-content\/uploads\/2024\/11\/pacco-coolors.jpg","type":"image\/jpeg"}],"twitter_card":"summary_large_image","schema":{"@context":"https:\/\/schema.org","@graph":[{"@type":"WebPage","@id":"https:\/\/dev.frantoiomuraglia.it\/fr\/produit\/pack-cadeau-coolors\/","url":"https:\/\/dev.frantoiomuraglia.it\/fr\/produit\/pack-cadeau-coolors\/","name":"Pack cadeau 'Coolors' - Frantoio Muraglia","isPartOf":{"@id":"https:\/\/dev.frantoiomuraglia.it\/fr\/#website"},"primaryImageOfPage":{"@id":"https:\/\/dev.frantoiomuraglia.it\/fr\/produit\/pack-cadeau-coolors\/#primaryimage"},"image":{"@id":"https:\/\/dev.frantoiomuraglia.it\/fr\/produit\/pack-cadeau-coolors\/#primaryimage"},"thumbnailUrl":"https:\/\/dev.frantoiomuraglia.it\/wp-content\/uploads\/2024\/11\/pacco-coolors.jpg","datePublished":"2024-11-06T11:39:09+00:00","dateModified":"2025-02-12T14:26:27+00:00","description":"Pour votre cadeau, choisissez l'excellence. Coolor Shining Red 500 ml - Fruit\u00e9e Moyenne. Coolor Titanium 500 ml - Fruit\u00e9e Intense. Coolor Gold Ros\u00e8 500 ml - Fruit\u00e9e Intense. D\u00e9couvrez l'\u00e9l\u00e9gance et la qualit\u00e9 avec le nouveau coffret cadeau qui contient toute la collection Coolors : trois bouteilles uniques en verre qui contiennent 500 ml de notre meilleure huile d'olive extra vierge. Le coffret cadeau contient : Coolors Red avec Fruit\u00e9e Moyenne, Coolors Titanium avec Fruit\u00e9e Intense, Coolors Gold Ros\u00e9 avec Fruit\u00e9e Intense.","breadcrumb":{"@id":"https:\/\/dev.frantoiomuraglia.it\/fr\/produit\/pack-cadeau-coolors\/#breadcrumb"},"inLanguage":"fr-FR","potentialAction":[{"@type":"ReadAction","target":["https:\/\/dev.frantoiomuraglia.it\/fr\/produit\/pack-cadeau-coolors\/"]}]},{"@type":"ImageObject","inLanguage":"fr-FR","@id":"https:\/\/dev.frantoiomuraglia.it\/fr\/produit\/pack-cadeau-coolors\/#primaryimage","url":"https:\/\/dev.frantoiomuraglia.it\/wp-content\/uploads\/2024\/11\/pacco-coolors.jpg","contentUrl":"https:\/\/dev.frantoiomuraglia.it\/wp-content\/uploads\/2024\/11\/pacco-coolors.jpg","width":2180,"height":2294},{"@type":"BreadcrumbList","@id":"https:\/\/dev.frantoiomuraglia.it\/fr\/produit\/pack-cadeau-coolors\/#breadcrumb","itemListElement":[{"@type":"ListItem","position":1,"name":"Home","item":"https:\/\/dev.frantoiomuraglia.it\/fr\/"},{"@type":"ListItem","position":2,"name":"Boutique","item":"https:\/\/dev.frantoiomuraglia.it\/fr\/boutique\/"},{"@type":"ListItem","position":3,"name":"Pack cadeau &lsquo;Coolors&rsquo;"}]},{"@type":"WebSite","@id":"https:\/\/dev.frantoiomuraglia.it\/fr\/#website","url":"https:\/\/dev.frantoiomuraglia.it\/fr\/","name":"Frantoio Muraglia","description":"Just another WordPress site","publisher":{"@id":"https:\/\/dev.frantoiomuraglia.it\/fr\/#organization"},"potentialAction":[{"@type":"SearchAction","target":{"@type":"EntryPoint","urlTemplate":"https:\/\/dev.frantoiomuraglia.it\/fr\/?s={search_term_string}"},"query-input":{"@type":"PropertyValueSpecification","valueRequired":true,"valueName":"search_term_string"}}],"inLanguage":"fr-FR"},{"@type":"Organization","@id":"https:\/\/dev.frantoiomuraglia.it\/fr\/#organization","name":"Frantoio Muraglia","url":"https:\/\/dev.frantoiomuraglia.it\/fr\/","logo":{"@type":"ImageObject","inLanguage":"fr-FR","@id":"https:\/\/dev.frantoiomuraglia.it\/fr\/#\/schema\/logo\/image\/","url":"https:\/\/www.frantoiomuraglia.it\/wp-content\/uploads\/2022\/06\/Logo-Frantoio-Muraglia-black-email.jpg","contentUrl":"https:\/\/www.frantoiomuraglia.it\/wp-content\/uploads\/2022\/06\/Logo-Frantoio-Muraglia-black-email.jpg","width":326,"height":150,"caption":"Frantoio Muraglia"},"image":{"@id":"https:\/\/dev.frantoiomuraglia.it\/fr\/#\/schema\/logo\/image\/"}}]}},"_links":{"self":[{"href":"https:\/\/dev.frantoiomuraglia.it\/fr\/wp-json\/wp\/v2\/product\/34239","targetHints":{"allow":["GET"]}}],"collection":[{"href":"https:\/\/dev.frantoiomuraglia.it\/fr\/wp-json\/wp\/v2\/product"}],"about":[{"href":"https:\/\/dev.frantoiomuraglia.it\/fr\/wp-json\/wp\/v2\/types\/product"}],"wp:featuredmedia":[{"embeddable":true,"href":"https:\/\/dev.frantoiomuraglia.it\/fr\/wp-json\/wp\/v2\/media\/34212"}],"wp:attachment":[{"href":"https:\/\/dev.frantoiomuraglia.it\/fr\/wp-json\/wp\/v2\/media?parent=34239"}],"wp:term":[{"taxonomy":"product_cat","embeddable":true,"href":"https:\/\/dev.frantoiomuraglia.it\/fr\/wp-json\/wp\/v2\/product_cat?post=34239"},{"taxonomy":"product_tag","embeddable":true,"href":"https:\/\/dev.frantoiomuraglia.it\/fr\/wp-json\/wp\/v2\/product_tag?post=34239"}],"curies":[{"name":"wp","href":"https:\/\/api.w.org\/{rel}","templated":true}]}}