{"id":34079,"date":"2024-10-28T11:23:03","date_gmt":"2024-10-30T09:18:01","guid":{"rendered":"https:\/\/www.frantoiomuraglia.it\/product\/jarre-en-ceramique-fondazione-rava\/"},"modified":"2025-05-19T22:54:26","modified_gmt":"2025-05-19T20:54:26","slug":"jarre-en-ceramique-fondazione-rava","status":"publish","type":"product","link":"https:\/\/dev.frantoiomuraglia.it\/fr\/produit\/jarre-en-ceramique-fondazione-rava\/","title":{"rendered":"Jarre en c\u00e9ramique Fondazione Rava"},"content":{"rendered":"<p>Le bien dans le beau, faire le bien.<\/p>\n<p>La nouvelle collaboration avec la Fondazione Francesca Rava NPH, une organisation \u00e0 but non lucratif qui aide les enfants d\u00e9favoris\u00e9s en Italie et dans le monde, est un projet qui porte le concept de cadeau \u00e0 un niveau sup\u00e9rieur. Ensemble, nous avons cr\u00e9\u00e9 une \u00e9dition sp\u00e9ciale limit\u00e9e de notre pot bleu arc-en-ciel de 100 ml, con\u00e7u comme un petit cadeau pour c\u00e9l\u00e9brer un moment sp\u00e9cial. <\/p>\n<p>Une bouteille en c\u00e9ramique fabriqu\u00e9e et peinte \u00e0 la main par nos c\u00e9ramistes en \u00e9dition limit\u00e9e, con\u00e7ue comme un petit cadeau pour c\u00e9l\u00e9brer un moment sp\u00e9cial. Des rayures bleues caract\u00e9risent ce pot qui contient notre pr\u00e9cieuse huile d&rsquo;olive extra vierge et devient un symbole de solidarit\u00e9 : pour chaque pot vendu, nous reversons 1,50 \u20ac \u00e0 la Fondazione Rava. <\/p>\n<p>Disponibile nella variante fruttato intenso.<\/p>\n<p>&nbsp;<\/p>\n<p>&nbsp;<\/p>\n","protected":false},"excerpt":{"rendered":"<p>JARRE EN C\u00c9RAMIQUE FONDATION RAVA<\/p>\n","protected":false},"featured_media":39934,"template":"","meta":{"_acf_changed":false},"product_cat":[134],"product_tag":[284,300,309,285],"class_list":{"0":"post-34079","1":"product","2":"type-product","3":"status-publish","4":"has-post-thumbnail","6":"product_cat-jarres","7":"product_tag-featured-fr-2","8":"product_tag-gift-ideas-fr-2","9":"product_tag-intense-variant-fr","10":"product_tag-jars-fr-2","12":"first","13":"instock","14":"taxable","15":"shipping-taxable","16":"purchasable","17":"product-type-simple"},"acf":[],"yoast_head":"<!-- This site is optimized with the Yoast SEO plugin v26.8 - https:\/\/yoast.com\/product\/yoast-seo-wordpress\/ -->\n<title>Jarre en c\u00e9ramique Fondazione Rava - Frantoio Muraglia<\/title>\n<meta name=\"description\" content=\"Le bien dans le beau, faire le bien.La nouvelle collaboration avec la Fondation Francesca Rava NPH, une organisation \u00e0 but non lucratif qui aide les enfants d\u00e9favoris\u00e9s en Italie et dans le monde, est un projet qui porte le concept de don \u00e0 un niveau sup\u00e9rieur. Ensemble, nous avons cr\u00e9\u00e9 une \u00e9dition sp\u00e9ciale limit\u00e9e de notre pot bleu arc-en-ciel de 100 ml, con\u00e7u comme un petit cadeau pour c\u00e9l\u00e9brer un moment sp\u00e9cial.\" \/>\n<meta name=\"robots\" content=\"noindex, follow, max-snippet:-1, max-image-preview:large, max-video-preview:-1\" \/>\n<meta property=\"og:locale\" content=\"fr_FR\" \/>\n<meta property=\"og:type\" content=\"article\" \/>\n<meta property=\"og:title\" content=\"Jarre en c\u00e9ramique Fondazione Rava - Frantoio Muraglia\" \/>\n<meta property=\"og:description\" content=\"Le bien dans le beau, faire le bien.La nouvelle collaboration avec la Fondation Francesca Rava NPH, une organisation \u00e0 but non lucratif qui aide les enfants d\u00e9favoris\u00e9s en Italie et dans le monde, est un projet qui porte le concept de don \u00e0 un niveau sup\u00e9rieur. Ensemble, nous avons cr\u00e9\u00e9 une \u00e9dition sp\u00e9ciale limit\u00e9e de notre pot bleu arc-en-ciel de 100 ml, con\u00e7u comme un petit cadeau pour c\u00e9l\u00e9brer un moment sp\u00e9cial.\" \/>\n<meta property=\"og:url\" content=\"https:\/\/dev.frantoiomuraglia.it\/fr\/produit\/jarre-en-ceramique-fondazione-rava\/\" \/>\n<meta property=\"og:site_name\" content=\"Frantoio Muraglia\" \/>\n<meta property=\"article:modified_time\" content=\"2025-05-19T20:54:26+00:00\" \/>\n<meta property=\"og:image\" content=\"https:\/\/dev.frantoiomuraglia.it\/wp-content\/uploads\/2024\/10\/Orcio-Fondazione-Rava.jpg\" \/>\n\t<meta property=\"og:image:width\" content=\"2180\" \/>\n\t<meta property=\"og:image:height\" content=\"2294\" \/>\n\t<meta property=\"og:image:type\" content=\"image\/jpeg\" \/>\n<meta name=\"twitter:card\" content=\"summary_large_image\" \/>\n<script type=\"application\/ld+json\" class=\"yoast-schema-graph\">{\"@context\":\"https:\/\/schema.org\",\"@graph\":[{\"@type\":\"WebPage\",\"@id\":\"https:\/\/dev.frantoiomuraglia.it\/fr\/produit\/jarre-en-ceramique-fondazione-rava\/\",\"url\":\"https:\/\/dev.frantoiomuraglia.it\/fr\/produit\/jarre-en-ceramique-fondazione-rava\/\",\"name\":\"Jarre en c\u00e9ramique Fondazione Rava - Frantoio Muraglia\",\"isPartOf\":{\"@id\":\"https:\/\/dev.frantoiomuraglia.it\/fr\/#website\"},\"primaryImageOfPage\":{\"@id\":\"https:\/\/dev.frantoiomuraglia.it\/fr\/produit\/jarre-en-ceramique-fondazione-rava\/#primaryimage\"},\"image\":{\"@id\":\"https:\/\/dev.frantoiomuraglia.it\/fr\/produit\/jarre-en-ceramique-fondazione-rava\/#primaryimage\"},\"thumbnailUrl\":\"https:\/\/dev.frantoiomuraglia.it\/wp-content\/uploads\/2024\/10\/Orcio-Fondazione-Rava.jpg\",\"datePublished\":\"2024-10-30T09:18:01+00:00\",\"dateModified\":\"2025-05-19T20:54:26+00:00\",\"description\":\"Le bien dans le beau, faire le bien.La nouvelle collaboration avec la Fondation Francesca Rava NPH, une organisation \u00e0 but non lucratif qui aide les enfants d\u00e9favoris\u00e9s en Italie et dans le monde, est un projet qui porte le concept de don \u00e0 un niveau sup\u00e9rieur. Ensemble, nous avons cr\u00e9\u00e9 une \u00e9dition sp\u00e9ciale limit\u00e9e de notre pot bleu arc-en-ciel de 100 ml, con\u00e7u comme un petit cadeau pour c\u00e9l\u00e9brer un moment sp\u00e9cial.\",\"breadcrumb\":{\"@id\":\"https:\/\/dev.frantoiomuraglia.it\/fr\/produit\/jarre-en-ceramique-fondazione-rava\/#breadcrumb\"},\"inLanguage\":\"fr-FR\",\"potentialAction\":[{\"@type\":\"ReadAction\",\"target\":[\"https:\/\/dev.frantoiomuraglia.it\/fr\/produit\/jarre-en-ceramique-fondazione-rava\/\"]}]},{\"@type\":\"ImageObject\",\"inLanguage\":\"fr-FR\",\"@id\":\"https:\/\/dev.frantoiomuraglia.it\/fr\/produit\/jarre-en-ceramique-fondazione-rava\/#primaryimage\",\"url\":\"https:\/\/dev.frantoiomuraglia.it\/wp-content\/uploads\/2024\/10\/Orcio-Fondazione-Rava.jpg\",\"contentUrl\":\"https:\/\/dev.frantoiomuraglia.it\/wp-content\/uploads\/2024\/10\/Orcio-Fondazione-Rava.jpg\",\"width\":2180,\"height\":2294},{\"@type\":\"BreadcrumbList\",\"@id\":\"https:\/\/dev.frantoiomuraglia.it\/fr\/produit\/jarre-en-ceramique-fondazione-rava\/#breadcrumb\",\"itemListElement\":[{\"@type\":\"ListItem\",\"position\":1,\"name\":\"Home\",\"item\":\"https:\/\/dev.frantoiomuraglia.it\/fr\/\"},{\"@type\":\"ListItem\",\"position\":2,\"name\":\"Boutique\",\"item\":\"https:\/\/dev.frantoiomuraglia.it\/fr\/boutique\/\"},{\"@type\":\"ListItem\",\"position\":3,\"name\":\"Jarre en c\u00e9ramique Fondazione Rava\"}]},{\"@type\":\"WebSite\",\"@id\":\"https:\/\/dev.frantoiomuraglia.it\/fr\/#website\",\"url\":\"https:\/\/dev.frantoiomuraglia.it\/fr\/\",\"name\":\"Frantoio Muraglia\",\"description\":\"Just another WordPress site\",\"publisher\":{\"@id\":\"https:\/\/dev.frantoiomuraglia.it\/fr\/#organization\"},\"potentialAction\":[{\"@type\":\"SearchAction\",\"target\":{\"@type\":\"EntryPoint\",\"urlTemplate\":\"https:\/\/dev.frantoiomuraglia.it\/fr\/?s={search_term_string}\"},\"query-input\":{\"@type\":\"PropertyValueSpecification\",\"valueRequired\":true,\"valueName\":\"search_term_string\"}}],\"inLanguage\":\"fr-FR\"},{\"@type\":\"Organization\",\"@id\":\"https:\/\/dev.frantoiomuraglia.it\/fr\/#organization\",\"name\":\"Frantoio Muraglia\",\"url\":\"https:\/\/dev.frantoiomuraglia.it\/fr\/\",\"logo\":{\"@type\":\"ImageObject\",\"inLanguage\":\"fr-FR\",\"@id\":\"https:\/\/dev.frantoiomuraglia.it\/fr\/#\/schema\/logo\/image\/\",\"url\":\"https:\/\/www.frantoiomuraglia.it\/wp-content\/uploads\/2022\/06\/Logo-Frantoio-Muraglia-black-email.jpg\",\"contentUrl\":\"https:\/\/www.frantoiomuraglia.it\/wp-content\/uploads\/2022\/06\/Logo-Frantoio-Muraglia-black-email.jpg\",\"width\":326,\"height\":150,\"caption\":\"Frantoio Muraglia\"},\"image\":{\"@id\":\"https:\/\/dev.frantoiomuraglia.it\/fr\/#\/schema\/logo\/image\/\"}}]}<\/script>\n<!-- \/ Yoast SEO plugin. -->","yoast_head_json":{"title":"Jarre en c\u00e9ramique Fondazione Rava - Frantoio Muraglia","description":"Le bien dans le beau, faire le bien.La nouvelle collaboration avec la Fondation Francesca Rava NPH, une organisation \u00e0 but non lucratif qui aide les enfants d\u00e9favoris\u00e9s en Italie et dans le monde, est un projet qui porte le concept de don \u00e0 un niveau sup\u00e9rieur. Ensemble, nous avons cr\u00e9\u00e9 une \u00e9dition sp\u00e9ciale limit\u00e9e de notre pot bleu arc-en-ciel de 100 ml, con\u00e7u comme un petit cadeau pour c\u00e9l\u00e9brer un moment sp\u00e9cial.","robots":{"index":"noindex","follow":"follow","max-snippet":"max-snippet:-1","max-image-preview":"max-image-preview:large","max-video-preview":"max-video-preview:-1"},"og_locale":"fr_FR","og_type":"article","og_title":"Jarre en c\u00e9ramique Fondazione Rava - Frantoio Muraglia","og_description":"Le bien dans le beau, faire le bien.La nouvelle collaboration avec la Fondation Francesca Rava NPH, une organisation \u00e0 but non lucratif qui aide les enfants d\u00e9favoris\u00e9s en Italie et dans le monde, est un projet qui porte le concept de don \u00e0 un niveau sup\u00e9rieur. Ensemble, nous avons cr\u00e9\u00e9 une \u00e9dition sp\u00e9ciale limit\u00e9e de notre pot bleu arc-en-ciel de 100 ml, con\u00e7u comme un petit cadeau pour c\u00e9l\u00e9brer un moment sp\u00e9cial.","og_url":"https:\/\/dev.frantoiomuraglia.it\/fr\/produit\/jarre-en-ceramique-fondazione-rava\/","og_site_name":"Frantoio Muraglia","article_modified_time":"2025-05-19T20:54:26+00:00","og_image":[{"width":2180,"height":2294,"url":"https:\/\/dev.frantoiomuraglia.it\/wp-content\/uploads\/2024\/10\/Orcio-Fondazione-Rava.jpg","type":"image\/jpeg"}],"twitter_card":"summary_large_image","schema":{"@context":"https:\/\/schema.org","@graph":[{"@type":"WebPage","@id":"https:\/\/dev.frantoiomuraglia.it\/fr\/produit\/jarre-en-ceramique-fondazione-rava\/","url":"https:\/\/dev.frantoiomuraglia.it\/fr\/produit\/jarre-en-ceramique-fondazione-rava\/","name":"Jarre en c\u00e9ramique Fondazione Rava - Frantoio Muraglia","isPartOf":{"@id":"https:\/\/dev.frantoiomuraglia.it\/fr\/#website"},"primaryImageOfPage":{"@id":"https:\/\/dev.frantoiomuraglia.it\/fr\/produit\/jarre-en-ceramique-fondazione-rava\/#primaryimage"},"image":{"@id":"https:\/\/dev.frantoiomuraglia.it\/fr\/produit\/jarre-en-ceramique-fondazione-rava\/#primaryimage"},"thumbnailUrl":"https:\/\/dev.frantoiomuraglia.it\/wp-content\/uploads\/2024\/10\/Orcio-Fondazione-Rava.jpg","datePublished":"2024-10-30T09:18:01+00:00","dateModified":"2025-05-19T20:54:26+00:00","description":"Le bien dans le beau, faire le bien.La nouvelle collaboration avec la Fondation Francesca Rava NPH, une organisation \u00e0 but non lucratif qui aide les enfants d\u00e9favoris\u00e9s en Italie et dans le monde, est un projet qui porte le concept de don \u00e0 un niveau sup\u00e9rieur. Ensemble, nous avons cr\u00e9\u00e9 une \u00e9dition sp\u00e9ciale limit\u00e9e de notre pot bleu arc-en-ciel de 100 ml, con\u00e7u comme un petit cadeau pour c\u00e9l\u00e9brer un moment sp\u00e9cial.","breadcrumb":{"@id":"https:\/\/dev.frantoiomuraglia.it\/fr\/produit\/jarre-en-ceramique-fondazione-rava\/#breadcrumb"},"inLanguage":"fr-FR","potentialAction":[{"@type":"ReadAction","target":["https:\/\/dev.frantoiomuraglia.it\/fr\/produit\/jarre-en-ceramique-fondazione-rava\/"]}]},{"@type":"ImageObject","inLanguage":"fr-FR","@id":"https:\/\/dev.frantoiomuraglia.it\/fr\/produit\/jarre-en-ceramique-fondazione-rava\/#primaryimage","url":"https:\/\/dev.frantoiomuraglia.it\/wp-content\/uploads\/2024\/10\/Orcio-Fondazione-Rava.jpg","contentUrl":"https:\/\/dev.frantoiomuraglia.it\/wp-content\/uploads\/2024\/10\/Orcio-Fondazione-Rava.jpg","width":2180,"height":2294},{"@type":"BreadcrumbList","@id":"https:\/\/dev.frantoiomuraglia.it\/fr\/produit\/jarre-en-ceramique-fondazione-rava\/#breadcrumb","itemListElement":[{"@type":"ListItem","position":1,"name":"Home","item":"https:\/\/dev.frantoiomuraglia.it\/fr\/"},{"@type":"ListItem","position":2,"name":"Boutique","item":"https:\/\/dev.frantoiomuraglia.it\/fr\/boutique\/"},{"@type":"ListItem","position":3,"name":"Jarre en c\u00e9ramique Fondazione Rava"}]},{"@type":"WebSite","@id":"https:\/\/dev.frantoiomuraglia.it\/fr\/#website","url":"https:\/\/dev.frantoiomuraglia.it\/fr\/","name":"Frantoio Muraglia","description":"Just another WordPress site","publisher":{"@id":"https:\/\/dev.frantoiomuraglia.it\/fr\/#organization"},"potentialAction":[{"@type":"SearchAction","target":{"@type":"EntryPoint","urlTemplate":"https:\/\/dev.frantoiomuraglia.it\/fr\/?s={search_term_string}"},"query-input":{"@type":"PropertyValueSpecification","valueRequired":true,"valueName":"search_term_string"}}],"inLanguage":"fr-FR"},{"@type":"Organization","@id":"https:\/\/dev.frantoiomuraglia.it\/fr\/#organization","name":"Frantoio Muraglia","url":"https:\/\/dev.frantoiomuraglia.it\/fr\/","logo":{"@type":"ImageObject","inLanguage":"fr-FR","@id":"https:\/\/dev.frantoiomuraglia.it\/fr\/#\/schema\/logo\/image\/","url":"https:\/\/www.frantoiomuraglia.it\/wp-content\/uploads\/2022\/06\/Logo-Frantoio-Muraglia-black-email.jpg","contentUrl":"https:\/\/www.frantoiomuraglia.it\/wp-content\/uploads\/2022\/06\/Logo-Frantoio-Muraglia-black-email.jpg","width":326,"height":150,"caption":"Frantoio Muraglia"},"image":{"@id":"https:\/\/dev.frantoiomuraglia.it\/fr\/#\/schema\/logo\/image\/"}}]}},"_links":{"self":[{"href":"https:\/\/dev.frantoiomuraglia.it\/fr\/wp-json\/wp\/v2\/product\/34079","targetHints":{"allow":["GET"]}}],"collection":[{"href":"https:\/\/dev.frantoiomuraglia.it\/fr\/wp-json\/wp\/v2\/product"}],"about":[{"href":"https:\/\/dev.frantoiomuraglia.it\/fr\/wp-json\/wp\/v2\/types\/product"}],"wp:featuredmedia":[{"embeddable":true,"href":"https:\/\/dev.frantoiomuraglia.it\/fr\/wp-json\/wp\/v2\/media\/39934"}],"wp:attachment":[{"href":"https:\/\/dev.frantoiomuraglia.it\/fr\/wp-json\/wp\/v2\/media?parent=34079"}],"wp:term":[{"taxonomy":"product_cat","embeddable":true,"href":"https:\/\/dev.frantoiomuraglia.it\/fr\/wp-json\/wp\/v2\/product_cat?post=34079"},{"taxonomy":"product_tag","embeddable":true,"href":"https:\/\/dev.frantoiomuraglia.it\/fr\/wp-json\/wp\/v2\/product_tag?post=34079"}],"curies":[{"name":"wp","href":"https:\/\/api.w.org\/{rel}","templated":true}]}}