{"id":32004,"date":"2024-06-19T10:28:57","date_gmt":"2024-06-27T15:14:37","guid":{"rendered":"https:\/\/www.frantoiomuraglia.it\/?post_type=product&#038;p=32004"},"modified":"2025-02-12T16:48:44","modified_gmt":"2025-02-12T14:48:44","slug":"jarre-en-ceramique-fruits-mediterraneens","status":"publish","type":"product","link":"https:\/\/dev.frantoiomuraglia.it\/fr\/produit\/jarre-en-ceramique-fruits-mediterraneens\/","title":{"rendered":"Jarre en c\u00e9ramique fruits m\u00e9diterran\u00e9ens"},"content":{"rendered":"<p>Le pot en c\u00e9ramique Fruits de la M\u00e9diterran\u00e9e se caract\u00e9rise par des tons clairs, des motifs fruit\u00e9s et des parfums lib\u00e9r\u00e9s qui racontent une histoire de soleil, de mer, de terre et d&rsquo;une vie v\u00e9cue en harmonie avec l&rsquo;environnement. Notre essence.<\/p>\n<p>La m\u00eame collection comprend \u00e9galement deux bo\u00eetes de 500 ml &#8211; la bo\u00eete verte, gardienne de l&rsquo;huile Intense Fruity, et la bo\u00eete bleu clair de l&rsquo;huile Medium Fruity &#8211; qui, pour la premi\u00e8re fois, sont habill\u00e9es des m\u00eames couleurs, repr\u00e9sentant l&rsquo;union entre l&rsquo;artisanat traditionnel et l&rsquo;innovation en mati\u00e8re de design contemporain qui a toujours \u00e9t\u00e9 au c\u0153ur de nos pr\u00e9occupations.<\/p>\n<p>La nouvelle ligne m\u00e9diterran\u00e9enne est un hommage aux saveurs et aux couleurs de notre terre, un voyage sensoriel \u00e0 travers les paysages et la nature qui nous caract\u00e9risent.<br \/>\nNous c\u00e9l\u00e9brons ainsi la richesse et la vitalit\u00e9 des fruits typiques de notre terre : l&rsquo;olive, le pamplemousse, la p\u00eache, le citron, l&rsquo;orange et la figue de Barbarie, qui \u00e9voquent la beaut\u00e9 et la force de la nature m\u00e9diterran\u00e9enne.<\/p>\n","protected":false},"excerpt":{"rendered":"<p>JARRE EN C\u00c9RAMIQUE FRUITS M\u00c9DITERRAN\u00c9ENS 500ML<\/p>\n","protected":false},"featured_media":33508,"template":"","meta":{"_acf_changed":false},"product_cat":[134,155,135],"product_tag":[317,300,309,285],"class_list":{"0":"post-32004","1":"product","2":"type-product","3":"status-publish","4":"has-post-thumbnail","6":"product_cat-jarres","7":"product_cat-upsell_astuccio_orcio-fr","8":"product_cat-upsell_shopper-fr","9":"product_tag-essence-fr","10":"product_tag-gift-ideas-fr-2","11":"product_tag-intense-variant-fr","12":"product_tag-jars-fr-2","14":"first","15":"instock","16":"taxable","17":"shipping-taxable","18":"purchasable","19":"product-type-simple"},"acf":[],"yoast_head":"<!-- This site is optimized with the Yoast SEO plugin v26.8 - https:\/\/yoast.com\/product\/yoast-seo-wordpress\/ -->\n<title>Jarre en c\u00e9ramique fruits m\u00e9diterran\u00e9ens - Frantoio Muraglia<\/title>\n<meta name=\"description\" content=\"Une collection compos\u00e9e d&#039;un pot mat et de deux bo\u00eetes de 500 ml - la verte, gardienne de l&#039;huile Intense Fruity et la bleue claire de l&#039;huile Medium Fruity - qui, pour la premi\u00e8re fois, sont habill\u00e9es des m\u00eames couleurs, repr\u00e9sentant l&#039;union entre l&#039;artisanat traditionnel et l&#039;innovation du design contemporain qui a toujours \u00e9t\u00e9 au c\u0153ur de nos pr\u00e9occupations. Les tons brillants, les motifs fruit\u00e9s et les parfums lib\u00e9r\u00e9s racontent une histoire de soleil, de mer, de terre et d&#039;une vie v\u00e9cue en harmonie avec l&#039;environnement. Notre essence.\" \/>\n<meta name=\"robots\" content=\"noindex, follow, max-snippet:-1, max-image-preview:large, max-video-preview:-1\" \/>\n<meta property=\"og:locale\" content=\"fr_FR\" \/>\n<meta property=\"og:type\" content=\"article\" \/>\n<meta property=\"og:title\" content=\"Jarre en c\u00e9ramique fruits m\u00e9diterran\u00e9ens - Frantoio Muraglia\" \/>\n<meta property=\"og:description\" content=\"Une collection compos\u00e9e d&#039;un pot mat et de deux bo\u00eetes de 500 ml - la verte, gardienne de l&#039;huile Intense Fruity et la bleue claire de l&#039;huile Medium Fruity - qui, pour la premi\u00e8re fois, sont habill\u00e9es des m\u00eames couleurs, repr\u00e9sentant l&#039;union entre l&#039;artisanat traditionnel et l&#039;innovation du design contemporain qui a toujours \u00e9t\u00e9 au c\u0153ur de nos pr\u00e9occupations. Les tons brillants, les motifs fruit\u00e9s et les parfums lib\u00e9r\u00e9s racontent une histoire de soleil, de mer, de terre et d&#039;une vie v\u00e9cue en harmonie avec l&#039;environnement. Notre essence.\" \/>\n<meta property=\"og:url\" content=\"https:\/\/dev.frantoiomuraglia.it\/fr\/produit\/jarre-en-ceramique-fruits-mediterraneens\/\" \/>\n<meta property=\"og:site_name\" content=\"Frantoio Muraglia\" \/>\n<meta property=\"article:modified_time\" content=\"2025-02-12T14:48:44+00:00\" \/>\n<meta property=\"og:image\" content=\"https:\/\/dev.frantoiomuraglia.it\/wp-content\/uploads\/2024\/06\/MEDITERRANEO-ORCIO-arancione_mod.jpg\" \/>\n\t<meta property=\"og:image:width\" content=\"2180\" \/>\n\t<meta property=\"og:image:height\" content=\"2294\" \/>\n\t<meta property=\"og:image:type\" content=\"image\/jpeg\" \/>\n<meta name=\"twitter:card\" content=\"summary_large_image\" \/>\n<script type=\"application\/ld+json\" class=\"yoast-schema-graph\">{\"@context\":\"https:\/\/schema.org\",\"@graph\":[{\"@type\":\"WebPage\",\"@id\":\"https:\/\/dev.frantoiomuraglia.it\/fr\/produit\/jarre-en-ceramique-fruits-mediterraneens\/\",\"url\":\"https:\/\/dev.frantoiomuraglia.it\/fr\/produit\/jarre-en-ceramique-fruits-mediterraneens\/\",\"name\":\"Jarre en c\u00e9ramique fruits m\u00e9diterran\u00e9ens - Frantoio Muraglia\",\"isPartOf\":{\"@id\":\"https:\/\/dev.frantoiomuraglia.it\/fr\/#website\"},\"primaryImageOfPage\":{\"@id\":\"https:\/\/dev.frantoiomuraglia.it\/fr\/produit\/jarre-en-ceramique-fruits-mediterraneens\/#primaryimage\"},\"image\":{\"@id\":\"https:\/\/dev.frantoiomuraglia.it\/fr\/produit\/jarre-en-ceramique-fruits-mediterraneens\/#primaryimage\"},\"thumbnailUrl\":\"https:\/\/dev.frantoiomuraglia.it\/wp-content\/uploads\/2024\/06\/MEDITERRANEO-ORCIO-arancione_mod.jpg\",\"datePublished\":\"2024-06-27T15:14:37+00:00\",\"dateModified\":\"2025-02-12T14:48:44+00:00\",\"description\":\"Une collection compos\u00e9e d'un pot mat et de deux bo\u00eetes de 500 ml - la verte, gardienne de l'huile Intense Fruity et la bleue claire de l'huile Medium Fruity - qui, pour la premi\u00e8re fois, sont habill\u00e9es des m\u00eames couleurs, repr\u00e9sentant l'union entre l'artisanat traditionnel et l'innovation du design contemporain qui a toujours \u00e9t\u00e9 au c\u0153ur de nos pr\u00e9occupations. Les tons brillants, les motifs fruit\u00e9s et les parfums lib\u00e9r\u00e9s racontent une histoire de soleil, de mer, de terre et d'une vie v\u00e9cue en harmonie avec l'environnement. Notre essence.\",\"breadcrumb\":{\"@id\":\"https:\/\/dev.frantoiomuraglia.it\/fr\/produit\/jarre-en-ceramique-fruits-mediterraneens\/#breadcrumb\"},\"inLanguage\":\"fr-FR\",\"potentialAction\":[{\"@type\":\"ReadAction\",\"target\":[\"https:\/\/dev.frantoiomuraglia.it\/fr\/produit\/jarre-en-ceramique-fruits-mediterraneens\/\"]}]},{\"@type\":\"ImageObject\",\"inLanguage\":\"fr-FR\",\"@id\":\"https:\/\/dev.frantoiomuraglia.it\/fr\/produit\/jarre-en-ceramique-fruits-mediterraneens\/#primaryimage\",\"url\":\"https:\/\/dev.frantoiomuraglia.it\/wp-content\/uploads\/2024\/06\/MEDITERRANEO-ORCIO-arancione_mod.jpg\",\"contentUrl\":\"https:\/\/dev.frantoiomuraglia.it\/wp-content\/uploads\/2024\/06\/MEDITERRANEO-ORCIO-arancione_mod.jpg\",\"width\":2180,\"height\":2294},{\"@type\":\"BreadcrumbList\",\"@id\":\"https:\/\/dev.frantoiomuraglia.it\/fr\/produit\/jarre-en-ceramique-fruits-mediterraneens\/#breadcrumb\",\"itemListElement\":[{\"@type\":\"ListItem\",\"position\":1,\"name\":\"Home\",\"item\":\"https:\/\/dev.frantoiomuraglia.it\/fr\/\"},{\"@type\":\"ListItem\",\"position\":2,\"name\":\"Boutique\",\"item\":\"https:\/\/dev.frantoiomuraglia.it\/fr\/boutique\/\"},{\"@type\":\"ListItem\",\"position\":3,\"name\":\"Jarre en c\u00e9ramique fruits m\u00e9diterran\u00e9ens\"}]},{\"@type\":\"WebSite\",\"@id\":\"https:\/\/dev.frantoiomuraglia.it\/fr\/#website\",\"url\":\"https:\/\/dev.frantoiomuraglia.it\/fr\/\",\"name\":\"Frantoio Muraglia\",\"description\":\"Just another WordPress site\",\"publisher\":{\"@id\":\"https:\/\/dev.frantoiomuraglia.it\/fr\/#organization\"},\"potentialAction\":[{\"@type\":\"SearchAction\",\"target\":{\"@type\":\"EntryPoint\",\"urlTemplate\":\"https:\/\/dev.frantoiomuraglia.it\/fr\/?s={search_term_string}\"},\"query-input\":{\"@type\":\"PropertyValueSpecification\",\"valueRequired\":true,\"valueName\":\"search_term_string\"}}],\"inLanguage\":\"fr-FR\"},{\"@type\":\"Organization\",\"@id\":\"https:\/\/dev.frantoiomuraglia.it\/fr\/#organization\",\"name\":\"Frantoio Muraglia\",\"url\":\"https:\/\/dev.frantoiomuraglia.it\/fr\/\",\"logo\":{\"@type\":\"ImageObject\",\"inLanguage\":\"fr-FR\",\"@id\":\"https:\/\/dev.frantoiomuraglia.it\/fr\/#\/schema\/logo\/image\/\",\"url\":\"https:\/\/www.frantoiomuraglia.it\/wp-content\/uploads\/2022\/06\/Logo-Frantoio-Muraglia-black-email.jpg\",\"contentUrl\":\"https:\/\/www.frantoiomuraglia.it\/wp-content\/uploads\/2022\/06\/Logo-Frantoio-Muraglia-black-email.jpg\",\"width\":326,\"height\":150,\"caption\":\"Frantoio Muraglia\"},\"image\":{\"@id\":\"https:\/\/dev.frantoiomuraglia.it\/fr\/#\/schema\/logo\/image\/\"}}]}<\/script>\n<!-- \/ Yoast SEO plugin. -->","yoast_head_json":{"title":"Jarre en c\u00e9ramique fruits m\u00e9diterran\u00e9ens - Frantoio Muraglia","description":"Une collection compos\u00e9e d'un pot mat et de deux bo\u00eetes de 500 ml - la verte, gardienne de l'huile Intense Fruity et la bleue claire de l'huile Medium Fruity - qui, pour la premi\u00e8re fois, sont habill\u00e9es des m\u00eames couleurs, repr\u00e9sentant l'union entre l'artisanat traditionnel et l'innovation du design contemporain qui a toujours \u00e9t\u00e9 au c\u0153ur de nos pr\u00e9occupations. Les tons brillants, les motifs fruit\u00e9s et les parfums lib\u00e9r\u00e9s racontent une histoire de soleil, de mer, de terre et d'une vie v\u00e9cue en harmonie avec l'environnement. Notre essence.","robots":{"index":"noindex","follow":"follow","max-snippet":"max-snippet:-1","max-image-preview":"max-image-preview:large","max-video-preview":"max-video-preview:-1"},"og_locale":"fr_FR","og_type":"article","og_title":"Jarre en c\u00e9ramique fruits m\u00e9diterran\u00e9ens - Frantoio Muraglia","og_description":"Une collection compos\u00e9e d'un pot mat et de deux bo\u00eetes de 500 ml - la verte, gardienne de l'huile Intense Fruity et la bleue claire de l'huile Medium Fruity - qui, pour la premi\u00e8re fois, sont habill\u00e9es des m\u00eames couleurs, repr\u00e9sentant l'union entre l'artisanat traditionnel et l'innovation du design contemporain qui a toujours \u00e9t\u00e9 au c\u0153ur de nos pr\u00e9occupations. Les tons brillants, les motifs fruit\u00e9s et les parfums lib\u00e9r\u00e9s racontent une histoire de soleil, de mer, de terre et d'une vie v\u00e9cue en harmonie avec l'environnement. Notre essence.","og_url":"https:\/\/dev.frantoiomuraglia.it\/fr\/produit\/jarre-en-ceramique-fruits-mediterraneens\/","og_site_name":"Frantoio Muraglia","article_modified_time":"2025-02-12T14:48:44+00:00","og_image":[{"width":2180,"height":2294,"url":"https:\/\/dev.frantoiomuraglia.it\/wp-content\/uploads\/2024\/06\/MEDITERRANEO-ORCIO-arancione_mod.jpg","type":"image\/jpeg"}],"twitter_card":"summary_large_image","schema":{"@context":"https:\/\/schema.org","@graph":[{"@type":"WebPage","@id":"https:\/\/dev.frantoiomuraglia.it\/fr\/produit\/jarre-en-ceramique-fruits-mediterraneens\/","url":"https:\/\/dev.frantoiomuraglia.it\/fr\/produit\/jarre-en-ceramique-fruits-mediterraneens\/","name":"Jarre en c\u00e9ramique fruits m\u00e9diterran\u00e9ens - Frantoio Muraglia","isPartOf":{"@id":"https:\/\/dev.frantoiomuraglia.it\/fr\/#website"},"primaryImageOfPage":{"@id":"https:\/\/dev.frantoiomuraglia.it\/fr\/produit\/jarre-en-ceramique-fruits-mediterraneens\/#primaryimage"},"image":{"@id":"https:\/\/dev.frantoiomuraglia.it\/fr\/produit\/jarre-en-ceramique-fruits-mediterraneens\/#primaryimage"},"thumbnailUrl":"https:\/\/dev.frantoiomuraglia.it\/wp-content\/uploads\/2024\/06\/MEDITERRANEO-ORCIO-arancione_mod.jpg","datePublished":"2024-06-27T15:14:37+00:00","dateModified":"2025-02-12T14:48:44+00:00","description":"Une collection compos\u00e9e d'un pot mat et de deux bo\u00eetes de 500 ml - la verte, gardienne de l'huile Intense Fruity et la bleue claire de l'huile Medium Fruity - qui, pour la premi\u00e8re fois, sont habill\u00e9es des m\u00eames couleurs, repr\u00e9sentant l'union entre l'artisanat traditionnel et l'innovation du design contemporain qui a toujours \u00e9t\u00e9 au c\u0153ur de nos pr\u00e9occupations. Les tons brillants, les motifs fruit\u00e9s et les parfums lib\u00e9r\u00e9s racontent une histoire de soleil, de mer, de terre et d'une vie v\u00e9cue en harmonie avec l'environnement. Notre essence.","breadcrumb":{"@id":"https:\/\/dev.frantoiomuraglia.it\/fr\/produit\/jarre-en-ceramique-fruits-mediterraneens\/#breadcrumb"},"inLanguage":"fr-FR","potentialAction":[{"@type":"ReadAction","target":["https:\/\/dev.frantoiomuraglia.it\/fr\/produit\/jarre-en-ceramique-fruits-mediterraneens\/"]}]},{"@type":"ImageObject","inLanguage":"fr-FR","@id":"https:\/\/dev.frantoiomuraglia.it\/fr\/produit\/jarre-en-ceramique-fruits-mediterraneens\/#primaryimage","url":"https:\/\/dev.frantoiomuraglia.it\/wp-content\/uploads\/2024\/06\/MEDITERRANEO-ORCIO-arancione_mod.jpg","contentUrl":"https:\/\/dev.frantoiomuraglia.it\/wp-content\/uploads\/2024\/06\/MEDITERRANEO-ORCIO-arancione_mod.jpg","width":2180,"height":2294},{"@type":"BreadcrumbList","@id":"https:\/\/dev.frantoiomuraglia.it\/fr\/produit\/jarre-en-ceramique-fruits-mediterraneens\/#breadcrumb","itemListElement":[{"@type":"ListItem","position":1,"name":"Home","item":"https:\/\/dev.frantoiomuraglia.it\/fr\/"},{"@type":"ListItem","position":2,"name":"Boutique","item":"https:\/\/dev.frantoiomuraglia.it\/fr\/boutique\/"},{"@type":"ListItem","position":3,"name":"Jarre en c\u00e9ramique fruits m\u00e9diterran\u00e9ens"}]},{"@type":"WebSite","@id":"https:\/\/dev.frantoiomuraglia.it\/fr\/#website","url":"https:\/\/dev.frantoiomuraglia.it\/fr\/","name":"Frantoio Muraglia","description":"Just another WordPress site","publisher":{"@id":"https:\/\/dev.frantoiomuraglia.it\/fr\/#organization"},"potentialAction":[{"@type":"SearchAction","target":{"@type":"EntryPoint","urlTemplate":"https:\/\/dev.frantoiomuraglia.it\/fr\/?s={search_term_string}"},"query-input":{"@type":"PropertyValueSpecification","valueRequired":true,"valueName":"search_term_string"}}],"inLanguage":"fr-FR"},{"@type":"Organization","@id":"https:\/\/dev.frantoiomuraglia.it\/fr\/#organization","name":"Frantoio Muraglia","url":"https:\/\/dev.frantoiomuraglia.it\/fr\/","logo":{"@type":"ImageObject","inLanguage":"fr-FR","@id":"https:\/\/dev.frantoiomuraglia.it\/fr\/#\/schema\/logo\/image\/","url":"https:\/\/www.frantoiomuraglia.it\/wp-content\/uploads\/2022\/06\/Logo-Frantoio-Muraglia-black-email.jpg","contentUrl":"https:\/\/www.frantoiomuraglia.it\/wp-content\/uploads\/2022\/06\/Logo-Frantoio-Muraglia-black-email.jpg","width":326,"height":150,"caption":"Frantoio Muraglia"},"image":{"@id":"https:\/\/dev.frantoiomuraglia.it\/fr\/#\/schema\/logo\/image\/"}}]}},"_links":{"self":[{"href":"https:\/\/dev.frantoiomuraglia.it\/fr\/wp-json\/wp\/v2\/product\/32004","targetHints":{"allow":["GET"]}}],"collection":[{"href":"https:\/\/dev.frantoiomuraglia.it\/fr\/wp-json\/wp\/v2\/product"}],"about":[{"href":"https:\/\/dev.frantoiomuraglia.it\/fr\/wp-json\/wp\/v2\/types\/product"}],"wp:featuredmedia":[{"embeddable":true,"href":"https:\/\/dev.frantoiomuraglia.it\/fr\/wp-json\/wp\/v2\/media\/33508"}],"wp:attachment":[{"href":"https:\/\/dev.frantoiomuraglia.it\/fr\/wp-json\/wp\/v2\/media?parent=32004"}],"wp:term":[{"taxonomy":"product_cat","embeddable":true,"href":"https:\/\/dev.frantoiomuraglia.it\/fr\/wp-json\/wp\/v2\/product_cat?post=32004"},{"taxonomy":"product_tag","embeddable":true,"href":"https:\/\/dev.frantoiomuraglia.it\/fr\/wp-json\/wp\/v2\/product_tag?post=32004"}],"curies":[{"name":"wp","href":"https:\/\/api.w.org\/{rel}","templated":true}]}}