{"id":31996,"date":"2024-06-19T17:14:55","date_gmt":"2024-06-27T13:41:45","guid":{"rendered":"https:\/\/www.frantoiomuraglia.it\/?post_type=product&#038;p=31996"},"modified":"2025-06-11T10:41:50","modified_gmt":"2025-06-11T08:41:50","slug":"canettes-de-fruits-mediterraneenne-500ml-bleu-clair","status":"publish","type":"product","link":"https:\/\/dev.frantoiomuraglia.it\/fr\/produit\/canettes-de-fruits-mediterraneenne-500ml-bleu-clair\/","title":{"rendered":"Canettes de fruits m\u00e9diterran\u00e9enne 500ml bleu clair"},"content":{"rendered":"<p>Une bo\u00eete contenant 500 ml d&rsquo;huile Fruit\u00e9e Moyenne, habill\u00e9e de tons vifs, de motifs fruit\u00e9s et de parfums lib\u00e9r\u00e9s qui racontent une histoire de soleil, de mer, de terre et d&rsquo;une vie v\u00e9cue en harmonie avec l&rsquo;environnement. Notre essence.<\/p>\n<p>La m\u00eame collection comprend \u00e9galement un pot mat et une bo\u00eete de 500 ml &#8211; la verte, gardienne de l&rsquo;huile Fruit\u00e9e Intense &#8211; qui, pour la premi\u00e8re fois, sont habill\u00e9s des m\u00eames couleurs, repr\u00e9sentant l&rsquo;union entre l&rsquo;artisanat traditionnel et l&rsquo;innovation du design contemporain qui a toujours \u00e9t\u00e9 au c\u0153ur de nos pr\u00e9occupations.<\/p>\n<p>Tous les conseils d&rsquo;utilisation en \u00ab\u00a0Culture de l\u2019huile\u00a0\u00bb.<\/p>\n","protected":false},"excerpt":{"rendered":"<p>CANETTES DE FRUITS M\u00c9DITERRAN\u00c9ENS 500ML BLEU CLAIR<\/p>\n<p>&nbsp;<\/p>\n<p>&nbsp;<\/p>\n","protected":false},"featured_media":39942,"template":"","meta":{"_acf_changed":false},"product_cat":[396],"product_tag":[331,317,300,313],"class_list":{"0":"post-31996","1":"product","2":"type-product","3":"status-publish","4":"has-post-thumbnail","6":"product_cat-boite-arc-en-ciel","7":"product_tag-cans-fr","8":"product_tag-essence-fr","9":"product_tag-gift-ideas-fr-2","10":"product_tag-medium-variant-fr","12":"first","13":"instock","14":"taxable","15":"shipping-taxable","16":"purchasable","17":"product-type-simple"},"acf":[],"yoast_head":"<!-- This site is optimized with the Yoast SEO plugin v26.8 - https:\/\/yoast.com\/product\/yoast-seo-wordpress\/ -->\n<title>Canettes de fruits m\u00e9diterran\u00e9enne 500ml bleu clair - Frantoio Muraglia<\/title>\n<meta name=\"description\" content=\"Une collection compos\u00e9e d&#039;un pot mat et de deux bo\u00eetes de 500 ml - la verte, gardienne de l&#039;huile Intense Fruity et la bleue claire de l&#039;huile Medium Fruity - qui, pour la premi\u00e8re fois, sont habill\u00e9es des m\u00eames couleurs, repr\u00e9sentant l&#039;union entre l&#039;artisanat traditionnel et l&#039;innovation du design contemporain qui a toujours \u00e9t\u00e9 au c\u0153ur de nos pr\u00e9occupations. Les tons brillants, les motifs fruit\u00e9s et les parfums lib\u00e9r\u00e9s racontent une histoire de soleil, de mer, de terre et d&#039;une vie v\u00e9cue en harmonie avec l&#039;environnement. Notre essence.\" \/>\n<meta name=\"robots\" content=\"noindex, follow, max-snippet:-1, max-image-preview:large, max-video-preview:-1\" \/>\n<meta property=\"og:locale\" content=\"fr_FR\" \/>\n<meta property=\"og:type\" content=\"article\" \/>\n<meta property=\"og:title\" content=\"Canettes de fruits m\u00e9diterran\u00e9enne 500ml bleu clair - Frantoio Muraglia\" \/>\n<meta property=\"og:description\" content=\"Une collection compos\u00e9e d&#039;un pot mat et de deux bo\u00eetes de 500 ml - la verte, gardienne de l&#039;huile Intense Fruity et la bleue claire de l&#039;huile Medium Fruity - qui, pour la premi\u00e8re fois, sont habill\u00e9es des m\u00eames couleurs, repr\u00e9sentant l&#039;union entre l&#039;artisanat traditionnel et l&#039;innovation du design contemporain qui a toujours \u00e9t\u00e9 au c\u0153ur de nos pr\u00e9occupations. Les tons brillants, les motifs fruit\u00e9s et les parfums lib\u00e9r\u00e9s racontent une histoire de soleil, de mer, de terre et d&#039;une vie v\u00e9cue en harmonie avec l&#039;environnement. Notre essence.\" \/>\n<meta property=\"og:url\" content=\"https:\/\/dev.frantoiomuraglia.it\/fr\/produit\/canettes-de-fruits-mediterraneenne-500ml-bleu-clair\/\" \/>\n<meta property=\"og:site_name\" content=\"Frantoio Muraglia\" \/>\n<meta property=\"article:modified_time\" content=\"2025-06-11T08:41:50+00:00\" \/>\n<meta property=\"og:image\" content=\"https:\/\/dev.frantoiomuraglia.it\/wp-content\/uploads\/2024\/06\/Lattina_Mediterranea_Celeste.jpg\" \/>\n\t<meta property=\"og:image:width\" content=\"2180\" \/>\n\t<meta property=\"og:image:height\" content=\"2294\" \/>\n\t<meta property=\"og:image:type\" content=\"image\/jpeg\" \/>\n<meta name=\"twitter:card\" content=\"summary_large_image\" \/>\n<script type=\"application\/ld+json\" class=\"yoast-schema-graph\">{\"@context\":\"https:\/\/schema.org\",\"@graph\":[{\"@type\":\"WebPage\",\"@id\":\"https:\/\/dev.frantoiomuraglia.it\/fr\/produit\/canettes-de-fruits-mediterraneenne-500ml-bleu-clair\/\",\"url\":\"https:\/\/dev.frantoiomuraglia.it\/fr\/produit\/canettes-de-fruits-mediterraneenne-500ml-bleu-clair\/\",\"name\":\"Canettes de fruits m\u00e9diterran\u00e9enne 500ml bleu clair - Frantoio Muraglia\",\"isPartOf\":{\"@id\":\"https:\/\/dev.frantoiomuraglia.it\/fr\/#website\"},\"primaryImageOfPage\":{\"@id\":\"https:\/\/dev.frantoiomuraglia.it\/fr\/produit\/canettes-de-fruits-mediterraneenne-500ml-bleu-clair\/#primaryimage\"},\"image\":{\"@id\":\"https:\/\/dev.frantoiomuraglia.it\/fr\/produit\/canettes-de-fruits-mediterraneenne-500ml-bleu-clair\/#primaryimage\"},\"thumbnailUrl\":\"https:\/\/dev.frantoiomuraglia.it\/wp-content\/uploads\/2024\/06\/Lattina_Mediterranea_Celeste.jpg\",\"datePublished\":\"2024-06-27T13:41:45+00:00\",\"dateModified\":\"2025-06-11T08:41:50+00:00\",\"description\":\"Une collection compos\u00e9e d'un pot mat et de deux bo\u00eetes de 500 ml - la verte, gardienne de l'huile Intense Fruity et la bleue claire de l'huile Medium Fruity - qui, pour la premi\u00e8re fois, sont habill\u00e9es des m\u00eames couleurs, repr\u00e9sentant l'union entre l'artisanat traditionnel et l'innovation du design contemporain qui a toujours \u00e9t\u00e9 au c\u0153ur de nos pr\u00e9occupations. Les tons brillants, les motifs fruit\u00e9s et les parfums lib\u00e9r\u00e9s racontent une histoire de soleil, de mer, de terre et d'une vie v\u00e9cue en harmonie avec l'environnement. Notre essence.\",\"breadcrumb\":{\"@id\":\"https:\/\/dev.frantoiomuraglia.it\/fr\/produit\/canettes-de-fruits-mediterraneenne-500ml-bleu-clair\/#breadcrumb\"},\"inLanguage\":\"fr-FR\",\"potentialAction\":[{\"@type\":\"ReadAction\",\"target\":[\"https:\/\/dev.frantoiomuraglia.it\/fr\/produit\/canettes-de-fruits-mediterraneenne-500ml-bleu-clair\/\"]}]},{\"@type\":\"ImageObject\",\"inLanguage\":\"fr-FR\",\"@id\":\"https:\/\/dev.frantoiomuraglia.it\/fr\/produit\/canettes-de-fruits-mediterraneenne-500ml-bleu-clair\/#primaryimage\",\"url\":\"https:\/\/dev.frantoiomuraglia.it\/wp-content\/uploads\/2024\/06\/Lattina_Mediterranea_Celeste.jpg\",\"contentUrl\":\"https:\/\/dev.frantoiomuraglia.it\/wp-content\/uploads\/2024\/06\/Lattina_Mediterranea_Celeste.jpg\",\"width\":2180,\"height\":2294},{\"@type\":\"BreadcrumbList\",\"@id\":\"https:\/\/dev.frantoiomuraglia.it\/fr\/produit\/canettes-de-fruits-mediterraneenne-500ml-bleu-clair\/#breadcrumb\",\"itemListElement\":[{\"@type\":\"ListItem\",\"position\":1,\"name\":\"Home\",\"item\":\"https:\/\/dev.frantoiomuraglia.it\/fr\/\"},{\"@type\":\"ListItem\",\"position\":2,\"name\":\"Boutique\",\"item\":\"https:\/\/dev.frantoiomuraglia.it\/fr\/boutique\/\"},{\"@type\":\"ListItem\",\"position\":3,\"name\":\"Canettes de fruits m\u00e9diterran\u00e9enne 500ml bleu clair\"}]},{\"@type\":\"WebSite\",\"@id\":\"https:\/\/dev.frantoiomuraglia.it\/fr\/#website\",\"url\":\"https:\/\/dev.frantoiomuraglia.it\/fr\/\",\"name\":\"Frantoio Muraglia\",\"description\":\"Just another WordPress site\",\"publisher\":{\"@id\":\"https:\/\/dev.frantoiomuraglia.it\/fr\/#organization\"},\"potentialAction\":[{\"@type\":\"SearchAction\",\"target\":{\"@type\":\"EntryPoint\",\"urlTemplate\":\"https:\/\/dev.frantoiomuraglia.it\/fr\/?s={search_term_string}\"},\"query-input\":{\"@type\":\"PropertyValueSpecification\",\"valueRequired\":true,\"valueName\":\"search_term_string\"}}],\"inLanguage\":\"fr-FR\"},{\"@type\":\"Organization\",\"@id\":\"https:\/\/dev.frantoiomuraglia.it\/fr\/#organization\",\"name\":\"Frantoio Muraglia\",\"url\":\"https:\/\/dev.frantoiomuraglia.it\/fr\/\",\"logo\":{\"@type\":\"ImageObject\",\"inLanguage\":\"fr-FR\",\"@id\":\"https:\/\/dev.frantoiomuraglia.it\/fr\/#\/schema\/logo\/image\/\",\"url\":\"https:\/\/www.frantoiomuraglia.it\/wp-content\/uploads\/2022\/06\/Logo-Frantoio-Muraglia-black-email.jpg\",\"contentUrl\":\"https:\/\/www.frantoiomuraglia.it\/wp-content\/uploads\/2022\/06\/Logo-Frantoio-Muraglia-black-email.jpg\",\"width\":326,\"height\":150,\"caption\":\"Frantoio Muraglia\"},\"image\":{\"@id\":\"https:\/\/dev.frantoiomuraglia.it\/fr\/#\/schema\/logo\/image\/\"}}]}<\/script>\n<!-- \/ Yoast SEO plugin. -->","yoast_head_json":{"title":"Canettes de fruits m\u00e9diterran\u00e9enne 500ml bleu clair - Frantoio Muraglia","description":"Une collection compos\u00e9e d'un pot mat et de deux bo\u00eetes de 500 ml - la verte, gardienne de l'huile Intense Fruity et la bleue claire de l'huile Medium Fruity - qui, pour la premi\u00e8re fois, sont habill\u00e9es des m\u00eames couleurs, repr\u00e9sentant l'union entre l'artisanat traditionnel et l'innovation du design contemporain qui a toujours \u00e9t\u00e9 au c\u0153ur de nos pr\u00e9occupations. Les tons brillants, les motifs fruit\u00e9s et les parfums lib\u00e9r\u00e9s racontent une histoire de soleil, de mer, de terre et d'une vie v\u00e9cue en harmonie avec l'environnement. Notre essence.","robots":{"index":"noindex","follow":"follow","max-snippet":"max-snippet:-1","max-image-preview":"max-image-preview:large","max-video-preview":"max-video-preview:-1"},"og_locale":"fr_FR","og_type":"article","og_title":"Canettes de fruits m\u00e9diterran\u00e9enne 500ml bleu clair - Frantoio Muraglia","og_description":"Une collection compos\u00e9e d'un pot mat et de deux bo\u00eetes de 500 ml - la verte, gardienne de l'huile Intense Fruity et la bleue claire de l'huile Medium Fruity - qui, pour la premi\u00e8re fois, sont habill\u00e9es des m\u00eames couleurs, repr\u00e9sentant l'union entre l'artisanat traditionnel et l'innovation du design contemporain qui a toujours \u00e9t\u00e9 au c\u0153ur de nos pr\u00e9occupations. Les tons brillants, les motifs fruit\u00e9s et les parfums lib\u00e9r\u00e9s racontent une histoire de soleil, de mer, de terre et d'une vie v\u00e9cue en harmonie avec l'environnement. Notre essence.","og_url":"https:\/\/dev.frantoiomuraglia.it\/fr\/produit\/canettes-de-fruits-mediterraneenne-500ml-bleu-clair\/","og_site_name":"Frantoio Muraglia","article_modified_time":"2025-06-11T08:41:50+00:00","og_image":[{"width":2180,"height":2294,"url":"https:\/\/dev.frantoiomuraglia.it\/wp-content\/uploads\/2024\/06\/Lattina_Mediterranea_Celeste.jpg","type":"image\/jpeg"}],"twitter_card":"summary_large_image","schema":{"@context":"https:\/\/schema.org","@graph":[{"@type":"WebPage","@id":"https:\/\/dev.frantoiomuraglia.it\/fr\/produit\/canettes-de-fruits-mediterraneenne-500ml-bleu-clair\/","url":"https:\/\/dev.frantoiomuraglia.it\/fr\/produit\/canettes-de-fruits-mediterraneenne-500ml-bleu-clair\/","name":"Canettes de fruits m\u00e9diterran\u00e9enne 500ml bleu clair - Frantoio Muraglia","isPartOf":{"@id":"https:\/\/dev.frantoiomuraglia.it\/fr\/#website"},"primaryImageOfPage":{"@id":"https:\/\/dev.frantoiomuraglia.it\/fr\/produit\/canettes-de-fruits-mediterraneenne-500ml-bleu-clair\/#primaryimage"},"image":{"@id":"https:\/\/dev.frantoiomuraglia.it\/fr\/produit\/canettes-de-fruits-mediterraneenne-500ml-bleu-clair\/#primaryimage"},"thumbnailUrl":"https:\/\/dev.frantoiomuraglia.it\/wp-content\/uploads\/2024\/06\/Lattina_Mediterranea_Celeste.jpg","datePublished":"2024-06-27T13:41:45+00:00","dateModified":"2025-06-11T08:41:50+00:00","description":"Une collection compos\u00e9e d'un pot mat et de deux bo\u00eetes de 500 ml - la verte, gardienne de l'huile Intense Fruity et la bleue claire de l'huile Medium Fruity - qui, pour la premi\u00e8re fois, sont habill\u00e9es des m\u00eames couleurs, repr\u00e9sentant l'union entre l'artisanat traditionnel et l'innovation du design contemporain qui a toujours \u00e9t\u00e9 au c\u0153ur de nos pr\u00e9occupations. Les tons brillants, les motifs fruit\u00e9s et les parfums lib\u00e9r\u00e9s racontent une histoire de soleil, de mer, de terre et d'une vie v\u00e9cue en harmonie avec l'environnement. Notre essence.","breadcrumb":{"@id":"https:\/\/dev.frantoiomuraglia.it\/fr\/produit\/canettes-de-fruits-mediterraneenne-500ml-bleu-clair\/#breadcrumb"},"inLanguage":"fr-FR","potentialAction":[{"@type":"ReadAction","target":["https:\/\/dev.frantoiomuraglia.it\/fr\/produit\/canettes-de-fruits-mediterraneenne-500ml-bleu-clair\/"]}]},{"@type":"ImageObject","inLanguage":"fr-FR","@id":"https:\/\/dev.frantoiomuraglia.it\/fr\/produit\/canettes-de-fruits-mediterraneenne-500ml-bleu-clair\/#primaryimage","url":"https:\/\/dev.frantoiomuraglia.it\/wp-content\/uploads\/2024\/06\/Lattina_Mediterranea_Celeste.jpg","contentUrl":"https:\/\/dev.frantoiomuraglia.it\/wp-content\/uploads\/2024\/06\/Lattina_Mediterranea_Celeste.jpg","width":2180,"height":2294},{"@type":"BreadcrumbList","@id":"https:\/\/dev.frantoiomuraglia.it\/fr\/produit\/canettes-de-fruits-mediterraneenne-500ml-bleu-clair\/#breadcrumb","itemListElement":[{"@type":"ListItem","position":1,"name":"Home","item":"https:\/\/dev.frantoiomuraglia.it\/fr\/"},{"@type":"ListItem","position":2,"name":"Boutique","item":"https:\/\/dev.frantoiomuraglia.it\/fr\/boutique\/"},{"@type":"ListItem","position":3,"name":"Canettes de fruits m\u00e9diterran\u00e9enne 500ml bleu clair"}]},{"@type":"WebSite","@id":"https:\/\/dev.frantoiomuraglia.it\/fr\/#website","url":"https:\/\/dev.frantoiomuraglia.it\/fr\/","name":"Frantoio Muraglia","description":"Just another WordPress site","publisher":{"@id":"https:\/\/dev.frantoiomuraglia.it\/fr\/#organization"},"potentialAction":[{"@type":"SearchAction","target":{"@type":"EntryPoint","urlTemplate":"https:\/\/dev.frantoiomuraglia.it\/fr\/?s={search_term_string}"},"query-input":{"@type":"PropertyValueSpecification","valueRequired":true,"valueName":"search_term_string"}}],"inLanguage":"fr-FR"},{"@type":"Organization","@id":"https:\/\/dev.frantoiomuraglia.it\/fr\/#organization","name":"Frantoio Muraglia","url":"https:\/\/dev.frantoiomuraglia.it\/fr\/","logo":{"@type":"ImageObject","inLanguage":"fr-FR","@id":"https:\/\/dev.frantoiomuraglia.it\/fr\/#\/schema\/logo\/image\/","url":"https:\/\/www.frantoiomuraglia.it\/wp-content\/uploads\/2022\/06\/Logo-Frantoio-Muraglia-black-email.jpg","contentUrl":"https:\/\/www.frantoiomuraglia.it\/wp-content\/uploads\/2022\/06\/Logo-Frantoio-Muraglia-black-email.jpg","width":326,"height":150,"caption":"Frantoio Muraglia"},"image":{"@id":"https:\/\/dev.frantoiomuraglia.it\/fr\/#\/schema\/logo\/image\/"}}]}},"_links":{"self":[{"href":"https:\/\/dev.frantoiomuraglia.it\/fr\/wp-json\/wp\/v2\/product\/31996","targetHints":{"allow":["GET"]}}],"collection":[{"href":"https:\/\/dev.frantoiomuraglia.it\/fr\/wp-json\/wp\/v2\/product"}],"about":[{"href":"https:\/\/dev.frantoiomuraglia.it\/fr\/wp-json\/wp\/v2\/types\/product"}],"wp:featuredmedia":[{"embeddable":true,"href":"https:\/\/dev.frantoiomuraglia.it\/fr\/wp-json\/wp\/v2\/media\/39942"}],"wp:attachment":[{"href":"https:\/\/dev.frantoiomuraglia.it\/fr\/wp-json\/wp\/v2\/media?parent=31996"}],"wp:term":[{"taxonomy":"product_cat","embeddable":true,"href":"https:\/\/dev.frantoiomuraglia.it\/fr\/wp-json\/wp\/v2\/product_cat?post=31996"},{"taxonomy":"product_tag","embeddable":true,"href":"https:\/\/dev.frantoiomuraglia.it\/fr\/wp-json\/wp\/v2\/product_tag?post=31996"}],"curies":[{"name":"wp","href":"https:\/\/api.w.org\/{rel}","templated":true}]}}