{"id":30603,"date":"2024-03-27T18:06:06","date_gmt":"2024-03-28T07:22:15","guid":{"rendered":"https:\/\/www.frantoiomuraglia.it\/?post_type=product&#038;p=30603"},"modified":"2025-06-11T11:01:57","modified_gmt":"2025-06-11T09:01:57","slug":"set-cadeaux-canettes-colorees","status":"publish","type":"product","link":"https:\/\/dev.frantoiomuraglia.it\/fr\/produit\/set-cadeaux-canettes-colorees\/","title":{"rendered":"set cadeaux canettes color\u00e9es"},"content":{"rendered":"<p>Le set de bo\u00eetes color\u00e9es renferme toute la nature des Pouilles dans des bo\u00eetes au charme vintage: le design Pois pour l&rsquo;\u00e9l\u00e9gance r\u00e9tro, la Figue de Barbarie pour les nuances m\u00e9diterran\u00e9ennes et l&rsquo;Arc-en-ciel avec sa charmante vari\u00e9t\u00e9 chromatique. \u00c0 l&rsquo;int\u00e9rieur, on trouve de l&rsquo;huile produite \u00e0 partir d&rsquo;olives italiennes des vari\u00e9t\u00e9s Coratina et Peranzana, parfaite pour tous les plats. L&#8217;emballage artistique fait de la bo\u00eete non seulement un r\u00e9cipient pratique, mais aussi un objet de design pour votre cuisine ou un cadeau de bon go\u00fbt.  <\/p>\n<p>Les bo\u00eetes Figue de Barbarie et Pois contiennent de l&rsquo;huile Fruit\u00e9e Intense. La bo\u00eete Arc-en-ciel contient de l&rsquo;huile Fruit\u00e9e Moyenne. <\/p>\n<p>Toutes les suggestions d\u2019utilisation en \u00ab\u00a0Culture de l\u2019huile\u00a0\u00bb.<\/p>\n","protected":false},"excerpt":{"rendered":"<p>SET LATTINE 250<\/p>\n","protected":false},"featured_media":33545,"template":"","meta":{"_acf_changed":false},"product_cat":[201,135,396],"product_tag":[331,300,309,178],"class_list":{"0":"post-30603","1":"product","2":"type-product","3":"status-publish","4":"has-post-thumbnail","6":"product_cat-idees-de-cadeaux","7":"product_cat-upsell_shopper-fr","8":"product_cat-boite-arc-en-ciel","9":"product_tag-cans-fr","10":"product_tag-gift-ideas-fr-2","11":"product_tag-intense-variant-fr","12":"product_tag-tpl_fruitee_intense","14":"first","15":"instock","16":"taxable","17":"shipping-taxable","18":"purchasable","19":"product-type-simple"},"acf":[],"yoast_head":"<!-- This site is optimized with the Yoast SEO plugin v26.8 - https:\/\/yoast.com\/product\/yoast-seo-wordpress\/ -->\n<title>set cadeaux canettes color\u00e9es - Frantoio Muraglia<\/title>\n<meta name=\"description\" content=\"Le nouveau set cadeaux canettes incarne le meilleur de la nature des Pouilles, avec un charme vintage parfait pour votre table et celle de ceux que vous aimez. Le design Pois pour l&#039;\u00e9l\u00e9gance r\u00e9tro, la figue de Barbarie pour pour une nuance pop et l&#039;arc-en-ciel pour \u00eatre enchant\u00e9 par sa vari\u00e9t\u00e9 chromatique ainsi que par la bont\u00e9 de notre huile. Une v\u00e9ritable \u00e9meute de styles et de saveurs qui refl\u00e8tent la terre et la passion pour le bon et l&#039;authentique qui nous a toujours distingu\u00e9s.\" \/>\n<meta name=\"robots\" content=\"noindex, follow, max-snippet:-1, max-image-preview:large, max-video-preview:-1\" \/>\n<meta property=\"og:locale\" content=\"fr_FR\" \/>\n<meta property=\"og:type\" content=\"article\" \/>\n<meta property=\"og:title\" content=\"set cadeaux canettes color\u00e9es - Frantoio Muraglia\" \/>\n<meta property=\"og:description\" content=\"Le nouveau set cadeaux canettes incarne le meilleur de la nature des Pouilles, avec un charme vintage parfait pour votre table et celle de ceux que vous aimez. Le design Pois pour l&#039;\u00e9l\u00e9gance r\u00e9tro, la figue de Barbarie pour pour une nuance pop et l&#039;arc-en-ciel pour \u00eatre enchant\u00e9 par sa vari\u00e9t\u00e9 chromatique ainsi que par la bont\u00e9 de notre huile. Une v\u00e9ritable \u00e9meute de styles et de saveurs qui refl\u00e8tent la terre et la passion pour le bon et l&#039;authentique qui nous a toujours distingu\u00e9s.\" \/>\n<meta property=\"og:url\" content=\"https:\/\/dev.frantoiomuraglia.it\/fr\/produit\/set-cadeaux-canettes-colorees\/\" \/>\n<meta property=\"og:site_name\" content=\"Frantoio Muraglia\" \/>\n<meta property=\"article:modified_time\" content=\"2025-06-11T09:01:57+00:00\" \/>\n<meta property=\"og:image\" content=\"https:\/\/dev.frantoiomuraglia.it\/wp-content\/uploads\/2024\/03\/Tris-latte-2_fondo_bianco.jpg\" \/>\n\t<meta property=\"og:image:width\" content=\"2180\" \/>\n\t<meta property=\"og:image:height\" content=\"2294\" \/>\n\t<meta property=\"og:image:type\" content=\"image\/jpeg\" \/>\n<meta name=\"twitter:card\" content=\"summary_large_image\" \/>\n<script type=\"application\/ld+json\" class=\"yoast-schema-graph\">{\"@context\":\"https:\/\/schema.org\",\"@graph\":[{\"@type\":\"WebPage\",\"@id\":\"https:\/\/dev.frantoiomuraglia.it\/fr\/produit\/set-cadeaux-canettes-colorees\/\",\"url\":\"https:\/\/dev.frantoiomuraglia.it\/fr\/produit\/set-cadeaux-canettes-colorees\/\",\"name\":\"set cadeaux canettes color\u00e9es - Frantoio Muraglia\",\"isPartOf\":{\"@id\":\"https:\/\/dev.frantoiomuraglia.it\/fr\/#website\"},\"primaryImageOfPage\":{\"@id\":\"https:\/\/dev.frantoiomuraglia.it\/fr\/produit\/set-cadeaux-canettes-colorees\/#primaryimage\"},\"image\":{\"@id\":\"https:\/\/dev.frantoiomuraglia.it\/fr\/produit\/set-cadeaux-canettes-colorees\/#primaryimage\"},\"thumbnailUrl\":\"https:\/\/dev.frantoiomuraglia.it\/wp-content\/uploads\/2024\/03\/Tris-latte-2_fondo_bianco.jpg\",\"datePublished\":\"2024-03-28T07:22:15+00:00\",\"dateModified\":\"2025-06-11T09:01:57+00:00\",\"description\":\"Le nouveau set cadeaux canettes incarne le meilleur de la nature des Pouilles, avec un charme vintage parfait pour votre table et celle de ceux que vous aimez. Le design Pois pour l'\u00e9l\u00e9gance r\u00e9tro, la figue de Barbarie pour pour une nuance pop et l'arc-en-ciel pour \u00eatre enchant\u00e9 par sa vari\u00e9t\u00e9 chromatique ainsi que par la bont\u00e9 de notre huile. Une v\u00e9ritable \u00e9meute de styles et de saveurs qui refl\u00e8tent la terre et la passion pour le bon et l'authentique qui nous a toujours distingu\u00e9s.\",\"breadcrumb\":{\"@id\":\"https:\/\/dev.frantoiomuraglia.it\/fr\/produit\/set-cadeaux-canettes-colorees\/#breadcrumb\"},\"inLanguage\":\"fr-FR\",\"potentialAction\":[{\"@type\":\"ReadAction\",\"target\":[\"https:\/\/dev.frantoiomuraglia.it\/fr\/produit\/set-cadeaux-canettes-colorees\/\"]}]},{\"@type\":\"ImageObject\",\"inLanguage\":\"fr-FR\",\"@id\":\"https:\/\/dev.frantoiomuraglia.it\/fr\/produit\/set-cadeaux-canettes-colorees\/#primaryimage\",\"url\":\"https:\/\/dev.frantoiomuraglia.it\/wp-content\/uploads\/2024\/03\/Tris-latte-2_fondo_bianco.jpg\",\"contentUrl\":\"https:\/\/dev.frantoiomuraglia.it\/wp-content\/uploads\/2024\/03\/Tris-latte-2_fondo_bianco.jpg\",\"width\":2180,\"height\":2294,\"caption\":\"Foto \u00a9 Alessandra Farinelli\"},{\"@type\":\"BreadcrumbList\",\"@id\":\"https:\/\/dev.frantoiomuraglia.it\/fr\/produit\/set-cadeaux-canettes-colorees\/#breadcrumb\",\"itemListElement\":[{\"@type\":\"ListItem\",\"position\":1,\"name\":\"Home\",\"item\":\"https:\/\/dev.frantoiomuraglia.it\/fr\/\"},{\"@type\":\"ListItem\",\"position\":2,\"name\":\"Boutique\",\"item\":\"https:\/\/dev.frantoiomuraglia.it\/fr\/boutique\/\"},{\"@type\":\"ListItem\",\"position\":3,\"name\":\"set cadeaux canettes color\u00e9es\"}]},{\"@type\":\"WebSite\",\"@id\":\"https:\/\/dev.frantoiomuraglia.it\/fr\/#website\",\"url\":\"https:\/\/dev.frantoiomuraglia.it\/fr\/\",\"name\":\"Frantoio Muraglia\",\"description\":\"Just another WordPress site\",\"publisher\":{\"@id\":\"https:\/\/dev.frantoiomuraglia.it\/fr\/#organization\"},\"potentialAction\":[{\"@type\":\"SearchAction\",\"target\":{\"@type\":\"EntryPoint\",\"urlTemplate\":\"https:\/\/dev.frantoiomuraglia.it\/fr\/?s={search_term_string}\"},\"query-input\":{\"@type\":\"PropertyValueSpecification\",\"valueRequired\":true,\"valueName\":\"search_term_string\"}}],\"inLanguage\":\"fr-FR\"},{\"@type\":\"Organization\",\"@id\":\"https:\/\/dev.frantoiomuraglia.it\/fr\/#organization\",\"name\":\"Frantoio Muraglia\",\"url\":\"https:\/\/dev.frantoiomuraglia.it\/fr\/\",\"logo\":{\"@type\":\"ImageObject\",\"inLanguage\":\"fr-FR\",\"@id\":\"https:\/\/dev.frantoiomuraglia.it\/fr\/#\/schema\/logo\/image\/\",\"url\":\"https:\/\/www.frantoiomuraglia.it\/wp-content\/uploads\/2022\/06\/Logo-Frantoio-Muraglia-black-email.jpg\",\"contentUrl\":\"https:\/\/www.frantoiomuraglia.it\/wp-content\/uploads\/2022\/06\/Logo-Frantoio-Muraglia-black-email.jpg\",\"width\":326,\"height\":150,\"caption\":\"Frantoio Muraglia\"},\"image\":{\"@id\":\"https:\/\/dev.frantoiomuraglia.it\/fr\/#\/schema\/logo\/image\/\"}}]}<\/script>\n<!-- \/ Yoast SEO plugin. -->","yoast_head_json":{"title":"set cadeaux canettes color\u00e9es - Frantoio Muraglia","description":"Le nouveau set cadeaux canettes incarne le meilleur de la nature des Pouilles, avec un charme vintage parfait pour votre table et celle de ceux que vous aimez. Le design Pois pour l'\u00e9l\u00e9gance r\u00e9tro, la figue de Barbarie pour pour une nuance pop et l'arc-en-ciel pour \u00eatre enchant\u00e9 par sa vari\u00e9t\u00e9 chromatique ainsi que par la bont\u00e9 de notre huile. Une v\u00e9ritable \u00e9meute de styles et de saveurs qui refl\u00e8tent la terre et la passion pour le bon et l'authentique qui nous a toujours distingu\u00e9s.","robots":{"index":"noindex","follow":"follow","max-snippet":"max-snippet:-1","max-image-preview":"max-image-preview:large","max-video-preview":"max-video-preview:-1"},"og_locale":"fr_FR","og_type":"article","og_title":"set cadeaux canettes color\u00e9es - Frantoio Muraglia","og_description":"Le nouveau set cadeaux canettes incarne le meilleur de la nature des Pouilles, avec un charme vintage parfait pour votre table et celle de ceux que vous aimez. Le design Pois pour l'\u00e9l\u00e9gance r\u00e9tro, la figue de Barbarie pour pour une nuance pop et l'arc-en-ciel pour \u00eatre enchant\u00e9 par sa vari\u00e9t\u00e9 chromatique ainsi que par la bont\u00e9 de notre huile. Une v\u00e9ritable \u00e9meute de styles et de saveurs qui refl\u00e8tent la terre et la passion pour le bon et l'authentique qui nous a toujours distingu\u00e9s.","og_url":"https:\/\/dev.frantoiomuraglia.it\/fr\/produit\/set-cadeaux-canettes-colorees\/","og_site_name":"Frantoio Muraglia","article_modified_time":"2025-06-11T09:01:57+00:00","og_image":[{"width":2180,"height":2294,"url":"https:\/\/dev.frantoiomuraglia.it\/wp-content\/uploads\/2024\/03\/Tris-latte-2_fondo_bianco.jpg","type":"image\/jpeg"}],"twitter_card":"summary_large_image","schema":{"@context":"https:\/\/schema.org","@graph":[{"@type":"WebPage","@id":"https:\/\/dev.frantoiomuraglia.it\/fr\/produit\/set-cadeaux-canettes-colorees\/","url":"https:\/\/dev.frantoiomuraglia.it\/fr\/produit\/set-cadeaux-canettes-colorees\/","name":"set cadeaux canettes color\u00e9es - Frantoio Muraglia","isPartOf":{"@id":"https:\/\/dev.frantoiomuraglia.it\/fr\/#website"},"primaryImageOfPage":{"@id":"https:\/\/dev.frantoiomuraglia.it\/fr\/produit\/set-cadeaux-canettes-colorees\/#primaryimage"},"image":{"@id":"https:\/\/dev.frantoiomuraglia.it\/fr\/produit\/set-cadeaux-canettes-colorees\/#primaryimage"},"thumbnailUrl":"https:\/\/dev.frantoiomuraglia.it\/wp-content\/uploads\/2024\/03\/Tris-latte-2_fondo_bianco.jpg","datePublished":"2024-03-28T07:22:15+00:00","dateModified":"2025-06-11T09:01:57+00:00","description":"Le nouveau set cadeaux canettes incarne le meilleur de la nature des Pouilles, avec un charme vintage parfait pour votre table et celle de ceux que vous aimez. Le design Pois pour l'\u00e9l\u00e9gance r\u00e9tro, la figue de Barbarie pour pour une nuance pop et l'arc-en-ciel pour \u00eatre enchant\u00e9 par sa vari\u00e9t\u00e9 chromatique ainsi que par la bont\u00e9 de notre huile. Une v\u00e9ritable \u00e9meute de styles et de saveurs qui refl\u00e8tent la terre et la passion pour le bon et l'authentique qui nous a toujours distingu\u00e9s.","breadcrumb":{"@id":"https:\/\/dev.frantoiomuraglia.it\/fr\/produit\/set-cadeaux-canettes-colorees\/#breadcrumb"},"inLanguage":"fr-FR","potentialAction":[{"@type":"ReadAction","target":["https:\/\/dev.frantoiomuraglia.it\/fr\/produit\/set-cadeaux-canettes-colorees\/"]}]},{"@type":"ImageObject","inLanguage":"fr-FR","@id":"https:\/\/dev.frantoiomuraglia.it\/fr\/produit\/set-cadeaux-canettes-colorees\/#primaryimage","url":"https:\/\/dev.frantoiomuraglia.it\/wp-content\/uploads\/2024\/03\/Tris-latte-2_fondo_bianco.jpg","contentUrl":"https:\/\/dev.frantoiomuraglia.it\/wp-content\/uploads\/2024\/03\/Tris-latte-2_fondo_bianco.jpg","width":2180,"height":2294,"caption":"Foto \u00a9 Alessandra Farinelli"},{"@type":"BreadcrumbList","@id":"https:\/\/dev.frantoiomuraglia.it\/fr\/produit\/set-cadeaux-canettes-colorees\/#breadcrumb","itemListElement":[{"@type":"ListItem","position":1,"name":"Home","item":"https:\/\/dev.frantoiomuraglia.it\/fr\/"},{"@type":"ListItem","position":2,"name":"Boutique","item":"https:\/\/dev.frantoiomuraglia.it\/fr\/boutique\/"},{"@type":"ListItem","position":3,"name":"set cadeaux canettes color\u00e9es"}]},{"@type":"WebSite","@id":"https:\/\/dev.frantoiomuraglia.it\/fr\/#website","url":"https:\/\/dev.frantoiomuraglia.it\/fr\/","name":"Frantoio Muraglia","description":"Just another WordPress site","publisher":{"@id":"https:\/\/dev.frantoiomuraglia.it\/fr\/#organization"},"potentialAction":[{"@type":"SearchAction","target":{"@type":"EntryPoint","urlTemplate":"https:\/\/dev.frantoiomuraglia.it\/fr\/?s={search_term_string}"},"query-input":{"@type":"PropertyValueSpecification","valueRequired":true,"valueName":"search_term_string"}}],"inLanguage":"fr-FR"},{"@type":"Organization","@id":"https:\/\/dev.frantoiomuraglia.it\/fr\/#organization","name":"Frantoio Muraglia","url":"https:\/\/dev.frantoiomuraglia.it\/fr\/","logo":{"@type":"ImageObject","inLanguage":"fr-FR","@id":"https:\/\/dev.frantoiomuraglia.it\/fr\/#\/schema\/logo\/image\/","url":"https:\/\/www.frantoiomuraglia.it\/wp-content\/uploads\/2022\/06\/Logo-Frantoio-Muraglia-black-email.jpg","contentUrl":"https:\/\/www.frantoiomuraglia.it\/wp-content\/uploads\/2022\/06\/Logo-Frantoio-Muraglia-black-email.jpg","width":326,"height":150,"caption":"Frantoio Muraglia"},"image":{"@id":"https:\/\/dev.frantoiomuraglia.it\/fr\/#\/schema\/logo\/image\/"}}]}},"_links":{"self":[{"href":"https:\/\/dev.frantoiomuraglia.it\/fr\/wp-json\/wp\/v2\/product\/30603","targetHints":{"allow":["GET"]}}],"collection":[{"href":"https:\/\/dev.frantoiomuraglia.it\/fr\/wp-json\/wp\/v2\/product"}],"about":[{"href":"https:\/\/dev.frantoiomuraglia.it\/fr\/wp-json\/wp\/v2\/types\/product"}],"wp:featuredmedia":[{"embeddable":true,"href":"https:\/\/dev.frantoiomuraglia.it\/fr\/wp-json\/wp\/v2\/media\/33545"}],"wp:attachment":[{"href":"https:\/\/dev.frantoiomuraglia.it\/fr\/wp-json\/wp\/v2\/media?parent=30603"}],"wp:term":[{"taxonomy":"product_cat","embeddable":true,"href":"https:\/\/dev.frantoiomuraglia.it\/fr\/wp-json\/wp\/v2\/product_cat?post=30603"},{"taxonomy":"product_tag","embeddable":true,"href":"https:\/\/dev.frantoiomuraglia.it\/fr\/wp-json\/wp\/v2\/product_tag?post=30603"}],"curies":[{"name":"wp","href":"https:\/\/api.w.org\/{rel}","templated":true}]}}