{"id":30042,"date":"2024-02-28T10:39:42","date_gmt":"2024-02-28T08:39:46","guid":{"rendered":"https:\/\/www.frantoiomuraglia.it\/?post_type=product&#038;p=30042"},"modified":"2025-02-24T18:19:03","modified_gmt":"2025-02-24T16:19:03","slug":"jarre-pois-dores","status":"publish","type":"product","link":"https:\/\/dev.frantoiomuraglia.it\/fr\/produit\/jarre-pois-dores\/","title":{"rendered":"Jarre en c\u00e9ramique Polka Dot Gold &#8211; Edition limit\u00e9e"},"content":{"rendered":"<p>Jarre Pois Gold White est un hommage \u00e0 la beaut\u00e9 authentique, celle qui n&rsquo;a pas besoin de s&rsquo;imposer pour s&rsquo;imposer. Un \u00e9quilibre parfait entre force et gr\u00e2ce, entre lumi\u00e8re et caract\u00e8re.<br \/>\nLe blanc, l&rsquo;essence de la puret\u00e9 et de la possibilit\u00e9. L&rsquo;or, symbole de valeur et d&rsquo;unicit\u00e9. Ils s&rsquo;unissent dans un dessin qui raconte une histoire de transformation, pour c\u00e9l\u00e9brer une f\u00e9minit\u00e9 qui r\u00eave, cr\u00e9e, s&rsquo;\u00e9panouit&#8230;.   <\/p>\n<p>Une \u00e9dition limit\u00e9e dans un emballage sp\u00e9cial, con\u00e7u pour ceux qui aiment les d\u00e9tails qui font la diff\u00e9rence : le pot, une tasse assortie et l&rsquo;\u00e9l\u00e9gance qui accompagne chaque geste.<\/p>\n<p>Offrez ou offrez-vous les saveurs uniques de notre huile d&rsquo;olive extra vierge Intense Fruity.<\/p>\n<p>Exclusivit\u00e9 en ligne.<\/p>\n<p>&nbsp;<\/p>\n","protected":false},"excerpt":{"rendered":"<p>POT EN C\u00c9RAMIQUE \u00c0 POIS OR 500 ML<\/p>\n","protected":false},"featured_media":37629,"template":"","meta":{"_acf_changed":false},"product_cat":[201,134,135,373,354],"product_tag":[300,309,285,370,140],"class_list":{"0":"post-30042","1":"product","2":"type-product","3":"status-publish","4":"has-post-thumbnail","6":"product_cat-idees-de-cadeaux","7":"product_cat-jarres","8":"product_cat-upsell_shopper-fr","9":"product_cat-capsule-collection-fr","10":"product_cat-jarre-collection","11":"product_tag-gift-ideas-fr-2","12":"product_tag-intense-variant-fr","13":"product_tag-jars-fr-2","14":"product_tag-tpl_jars-fr","15":"product_tag-upsell_shopper-fr","17":"first","18":"instock","19":"taxable","20":"shipping-taxable","21":"purchasable","22":"product-type-simple"},"acf":[],"yoast_head":"<!-- This site is optimized with the Yoast SEO plugin v26.8 - https:\/\/yoast.com\/product\/yoast-seo-wordpress\/ -->\n<title>Jarre en c\u00e9ramique Polka Dot Gold - Edition limit\u00e9e - Frantoio Muraglia<\/title>\n<meta name=\"description\" content=\"Un pot blanc symbolisant la puret\u00e9, sur lequel tombent des pois dor\u00e9s, aussi pr\u00e9cieux que les femmes.Une bo\u00eete qui contient ce pot sp\u00e9cial en \u00e9dition limit\u00e9e, pour c\u00e9l\u00e9brer toutes les femmes.50 pi\u00e8ces seulement, exclusivit\u00e9 en ligne.Offrez ou offrez-vous les saveurs uniques de notre Huile d&#039;Olive Vierge Extra Fruit\u00e9 Intense.\" \/>\n<meta name=\"robots\" content=\"noindex, follow, max-snippet:-1, max-image-preview:large, max-video-preview:-1\" \/>\n<meta property=\"og:locale\" content=\"fr_FR\" \/>\n<meta property=\"og:type\" content=\"article\" \/>\n<meta property=\"og:title\" content=\"Jarre en c\u00e9ramique Polka Dot Gold - Edition limit\u00e9e - Frantoio Muraglia\" \/>\n<meta property=\"og:description\" content=\"Un pot blanc symbolisant la puret\u00e9, sur lequel tombent des pois dor\u00e9s, aussi pr\u00e9cieux que les femmes.Une bo\u00eete qui contient ce pot sp\u00e9cial en \u00e9dition limit\u00e9e, pour c\u00e9l\u00e9brer toutes les femmes.50 pi\u00e8ces seulement, exclusivit\u00e9 en ligne.Offrez ou offrez-vous les saveurs uniques de notre Huile d&#039;Olive Vierge Extra Fruit\u00e9 Intense.\" \/>\n<meta property=\"og:url\" content=\"https:\/\/dev.frantoiomuraglia.it\/fr\/produit\/jarre-pois-dores\/\" \/>\n<meta property=\"og:site_name\" content=\"Frantoio Muraglia\" \/>\n<meta property=\"article:modified_time\" content=\"2025-02-24T16:19:03+00:00\" \/>\n<meta property=\"og:image\" content=\"https:\/\/dev.frantoiomuraglia.it\/wp-content\/uploads\/2024\/02\/Muragliadonna_01-1.jpg\" \/>\n\t<meta property=\"og:image:width\" content=\"2180\" \/>\n\t<meta property=\"og:image:height\" content=\"2294\" \/>\n\t<meta property=\"og:image:type\" content=\"image\/jpeg\" \/>\n<meta name=\"twitter:card\" content=\"summary_large_image\" \/>\n<script type=\"application\/ld+json\" class=\"yoast-schema-graph\">{\"@context\":\"https:\/\/schema.org\",\"@graph\":[{\"@type\":\"WebPage\",\"@id\":\"https:\/\/dev.frantoiomuraglia.it\/fr\/produit\/jarre-pois-dores\/\",\"url\":\"https:\/\/dev.frantoiomuraglia.it\/fr\/produit\/jarre-pois-dores\/\",\"name\":\"Jarre en c\u00e9ramique Polka Dot Gold - Edition limit\u00e9e - Frantoio Muraglia\",\"isPartOf\":{\"@id\":\"https:\/\/dev.frantoiomuraglia.it\/fr\/#website\"},\"primaryImageOfPage\":{\"@id\":\"https:\/\/dev.frantoiomuraglia.it\/fr\/produit\/jarre-pois-dores\/#primaryimage\"},\"image\":{\"@id\":\"https:\/\/dev.frantoiomuraglia.it\/fr\/produit\/jarre-pois-dores\/#primaryimage\"},\"thumbnailUrl\":\"https:\/\/dev.frantoiomuraglia.it\/wp-content\/uploads\/2024\/02\/Muragliadonna_01-1.jpg\",\"datePublished\":\"2024-02-28T08:39:46+00:00\",\"dateModified\":\"2025-02-24T16:19:03+00:00\",\"description\":\"Un pot blanc symbolisant la puret\u00e9, sur lequel tombent des pois dor\u00e9s, aussi pr\u00e9cieux que les femmes.Une bo\u00eete qui contient ce pot sp\u00e9cial en \u00e9dition limit\u00e9e, pour c\u00e9l\u00e9brer toutes les femmes.50 pi\u00e8ces seulement, exclusivit\u00e9 en ligne.Offrez ou offrez-vous les saveurs uniques de notre Huile d'Olive Vierge Extra Fruit\u00e9 Intense.\",\"breadcrumb\":{\"@id\":\"https:\/\/dev.frantoiomuraglia.it\/fr\/produit\/jarre-pois-dores\/#breadcrumb\"},\"inLanguage\":\"fr-FR\",\"potentialAction\":[{\"@type\":\"ReadAction\",\"target\":[\"https:\/\/dev.frantoiomuraglia.it\/fr\/produit\/jarre-pois-dores\/\"]}]},{\"@type\":\"ImageObject\",\"inLanguage\":\"fr-FR\",\"@id\":\"https:\/\/dev.frantoiomuraglia.it\/fr\/produit\/jarre-pois-dores\/#primaryimage\",\"url\":\"https:\/\/dev.frantoiomuraglia.it\/wp-content\/uploads\/2024\/02\/Muragliadonna_01-1.jpg\",\"contentUrl\":\"https:\/\/dev.frantoiomuraglia.it\/wp-content\/uploads\/2024\/02\/Muragliadonna_01-1.jpg\",\"width\":2180,\"height\":2294},{\"@type\":\"BreadcrumbList\",\"@id\":\"https:\/\/dev.frantoiomuraglia.it\/fr\/produit\/jarre-pois-dores\/#breadcrumb\",\"itemListElement\":[{\"@type\":\"ListItem\",\"position\":1,\"name\":\"Home\",\"item\":\"https:\/\/dev.frantoiomuraglia.it\/fr\/\"},{\"@type\":\"ListItem\",\"position\":2,\"name\":\"Boutique\",\"item\":\"https:\/\/dev.frantoiomuraglia.it\/fr\/boutique\/\"},{\"@type\":\"ListItem\",\"position\":3,\"name\":\"Jarre en c\u00e9ramique Polka Dot Gold &#8211; Edition limit\u00e9e\"}]},{\"@type\":\"WebSite\",\"@id\":\"https:\/\/dev.frantoiomuraglia.it\/fr\/#website\",\"url\":\"https:\/\/dev.frantoiomuraglia.it\/fr\/\",\"name\":\"Frantoio Muraglia\",\"description\":\"Just another WordPress site\",\"publisher\":{\"@id\":\"https:\/\/dev.frantoiomuraglia.it\/fr\/#organization\"},\"potentialAction\":[{\"@type\":\"SearchAction\",\"target\":{\"@type\":\"EntryPoint\",\"urlTemplate\":\"https:\/\/dev.frantoiomuraglia.it\/fr\/?s={search_term_string}\"},\"query-input\":{\"@type\":\"PropertyValueSpecification\",\"valueRequired\":true,\"valueName\":\"search_term_string\"}}],\"inLanguage\":\"fr-FR\"},{\"@type\":\"Organization\",\"@id\":\"https:\/\/dev.frantoiomuraglia.it\/fr\/#organization\",\"name\":\"Frantoio Muraglia\",\"url\":\"https:\/\/dev.frantoiomuraglia.it\/fr\/\",\"logo\":{\"@type\":\"ImageObject\",\"inLanguage\":\"fr-FR\",\"@id\":\"https:\/\/dev.frantoiomuraglia.it\/fr\/#\/schema\/logo\/image\/\",\"url\":\"https:\/\/www.frantoiomuraglia.it\/wp-content\/uploads\/2022\/06\/Logo-Frantoio-Muraglia-black-email.jpg\",\"contentUrl\":\"https:\/\/www.frantoiomuraglia.it\/wp-content\/uploads\/2022\/06\/Logo-Frantoio-Muraglia-black-email.jpg\",\"width\":326,\"height\":150,\"caption\":\"Frantoio Muraglia\"},\"image\":{\"@id\":\"https:\/\/dev.frantoiomuraglia.it\/fr\/#\/schema\/logo\/image\/\"}}]}<\/script>\n<!-- \/ Yoast SEO plugin. -->","yoast_head_json":{"title":"Jarre en c\u00e9ramique Polka Dot Gold - Edition limit\u00e9e - Frantoio Muraglia","description":"Un pot blanc symbolisant la puret\u00e9, sur lequel tombent des pois dor\u00e9s, aussi pr\u00e9cieux que les femmes.Une bo\u00eete qui contient ce pot sp\u00e9cial en \u00e9dition limit\u00e9e, pour c\u00e9l\u00e9brer toutes les femmes.50 pi\u00e8ces seulement, exclusivit\u00e9 en ligne.Offrez ou offrez-vous les saveurs uniques de notre Huile d'Olive Vierge Extra Fruit\u00e9 Intense.","robots":{"index":"noindex","follow":"follow","max-snippet":"max-snippet:-1","max-image-preview":"max-image-preview:large","max-video-preview":"max-video-preview:-1"},"og_locale":"fr_FR","og_type":"article","og_title":"Jarre en c\u00e9ramique Polka Dot Gold - Edition limit\u00e9e - Frantoio Muraglia","og_description":"Un pot blanc symbolisant la puret\u00e9, sur lequel tombent des pois dor\u00e9s, aussi pr\u00e9cieux que les femmes.Une bo\u00eete qui contient ce pot sp\u00e9cial en \u00e9dition limit\u00e9e, pour c\u00e9l\u00e9brer toutes les femmes.50 pi\u00e8ces seulement, exclusivit\u00e9 en ligne.Offrez ou offrez-vous les saveurs uniques de notre Huile d'Olive Vierge Extra Fruit\u00e9 Intense.","og_url":"https:\/\/dev.frantoiomuraglia.it\/fr\/produit\/jarre-pois-dores\/","og_site_name":"Frantoio Muraglia","article_modified_time":"2025-02-24T16:19:03+00:00","og_image":[{"width":2180,"height":2294,"url":"https:\/\/dev.frantoiomuraglia.it\/wp-content\/uploads\/2024\/02\/Muragliadonna_01-1.jpg","type":"image\/jpeg"}],"twitter_card":"summary_large_image","schema":{"@context":"https:\/\/schema.org","@graph":[{"@type":"WebPage","@id":"https:\/\/dev.frantoiomuraglia.it\/fr\/produit\/jarre-pois-dores\/","url":"https:\/\/dev.frantoiomuraglia.it\/fr\/produit\/jarre-pois-dores\/","name":"Jarre en c\u00e9ramique Polka Dot Gold - Edition limit\u00e9e - Frantoio Muraglia","isPartOf":{"@id":"https:\/\/dev.frantoiomuraglia.it\/fr\/#website"},"primaryImageOfPage":{"@id":"https:\/\/dev.frantoiomuraglia.it\/fr\/produit\/jarre-pois-dores\/#primaryimage"},"image":{"@id":"https:\/\/dev.frantoiomuraglia.it\/fr\/produit\/jarre-pois-dores\/#primaryimage"},"thumbnailUrl":"https:\/\/dev.frantoiomuraglia.it\/wp-content\/uploads\/2024\/02\/Muragliadonna_01-1.jpg","datePublished":"2024-02-28T08:39:46+00:00","dateModified":"2025-02-24T16:19:03+00:00","description":"Un pot blanc symbolisant la puret\u00e9, sur lequel tombent des pois dor\u00e9s, aussi pr\u00e9cieux que les femmes.Une bo\u00eete qui contient ce pot sp\u00e9cial en \u00e9dition limit\u00e9e, pour c\u00e9l\u00e9brer toutes les femmes.50 pi\u00e8ces seulement, exclusivit\u00e9 en ligne.Offrez ou offrez-vous les saveurs uniques de notre Huile d'Olive Vierge Extra Fruit\u00e9 Intense.","breadcrumb":{"@id":"https:\/\/dev.frantoiomuraglia.it\/fr\/produit\/jarre-pois-dores\/#breadcrumb"},"inLanguage":"fr-FR","potentialAction":[{"@type":"ReadAction","target":["https:\/\/dev.frantoiomuraglia.it\/fr\/produit\/jarre-pois-dores\/"]}]},{"@type":"ImageObject","inLanguage":"fr-FR","@id":"https:\/\/dev.frantoiomuraglia.it\/fr\/produit\/jarre-pois-dores\/#primaryimage","url":"https:\/\/dev.frantoiomuraglia.it\/wp-content\/uploads\/2024\/02\/Muragliadonna_01-1.jpg","contentUrl":"https:\/\/dev.frantoiomuraglia.it\/wp-content\/uploads\/2024\/02\/Muragliadonna_01-1.jpg","width":2180,"height":2294},{"@type":"BreadcrumbList","@id":"https:\/\/dev.frantoiomuraglia.it\/fr\/produit\/jarre-pois-dores\/#breadcrumb","itemListElement":[{"@type":"ListItem","position":1,"name":"Home","item":"https:\/\/dev.frantoiomuraglia.it\/fr\/"},{"@type":"ListItem","position":2,"name":"Boutique","item":"https:\/\/dev.frantoiomuraglia.it\/fr\/boutique\/"},{"@type":"ListItem","position":3,"name":"Jarre en c\u00e9ramique Polka Dot Gold &#8211; Edition limit\u00e9e"}]},{"@type":"WebSite","@id":"https:\/\/dev.frantoiomuraglia.it\/fr\/#website","url":"https:\/\/dev.frantoiomuraglia.it\/fr\/","name":"Frantoio Muraglia","description":"Just another WordPress site","publisher":{"@id":"https:\/\/dev.frantoiomuraglia.it\/fr\/#organization"},"potentialAction":[{"@type":"SearchAction","target":{"@type":"EntryPoint","urlTemplate":"https:\/\/dev.frantoiomuraglia.it\/fr\/?s={search_term_string}"},"query-input":{"@type":"PropertyValueSpecification","valueRequired":true,"valueName":"search_term_string"}}],"inLanguage":"fr-FR"},{"@type":"Organization","@id":"https:\/\/dev.frantoiomuraglia.it\/fr\/#organization","name":"Frantoio Muraglia","url":"https:\/\/dev.frantoiomuraglia.it\/fr\/","logo":{"@type":"ImageObject","inLanguage":"fr-FR","@id":"https:\/\/dev.frantoiomuraglia.it\/fr\/#\/schema\/logo\/image\/","url":"https:\/\/www.frantoiomuraglia.it\/wp-content\/uploads\/2022\/06\/Logo-Frantoio-Muraglia-black-email.jpg","contentUrl":"https:\/\/www.frantoiomuraglia.it\/wp-content\/uploads\/2022\/06\/Logo-Frantoio-Muraglia-black-email.jpg","width":326,"height":150,"caption":"Frantoio Muraglia"},"image":{"@id":"https:\/\/dev.frantoiomuraglia.it\/fr\/#\/schema\/logo\/image\/"}}]}},"_links":{"self":[{"href":"https:\/\/dev.frantoiomuraglia.it\/fr\/wp-json\/wp\/v2\/product\/30042","targetHints":{"allow":["GET"]}}],"collection":[{"href":"https:\/\/dev.frantoiomuraglia.it\/fr\/wp-json\/wp\/v2\/product"}],"about":[{"href":"https:\/\/dev.frantoiomuraglia.it\/fr\/wp-json\/wp\/v2\/types\/product"}],"wp:featuredmedia":[{"embeddable":true,"href":"https:\/\/dev.frantoiomuraglia.it\/fr\/wp-json\/wp\/v2\/media\/37629"}],"wp:attachment":[{"href":"https:\/\/dev.frantoiomuraglia.it\/fr\/wp-json\/wp\/v2\/media?parent=30042"}],"wp:term":[{"taxonomy":"product_cat","embeddable":true,"href":"https:\/\/dev.frantoiomuraglia.it\/fr\/wp-json\/wp\/v2\/product_cat?post=30042"},{"taxonomy":"product_tag","embeddable":true,"href":"https:\/\/dev.frantoiomuraglia.it\/fr\/wp-json\/wp\/v2\/product_tag?post=30042"}],"curies":[{"name":"wp","href":"https:\/\/api.w.org\/{rel}","templated":true}]}}