{"id":27367,"date":"2023-10-19T09:57:50","date_gmt":"2023-10-19T07:57:56","guid":{"rendered":"https:\/\/www.frantoiomuraglia.it\/?post_type=product&#038;p=27367"},"modified":"2025-06-13T18:05:07","modified_gmt":"2025-06-13T16:05:07","slug":"orcio-in-ceramica-magnum-madre-natura","status":"publish","type":"product","link":"https:\/\/dev.frantoiomuraglia.it\/fr\/produit\/orcio-in-ceramica-magnum-madre-natura\/","title":{"rendered":"Jarre en c\u00e9ramique Magnum M\u00e8re Nature"},"content":{"rendered":"<p>Le pot en c\u00e9ramique Magnum, fabriqu\u00e9 \u00e0 la main par nos artisans des Pouilles, apporte sur votre table 1500 ml d\u2019art \u00e0 verser, avec le parfum des olives fra\u00eechement press\u00e9es. La c\u00e9ramique des Pouilles conserve parfaitement les propri\u00e9t\u00e9s sensorielles de notre huile d\u2019olive extra vierge. Chaque Orcio Magnum est gard\u00e9 par une bo\u00eete noire, parfait pour un cadeau \u00e9l\u00e9gant et distingu\u00e9.  <\/p>\n<p>Traits noirs et blancs, design unique et iconographique bas\u00e9 sur les dichotomies g\u00e9om\u00e9triques de l&rsquo;artiste de Salento Pierpaolo Gaballo. M\u00e8re Nature, la terre d&rsquo;o\u00f9 tout na\u00eet et o\u00f9 tout revient. M\u00e8re de nos oliviers, la Nature qui les fait pousser fi\u00e8rement et pleins de fruits. Tout le plaisir d&#8217;embrasser \u00e0 nouveau sa m\u00e8re.<\/p>\n<p>La jarre contient l&rsquo;huile d&rsquo;olive EVO Fruit\u00e9e Intense et il est accompagn\u00e9 de son \u00e9l\u00e9gant emballage.<\/p>\n<p>Tous les conseils d&rsquo;utilisation en \u00ab\u00a0Culture de l\u2019huile\u00a0\u00bb.<\/p>\n","protected":false},"excerpt":{"rendered":"<p>Le pot en c\u00e9ramique Magnum, fabriqu\u00e9 \u00e0 la main par nos artisans des Pouilles, apporte sur votre table 1500 ml d\u2019art \u00e0 verser, avec le parfum des olives fra\u00eechement press\u00e9es. La c\u00e9ramique des Pouilles conserve parfaitement les propri\u00e9t\u00e9s sensorielles de notre huile d\u2019olive extra vierge. Chaque Orcio Magnum est gard\u00e9 par une bo\u00eete noire, parfait [&hellip;]<\/p>\n","protected":false},"featured_media":27357,"template":"","meta":{"_acf_changed":false},"product_cat":[201,134],"product_tag":[309,285,370],"class_list":{"0":"post-27367","1":"product","2":"type-product","3":"status-publish","4":"has-post-thumbnail","6":"product_cat-idees-de-cadeaux","7":"product_cat-jarres","8":"product_tag-intense-variant-fr","9":"product_tag-jars-fr-2","10":"product_tag-tpl_jars-fr","12":"first","13":"instock","14":"taxable","15":"shipping-taxable","16":"purchasable","17":"product-type-simple"},"acf":[],"yoast_head":"<!-- This site is optimized with the Yoast SEO plugin v26.8 - https:\/\/yoast.com\/product\/yoast-seo-wordpress\/ -->\n<title>Jarre en c\u00e9ramique Magnum M\u00e8re Nature - Frantoio Muraglia<\/title>\n<meta name=\"description\" content=\"Fabriqu\u00e9e \u00e0 la main par nos artisans des Pouilles. Elle pr\u00e9serve tous les ar\u00f4mes et la saveur de notre huile d&#039;olive extra vierge.\" \/>\n<meta name=\"robots\" content=\"noindex, follow, max-snippet:-1, max-image-preview:large, max-video-preview:-1\" \/>\n<meta property=\"og:locale\" content=\"fr_FR\" \/>\n<meta property=\"og:type\" content=\"article\" \/>\n<meta property=\"og:title\" content=\"Jarre en c\u00e9ramique Magnum M\u00e8re Nature - Frantoio Muraglia\" \/>\n<meta property=\"og:description\" content=\"Fabriqu\u00e9e \u00e0 la main par nos artisans des Pouilles. Elle pr\u00e9serve tous les ar\u00f4mes et la saveur de notre huile d&#039;olive extra vierge.\" \/>\n<meta property=\"og:url\" content=\"https:\/\/dev.frantoiomuraglia.it\/fr\/produit\/orcio-in-ceramica-magnum-madre-natura\/\" \/>\n<meta property=\"og:site_name\" content=\"Frantoio Muraglia\" \/>\n<meta property=\"article:modified_time\" content=\"2025-06-13T16:05:07+00:00\" \/>\n<meta property=\"og:image\" content=\"https:\/\/dev.frantoiomuraglia.it\/wp-content\/uploads\/2023\/10\/MAGNUM-MADRE-NATURA-I.jpg\" \/>\n\t<meta property=\"og:image:width\" content=\"2180\" \/>\n\t<meta property=\"og:image:height\" content=\"2294\" \/>\n\t<meta property=\"og:image:type\" content=\"image\/jpeg\" \/>\n<meta name=\"twitter:card\" content=\"summary_large_image\" \/>\n<script type=\"application\/ld+json\" class=\"yoast-schema-graph\">{\"@context\":\"https:\/\/schema.org\",\"@graph\":[{\"@type\":\"WebPage\",\"@id\":\"https:\/\/dev.frantoiomuraglia.it\/fr\/produit\/orcio-in-ceramica-magnum-madre-natura\/\",\"url\":\"https:\/\/dev.frantoiomuraglia.it\/fr\/produit\/orcio-in-ceramica-magnum-madre-natura\/\",\"name\":\"Jarre en c\u00e9ramique Magnum M\u00e8re Nature - Frantoio Muraglia\",\"isPartOf\":{\"@id\":\"https:\/\/dev.frantoiomuraglia.it\/fr\/#website\"},\"primaryImageOfPage\":{\"@id\":\"https:\/\/dev.frantoiomuraglia.it\/fr\/produit\/orcio-in-ceramica-magnum-madre-natura\/#primaryimage\"},\"image\":{\"@id\":\"https:\/\/dev.frantoiomuraglia.it\/fr\/produit\/orcio-in-ceramica-magnum-madre-natura\/#primaryimage\"},\"thumbnailUrl\":\"https:\/\/dev.frantoiomuraglia.it\/wp-content\/uploads\/2023\/10\/MAGNUM-MADRE-NATURA-I.jpg\",\"datePublished\":\"2023-10-19T07:57:56+00:00\",\"dateModified\":\"2025-06-13T16:05:07+00:00\",\"description\":\"Fabriqu\u00e9e \u00e0 la main par nos artisans des Pouilles. Elle pr\u00e9serve tous les ar\u00f4mes et la saveur de notre huile d'olive extra vierge.\",\"breadcrumb\":{\"@id\":\"https:\/\/dev.frantoiomuraglia.it\/fr\/produit\/orcio-in-ceramica-magnum-madre-natura\/#breadcrumb\"},\"inLanguage\":\"fr-FR\",\"potentialAction\":[{\"@type\":\"ReadAction\",\"target\":[\"https:\/\/dev.frantoiomuraglia.it\/fr\/produit\/orcio-in-ceramica-magnum-madre-natura\/\"]}]},{\"@type\":\"ImageObject\",\"inLanguage\":\"fr-FR\",\"@id\":\"https:\/\/dev.frantoiomuraglia.it\/fr\/produit\/orcio-in-ceramica-magnum-madre-natura\/#primaryimage\",\"url\":\"https:\/\/dev.frantoiomuraglia.it\/wp-content\/uploads\/2023\/10\/MAGNUM-MADRE-NATURA-I.jpg\",\"contentUrl\":\"https:\/\/dev.frantoiomuraglia.it\/wp-content\/uploads\/2023\/10\/MAGNUM-MADRE-NATURA-I.jpg\",\"width\":2180,\"height\":2294},{\"@type\":\"BreadcrumbList\",\"@id\":\"https:\/\/dev.frantoiomuraglia.it\/fr\/produit\/orcio-in-ceramica-magnum-madre-natura\/#breadcrumb\",\"itemListElement\":[{\"@type\":\"ListItem\",\"position\":1,\"name\":\"Home\",\"item\":\"https:\/\/dev.frantoiomuraglia.it\/fr\/\"},{\"@type\":\"ListItem\",\"position\":2,\"name\":\"Boutique\",\"item\":\"https:\/\/dev.frantoiomuraglia.it\/fr\/boutique\/\"},{\"@type\":\"ListItem\",\"position\":3,\"name\":\"Jarre en c\u00e9ramique Magnum M\u00e8re Nature\"}]},{\"@type\":\"WebSite\",\"@id\":\"https:\/\/dev.frantoiomuraglia.it\/fr\/#website\",\"url\":\"https:\/\/dev.frantoiomuraglia.it\/fr\/\",\"name\":\"Frantoio Muraglia\",\"description\":\"Just another WordPress site\",\"publisher\":{\"@id\":\"https:\/\/dev.frantoiomuraglia.it\/fr\/#organization\"},\"potentialAction\":[{\"@type\":\"SearchAction\",\"target\":{\"@type\":\"EntryPoint\",\"urlTemplate\":\"https:\/\/dev.frantoiomuraglia.it\/fr\/?s={search_term_string}\"},\"query-input\":{\"@type\":\"PropertyValueSpecification\",\"valueRequired\":true,\"valueName\":\"search_term_string\"}}],\"inLanguage\":\"fr-FR\"},{\"@type\":\"Organization\",\"@id\":\"https:\/\/dev.frantoiomuraglia.it\/fr\/#organization\",\"name\":\"Frantoio Muraglia\",\"url\":\"https:\/\/dev.frantoiomuraglia.it\/fr\/\",\"logo\":{\"@type\":\"ImageObject\",\"inLanguage\":\"fr-FR\",\"@id\":\"https:\/\/dev.frantoiomuraglia.it\/fr\/#\/schema\/logo\/image\/\",\"url\":\"https:\/\/www.frantoiomuraglia.it\/wp-content\/uploads\/2022\/06\/Logo-Frantoio-Muraglia-black-email.jpg\",\"contentUrl\":\"https:\/\/www.frantoiomuraglia.it\/wp-content\/uploads\/2022\/06\/Logo-Frantoio-Muraglia-black-email.jpg\",\"width\":326,\"height\":150,\"caption\":\"Frantoio Muraglia\"},\"image\":{\"@id\":\"https:\/\/dev.frantoiomuraglia.it\/fr\/#\/schema\/logo\/image\/\"}}]}<\/script>\n<!-- \/ Yoast SEO plugin. -->","yoast_head_json":{"title":"Jarre en c\u00e9ramique Magnum M\u00e8re Nature - Frantoio Muraglia","description":"Fabriqu\u00e9e \u00e0 la main par nos artisans des Pouilles. Elle pr\u00e9serve tous les ar\u00f4mes et la saveur de notre huile d'olive extra vierge.","robots":{"index":"noindex","follow":"follow","max-snippet":"max-snippet:-1","max-image-preview":"max-image-preview:large","max-video-preview":"max-video-preview:-1"},"og_locale":"fr_FR","og_type":"article","og_title":"Jarre en c\u00e9ramique Magnum M\u00e8re Nature - Frantoio Muraglia","og_description":"Fabriqu\u00e9e \u00e0 la main par nos artisans des Pouilles. Elle pr\u00e9serve tous les ar\u00f4mes et la saveur de notre huile d'olive extra vierge.","og_url":"https:\/\/dev.frantoiomuraglia.it\/fr\/produit\/orcio-in-ceramica-magnum-madre-natura\/","og_site_name":"Frantoio Muraglia","article_modified_time":"2025-06-13T16:05:07+00:00","og_image":[{"width":2180,"height":2294,"url":"https:\/\/dev.frantoiomuraglia.it\/wp-content\/uploads\/2023\/10\/MAGNUM-MADRE-NATURA-I.jpg","type":"image\/jpeg"}],"twitter_card":"summary_large_image","schema":{"@context":"https:\/\/schema.org","@graph":[{"@type":"WebPage","@id":"https:\/\/dev.frantoiomuraglia.it\/fr\/produit\/orcio-in-ceramica-magnum-madre-natura\/","url":"https:\/\/dev.frantoiomuraglia.it\/fr\/produit\/orcio-in-ceramica-magnum-madre-natura\/","name":"Jarre en c\u00e9ramique Magnum M\u00e8re Nature - Frantoio Muraglia","isPartOf":{"@id":"https:\/\/dev.frantoiomuraglia.it\/fr\/#website"},"primaryImageOfPage":{"@id":"https:\/\/dev.frantoiomuraglia.it\/fr\/produit\/orcio-in-ceramica-magnum-madre-natura\/#primaryimage"},"image":{"@id":"https:\/\/dev.frantoiomuraglia.it\/fr\/produit\/orcio-in-ceramica-magnum-madre-natura\/#primaryimage"},"thumbnailUrl":"https:\/\/dev.frantoiomuraglia.it\/wp-content\/uploads\/2023\/10\/MAGNUM-MADRE-NATURA-I.jpg","datePublished":"2023-10-19T07:57:56+00:00","dateModified":"2025-06-13T16:05:07+00:00","description":"Fabriqu\u00e9e \u00e0 la main par nos artisans des Pouilles. Elle pr\u00e9serve tous les ar\u00f4mes et la saveur de notre huile d'olive extra vierge.","breadcrumb":{"@id":"https:\/\/dev.frantoiomuraglia.it\/fr\/produit\/orcio-in-ceramica-magnum-madre-natura\/#breadcrumb"},"inLanguage":"fr-FR","potentialAction":[{"@type":"ReadAction","target":["https:\/\/dev.frantoiomuraglia.it\/fr\/produit\/orcio-in-ceramica-magnum-madre-natura\/"]}]},{"@type":"ImageObject","inLanguage":"fr-FR","@id":"https:\/\/dev.frantoiomuraglia.it\/fr\/produit\/orcio-in-ceramica-magnum-madre-natura\/#primaryimage","url":"https:\/\/dev.frantoiomuraglia.it\/wp-content\/uploads\/2023\/10\/MAGNUM-MADRE-NATURA-I.jpg","contentUrl":"https:\/\/dev.frantoiomuraglia.it\/wp-content\/uploads\/2023\/10\/MAGNUM-MADRE-NATURA-I.jpg","width":2180,"height":2294},{"@type":"BreadcrumbList","@id":"https:\/\/dev.frantoiomuraglia.it\/fr\/produit\/orcio-in-ceramica-magnum-madre-natura\/#breadcrumb","itemListElement":[{"@type":"ListItem","position":1,"name":"Home","item":"https:\/\/dev.frantoiomuraglia.it\/fr\/"},{"@type":"ListItem","position":2,"name":"Boutique","item":"https:\/\/dev.frantoiomuraglia.it\/fr\/boutique\/"},{"@type":"ListItem","position":3,"name":"Jarre en c\u00e9ramique Magnum M\u00e8re Nature"}]},{"@type":"WebSite","@id":"https:\/\/dev.frantoiomuraglia.it\/fr\/#website","url":"https:\/\/dev.frantoiomuraglia.it\/fr\/","name":"Frantoio Muraglia","description":"Just another WordPress site","publisher":{"@id":"https:\/\/dev.frantoiomuraglia.it\/fr\/#organization"},"potentialAction":[{"@type":"SearchAction","target":{"@type":"EntryPoint","urlTemplate":"https:\/\/dev.frantoiomuraglia.it\/fr\/?s={search_term_string}"},"query-input":{"@type":"PropertyValueSpecification","valueRequired":true,"valueName":"search_term_string"}}],"inLanguage":"fr-FR"},{"@type":"Organization","@id":"https:\/\/dev.frantoiomuraglia.it\/fr\/#organization","name":"Frantoio Muraglia","url":"https:\/\/dev.frantoiomuraglia.it\/fr\/","logo":{"@type":"ImageObject","inLanguage":"fr-FR","@id":"https:\/\/dev.frantoiomuraglia.it\/fr\/#\/schema\/logo\/image\/","url":"https:\/\/www.frantoiomuraglia.it\/wp-content\/uploads\/2022\/06\/Logo-Frantoio-Muraglia-black-email.jpg","contentUrl":"https:\/\/www.frantoiomuraglia.it\/wp-content\/uploads\/2022\/06\/Logo-Frantoio-Muraglia-black-email.jpg","width":326,"height":150,"caption":"Frantoio Muraglia"},"image":{"@id":"https:\/\/dev.frantoiomuraglia.it\/fr\/#\/schema\/logo\/image\/"}}]}},"_links":{"self":[{"href":"https:\/\/dev.frantoiomuraglia.it\/fr\/wp-json\/wp\/v2\/product\/27367","targetHints":{"allow":["GET"]}}],"collection":[{"href":"https:\/\/dev.frantoiomuraglia.it\/fr\/wp-json\/wp\/v2\/product"}],"about":[{"href":"https:\/\/dev.frantoiomuraglia.it\/fr\/wp-json\/wp\/v2\/types\/product"}],"wp:featuredmedia":[{"embeddable":true,"href":"https:\/\/dev.frantoiomuraglia.it\/fr\/wp-json\/wp\/v2\/media\/27357"}],"wp:attachment":[{"href":"https:\/\/dev.frantoiomuraglia.it\/fr\/wp-json\/wp\/v2\/media?parent=27367"}],"wp:term":[{"taxonomy":"product_cat","embeddable":true,"href":"https:\/\/dev.frantoiomuraglia.it\/fr\/wp-json\/wp\/v2\/product_cat?post=27367"},{"taxonomy":"product_tag","embeddable":true,"href":"https:\/\/dev.frantoiomuraglia.it\/fr\/wp-json\/wp\/v2\/product_tag?post=27367"}],"curies":[{"name":"wp","href":"https:\/\/api.w.org\/{rel}","templated":true}]}}