{"id":18038,"date":"2023-06-16T17:41:03","date_gmt":"2023-06-16T15:41:07","guid":{"rendered":"https:\/\/www.frantoiomuraglia.it\/?post_type=product&#038;p=18038"},"modified":"2025-02-12T17:30:27","modified_gmt":"2025-02-12T15:30:27","slug":"orcio-in-ceramica-arcobaleno-limited-edition","status":"publish","type":"product","link":"https:\/\/dev.frantoiomuraglia.it\/fr\/produit\/orcio-in-ceramica-arcobaleno-limited-edition\/","title":{"rendered":"Jarre \u00ab Special Pack \u00bb en c\u00e9ramique arc-en-ciel"},"content":{"rendered":"<p>Arc-en-ciel est une v\u00e9ritable ic\u00f4ne de style. La jarre en c\u00e9ramique, fabriqu\u00e9e \u00e0 la main par nos artisans, colore la table, r\u00e9chauffe la cuisine et pr\u00e9serve tous les parfums et la saveur de notre huile d&rsquo;olive extra vierge.<\/p>\n<p>La jarre arc-en-ciel dans un emballage arc-en-ciel \u00e0 ch\u00e9rir avec amour.<\/p>\n<p>L&rsquo;amour ne conna\u00eet ni couleur, ni sexe, ni fronti\u00e8re.<br \/>\nL&rsquo;amour est aussi vrai que l&rsquo;huile, il ne conna\u00eet pas de diff\u00e9rences, il n&rsquo;aime que lui.<br \/>\nL&rsquo;amour est fluide, comme notre huile.<\/p>\n<p>L&rsquo;art dans chaque geste et chaque choix. De nombreuses personnes nous ont connus gr\u00e2ce \u00e0 la beaut\u00e9 de nos produits, puis les ont go\u00fbt\u00e9s et se sont rendus compte qu&rsquo;il y a du bon dans la beaut\u00e9. L&rsquo;art des mains savantes de nos artisans, qui fa\u00e7onnent, au sens propre du terme, les jarres en c\u00e9ramique de renomm\u00e9e mondiale.<\/p>\n","protected":false},"excerpt":{"rendered":"<p>Arc-en-ciel est une v\u00e9ritable ic\u00f4ne de style. La jarre en c\u00e9ramique, fabriqu\u00e9e \u00e0 la main par nos artisans, colore la table, r\u00e9chauffe la cuisine et pr\u00e9serve tous les parfums et la saveur de notre huile d&rsquo;olive extra vierge. La jarre arc-en-ciel dans un emballage arc-en-ciel \u00e0 ch\u00e9rir avec amour. L&rsquo;amour ne conna\u00eet ni couleur, ni [&hellip;]<\/p>\n","protected":false},"featured_media":33549,"template":"","meta":{"_acf_changed":false},"product_cat":[134,135,354,364],"product_tag":[284,309,285,313,370,140],"class_list":{"0":"post-18038","1":"product","2":"type-product","3":"status-publish","4":"has-post-thumbnail","6":"product_cat-jarres","7":"product_cat-upsell_shopper-fr","8":"product_cat-jarre-collection","9":"product_cat-love-fr","10":"product_tag-featured-fr-2","11":"product_tag-intense-variant-fr","12":"product_tag-jars-fr-2","13":"product_tag-medium-variant-fr","14":"product_tag-tpl_jars-fr","15":"product_tag-upsell_shopper-fr","17":"first","18":"instock","19":"taxable","20":"shipping-taxable","21":"purchasable","22":"product-type-simple"},"acf":[],"yoast_head":"<!-- This site is optimized with the Yoast SEO plugin v26.8 - https:\/\/yoast.com\/product\/yoast-seo-wordpress\/ -->\n<title>Jarre \u00ab Special Pack \u00bb en c\u00e9ramique arc-en-ciel - Frantoio Muraglia<\/title>\n<meta name=\"description\" content=\"L&#039;amour ne conna\u00eet ni couleurs, ni genres, ni fronti\u00e8res. L&#039;amour est authentique comme l&#039;huile, il ne conna\u00eet pas de diff\u00e9rences, il ne fait qu&#039;aimer. L&#039;amour est fluide, comme l&#039;huile.\" \/>\n<meta name=\"robots\" content=\"noindex, follow, max-snippet:-1, max-image-preview:large, max-video-preview:-1\" \/>\n<meta property=\"og:locale\" content=\"fr_FR\" \/>\n<meta property=\"og:type\" content=\"article\" \/>\n<meta property=\"og:title\" content=\"Jarre \u00ab Special Pack \u00bb en c\u00e9ramique arc-en-ciel - Frantoio Muraglia\" \/>\n<meta property=\"og:description\" content=\"L&#039;amour ne conna\u00eet ni couleurs, ni genres, ni fronti\u00e8res. L&#039;amour est authentique comme l&#039;huile, il ne conna\u00eet pas de diff\u00e9rences, il ne fait qu&#039;aimer. L&#039;amour est fluide, comme l&#039;huile.\" \/>\n<meta property=\"og:url\" content=\"https:\/\/dev.frantoiomuraglia.it\/fr\/produit\/orcio-in-ceramica-arcobaleno-limited-edition\/\" \/>\n<meta property=\"og:site_name\" content=\"Frantoio Muraglia\" \/>\n<meta property=\"article:modified_time\" content=\"2025-02-12T15:30:27+00:00\" \/>\n<meta property=\"og:image\" content=\"https:\/\/dev.frantoiomuraglia.it\/wp-content\/uploads\/2023\/06\/ARCOBALENO-astuccio-19_bianco-scaled.jpg\" \/>\n\t<meta property=\"og:image:width\" content=\"2180\" \/>\n\t<meta property=\"og:image:height\" content=\"2295\" \/>\n\t<meta property=\"og:image:type\" content=\"image\/jpeg\" \/>\n<meta name=\"twitter:card\" content=\"summary_large_image\" \/>\n<script type=\"application\/ld+json\" class=\"yoast-schema-graph\">{\"@context\":\"https:\/\/schema.org\",\"@graph\":[{\"@type\":\"WebPage\",\"@id\":\"https:\/\/dev.frantoiomuraglia.it\/fr\/produit\/orcio-in-ceramica-arcobaleno-limited-edition\/\",\"url\":\"https:\/\/dev.frantoiomuraglia.it\/fr\/produit\/orcio-in-ceramica-arcobaleno-limited-edition\/\",\"name\":\"Jarre \u00ab Special Pack \u00bb en c\u00e9ramique arc-en-ciel - Frantoio Muraglia\",\"isPartOf\":{\"@id\":\"https:\/\/dev.frantoiomuraglia.it\/fr\/#website\"},\"primaryImageOfPage\":{\"@id\":\"https:\/\/dev.frantoiomuraglia.it\/fr\/produit\/orcio-in-ceramica-arcobaleno-limited-edition\/#primaryimage\"},\"image\":{\"@id\":\"https:\/\/dev.frantoiomuraglia.it\/fr\/produit\/orcio-in-ceramica-arcobaleno-limited-edition\/#primaryimage\"},\"thumbnailUrl\":\"https:\/\/dev.frantoiomuraglia.it\/wp-content\/uploads\/2023\/06\/ARCOBALENO-astuccio-19_bianco-scaled.jpg\",\"datePublished\":\"2023-06-16T15:41:07+00:00\",\"dateModified\":\"2025-02-12T15:30:27+00:00\",\"description\":\"L'amour ne conna\u00eet ni couleurs, ni genres, ni fronti\u00e8res. L'amour est authentique comme l'huile, il ne conna\u00eet pas de diff\u00e9rences, il ne fait qu'aimer. L'amour est fluide, comme l'huile.\",\"breadcrumb\":{\"@id\":\"https:\/\/dev.frantoiomuraglia.it\/fr\/produit\/orcio-in-ceramica-arcobaleno-limited-edition\/#breadcrumb\"},\"inLanguage\":\"fr-FR\",\"potentialAction\":[{\"@type\":\"ReadAction\",\"target\":[\"https:\/\/dev.frantoiomuraglia.it\/fr\/produit\/orcio-in-ceramica-arcobaleno-limited-edition\/\"]}]},{\"@type\":\"ImageObject\",\"inLanguage\":\"fr-FR\",\"@id\":\"https:\/\/dev.frantoiomuraglia.it\/fr\/produit\/orcio-in-ceramica-arcobaleno-limited-edition\/#primaryimage\",\"url\":\"https:\/\/dev.frantoiomuraglia.it\/wp-content\/uploads\/2023\/06\/ARCOBALENO-astuccio-19_bianco-scaled.jpg\",\"contentUrl\":\"https:\/\/dev.frantoiomuraglia.it\/wp-content\/uploads\/2023\/06\/ARCOBALENO-astuccio-19_bianco-scaled.jpg\",\"width\":2180,\"height\":2295,\"caption\":\"Foto \u00a9 Alessandra Farinelli\"},{\"@type\":\"BreadcrumbList\",\"@id\":\"https:\/\/dev.frantoiomuraglia.it\/fr\/produit\/orcio-in-ceramica-arcobaleno-limited-edition\/#breadcrumb\",\"itemListElement\":[{\"@type\":\"ListItem\",\"position\":1,\"name\":\"Home\",\"item\":\"https:\/\/dev.frantoiomuraglia.it\/fr\/\"},{\"@type\":\"ListItem\",\"position\":2,\"name\":\"Boutique\",\"item\":\"https:\/\/dev.frantoiomuraglia.it\/fr\/boutique\/\"},{\"@type\":\"ListItem\",\"position\":3,\"name\":\"Jarre \u00ab Special Pack \u00bb en c\u00e9ramique arc-en-ciel\"}]},{\"@type\":\"WebSite\",\"@id\":\"https:\/\/dev.frantoiomuraglia.it\/fr\/#website\",\"url\":\"https:\/\/dev.frantoiomuraglia.it\/fr\/\",\"name\":\"Frantoio Muraglia\",\"description\":\"Just another WordPress site\",\"publisher\":{\"@id\":\"https:\/\/dev.frantoiomuraglia.it\/fr\/#organization\"},\"potentialAction\":[{\"@type\":\"SearchAction\",\"target\":{\"@type\":\"EntryPoint\",\"urlTemplate\":\"https:\/\/dev.frantoiomuraglia.it\/fr\/?s={search_term_string}\"},\"query-input\":{\"@type\":\"PropertyValueSpecification\",\"valueRequired\":true,\"valueName\":\"search_term_string\"}}],\"inLanguage\":\"fr-FR\"},{\"@type\":\"Organization\",\"@id\":\"https:\/\/dev.frantoiomuraglia.it\/fr\/#organization\",\"name\":\"Frantoio Muraglia\",\"url\":\"https:\/\/dev.frantoiomuraglia.it\/fr\/\",\"logo\":{\"@type\":\"ImageObject\",\"inLanguage\":\"fr-FR\",\"@id\":\"https:\/\/dev.frantoiomuraglia.it\/fr\/#\/schema\/logo\/image\/\",\"url\":\"https:\/\/www.frantoiomuraglia.it\/wp-content\/uploads\/2022\/06\/Logo-Frantoio-Muraglia-black-email.jpg\",\"contentUrl\":\"https:\/\/www.frantoiomuraglia.it\/wp-content\/uploads\/2022\/06\/Logo-Frantoio-Muraglia-black-email.jpg\",\"width\":326,\"height\":150,\"caption\":\"Frantoio Muraglia\"},\"image\":{\"@id\":\"https:\/\/dev.frantoiomuraglia.it\/fr\/#\/schema\/logo\/image\/\"}}]}<\/script>\n<!-- \/ Yoast SEO plugin. -->","yoast_head_json":{"title":"Jarre \u00ab Special Pack \u00bb en c\u00e9ramique arc-en-ciel - Frantoio Muraglia","description":"L'amour ne conna\u00eet ni couleurs, ni genres, ni fronti\u00e8res. L'amour est authentique comme l'huile, il ne conna\u00eet pas de diff\u00e9rences, il ne fait qu'aimer. L'amour est fluide, comme l'huile.","robots":{"index":"noindex","follow":"follow","max-snippet":"max-snippet:-1","max-image-preview":"max-image-preview:large","max-video-preview":"max-video-preview:-1"},"og_locale":"fr_FR","og_type":"article","og_title":"Jarre \u00ab Special Pack \u00bb en c\u00e9ramique arc-en-ciel - Frantoio Muraglia","og_description":"L'amour ne conna\u00eet ni couleurs, ni genres, ni fronti\u00e8res. L'amour est authentique comme l'huile, il ne conna\u00eet pas de diff\u00e9rences, il ne fait qu'aimer. L'amour est fluide, comme l'huile.","og_url":"https:\/\/dev.frantoiomuraglia.it\/fr\/produit\/orcio-in-ceramica-arcobaleno-limited-edition\/","og_site_name":"Frantoio Muraglia","article_modified_time":"2025-02-12T15:30:27+00:00","og_image":[{"width":2180,"height":2295,"url":"https:\/\/dev.frantoiomuraglia.it\/wp-content\/uploads\/2023\/06\/ARCOBALENO-astuccio-19_bianco-scaled.jpg","type":"image\/jpeg"}],"twitter_card":"summary_large_image","schema":{"@context":"https:\/\/schema.org","@graph":[{"@type":"WebPage","@id":"https:\/\/dev.frantoiomuraglia.it\/fr\/produit\/orcio-in-ceramica-arcobaleno-limited-edition\/","url":"https:\/\/dev.frantoiomuraglia.it\/fr\/produit\/orcio-in-ceramica-arcobaleno-limited-edition\/","name":"Jarre \u00ab Special Pack \u00bb en c\u00e9ramique arc-en-ciel - Frantoio Muraglia","isPartOf":{"@id":"https:\/\/dev.frantoiomuraglia.it\/fr\/#website"},"primaryImageOfPage":{"@id":"https:\/\/dev.frantoiomuraglia.it\/fr\/produit\/orcio-in-ceramica-arcobaleno-limited-edition\/#primaryimage"},"image":{"@id":"https:\/\/dev.frantoiomuraglia.it\/fr\/produit\/orcio-in-ceramica-arcobaleno-limited-edition\/#primaryimage"},"thumbnailUrl":"https:\/\/dev.frantoiomuraglia.it\/wp-content\/uploads\/2023\/06\/ARCOBALENO-astuccio-19_bianco-scaled.jpg","datePublished":"2023-06-16T15:41:07+00:00","dateModified":"2025-02-12T15:30:27+00:00","description":"L'amour ne conna\u00eet ni couleurs, ni genres, ni fronti\u00e8res. L'amour est authentique comme l'huile, il ne conna\u00eet pas de diff\u00e9rences, il ne fait qu'aimer. L'amour est fluide, comme l'huile.","breadcrumb":{"@id":"https:\/\/dev.frantoiomuraglia.it\/fr\/produit\/orcio-in-ceramica-arcobaleno-limited-edition\/#breadcrumb"},"inLanguage":"fr-FR","potentialAction":[{"@type":"ReadAction","target":["https:\/\/dev.frantoiomuraglia.it\/fr\/produit\/orcio-in-ceramica-arcobaleno-limited-edition\/"]}]},{"@type":"ImageObject","inLanguage":"fr-FR","@id":"https:\/\/dev.frantoiomuraglia.it\/fr\/produit\/orcio-in-ceramica-arcobaleno-limited-edition\/#primaryimage","url":"https:\/\/dev.frantoiomuraglia.it\/wp-content\/uploads\/2023\/06\/ARCOBALENO-astuccio-19_bianco-scaled.jpg","contentUrl":"https:\/\/dev.frantoiomuraglia.it\/wp-content\/uploads\/2023\/06\/ARCOBALENO-astuccio-19_bianco-scaled.jpg","width":2180,"height":2295,"caption":"Foto \u00a9 Alessandra Farinelli"},{"@type":"BreadcrumbList","@id":"https:\/\/dev.frantoiomuraglia.it\/fr\/produit\/orcio-in-ceramica-arcobaleno-limited-edition\/#breadcrumb","itemListElement":[{"@type":"ListItem","position":1,"name":"Home","item":"https:\/\/dev.frantoiomuraglia.it\/fr\/"},{"@type":"ListItem","position":2,"name":"Boutique","item":"https:\/\/dev.frantoiomuraglia.it\/fr\/boutique\/"},{"@type":"ListItem","position":3,"name":"Jarre \u00ab Special Pack \u00bb en c\u00e9ramique arc-en-ciel"}]},{"@type":"WebSite","@id":"https:\/\/dev.frantoiomuraglia.it\/fr\/#website","url":"https:\/\/dev.frantoiomuraglia.it\/fr\/","name":"Frantoio Muraglia","description":"Just another WordPress site","publisher":{"@id":"https:\/\/dev.frantoiomuraglia.it\/fr\/#organization"},"potentialAction":[{"@type":"SearchAction","target":{"@type":"EntryPoint","urlTemplate":"https:\/\/dev.frantoiomuraglia.it\/fr\/?s={search_term_string}"},"query-input":{"@type":"PropertyValueSpecification","valueRequired":true,"valueName":"search_term_string"}}],"inLanguage":"fr-FR"},{"@type":"Organization","@id":"https:\/\/dev.frantoiomuraglia.it\/fr\/#organization","name":"Frantoio Muraglia","url":"https:\/\/dev.frantoiomuraglia.it\/fr\/","logo":{"@type":"ImageObject","inLanguage":"fr-FR","@id":"https:\/\/dev.frantoiomuraglia.it\/fr\/#\/schema\/logo\/image\/","url":"https:\/\/www.frantoiomuraglia.it\/wp-content\/uploads\/2022\/06\/Logo-Frantoio-Muraglia-black-email.jpg","contentUrl":"https:\/\/www.frantoiomuraglia.it\/wp-content\/uploads\/2022\/06\/Logo-Frantoio-Muraglia-black-email.jpg","width":326,"height":150,"caption":"Frantoio Muraglia"},"image":{"@id":"https:\/\/dev.frantoiomuraglia.it\/fr\/#\/schema\/logo\/image\/"}}]}},"_links":{"self":[{"href":"https:\/\/dev.frantoiomuraglia.it\/fr\/wp-json\/wp\/v2\/product\/18038","targetHints":{"allow":["GET"]}}],"collection":[{"href":"https:\/\/dev.frantoiomuraglia.it\/fr\/wp-json\/wp\/v2\/product"}],"about":[{"href":"https:\/\/dev.frantoiomuraglia.it\/fr\/wp-json\/wp\/v2\/types\/product"}],"wp:featuredmedia":[{"embeddable":true,"href":"https:\/\/dev.frantoiomuraglia.it\/fr\/wp-json\/wp\/v2\/media\/33549"}],"wp:attachment":[{"href":"https:\/\/dev.frantoiomuraglia.it\/fr\/wp-json\/wp\/v2\/media?parent=18038"}],"wp:term":[{"taxonomy":"product_cat","embeddable":true,"href":"https:\/\/dev.frantoiomuraglia.it\/fr\/wp-json\/wp\/v2\/product_cat?post=18038"},{"taxonomy":"product_tag","embeddable":true,"href":"https:\/\/dev.frantoiomuraglia.it\/fr\/wp-json\/wp\/v2\/product_tag?post=18038"}],"curies":[{"name":"wp","href":"https:\/\/api.w.org\/{rel}","templated":true}]}}