{"id":17706,"date":"2023-05-22T11:23:05","date_gmt":"2023-05-22T09:23:05","guid":{"rendered":"https:\/\/www.frantoiomuraglia.it\/?post_type=product&#038;p=17706"},"modified":"2025-02-12T17:37:23","modified_gmt":"2025-02-12T15:37:23","slug":"couvette-oli-aromatici-mignon-20ml","status":"publish","type":"product","link":"https:\/\/dev.frantoiomuraglia.it\/fr\/produit\/couvette-oli-aromatici-mignon-20ml\/","title":{"rendered":"Couvette huiles aromatis\u00e9es mignonnettes"},"content":{"rendered":"<p>Une couvette pour d\u00e9guster toutes les vari\u00e9t\u00e9s de nos huiles aromatiques.<\/p>\n<p>Pour ceux qui souhaitent go\u00fbter quelques vari\u00e9t\u00e9s de nos huiles vierges extra, une couvette contenant 5 flacons de 20 ml d&rsquo;aromates : citron IGP Rocca Imperiale, piment, basilic AOP Genovese, bergamote et ail frais.<\/p>\n<p>Chaque essence est parfaite pour assaisonner des plats diff\u00e9rents et satisfaire des go\u00fbts diff\u00e9rents.<\/p>\n","protected":false},"excerpt":{"rendered":"<p>Une couvette pour d\u00e9guster toutes les vari\u00e9t\u00e9s de nos huiles aromatiques. Pour ceux qui souhaitent go\u00fbter quelques vari\u00e9t\u00e9s de nos huiles vierges extra, une couvette contenant 5 flacons de 20 ml d&rsquo;aromates : citron IGP Rocca Imperiale, piment, basilic AOP Genovese, bergamote et ail frais. Chaque essence est parfaite pour assaisonner des plats diff\u00e9rents et [&hellip;]<\/p>\n","protected":false},"featured_media":37222,"template":"","meta":{"_acf_changed":false},"product_cat":[224,201,135],"product_tag":[320,321,214,140],"class_list":{"0":"post-17706","1":"product","2":"type-product","3":"status-publish","4":"has-post-thumbnail","6":"product_cat-aromatisee","7":"product_cat-idees-de-cadeaux","8":"product_cat-upsell_shopper-fr","9":"product_tag-aromatic-fr","10":"product_tag-aromatictype-fr","11":"product_tag-tpl_no_category-fr","12":"product_tag-upsell_shopper-fr","14":"first","15":"instock","16":"taxable","17":"shipping-taxable","18":"purchasable","19":"product-type-simple"},"acf":[],"yoast_head":"<!-- This site is optimized with the Yoast SEO plugin v26.8 - https:\/\/yoast.com\/product\/yoast-seo-wordpress\/ -->\n<title>Couvette huiles aromatis\u00e9es mignonnettes - Frantoio Muraglia<\/title>\n<meta name=\"description\" content=\"Une couvette pour d\u00e9guster toutes les vari\u00e9t\u00e9s de nos huiles aromatis\u00e9es.\" \/>\n<meta name=\"robots\" content=\"noindex, follow, max-snippet:-1, max-image-preview:large, max-video-preview:-1\" \/>\n<meta property=\"og:locale\" content=\"fr_FR\" \/>\n<meta property=\"og:type\" content=\"article\" \/>\n<meta property=\"og:title\" content=\"Couvette huiles aromatis\u00e9es mignonnettes - Frantoio Muraglia\" \/>\n<meta property=\"og:description\" content=\"Une couvette pour d\u00e9guster toutes les vari\u00e9t\u00e9s de nos huiles aromatis\u00e9es.\" \/>\n<meta property=\"og:url\" content=\"https:\/\/dev.frantoiomuraglia.it\/fr\/produit\/couvette-oli-aromatici-mignon-20ml\/\" \/>\n<meta property=\"og:site_name\" content=\"Frantoio Muraglia\" \/>\n<meta property=\"article:modified_time\" content=\"2025-02-12T15:37:23+00:00\" \/>\n<meta property=\"og:image\" content=\"https:\/\/dev.frantoiomuraglia.it\/wp-content\/uploads\/2023\/05\/mignon-aromatici-20-ml_2025.jpg\" \/>\n\t<meta property=\"og:image:width\" content=\"2180\" \/>\n\t<meta property=\"og:image:height\" content=\"2294\" \/>\n\t<meta property=\"og:image:type\" content=\"image\/jpeg\" \/>\n<meta name=\"twitter:card\" content=\"summary_large_image\" \/>\n<script type=\"application\/ld+json\" class=\"yoast-schema-graph\">{\"@context\":\"https:\/\/schema.org\",\"@graph\":[{\"@type\":\"WebPage\",\"@id\":\"https:\/\/dev.frantoiomuraglia.it\/fr\/produit\/couvette-oli-aromatici-mignon-20ml\/\",\"url\":\"https:\/\/dev.frantoiomuraglia.it\/fr\/produit\/couvette-oli-aromatici-mignon-20ml\/\",\"name\":\"Couvette huiles aromatis\u00e9es mignonnettes - Frantoio Muraglia\",\"isPartOf\":{\"@id\":\"https:\/\/dev.frantoiomuraglia.it\/fr\/#website\"},\"primaryImageOfPage\":{\"@id\":\"https:\/\/dev.frantoiomuraglia.it\/fr\/produit\/couvette-oli-aromatici-mignon-20ml\/#primaryimage\"},\"image\":{\"@id\":\"https:\/\/dev.frantoiomuraglia.it\/fr\/produit\/couvette-oli-aromatici-mignon-20ml\/#primaryimage\"},\"thumbnailUrl\":\"https:\/\/dev.frantoiomuraglia.it\/wp-content\/uploads\/2023\/05\/mignon-aromatici-20-ml_2025.jpg\",\"datePublished\":\"2023-05-22T09:23:05+00:00\",\"dateModified\":\"2025-02-12T15:37:23+00:00\",\"description\":\"Une couvette pour d\u00e9guster toutes les vari\u00e9t\u00e9s de nos huiles aromatis\u00e9es.\",\"breadcrumb\":{\"@id\":\"https:\/\/dev.frantoiomuraglia.it\/fr\/produit\/couvette-oli-aromatici-mignon-20ml\/#breadcrumb\"},\"inLanguage\":\"fr-FR\",\"potentialAction\":[{\"@type\":\"ReadAction\",\"target\":[\"https:\/\/dev.frantoiomuraglia.it\/fr\/produit\/couvette-oli-aromatici-mignon-20ml\/\"]}]},{\"@type\":\"ImageObject\",\"inLanguage\":\"fr-FR\",\"@id\":\"https:\/\/dev.frantoiomuraglia.it\/fr\/produit\/couvette-oli-aromatici-mignon-20ml\/#primaryimage\",\"url\":\"https:\/\/dev.frantoiomuraglia.it\/wp-content\/uploads\/2023\/05\/mignon-aromatici-20-ml_2025.jpg\",\"contentUrl\":\"https:\/\/dev.frantoiomuraglia.it\/wp-content\/uploads\/2023\/05\/mignon-aromatici-20-ml_2025.jpg\",\"width\":2180,\"height\":2294},{\"@type\":\"BreadcrumbList\",\"@id\":\"https:\/\/dev.frantoiomuraglia.it\/fr\/produit\/couvette-oli-aromatici-mignon-20ml\/#breadcrumb\",\"itemListElement\":[{\"@type\":\"ListItem\",\"position\":1,\"name\":\"Home\",\"item\":\"https:\/\/dev.frantoiomuraglia.it\/fr\/\"},{\"@type\":\"ListItem\",\"position\":2,\"name\":\"Boutique\",\"item\":\"https:\/\/dev.frantoiomuraglia.it\/fr\/boutique\/\"},{\"@type\":\"ListItem\",\"position\":3,\"name\":\"Couvette huiles aromatis\u00e9es mignonnettes\"}]},{\"@type\":\"WebSite\",\"@id\":\"https:\/\/dev.frantoiomuraglia.it\/fr\/#website\",\"url\":\"https:\/\/dev.frantoiomuraglia.it\/fr\/\",\"name\":\"Frantoio Muraglia\",\"description\":\"Just another WordPress site\",\"publisher\":{\"@id\":\"https:\/\/dev.frantoiomuraglia.it\/fr\/#organization\"},\"potentialAction\":[{\"@type\":\"SearchAction\",\"target\":{\"@type\":\"EntryPoint\",\"urlTemplate\":\"https:\/\/dev.frantoiomuraglia.it\/fr\/?s={search_term_string}\"},\"query-input\":{\"@type\":\"PropertyValueSpecification\",\"valueRequired\":true,\"valueName\":\"search_term_string\"}}],\"inLanguage\":\"fr-FR\"},{\"@type\":\"Organization\",\"@id\":\"https:\/\/dev.frantoiomuraglia.it\/fr\/#organization\",\"name\":\"Frantoio Muraglia\",\"url\":\"https:\/\/dev.frantoiomuraglia.it\/fr\/\",\"logo\":{\"@type\":\"ImageObject\",\"inLanguage\":\"fr-FR\",\"@id\":\"https:\/\/dev.frantoiomuraglia.it\/fr\/#\/schema\/logo\/image\/\",\"url\":\"https:\/\/www.frantoiomuraglia.it\/wp-content\/uploads\/2022\/06\/Logo-Frantoio-Muraglia-black-email.jpg\",\"contentUrl\":\"https:\/\/www.frantoiomuraglia.it\/wp-content\/uploads\/2022\/06\/Logo-Frantoio-Muraglia-black-email.jpg\",\"width\":326,\"height\":150,\"caption\":\"Frantoio Muraglia\"},\"image\":{\"@id\":\"https:\/\/dev.frantoiomuraglia.it\/fr\/#\/schema\/logo\/image\/\"}}]}<\/script>\n<!-- \/ Yoast SEO plugin. -->","yoast_head_json":{"title":"Couvette huiles aromatis\u00e9es mignonnettes - Frantoio Muraglia","description":"Une couvette pour d\u00e9guster toutes les vari\u00e9t\u00e9s de nos huiles aromatis\u00e9es.","robots":{"index":"noindex","follow":"follow","max-snippet":"max-snippet:-1","max-image-preview":"max-image-preview:large","max-video-preview":"max-video-preview:-1"},"og_locale":"fr_FR","og_type":"article","og_title":"Couvette huiles aromatis\u00e9es mignonnettes - Frantoio Muraglia","og_description":"Une couvette pour d\u00e9guster toutes les vari\u00e9t\u00e9s de nos huiles aromatis\u00e9es.","og_url":"https:\/\/dev.frantoiomuraglia.it\/fr\/produit\/couvette-oli-aromatici-mignon-20ml\/","og_site_name":"Frantoio Muraglia","article_modified_time":"2025-02-12T15:37:23+00:00","og_image":[{"width":2180,"height":2294,"url":"https:\/\/dev.frantoiomuraglia.it\/wp-content\/uploads\/2023\/05\/mignon-aromatici-20-ml_2025.jpg","type":"image\/jpeg"}],"twitter_card":"summary_large_image","schema":{"@context":"https:\/\/schema.org","@graph":[{"@type":"WebPage","@id":"https:\/\/dev.frantoiomuraglia.it\/fr\/produit\/couvette-oli-aromatici-mignon-20ml\/","url":"https:\/\/dev.frantoiomuraglia.it\/fr\/produit\/couvette-oli-aromatici-mignon-20ml\/","name":"Couvette huiles aromatis\u00e9es mignonnettes - Frantoio Muraglia","isPartOf":{"@id":"https:\/\/dev.frantoiomuraglia.it\/fr\/#website"},"primaryImageOfPage":{"@id":"https:\/\/dev.frantoiomuraglia.it\/fr\/produit\/couvette-oli-aromatici-mignon-20ml\/#primaryimage"},"image":{"@id":"https:\/\/dev.frantoiomuraglia.it\/fr\/produit\/couvette-oli-aromatici-mignon-20ml\/#primaryimage"},"thumbnailUrl":"https:\/\/dev.frantoiomuraglia.it\/wp-content\/uploads\/2023\/05\/mignon-aromatici-20-ml_2025.jpg","datePublished":"2023-05-22T09:23:05+00:00","dateModified":"2025-02-12T15:37:23+00:00","description":"Une couvette pour d\u00e9guster toutes les vari\u00e9t\u00e9s de nos huiles aromatis\u00e9es.","breadcrumb":{"@id":"https:\/\/dev.frantoiomuraglia.it\/fr\/produit\/couvette-oli-aromatici-mignon-20ml\/#breadcrumb"},"inLanguage":"fr-FR","potentialAction":[{"@type":"ReadAction","target":["https:\/\/dev.frantoiomuraglia.it\/fr\/produit\/couvette-oli-aromatici-mignon-20ml\/"]}]},{"@type":"ImageObject","inLanguage":"fr-FR","@id":"https:\/\/dev.frantoiomuraglia.it\/fr\/produit\/couvette-oli-aromatici-mignon-20ml\/#primaryimage","url":"https:\/\/dev.frantoiomuraglia.it\/wp-content\/uploads\/2023\/05\/mignon-aromatici-20-ml_2025.jpg","contentUrl":"https:\/\/dev.frantoiomuraglia.it\/wp-content\/uploads\/2023\/05\/mignon-aromatici-20-ml_2025.jpg","width":2180,"height":2294},{"@type":"BreadcrumbList","@id":"https:\/\/dev.frantoiomuraglia.it\/fr\/produit\/couvette-oli-aromatici-mignon-20ml\/#breadcrumb","itemListElement":[{"@type":"ListItem","position":1,"name":"Home","item":"https:\/\/dev.frantoiomuraglia.it\/fr\/"},{"@type":"ListItem","position":2,"name":"Boutique","item":"https:\/\/dev.frantoiomuraglia.it\/fr\/boutique\/"},{"@type":"ListItem","position":3,"name":"Couvette huiles aromatis\u00e9es mignonnettes"}]},{"@type":"WebSite","@id":"https:\/\/dev.frantoiomuraglia.it\/fr\/#website","url":"https:\/\/dev.frantoiomuraglia.it\/fr\/","name":"Frantoio Muraglia","description":"Just another WordPress site","publisher":{"@id":"https:\/\/dev.frantoiomuraglia.it\/fr\/#organization"},"potentialAction":[{"@type":"SearchAction","target":{"@type":"EntryPoint","urlTemplate":"https:\/\/dev.frantoiomuraglia.it\/fr\/?s={search_term_string}"},"query-input":{"@type":"PropertyValueSpecification","valueRequired":true,"valueName":"search_term_string"}}],"inLanguage":"fr-FR"},{"@type":"Organization","@id":"https:\/\/dev.frantoiomuraglia.it\/fr\/#organization","name":"Frantoio Muraglia","url":"https:\/\/dev.frantoiomuraglia.it\/fr\/","logo":{"@type":"ImageObject","inLanguage":"fr-FR","@id":"https:\/\/dev.frantoiomuraglia.it\/fr\/#\/schema\/logo\/image\/","url":"https:\/\/www.frantoiomuraglia.it\/wp-content\/uploads\/2022\/06\/Logo-Frantoio-Muraglia-black-email.jpg","contentUrl":"https:\/\/www.frantoiomuraglia.it\/wp-content\/uploads\/2022\/06\/Logo-Frantoio-Muraglia-black-email.jpg","width":326,"height":150,"caption":"Frantoio Muraglia"},"image":{"@id":"https:\/\/dev.frantoiomuraglia.it\/fr\/#\/schema\/logo\/image\/"}}]}},"_links":{"self":[{"href":"https:\/\/dev.frantoiomuraglia.it\/fr\/wp-json\/wp\/v2\/product\/17706","targetHints":{"allow":["GET"]}}],"collection":[{"href":"https:\/\/dev.frantoiomuraglia.it\/fr\/wp-json\/wp\/v2\/product"}],"about":[{"href":"https:\/\/dev.frantoiomuraglia.it\/fr\/wp-json\/wp\/v2\/types\/product"}],"wp:featuredmedia":[{"embeddable":true,"href":"https:\/\/dev.frantoiomuraglia.it\/fr\/wp-json\/wp\/v2\/media\/37222"}],"wp:attachment":[{"href":"https:\/\/dev.frantoiomuraglia.it\/fr\/wp-json\/wp\/v2\/media?parent=17706"}],"wp:term":[{"taxonomy":"product_cat","embeddable":true,"href":"https:\/\/dev.frantoiomuraglia.it\/fr\/wp-json\/wp\/v2\/product_cat?post=17706"},{"taxonomy":"product_tag","embeddable":true,"href":"https:\/\/dev.frantoiomuraglia.it\/fr\/wp-json\/wp\/v2\/product_tag?post=17706"}],"curies":[{"name":"wp","href":"https:\/\/api.w.org\/{rel}","templated":true}]}}