{"id":17296,"date":"2023-04-13T15:03:48","date_gmt":"2023-04-13T13:03:49","guid":{"rendered":"https:\/\/www.frantoiomuraglia.it\/?post_type=product&#038;p=17296"},"modified":"2025-02-12T17:50:22","modified_gmt":"2025-02-12T15:50:22","slug":"reviva-collection","status":"publish","type":"product","link":"https:\/\/dev.frantoiomuraglia.it\/fr\/produit\/reviva-collection\/","title":{"rendered":"Reviva Collection"},"content":{"rendered":"<p>Des bocaux imparfaits r\u00e9cup\u00e9r\u00e9s et r\u00e9g\u00e9n\u00e9r\u00e9s, v\u00e9ritables pi\u00e8ces uniques ; vide \u00e0 l&rsquo;int\u00e9rieur, vendu avec un bidon de 1 litre de notre huile : des contenants de beaut\u00e9.<\/p>\n<p>Nous c\u00e9l\u00e9brons la beaut\u00e9 d&rsquo;une seconde vie. La conception du pot sera al\u00e9atoire en fonction de la disponibilit\u00e9.<\/p>\n<p style=\"font-weight: 400;\">Nous pensons qu&rsquo;imparfait signifie \u00eatre parfait, chacun \u00e0 sa mani\u00e8re, chacun \u00e0 sa guise. Et ce respect signifie ne pas gaspiller, redonner \u00e0 la nature avec gratitude. Chacun de nos produits est si pr\u00e9cieux que s&rsquo;il n&rsquo;est pas parfait il n&rsquo;est pas embouteill\u00e9, m\u00eame s&rsquo;il pr\u00e9sente des imperfections imperceptibles.<\/p>\n<p style=\"font-weight: 400;\">Cependant, nous avons choisi de faire revivre ces tessons sans gaspiller une seule ressource : les imparfaits, les uniques, vendus vides avec un bidon d&rsquo;un litre d&rsquo;huile d&rsquo;olive extra vierge. Nous combinons le pot vide avec le bidon afin que vous puissiez le remplir de notre huile ou choisir de donner une nouvelle vie \u00e0 cet objet selon votre inspiration. Comme jardini\u00e8re ou comme autres id\u00e9es et fonctions d&rsquo;ameublement.<\/p>\n<p style=\"font-weight: 400;\">Car l&rsquo;imparfait ne reste qu&rsquo;un temps verbal pour quelque chose qui demeure dans le temps, dans son unicit\u00e9.<\/p>\n<p>Exclusivit\u00e9 en ligne.<\/p>\n<p>&nbsp;<\/p>\n<p>&nbsp;<\/p>\n","protected":false},"excerpt":{"rendered":"<p>Des bocaux imparfaits r\u00e9cup\u00e9r\u00e9s et r\u00e9g\u00e9n\u00e9r\u00e9s, v\u00e9ritables pi\u00e8ces uniques ; vide \u00e0 l&rsquo;int\u00e9rieur, vendu avec un bidon de 1 litre de notre huile : des contenants de beaut\u00e9. Nous c\u00e9l\u00e9brons la beaut\u00e9 d&rsquo;une seconde vie. La conception du pot sera al\u00e9atoire en fonction de la disponibilit\u00e9. Nous pensons qu&rsquo;imparfait signifie \u00eatre parfait, chacun \u00e0 sa [&hellip;]<\/p>\n","protected":false},"featured_media":17299,"template":"","meta":{"_acf_changed":false},"product_cat":[134,135],"product_tag":[331,300,309,285,178,370,140],"class_list":{"0":"post-17296","1":"product","2":"type-product","3":"status-publish","4":"has-post-thumbnail","6":"product_cat-jarres","7":"product_cat-upsell_shopper-fr","8":"product_tag-cans-fr","9":"product_tag-gift-ideas-fr-2","10":"product_tag-intense-variant-fr","11":"product_tag-jars-fr-2","12":"product_tag-tpl_fruitee_intense","13":"product_tag-tpl_jars-fr","14":"product_tag-upsell_shopper-fr","16":"first","17":"instock","18":"taxable","19":"shipping-taxable","20":"purchasable","21":"product-type-simple"},"acf":[],"yoast_head":"<!-- This site is optimized with the Yoast SEO plugin v26.8 - https:\/\/yoast.com\/product\/yoast-seo-wordpress\/ -->\n<title>Reviva Collection - Frantoio Muraglia<\/title>\n<meta name=\"description\" content=\"Des bocaux imparfaits r\u00e9cup\u00e9r\u00e9s et r\u00e9g\u00e9n\u00e9r\u00e9s, v\u00e9ritables pi\u00e8ces uniques ; vide \u00e0 l&#039;int\u00e9rieur, vendu avec un bidon de 1 litre de notre huile : des contenants de beaut\u00e9.\" \/>\n<meta name=\"robots\" content=\"noindex, follow, max-snippet:-1, max-image-preview:large, max-video-preview:-1\" \/>\n<meta property=\"og:locale\" content=\"fr_FR\" \/>\n<meta property=\"og:type\" content=\"article\" \/>\n<meta property=\"og:title\" content=\"Reviva Collection - Frantoio Muraglia\" \/>\n<meta property=\"og:description\" content=\"Des bocaux imparfaits r\u00e9cup\u00e9r\u00e9s et r\u00e9g\u00e9n\u00e9r\u00e9s, v\u00e9ritables pi\u00e8ces uniques ; vide \u00e0 l&#039;int\u00e9rieur, vendu avec un bidon de 1 litre de notre huile : des contenants de beaut\u00e9.\" \/>\n<meta property=\"og:url\" content=\"https:\/\/dev.frantoiomuraglia.it\/fr\/produit\/reviva-collection\/\" \/>\n<meta property=\"og:site_name\" content=\"Frantoio Muraglia\" \/>\n<meta property=\"article:modified_time\" content=\"2025-02-12T15:50:22+00:00\" \/>\n<meta property=\"og:image\" content=\"https:\/\/dev.frantoiomuraglia.it\/wp-content\/uploads\/2023\/04\/Reviva-collection.jpg\" \/>\n\t<meta property=\"og:image:width\" content=\"2180\" \/>\n\t<meta property=\"og:image:height\" content=\"2294\" \/>\n\t<meta property=\"og:image:type\" content=\"image\/jpeg\" \/>\n<meta name=\"twitter:card\" content=\"summary_large_image\" \/>\n<script type=\"application\/ld+json\" class=\"yoast-schema-graph\">{\"@context\":\"https:\/\/schema.org\",\"@graph\":[{\"@type\":\"WebPage\",\"@id\":\"https:\/\/dev.frantoiomuraglia.it\/fr\/produit\/reviva-collection\/\",\"url\":\"https:\/\/dev.frantoiomuraglia.it\/fr\/produit\/reviva-collection\/\",\"name\":\"Reviva Collection - Frantoio Muraglia\",\"isPartOf\":{\"@id\":\"https:\/\/dev.frantoiomuraglia.it\/fr\/#website\"},\"primaryImageOfPage\":{\"@id\":\"https:\/\/dev.frantoiomuraglia.it\/fr\/produit\/reviva-collection\/#primaryimage\"},\"image\":{\"@id\":\"https:\/\/dev.frantoiomuraglia.it\/fr\/produit\/reviva-collection\/#primaryimage\"},\"thumbnailUrl\":\"https:\/\/dev.frantoiomuraglia.it\/wp-content\/uploads\/2023\/04\/Reviva-collection.jpg\",\"datePublished\":\"2023-04-13T13:03:49+00:00\",\"dateModified\":\"2025-02-12T15:50:22+00:00\",\"description\":\"Des bocaux imparfaits r\u00e9cup\u00e9r\u00e9s et r\u00e9g\u00e9n\u00e9r\u00e9s, v\u00e9ritables pi\u00e8ces uniques ; vide \u00e0 l'int\u00e9rieur, vendu avec un bidon de 1 litre de notre huile : des contenants de beaut\u00e9.\",\"breadcrumb\":{\"@id\":\"https:\/\/dev.frantoiomuraglia.it\/fr\/produit\/reviva-collection\/#breadcrumb\"},\"inLanguage\":\"fr-FR\",\"potentialAction\":[{\"@type\":\"ReadAction\",\"target\":[\"https:\/\/dev.frantoiomuraglia.it\/fr\/produit\/reviva-collection\/\"]}]},{\"@type\":\"ImageObject\",\"inLanguage\":\"fr-FR\",\"@id\":\"https:\/\/dev.frantoiomuraglia.it\/fr\/produit\/reviva-collection\/#primaryimage\",\"url\":\"https:\/\/dev.frantoiomuraglia.it\/wp-content\/uploads\/2023\/04\/Reviva-collection.jpg\",\"contentUrl\":\"https:\/\/dev.frantoiomuraglia.it\/wp-content\/uploads\/2023\/04\/Reviva-collection.jpg\",\"width\":2180,\"height\":2294},{\"@type\":\"BreadcrumbList\",\"@id\":\"https:\/\/dev.frantoiomuraglia.it\/fr\/produit\/reviva-collection\/#breadcrumb\",\"itemListElement\":[{\"@type\":\"ListItem\",\"position\":1,\"name\":\"Home\",\"item\":\"https:\/\/dev.frantoiomuraglia.it\/fr\/\"},{\"@type\":\"ListItem\",\"position\":2,\"name\":\"Boutique\",\"item\":\"https:\/\/dev.frantoiomuraglia.it\/fr\/boutique\/\"},{\"@type\":\"ListItem\",\"position\":3,\"name\":\"Reviva Collection\"}]},{\"@type\":\"WebSite\",\"@id\":\"https:\/\/dev.frantoiomuraglia.it\/fr\/#website\",\"url\":\"https:\/\/dev.frantoiomuraglia.it\/fr\/\",\"name\":\"Frantoio Muraglia\",\"description\":\"Just another WordPress site\",\"publisher\":{\"@id\":\"https:\/\/dev.frantoiomuraglia.it\/fr\/#organization\"},\"potentialAction\":[{\"@type\":\"SearchAction\",\"target\":{\"@type\":\"EntryPoint\",\"urlTemplate\":\"https:\/\/dev.frantoiomuraglia.it\/fr\/?s={search_term_string}\"},\"query-input\":{\"@type\":\"PropertyValueSpecification\",\"valueRequired\":true,\"valueName\":\"search_term_string\"}}],\"inLanguage\":\"fr-FR\"},{\"@type\":\"Organization\",\"@id\":\"https:\/\/dev.frantoiomuraglia.it\/fr\/#organization\",\"name\":\"Frantoio Muraglia\",\"url\":\"https:\/\/dev.frantoiomuraglia.it\/fr\/\",\"logo\":{\"@type\":\"ImageObject\",\"inLanguage\":\"fr-FR\",\"@id\":\"https:\/\/dev.frantoiomuraglia.it\/fr\/#\/schema\/logo\/image\/\",\"url\":\"https:\/\/www.frantoiomuraglia.it\/wp-content\/uploads\/2022\/06\/Logo-Frantoio-Muraglia-black-email.jpg\",\"contentUrl\":\"https:\/\/www.frantoiomuraglia.it\/wp-content\/uploads\/2022\/06\/Logo-Frantoio-Muraglia-black-email.jpg\",\"width\":326,\"height\":150,\"caption\":\"Frantoio Muraglia\"},\"image\":{\"@id\":\"https:\/\/dev.frantoiomuraglia.it\/fr\/#\/schema\/logo\/image\/\"}}]}<\/script>\n<!-- \/ Yoast SEO plugin. -->","yoast_head_json":{"title":"Reviva Collection - Frantoio Muraglia","description":"Des bocaux imparfaits r\u00e9cup\u00e9r\u00e9s et r\u00e9g\u00e9n\u00e9r\u00e9s, v\u00e9ritables pi\u00e8ces uniques ; vide \u00e0 l'int\u00e9rieur, vendu avec un bidon de 1 litre de notre huile : des contenants de beaut\u00e9.","robots":{"index":"noindex","follow":"follow","max-snippet":"max-snippet:-1","max-image-preview":"max-image-preview:large","max-video-preview":"max-video-preview:-1"},"og_locale":"fr_FR","og_type":"article","og_title":"Reviva Collection - Frantoio Muraglia","og_description":"Des bocaux imparfaits r\u00e9cup\u00e9r\u00e9s et r\u00e9g\u00e9n\u00e9r\u00e9s, v\u00e9ritables pi\u00e8ces uniques ; vide \u00e0 l'int\u00e9rieur, vendu avec un bidon de 1 litre de notre huile : des contenants de beaut\u00e9.","og_url":"https:\/\/dev.frantoiomuraglia.it\/fr\/produit\/reviva-collection\/","og_site_name":"Frantoio Muraglia","article_modified_time":"2025-02-12T15:50:22+00:00","og_image":[{"width":2180,"height":2294,"url":"https:\/\/dev.frantoiomuraglia.it\/wp-content\/uploads\/2023\/04\/Reviva-collection.jpg","type":"image\/jpeg"}],"twitter_card":"summary_large_image","schema":{"@context":"https:\/\/schema.org","@graph":[{"@type":"WebPage","@id":"https:\/\/dev.frantoiomuraglia.it\/fr\/produit\/reviva-collection\/","url":"https:\/\/dev.frantoiomuraglia.it\/fr\/produit\/reviva-collection\/","name":"Reviva Collection - Frantoio Muraglia","isPartOf":{"@id":"https:\/\/dev.frantoiomuraglia.it\/fr\/#website"},"primaryImageOfPage":{"@id":"https:\/\/dev.frantoiomuraglia.it\/fr\/produit\/reviva-collection\/#primaryimage"},"image":{"@id":"https:\/\/dev.frantoiomuraglia.it\/fr\/produit\/reviva-collection\/#primaryimage"},"thumbnailUrl":"https:\/\/dev.frantoiomuraglia.it\/wp-content\/uploads\/2023\/04\/Reviva-collection.jpg","datePublished":"2023-04-13T13:03:49+00:00","dateModified":"2025-02-12T15:50:22+00:00","description":"Des bocaux imparfaits r\u00e9cup\u00e9r\u00e9s et r\u00e9g\u00e9n\u00e9r\u00e9s, v\u00e9ritables pi\u00e8ces uniques ; vide \u00e0 l'int\u00e9rieur, vendu avec un bidon de 1 litre de notre huile : des contenants de beaut\u00e9.","breadcrumb":{"@id":"https:\/\/dev.frantoiomuraglia.it\/fr\/produit\/reviva-collection\/#breadcrumb"},"inLanguage":"fr-FR","potentialAction":[{"@type":"ReadAction","target":["https:\/\/dev.frantoiomuraglia.it\/fr\/produit\/reviva-collection\/"]}]},{"@type":"ImageObject","inLanguage":"fr-FR","@id":"https:\/\/dev.frantoiomuraglia.it\/fr\/produit\/reviva-collection\/#primaryimage","url":"https:\/\/dev.frantoiomuraglia.it\/wp-content\/uploads\/2023\/04\/Reviva-collection.jpg","contentUrl":"https:\/\/dev.frantoiomuraglia.it\/wp-content\/uploads\/2023\/04\/Reviva-collection.jpg","width":2180,"height":2294},{"@type":"BreadcrumbList","@id":"https:\/\/dev.frantoiomuraglia.it\/fr\/produit\/reviva-collection\/#breadcrumb","itemListElement":[{"@type":"ListItem","position":1,"name":"Home","item":"https:\/\/dev.frantoiomuraglia.it\/fr\/"},{"@type":"ListItem","position":2,"name":"Boutique","item":"https:\/\/dev.frantoiomuraglia.it\/fr\/boutique\/"},{"@type":"ListItem","position":3,"name":"Reviva Collection"}]},{"@type":"WebSite","@id":"https:\/\/dev.frantoiomuraglia.it\/fr\/#website","url":"https:\/\/dev.frantoiomuraglia.it\/fr\/","name":"Frantoio Muraglia","description":"Just another WordPress site","publisher":{"@id":"https:\/\/dev.frantoiomuraglia.it\/fr\/#organization"},"potentialAction":[{"@type":"SearchAction","target":{"@type":"EntryPoint","urlTemplate":"https:\/\/dev.frantoiomuraglia.it\/fr\/?s={search_term_string}"},"query-input":{"@type":"PropertyValueSpecification","valueRequired":true,"valueName":"search_term_string"}}],"inLanguage":"fr-FR"},{"@type":"Organization","@id":"https:\/\/dev.frantoiomuraglia.it\/fr\/#organization","name":"Frantoio Muraglia","url":"https:\/\/dev.frantoiomuraglia.it\/fr\/","logo":{"@type":"ImageObject","inLanguage":"fr-FR","@id":"https:\/\/dev.frantoiomuraglia.it\/fr\/#\/schema\/logo\/image\/","url":"https:\/\/www.frantoiomuraglia.it\/wp-content\/uploads\/2022\/06\/Logo-Frantoio-Muraglia-black-email.jpg","contentUrl":"https:\/\/www.frantoiomuraglia.it\/wp-content\/uploads\/2022\/06\/Logo-Frantoio-Muraglia-black-email.jpg","width":326,"height":150,"caption":"Frantoio Muraglia"},"image":{"@id":"https:\/\/dev.frantoiomuraglia.it\/fr\/#\/schema\/logo\/image\/"}}]}},"_links":{"self":[{"href":"https:\/\/dev.frantoiomuraglia.it\/fr\/wp-json\/wp\/v2\/product\/17296","targetHints":{"allow":["GET"]}}],"collection":[{"href":"https:\/\/dev.frantoiomuraglia.it\/fr\/wp-json\/wp\/v2\/product"}],"about":[{"href":"https:\/\/dev.frantoiomuraglia.it\/fr\/wp-json\/wp\/v2\/types\/product"}],"wp:featuredmedia":[{"embeddable":true,"href":"https:\/\/dev.frantoiomuraglia.it\/fr\/wp-json\/wp\/v2\/media\/17299"}],"wp:attachment":[{"href":"https:\/\/dev.frantoiomuraglia.it\/fr\/wp-json\/wp\/v2\/media?parent=17296"}],"wp:term":[{"taxonomy":"product_cat","embeddable":true,"href":"https:\/\/dev.frantoiomuraglia.it\/fr\/wp-json\/wp\/v2\/product_cat?post=17296"},{"taxonomy":"product_tag","embeddable":true,"href":"https:\/\/dev.frantoiomuraglia.it\/fr\/wp-json\/wp\/v2\/product_tag?post=17296"}],"curies":[{"name":"wp","href":"https:\/\/api.w.org\/{rel}","templated":true}]}}