{"id":13459,"date":"2022-09-27T10:19:21","date_gmt":"2022-10-22T07:50:40","guid":{"rendered":"https:\/\/www.frantoiomuraglia.it\/product\/paquet-cadeau-pop-art\/"},"modified":"2025-02-12T18:35:07","modified_gmt":"2025-02-12T16:35:07","slug":"coffret-cadeaut-pop-art","status":"publish","type":"product","link":"https:\/\/dev.frantoiomuraglia.it\/fr\/produit\/coffret-cadeaut-pop-art\/","title":{"rendered":"Paquet cadeau &lsquo;Pop art&rsquo;"},"content":{"rendered":"<p>Pour votre cadeau, choisissez l&rsquo;excellence.<\/p>\n<p>Des coffrets cadeaux uniques disponibles exclusivement en ligne. L&rsquo;id\u00e9e de cadeau id\u00e9ale pour d\u00e9couvrir l&rsquo;atmosph\u00e8re du Frantoio Muraglia. Ce coffret enrichira votre table de produits de qualit\u00e9 et de beaucoup de couleurs, gr\u00e2ce au parfum de notre huile d&rsquo;olive extra vierge des Pouilles et aux couleurs de nos objets design artisanaux.<\/p>\n<p>Un paquet cadeau parfait pour mettre de la couleur sur les tables de la famille, des amis et des clients. Un panier de No\u00ebl ou un cadeau d&rsquo;entreprise qui fera plaisir, compos\u00e9 de quelques produits Frantoio Muraglia. Des objets iconiques peints \u00e0 la main et beaucoup d&rsquo;huile d&rsquo;olive extra vierge.<\/p>\n<p>Un colis compos\u00e9 de produits artisanaux. A l&rsquo;int\u00e9rieur du coffret cadeau se trouvent 3 pichets de la collection Pop Art : Pichet en c\u00e9ramique Prickly Pear 500 ml &#8211; Fruit\u00e9 intense. Pot en c\u00e9ramique Octopus 500 ml &#8211; Moyennement fruit\u00e9. Pot en c\u00e9ramique Sardines 500 ml &#8211; Fruit\u00e9 moyen.<\/p>\n<p>Ce coffret est compl\u00e9t\u00e9 par trois bols en c\u00e9ramique fabriqu\u00e9s et peints \u00e0 la main par des c\u00e9ramistes, parfaits pour d\u00e9guster l&rsquo;huile \u00e0 table ou servir de bonnes olives \u00e0 l&rsquo;ap\u00e9ritif.<\/p>\n","protected":false},"excerpt":{"rendered":"<p>Des coffrets cadeaux uniques disponibles exclusivement en ligne. La bo\u00eete cadeau Pop art est l&rsquo;id\u00e9e de cadeau id\u00e9ale pour d\u00e9couvrir l&rsquo;atmosph\u00e8re de Frantoio Muraglia. Nous enrichirons votre table de produits de qualit\u00e9 et de couleurs, gr\u00e2ce au parfum de notre huile d&rsquo;olive extra vierge et aux couleurs de nos objets design fabriqu\u00e9s \u00e0 la main.<\/p>\n<p>Un paquet cadeau parfait pour mettre de la couleur sur les tables de la famille, des amis et des clients. Un panier de No\u00ebl ou un cadeau d&rsquo;entreprise qui fera plaisir, compos\u00e9 de quelques produits Frantoio Muraglia. Des objets iconiques peints \u00e0 la main et beaucoup de bonne huile d&rsquo;olive.<\/p>\n<p>Un emballage 100 % artisanal. A l&rsquo;int\u00e9rieur du coffret cadeau se trouvent 3 pichets de la collection Pop Art : Pichet en c\u00e9ramique Prickly Pear 500 ml &#8211; Fruit\u00e9 intense. Pot en c\u00e9ramique Octopus 500 ml &#8211; Fruit\u00e9 intense. Pot en c\u00e9ramique Sardines 500 ml &#8211; Fruit\u00e9 moyen.<\/p>\n<p>Ce coffret est compl\u00e9t\u00e9 par trois bols en c\u00e9ramique fabriqu\u00e9s et peints \u00e0 la main par des c\u00e9ramistes, parfaits pour d\u00e9guster l&rsquo;huile \u00e0 table ou servir de bonnes olives.<\/p>\n","protected":false},"featured_media":13364,"template":"","meta":{"_acf_changed":false},"product_cat":[201,134,357],"product_tag":[214],"class_list":{"0":"post-13459","1":"product","2":"type-product","3":"status-publish","4":"has-post-thumbnail","6":"product_cat-idees-de-cadeaux","7":"product_cat-jarres","8":"product_cat-pop-art-fr","9":"product_tag-tpl_no_category-fr","11":"first","12":"instock","13":"taxable","14":"shipping-taxable","15":"purchasable","16":"product-type-simple"},"acf":[],"yoast_head":"<!-- This site is optimized with the Yoast SEO plugin v26.8 - https:\/\/yoast.com\/product\/yoast-seo-wordpress\/ -->\n<title>Paquet cadeau &#039;Pop art&#039; - Frantoio Muraglia<\/title>\n<meta name=\"description\" content=\"Des coffrets cadeaux uniques disponibles exclusivement en ligne. L&#039;id\u00e9e de cadeau id\u00e9ale pour d\u00e9couvrir l&#039;atmosph\u00e8re du Frantoio Muraglia. Nous enrichirons votre table de produits de qualit\u00e9 et de couleurs, gr\u00e2ce au parfum de notre huile d&#039;olive extra vierge et aux couleurs de nos objets design fabriqu\u00e9s \u00e0 la main.\" \/>\n<meta name=\"robots\" content=\"noindex, follow, max-snippet:-1, max-image-preview:large, max-video-preview:-1\" \/>\n<meta property=\"og:locale\" content=\"fr_FR\" \/>\n<meta property=\"og:type\" content=\"article\" \/>\n<meta property=\"og:title\" content=\"Paquet cadeau &#039;Pop art&#039; - Frantoio Muraglia\" \/>\n<meta property=\"og:description\" content=\"Des coffrets cadeaux uniques disponibles exclusivement en ligne. L&#039;id\u00e9e de cadeau id\u00e9ale pour d\u00e9couvrir l&#039;atmosph\u00e8re du Frantoio Muraglia. Nous enrichirons votre table de produits de qualit\u00e9 et de couleurs, gr\u00e2ce au parfum de notre huile d&#039;olive extra vierge et aux couleurs de nos objets design fabriqu\u00e9s \u00e0 la main.\" \/>\n<meta property=\"og:url\" content=\"https:\/\/dev.frantoiomuraglia.it\/fr\/produit\/coffret-cadeaut-pop-art\/\" \/>\n<meta property=\"og:site_name\" content=\"Frantoio Muraglia\" \/>\n<meta property=\"article:modified_time\" content=\"2025-02-12T16:35:07+00:00\" \/>\n<meta property=\"og:image\" content=\"https:\/\/dev.frantoiomuraglia.it\/wp-content\/uploads\/2022\/09\/Schermata-2022-10-14-alle-16.08.47.png\" \/>\n\t<meta property=\"og:image:width\" content=\"2244\" \/>\n\t<meta property=\"og:image:height\" content=\"2090\" \/>\n\t<meta property=\"og:image:type\" content=\"image\/png\" \/>\n<meta name=\"twitter:card\" content=\"summary_large_image\" \/>\n<script type=\"application\/ld+json\" class=\"yoast-schema-graph\">{\"@context\":\"https:\/\/schema.org\",\"@graph\":[{\"@type\":\"WebPage\",\"@id\":\"https:\/\/dev.frantoiomuraglia.it\/fr\/produit\/coffret-cadeaut-pop-art\/\",\"url\":\"https:\/\/dev.frantoiomuraglia.it\/fr\/produit\/coffret-cadeaut-pop-art\/\",\"name\":\"Paquet cadeau 'Pop art' - Frantoio Muraglia\",\"isPartOf\":{\"@id\":\"https:\/\/dev.frantoiomuraglia.it\/fr\/#website\"},\"primaryImageOfPage\":{\"@id\":\"https:\/\/dev.frantoiomuraglia.it\/fr\/produit\/coffret-cadeaut-pop-art\/#primaryimage\"},\"image\":{\"@id\":\"https:\/\/dev.frantoiomuraglia.it\/fr\/produit\/coffret-cadeaut-pop-art\/#primaryimage\"},\"thumbnailUrl\":\"https:\/\/dev.frantoiomuraglia.it\/wp-content\/uploads\/2022\/09\/Schermata-2022-10-14-alle-16.08.47.png\",\"datePublished\":\"2022-10-22T07:50:40+00:00\",\"dateModified\":\"2025-02-12T16:35:07+00:00\",\"description\":\"Des coffrets cadeaux uniques disponibles exclusivement en ligne. L'id\u00e9e de cadeau id\u00e9ale pour d\u00e9couvrir l'atmosph\u00e8re du Frantoio Muraglia. Nous enrichirons votre table de produits de qualit\u00e9 et de couleurs, gr\u00e2ce au parfum de notre huile d'olive extra vierge et aux couleurs de nos objets design fabriqu\u00e9s \u00e0 la main.\",\"breadcrumb\":{\"@id\":\"https:\/\/dev.frantoiomuraglia.it\/fr\/produit\/coffret-cadeaut-pop-art\/#breadcrumb\"},\"inLanguage\":\"fr-FR\",\"potentialAction\":[{\"@type\":\"ReadAction\",\"target\":[\"https:\/\/dev.frantoiomuraglia.it\/fr\/produit\/coffret-cadeaut-pop-art\/\"]}]},{\"@type\":\"ImageObject\",\"inLanguage\":\"fr-FR\",\"@id\":\"https:\/\/dev.frantoiomuraglia.it\/fr\/produit\/coffret-cadeaut-pop-art\/#primaryimage\",\"url\":\"https:\/\/dev.frantoiomuraglia.it\/wp-content\/uploads\/2022\/09\/Schermata-2022-10-14-alle-16.08.47.png\",\"contentUrl\":\"https:\/\/dev.frantoiomuraglia.it\/wp-content\/uploads\/2022\/09\/Schermata-2022-10-14-alle-16.08.47.png\",\"width\":2244,\"height\":2090},{\"@type\":\"BreadcrumbList\",\"@id\":\"https:\/\/dev.frantoiomuraglia.it\/fr\/produit\/coffret-cadeaut-pop-art\/#breadcrumb\",\"itemListElement\":[{\"@type\":\"ListItem\",\"position\":1,\"name\":\"Home\",\"item\":\"https:\/\/dev.frantoiomuraglia.it\/fr\/\"},{\"@type\":\"ListItem\",\"position\":2,\"name\":\"Boutique\",\"item\":\"https:\/\/dev.frantoiomuraglia.it\/fr\/boutique\/\"},{\"@type\":\"ListItem\",\"position\":3,\"name\":\"Paquet cadeau &lsquo;Pop art&rsquo;\"}]},{\"@type\":\"WebSite\",\"@id\":\"https:\/\/dev.frantoiomuraglia.it\/fr\/#website\",\"url\":\"https:\/\/dev.frantoiomuraglia.it\/fr\/\",\"name\":\"Frantoio Muraglia\",\"description\":\"Just another WordPress site\",\"publisher\":{\"@id\":\"https:\/\/dev.frantoiomuraglia.it\/fr\/#organization\"},\"potentialAction\":[{\"@type\":\"SearchAction\",\"target\":{\"@type\":\"EntryPoint\",\"urlTemplate\":\"https:\/\/dev.frantoiomuraglia.it\/fr\/?s={search_term_string}\"},\"query-input\":{\"@type\":\"PropertyValueSpecification\",\"valueRequired\":true,\"valueName\":\"search_term_string\"}}],\"inLanguage\":\"fr-FR\"},{\"@type\":\"Organization\",\"@id\":\"https:\/\/dev.frantoiomuraglia.it\/fr\/#organization\",\"name\":\"Frantoio Muraglia\",\"url\":\"https:\/\/dev.frantoiomuraglia.it\/fr\/\",\"logo\":{\"@type\":\"ImageObject\",\"inLanguage\":\"fr-FR\",\"@id\":\"https:\/\/dev.frantoiomuraglia.it\/fr\/#\/schema\/logo\/image\/\",\"url\":\"https:\/\/www.frantoiomuraglia.it\/wp-content\/uploads\/2022\/06\/Logo-Frantoio-Muraglia-black-email.jpg\",\"contentUrl\":\"https:\/\/www.frantoiomuraglia.it\/wp-content\/uploads\/2022\/06\/Logo-Frantoio-Muraglia-black-email.jpg\",\"width\":326,\"height\":150,\"caption\":\"Frantoio Muraglia\"},\"image\":{\"@id\":\"https:\/\/dev.frantoiomuraglia.it\/fr\/#\/schema\/logo\/image\/\"}}]}<\/script>\n<!-- \/ Yoast SEO plugin. -->","yoast_head_json":{"title":"Paquet cadeau 'Pop art' - Frantoio Muraglia","description":"Des coffrets cadeaux uniques disponibles exclusivement en ligne. L'id\u00e9e de cadeau id\u00e9ale pour d\u00e9couvrir l'atmosph\u00e8re du Frantoio Muraglia. Nous enrichirons votre table de produits de qualit\u00e9 et de couleurs, gr\u00e2ce au parfum de notre huile d'olive extra vierge et aux couleurs de nos objets design fabriqu\u00e9s \u00e0 la main.","robots":{"index":"noindex","follow":"follow","max-snippet":"max-snippet:-1","max-image-preview":"max-image-preview:large","max-video-preview":"max-video-preview:-1"},"og_locale":"fr_FR","og_type":"article","og_title":"Paquet cadeau 'Pop art' - Frantoio Muraglia","og_description":"Des coffrets cadeaux uniques disponibles exclusivement en ligne. L'id\u00e9e de cadeau id\u00e9ale pour d\u00e9couvrir l'atmosph\u00e8re du Frantoio Muraglia. Nous enrichirons votre table de produits de qualit\u00e9 et de couleurs, gr\u00e2ce au parfum de notre huile d'olive extra vierge et aux couleurs de nos objets design fabriqu\u00e9s \u00e0 la main.","og_url":"https:\/\/dev.frantoiomuraglia.it\/fr\/produit\/coffret-cadeaut-pop-art\/","og_site_name":"Frantoio Muraglia","article_modified_time":"2025-02-12T16:35:07+00:00","og_image":[{"width":2244,"height":2090,"url":"https:\/\/dev.frantoiomuraglia.it\/wp-content\/uploads\/2022\/09\/Schermata-2022-10-14-alle-16.08.47.png","type":"image\/png"}],"twitter_card":"summary_large_image","schema":{"@context":"https:\/\/schema.org","@graph":[{"@type":"WebPage","@id":"https:\/\/dev.frantoiomuraglia.it\/fr\/produit\/coffret-cadeaut-pop-art\/","url":"https:\/\/dev.frantoiomuraglia.it\/fr\/produit\/coffret-cadeaut-pop-art\/","name":"Paquet cadeau 'Pop art' - Frantoio Muraglia","isPartOf":{"@id":"https:\/\/dev.frantoiomuraglia.it\/fr\/#website"},"primaryImageOfPage":{"@id":"https:\/\/dev.frantoiomuraglia.it\/fr\/produit\/coffret-cadeaut-pop-art\/#primaryimage"},"image":{"@id":"https:\/\/dev.frantoiomuraglia.it\/fr\/produit\/coffret-cadeaut-pop-art\/#primaryimage"},"thumbnailUrl":"https:\/\/dev.frantoiomuraglia.it\/wp-content\/uploads\/2022\/09\/Schermata-2022-10-14-alle-16.08.47.png","datePublished":"2022-10-22T07:50:40+00:00","dateModified":"2025-02-12T16:35:07+00:00","description":"Des coffrets cadeaux uniques disponibles exclusivement en ligne. L'id\u00e9e de cadeau id\u00e9ale pour d\u00e9couvrir l'atmosph\u00e8re du Frantoio Muraglia. Nous enrichirons votre table de produits de qualit\u00e9 et de couleurs, gr\u00e2ce au parfum de notre huile d'olive extra vierge et aux couleurs de nos objets design fabriqu\u00e9s \u00e0 la main.","breadcrumb":{"@id":"https:\/\/dev.frantoiomuraglia.it\/fr\/produit\/coffret-cadeaut-pop-art\/#breadcrumb"},"inLanguage":"fr-FR","potentialAction":[{"@type":"ReadAction","target":["https:\/\/dev.frantoiomuraglia.it\/fr\/produit\/coffret-cadeaut-pop-art\/"]}]},{"@type":"ImageObject","inLanguage":"fr-FR","@id":"https:\/\/dev.frantoiomuraglia.it\/fr\/produit\/coffret-cadeaut-pop-art\/#primaryimage","url":"https:\/\/dev.frantoiomuraglia.it\/wp-content\/uploads\/2022\/09\/Schermata-2022-10-14-alle-16.08.47.png","contentUrl":"https:\/\/dev.frantoiomuraglia.it\/wp-content\/uploads\/2022\/09\/Schermata-2022-10-14-alle-16.08.47.png","width":2244,"height":2090},{"@type":"BreadcrumbList","@id":"https:\/\/dev.frantoiomuraglia.it\/fr\/produit\/coffret-cadeaut-pop-art\/#breadcrumb","itemListElement":[{"@type":"ListItem","position":1,"name":"Home","item":"https:\/\/dev.frantoiomuraglia.it\/fr\/"},{"@type":"ListItem","position":2,"name":"Boutique","item":"https:\/\/dev.frantoiomuraglia.it\/fr\/boutique\/"},{"@type":"ListItem","position":3,"name":"Paquet cadeau &lsquo;Pop art&rsquo;"}]},{"@type":"WebSite","@id":"https:\/\/dev.frantoiomuraglia.it\/fr\/#website","url":"https:\/\/dev.frantoiomuraglia.it\/fr\/","name":"Frantoio Muraglia","description":"Just another WordPress site","publisher":{"@id":"https:\/\/dev.frantoiomuraglia.it\/fr\/#organization"},"potentialAction":[{"@type":"SearchAction","target":{"@type":"EntryPoint","urlTemplate":"https:\/\/dev.frantoiomuraglia.it\/fr\/?s={search_term_string}"},"query-input":{"@type":"PropertyValueSpecification","valueRequired":true,"valueName":"search_term_string"}}],"inLanguage":"fr-FR"},{"@type":"Organization","@id":"https:\/\/dev.frantoiomuraglia.it\/fr\/#organization","name":"Frantoio Muraglia","url":"https:\/\/dev.frantoiomuraglia.it\/fr\/","logo":{"@type":"ImageObject","inLanguage":"fr-FR","@id":"https:\/\/dev.frantoiomuraglia.it\/fr\/#\/schema\/logo\/image\/","url":"https:\/\/www.frantoiomuraglia.it\/wp-content\/uploads\/2022\/06\/Logo-Frantoio-Muraglia-black-email.jpg","contentUrl":"https:\/\/www.frantoiomuraglia.it\/wp-content\/uploads\/2022\/06\/Logo-Frantoio-Muraglia-black-email.jpg","width":326,"height":150,"caption":"Frantoio Muraglia"},"image":{"@id":"https:\/\/dev.frantoiomuraglia.it\/fr\/#\/schema\/logo\/image\/"}}]}},"_links":{"self":[{"href":"https:\/\/dev.frantoiomuraglia.it\/fr\/wp-json\/wp\/v2\/product\/13459","targetHints":{"allow":["GET"]}}],"collection":[{"href":"https:\/\/dev.frantoiomuraglia.it\/fr\/wp-json\/wp\/v2\/product"}],"about":[{"href":"https:\/\/dev.frantoiomuraglia.it\/fr\/wp-json\/wp\/v2\/types\/product"}],"wp:featuredmedia":[{"embeddable":true,"href":"https:\/\/dev.frantoiomuraglia.it\/fr\/wp-json\/wp\/v2\/media\/13364"}],"wp:attachment":[{"href":"https:\/\/dev.frantoiomuraglia.it\/fr\/wp-json\/wp\/v2\/media?parent=13459"}],"wp:term":[{"taxonomy":"product_cat","embeddable":true,"href":"https:\/\/dev.frantoiomuraglia.it\/fr\/wp-json\/wp\/v2\/product_cat?post=13459"},{"taxonomy":"product_tag","embeddable":true,"href":"https:\/\/dev.frantoiomuraglia.it\/fr\/wp-json\/wp\/v2\/product_tag?post=13459"}],"curies":[{"name":"wp","href":"https:\/\/api.w.org\/{rel}","templated":true}]}}