{"id":13449,"date":"2022-09-13T18:42:03","date_gmt":"2022-10-21T14:40:36","guid":{"rendered":"https:\/\/www.frantoiomuraglia.it\/product\/coffret-cadeau-olio-evo-selection\/"},"modified":"2025-06-16T10:59:04","modified_gmt":"2025-06-16T08:59:04","slug":"coffret-cadeaux-muraglia","status":"publish","type":"product","link":"https:\/\/dev.frantoiomuraglia.it\/fr\/produit\/coffret-cadeaux-muraglia\/","title":{"rendered":"Coffret cadeau &lsquo;Olio Evo Selection&rsquo;"},"content":{"rendered":"<p>Pour votre cadeau, choisissez l&rsquo;excellence.<\/p>\n<p>Des coffrets cadeaux uniques disponibles exclusivement en ligne. Parfaits comme id\u00e9e cadeau pour impressionner et faire vivre l&rsquo;exp\u00e9rience du moulin \u00e0 huile Muraglia. Qualit\u00e9 et couleur pour enrichir la table, agr\u00e9menter les plats avec de l&rsquo;huile d&rsquo;olive extra vierge et d\u00e9corer la maison. Une id\u00e9e de panier de No\u00ebl simple, rempli de produits de haute qualit\u00e9, pour un cadeau de No\u00ebl, un cadeau d&rsquo;entreprise ou une \u00e9trenne pour diverses occasions.<\/p>\n<p>La bo\u00eete contient deux packs de nos huiles d&rsquo;olive extra vierges: un bidon arc-en-ciel de 250 ml avec Fruit\u00e9 intense et une essence avec Fruit\u00e9 moyen, deux saveurs diff\u00e9rentes, obtenues \u00e0 partir de diff\u00e9rentes qualit\u00e9s d&rsquo;olives, afin d&rsquo;appr\u00e9cier toute la vari\u00e9t\u00e9 que l&rsquo;on peut obtenir d&rsquo;une huile produite de mani\u00e8re artisanale.<\/p>\n<p>Pour compl\u00e9ter la d\u00e9gustation, une bouteille de 250 ml de notre huile biologique, issue d&rsquo;olives de la vari\u00e9t\u00e9 Coratina, et deux de nos huiles aromatiques naturels: piment et citron. La touche de couleur est apport\u00e9e par l&rsquo;arc-en-ciel qui caract\u00e9rise deux petits bols en c\u00e9ramique fabriqu\u00e9s et peints \u00e0 la main par des c\u00e9ramistes, parfaits pour d\u00e9guster l&rsquo;huile \u00e0 table ou servir de bonnes olives.<\/p>\n","protected":false},"excerpt":{"rendered":"<p>Des coffrets cadeaux uniques disponibles exclusivement en ligne. Parfaits comme id\u00e9e cadeau pour impressionner et faire vivre l&rsquo;exp\u00e9rience du moulin \u00e0 huile Muraglia. Qualit\u00e9 et couleur pour enrichir la table, agr\u00e9menter les plats avec de l&rsquo;huile d&rsquo;olive extra vierge et d\u00e9corer la maison. Une id\u00e9e de panier de No\u00ebl simple, rempli de produits de haute qualit\u00e9, pour un cadeau de No\u00ebl, un cadeau d&rsquo;entreprise ou une \u00e9trenne pour diverses occasions.<\/p>\n<p>La bo\u00eete contient deux packs de nos huiles d&rsquo;olive extra vierges: un bidon arc-en-ciel de 250 ml avec Fruit\u00e9 intense et une essence avec Fruit\u00e9 moyen, deux saveurs diff\u00e9rentes, obtenues \u00e0 partir de diff\u00e9rentes qualit\u00e9s d&rsquo;olives, afin d&rsquo;appr\u00e9cier toute la vari\u00e9t\u00e9 que l&rsquo;on peut obtenir d&rsquo;une huile produite de mani\u00e8re artisanale.<\/p>\n<p>Pour compl\u00e9ter la d\u00e9gustation, une bouteille de 250 ml de notre huile d\u00e9noyaut\u00e9e d&rsquo;olives Coratina et deux de nos ar\u00f4mes naturels : piment et citron. La touche de couleur est apport\u00e9e par l&rsquo;arc-en-ciel qui caract\u00e9rise deux petits bols en c\u00e9ramique fabriqu\u00e9s et peints \u00e0 la main par des c\u00e9ramistes, parfaits pour d\u00e9guster l&rsquo;huile \u00e0 table ou servir de bonnes olives.<\/p>\n","protected":false},"featured_media":39744,"template":"","meta":{"_acf_changed":false},"product_cat":[201],"product_tag":[214],"class_list":{"0":"post-13449","1":"product","2":"type-product","3":"status-publish","4":"has-post-thumbnail","6":"product_cat-idees-de-cadeaux","7":"product_tag-tpl_no_category-fr","9":"first","10":"instock","11":"taxable","12":"shipping-taxable","13":"purchasable","14":"product-type-simple"},"acf":[],"yoast_head":"<!-- This site is optimized with the Yoast SEO plugin v26.8 - https:\/\/yoast.com\/product\/yoast-seo-wordpress\/ -->\n<title>Coffret cadeau &#039;Olio Evo Selection&#039; - Frantoio Muraglia<\/title>\n<meta name=\"robots\" content=\"noindex, follow, max-snippet:-1, max-image-preview:large, max-video-preview:-1\" \/>\n<meta property=\"og:locale\" content=\"fr_FR\" \/>\n<meta property=\"og:type\" content=\"article\" \/>\n<meta property=\"og:title\" content=\"Coffret cadeau &#039;Olio Evo Selection&#039; - Frantoio Muraglia\" \/>\n<meta property=\"og:description\" content=\"Des coffrets cadeaux uniques disponibles exclusivement en ligne. Parfaits comme id\u00e9e cadeau pour impressionner et faire vivre l&#039;exp\u00e9rience du moulin \u00e0 huile Muraglia. Qualit\u00e9 et couleur pour enrichir la table, agr\u00e9menter les plats avec de l&#039;huile d&#039;olive extra vierge et d\u00e9corer la maison. Une id\u00e9e de panier de No\u00ebl simple, rempli de produits de haute qualit\u00e9, pour un cadeau de No\u00ebl, un cadeau d&#039;entreprise ou une \u00e9trenne pour diverses occasions. La bo\u00eete contient deux packs de nos huiles d&#039;olive extra vierges: un bidon arc-en-ciel de 250 ml avec Fruit\u00e9 intense et une essence avec Fruit\u00e9 moyen, deux saveurs diff\u00e9rentes, obtenues \u00e0 partir de diff\u00e9rentes qualit\u00e9s d&#039;olives, afin d&#039;appr\u00e9cier toute la vari\u00e9t\u00e9 que l&#039;on peut obtenir d&#039;une huile produite de mani\u00e8re artisanale. Pour compl\u00e9ter la d\u00e9gustation, une bouteille de 250 ml de notre huile d\u00e9noyaut\u00e9e d&#039;olives Coratina et deux de nos ar\u00f4mes naturels : piment et citron. La touche de couleur est apport\u00e9e par l&#039;arc-en-ciel qui caract\u00e9rise deux petits bols en c\u00e9ramique fabriqu\u00e9s et peints \u00e0 la main par des c\u00e9ramistes, parfaits pour d\u00e9guster l&#039;huile \u00e0 table ou servir de bonnes olives.\" \/>\n<meta property=\"og:url\" content=\"https:\/\/dev.frantoiomuraglia.it\/fr\/produit\/coffret-cadeaux-muraglia\/\" \/>\n<meta property=\"og:site_name\" content=\"Frantoio Muraglia\" \/>\n<meta property=\"article:modified_time\" content=\"2025-06-16T08:59:04+00:00\" \/>\n<meta property=\"og:image\" content=\"https:\/\/dev.frantoiomuraglia.it\/wp-content\/uploads\/2022\/09\/Olio-Evo-Selection_3_2025_con-BIO.jpg\" \/>\n\t<meta property=\"og:image:width\" content=\"2180\" \/>\n\t<meta property=\"og:image:height\" content=\"2294\" \/>\n\t<meta property=\"og:image:type\" content=\"image\/jpeg\" \/>\n<meta name=\"twitter:card\" content=\"summary_large_image\" \/>\n<script type=\"application\/ld+json\" class=\"yoast-schema-graph\">{\"@context\":\"https:\/\/schema.org\",\"@graph\":[{\"@type\":\"WebPage\",\"@id\":\"https:\/\/dev.frantoiomuraglia.it\/fr\/produit\/coffret-cadeaux-muraglia\/\",\"url\":\"https:\/\/dev.frantoiomuraglia.it\/fr\/produit\/coffret-cadeaux-muraglia\/\",\"name\":\"Coffret cadeau 'Olio Evo Selection' - Frantoio Muraglia\",\"isPartOf\":{\"@id\":\"https:\/\/dev.frantoiomuraglia.it\/fr\/#website\"},\"primaryImageOfPage\":{\"@id\":\"https:\/\/dev.frantoiomuraglia.it\/fr\/produit\/coffret-cadeaux-muraglia\/#primaryimage\"},\"image\":{\"@id\":\"https:\/\/dev.frantoiomuraglia.it\/fr\/produit\/coffret-cadeaux-muraglia\/#primaryimage\"},\"thumbnailUrl\":\"https:\/\/dev.frantoiomuraglia.it\/wp-content\/uploads\/2022\/09\/Olio-Evo-Selection_3_2025_con-BIO.jpg\",\"datePublished\":\"2022-10-21T14:40:36+00:00\",\"dateModified\":\"2025-06-16T08:59:04+00:00\",\"breadcrumb\":{\"@id\":\"https:\/\/dev.frantoiomuraglia.it\/fr\/produit\/coffret-cadeaux-muraglia\/#breadcrumb\"},\"inLanguage\":\"fr-FR\",\"potentialAction\":[{\"@type\":\"ReadAction\",\"target\":[\"https:\/\/dev.frantoiomuraglia.it\/fr\/produit\/coffret-cadeaux-muraglia\/\"]}]},{\"@type\":\"ImageObject\",\"inLanguage\":\"fr-FR\",\"@id\":\"https:\/\/dev.frantoiomuraglia.it\/fr\/produit\/coffret-cadeaux-muraglia\/#primaryimage\",\"url\":\"https:\/\/dev.frantoiomuraglia.it\/wp-content\/uploads\/2022\/09\/Olio-Evo-Selection_3_2025_con-BIO.jpg\",\"contentUrl\":\"https:\/\/dev.frantoiomuraglia.it\/wp-content\/uploads\/2022\/09\/Olio-Evo-Selection_3_2025_con-BIO.jpg\",\"width\":2180,\"height\":2294},{\"@type\":\"BreadcrumbList\",\"@id\":\"https:\/\/dev.frantoiomuraglia.it\/fr\/produit\/coffret-cadeaux-muraglia\/#breadcrumb\",\"itemListElement\":[{\"@type\":\"ListItem\",\"position\":1,\"name\":\"Home\",\"item\":\"https:\/\/dev.frantoiomuraglia.it\/fr\/\"},{\"@type\":\"ListItem\",\"position\":2,\"name\":\"Boutique\",\"item\":\"https:\/\/dev.frantoiomuraglia.it\/fr\/boutique\/\"},{\"@type\":\"ListItem\",\"position\":3,\"name\":\"Coffret cadeau &lsquo;Olio Evo Selection&rsquo;\"}]},{\"@type\":\"WebSite\",\"@id\":\"https:\/\/dev.frantoiomuraglia.it\/fr\/#website\",\"url\":\"https:\/\/dev.frantoiomuraglia.it\/fr\/\",\"name\":\"Frantoio Muraglia\",\"description\":\"Just another WordPress site\",\"publisher\":{\"@id\":\"https:\/\/dev.frantoiomuraglia.it\/fr\/#organization\"},\"potentialAction\":[{\"@type\":\"SearchAction\",\"target\":{\"@type\":\"EntryPoint\",\"urlTemplate\":\"https:\/\/dev.frantoiomuraglia.it\/fr\/?s={search_term_string}\"},\"query-input\":{\"@type\":\"PropertyValueSpecification\",\"valueRequired\":true,\"valueName\":\"search_term_string\"}}],\"inLanguage\":\"fr-FR\"},{\"@type\":\"Organization\",\"@id\":\"https:\/\/dev.frantoiomuraglia.it\/fr\/#organization\",\"name\":\"Frantoio Muraglia\",\"url\":\"https:\/\/dev.frantoiomuraglia.it\/fr\/\",\"logo\":{\"@type\":\"ImageObject\",\"inLanguage\":\"fr-FR\",\"@id\":\"https:\/\/dev.frantoiomuraglia.it\/fr\/#\/schema\/logo\/image\/\",\"url\":\"https:\/\/www.frantoiomuraglia.it\/wp-content\/uploads\/2022\/06\/Logo-Frantoio-Muraglia-black-email.jpg\",\"contentUrl\":\"https:\/\/www.frantoiomuraglia.it\/wp-content\/uploads\/2022\/06\/Logo-Frantoio-Muraglia-black-email.jpg\",\"width\":326,\"height\":150,\"caption\":\"Frantoio Muraglia\"},\"image\":{\"@id\":\"https:\/\/dev.frantoiomuraglia.it\/fr\/#\/schema\/logo\/image\/\"}}]}<\/script>\n<!-- \/ Yoast SEO plugin. -->","yoast_head_json":{"title":"Coffret cadeau 'Olio Evo Selection' - Frantoio Muraglia","robots":{"index":"noindex","follow":"follow","max-snippet":"max-snippet:-1","max-image-preview":"max-image-preview:large","max-video-preview":"max-video-preview:-1"},"og_locale":"fr_FR","og_type":"article","og_title":"Coffret cadeau 'Olio Evo Selection' - Frantoio Muraglia","og_description":"Des coffrets cadeaux uniques disponibles exclusivement en ligne. Parfaits comme id\u00e9e cadeau pour impressionner et faire vivre l'exp\u00e9rience du moulin \u00e0 huile Muraglia. Qualit\u00e9 et couleur pour enrichir la table, agr\u00e9menter les plats avec de l'huile d'olive extra vierge et d\u00e9corer la maison. Une id\u00e9e de panier de No\u00ebl simple, rempli de produits de haute qualit\u00e9, pour un cadeau de No\u00ebl, un cadeau d'entreprise ou une \u00e9trenne pour diverses occasions. La bo\u00eete contient deux packs de nos huiles d'olive extra vierges: un bidon arc-en-ciel de 250 ml avec Fruit\u00e9 intense et une essence avec Fruit\u00e9 moyen, deux saveurs diff\u00e9rentes, obtenues \u00e0 partir de diff\u00e9rentes qualit\u00e9s d'olives, afin d'appr\u00e9cier toute la vari\u00e9t\u00e9 que l'on peut obtenir d'une huile produite de mani\u00e8re artisanale. Pour compl\u00e9ter la d\u00e9gustation, une bouteille de 250 ml de notre huile d\u00e9noyaut\u00e9e d'olives Coratina et deux de nos ar\u00f4mes naturels : piment et citron. La touche de couleur est apport\u00e9e par l'arc-en-ciel qui caract\u00e9rise deux petits bols en c\u00e9ramique fabriqu\u00e9s et peints \u00e0 la main par des c\u00e9ramistes, parfaits pour d\u00e9guster l'huile \u00e0 table ou servir de bonnes olives.","og_url":"https:\/\/dev.frantoiomuraglia.it\/fr\/produit\/coffret-cadeaux-muraglia\/","og_site_name":"Frantoio Muraglia","article_modified_time":"2025-06-16T08:59:04+00:00","og_image":[{"width":2180,"height":2294,"url":"https:\/\/dev.frantoiomuraglia.it\/wp-content\/uploads\/2022\/09\/Olio-Evo-Selection_3_2025_con-BIO.jpg","type":"image\/jpeg"}],"twitter_card":"summary_large_image","schema":{"@context":"https:\/\/schema.org","@graph":[{"@type":"WebPage","@id":"https:\/\/dev.frantoiomuraglia.it\/fr\/produit\/coffret-cadeaux-muraglia\/","url":"https:\/\/dev.frantoiomuraglia.it\/fr\/produit\/coffret-cadeaux-muraglia\/","name":"Coffret cadeau 'Olio Evo Selection' - Frantoio Muraglia","isPartOf":{"@id":"https:\/\/dev.frantoiomuraglia.it\/fr\/#website"},"primaryImageOfPage":{"@id":"https:\/\/dev.frantoiomuraglia.it\/fr\/produit\/coffret-cadeaux-muraglia\/#primaryimage"},"image":{"@id":"https:\/\/dev.frantoiomuraglia.it\/fr\/produit\/coffret-cadeaux-muraglia\/#primaryimage"},"thumbnailUrl":"https:\/\/dev.frantoiomuraglia.it\/wp-content\/uploads\/2022\/09\/Olio-Evo-Selection_3_2025_con-BIO.jpg","datePublished":"2022-10-21T14:40:36+00:00","dateModified":"2025-06-16T08:59:04+00:00","breadcrumb":{"@id":"https:\/\/dev.frantoiomuraglia.it\/fr\/produit\/coffret-cadeaux-muraglia\/#breadcrumb"},"inLanguage":"fr-FR","potentialAction":[{"@type":"ReadAction","target":["https:\/\/dev.frantoiomuraglia.it\/fr\/produit\/coffret-cadeaux-muraglia\/"]}]},{"@type":"ImageObject","inLanguage":"fr-FR","@id":"https:\/\/dev.frantoiomuraglia.it\/fr\/produit\/coffret-cadeaux-muraglia\/#primaryimage","url":"https:\/\/dev.frantoiomuraglia.it\/wp-content\/uploads\/2022\/09\/Olio-Evo-Selection_3_2025_con-BIO.jpg","contentUrl":"https:\/\/dev.frantoiomuraglia.it\/wp-content\/uploads\/2022\/09\/Olio-Evo-Selection_3_2025_con-BIO.jpg","width":2180,"height":2294},{"@type":"BreadcrumbList","@id":"https:\/\/dev.frantoiomuraglia.it\/fr\/produit\/coffret-cadeaux-muraglia\/#breadcrumb","itemListElement":[{"@type":"ListItem","position":1,"name":"Home","item":"https:\/\/dev.frantoiomuraglia.it\/fr\/"},{"@type":"ListItem","position":2,"name":"Boutique","item":"https:\/\/dev.frantoiomuraglia.it\/fr\/boutique\/"},{"@type":"ListItem","position":3,"name":"Coffret cadeau &lsquo;Olio Evo Selection&rsquo;"}]},{"@type":"WebSite","@id":"https:\/\/dev.frantoiomuraglia.it\/fr\/#website","url":"https:\/\/dev.frantoiomuraglia.it\/fr\/","name":"Frantoio Muraglia","description":"Just another WordPress site","publisher":{"@id":"https:\/\/dev.frantoiomuraglia.it\/fr\/#organization"},"potentialAction":[{"@type":"SearchAction","target":{"@type":"EntryPoint","urlTemplate":"https:\/\/dev.frantoiomuraglia.it\/fr\/?s={search_term_string}"},"query-input":{"@type":"PropertyValueSpecification","valueRequired":true,"valueName":"search_term_string"}}],"inLanguage":"fr-FR"},{"@type":"Organization","@id":"https:\/\/dev.frantoiomuraglia.it\/fr\/#organization","name":"Frantoio Muraglia","url":"https:\/\/dev.frantoiomuraglia.it\/fr\/","logo":{"@type":"ImageObject","inLanguage":"fr-FR","@id":"https:\/\/dev.frantoiomuraglia.it\/fr\/#\/schema\/logo\/image\/","url":"https:\/\/www.frantoiomuraglia.it\/wp-content\/uploads\/2022\/06\/Logo-Frantoio-Muraglia-black-email.jpg","contentUrl":"https:\/\/www.frantoiomuraglia.it\/wp-content\/uploads\/2022\/06\/Logo-Frantoio-Muraglia-black-email.jpg","width":326,"height":150,"caption":"Frantoio Muraglia"},"image":{"@id":"https:\/\/dev.frantoiomuraglia.it\/fr\/#\/schema\/logo\/image\/"}}]}},"_links":{"self":[{"href":"https:\/\/dev.frantoiomuraglia.it\/fr\/wp-json\/wp\/v2\/product\/13449","targetHints":{"allow":["GET"]}}],"collection":[{"href":"https:\/\/dev.frantoiomuraglia.it\/fr\/wp-json\/wp\/v2\/product"}],"about":[{"href":"https:\/\/dev.frantoiomuraglia.it\/fr\/wp-json\/wp\/v2\/types\/product"}],"wp:featuredmedia":[{"embeddable":true,"href":"https:\/\/dev.frantoiomuraglia.it\/fr\/wp-json\/wp\/v2\/media\/39744"}],"wp:attachment":[{"href":"https:\/\/dev.frantoiomuraglia.it\/fr\/wp-json\/wp\/v2\/media?parent=13449"}],"wp:term":[{"taxonomy":"product_cat","embeddable":true,"href":"https:\/\/dev.frantoiomuraglia.it\/fr\/wp-json\/wp\/v2\/product_cat?post=13449"},{"taxonomy":"product_tag","embeddable":true,"href":"https:\/\/dev.frantoiomuraglia.it\/fr\/wp-json\/wp\/v2\/product_tag?post=13449"}],"curies":[{"name":"wp","href":"https:\/\/api.w.org\/{rel}","templated":true}]}}