{"id":7182,"date":"2022-05-12T10:03:17","date_gmt":"2022-05-12T10:03:17","guid":{"rendered":"https:\/\/dev.frantoiomuraglia.it\/politique-de-confidentialite\/"},"modified":"2023-10-11T11:27:55","modified_gmt":"2023-10-11T09:27:55","slug":"politique-de-confidentialite","status":"publish","type":"page","link":"https:\/\/dev.frantoiomuraglia.it\/fr\/politique-de-confidentialite\/","title":{"rendered":"Politique de confidentialit\u00e9"},"content":{"rendered":"\t\t<div data-elementor-type=\"wp-page\" data-elementor-id=\"7182\" class=\"elementor elementor-7182 elementor-3\" data-elementor-post-type=\"page\">\n\t\t\t\t\t\t<section class=\"elementor-section elementor-top-section elementor-element elementor-element-73ef1fe elementor-section-boxed elementor-section-height-default elementor-section-height-default\" data-id=\"73ef1fe\" data-element_type=\"section\">\n\t\t\t\t\t\t<div class=\"elementor-container elementor-column-gap-default\">\n\t\t\t\t\t<div class=\"elementor-column elementor-col-100 elementor-top-column elementor-element elementor-element-aac7258\" data-id=\"aac7258\" data-element_type=\"column\">\n\t\t\t<div class=\"elementor-widget-wrap elementor-element-populated\">\n\t\t\t\t\t\t<div class=\"elementor-element elementor-element-c6c5063 elementor-widget elementor-widget-heading\" data-id=\"c6c5063\" data-element_type=\"widget\" data-widget_type=\"heading.default\">\n\t\t\t\t<div class=\"elementor-widget-container\">\n\t\t\t\t\t<h1 class=\"elementor-heading-title elementor-size-default\"><br>Politique de confidentialit\u00e9<\/h1>\t\t\t\t<\/div>\n\t\t\t\t<\/div>\n\t\t\t\t\t<\/div>\n\t\t<\/div>\n\t\t\t\t\t<\/div>\n\t\t<\/section>\n\t\t\t\t<section class=\"elementor-section elementor-top-section elementor-element elementor-element-380bde55 elementor-section-boxed elementor-section-height-default elementor-section-height-default\" data-id=\"380bde55\" data-element_type=\"section\">\n\t\t\t\t\t\t<div class=\"elementor-container elementor-column-gap-default\">\n\t\t\t\t\t<div class=\"elementor-column elementor-col-100 elementor-top-column elementor-element elementor-element-477e4f2f\" data-id=\"477e4f2f\" data-element_type=\"column\">\n\t\t\t<div class=\"elementor-widget-wrap elementor-element-populated\">\n\t\t\t\t\t\t<div class=\"elementor-element elementor-element-4c3d3a0 elementor-widget elementor-widget-text-editor\" data-id=\"4c3d3a0\" data-element_type=\"widget\" data-widget_type=\"text-editor.default\">\n\t\t\t\t<div class=\"elementor-widget-container\">\n\t\t\t\t\t\t\t\t\t<p><strong>Politique de confidentialit\u00e9<\/strong><\/p>\n<p>Traitement des donn\u00e9es personnelles obtenues aupr\u00e8s de la personne concern\u00e9e<br>Information en vertu de l&rsquo;article 13 du r\u00e8glement europ\u00e9en 679\/16 ou GDPR<\/p>\n<p><strong>1. Engagement<\/strong><br>L\u2019ENTREPRISE s\u2019engage activement \u00e0 sauvegarder les donn\u00e9es personnelles de toute personne qui confie ces donn\u00e9es \u00e0 notre traitement.&nbsp; Nous vous recommandons de lire attentivement cet avis o\u00f9 notre politique de confidentialit\u00e9 est clairement \u00e9nonc\u00e9e et comment nous prot\u00e9geons vos donn\u00e9es.&nbsp;<\/p>\n<p><strong>2. Titulaire et responsable du traitement des donn\u00e9es<\/strong><br>Titulaire et responsable du traitement des donn\u00e9es: <span style=\"color: var( --e-global-color-text ); font-family: var( --e-global-typography-text-font-family ), Sans-serif; font-size: 1rem;\">Muraglia Savino &amp; C. Societ\u00e0 Agricola Semplice, en la personne du repr\u00e9sentant l\u00e9gal&nbsp;<\/span><span style=\"font-family: var( --e-global-typography-text-font-family ), Sans-serif; font-size: 1rem;\">pro-tempore.&nbsp;<\/span><span style=\"font-family: var( --e-global-typography-text-font-family ), Sans-serif; font-size: 1rem;\">Pour exercer vos droits, \u00e9num\u00e9r\u00e9s ci-dessous, vous devez soumettre une demande \u00e9crite par courrier \u00e0 l\u2019adresse du&nbsp;<\/span><span style=\"font-family: var( --e-global-typography-text-font-family ), Sans-serif; font-size: 1rem;\">Titulaire, ou par communication \u00e9lectronique adress\u00e9e \u00e0 C\/A du responsable du traitement des donn\u00e9es.<\/span><\/p>\n<p><strong>3. Type de donn\u00e9es trait\u00e9es<\/strong><br>Donn\u00e9es fiscales personnelles, utiles pour les accomplissements administratifs requis par la loi et les donn\u00e9es de contact personnelles (d\u00e9finis comme \u00ab facultatifs \u00bb), par exemple les t\u00e9l\u00e9phones, les courriers \u00e9lectroniques, les PEC, les adresses de livraison\u2026&nbsp;<\/p>\n<p><strong>4. Base juridique et finalit\u00e9 du traitement<\/strong><br>La base juridique du traitement est votre consentement donn\u00e9 en cliquant sur le champ appropri\u00e9 sur le web, pour l\u2019achat de produits, la demande d\u2019informations, l\u2019envoi de CV. pour l\u2019achat de produits, la demande d\u2019informations, l\u2019envoi de CV. Les donn\u00e9es seront trait\u00e9es aux fins du respect des obligations l\u00e9gales ou r\u00e9glementaires et \u00e0 des fins de marketing.&nbsp;&nbsp;<\/p>\n<p><strong>5. Modalit\u00e9s de traitement<\/strong><br>Les donn\u00e9es seront trait\u00e9es principalement par des moyens \u00e9lectroniques et informatiques et stock\u00e9es tant sur des supports informatiques que sur tout autre support ad\u00e9quat, dans le respect des mesures de s\u00e9curit\u00e9 pr\u00e9vues par notre r\u00e8glement interne. informatiques que sur tout autre support ad\u00e9quat, dans le respect des mesures de s\u00e9curit\u00e9 pr\u00e9vues par notre r\u00e8glement interne. r\u00e8glement interne.&nbsp;&nbsp;<\/p>\n<p><strong>6. Personnes auxquelles les donn\u00e9es personnelles peuvent \u00eatre divulgu\u00e9es.<\/strong><br>Vos donn\u00e9es personnelles peuvent \u00eatre communiqu\u00e9es \u00e0 des tiers pour des traitements comptables et administratifs (en cas d\u2019achat de produits), ou \u00e0 des soci\u00e9t\u00e9s externes \u00e0 des fins de marketing, d\u2019enqu\u00eates de satisfaction, de proposition de nouveaux produits ou d\u2019offres sp\u00e9ciales, etc. &nbsp;&nbsp;<\/p>\n<p><strong>7. Conservation<\/strong><br>Les donn\u00e9es personnelles seront conserv\u00e9es pendant un minimum de 10 ans, conform\u00e9ment \u00e0 la l\u00e9gislation en vigueur, et une demande d\u2019effacement dans ce d\u00e9lai ne peut primer sur ce type de donn\u00e9es.&nbsp;&nbsp; En ce qui concerne cette derni\u00e8re cat\u00e9gorie de donn\u00e9es, elles seront conserv\u00e9es pendant 10 ans \u00e0 compter du dernier contact.&nbsp;<\/p>\n<p><strong>8. Profilage<\/strong><\/p>\n<p>Dans le respect des directives du GDPR et de la libert\u00e9 de choix, vos donn\u00e9es ne seront pas soumises \u00e0 un processus d\u00e9cisionnel exclusivement automatis\u00e9, y compris le profilage, qui produit des effets juridiques vous concernant ou pouvant vous affecter de mani\u00e8re significativement similaire.&nbsp;&nbsp;<\/p>\n<p><strong>9. Droits de la personne concern\u00e9e<\/strong><br>En ce qui concerne le traitement de vos donn\u00e9es personnelles, conform\u00e9ment \u00e0 l&rsquo;article 13, paragraphes b et c du GDPR (UE) 2016\/679, vous&nbsp;avez le droit de prot\u00e9ger vos droits vis-\u00e0-vis d\u2019AZIENDA. En particulier, vous avez le droit de savoir, \u00e0 tout moment,&nbsp;quelles sont les donn\u00e9es que nous d\u00e9tenons \u00e0 votre sujet et comment elles sont utilis\u00e9es ; vous avez \u00e9galement le droit de les faire mettre \u00e0 jour,&nbsp;compl\u00e9ter, rectifier ou supprimer, de demander leur blocage et de vous opposer \u00e0 leur traitement,&nbsp;ainsi que le droit \u00e0 l&rsquo;oubli. Afin d&rsquo;exercer vos droits, vous pouvez contacter le responsable du traitement des donn\u00e9es ou l&rsquo;un de ses agents, identifi\u00e9s au d\u00e9but de la fiche d&rsquo;information.<br>identifi\u00e9s au d\u00e9but de la Politique de confidentialit\u00e9. N\u2019oubliez pas, cependant, que l\u2019opposition au traitement ne peut se faire que pour les donn\u00e9es \u00ab facultatives \u00bb.&nbsp; Pour les dossiers fiscaux, les d\u00e9lais l\u00e9gaux de conservation des dossiers fiscaux seront respect\u00e9s. &nbsp;<\/p>\n<p><strong>10. Nature des donn\u00e9es et cons\u00e9quences du non-consentement<\/strong><br>L\u2019absence de consentement ne permet pas l\u2019achat de produits sur le site, les obligations comptables et administratives qui en d\u00e9coulent, ainsi que l\u2019inscription \u00e0 des newsletters et l\u2019envoi de formulaires de demande d\u2019informations.&nbsp;<\/p>\n<p><strong>11. Plaintes<\/strong><br>Pour d\u00e9poser une plainte concernant le traitement de vos donn\u00e9es personnelles, vous pouvez vous adresser \u00e0 l\u2019autorit\u00e9 italienne charg\u00e9e de la protection des donn\u00e9es, et pour toute information ou clarification \u00e0 ce sujet, vous pouvez \u00e9crire \u00e0 privacy@frantoiomuraglia.it.&nbsp;&nbsp;<\/p>\t\t\t\t\t\t\t\t<\/div>\n\t\t\t\t<\/div>\n\t\t\t\t<div class=\"elementor-element elementor-element-121c054 elementor-widget elementor-widget-heading\" data-id=\"121c054\" data-element_type=\"widget\" data-widget_type=\"heading.default\">\n\t\t\t\t<div class=\"elementor-widget-container\">\n\t\t\t\t\t<h2 class=\"elementor-heading-title elementor-size-default\">Cookie Policy<\/h2>\t\t\t\t<\/div>\n\t\t\t\t<\/div>\n\t\t\t\t<div class=\"elementor-element elementor-element-97b352c elementor-widget elementor-widget-html\" data-id=\"97b352c\" data-element_type=\"widget\" data-widget_type=\"html.default\">\n\t\t\t\t<div class=\"elementor-widget-container\">\n\t\t\t\t\t    <script id=\"CookieDeclaration\" data-culture=\"FR\" src=\"https:\/\/consent.cookiebot.com\/002f2ff7-cc72-4bce-9b6e-f39d02c4ba21\/cd.js\" type=\"text\/javascript\" async><\/script>\t\t\t\t<\/div>\n\t\t\t\t<\/div>\n\t\t\t\t\t<\/div>\n\t\t<\/div>\n\t\t\t\t\t<\/div>\n\t\t<\/section>\n\t\t\t\t<\/div>\n\t\t","protected":false},"excerpt":{"rendered":"<p>Politique de confidentialit\u00e9 Politique de confidentialit\u00e9 Traitement des donn\u00e9es personnelles obtenues aupr\u00e8s de la personne concern\u00e9eInformation en vertu de l&rsquo;article 13 du r\u00e8glement europ\u00e9en 679\/16 ou GDPR 1. EngagementL\u2019ENTREPRISE s\u2019engage activement \u00e0 sauvegarder les donn\u00e9es personnelles de toute personne qui confie ces donn\u00e9es \u00e0 notre traitement.&nbsp; Nous vous recommandons de lire attentivement cet avis o\u00f9 [&hellip;]<\/p>\n","protected":false},"author":1,"featured_media":0,"parent":0,"menu_order":0,"comment_status":"closed","ping_status":"closed","template":"","meta":{"_acf_changed":false,"footnotes":""},"class_list":["post-7182","page","type-page","status-publish","hentry"],"acf":[],"yoast_head":"<!-- This site is optimized with the Yoast SEO plugin v26.8 - https:\/\/yoast.com\/product\/yoast-seo-wordpress\/ -->\n<title>Politique de confidentialit\u00e9 - Frantoio Muraglia<\/title>\n<meta name=\"robots\" content=\"noindex, follow, max-snippet:-1, max-image-preview:large, max-video-preview:-1\" \/>\n<meta property=\"og:locale\" content=\"fr_FR\" \/>\n<meta property=\"og:type\" content=\"article\" \/>\n<meta property=\"og:title\" content=\"Politique de confidentialit\u00e9 - Frantoio Muraglia\" \/>\n<meta property=\"og:description\" content=\"Politique de confidentialit\u00e9 Politique de confidentialit\u00e9 Traitement des donn\u00e9es personnelles obtenues aupr\u00e8s de la personne concern\u00e9eInformation en vertu de l&rsquo;article 13 du r\u00e8glement europ\u00e9en 679\/16 ou GDPR 1. EngagementL\u2019ENTREPRISE s\u2019engage activement \u00e0 sauvegarder les donn\u00e9es personnelles de toute personne qui confie ces donn\u00e9es \u00e0 notre traitement.&nbsp; Nous vous recommandons de lire attentivement cet avis o\u00f9 [&hellip;]\" \/>\n<meta property=\"og:url\" content=\"https:\/\/dev.frantoiomuraglia.it\/fr\/politique-de-confidentialite\/\" \/>\n<meta property=\"og:site_name\" content=\"Frantoio Muraglia\" \/>\n<meta property=\"article:modified_time\" content=\"2023-10-11T09:27:55+00:00\" \/>\n<meta name=\"twitter:card\" content=\"summary_large_image\" \/>\n<script type=\"application\/ld+json\" class=\"yoast-schema-graph\">{\"@context\":\"https:\/\/schema.org\",\"@graph\":[{\"@type\":\"WebPage\",\"@id\":\"https:\/\/dev.frantoiomuraglia.it\/fr\/politique-de-confidentialite\/\",\"url\":\"https:\/\/dev.frantoiomuraglia.it\/fr\/politique-de-confidentialite\/\",\"name\":\"Politique de confidentialit\u00e9 - Frantoio Muraglia\",\"isPartOf\":{\"@id\":\"https:\/\/dev.frantoiomuraglia.it\/fr\/#website\"},\"datePublished\":\"2022-05-12T10:03:17+00:00\",\"dateModified\":\"2023-10-11T09:27:55+00:00\",\"breadcrumb\":{\"@id\":\"https:\/\/dev.frantoiomuraglia.it\/fr\/politique-de-confidentialite\/#breadcrumb\"},\"inLanguage\":\"fr-FR\",\"potentialAction\":[{\"@type\":\"ReadAction\",\"target\":[\"https:\/\/dev.frantoiomuraglia.it\/fr\/politique-de-confidentialite\/\"]}]},{\"@type\":\"BreadcrumbList\",\"@id\":\"https:\/\/dev.frantoiomuraglia.it\/fr\/politique-de-confidentialite\/#breadcrumb\",\"itemListElement\":[{\"@type\":\"ListItem\",\"position\":1,\"name\":\"Home\",\"item\":\"https:\/\/dev.frantoiomuraglia.it\/fr\/\"},{\"@type\":\"ListItem\",\"position\":2,\"name\":\"Politique de confidentialit\u00e9\"}]},{\"@type\":\"WebSite\",\"@id\":\"https:\/\/dev.frantoiomuraglia.it\/fr\/#website\",\"url\":\"https:\/\/dev.frantoiomuraglia.it\/fr\/\",\"name\":\"Frantoio Muraglia\",\"description\":\"Just another WordPress site\",\"publisher\":{\"@id\":\"https:\/\/dev.frantoiomuraglia.it\/fr\/#organization\"},\"potentialAction\":[{\"@type\":\"SearchAction\",\"target\":{\"@type\":\"EntryPoint\",\"urlTemplate\":\"https:\/\/dev.frantoiomuraglia.it\/fr\/?s={search_term_string}\"},\"query-input\":{\"@type\":\"PropertyValueSpecification\",\"valueRequired\":true,\"valueName\":\"search_term_string\"}}],\"inLanguage\":\"fr-FR\"},{\"@type\":\"Organization\",\"@id\":\"https:\/\/dev.frantoiomuraglia.it\/fr\/#organization\",\"name\":\"Frantoio Muraglia\",\"url\":\"https:\/\/dev.frantoiomuraglia.it\/fr\/\",\"logo\":{\"@type\":\"ImageObject\",\"inLanguage\":\"fr-FR\",\"@id\":\"https:\/\/dev.frantoiomuraglia.it\/fr\/#\/schema\/logo\/image\/\",\"url\":\"https:\/\/www.frantoiomuraglia.it\/wp-content\/uploads\/2022\/06\/Logo-Frantoio-Muraglia-black-email.jpg\",\"contentUrl\":\"https:\/\/www.frantoiomuraglia.it\/wp-content\/uploads\/2022\/06\/Logo-Frantoio-Muraglia-black-email.jpg\",\"width\":326,\"height\":150,\"caption\":\"Frantoio Muraglia\"},\"image\":{\"@id\":\"https:\/\/dev.frantoiomuraglia.it\/fr\/#\/schema\/logo\/image\/\"}}]}<\/script>\n<!-- \/ Yoast SEO plugin. -->","yoast_head_json":{"title":"Politique de confidentialit\u00e9 - Frantoio Muraglia","robots":{"index":"noindex","follow":"follow","max-snippet":"max-snippet:-1","max-image-preview":"max-image-preview:large","max-video-preview":"max-video-preview:-1"},"og_locale":"fr_FR","og_type":"article","og_title":"Politique de confidentialit\u00e9 - Frantoio Muraglia","og_description":"Politique de confidentialit\u00e9 Politique de confidentialit\u00e9 Traitement des donn\u00e9es personnelles obtenues aupr\u00e8s de la personne concern\u00e9eInformation en vertu de l&rsquo;article 13 du r\u00e8glement europ\u00e9en 679\/16 ou GDPR 1. EngagementL\u2019ENTREPRISE s\u2019engage activement \u00e0 sauvegarder les donn\u00e9es personnelles de toute personne qui confie ces donn\u00e9es \u00e0 notre traitement.&nbsp; Nous vous recommandons de lire attentivement cet avis o\u00f9 [&hellip;]","og_url":"https:\/\/dev.frantoiomuraglia.it\/fr\/politique-de-confidentialite\/","og_site_name":"Frantoio Muraglia","article_modified_time":"2023-10-11T09:27:55+00:00","twitter_card":"summary_large_image","schema":{"@context":"https:\/\/schema.org","@graph":[{"@type":"WebPage","@id":"https:\/\/dev.frantoiomuraglia.it\/fr\/politique-de-confidentialite\/","url":"https:\/\/dev.frantoiomuraglia.it\/fr\/politique-de-confidentialite\/","name":"Politique de confidentialit\u00e9 - Frantoio Muraglia","isPartOf":{"@id":"https:\/\/dev.frantoiomuraglia.it\/fr\/#website"},"datePublished":"2022-05-12T10:03:17+00:00","dateModified":"2023-10-11T09:27:55+00:00","breadcrumb":{"@id":"https:\/\/dev.frantoiomuraglia.it\/fr\/politique-de-confidentialite\/#breadcrumb"},"inLanguage":"fr-FR","potentialAction":[{"@type":"ReadAction","target":["https:\/\/dev.frantoiomuraglia.it\/fr\/politique-de-confidentialite\/"]}]},{"@type":"BreadcrumbList","@id":"https:\/\/dev.frantoiomuraglia.it\/fr\/politique-de-confidentialite\/#breadcrumb","itemListElement":[{"@type":"ListItem","position":1,"name":"Home","item":"https:\/\/dev.frantoiomuraglia.it\/fr\/"},{"@type":"ListItem","position":2,"name":"Politique de confidentialit\u00e9"}]},{"@type":"WebSite","@id":"https:\/\/dev.frantoiomuraglia.it\/fr\/#website","url":"https:\/\/dev.frantoiomuraglia.it\/fr\/","name":"Frantoio Muraglia","description":"Just another WordPress site","publisher":{"@id":"https:\/\/dev.frantoiomuraglia.it\/fr\/#organization"},"potentialAction":[{"@type":"SearchAction","target":{"@type":"EntryPoint","urlTemplate":"https:\/\/dev.frantoiomuraglia.it\/fr\/?s={search_term_string}"},"query-input":{"@type":"PropertyValueSpecification","valueRequired":true,"valueName":"search_term_string"}}],"inLanguage":"fr-FR"},{"@type":"Organization","@id":"https:\/\/dev.frantoiomuraglia.it\/fr\/#organization","name":"Frantoio Muraglia","url":"https:\/\/dev.frantoiomuraglia.it\/fr\/","logo":{"@type":"ImageObject","inLanguage":"fr-FR","@id":"https:\/\/dev.frantoiomuraglia.it\/fr\/#\/schema\/logo\/image\/","url":"https:\/\/www.frantoiomuraglia.it\/wp-content\/uploads\/2022\/06\/Logo-Frantoio-Muraglia-black-email.jpg","contentUrl":"https:\/\/www.frantoiomuraglia.it\/wp-content\/uploads\/2022\/06\/Logo-Frantoio-Muraglia-black-email.jpg","width":326,"height":150,"caption":"Frantoio Muraglia"},"image":{"@id":"https:\/\/dev.frantoiomuraglia.it\/fr\/#\/schema\/logo\/image\/"}}]}},"_links":{"self":[{"href":"https:\/\/dev.frantoiomuraglia.it\/fr\/wp-json\/wp\/v2\/pages\/7182","targetHints":{"allow":["GET"]}}],"collection":[{"href":"https:\/\/dev.frantoiomuraglia.it\/fr\/wp-json\/wp\/v2\/pages"}],"about":[{"href":"https:\/\/dev.frantoiomuraglia.it\/fr\/wp-json\/wp\/v2\/types\/page"}],"author":[{"embeddable":true,"href":"https:\/\/dev.frantoiomuraglia.it\/fr\/wp-json\/wp\/v2\/users\/1"}],"replies":[{"embeddable":true,"href":"https:\/\/dev.frantoiomuraglia.it\/fr\/wp-json\/wp\/v2\/comments?post=7182"}],"version-history":[{"count":0,"href":"https:\/\/dev.frantoiomuraglia.it\/fr\/wp-json\/wp\/v2\/pages\/7182\/revisions"}],"wp:attachment":[{"href":"https:\/\/dev.frantoiomuraglia.it\/fr\/wp-json\/wp\/v2\/media?parent=7182"}],"curies":[{"name":"wp","href":"https:\/\/api.w.org\/{rel}","templated":true}]}}