{"id":6908,"date":"2022-03-24T13:22:29","date_gmt":"2022-05-09T17:27:02","guid":{"rendered":"https:\/\/dev.frantoiomuraglia.it\/product\/gruene-oliven-bella-di-cerignola\/"},"modified":"2022-05-09T17:27:02","modified_gmt":"2022-05-09T17:27:02","slug":"grune-oliven-bella-di-cerignola","status":"publish","type":"product","link":"https:\/\/dev.frantoiomuraglia.it\/de\/produkt\/grune-oliven-bella-di-cerignola\/","title":{"rendered":"Gr\u00fcne Oliven \u201eBella di Cerignola\u201c"},"content":{"rendered":"<p>Die weltweit gr\u00f6\u00dfte Olive \u201eBella di Cerignola\u201c ist die Sorte, die wir f\u00fcr die ersten Oliven der \u00d6lm\u00fchle Frantoio Muraglia ausgew\u00e4hlt haben.<\/p>\n","protected":false},"excerpt":{"rendered":"<p>Die weltweit gr\u00f6\u00dfte Olive \u201eBella di Cerignola\u201c ist die Sorte, die wir f\u00fcr die ersten Oliven der \u00d6lm\u00fchle Frantoio Muraglia ausgew\u00e4hlt haben.<\/p>\n","protected":false},"featured_media":6023,"template":"","meta":{"_acf_changed":false},"product_cat":[203,142],"product_tag":[303,219,147],"class_list":{"0":"post-6908","1":"product","2":"type-product","3":"status-publish","4":"has-post-thumbnail","6":"product_cat-geschenkideen","7":"product_cat-upsell_shopper-de","8":"product_tag-gift-ideas-de-2","9":"product_tag-tpl_no_category-de","10":"product_tag-upsell_shopper-de","12":"first","13":"instock","14":"taxable","15":"shipping-taxable","16":"purchasable","17":"product-type-simple"},"acf":[],"yoast_head":"<!-- This site is optimized with the Yoast SEO plugin v26.8 - https:\/\/yoast.com\/product\/yoast-seo-wordpress\/ -->\n<title>Gr\u00fcne Oliven \u201eBella di Cerignola\u201c - Frantoio Muraglia<\/title>\n<meta name=\"description\" content=\"Die weltweit gr\u00f6\u00dfte Olive \u201eBella di Cerignola\u201c ist die Sorte, die wir f\u00fcr die ersten Oliven der \u00d6lm\u00fchle Frantoio Muraglia ausgew\u00e4hlt haben.\" \/>\n<meta name=\"robots\" content=\"noindex, follow, max-snippet:-1, max-image-preview:large, max-video-preview:-1\" \/>\n<meta property=\"og:locale\" content=\"de_DE\" \/>\n<meta property=\"og:type\" content=\"article\" \/>\n<meta property=\"og:title\" content=\"Gr\u00fcne Oliven \u201eBella di Cerignola\u201c - Frantoio Muraglia\" \/>\n<meta property=\"og:description\" content=\"Die weltweit gr\u00f6\u00dfte Olive \u201eBella di Cerignola\u201c ist die Sorte, die wir f\u00fcr die ersten Oliven der \u00d6lm\u00fchle Frantoio Muraglia ausgew\u00e4hlt haben.\" \/>\n<meta property=\"og:url\" content=\"https:\/\/dev.frantoiomuraglia.it\/de\/produkt\/grune-oliven-bella-di-cerignola\/\" \/>\n<meta property=\"og:site_name\" content=\"Frantoio Muraglia\" \/>\n<meta property=\"og:image\" content=\"https:\/\/dev.frantoiomuraglia.it\/wp-content\/uploads\/2022\/03\/Olive-verdi-Bella-di-Cerignola-2.jpg\" \/>\n\t<meta property=\"og:image:width\" content=\"2180\" \/>\n\t<meta property=\"og:image:height\" content=\"2294\" \/>\n\t<meta property=\"og:image:type\" content=\"image\/jpeg\" \/>\n<meta name=\"twitter:card\" content=\"summary_large_image\" \/>\n<script type=\"application\/ld+json\" class=\"yoast-schema-graph\">{\"@context\":\"https:\/\/schema.org\",\"@graph\":[{\"@type\":\"WebPage\",\"@id\":\"https:\/\/dev.frantoiomuraglia.it\/de\/produkt\/grune-oliven-bella-di-cerignola\/\",\"url\":\"https:\/\/dev.frantoiomuraglia.it\/de\/produkt\/grune-oliven-bella-di-cerignola\/\",\"name\":\"Gr\u00fcne Oliven \u201eBella di Cerignola\u201c - Frantoio Muraglia\",\"isPartOf\":{\"@id\":\"https:\/\/dev.frantoiomuraglia.it\/de\/#website\"},\"primaryImageOfPage\":{\"@id\":\"https:\/\/dev.frantoiomuraglia.it\/de\/produkt\/grune-oliven-bella-di-cerignola\/#primaryimage\"},\"image\":{\"@id\":\"https:\/\/dev.frantoiomuraglia.it\/de\/produkt\/grune-oliven-bella-di-cerignola\/#primaryimage\"},\"thumbnailUrl\":\"https:\/\/dev.frantoiomuraglia.it\/wp-content\/uploads\/2022\/03\/Olive-verdi-Bella-di-Cerignola-2.jpg\",\"datePublished\":\"2022-05-09T17:27:02+00:00\",\"description\":\"Die weltweit gr\u00f6\u00dfte Olive \u201eBella di Cerignola\u201c ist die Sorte, die wir f\u00fcr die ersten Oliven der \u00d6lm\u00fchle Frantoio Muraglia ausgew\u00e4hlt haben.\",\"breadcrumb\":{\"@id\":\"https:\/\/dev.frantoiomuraglia.it\/de\/produkt\/grune-oliven-bella-di-cerignola\/#breadcrumb\"},\"inLanguage\":\"de\",\"potentialAction\":[{\"@type\":\"ReadAction\",\"target\":[\"https:\/\/dev.frantoiomuraglia.it\/de\/produkt\/grune-oliven-bella-di-cerignola\/\"]}]},{\"@type\":\"ImageObject\",\"inLanguage\":\"de\",\"@id\":\"https:\/\/dev.frantoiomuraglia.it\/de\/produkt\/grune-oliven-bella-di-cerignola\/#primaryimage\",\"url\":\"https:\/\/dev.frantoiomuraglia.it\/wp-content\/uploads\/2022\/03\/Olive-verdi-Bella-di-Cerignola-2.jpg\",\"contentUrl\":\"https:\/\/dev.frantoiomuraglia.it\/wp-content\/uploads\/2022\/03\/Olive-verdi-Bella-di-Cerignola-2.jpg\",\"width\":2180,\"height\":2294},{\"@type\":\"BreadcrumbList\",\"@id\":\"https:\/\/dev.frantoiomuraglia.it\/de\/produkt\/grune-oliven-bella-di-cerignola\/#breadcrumb\",\"itemListElement\":[{\"@type\":\"ListItem\",\"position\":1,\"name\":\"Home\",\"item\":\"https:\/\/dev.frantoiomuraglia.it\/de\/\"},{\"@type\":\"ListItem\",\"position\":2,\"name\":\"Shop\",\"item\":\"https:\/\/dev.frantoiomuraglia.it\/de\/shop\/\"},{\"@type\":\"ListItem\",\"position\":3,\"name\":\"Gr\u00fcne Oliven \u201eBella di Cerignola\u201c\"}]},{\"@type\":\"WebSite\",\"@id\":\"https:\/\/dev.frantoiomuraglia.it\/de\/#website\",\"url\":\"https:\/\/dev.frantoiomuraglia.it\/de\/\",\"name\":\"Frantoio Muraglia\",\"description\":\"Just another WordPress site\",\"publisher\":{\"@id\":\"https:\/\/dev.frantoiomuraglia.it\/de\/#organization\"},\"potentialAction\":[{\"@type\":\"SearchAction\",\"target\":{\"@type\":\"EntryPoint\",\"urlTemplate\":\"https:\/\/dev.frantoiomuraglia.it\/de\/?s={search_term_string}\"},\"query-input\":{\"@type\":\"PropertyValueSpecification\",\"valueRequired\":true,\"valueName\":\"search_term_string\"}}],\"inLanguage\":\"de\"},{\"@type\":\"Organization\",\"@id\":\"https:\/\/dev.frantoiomuraglia.it\/de\/#organization\",\"name\":\"Frantoio Muraglia\",\"url\":\"https:\/\/dev.frantoiomuraglia.it\/de\/\",\"logo\":{\"@type\":\"ImageObject\",\"inLanguage\":\"de\",\"@id\":\"https:\/\/dev.frantoiomuraglia.it\/de\/#\/schema\/logo\/image\/\",\"url\":\"https:\/\/www.frantoiomuraglia.it\/wp-content\/uploads\/2022\/06\/Logo-Frantoio-Muraglia-black-email.jpg\",\"contentUrl\":\"https:\/\/www.frantoiomuraglia.it\/wp-content\/uploads\/2022\/06\/Logo-Frantoio-Muraglia-black-email.jpg\",\"width\":326,\"height\":150,\"caption\":\"Frantoio Muraglia\"},\"image\":{\"@id\":\"https:\/\/dev.frantoiomuraglia.it\/de\/#\/schema\/logo\/image\/\"}}]}<\/script>\n<!-- \/ Yoast SEO plugin. -->","yoast_head_json":{"title":"Gr\u00fcne Oliven \u201eBella di Cerignola\u201c - Frantoio Muraglia","description":"Die weltweit gr\u00f6\u00dfte Olive \u201eBella di Cerignola\u201c ist die Sorte, die wir f\u00fcr die ersten Oliven der \u00d6lm\u00fchle Frantoio Muraglia ausgew\u00e4hlt haben.","robots":{"index":"noindex","follow":"follow","max-snippet":"max-snippet:-1","max-image-preview":"max-image-preview:large","max-video-preview":"max-video-preview:-1"},"og_locale":"de_DE","og_type":"article","og_title":"Gr\u00fcne Oliven \u201eBella di Cerignola\u201c - Frantoio Muraglia","og_description":"Die weltweit gr\u00f6\u00dfte Olive \u201eBella di Cerignola\u201c ist die Sorte, die wir f\u00fcr die ersten Oliven der \u00d6lm\u00fchle Frantoio Muraglia ausgew\u00e4hlt haben.","og_url":"https:\/\/dev.frantoiomuraglia.it\/de\/produkt\/grune-oliven-bella-di-cerignola\/","og_site_name":"Frantoio Muraglia","og_image":[{"width":2180,"height":2294,"url":"https:\/\/dev.frantoiomuraglia.it\/wp-content\/uploads\/2022\/03\/Olive-verdi-Bella-di-Cerignola-2.jpg","type":"image\/jpeg"}],"twitter_card":"summary_large_image","schema":{"@context":"https:\/\/schema.org","@graph":[{"@type":"WebPage","@id":"https:\/\/dev.frantoiomuraglia.it\/de\/produkt\/grune-oliven-bella-di-cerignola\/","url":"https:\/\/dev.frantoiomuraglia.it\/de\/produkt\/grune-oliven-bella-di-cerignola\/","name":"Gr\u00fcne Oliven \u201eBella di Cerignola\u201c - Frantoio Muraglia","isPartOf":{"@id":"https:\/\/dev.frantoiomuraglia.it\/de\/#website"},"primaryImageOfPage":{"@id":"https:\/\/dev.frantoiomuraglia.it\/de\/produkt\/grune-oliven-bella-di-cerignola\/#primaryimage"},"image":{"@id":"https:\/\/dev.frantoiomuraglia.it\/de\/produkt\/grune-oliven-bella-di-cerignola\/#primaryimage"},"thumbnailUrl":"https:\/\/dev.frantoiomuraglia.it\/wp-content\/uploads\/2022\/03\/Olive-verdi-Bella-di-Cerignola-2.jpg","datePublished":"2022-05-09T17:27:02+00:00","description":"Die weltweit gr\u00f6\u00dfte Olive \u201eBella di Cerignola\u201c ist die Sorte, die wir f\u00fcr die ersten Oliven der \u00d6lm\u00fchle Frantoio Muraglia ausgew\u00e4hlt haben.","breadcrumb":{"@id":"https:\/\/dev.frantoiomuraglia.it\/de\/produkt\/grune-oliven-bella-di-cerignola\/#breadcrumb"},"inLanguage":"de","potentialAction":[{"@type":"ReadAction","target":["https:\/\/dev.frantoiomuraglia.it\/de\/produkt\/grune-oliven-bella-di-cerignola\/"]}]},{"@type":"ImageObject","inLanguage":"de","@id":"https:\/\/dev.frantoiomuraglia.it\/de\/produkt\/grune-oliven-bella-di-cerignola\/#primaryimage","url":"https:\/\/dev.frantoiomuraglia.it\/wp-content\/uploads\/2022\/03\/Olive-verdi-Bella-di-Cerignola-2.jpg","contentUrl":"https:\/\/dev.frantoiomuraglia.it\/wp-content\/uploads\/2022\/03\/Olive-verdi-Bella-di-Cerignola-2.jpg","width":2180,"height":2294},{"@type":"BreadcrumbList","@id":"https:\/\/dev.frantoiomuraglia.it\/de\/produkt\/grune-oliven-bella-di-cerignola\/#breadcrumb","itemListElement":[{"@type":"ListItem","position":1,"name":"Home","item":"https:\/\/dev.frantoiomuraglia.it\/de\/"},{"@type":"ListItem","position":2,"name":"Shop","item":"https:\/\/dev.frantoiomuraglia.it\/de\/shop\/"},{"@type":"ListItem","position":3,"name":"Gr\u00fcne Oliven \u201eBella di Cerignola\u201c"}]},{"@type":"WebSite","@id":"https:\/\/dev.frantoiomuraglia.it\/de\/#website","url":"https:\/\/dev.frantoiomuraglia.it\/de\/","name":"Frantoio Muraglia","description":"Just another WordPress site","publisher":{"@id":"https:\/\/dev.frantoiomuraglia.it\/de\/#organization"},"potentialAction":[{"@type":"SearchAction","target":{"@type":"EntryPoint","urlTemplate":"https:\/\/dev.frantoiomuraglia.it\/de\/?s={search_term_string}"},"query-input":{"@type":"PropertyValueSpecification","valueRequired":true,"valueName":"search_term_string"}}],"inLanguage":"de"},{"@type":"Organization","@id":"https:\/\/dev.frantoiomuraglia.it\/de\/#organization","name":"Frantoio Muraglia","url":"https:\/\/dev.frantoiomuraglia.it\/de\/","logo":{"@type":"ImageObject","inLanguage":"de","@id":"https:\/\/dev.frantoiomuraglia.it\/de\/#\/schema\/logo\/image\/","url":"https:\/\/www.frantoiomuraglia.it\/wp-content\/uploads\/2022\/06\/Logo-Frantoio-Muraglia-black-email.jpg","contentUrl":"https:\/\/www.frantoiomuraglia.it\/wp-content\/uploads\/2022\/06\/Logo-Frantoio-Muraglia-black-email.jpg","width":326,"height":150,"caption":"Frantoio Muraglia"},"image":{"@id":"https:\/\/dev.frantoiomuraglia.it\/de\/#\/schema\/logo\/image\/"}}]}},"_links":{"self":[{"href":"https:\/\/dev.frantoiomuraglia.it\/de\/wp-json\/wp\/v2\/product\/6908","targetHints":{"allow":["GET"]}}],"collection":[{"href":"https:\/\/dev.frantoiomuraglia.it\/de\/wp-json\/wp\/v2\/product"}],"about":[{"href":"https:\/\/dev.frantoiomuraglia.it\/de\/wp-json\/wp\/v2\/types\/product"}],"wp:featuredmedia":[{"embeddable":true,"href":"https:\/\/dev.frantoiomuraglia.it\/de\/wp-json\/wp\/v2\/media\/6023"}],"wp:attachment":[{"href":"https:\/\/dev.frantoiomuraglia.it\/de\/wp-json\/wp\/v2\/media?parent=6908"}],"wp:term":[{"taxonomy":"product_cat","embeddable":true,"href":"https:\/\/dev.frantoiomuraglia.it\/de\/wp-json\/wp\/v2\/product_cat?post=6908"},{"taxonomy":"product_tag","embeddable":true,"href":"https:\/\/dev.frantoiomuraglia.it\/de\/wp-json\/wp\/v2\/product_tag?post=6908"}],"curies":[{"name":"wp","href":"https:\/\/api.w.org\/{rel}","templated":true}]}}