{"id":6902,"date":"2022-03-24T13:24:42","date_gmt":"2022-05-09T16:45:06","guid":{"rendered":"https:\/\/dev.frantoiomuraglia.it\/product\/geschenkpackung-aperitif\/"},"modified":"2025-02-14T13:58:32","modified_gmt":"2025-02-14T11:58:32","slug":"geschenkpackung-aperitif","status":"publish","type":"product","link":"https:\/\/dev.frantoiomuraglia.it\/de\/produkt\/geschenkpackung-aperitif\/","title":{"rendered":"Geschenkpackung \u201eAperitif\u201c"},"content":{"rendered":"<p>W\u00e4hlen Sie f\u00fcr Ihr Geschenk eine hervorragende Qualit\u00e4t f\u00fcr einen typischen Aperitif.<\/p>\n<p>Einzigartige Geschenkpackungen, die nur online erh\u00e4ltlich sind. Eine tolle Geschenkidee, um die Qualit\u00e4t der Produkte der \u00d6lm\u00fchle Frantoio Muraglia zu probieren. Ein Regenbogen von Farben, um Ihren Tisch zu bereichern, das Aroma des italienischen nativen Oliven\u00f6ls extra zu genie\u00dfen und auch Ihr Haus zu schm\u00fccken.<\/p>\n<p>Eine ideale Geschenkbox, um Kunden, Partner und Familienmitglieder zu beeindrucken. Nicht nur zu Weihnachten, sondern das ganze Jahr \u00fcber ein perfekter Aperitif. In diesem exklusiven Paket: \u00d6l, Oliven und Keramik.<\/p>\n<p>In der Geschenkbox finden Sie vier Produkte: eine 250-ml-Dose in der Regenbogenversion mit dem \u00d6l Fruttato Intenso, begleitet von einer 500-ml-Flasche der Linie Coolors in der roten Version.<\/p>\n<p>Brandneu von Frantoio Muraglia ist eine Packung Bella di Cerignola-Oliven, die feinste Variante der Oliven, in einer 580-g-Glasverpackung. Und zum Servieren der Oliven w\u00e4hrend des Aperitifs eine handbemalte Regenbogenschale aus Keramik.<\/p>\n","protected":false},"excerpt":{"rendered":"<p>W\u00e4hlen Sie f\u00fcr Ihr Geschenk eine hervorragende Qualit\u00e4t f\u00fcr einen typischen Aperitif. Einzigartige Geschenkpackungen, die nur online erh\u00e4ltlich sind. Eine tolle Geschenkidee, um die Qualit\u00e4t der Produkte der \u00d6lm\u00fchle Frantoio Muraglia zu probieren. Ein Regenbogen von Farben, um Ihren Tisch zu bereichern, das Aroma des italienischen nativen Oliven\u00f6ls extra zu genie\u00dfen und auch Ihr Haus [&hellip;]<\/p>\n","protected":false},"featured_media":13357,"template":"","meta":{"_acf_changed":false},"product_cat":[203],"product_tag":[293,303,308,219],"class_list":{"0":"post-6902","1":"product","2":"type-product","3":"status-publish","4":"has-post-thumbnail","6":"product_cat-geschenkideen","7":"product_tag-featured-de-2","8":"product_tag-gift-ideas-de-2","9":"product_tag-intense-variant-de","10":"product_tag-tpl_no_category-de","12":"first","13":"instock","14":"taxable","15":"shipping-taxable","16":"purchasable","17":"product-type-simple"},"acf":[],"yoast_head":"<!-- This site is optimized with the Yoast SEO plugin v26.8 - https:\/\/yoast.com\/product\/yoast-seo-wordpress\/ -->\n<title>Geschenkpackung \u201eAperitif\u201c - Frantoio Muraglia<\/title>\n<meta name=\"description\" content=\"W\u00e4hlen Sie f\u00fcr Ihr Geschenk hervorragende Leistungen.\" \/>\n<meta name=\"robots\" content=\"noindex, follow, max-snippet:-1, max-image-preview:large, max-video-preview:-1\" \/>\n<meta property=\"og:locale\" content=\"de_DE\" \/>\n<meta property=\"og:type\" content=\"article\" \/>\n<meta property=\"og:title\" content=\"Geschenkpackung \u201eAperitif\u201c - Frantoio Muraglia\" \/>\n<meta property=\"og:description\" content=\"W\u00e4hlen Sie f\u00fcr Ihr Geschenk hervorragende Leistungen.\" \/>\n<meta property=\"og:url\" content=\"https:\/\/dev.frantoiomuraglia.it\/de\/produkt\/geschenkpackung-aperitif\/\" \/>\n<meta property=\"og:site_name\" content=\"Frantoio Muraglia\" \/>\n<meta property=\"article:modified_time\" content=\"2025-02-14T11:58:32+00:00\" \/>\n<meta property=\"og:image\" content=\"https:\/\/dev.frantoiomuraglia.it\/wp-content\/uploads\/2022\/03\/Schermata-2022-10-14-alle-15.59.24-1.png\" \/>\n\t<meta property=\"og:image:width\" content=\"2168\" \/>\n\t<meta property=\"og:image:height\" content=\"2132\" \/>\n\t<meta property=\"og:image:type\" content=\"image\/png\" \/>\n<meta name=\"twitter:card\" content=\"summary_large_image\" \/>\n<script type=\"application\/ld+json\" class=\"yoast-schema-graph\">{\"@context\":\"https:\/\/schema.org\",\"@graph\":[{\"@type\":\"WebPage\",\"@id\":\"https:\/\/dev.frantoiomuraglia.it\/de\/produkt\/geschenkpackung-aperitif\/\",\"url\":\"https:\/\/dev.frantoiomuraglia.it\/de\/produkt\/geschenkpackung-aperitif\/\",\"name\":\"Geschenkpackung \u201eAperitif\u201c - Frantoio Muraglia\",\"isPartOf\":{\"@id\":\"https:\/\/dev.frantoiomuraglia.it\/de\/#website\"},\"primaryImageOfPage\":{\"@id\":\"https:\/\/dev.frantoiomuraglia.it\/de\/produkt\/geschenkpackung-aperitif\/#primaryimage\"},\"image\":{\"@id\":\"https:\/\/dev.frantoiomuraglia.it\/de\/produkt\/geschenkpackung-aperitif\/#primaryimage\"},\"thumbnailUrl\":\"https:\/\/dev.frantoiomuraglia.it\/wp-content\/uploads\/2022\/03\/Schermata-2022-10-14-alle-15.59.24-1.png\",\"datePublished\":\"2022-05-09T16:45:06+00:00\",\"dateModified\":\"2025-02-14T11:58:32+00:00\",\"description\":\"W\u00e4hlen Sie f\u00fcr Ihr Geschenk hervorragende Leistungen.\",\"breadcrumb\":{\"@id\":\"https:\/\/dev.frantoiomuraglia.it\/de\/produkt\/geschenkpackung-aperitif\/#breadcrumb\"},\"inLanguage\":\"de\",\"potentialAction\":[{\"@type\":\"ReadAction\",\"target\":[\"https:\/\/dev.frantoiomuraglia.it\/de\/produkt\/geschenkpackung-aperitif\/\"]}]},{\"@type\":\"ImageObject\",\"inLanguage\":\"de\",\"@id\":\"https:\/\/dev.frantoiomuraglia.it\/de\/produkt\/geschenkpackung-aperitif\/#primaryimage\",\"url\":\"https:\/\/dev.frantoiomuraglia.it\/wp-content\/uploads\/2022\/03\/Schermata-2022-10-14-alle-15.59.24-1.png\",\"contentUrl\":\"https:\/\/dev.frantoiomuraglia.it\/wp-content\/uploads\/2022\/03\/Schermata-2022-10-14-alle-15.59.24-1.png\",\"width\":2168,\"height\":2132},{\"@type\":\"BreadcrumbList\",\"@id\":\"https:\/\/dev.frantoiomuraglia.it\/de\/produkt\/geschenkpackung-aperitif\/#breadcrumb\",\"itemListElement\":[{\"@type\":\"ListItem\",\"position\":1,\"name\":\"Home\",\"item\":\"https:\/\/dev.frantoiomuraglia.it\/de\/\"},{\"@type\":\"ListItem\",\"position\":2,\"name\":\"Shop\",\"item\":\"https:\/\/dev.frantoiomuraglia.it\/de\/shop\/\"},{\"@type\":\"ListItem\",\"position\":3,\"name\":\"Geschenkpackung \u201eAperitif\u201c\"}]},{\"@type\":\"WebSite\",\"@id\":\"https:\/\/dev.frantoiomuraglia.it\/de\/#website\",\"url\":\"https:\/\/dev.frantoiomuraglia.it\/de\/\",\"name\":\"Frantoio Muraglia\",\"description\":\"Just another WordPress site\",\"publisher\":{\"@id\":\"https:\/\/dev.frantoiomuraglia.it\/de\/#organization\"},\"potentialAction\":[{\"@type\":\"SearchAction\",\"target\":{\"@type\":\"EntryPoint\",\"urlTemplate\":\"https:\/\/dev.frantoiomuraglia.it\/de\/?s={search_term_string}\"},\"query-input\":{\"@type\":\"PropertyValueSpecification\",\"valueRequired\":true,\"valueName\":\"search_term_string\"}}],\"inLanguage\":\"de\"},{\"@type\":\"Organization\",\"@id\":\"https:\/\/dev.frantoiomuraglia.it\/de\/#organization\",\"name\":\"Frantoio Muraglia\",\"url\":\"https:\/\/dev.frantoiomuraglia.it\/de\/\",\"logo\":{\"@type\":\"ImageObject\",\"inLanguage\":\"de\",\"@id\":\"https:\/\/dev.frantoiomuraglia.it\/de\/#\/schema\/logo\/image\/\",\"url\":\"https:\/\/www.frantoiomuraglia.it\/wp-content\/uploads\/2022\/06\/Logo-Frantoio-Muraglia-black-email.jpg\",\"contentUrl\":\"https:\/\/www.frantoiomuraglia.it\/wp-content\/uploads\/2022\/06\/Logo-Frantoio-Muraglia-black-email.jpg\",\"width\":326,\"height\":150,\"caption\":\"Frantoio Muraglia\"},\"image\":{\"@id\":\"https:\/\/dev.frantoiomuraglia.it\/de\/#\/schema\/logo\/image\/\"}}]}<\/script>\n<!-- \/ Yoast SEO plugin. -->","yoast_head_json":{"title":"Geschenkpackung \u201eAperitif\u201c - Frantoio Muraglia","description":"W\u00e4hlen Sie f\u00fcr Ihr Geschenk hervorragende Leistungen.","robots":{"index":"noindex","follow":"follow","max-snippet":"max-snippet:-1","max-image-preview":"max-image-preview:large","max-video-preview":"max-video-preview:-1"},"og_locale":"de_DE","og_type":"article","og_title":"Geschenkpackung \u201eAperitif\u201c - Frantoio Muraglia","og_description":"W\u00e4hlen Sie f\u00fcr Ihr Geschenk hervorragende Leistungen.","og_url":"https:\/\/dev.frantoiomuraglia.it\/de\/produkt\/geschenkpackung-aperitif\/","og_site_name":"Frantoio Muraglia","article_modified_time":"2025-02-14T11:58:32+00:00","og_image":[{"width":2168,"height":2132,"url":"https:\/\/dev.frantoiomuraglia.it\/wp-content\/uploads\/2022\/03\/Schermata-2022-10-14-alle-15.59.24-1.png","type":"image\/png"}],"twitter_card":"summary_large_image","schema":{"@context":"https:\/\/schema.org","@graph":[{"@type":"WebPage","@id":"https:\/\/dev.frantoiomuraglia.it\/de\/produkt\/geschenkpackung-aperitif\/","url":"https:\/\/dev.frantoiomuraglia.it\/de\/produkt\/geschenkpackung-aperitif\/","name":"Geschenkpackung \u201eAperitif\u201c - Frantoio Muraglia","isPartOf":{"@id":"https:\/\/dev.frantoiomuraglia.it\/de\/#website"},"primaryImageOfPage":{"@id":"https:\/\/dev.frantoiomuraglia.it\/de\/produkt\/geschenkpackung-aperitif\/#primaryimage"},"image":{"@id":"https:\/\/dev.frantoiomuraglia.it\/de\/produkt\/geschenkpackung-aperitif\/#primaryimage"},"thumbnailUrl":"https:\/\/dev.frantoiomuraglia.it\/wp-content\/uploads\/2022\/03\/Schermata-2022-10-14-alle-15.59.24-1.png","datePublished":"2022-05-09T16:45:06+00:00","dateModified":"2025-02-14T11:58:32+00:00","description":"W\u00e4hlen Sie f\u00fcr Ihr Geschenk hervorragende Leistungen.","breadcrumb":{"@id":"https:\/\/dev.frantoiomuraglia.it\/de\/produkt\/geschenkpackung-aperitif\/#breadcrumb"},"inLanguage":"de","potentialAction":[{"@type":"ReadAction","target":["https:\/\/dev.frantoiomuraglia.it\/de\/produkt\/geschenkpackung-aperitif\/"]}]},{"@type":"ImageObject","inLanguage":"de","@id":"https:\/\/dev.frantoiomuraglia.it\/de\/produkt\/geschenkpackung-aperitif\/#primaryimage","url":"https:\/\/dev.frantoiomuraglia.it\/wp-content\/uploads\/2022\/03\/Schermata-2022-10-14-alle-15.59.24-1.png","contentUrl":"https:\/\/dev.frantoiomuraglia.it\/wp-content\/uploads\/2022\/03\/Schermata-2022-10-14-alle-15.59.24-1.png","width":2168,"height":2132},{"@type":"BreadcrumbList","@id":"https:\/\/dev.frantoiomuraglia.it\/de\/produkt\/geschenkpackung-aperitif\/#breadcrumb","itemListElement":[{"@type":"ListItem","position":1,"name":"Home","item":"https:\/\/dev.frantoiomuraglia.it\/de\/"},{"@type":"ListItem","position":2,"name":"Shop","item":"https:\/\/dev.frantoiomuraglia.it\/de\/shop\/"},{"@type":"ListItem","position":3,"name":"Geschenkpackung \u201eAperitif\u201c"}]},{"@type":"WebSite","@id":"https:\/\/dev.frantoiomuraglia.it\/de\/#website","url":"https:\/\/dev.frantoiomuraglia.it\/de\/","name":"Frantoio Muraglia","description":"Just another WordPress site","publisher":{"@id":"https:\/\/dev.frantoiomuraglia.it\/de\/#organization"},"potentialAction":[{"@type":"SearchAction","target":{"@type":"EntryPoint","urlTemplate":"https:\/\/dev.frantoiomuraglia.it\/de\/?s={search_term_string}"},"query-input":{"@type":"PropertyValueSpecification","valueRequired":true,"valueName":"search_term_string"}}],"inLanguage":"de"},{"@type":"Organization","@id":"https:\/\/dev.frantoiomuraglia.it\/de\/#organization","name":"Frantoio Muraglia","url":"https:\/\/dev.frantoiomuraglia.it\/de\/","logo":{"@type":"ImageObject","inLanguage":"de","@id":"https:\/\/dev.frantoiomuraglia.it\/de\/#\/schema\/logo\/image\/","url":"https:\/\/www.frantoiomuraglia.it\/wp-content\/uploads\/2022\/06\/Logo-Frantoio-Muraglia-black-email.jpg","contentUrl":"https:\/\/www.frantoiomuraglia.it\/wp-content\/uploads\/2022\/06\/Logo-Frantoio-Muraglia-black-email.jpg","width":326,"height":150,"caption":"Frantoio Muraglia"},"image":{"@id":"https:\/\/dev.frantoiomuraglia.it\/de\/#\/schema\/logo\/image\/"}}]}},"_links":{"self":[{"href":"https:\/\/dev.frantoiomuraglia.it\/de\/wp-json\/wp\/v2\/product\/6902","targetHints":{"allow":["GET"]}}],"collection":[{"href":"https:\/\/dev.frantoiomuraglia.it\/de\/wp-json\/wp\/v2\/product"}],"about":[{"href":"https:\/\/dev.frantoiomuraglia.it\/de\/wp-json\/wp\/v2\/types\/product"}],"wp:featuredmedia":[{"embeddable":true,"href":"https:\/\/dev.frantoiomuraglia.it\/de\/wp-json\/wp\/v2\/media\/13357"}],"wp:attachment":[{"href":"https:\/\/dev.frantoiomuraglia.it\/de\/wp-json\/wp\/v2\/media?parent=6902"}],"wp:term":[{"taxonomy":"product_cat","embeddable":true,"href":"https:\/\/dev.frantoiomuraglia.it\/de\/wp-json\/wp\/v2\/product_cat?post=6902"},{"taxonomy":"product_tag","embeddable":true,"href":"https:\/\/dev.frantoiomuraglia.it\/de\/wp-json\/wp\/v2\/product_tag?post=6902"}],"curies":[{"name":"wp","href":"https:\/\/api.w.org\/{rel}","templated":true}]}}