{"id":6835,"date":"2022-03-24T13:30:44","date_gmt":"2022-05-09T11:01:07","guid":{"rendered":"https:\/\/dev.frantoiomuraglia.it\/product\/probierpackung-mit-aromatisierten-wuerzoelen\/"},"modified":"2025-02-26T17:15:27","modified_gmt":"2025-02-26T15:15:27","slug":"probierpackung-mit-aromatisierten-wurzolen","status":"publish","type":"product","link":"https:\/\/dev.frantoiomuraglia.it\/de\/produkt\/probierpackung-mit-aromatisierten-wurzolen\/","title":{"rendered":"Probierpackung mit aromatisierten W\u00fcrz\u00f6len"},"content":{"rendered":"<p>Eine Couvette zur Verkostung aller Sorten unserer Aroma\u00f6le.<\/p>\n<p>F\u00fcr diejenigen, die unsere aromatischen nativen \u00d6le extra probieren m\u00f6chten, gibt es ein Couvette mit 4 Flaschen \u00e0 200 ml: Zitrone von Rocca Imperiale g.g.A., Basilikum g.U., Chili und frischer Knoblauch.<\/p>\n<p>Jede Essenz eignet sich perfekt zum W\u00fcrzen verschiedener Gerichte, jede wird unterschiedliche Geschm\u00e4cker befriedigen.<\/p>\n","protected":false},"excerpt":{"rendered":"<p>Eine Couvette zur Verkostung aller Sorten unserer Aroma\u00f6le. F\u00fcr diejenigen, die unsere aromatischen nativen \u00d6le extra probieren m\u00f6chten, gibt es ein Couvette mit 4 Flaschen \u00e0 200 ml: Zitrone von Rocca Imperiale g.g.A., Basilikum g.U., Chili und frischer Knoblauch. Jede Essenz eignet sich perfekt zum W\u00fcrzen verschiedener Gerichte, jede wird unterschiedliche Geschm\u00e4cker befriedigen.<\/p>\n","protected":false},"featured_media":38456,"template":"","meta":{"_acf_changed":false},"product_cat":[203],"product_tag":[318,319,303,219],"class_list":{"0":"post-6835","1":"product","2":"type-product","3":"status-publish","4":"has-post-thumbnail","6":"product_cat-geschenkideen","7":"product_tag-aromatic-de","8":"product_tag-aromatictype-de","9":"product_tag-gift-ideas-de-2","10":"product_tag-tpl_no_category-de","12":"first","13":"instock","14":"taxable","15":"shipping-taxable","16":"purchasable","17":"product-type-simple"},"acf":[],"yoast_head":"<!-- This site is optimized with the Yoast SEO plugin v26.8 - https:\/\/yoast.com\/product\/yoast-seo-wordpress\/ -->\n<title>Probierpackung mit aromatisierten W\u00fcrz\u00f6len - Frantoio Muraglia<\/title>\n<meta name=\"description\" content=\"Ein edler Geschenkkarton mit allen Sorten unserer aromatisierten Oliven\u00f6le zum Probieren.\" \/>\n<meta name=\"robots\" content=\"noindex, follow, max-snippet:-1, max-image-preview:large, max-video-preview:-1\" \/>\n<meta property=\"og:locale\" content=\"de_DE\" \/>\n<meta property=\"og:type\" content=\"article\" \/>\n<meta property=\"og:title\" content=\"Probierpackung mit aromatisierten W\u00fcrz\u00f6len - Frantoio Muraglia\" \/>\n<meta property=\"og:description\" content=\"Ein edler Geschenkkarton mit allen Sorten unserer aromatisierten Oliven\u00f6le zum Probieren.\" \/>\n<meta property=\"og:url\" content=\"https:\/\/dev.frantoiomuraglia.it\/de\/produkt\/probierpackung-mit-aromatisierten-wurzolen\/\" \/>\n<meta property=\"og:site_name\" content=\"Frantoio Muraglia\" \/>\n<meta property=\"article:modified_time\" content=\"2025-02-26T15:15:27+00:00\" \/>\n<meta property=\"og:image\" content=\"https:\/\/dev.frantoiomuraglia.it\/wp-content\/uploads\/2022\/03\/pacco-aromatici-new-2025.jpg\" \/>\n\t<meta property=\"og:image:width\" content=\"2180\" \/>\n\t<meta property=\"og:image:height\" content=\"2294\" \/>\n\t<meta property=\"og:image:type\" content=\"image\/jpeg\" \/>\n<meta name=\"twitter:card\" content=\"summary_large_image\" \/>\n<script type=\"application\/ld+json\" class=\"yoast-schema-graph\">{\"@context\":\"https:\/\/schema.org\",\"@graph\":[{\"@type\":\"WebPage\",\"@id\":\"https:\/\/dev.frantoiomuraglia.it\/de\/produkt\/probierpackung-mit-aromatisierten-wurzolen\/\",\"url\":\"https:\/\/dev.frantoiomuraglia.it\/de\/produkt\/probierpackung-mit-aromatisierten-wurzolen\/\",\"name\":\"Probierpackung mit aromatisierten W\u00fcrz\u00f6len - Frantoio Muraglia\",\"isPartOf\":{\"@id\":\"https:\/\/dev.frantoiomuraglia.it\/de\/#website\"},\"primaryImageOfPage\":{\"@id\":\"https:\/\/dev.frantoiomuraglia.it\/de\/produkt\/probierpackung-mit-aromatisierten-wurzolen\/#primaryimage\"},\"image\":{\"@id\":\"https:\/\/dev.frantoiomuraglia.it\/de\/produkt\/probierpackung-mit-aromatisierten-wurzolen\/#primaryimage\"},\"thumbnailUrl\":\"https:\/\/dev.frantoiomuraglia.it\/wp-content\/uploads\/2022\/03\/pacco-aromatici-new-2025.jpg\",\"datePublished\":\"2022-05-09T11:01:07+00:00\",\"dateModified\":\"2025-02-26T15:15:27+00:00\",\"description\":\"Ein edler Geschenkkarton mit allen Sorten unserer aromatisierten Oliven\u00f6le zum Probieren.\",\"breadcrumb\":{\"@id\":\"https:\/\/dev.frantoiomuraglia.it\/de\/produkt\/probierpackung-mit-aromatisierten-wurzolen\/#breadcrumb\"},\"inLanguage\":\"de\",\"potentialAction\":[{\"@type\":\"ReadAction\",\"target\":[\"https:\/\/dev.frantoiomuraglia.it\/de\/produkt\/probierpackung-mit-aromatisierten-wurzolen\/\"]}]},{\"@type\":\"ImageObject\",\"inLanguage\":\"de\",\"@id\":\"https:\/\/dev.frantoiomuraglia.it\/de\/produkt\/probierpackung-mit-aromatisierten-wurzolen\/#primaryimage\",\"url\":\"https:\/\/dev.frantoiomuraglia.it\/wp-content\/uploads\/2022\/03\/pacco-aromatici-new-2025.jpg\",\"contentUrl\":\"https:\/\/dev.frantoiomuraglia.it\/wp-content\/uploads\/2022\/03\/pacco-aromatici-new-2025.jpg\",\"width\":2180,\"height\":2294},{\"@type\":\"BreadcrumbList\",\"@id\":\"https:\/\/dev.frantoiomuraglia.it\/de\/produkt\/probierpackung-mit-aromatisierten-wurzolen\/#breadcrumb\",\"itemListElement\":[{\"@type\":\"ListItem\",\"position\":1,\"name\":\"Home\",\"item\":\"https:\/\/dev.frantoiomuraglia.it\/de\/\"},{\"@type\":\"ListItem\",\"position\":2,\"name\":\"Shop\",\"item\":\"https:\/\/dev.frantoiomuraglia.it\/de\/shop\/\"},{\"@type\":\"ListItem\",\"position\":3,\"name\":\"Probierpackung mit aromatisierten W\u00fcrz\u00f6len\"}]},{\"@type\":\"WebSite\",\"@id\":\"https:\/\/dev.frantoiomuraglia.it\/de\/#website\",\"url\":\"https:\/\/dev.frantoiomuraglia.it\/de\/\",\"name\":\"Frantoio Muraglia\",\"description\":\"Just another WordPress site\",\"publisher\":{\"@id\":\"https:\/\/dev.frantoiomuraglia.it\/de\/#organization\"},\"potentialAction\":[{\"@type\":\"SearchAction\",\"target\":{\"@type\":\"EntryPoint\",\"urlTemplate\":\"https:\/\/dev.frantoiomuraglia.it\/de\/?s={search_term_string}\"},\"query-input\":{\"@type\":\"PropertyValueSpecification\",\"valueRequired\":true,\"valueName\":\"search_term_string\"}}],\"inLanguage\":\"de\"},{\"@type\":\"Organization\",\"@id\":\"https:\/\/dev.frantoiomuraglia.it\/de\/#organization\",\"name\":\"Frantoio Muraglia\",\"url\":\"https:\/\/dev.frantoiomuraglia.it\/de\/\",\"logo\":{\"@type\":\"ImageObject\",\"inLanguage\":\"de\",\"@id\":\"https:\/\/dev.frantoiomuraglia.it\/de\/#\/schema\/logo\/image\/\",\"url\":\"https:\/\/www.frantoiomuraglia.it\/wp-content\/uploads\/2022\/06\/Logo-Frantoio-Muraglia-black-email.jpg\",\"contentUrl\":\"https:\/\/www.frantoiomuraglia.it\/wp-content\/uploads\/2022\/06\/Logo-Frantoio-Muraglia-black-email.jpg\",\"width\":326,\"height\":150,\"caption\":\"Frantoio Muraglia\"},\"image\":{\"@id\":\"https:\/\/dev.frantoiomuraglia.it\/de\/#\/schema\/logo\/image\/\"}}]}<\/script>\n<!-- \/ Yoast SEO plugin. -->","yoast_head_json":{"title":"Probierpackung mit aromatisierten W\u00fcrz\u00f6len - Frantoio Muraglia","description":"Ein edler Geschenkkarton mit allen Sorten unserer aromatisierten Oliven\u00f6le zum Probieren.","robots":{"index":"noindex","follow":"follow","max-snippet":"max-snippet:-1","max-image-preview":"max-image-preview:large","max-video-preview":"max-video-preview:-1"},"og_locale":"de_DE","og_type":"article","og_title":"Probierpackung mit aromatisierten W\u00fcrz\u00f6len - Frantoio Muraglia","og_description":"Ein edler Geschenkkarton mit allen Sorten unserer aromatisierten Oliven\u00f6le zum Probieren.","og_url":"https:\/\/dev.frantoiomuraglia.it\/de\/produkt\/probierpackung-mit-aromatisierten-wurzolen\/","og_site_name":"Frantoio Muraglia","article_modified_time":"2025-02-26T15:15:27+00:00","og_image":[{"width":2180,"height":2294,"url":"https:\/\/dev.frantoiomuraglia.it\/wp-content\/uploads\/2022\/03\/pacco-aromatici-new-2025.jpg","type":"image\/jpeg"}],"twitter_card":"summary_large_image","schema":{"@context":"https:\/\/schema.org","@graph":[{"@type":"WebPage","@id":"https:\/\/dev.frantoiomuraglia.it\/de\/produkt\/probierpackung-mit-aromatisierten-wurzolen\/","url":"https:\/\/dev.frantoiomuraglia.it\/de\/produkt\/probierpackung-mit-aromatisierten-wurzolen\/","name":"Probierpackung mit aromatisierten W\u00fcrz\u00f6len - Frantoio Muraglia","isPartOf":{"@id":"https:\/\/dev.frantoiomuraglia.it\/de\/#website"},"primaryImageOfPage":{"@id":"https:\/\/dev.frantoiomuraglia.it\/de\/produkt\/probierpackung-mit-aromatisierten-wurzolen\/#primaryimage"},"image":{"@id":"https:\/\/dev.frantoiomuraglia.it\/de\/produkt\/probierpackung-mit-aromatisierten-wurzolen\/#primaryimage"},"thumbnailUrl":"https:\/\/dev.frantoiomuraglia.it\/wp-content\/uploads\/2022\/03\/pacco-aromatici-new-2025.jpg","datePublished":"2022-05-09T11:01:07+00:00","dateModified":"2025-02-26T15:15:27+00:00","description":"Ein edler Geschenkkarton mit allen Sorten unserer aromatisierten Oliven\u00f6le zum Probieren.","breadcrumb":{"@id":"https:\/\/dev.frantoiomuraglia.it\/de\/produkt\/probierpackung-mit-aromatisierten-wurzolen\/#breadcrumb"},"inLanguage":"de","potentialAction":[{"@type":"ReadAction","target":["https:\/\/dev.frantoiomuraglia.it\/de\/produkt\/probierpackung-mit-aromatisierten-wurzolen\/"]}]},{"@type":"ImageObject","inLanguage":"de","@id":"https:\/\/dev.frantoiomuraglia.it\/de\/produkt\/probierpackung-mit-aromatisierten-wurzolen\/#primaryimage","url":"https:\/\/dev.frantoiomuraglia.it\/wp-content\/uploads\/2022\/03\/pacco-aromatici-new-2025.jpg","contentUrl":"https:\/\/dev.frantoiomuraglia.it\/wp-content\/uploads\/2022\/03\/pacco-aromatici-new-2025.jpg","width":2180,"height":2294},{"@type":"BreadcrumbList","@id":"https:\/\/dev.frantoiomuraglia.it\/de\/produkt\/probierpackung-mit-aromatisierten-wurzolen\/#breadcrumb","itemListElement":[{"@type":"ListItem","position":1,"name":"Home","item":"https:\/\/dev.frantoiomuraglia.it\/de\/"},{"@type":"ListItem","position":2,"name":"Shop","item":"https:\/\/dev.frantoiomuraglia.it\/de\/shop\/"},{"@type":"ListItem","position":3,"name":"Probierpackung mit aromatisierten W\u00fcrz\u00f6len"}]},{"@type":"WebSite","@id":"https:\/\/dev.frantoiomuraglia.it\/de\/#website","url":"https:\/\/dev.frantoiomuraglia.it\/de\/","name":"Frantoio Muraglia","description":"Just another WordPress site","publisher":{"@id":"https:\/\/dev.frantoiomuraglia.it\/de\/#organization"},"potentialAction":[{"@type":"SearchAction","target":{"@type":"EntryPoint","urlTemplate":"https:\/\/dev.frantoiomuraglia.it\/de\/?s={search_term_string}"},"query-input":{"@type":"PropertyValueSpecification","valueRequired":true,"valueName":"search_term_string"}}],"inLanguage":"de"},{"@type":"Organization","@id":"https:\/\/dev.frantoiomuraglia.it\/de\/#organization","name":"Frantoio Muraglia","url":"https:\/\/dev.frantoiomuraglia.it\/de\/","logo":{"@type":"ImageObject","inLanguage":"de","@id":"https:\/\/dev.frantoiomuraglia.it\/de\/#\/schema\/logo\/image\/","url":"https:\/\/www.frantoiomuraglia.it\/wp-content\/uploads\/2022\/06\/Logo-Frantoio-Muraglia-black-email.jpg","contentUrl":"https:\/\/www.frantoiomuraglia.it\/wp-content\/uploads\/2022\/06\/Logo-Frantoio-Muraglia-black-email.jpg","width":326,"height":150,"caption":"Frantoio Muraglia"},"image":{"@id":"https:\/\/dev.frantoiomuraglia.it\/de\/#\/schema\/logo\/image\/"}}]}},"_links":{"self":[{"href":"https:\/\/dev.frantoiomuraglia.it\/de\/wp-json\/wp\/v2\/product\/6835","targetHints":{"allow":["GET"]}}],"collection":[{"href":"https:\/\/dev.frantoiomuraglia.it\/de\/wp-json\/wp\/v2\/product"}],"about":[{"href":"https:\/\/dev.frantoiomuraglia.it\/de\/wp-json\/wp\/v2\/types\/product"}],"wp:featuredmedia":[{"embeddable":true,"href":"https:\/\/dev.frantoiomuraglia.it\/de\/wp-json\/wp\/v2\/media\/38456"}],"wp:attachment":[{"href":"https:\/\/dev.frantoiomuraglia.it\/de\/wp-json\/wp\/v2\/media?parent=6835"}],"wp:term":[{"taxonomy":"product_cat","embeddable":true,"href":"https:\/\/dev.frantoiomuraglia.it\/de\/wp-json\/wp\/v2\/product_cat?post=6835"},{"taxonomy":"product_tag","embeddable":true,"href":"https:\/\/dev.frantoiomuraglia.it\/de\/wp-json\/wp\/v2\/product_tag?post=6835"}],"curies":[{"name":"wp","href":"https:\/\/api.w.org\/{rel}","templated":true}]}}