{"id":6832,"date":"2022-03-24T13:31:45","date_gmt":"2022-05-09T10:45:22","guid":{"rendered":"https:\/\/dev.frantoiomuraglia.it\/product\/probierpackung-essenza\/"},"modified":"2025-06-24T16:01:43","modified_gmt":"2025-06-24T14:01:43","slug":"probierpackung-essenza","status":"publish","type":"product","link":"https:\/\/dev.frantoiomuraglia.it\/de\/produkt\/probierpackung-essenza\/","title":{"rendered":"Probierpackung \u201eEssenza\u201c"},"content":{"rendered":"<p>Ein edler Geschenkkarton mit allen Sorten unserer nativen Oliven\u00f6le extra zum Probieren.<\/p>\n<p>M\u00f6chten Sie alle Sorten unserer nativen Oliven\u00f6le probieren? Dann ist diese Probierpackung im edlen Geschenkkarton mit 4 Flaschen mit jeweils 250 ml Oliven\u00f6l \u201eEssenza\u201c genau das Richtige f\u00fcr Sie. Inhalt: Intensiv Fruchtiges Oliven\u00f6l, Mittel Fruchtiges Oliven\u00f6l, Oliven\u00f6l aus entkernten Oliven und ger\u00e4uchertes Oliven\u00f6l. Jede dieser Essenzen eignet sich perfekt zum W\u00fcrzen verschiedener Gerichte, und jedes \u00d6l befriedigt ganz unterschiedliche Vorlieben und Geschm\u00e4cker.<\/p>\n","protected":false},"excerpt":{"rendered":"<p>Ein edler Geschenkkarton mit allen Sorten unserer nativen Oliven\u00f6le extra zum Probieren. M\u00f6chten Sie alle Sorten unserer nativen Oliven\u00f6le probieren? Dann ist diese Probierpackung im edlen Geschenkkarton mit 4 Flaschen mit jeweils 250 ml Oliven\u00f6l \u201eEssenza\u201c genau das Richtige f\u00fcr Sie. Inhalt: Intensiv Fruchtiges Oliven\u00f6l, Mittel Fruchtiges Oliven\u00f6l, Oliven\u00f6l aus entkernten Oliven und ger\u00e4uchertes Oliven\u00f6l. [&hellip;]<\/p>\n","protected":false},"featured_media":13896,"template":"","meta":{"_acf_changed":false},"product_cat":[203,382],"product_tag":[316,303,219],"class_list":{"0":"post-6832","1":"product","2":"type-product","3":"status-publish","4":"has-post-thumbnail","6":"product_cat-geschenkideen","7":"product_cat-essenza-de","8":"product_tag-essence-de","9":"product_tag-gift-ideas-de-2","10":"product_tag-tpl_no_category-de","12":"first","13":"instock","14":"taxable","15":"shipping-taxable","16":"purchasable","17":"product-type-simple"},"acf":[],"yoast_head":"<!-- This site is optimized with the Yoast SEO plugin v26.8 - https:\/\/yoast.com\/product\/yoast-seo-wordpress\/ -->\n<title>Probierpackung \u201eEssenza\u201c - Frantoio Muraglia<\/title>\n<meta name=\"description\" content=\"Ein edler Geschenkkarton mit allen Sorten unserer nativen Oliven\u00f6le extra zum Probieren.\" \/>\n<meta name=\"robots\" content=\"noindex, follow, max-snippet:-1, max-image-preview:large, max-video-preview:-1\" \/>\n<meta property=\"og:locale\" content=\"de_DE\" \/>\n<meta property=\"og:type\" content=\"article\" \/>\n<meta property=\"og:title\" content=\"Probierpackung \u201eEssenza\u201c - Frantoio Muraglia\" \/>\n<meta property=\"og:description\" content=\"Ein edler Geschenkkarton mit allen Sorten unserer nativen Oliven\u00f6le extra zum Probieren.\" \/>\n<meta property=\"og:url\" content=\"https:\/\/dev.frantoiomuraglia.it\/de\/produkt\/probierpackung-essenza\/\" \/>\n<meta property=\"og:site_name\" content=\"Frantoio Muraglia\" \/>\n<meta property=\"article:modified_time\" content=\"2025-06-24T14:01:43+00:00\" \/>\n<meta property=\"og:image\" content=\"https:\/\/dev.frantoiomuraglia.it\/wp-content\/uploads\/2022\/03\/SET-ESSENZA.png\" \/>\n\t<meta property=\"og:image:width\" content=\"2280\" \/>\n\t<meta property=\"og:image:height\" content=\"2144\" \/>\n\t<meta property=\"og:image:type\" content=\"image\/png\" \/>\n<meta name=\"twitter:card\" content=\"summary_large_image\" \/>\n<script type=\"application\/ld+json\" class=\"yoast-schema-graph\">{\"@context\":\"https:\/\/schema.org\",\"@graph\":[{\"@type\":\"WebPage\",\"@id\":\"https:\/\/dev.frantoiomuraglia.it\/de\/produkt\/probierpackung-essenza\/\",\"url\":\"https:\/\/dev.frantoiomuraglia.it\/de\/produkt\/probierpackung-essenza\/\",\"name\":\"Probierpackung \u201eEssenza\u201c - Frantoio Muraglia\",\"isPartOf\":{\"@id\":\"https:\/\/dev.frantoiomuraglia.it\/de\/#website\"},\"primaryImageOfPage\":{\"@id\":\"https:\/\/dev.frantoiomuraglia.it\/de\/produkt\/probierpackung-essenza\/#primaryimage\"},\"image\":{\"@id\":\"https:\/\/dev.frantoiomuraglia.it\/de\/produkt\/probierpackung-essenza\/#primaryimage\"},\"thumbnailUrl\":\"https:\/\/dev.frantoiomuraglia.it\/wp-content\/uploads\/2022\/03\/SET-ESSENZA.png\",\"datePublished\":\"2022-05-09T10:45:22+00:00\",\"dateModified\":\"2025-06-24T14:01:43+00:00\",\"description\":\"Ein edler Geschenkkarton mit allen Sorten unserer nativen Oliven\u00f6le extra zum Probieren.\",\"breadcrumb\":{\"@id\":\"https:\/\/dev.frantoiomuraglia.it\/de\/produkt\/probierpackung-essenza\/#breadcrumb\"},\"inLanguage\":\"de\",\"potentialAction\":[{\"@type\":\"ReadAction\",\"target\":[\"https:\/\/dev.frantoiomuraglia.it\/de\/produkt\/probierpackung-essenza\/\"]}]},{\"@type\":\"ImageObject\",\"inLanguage\":\"de\",\"@id\":\"https:\/\/dev.frantoiomuraglia.it\/de\/produkt\/probierpackung-essenza\/#primaryimage\",\"url\":\"https:\/\/dev.frantoiomuraglia.it\/wp-content\/uploads\/2022\/03\/SET-ESSENZA.png\",\"contentUrl\":\"https:\/\/dev.frantoiomuraglia.it\/wp-content\/uploads\/2022\/03\/SET-ESSENZA.png\",\"width\":2280,\"height\":2144},{\"@type\":\"BreadcrumbList\",\"@id\":\"https:\/\/dev.frantoiomuraglia.it\/de\/produkt\/probierpackung-essenza\/#breadcrumb\",\"itemListElement\":[{\"@type\":\"ListItem\",\"position\":1,\"name\":\"Home\",\"item\":\"https:\/\/dev.frantoiomuraglia.it\/de\/\"},{\"@type\":\"ListItem\",\"position\":2,\"name\":\"Shop\",\"item\":\"https:\/\/dev.frantoiomuraglia.it\/de\/shop\/\"},{\"@type\":\"ListItem\",\"position\":3,\"name\":\"Probierpackung \u201eEssenza\u201c\"}]},{\"@type\":\"WebSite\",\"@id\":\"https:\/\/dev.frantoiomuraglia.it\/de\/#website\",\"url\":\"https:\/\/dev.frantoiomuraglia.it\/de\/\",\"name\":\"Frantoio Muraglia\",\"description\":\"Just another WordPress site\",\"publisher\":{\"@id\":\"https:\/\/dev.frantoiomuraglia.it\/de\/#organization\"},\"potentialAction\":[{\"@type\":\"SearchAction\",\"target\":{\"@type\":\"EntryPoint\",\"urlTemplate\":\"https:\/\/dev.frantoiomuraglia.it\/de\/?s={search_term_string}\"},\"query-input\":{\"@type\":\"PropertyValueSpecification\",\"valueRequired\":true,\"valueName\":\"search_term_string\"}}],\"inLanguage\":\"de\"},{\"@type\":\"Organization\",\"@id\":\"https:\/\/dev.frantoiomuraglia.it\/de\/#organization\",\"name\":\"Frantoio Muraglia\",\"url\":\"https:\/\/dev.frantoiomuraglia.it\/de\/\",\"logo\":{\"@type\":\"ImageObject\",\"inLanguage\":\"de\",\"@id\":\"https:\/\/dev.frantoiomuraglia.it\/de\/#\/schema\/logo\/image\/\",\"url\":\"https:\/\/www.frantoiomuraglia.it\/wp-content\/uploads\/2022\/06\/Logo-Frantoio-Muraglia-black-email.jpg\",\"contentUrl\":\"https:\/\/www.frantoiomuraglia.it\/wp-content\/uploads\/2022\/06\/Logo-Frantoio-Muraglia-black-email.jpg\",\"width\":326,\"height\":150,\"caption\":\"Frantoio Muraglia\"},\"image\":{\"@id\":\"https:\/\/dev.frantoiomuraglia.it\/de\/#\/schema\/logo\/image\/\"}}]}<\/script>\n<!-- \/ Yoast SEO plugin. -->","yoast_head_json":{"title":"Probierpackung \u201eEssenza\u201c - Frantoio Muraglia","description":"Ein edler Geschenkkarton mit allen Sorten unserer nativen Oliven\u00f6le extra zum Probieren.","robots":{"index":"noindex","follow":"follow","max-snippet":"max-snippet:-1","max-image-preview":"max-image-preview:large","max-video-preview":"max-video-preview:-1"},"og_locale":"de_DE","og_type":"article","og_title":"Probierpackung \u201eEssenza\u201c - Frantoio Muraglia","og_description":"Ein edler Geschenkkarton mit allen Sorten unserer nativen Oliven\u00f6le extra zum Probieren.","og_url":"https:\/\/dev.frantoiomuraglia.it\/de\/produkt\/probierpackung-essenza\/","og_site_name":"Frantoio Muraglia","article_modified_time":"2025-06-24T14:01:43+00:00","og_image":[{"width":2280,"height":2144,"url":"https:\/\/dev.frantoiomuraglia.it\/wp-content\/uploads\/2022\/03\/SET-ESSENZA.png","type":"image\/png"}],"twitter_card":"summary_large_image","schema":{"@context":"https:\/\/schema.org","@graph":[{"@type":"WebPage","@id":"https:\/\/dev.frantoiomuraglia.it\/de\/produkt\/probierpackung-essenza\/","url":"https:\/\/dev.frantoiomuraglia.it\/de\/produkt\/probierpackung-essenza\/","name":"Probierpackung \u201eEssenza\u201c - Frantoio Muraglia","isPartOf":{"@id":"https:\/\/dev.frantoiomuraglia.it\/de\/#website"},"primaryImageOfPage":{"@id":"https:\/\/dev.frantoiomuraglia.it\/de\/produkt\/probierpackung-essenza\/#primaryimage"},"image":{"@id":"https:\/\/dev.frantoiomuraglia.it\/de\/produkt\/probierpackung-essenza\/#primaryimage"},"thumbnailUrl":"https:\/\/dev.frantoiomuraglia.it\/wp-content\/uploads\/2022\/03\/SET-ESSENZA.png","datePublished":"2022-05-09T10:45:22+00:00","dateModified":"2025-06-24T14:01:43+00:00","description":"Ein edler Geschenkkarton mit allen Sorten unserer nativen Oliven\u00f6le extra zum Probieren.","breadcrumb":{"@id":"https:\/\/dev.frantoiomuraglia.it\/de\/produkt\/probierpackung-essenza\/#breadcrumb"},"inLanguage":"de","potentialAction":[{"@type":"ReadAction","target":["https:\/\/dev.frantoiomuraglia.it\/de\/produkt\/probierpackung-essenza\/"]}]},{"@type":"ImageObject","inLanguage":"de","@id":"https:\/\/dev.frantoiomuraglia.it\/de\/produkt\/probierpackung-essenza\/#primaryimage","url":"https:\/\/dev.frantoiomuraglia.it\/wp-content\/uploads\/2022\/03\/SET-ESSENZA.png","contentUrl":"https:\/\/dev.frantoiomuraglia.it\/wp-content\/uploads\/2022\/03\/SET-ESSENZA.png","width":2280,"height":2144},{"@type":"BreadcrumbList","@id":"https:\/\/dev.frantoiomuraglia.it\/de\/produkt\/probierpackung-essenza\/#breadcrumb","itemListElement":[{"@type":"ListItem","position":1,"name":"Home","item":"https:\/\/dev.frantoiomuraglia.it\/de\/"},{"@type":"ListItem","position":2,"name":"Shop","item":"https:\/\/dev.frantoiomuraglia.it\/de\/shop\/"},{"@type":"ListItem","position":3,"name":"Probierpackung \u201eEssenza\u201c"}]},{"@type":"WebSite","@id":"https:\/\/dev.frantoiomuraglia.it\/de\/#website","url":"https:\/\/dev.frantoiomuraglia.it\/de\/","name":"Frantoio Muraglia","description":"Just another WordPress site","publisher":{"@id":"https:\/\/dev.frantoiomuraglia.it\/de\/#organization"},"potentialAction":[{"@type":"SearchAction","target":{"@type":"EntryPoint","urlTemplate":"https:\/\/dev.frantoiomuraglia.it\/de\/?s={search_term_string}"},"query-input":{"@type":"PropertyValueSpecification","valueRequired":true,"valueName":"search_term_string"}}],"inLanguage":"de"},{"@type":"Organization","@id":"https:\/\/dev.frantoiomuraglia.it\/de\/#organization","name":"Frantoio Muraglia","url":"https:\/\/dev.frantoiomuraglia.it\/de\/","logo":{"@type":"ImageObject","inLanguage":"de","@id":"https:\/\/dev.frantoiomuraglia.it\/de\/#\/schema\/logo\/image\/","url":"https:\/\/www.frantoiomuraglia.it\/wp-content\/uploads\/2022\/06\/Logo-Frantoio-Muraglia-black-email.jpg","contentUrl":"https:\/\/www.frantoiomuraglia.it\/wp-content\/uploads\/2022\/06\/Logo-Frantoio-Muraglia-black-email.jpg","width":326,"height":150,"caption":"Frantoio Muraglia"},"image":{"@id":"https:\/\/dev.frantoiomuraglia.it\/de\/#\/schema\/logo\/image\/"}}]}},"_links":{"self":[{"href":"https:\/\/dev.frantoiomuraglia.it\/de\/wp-json\/wp\/v2\/product\/6832","targetHints":{"allow":["GET"]}}],"collection":[{"href":"https:\/\/dev.frantoiomuraglia.it\/de\/wp-json\/wp\/v2\/product"}],"about":[{"href":"https:\/\/dev.frantoiomuraglia.it\/de\/wp-json\/wp\/v2\/types\/product"}],"wp:featuredmedia":[{"embeddable":true,"href":"https:\/\/dev.frantoiomuraglia.it\/de\/wp-json\/wp\/v2\/media\/13896"}],"wp:attachment":[{"href":"https:\/\/dev.frantoiomuraglia.it\/de\/wp-json\/wp\/v2\/media?parent=6832"}],"wp:term":[{"taxonomy":"product_cat","embeddable":true,"href":"https:\/\/dev.frantoiomuraglia.it\/de\/wp-json\/wp\/v2\/product_cat?post=6832"},{"taxonomy":"product_tag","embeddable":true,"href":"https:\/\/dev.frantoiomuraglia.it\/de\/wp-json\/wp\/v2\/product_tag?post=6832"}],"curies":[{"name":"wp","href":"https:\/\/api.w.org\/{rel}","templated":true}]}}