{"id":6762,"date":"2022-03-24T13:35:26","date_gmt":"2022-05-09T09:11:41","guid":{"rendered":"https:\/\/dev.frantoiomuraglia.it\/product\/kanister-in-regenbogenfarben-1-l\/"},"modified":"2025-06-11T09:36:03","modified_gmt":"2025-06-11T07:36:03","slug":"kanister-in-regenbogenfarben-1l","status":"publish","type":"product","link":"https:\/\/dev.frantoiomuraglia.it\/de\/produkt\/kanister-in-regenbogenfarben-1l\/","title":{"rendered":"Kanister in Regenbogenfarben 1 l"},"content":{"rendered":"<p>Die Regenbogendose mit ihrem Vintage-Charme eignet sich perfekt zum Verschenken oder um sich selbst zu verw\u00f6hnen. In der Dose befindet sich die ganze Vorz\u00fcglichkeit des nativen Oliven\u00f6ls extra von Frantoio Muraglia. Hergestellt aus 100% italienischen Coratina- oder Peranzana-Oliven, zeichnet sich dieses \u00d6l durch seinen intensiven und fruchtigen Geschmack aus, der jedes Gericht verfeinert.  <\/p>\n<p>Die Verpackung macht diese Dose nicht nur zu einem praktischen Beh\u00e4ltnis, sondern auch zu einem idealen Designobjekt f\u00fcr Ihre K\u00fcche oder f\u00fcr ein geschmackvolles Geschenk.<\/p>\n<p>Erh\u00e4ltlich in den Sorten Mittel Fruchtig und Intensiv Fruchtig.<\/p>\n<p>Alle Anwendungstipps unter &#8222;Oliven\u00f6lkultur&#8220;.<\/p>\n","protected":false},"excerpt":{"rendered":"<p>Kanister 1LT<\/p>\n","protected":false},"featured_media":5201,"template":"","meta":{"_acf_changed":false},"product_cat":[397],"product_tag":[329,293,308,310,219],"class_list":{"0":"post-6762","1":"product","2":"type-product","3":"status-publish","4":"has-post-thumbnail","6":"product_cat-kanister-in-regenbogenfarben","7":"product_tag-cans-de","8":"product_tag-featured-de-2","9":"product_tag-intense-variant-de","10":"product_tag-medium-variant-de","11":"product_tag-tpl_no_category-de","13":"first","14":"instock","15":"taxable","16":"shipping-taxable","17":"purchasable","18":"product-type-variable"},"acf":[],"yoast_head":"<!-- This site is optimized with the Yoast SEO plugin v26.8 - https:\/\/yoast.com\/product\/yoast-seo-wordpress\/ -->\n<title>Kanister in Regenbogenfarben 1 l - Frantoio Muraglia<\/title>\n<meta name=\"description\" content=\"\u00d6lkanister mit Vintage-Charme f\u00fcr den Vorrat an nativem Oliven\u00f6l extra.\" \/>\n<meta name=\"robots\" content=\"noindex, follow, max-snippet:-1, max-image-preview:large, max-video-preview:-1\" \/>\n<meta property=\"og:locale\" content=\"de_DE\" \/>\n<meta property=\"og:type\" content=\"article\" \/>\n<meta property=\"og:title\" content=\"Kanister in Regenbogenfarben 1 l - Frantoio Muraglia\" \/>\n<meta property=\"og:description\" content=\"\u00d6lkanister mit Vintage-Charme f\u00fcr den Vorrat an nativem Oliven\u00f6l extra.\" \/>\n<meta property=\"og:url\" content=\"https:\/\/dev.frantoiomuraglia.it\/de\/produkt\/kanister-in-regenbogenfarben-1l\/\" \/>\n<meta property=\"og:site_name\" content=\"Frantoio Muraglia\" \/>\n<meta property=\"article:modified_time\" content=\"2025-06-11T07:36:03+00:00\" \/>\n<meta property=\"og:image\" content=\"https:\/\/dev.frantoiomuraglia.it\/wp-content\/uploads\/2022\/03\/Lattina-arcobaleno-da-1L-3.jpg\" \/>\n\t<meta property=\"og:image:width\" content=\"2180\" \/>\n\t<meta property=\"og:image:height\" content=\"2294\" \/>\n\t<meta property=\"og:image:type\" content=\"image\/jpeg\" \/>\n<meta name=\"twitter:card\" content=\"summary_large_image\" \/>\n<script type=\"application\/ld+json\" class=\"yoast-schema-graph\">{\"@context\":\"https:\/\/schema.org\",\"@graph\":[{\"@type\":\"WebPage\",\"@id\":\"https:\/\/dev.frantoiomuraglia.it\/de\/produkt\/kanister-in-regenbogenfarben-1l\/\",\"url\":\"https:\/\/dev.frantoiomuraglia.it\/de\/produkt\/kanister-in-regenbogenfarben-1l\/\",\"name\":\"Kanister in Regenbogenfarben 1 l - Frantoio Muraglia\",\"isPartOf\":{\"@id\":\"https:\/\/dev.frantoiomuraglia.it\/de\/#website\"},\"primaryImageOfPage\":{\"@id\":\"https:\/\/dev.frantoiomuraglia.it\/de\/produkt\/kanister-in-regenbogenfarben-1l\/#primaryimage\"},\"image\":{\"@id\":\"https:\/\/dev.frantoiomuraglia.it\/de\/produkt\/kanister-in-regenbogenfarben-1l\/#primaryimage\"},\"thumbnailUrl\":\"https:\/\/dev.frantoiomuraglia.it\/wp-content\/uploads\/2022\/03\/Lattina-arcobaleno-da-1L-3.jpg\",\"datePublished\":\"2022-05-09T09:11:41+00:00\",\"dateModified\":\"2025-06-11T07:36:03+00:00\",\"description\":\"\u00d6lkanister mit Vintage-Charme f\u00fcr den Vorrat an nativem Oliven\u00f6l extra.\",\"breadcrumb\":{\"@id\":\"https:\/\/dev.frantoiomuraglia.it\/de\/produkt\/kanister-in-regenbogenfarben-1l\/#breadcrumb\"},\"inLanguage\":\"de\",\"potentialAction\":[{\"@type\":\"ReadAction\",\"target\":[\"https:\/\/dev.frantoiomuraglia.it\/de\/produkt\/kanister-in-regenbogenfarben-1l\/\"]}]},{\"@type\":\"ImageObject\",\"inLanguage\":\"de\",\"@id\":\"https:\/\/dev.frantoiomuraglia.it\/de\/produkt\/kanister-in-regenbogenfarben-1l\/#primaryimage\",\"url\":\"https:\/\/dev.frantoiomuraglia.it\/wp-content\/uploads\/2022\/03\/Lattina-arcobaleno-da-1L-3.jpg\",\"contentUrl\":\"https:\/\/dev.frantoiomuraglia.it\/wp-content\/uploads\/2022\/03\/Lattina-arcobaleno-da-1L-3.jpg\",\"width\":2180,\"height\":2294},{\"@type\":\"BreadcrumbList\",\"@id\":\"https:\/\/dev.frantoiomuraglia.it\/de\/produkt\/kanister-in-regenbogenfarben-1l\/#breadcrumb\",\"itemListElement\":[{\"@type\":\"ListItem\",\"position\":1,\"name\":\"Home\",\"item\":\"https:\/\/dev.frantoiomuraglia.it\/de\/\"},{\"@type\":\"ListItem\",\"position\":2,\"name\":\"Shop\",\"item\":\"https:\/\/dev.frantoiomuraglia.it\/de\/shop\/\"},{\"@type\":\"ListItem\",\"position\":3,\"name\":\"Kanister in Regenbogenfarben 1 l\"}]},{\"@type\":\"WebSite\",\"@id\":\"https:\/\/dev.frantoiomuraglia.it\/de\/#website\",\"url\":\"https:\/\/dev.frantoiomuraglia.it\/de\/\",\"name\":\"Frantoio Muraglia\",\"description\":\"Just another WordPress site\",\"publisher\":{\"@id\":\"https:\/\/dev.frantoiomuraglia.it\/de\/#organization\"},\"potentialAction\":[{\"@type\":\"SearchAction\",\"target\":{\"@type\":\"EntryPoint\",\"urlTemplate\":\"https:\/\/dev.frantoiomuraglia.it\/de\/?s={search_term_string}\"},\"query-input\":{\"@type\":\"PropertyValueSpecification\",\"valueRequired\":true,\"valueName\":\"search_term_string\"}}],\"inLanguage\":\"de\"},{\"@type\":\"Organization\",\"@id\":\"https:\/\/dev.frantoiomuraglia.it\/de\/#organization\",\"name\":\"Frantoio Muraglia\",\"url\":\"https:\/\/dev.frantoiomuraglia.it\/de\/\",\"logo\":{\"@type\":\"ImageObject\",\"inLanguage\":\"de\",\"@id\":\"https:\/\/dev.frantoiomuraglia.it\/de\/#\/schema\/logo\/image\/\",\"url\":\"https:\/\/www.frantoiomuraglia.it\/wp-content\/uploads\/2022\/06\/Logo-Frantoio-Muraglia-black-email.jpg\",\"contentUrl\":\"https:\/\/www.frantoiomuraglia.it\/wp-content\/uploads\/2022\/06\/Logo-Frantoio-Muraglia-black-email.jpg\",\"width\":326,\"height\":150,\"caption\":\"Frantoio Muraglia\"},\"image\":{\"@id\":\"https:\/\/dev.frantoiomuraglia.it\/de\/#\/schema\/logo\/image\/\"}}]}<\/script>\n<!-- \/ Yoast SEO plugin. -->","yoast_head_json":{"title":"Kanister in Regenbogenfarben 1 l - Frantoio Muraglia","description":"\u00d6lkanister mit Vintage-Charme f\u00fcr den Vorrat an nativem Oliven\u00f6l extra.","robots":{"index":"noindex","follow":"follow","max-snippet":"max-snippet:-1","max-image-preview":"max-image-preview:large","max-video-preview":"max-video-preview:-1"},"og_locale":"de_DE","og_type":"article","og_title":"Kanister in Regenbogenfarben 1 l - Frantoio Muraglia","og_description":"\u00d6lkanister mit Vintage-Charme f\u00fcr den Vorrat an nativem Oliven\u00f6l extra.","og_url":"https:\/\/dev.frantoiomuraglia.it\/de\/produkt\/kanister-in-regenbogenfarben-1l\/","og_site_name":"Frantoio Muraglia","article_modified_time":"2025-06-11T07:36:03+00:00","og_image":[{"width":2180,"height":2294,"url":"https:\/\/dev.frantoiomuraglia.it\/wp-content\/uploads\/2022\/03\/Lattina-arcobaleno-da-1L-3.jpg","type":"image\/jpeg"}],"twitter_card":"summary_large_image","schema":{"@context":"https:\/\/schema.org","@graph":[{"@type":"WebPage","@id":"https:\/\/dev.frantoiomuraglia.it\/de\/produkt\/kanister-in-regenbogenfarben-1l\/","url":"https:\/\/dev.frantoiomuraglia.it\/de\/produkt\/kanister-in-regenbogenfarben-1l\/","name":"Kanister in Regenbogenfarben 1 l - Frantoio Muraglia","isPartOf":{"@id":"https:\/\/dev.frantoiomuraglia.it\/de\/#website"},"primaryImageOfPage":{"@id":"https:\/\/dev.frantoiomuraglia.it\/de\/produkt\/kanister-in-regenbogenfarben-1l\/#primaryimage"},"image":{"@id":"https:\/\/dev.frantoiomuraglia.it\/de\/produkt\/kanister-in-regenbogenfarben-1l\/#primaryimage"},"thumbnailUrl":"https:\/\/dev.frantoiomuraglia.it\/wp-content\/uploads\/2022\/03\/Lattina-arcobaleno-da-1L-3.jpg","datePublished":"2022-05-09T09:11:41+00:00","dateModified":"2025-06-11T07:36:03+00:00","description":"\u00d6lkanister mit Vintage-Charme f\u00fcr den Vorrat an nativem Oliven\u00f6l extra.","breadcrumb":{"@id":"https:\/\/dev.frantoiomuraglia.it\/de\/produkt\/kanister-in-regenbogenfarben-1l\/#breadcrumb"},"inLanguage":"de","potentialAction":[{"@type":"ReadAction","target":["https:\/\/dev.frantoiomuraglia.it\/de\/produkt\/kanister-in-regenbogenfarben-1l\/"]}]},{"@type":"ImageObject","inLanguage":"de","@id":"https:\/\/dev.frantoiomuraglia.it\/de\/produkt\/kanister-in-regenbogenfarben-1l\/#primaryimage","url":"https:\/\/dev.frantoiomuraglia.it\/wp-content\/uploads\/2022\/03\/Lattina-arcobaleno-da-1L-3.jpg","contentUrl":"https:\/\/dev.frantoiomuraglia.it\/wp-content\/uploads\/2022\/03\/Lattina-arcobaleno-da-1L-3.jpg","width":2180,"height":2294},{"@type":"BreadcrumbList","@id":"https:\/\/dev.frantoiomuraglia.it\/de\/produkt\/kanister-in-regenbogenfarben-1l\/#breadcrumb","itemListElement":[{"@type":"ListItem","position":1,"name":"Home","item":"https:\/\/dev.frantoiomuraglia.it\/de\/"},{"@type":"ListItem","position":2,"name":"Shop","item":"https:\/\/dev.frantoiomuraglia.it\/de\/shop\/"},{"@type":"ListItem","position":3,"name":"Kanister in Regenbogenfarben 1 l"}]},{"@type":"WebSite","@id":"https:\/\/dev.frantoiomuraglia.it\/de\/#website","url":"https:\/\/dev.frantoiomuraglia.it\/de\/","name":"Frantoio Muraglia","description":"Just another WordPress site","publisher":{"@id":"https:\/\/dev.frantoiomuraglia.it\/de\/#organization"},"potentialAction":[{"@type":"SearchAction","target":{"@type":"EntryPoint","urlTemplate":"https:\/\/dev.frantoiomuraglia.it\/de\/?s={search_term_string}"},"query-input":{"@type":"PropertyValueSpecification","valueRequired":true,"valueName":"search_term_string"}}],"inLanguage":"de"},{"@type":"Organization","@id":"https:\/\/dev.frantoiomuraglia.it\/de\/#organization","name":"Frantoio Muraglia","url":"https:\/\/dev.frantoiomuraglia.it\/de\/","logo":{"@type":"ImageObject","inLanguage":"de","@id":"https:\/\/dev.frantoiomuraglia.it\/de\/#\/schema\/logo\/image\/","url":"https:\/\/www.frantoiomuraglia.it\/wp-content\/uploads\/2022\/06\/Logo-Frantoio-Muraglia-black-email.jpg","contentUrl":"https:\/\/www.frantoiomuraglia.it\/wp-content\/uploads\/2022\/06\/Logo-Frantoio-Muraglia-black-email.jpg","width":326,"height":150,"caption":"Frantoio Muraglia"},"image":{"@id":"https:\/\/dev.frantoiomuraglia.it\/de\/#\/schema\/logo\/image\/"}}]}},"_links":{"self":[{"href":"https:\/\/dev.frantoiomuraglia.it\/de\/wp-json\/wp\/v2\/product\/6762","targetHints":{"allow":["GET"]}}],"collection":[{"href":"https:\/\/dev.frantoiomuraglia.it\/de\/wp-json\/wp\/v2\/product"}],"about":[{"href":"https:\/\/dev.frantoiomuraglia.it\/de\/wp-json\/wp\/v2\/types\/product"}],"wp:featuredmedia":[{"embeddable":true,"href":"https:\/\/dev.frantoiomuraglia.it\/de\/wp-json\/wp\/v2\/media\/5201"}],"wp:attachment":[{"href":"https:\/\/dev.frantoiomuraglia.it\/de\/wp-json\/wp\/v2\/media?parent=6762"}],"wp:term":[{"taxonomy":"product_cat","embeddable":true,"href":"https:\/\/dev.frantoiomuraglia.it\/de\/wp-json\/wp\/v2\/product_cat?post=6762"},{"taxonomy":"product_tag","embeddable":true,"href":"https:\/\/dev.frantoiomuraglia.it\/de\/wp-json\/wp\/v2\/product_tag?post=6762"}],"curies":[{"name":"wp","href":"https:\/\/api.w.org\/{rel}","templated":true}]}}