{"id":6707,"date":"2022-03-24T13:39:06","date_gmt":"2022-05-07T17:00:34","guid":{"rendered":"https:\/\/dev.frantoiomuraglia.it\/product\/intensiv-fruchtiges-olivenoel-250-ml\/"},"modified":"2025-06-12T15:17:27","modified_gmt":"2025-06-12T13:17:27","slug":"intensiv-fruchtiges-olivenol-250ml","status":"publish","type":"product","link":"https:\/\/dev.frantoiomuraglia.it\/de\/produkt\/intensiv-fruchtiges-olivenol-250ml\/","title":{"rendered":"Intensiv Fruchtiges Oliven\u00f6l 250 ml"},"content":{"rendered":"<p>Essenza Intensiv Fruchtiges ist ein natives Oliven\u00f6l extra Monokultivar, das aus Coratina-Oliven gewonnen wird. Ein echtes, intensiv gr\u00fcnes \u00d6l mit goldenen Reflexen, das einen angenehm w\u00fcrzigen Geschmack hinterl\u00e4sst. Von feiner Verarbeitung dr\u00fcckt es sich mit Noten von Distel und Artischocke, D\u00fcften von Dill, Fenchel, Pfeffer und Heu aus.  <\/p>\n<p>Con la linea \u201cEssenza\u201d Frantoio Muraglia esalta il cuore del suo lavoro: l\u2019olio. Essenza vuol dire olio di altissima qualit\u00e0 in un vestito pret-\u00e0-gourmet, elegante ma democratico. <\/p>\n<p>Alle Anwendungstipps unter &#8222;Oliven\u00f6lkultur&#8220;.<\/p>\n","protected":false},"excerpt":{"rendered":"<p>Essenza Intensiv Fruchtiges ist ein natives Oliven\u00f6l extra Monokultivar, das aus Coratina-Oliven gewonnen wird. Ein echtes, intensiv gr\u00fcnes \u00d6l mit goldenen Reflexen, das einen angenehm w\u00fcrzigen Geschmack hinterl\u00e4sst. Von feiner Verarbeitung dr\u00fcckt es sich mit Noten von Distel und Artischocke, D\u00fcften von Dill, Fenchel, Pfeffer und Heu aus. Con la linea \u201cEssenza\u201d Frantoio Muraglia esalta [&hellip;]<\/p>\n","protected":false},"featured_media":33360,"template":"","meta":{"_acf_changed":false},"product_cat":[172,142,382],"product_tag":[441,316,308,180,147],"class_list":{"0":"post-6707","1":"product","2":"type-product","3":"status-publish","4":"has-post-thumbnail","6":"product_cat-flaschen","7":"product_cat-upsell_shopper-de","8":"product_cat-essenza-de","9":"product_tag-elixier-fuer-ein-langes-leben","10":"product_tag-essence-de","11":"product_tag-intense-variant-de","12":"product_tag-tpl_intensiv_fruchtiges","13":"product_tag-upsell_shopper-de","15":"first","16":"instock","17":"taxable","18":"shipping-taxable","19":"purchasable","20":"product-type-simple"},"acf":[],"yoast_head":"<!-- This site is optimized with the Yoast SEO plugin v26.8 - https:\/\/yoast.com\/product\/yoast-seo-wordpress\/ -->\n<title>Intensiv Fruchtiges Oliven\u00f6l 250 ml - Frantoio Muraglia<\/title>\n<meta name=\"description\" content=\"\u201eEssenza\u201c ist ein Intensiv Fruchtiges natives Oliven\u00f6l extra, das ausschlie\u00dflich aus in Apulien angebauten Oliven der Sorte Coratina hergestellt wird.\" \/>\n<meta name=\"robots\" content=\"noindex, follow, max-snippet:-1, max-image-preview:large, max-video-preview:-1\" \/>\n<meta property=\"og:locale\" content=\"de_DE\" \/>\n<meta property=\"og:type\" content=\"article\" \/>\n<meta property=\"og:title\" content=\"Intensiv Fruchtiges Oliven\u00f6l 250 ml - Frantoio Muraglia\" \/>\n<meta property=\"og:description\" content=\"\u201eEssenza\u201c ist ein Intensiv Fruchtiges natives Oliven\u00f6l extra, das ausschlie\u00dflich aus in Apulien angebauten Oliven der Sorte Coratina hergestellt wird.\" \/>\n<meta property=\"og:url\" content=\"https:\/\/dev.frantoiomuraglia.it\/de\/produkt\/intensiv-fruchtiges-olivenol-250ml\/\" \/>\n<meta property=\"og:site_name\" content=\"Frantoio Muraglia\" \/>\n<meta property=\"article:modified_time\" content=\"2025-06-12T13:17:27+00:00\" \/>\n<meta property=\"og:image\" content=\"https:\/\/dev.frantoiomuraglia.it\/wp-content\/uploads\/2022\/03\/intenso_250.jpg\" \/>\n\t<meta property=\"og:image:width\" content=\"2180\" \/>\n\t<meta property=\"og:image:height\" content=\"2294\" \/>\n\t<meta property=\"og:image:type\" content=\"image\/jpeg\" \/>\n<meta name=\"twitter:card\" content=\"summary_large_image\" \/>\n<script type=\"application\/ld+json\" class=\"yoast-schema-graph\">{\"@context\":\"https:\/\/schema.org\",\"@graph\":[{\"@type\":\"WebPage\",\"@id\":\"https:\/\/dev.frantoiomuraglia.it\/de\/produkt\/intensiv-fruchtiges-olivenol-250ml\/\",\"url\":\"https:\/\/dev.frantoiomuraglia.it\/de\/produkt\/intensiv-fruchtiges-olivenol-250ml\/\",\"name\":\"Intensiv Fruchtiges Oliven\u00f6l 250 ml - Frantoio Muraglia\",\"isPartOf\":{\"@id\":\"https:\/\/dev.frantoiomuraglia.it\/de\/#website\"},\"primaryImageOfPage\":{\"@id\":\"https:\/\/dev.frantoiomuraglia.it\/de\/produkt\/intensiv-fruchtiges-olivenol-250ml\/#primaryimage\"},\"image\":{\"@id\":\"https:\/\/dev.frantoiomuraglia.it\/de\/produkt\/intensiv-fruchtiges-olivenol-250ml\/#primaryimage\"},\"thumbnailUrl\":\"https:\/\/dev.frantoiomuraglia.it\/wp-content\/uploads\/2022\/03\/intenso_250.jpg\",\"datePublished\":\"2022-05-07T17:00:34+00:00\",\"dateModified\":\"2025-06-12T13:17:27+00:00\",\"description\":\"\u201eEssenza\u201c ist ein Intensiv Fruchtiges natives Oliven\u00f6l extra, das ausschlie\u00dflich aus in Apulien angebauten Oliven der Sorte Coratina hergestellt wird.\",\"breadcrumb\":{\"@id\":\"https:\/\/dev.frantoiomuraglia.it\/de\/produkt\/intensiv-fruchtiges-olivenol-250ml\/#breadcrumb\"},\"inLanguage\":\"de\",\"potentialAction\":[{\"@type\":\"ReadAction\",\"target\":[\"https:\/\/dev.frantoiomuraglia.it\/de\/produkt\/intensiv-fruchtiges-olivenol-250ml\/\"]}]},{\"@type\":\"ImageObject\",\"inLanguage\":\"de\",\"@id\":\"https:\/\/dev.frantoiomuraglia.it\/de\/produkt\/intensiv-fruchtiges-olivenol-250ml\/#primaryimage\",\"url\":\"https:\/\/dev.frantoiomuraglia.it\/wp-content\/uploads\/2022\/03\/intenso_250.jpg\",\"contentUrl\":\"https:\/\/dev.frantoiomuraglia.it\/wp-content\/uploads\/2022\/03\/intenso_250.jpg\",\"width\":2180,\"height\":2294},{\"@type\":\"BreadcrumbList\",\"@id\":\"https:\/\/dev.frantoiomuraglia.it\/de\/produkt\/intensiv-fruchtiges-olivenol-250ml\/#breadcrumb\",\"itemListElement\":[{\"@type\":\"ListItem\",\"position\":1,\"name\":\"Home\",\"item\":\"https:\/\/dev.frantoiomuraglia.it\/de\/\"},{\"@type\":\"ListItem\",\"position\":2,\"name\":\"Shop\",\"item\":\"https:\/\/dev.frantoiomuraglia.it\/de\/shop\/\"},{\"@type\":\"ListItem\",\"position\":3,\"name\":\"Intensiv Fruchtiges Oliven\u00f6l 250 ml\"}]},{\"@type\":\"WebSite\",\"@id\":\"https:\/\/dev.frantoiomuraglia.it\/de\/#website\",\"url\":\"https:\/\/dev.frantoiomuraglia.it\/de\/\",\"name\":\"Frantoio Muraglia\",\"description\":\"Just another WordPress site\",\"publisher\":{\"@id\":\"https:\/\/dev.frantoiomuraglia.it\/de\/#organization\"},\"potentialAction\":[{\"@type\":\"SearchAction\",\"target\":{\"@type\":\"EntryPoint\",\"urlTemplate\":\"https:\/\/dev.frantoiomuraglia.it\/de\/?s={search_term_string}\"},\"query-input\":{\"@type\":\"PropertyValueSpecification\",\"valueRequired\":true,\"valueName\":\"search_term_string\"}}],\"inLanguage\":\"de\"},{\"@type\":\"Organization\",\"@id\":\"https:\/\/dev.frantoiomuraglia.it\/de\/#organization\",\"name\":\"Frantoio Muraglia\",\"url\":\"https:\/\/dev.frantoiomuraglia.it\/de\/\",\"logo\":{\"@type\":\"ImageObject\",\"inLanguage\":\"de\",\"@id\":\"https:\/\/dev.frantoiomuraglia.it\/de\/#\/schema\/logo\/image\/\",\"url\":\"https:\/\/www.frantoiomuraglia.it\/wp-content\/uploads\/2022\/06\/Logo-Frantoio-Muraglia-black-email.jpg\",\"contentUrl\":\"https:\/\/www.frantoiomuraglia.it\/wp-content\/uploads\/2022\/06\/Logo-Frantoio-Muraglia-black-email.jpg\",\"width\":326,\"height\":150,\"caption\":\"Frantoio Muraglia\"},\"image\":{\"@id\":\"https:\/\/dev.frantoiomuraglia.it\/de\/#\/schema\/logo\/image\/\"}}]}<\/script>\n<!-- \/ Yoast SEO plugin. -->","yoast_head_json":{"title":"Intensiv Fruchtiges Oliven\u00f6l 250 ml - Frantoio Muraglia","description":"\u201eEssenza\u201c ist ein Intensiv Fruchtiges natives Oliven\u00f6l extra, das ausschlie\u00dflich aus in Apulien angebauten Oliven der Sorte Coratina hergestellt wird.","robots":{"index":"noindex","follow":"follow","max-snippet":"max-snippet:-1","max-image-preview":"max-image-preview:large","max-video-preview":"max-video-preview:-1"},"og_locale":"de_DE","og_type":"article","og_title":"Intensiv Fruchtiges Oliven\u00f6l 250 ml - Frantoio Muraglia","og_description":"\u201eEssenza\u201c ist ein Intensiv Fruchtiges natives Oliven\u00f6l extra, das ausschlie\u00dflich aus in Apulien angebauten Oliven der Sorte Coratina hergestellt wird.","og_url":"https:\/\/dev.frantoiomuraglia.it\/de\/produkt\/intensiv-fruchtiges-olivenol-250ml\/","og_site_name":"Frantoio Muraglia","article_modified_time":"2025-06-12T13:17:27+00:00","og_image":[{"width":2180,"height":2294,"url":"https:\/\/dev.frantoiomuraglia.it\/wp-content\/uploads\/2022\/03\/intenso_250.jpg","type":"image\/jpeg"}],"twitter_card":"summary_large_image","schema":{"@context":"https:\/\/schema.org","@graph":[{"@type":"WebPage","@id":"https:\/\/dev.frantoiomuraglia.it\/de\/produkt\/intensiv-fruchtiges-olivenol-250ml\/","url":"https:\/\/dev.frantoiomuraglia.it\/de\/produkt\/intensiv-fruchtiges-olivenol-250ml\/","name":"Intensiv Fruchtiges Oliven\u00f6l 250 ml - Frantoio Muraglia","isPartOf":{"@id":"https:\/\/dev.frantoiomuraglia.it\/de\/#website"},"primaryImageOfPage":{"@id":"https:\/\/dev.frantoiomuraglia.it\/de\/produkt\/intensiv-fruchtiges-olivenol-250ml\/#primaryimage"},"image":{"@id":"https:\/\/dev.frantoiomuraglia.it\/de\/produkt\/intensiv-fruchtiges-olivenol-250ml\/#primaryimage"},"thumbnailUrl":"https:\/\/dev.frantoiomuraglia.it\/wp-content\/uploads\/2022\/03\/intenso_250.jpg","datePublished":"2022-05-07T17:00:34+00:00","dateModified":"2025-06-12T13:17:27+00:00","description":"\u201eEssenza\u201c ist ein Intensiv Fruchtiges natives Oliven\u00f6l extra, das ausschlie\u00dflich aus in Apulien angebauten Oliven der Sorte Coratina hergestellt wird.","breadcrumb":{"@id":"https:\/\/dev.frantoiomuraglia.it\/de\/produkt\/intensiv-fruchtiges-olivenol-250ml\/#breadcrumb"},"inLanguage":"de","potentialAction":[{"@type":"ReadAction","target":["https:\/\/dev.frantoiomuraglia.it\/de\/produkt\/intensiv-fruchtiges-olivenol-250ml\/"]}]},{"@type":"ImageObject","inLanguage":"de","@id":"https:\/\/dev.frantoiomuraglia.it\/de\/produkt\/intensiv-fruchtiges-olivenol-250ml\/#primaryimage","url":"https:\/\/dev.frantoiomuraglia.it\/wp-content\/uploads\/2022\/03\/intenso_250.jpg","contentUrl":"https:\/\/dev.frantoiomuraglia.it\/wp-content\/uploads\/2022\/03\/intenso_250.jpg","width":2180,"height":2294},{"@type":"BreadcrumbList","@id":"https:\/\/dev.frantoiomuraglia.it\/de\/produkt\/intensiv-fruchtiges-olivenol-250ml\/#breadcrumb","itemListElement":[{"@type":"ListItem","position":1,"name":"Home","item":"https:\/\/dev.frantoiomuraglia.it\/de\/"},{"@type":"ListItem","position":2,"name":"Shop","item":"https:\/\/dev.frantoiomuraglia.it\/de\/shop\/"},{"@type":"ListItem","position":3,"name":"Intensiv Fruchtiges Oliven\u00f6l 250 ml"}]},{"@type":"WebSite","@id":"https:\/\/dev.frantoiomuraglia.it\/de\/#website","url":"https:\/\/dev.frantoiomuraglia.it\/de\/","name":"Frantoio Muraglia","description":"Just another WordPress site","publisher":{"@id":"https:\/\/dev.frantoiomuraglia.it\/de\/#organization"},"potentialAction":[{"@type":"SearchAction","target":{"@type":"EntryPoint","urlTemplate":"https:\/\/dev.frantoiomuraglia.it\/de\/?s={search_term_string}"},"query-input":{"@type":"PropertyValueSpecification","valueRequired":true,"valueName":"search_term_string"}}],"inLanguage":"de"},{"@type":"Organization","@id":"https:\/\/dev.frantoiomuraglia.it\/de\/#organization","name":"Frantoio Muraglia","url":"https:\/\/dev.frantoiomuraglia.it\/de\/","logo":{"@type":"ImageObject","inLanguage":"de","@id":"https:\/\/dev.frantoiomuraglia.it\/de\/#\/schema\/logo\/image\/","url":"https:\/\/www.frantoiomuraglia.it\/wp-content\/uploads\/2022\/06\/Logo-Frantoio-Muraglia-black-email.jpg","contentUrl":"https:\/\/www.frantoiomuraglia.it\/wp-content\/uploads\/2022\/06\/Logo-Frantoio-Muraglia-black-email.jpg","width":326,"height":150,"caption":"Frantoio Muraglia"},"image":{"@id":"https:\/\/dev.frantoiomuraglia.it\/de\/#\/schema\/logo\/image\/"}}]}},"_links":{"self":[{"href":"https:\/\/dev.frantoiomuraglia.it\/de\/wp-json\/wp\/v2\/product\/6707","targetHints":{"allow":["GET"]}}],"collection":[{"href":"https:\/\/dev.frantoiomuraglia.it\/de\/wp-json\/wp\/v2\/product"}],"about":[{"href":"https:\/\/dev.frantoiomuraglia.it\/de\/wp-json\/wp\/v2\/types\/product"}],"wp:featuredmedia":[{"embeddable":true,"href":"https:\/\/dev.frantoiomuraglia.it\/de\/wp-json\/wp\/v2\/media\/33360"}],"wp:attachment":[{"href":"https:\/\/dev.frantoiomuraglia.it\/de\/wp-json\/wp\/v2\/media?parent=6707"}],"wp:term":[{"taxonomy":"product_cat","embeddable":true,"href":"https:\/\/dev.frantoiomuraglia.it\/de\/wp-json\/wp\/v2\/product_cat?post=6707"},{"taxonomy":"product_tag","embeddable":true,"href":"https:\/\/dev.frantoiomuraglia.it\/de\/wp-json\/wp\/v2\/product_tag?post=6707"}],"curies":[{"name":"wp","href":"https:\/\/api.w.org\/{rel}","templated":true}]}}