{"id":6701,"date":"2022-03-24T13:41:10","date_gmt":"2022-05-07T16:27:47","guid":{"rendered":"https:\/\/dev.frantoiomuraglia.it\/product\/kalt-geraeuchertes-olivenoel-fumo\/"},"modified":"2025-06-13T09:09:00","modified_gmt":"2025-06-13T07:09:00","slug":"kalt-gerauchertes-olivenol-fumo","status":"publish","type":"product","link":"https:\/\/dev.frantoiomuraglia.it\/de\/produkt\/kalt-gerauchertes-olivenol-fumo\/","title":{"rendered":"Kalt ger\u00e4uchertes Oliven\u00f6l \u201eFumo\u201c"},"content":{"rendered":"<p>Fumo wurde nach drei Jahren Forschung, Studium und Meditation entwickelt und ist ein natives Oliven\u00f6l extra aus Peranzana, das auf nat\u00fcrliche Weise mit nat\u00fcrlichen H\u00f6lzern kalt ger\u00e4uchert wurde. 2015 wurde es zum ersten Mal hergestellt und im selben Jahr mit dem Tuttofood Innovation Award ausgezeichnet. Es stellt das perfekte Gleichgewicht zwischen Aromen und Geschmack dar und wertet die Rohstoffe auf, ohne ihre Identit\u00e4t zu verdecken, und verleiht Rohkost, Salaten, aber auch Milchprodukten einen Hauch von Glut. <\/p>\n<p>Alle Anwendungstipps unter &#8222;Oliven\u00f6lkultur&#8220;.<\/p>\n","protected":false},"excerpt":{"rendered":"<p>Fumo wurde nach drei Jahren Forschung, Studium und Meditation entwickelt und ist ein natives Oliven\u00f6l extra aus Peranzana, das auf nat\u00fcrliche Weise mit nat\u00fcrlichen H\u00f6lzern kalt ger\u00e4uchert wurde. 2015 wurde es zum ersten Mal hergestellt und im selben Jahr mit dem Tuttofood Innovation Award ausgezeichnet. Es stellt das perfekte Gleichgewicht zwischen Aromen und Geschmack dar [&hellip;]<\/p>\n","protected":false},"featured_media":5173,"template":"","meta":{"_acf_changed":false},"product_cat":[228,142],"product_tag":[316,333,237,147],"class_list":{"0":"post-6701","1":"product","2":"type-product","3":"status-publish","4":"has-post-thumbnail","6":"product_cat-aromatisiertes","7":"product_cat-upsell_shopper-de","8":"product_tag-essence-de","9":"product_tag-smoke-type-de","10":"product_tag-tpl_fumo-de","11":"product_tag-upsell_shopper-de","13":"first","14":"instock","15":"taxable","16":"shipping-taxable","17":"purchasable","18":"product-type-simple"},"acf":[],"yoast_head":"<!-- This site is optimized with the Yoast SEO plugin v26.8 - https:\/\/yoast.com\/product\/yoast-seo-wordpress\/ -->\n<title>Kalt ger\u00e4uchertes Oliven\u00f6l \u201eFumo\u201c - Frantoio Muraglia<\/title>\n<meta name=\"description\" content=\"Fumo ist ein natives Oliven\u00f6l extra aus Peranzana-Oliven, das auf Naturholz kalt ger\u00e4uchert wird.\" \/>\n<meta name=\"robots\" content=\"noindex, follow, max-snippet:-1, max-image-preview:large, max-video-preview:-1\" \/>\n<meta property=\"og:locale\" content=\"de_DE\" \/>\n<meta property=\"og:type\" content=\"article\" \/>\n<meta property=\"og:title\" content=\"Kalt ger\u00e4uchertes Oliven\u00f6l \u201eFumo\u201c - Frantoio Muraglia\" \/>\n<meta property=\"og:description\" content=\"Fumo ist ein natives Oliven\u00f6l extra aus Peranzana-Oliven, das auf Naturholz kalt ger\u00e4uchert wird.\" \/>\n<meta property=\"og:url\" content=\"https:\/\/dev.frantoiomuraglia.it\/de\/produkt\/kalt-gerauchertes-olivenol-fumo\/\" \/>\n<meta property=\"og:site_name\" content=\"Frantoio Muraglia\" \/>\n<meta property=\"article:modified_time\" content=\"2025-06-13T07:09:00+00:00\" \/>\n<meta property=\"og:image\" content=\"https:\/\/dev.frantoiomuraglia.it\/wp-content\/uploads\/2022\/03\/Fumo-3.jpg\" \/>\n\t<meta property=\"og:image:width\" content=\"2180\" \/>\n\t<meta property=\"og:image:height\" content=\"2294\" \/>\n\t<meta property=\"og:image:type\" content=\"image\/jpeg\" \/>\n<meta name=\"twitter:card\" content=\"summary_large_image\" \/>\n<script type=\"application\/ld+json\" class=\"yoast-schema-graph\">{\"@context\":\"https:\/\/schema.org\",\"@graph\":[{\"@type\":\"WebPage\",\"@id\":\"https:\/\/dev.frantoiomuraglia.it\/de\/produkt\/kalt-gerauchertes-olivenol-fumo\/\",\"url\":\"https:\/\/dev.frantoiomuraglia.it\/de\/produkt\/kalt-gerauchertes-olivenol-fumo\/\",\"name\":\"Kalt ger\u00e4uchertes Oliven\u00f6l \u201eFumo\u201c - Frantoio Muraglia\",\"isPartOf\":{\"@id\":\"https:\/\/dev.frantoiomuraglia.it\/de\/#website\"},\"primaryImageOfPage\":{\"@id\":\"https:\/\/dev.frantoiomuraglia.it\/de\/produkt\/kalt-gerauchertes-olivenol-fumo\/#primaryimage\"},\"image\":{\"@id\":\"https:\/\/dev.frantoiomuraglia.it\/de\/produkt\/kalt-gerauchertes-olivenol-fumo\/#primaryimage\"},\"thumbnailUrl\":\"https:\/\/dev.frantoiomuraglia.it\/wp-content\/uploads\/2022\/03\/Fumo-3.jpg\",\"datePublished\":\"2022-05-07T16:27:47+00:00\",\"dateModified\":\"2025-06-13T07:09:00+00:00\",\"description\":\"Fumo ist ein natives Oliven\u00f6l extra aus Peranzana-Oliven, das auf Naturholz kalt ger\u00e4uchert wird.\",\"breadcrumb\":{\"@id\":\"https:\/\/dev.frantoiomuraglia.it\/de\/produkt\/kalt-gerauchertes-olivenol-fumo\/#breadcrumb\"},\"inLanguage\":\"de\",\"potentialAction\":[{\"@type\":\"ReadAction\",\"target\":[\"https:\/\/dev.frantoiomuraglia.it\/de\/produkt\/kalt-gerauchertes-olivenol-fumo\/\"]}]},{\"@type\":\"ImageObject\",\"inLanguage\":\"de\",\"@id\":\"https:\/\/dev.frantoiomuraglia.it\/de\/produkt\/kalt-gerauchertes-olivenol-fumo\/#primaryimage\",\"url\":\"https:\/\/dev.frantoiomuraglia.it\/wp-content\/uploads\/2022\/03\/Fumo-3.jpg\",\"contentUrl\":\"https:\/\/dev.frantoiomuraglia.it\/wp-content\/uploads\/2022\/03\/Fumo-3.jpg\",\"width\":2180,\"height\":2294},{\"@type\":\"BreadcrumbList\",\"@id\":\"https:\/\/dev.frantoiomuraglia.it\/de\/produkt\/kalt-gerauchertes-olivenol-fumo\/#breadcrumb\",\"itemListElement\":[{\"@type\":\"ListItem\",\"position\":1,\"name\":\"Home\",\"item\":\"https:\/\/dev.frantoiomuraglia.it\/de\/\"},{\"@type\":\"ListItem\",\"position\":2,\"name\":\"Shop\",\"item\":\"https:\/\/dev.frantoiomuraglia.it\/de\/shop\/\"},{\"@type\":\"ListItem\",\"position\":3,\"name\":\"Kalt ger\u00e4uchertes Oliven\u00f6l \u201eFumo\u201c\"}]},{\"@type\":\"WebSite\",\"@id\":\"https:\/\/dev.frantoiomuraglia.it\/de\/#website\",\"url\":\"https:\/\/dev.frantoiomuraglia.it\/de\/\",\"name\":\"Frantoio Muraglia\",\"description\":\"Just another WordPress site\",\"publisher\":{\"@id\":\"https:\/\/dev.frantoiomuraglia.it\/de\/#organization\"},\"potentialAction\":[{\"@type\":\"SearchAction\",\"target\":{\"@type\":\"EntryPoint\",\"urlTemplate\":\"https:\/\/dev.frantoiomuraglia.it\/de\/?s={search_term_string}\"},\"query-input\":{\"@type\":\"PropertyValueSpecification\",\"valueRequired\":true,\"valueName\":\"search_term_string\"}}],\"inLanguage\":\"de\"},{\"@type\":\"Organization\",\"@id\":\"https:\/\/dev.frantoiomuraglia.it\/de\/#organization\",\"name\":\"Frantoio Muraglia\",\"url\":\"https:\/\/dev.frantoiomuraglia.it\/de\/\",\"logo\":{\"@type\":\"ImageObject\",\"inLanguage\":\"de\",\"@id\":\"https:\/\/dev.frantoiomuraglia.it\/de\/#\/schema\/logo\/image\/\",\"url\":\"https:\/\/www.frantoiomuraglia.it\/wp-content\/uploads\/2022\/06\/Logo-Frantoio-Muraglia-black-email.jpg\",\"contentUrl\":\"https:\/\/www.frantoiomuraglia.it\/wp-content\/uploads\/2022\/06\/Logo-Frantoio-Muraglia-black-email.jpg\",\"width\":326,\"height\":150,\"caption\":\"Frantoio Muraglia\"},\"image\":{\"@id\":\"https:\/\/dev.frantoiomuraglia.it\/de\/#\/schema\/logo\/image\/\"}}]}<\/script>\n<!-- \/ Yoast SEO plugin. -->","yoast_head_json":{"title":"Kalt ger\u00e4uchertes Oliven\u00f6l \u201eFumo\u201c - Frantoio Muraglia","description":"Fumo ist ein natives Oliven\u00f6l extra aus Peranzana-Oliven, das auf Naturholz kalt ger\u00e4uchert wird.","robots":{"index":"noindex","follow":"follow","max-snippet":"max-snippet:-1","max-image-preview":"max-image-preview:large","max-video-preview":"max-video-preview:-1"},"og_locale":"de_DE","og_type":"article","og_title":"Kalt ger\u00e4uchertes Oliven\u00f6l \u201eFumo\u201c - Frantoio Muraglia","og_description":"Fumo ist ein natives Oliven\u00f6l extra aus Peranzana-Oliven, das auf Naturholz kalt ger\u00e4uchert wird.","og_url":"https:\/\/dev.frantoiomuraglia.it\/de\/produkt\/kalt-gerauchertes-olivenol-fumo\/","og_site_name":"Frantoio Muraglia","article_modified_time":"2025-06-13T07:09:00+00:00","og_image":[{"width":2180,"height":2294,"url":"https:\/\/dev.frantoiomuraglia.it\/wp-content\/uploads\/2022\/03\/Fumo-3.jpg","type":"image\/jpeg"}],"twitter_card":"summary_large_image","schema":{"@context":"https:\/\/schema.org","@graph":[{"@type":"WebPage","@id":"https:\/\/dev.frantoiomuraglia.it\/de\/produkt\/kalt-gerauchertes-olivenol-fumo\/","url":"https:\/\/dev.frantoiomuraglia.it\/de\/produkt\/kalt-gerauchertes-olivenol-fumo\/","name":"Kalt ger\u00e4uchertes Oliven\u00f6l \u201eFumo\u201c - Frantoio Muraglia","isPartOf":{"@id":"https:\/\/dev.frantoiomuraglia.it\/de\/#website"},"primaryImageOfPage":{"@id":"https:\/\/dev.frantoiomuraglia.it\/de\/produkt\/kalt-gerauchertes-olivenol-fumo\/#primaryimage"},"image":{"@id":"https:\/\/dev.frantoiomuraglia.it\/de\/produkt\/kalt-gerauchertes-olivenol-fumo\/#primaryimage"},"thumbnailUrl":"https:\/\/dev.frantoiomuraglia.it\/wp-content\/uploads\/2022\/03\/Fumo-3.jpg","datePublished":"2022-05-07T16:27:47+00:00","dateModified":"2025-06-13T07:09:00+00:00","description":"Fumo ist ein natives Oliven\u00f6l extra aus Peranzana-Oliven, das auf Naturholz kalt ger\u00e4uchert wird.","breadcrumb":{"@id":"https:\/\/dev.frantoiomuraglia.it\/de\/produkt\/kalt-gerauchertes-olivenol-fumo\/#breadcrumb"},"inLanguage":"de","potentialAction":[{"@type":"ReadAction","target":["https:\/\/dev.frantoiomuraglia.it\/de\/produkt\/kalt-gerauchertes-olivenol-fumo\/"]}]},{"@type":"ImageObject","inLanguage":"de","@id":"https:\/\/dev.frantoiomuraglia.it\/de\/produkt\/kalt-gerauchertes-olivenol-fumo\/#primaryimage","url":"https:\/\/dev.frantoiomuraglia.it\/wp-content\/uploads\/2022\/03\/Fumo-3.jpg","contentUrl":"https:\/\/dev.frantoiomuraglia.it\/wp-content\/uploads\/2022\/03\/Fumo-3.jpg","width":2180,"height":2294},{"@type":"BreadcrumbList","@id":"https:\/\/dev.frantoiomuraglia.it\/de\/produkt\/kalt-gerauchertes-olivenol-fumo\/#breadcrumb","itemListElement":[{"@type":"ListItem","position":1,"name":"Home","item":"https:\/\/dev.frantoiomuraglia.it\/de\/"},{"@type":"ListItem","position":2,"name":"Shop","item":"https:\/\/dev.frantoiomuraglia.it\/de\/shop\/"},{"@type":"ListItem","position":3,"name":"Kalt ger\u00e4uchertes Oliven\u00f6l \u201eFumo\u201c"}]},{"@type":"WebSite","@id":"https:\/\/dev.frantoiomuraglia.it\/de\/#website","url":"https:\/\/dev.frantoiomuraglia.it\/de\/","name":"Frantoio Muraglia","description":"Just another WordPress site","publisher":{"@id":"https:\/\/dev.frantoiomuraglia.it\/de\/#organization"},"potentialAction":[{"@type":"SearchAction","target":{"@type":"EntryPoint","urlTemplate":"https:\/\/dev.frantoiomuraglia.it\/de\/?s={search_term_string}"},"query-input":{"@type":"PropertyValueSpecification","valueRequired":true,"valueName":"search_term_string"}}],"inLanguage":"de"},{"@type":"Organization","@id":"https:\/\/dev.frantoiomuraglia.it\/de\/#organization","name":"Frantoio Muraglia","url":"https:\/\/dev.frantoiomuraglia.it\/de\/","logo":{"@type":"ImageObject","inLanguage":"de","@id":"https:\/\/dev.frantoiomuraglia.it\/de\/#\/schema\/logo\/image\/","url":"https:\/\/www.frantoiomuraglia.it\/wp-content\/uploads\/2022\/06\/Logo-Frantoio-Muraglia-black-email.jpg","contentUrl":"https:\/\/www.frantoiomuraglia.it\/wp-content\/uploads\/2022\/06\/Logo-Frantoio-Muraglia-black-email.jpg","width":326,"height":150,"caption":"Frantoio Muraglia"},"image":{"@id":"https:\/\/dev.frantoiomuraglia.it\/de\/#\/schema\/logo\/image\/"}}]}},"_links":{"self":[{"href":"https:\/\/dev.frantoiomuraglia.it\/de\/wp-json\/wp\/v2\/product\/6701","targetHints":{"allow":["GET"]}}],"collection":[{"href":"https:\/\/dev.frantoiomuraglia.it\/de\/wp-json\/wp\/v2\/product"}],"about":[{"href":"https:\/\/dev.frantoiomuraglia.it\/de\/wp-json\/wp\/v2\/types\/product"}],"wp:featuredmedia":[{"embeddable":true,"href":"https:\/\/dev.frantoiomuraglia.it\/de\/wp-json\/wp\/v2\/media\/5173"}],"wp:attachment":[{"href":"https:\/\/dev.frantoiomuraglia.it\/de\/wp-json\/wp\/v2\/media?parent=6701"}],"wp:term":[{"taxonomy":"product_cat","embeddable":true,"href":"https:\/\/dev.frantoiomuraglia.it\/de\/wp-json\/wp\/v2\/product_cat?post=6701"},{"taxonomy":"product_tag","embeddable":true,"href":"https:\/\/dev.frantoiomuraglia.it\/de\/wp-json\/wp\/v2\/product_tag?post=6701"}],"curies":[{"name":"wp","href":"https:\/\/api.w.org\/{rel}","templated":true}]}}