{"id":6697,"date":"2022-03-24T13:42:23","date_gmt":"2022-05-07T15:12:42","guid":{"rendered":"https:\/\/dev.frantoiomuraglia.it\/product\/aromatisiertes-basilikumoel-200-ml\/"},"modified":"2025-06-12T16:59:41","modified_gmt":"2025-06-12T14:59:41","slug":"aromatisiertes-basilikumol","status":"publish","type":"product","link":"https:\/\/dev.frantoiomuraglia.it\/de\/produkt\/aromatisiertes-basilikumol\/","title":{"rendered":"Aromatisiertes Basilikum\u00f6l 200 ml"},"content":{"rendered":"<p>Das aromatisiertes Basilikum\u00f6l entsteht aus der Verbindung zweier hervorragender \u00d6le, dem nativen Oliven\u00f6l extra und das Basilikum DOP von Genua, wodurch ein Aroma entsteht, das zur Essenz wird. Die Vereinigung der Aromen, ihre Vermischung, erfolgt in einem 100% nat\u00fcrlichen Produktionsprozess. Sie bleiben zusammen und werden zusammen mit den Oliven gepresst.  So bleiben die vermischten Aromen erhalten und werden zusammen mit den Oliven gepresst.<\/p>\n<p>Frantoio Muraglia verbindet die Reinheit seines \u00d6ls mit ausgesuchten und begehrten Rohstoffen, die zu den Vorz\u00fcgen des Gebiets geh\u00f6ren, um sie zu respektieren und zu veredeln: die IGP Zitrone von Rocca Imperiale, die kalabrische Chilischote, das Basilikum von Genua, Knoblauch.<\/p>\n<p>Alle Anwendungstipps unter &#8222;Oliven\u00f6lkultur&#8220;.<\/p>\n","protected":false},"excerpt":{"rendered":"<p>Das aromatisiertes Basilikum\u00f6l entsteht aus der Verbindung zweier hervorragender \u00d6le, dem nativen Oliven\u00f6l extra und das Basilikum DOP von Genua, wodurch ein Aroma entsteht, das zur Essenz wird. Die Vereinigung der Aromen, ihre Vermischung, erfolgt in einem 100% nat\u00fcrlichen Produktionsprozess. Sie bleiben zusammen und werden zusammen mit den Oliven gepresst. So bleiben die vermischten Aromen [&hellip;]<\/p>\n","protected":false},"featured_media":6039,"template":"","meta":{"_acf_changed":false},"product_cat":[228,142],"product_tag":[318,319,231,147],"class_list":{"0":"post-6697","1":"product","2":"type-product","3":"status-publish","4":"has-post-thumbnail","6":"product_cat-aromatisiertes","7":"product_cat-upsell_shopper-de","8":"product_tag-aromatic-de","9":"product_tag-aromatictype-de","10":"product_tag-tpl_aromatisiertes","11":"product_tag-upsell_shopper-de","13":"first","14":"instock","15":"taxable","16":"shipping-taxable","17":"purchasable","18":"product-type-simple"},"acf":[],"yoast_head":"<!-- This site is optimized with the Yoast SEO plugin v26.8 - https:\/\/yoast.com\/product\/yoast-seo-wordpress\/ -->\n<title>Aromatisiertes Basilikum\u00f6l 200 ml - Frantoio Muraglia<\/title>\n<meta name=\"description\" content=\"Wenn sich exzellente Produkte vereinen, wird Aroma zur Essenz. Die Fusion der Aromen erfolgt w\u00e4hrend des Pressens unserer \u00d6le. Sie werden zusammen mit den Oliven gepresst.\" \/>\n<meta name=\"robots\" content=\"noindex, follow, max-snippet:-1, max-image-preview:large, max-video-preview:-1\" \/>\n<meta property=\"og:locale\" content=\"de_DE\" \/>\n<meta property=\"og:type\" content=\"article\" \/>\n<meta property=\"og:title\" content=\"Aromatisiertes Basilikum\u00f6l 200 ml - Frantoio Muraglia\" \/>\n<meta property=\"og:description\" content=\"Wenn sich exzellente Produkte vereinen, wird Aroma zur Essenz. Die Fusion der Aromen erfolgt w\u00e4hrend des Pressens unserer \u00d6le. Sie werden zusammen mit den Oliven gepresst.\" \/>\n<meta property=\"og:url\" content=\"https:\/\/dev.frantoiomuraglia.it\/de\/produkt\/aromatisiertes-basilikumol\/\" \/>\n<meta property=\"og:site_name\" content=\"Frantoio Muraglia\" \/>\n<meta property=\"article:modified_time\" content=\"2025-06-12T14:59:41+00:00\" \/>\n<meta property=\"og:image\" content=\"https:\/\/dev.frantoiomuraglia.it\/wp-content\/uploads\/2022\/03\/Aromatico-al-Basilico-200ml-3-1.jpg\" \/>\n\t<meta property=\"og:image:width\" content=\"2180\" \/>\n\t<meta property=\"og:image:height\" content=\"2294\" \/>\n\t<meta property=\"og:image:type\" content=\"image\/jpeg\" \/>\n<meta name=\"twitter:card\" content=\"summary_large_image\" \/>\n<script type=\"application\/ld+json\" class=\"yoast-schema-graph\">{\"@context\":\"https:\/\/schema.org\",\"@graph\":[{\"@type\":\"WebPage\",\"@id\":\"https:\/\/dev.frantoiomuraglia.it\/de\/produkt\/aromatisiertes-basilikumol\/\",\"url\":\"https:\/\/dev.frantoiomuraglia.it\/de\/produkt\/aromatisiertes-basilikumol\/\",\"name\":\"Aromatisiertes Basilikum\u00f6l 200 ml - Frantoio Muraglia\",\"isPartOf\":{\"@id\":\"https:\/\/dev.frantoiomuraglia.it\/de\/#website\"},\"primaryImageOfPage\":{\"@id\":\"https:\/\/dev.frantoiomuraglia.it\/de\/produkt\/aromatisiertes-basilikumol\/#primaryimage\"},\"image\":{\"@id\":\"https:\/\/dev.frantoiomuraglia.it\/de\/produkt\/aromatisiertes-basilikumol\/#primaryimage\"},\"thumbnailUrl\":\"https:\/\/dev.frantoiomuraglia.it\/wp-content\/uploads\/2022\/03\/Aromatico-al-Basilico-200ml-3-1.jpg\",\"datePublished\":\"2022-05-07T15:12:42+00:00\",\"dateModified\":\"2025-06-12T14:59:41+00:00\",\"description\":\"Wenn sich exzellente Produkte vereinen, wird Aroma zur Essenz. Die Fusion der Aromen erfolgt w\u00e4hrend des Pressens unserer \u00d6le. Sie werden zusammen mit den Oliven gepresst.\",\"breadcrumb\":{\"@id\":\"https:\/\/dev.frantoiomuraglia.it\/de\/produkt\/aromatisiertes-basilikumol\/#breadcrumb\"},\"inLanguage\":\"de\",\"potentialAction\":[{\"@type\":\"ReadAction\",\"target\":[\"https:\/\/dev.frantoiomuraglia.it\/de\/produkt\/aromatisiertes-basilikumol\/\"]}]},{\"@type\":\"ImageObject\",\"inLanguage\":\"de\",\"@id\":\"https:\/\/dev.frantoiomuraglia.it\/de\/produkt\/aromatisiertes-basilikumol\/#primaryimage\",\"url\":\"https:\/\/dev.frantoiomuraglia.it\/wp-content\/uploads\/2022\/03\/Aromatico-al-Basilico-200ml-3-1.jpg\",\"contentUrl\":\"https:\/\/dev.frantoiomuraglia.it\/wp-content\/uploads\/2022\/03\/Aromatico-al-Basilico-200ml-3-1.jpg\",\"width\":2180,\"height\":2294},{\"@type\":\"BreadcrumbList\",\"@id\":\"https:\/\/dev.frantoiomuraglia.it\/de\/produkt\/aromatisiertes-basilikumol\/#breadcrumb\",\"itemListElement\":[{\"@type\":\"ListItem\",\"position\":1,\"name\":\"Home\",\"item\":\"https:\/\/dev.frantoiomuraglia.it\/de\/\"},{\"@type\":\"ListItem\",\"position\":2,\"name\":\"Shop\",\"item\":\"https:\/\/dev.frantoiomuraglia.it\/de\/shop\/\"},{\"@type\":\"ListItem\",\"position\":3,\"name\":\"Aromatisiertes Basilikum\u00f6l 200 ml\"}]},{\"@type\":\"WebSite\",\"@id\":\"https:\/\/dev.frantoiomuraglia.it\/de\/#website\",\"url\":\"https:\/\/dev.frantoiomuraglia.it\/de\/\",\"name\":\"Frantoio Muraglia\",\"description\":\"Just another WordPress site\",\"publisher\":{\"@id\":\"https:\/\/dev.frantoiomuraglia.it\/de\/#organization\"},\"potentialAction\":[{\"@type\":\"SearchAction\",\"target\":{\"@type\":\"EntryPoint\",\"urlTemplate\":\"https:\/\/dev.frantoiomuraglia.it\/de\/?s={search_term_string}\"},\"query-input\":{\"@type\":\"PropertyValueSpecification\",\"valueRequired\":true,\"valueName\":\"search_term_string\"}}],\"inLanguage\":\"de\"},{\"@type\":\"Organization\",\"@id\":\"https:\/\/dev.frantoiomuraglia.it\/de\/#organization\",\"name\":\"Frantoio Muraglia\",\"url\":\"https:\/\/dev.frantoiomuraglia.it\/de\/\",\"logo\":{\"@type\":\"ImageObject\",\"inLanguage\":\"de\",\"@id\":\"https:\/\/dev.frantoiomuraglia.it\/de\/#\/schema\/logo\/image\/\",\"url\":\"https:\/\/www.frantoiomuraglia.it\/wp-content\/uploads\/2022\/06\/Logo-Frantoio-Muraglia-black-email.jpg\",\"contentUrl\":\"https:\/\/www.frantoiomuraglia.it\/wp-content\/uploads\/2022\/06\/Logo-Frantoio-Muraglia-black-email.jpg\",\"width\":326,\"height\":150,\"caption\":\"Frantoio Muraglia\"},\"image\":{\"@id\":\"https:\/\/dev.frantoiomuraglia.it\/de\/#\/schema\/logo\/image\/\"}}]}<\/script>\n<!-- \/ Yoast SEO plugin. -->","yoast_head_json":{"title":"Aromatisiertes Basilikum\u00f6l 200 ml - Frantoio Muraglia","description":"Wenn sich exzellente Produkte vereinen, wird Aroma zur Essenz. Die Fusion der Aromen erfolgt w\u00e4hrend des Pressens unserer \u00d6le. Sie werden zusammen mit den Oliven gepresst.","robots":{"index":"noindex","follow":"follow","max-snippet":"max-snippet:-1","max-image-preview":"max-image-preview:large","max-video-preview":"max-video-preview:-1"},"og_locale":"de_DE","og_type":"article","og_title":"Aromatisiertes Basilikum\u00f6l 200 ml - Frantoio Muraglia","og_description":"Wenn sich exzellente Produkte vereinen, wird Aroma zur Essenz. Die Fusion der Aromen erfolgt w\u00e4hrend des Pressens unserer \u00d6le. Sie werden zusammen mit den Oliven gepresst.","og_url":"https:\/\/dev.frantoiomuraglia.it\/de\/produkt\/aromatisiertes-basilikumol\/","og_site_name":"Frantoio Muraglia","article_modified_time":"2025-06-12T14:59:41+00:00","og_image":[{"width":2180,"height":2294,"url":"https:\/\/dev.frantoiomuraglia.it\/wp-content\/uploads\/2022\/03\/Aromatico-al-Basilico-200ml-3-1.jpg","type":"image\/jpeg"}],"twitter_card":"summary_large_image","schema":{"@context":"https:\/\/schema.org","@graph":[{"@type":"WebPage","@id":"https:\/\/dev.frantoiomuraglia.it\/de\/produkt\/aromatisiertes-basilikumol\/","url":"https:\/\/dev.frantoiomuraglia.it\/de\/produkt\/aromatisiertes-basilikumol\/","name":"Aromatisiertes Basilikum\u00f6l 200 ml - Frantoio Muraglia","isPartOf":{"@id":"https:\/\/dev.frantoiomuraglia.it\/de\/#website"},"primaryImageOfPage":{"@id":"https:\/\/dev.frantoiomuraglia.it\/de\/produkt\/aromatisiertes-basilikumol\/#primaryimage"},"image":{"@id":"https:\/\/dev.frantoiomuraglia.it\/de\/produkt\/aromatisiertes-basilikumol\/#primaryimage"},"thumbnailUrl":"https:\/\/dev.frantoiomuraglia.it\/wp-content\/uploads\/2022\/03\/Aromatico-al-Basilico-200ml-3-1.jpg","datePublished":"2022-05-07T15:12:42+00:00","dateModified":"2025-06-12T14:59:41+00:00","description":"Wenn sich exzellente Produkte vereinen, wird Aroma zur Essenz. Die Fusion der Aromen erfolgt w\u00e4hrend des Pressens unserer \u00d6le. Sie werden zusammen mit den Oliven gepresst.","breadcrumb":{"@id":"https:\/\/dev.frantoiomuraglia.it\/de\/produkt\/aromatisiertes-basilikumol\/#breadcrumb"},"inLanguage":"de","potentialAction":[{"@type":"ReadAction","target":["https:\/\/dev.frantoiomuraglia.it\/de\/produkt\/aromatisiertes-basilikumol\/"]}]},{"@type":"ImageObject","inLanguage":"de","@id":"https:\/\/dev.frantoiomuraglia.it\/de\/produkt\/aromatisiertes-basilikumol\/#primaryimage","url":"https:\/\/dev.frantoiomuraglia.it\/wp-content\/uploads\/2022\/03\/Aromatico-al-Basilico-200ml-3-1.jpg","contentUrl":"https:\/\/dev.frantoiomuraglia.it\/wp-content\/uploads\/2022\/03\/Aromatico-al-Basilico-200ml-3-1.jpg","width":2180,"height":2294},{"@type":"BreadcrumbList","@id":"https:\/\/dev.frantoiomuraglia.it\/de\/produkt\/aromatisiertes-basilikumol\/#breadcrumb","itemListElement":[{"@type":"ListItem","position":1,"name":"Home","item":"https:\/\/dev.frantoiomuraglia.it\/de\/"},{"@type":"ListItem","position":2,"name":"Shop","item":"https:\/\/dev.frantoiomuraglia.it\/de\/shop\/"},{"@type":"ListItem","position":3,"name":"Aromatisiertes Basilikum\u00f6l 200 ml"}]},{"@type":"WebSite","@id":"https:\/\/dev.frantoiomuraglia.it\/de\/#website","url":"https:\/\/dev.frantoiomuraglia.it\/de\/","name":"Frantoio Muraglia","description":"Just another WordPress site","publisher":{"@id":"https:\/\/dev.frantoiomuraglia.it\/de\/#organization"},"potentialAction":[{"@type":"SearchAction","target":{"@type":"EntryPoint","urlTemplate":"https:\/\/dev.frantoiomuraglia.it\/de\/?s={search_term_string}"},"query-input":{"@type":"PropertyValueSpecification","valueRequired":true,"valueName":"search_term_string"}}],"inLanguage":"de"},{"@type":"Organization","@id":"https:\/\/dev.frantoiomuraglia.it\/de\/#organization","name":"Frantoio Muraglia","url":"https:\/\/dev.frantoiomuraglia.it\/de\/","logo":{"@type":"ImageObject","inLanguage":"de","@id":"https:\/\/dev.frantoiomuraglia.it\/de\/#\/schema\/logo\/image\/","url":"https:\/\/www.frantoiomuraglia.it\/wp-content\/uploads\/2022\/06\/Logo-Frantoio-Muraglia-black-email.jpg","contentUrl":"https:\/\/www.frantoiomuraglia.it\/wp-content\/uploads\/2022\/06\/Logo-Frantoio-Muraglia-black-email.jpg","width":326,"height":150,"caption":"Frantoio Muraglia"},"image":{"@id":"https:\/\/dev.frantoiomuraglia.it\/de\/#\/schema\/logo\/image\/"}}]}},"_links":{"self":[{"href":"https:\/\/dev.frantoiomuraglia.it\/de\/wp-json\/wp\/v2\/product\/6697","targetHints":{"allow":["GET"]}}],"collection":[{"href":"https:\/\/dev.frantoiomuraglia.it\/de\/wp-json\/wp\/v2\/product"}],"about":[{"href":"https:\/\/dev.frantoiomuraglia.it\/de\/wp-json\/wp\/v2\/types\/product"}],"wp:featuredmedia":[{"embeddable":true,"href":"https:\/\/dev.frantoiomuraglia.it\/de\/wp-json\/wp\/v2\/media\/6039"}],"wp:attachment":[{"href":"https:\/\/dev.frantoiomuraglia.it\/de\/wp-json\/wp\/v2\/media?parent=6697"}],"wp:term":[{"taxonomy":"product_cat","embeddable":true,"href":"https:\/\/dev.frantoiomuraglia.it\/de\/wp-json\/wp\/v2\/product_cat?post=6697"},{"taxonomy":"product_tag","embeddable":true,"href":"https:\/\/dev.frantoiomuraglia.it\/de\/wp-json\/wp\/v2\/product_tag?post=6697"}],"curies":[{"name":"wp","href":"https:\/\/api.w.org\/{rel}","templated":true}]}}