{"id":6664,"date":"2022-03-24T13:50:05","date_gmt":"2022-05-06T15:14:29","guid":{"rendered":"https:\/\/dev.frantoiomuraglia.it\/product\/magnumflasche-aus-keramik\/"},"modified":"2025-06-13T17:45:37","modified_gmt":"2025-06-13T15:45:37","slug":"magnumflasche-aus-keramik","status":"publish","type":"product","link":"https:\/\/dev.frantoiomuraglia.it\/de\/produkt\/magnumflasche-aus-keramik\/","title":{"rendered":"Magnumflasche aus Keramik"},"content":{"rendered":"<p>Der von unseren apulischen Handwerkern handgefertigte Keramikkrug Magnum bringt 1500 ml Kunst auf Ihren Tisch, die mit dem Duft frisch gepresster Oliven gef\u00fcllt wird. Die apulische Keramik h\u00e4lt die sensorischen Eigenschaften unseres nativen Oliven\u00f6ls intakt. Jeder Magnum ist in einer schwarzen Schachtel aufbewahrt, perfekt f\u00fcr ein elegantes und raffiniertes Geschenk.   Klare Linien und raffinierte Farben f\u00fcr ein \u00d6lgef\u00e4\u00df mit ironischem Charakter.<\/p>\n<p>Erh\u00e4ltlich in Intensiv fruchtig und Mittel Fruchtig.<\/p>\n<p>Alle Anwendungstipps unter &#8222;Oliven\u00f6lkultur&#8220;.<\/p>\n","protected":false},"excerpt":{"rendered":"<p>Der von unseren apulischen Handwerkern handgefertigte Keramikkrug Magnum bringt 1500 ml Kunst auf Ihren Tisch, die mit dem Duft frisch gepresster Oliven gef\u00fcllt wird. Die apulische Keramik h\u00e4lt die sensorischen Eigenschaften unseres nativen Oliven\u00f6ls intakt. Jeder Magnum ist in einer schwarzen Schachtel aufbewahrt, perfekt f\u00fcr ein elegantes und raffiniertes Geschenk. Klare Linien und raffinierte Farben [&hellip;]<\/p>\n","protected":false},"featured_media":4931,"template":"","meta":{"_acf_changed":false},"product_cat":[141],"product_tag":[308,294,310,369],"class_list":{"0":"post-6664","1":"product","2":"type-product","3":"status-publish","4":"has-post-thumbnail","6":"product_cat-keramikflasche","7":"product_tag-intense-variant-de","8":"product_tag-jars-de-2","9":"product_tag-medium-variant-de","10":"product_tag-tpl_jars-de","12":"first","13":"instock","14":"taxable","15":"shipping-taxable","16":"purchasable","17":"product-type-variable"},"acf":[],"yoast_head":"<!-- This site is optimized with the Yoast SEO plugin v26.8 - https:\/\/yoast.com\/product\/yoast-seo-wordpress\/ -->\n<title>Magnumflasche aus Keramik - Frantoio Muraglia<\/title>\n<meta name=\"description\" content=\"Handgefertigt von unseren apulischen Handwerkern. Darin werden alle Aromen und der Geschmack unseres nativen Oliven\u00f6ls extra bewahrt.\" \/>\n<meta name=\"robots\" content=\"noindex, follow, max-snippet:-1, max-image-preview:large, max-video-preview:-1\" \/>\n<meta property=\"og:locale\" content=\"de_DE\" \/>\n<meta property=\"og:type\" content=\"article\" \/>\n<meta property=\"og:title\" content=\"Magnumflasche aus Keramik - Frantoio Muraglia\" \/>\n<meta property=\"og:description\" content=\"Handgefertigt von unseren apulischen Handwerkern. Darin werden alle Aromen und der Geschmack unseres nativen Oliven\u00f6ls extra bewahrt.\" \/>\n<meta property=\"og:url\" content=\"https:\/\/dev.frantoiomuraglia.it\/de\/produkt\/magnumflasche-aus-keramik\/\" \/>\n<meta property=\"og:site_name\" content=\"Frantoio Muraglia\" \/>\n<meta property=\"article:modified_time\" content=\"2025-06-13T15:45:37+00:00\" \/>\n<meta property=\"og:image\" content=\"https:\/\/dev.frantoiomuraglia.it\/wp-content\/uploads\/2022\/03\/Orcio-in-ceramica-Magnum-2.jpg\" \/>\n\t<meta property=\"og:image:width\" content=\"2180\" \/>\n\t<meta property=\"og:image:height\" content=\"2294\" \/>\n\t<meta property=\"og:image:type\" content=\"image\/jpeg\" \/>\n<meta name=\"twitter:card\" content=\"summary_large_image\" \/>\n<script type=\"application\/ld+json\" class=\"yoast-schema-graph\">{\"@context\":\"https:\/\/schema.org\",\"@graph\":[{\"@type\":\"WebPage\",\"@id\":\"https:\/\/dev.frantoiomuraglia.it\/de\/produkt\/magnumflasche-aus-keramik\/\",\"url\":\"https:\/\/dev.frantoiomuraglia.it\/de\/produkt\/magnumflasche-aus-keramik\/\",\"name\":\"Magnumflasche aus Keramik - Frantoio Muraglia\",\"isPartOf\":{\"@id\":\"https:\/\/dev.frantoiomuraglia.it\/de\/#website\"},\"primaryImageOfPage\":{\"@id\":\"https:\/\/dev.frantoiomuraglia.it\/de\/produkt\/magnumflasche-aus-keramik\/#primaryimage\"},\"image\":{\"@id\":\"https:\/\/dev.frantoiomuraglia.it\/de\/produkt\/magnumflasche-aus-keramik\/#primaryimage\"},\"thumbnailUrl\":\"https:\/\/dev.frantoiomuraglia.it\/wp-content\/uploads\/2022\/03\/Orcio-in-ceramica-Magnum-2.jpg\",\"datePublished\":\"2022-05-06T15:14:29+00:00\",\"dateModified\":\"2025-06-13T15:45:37+00:00\",\"description\":\"Handgefertigt von unseren apulischen Handwerkern. Darin werden alle Aromen und der Geschmack unseres nativen Oliven\u00f6ls extra bewahrt.\",\"breadcrumb\":{\"@id\":\"https:\/\/dev.frantoiomuraglia.it\/de\/produkt\/magnumflasche-aus-keramik\/#breadcrumb\"},\"inLanguage\":\"de\",\"potentialAction\":[{\"@type\":\"ReadAction\",\"target\":[\"https:\/\/dev.frantoiomuraglia.it\/de\/produkt\/magnumflasche-aus-keramik\/\"]}]},{\"@type\":\"ImageObject\",\"inLanguage\":\"de\",\"@id\":\"https:\/\/dev.frantoiomuraglia.it\/de\/produkt\/magnumflasche-aus-keramik\/#primaryimage\",\"url\":\"https:\/\/dev.frantoiomuraglia.it\/wp-content\/uploads\/2022\/03\/Orcio-in-ceramica-Magnum-2.jpg\",\"contentUrl\":\"https:\/\/dev.frantoiomuraglia.it\/wp-content\/uploads\/2022\/03\/Orcio-in-ceramica-Magnum-2.jpg\",\"width\":2180,\"height\":2294},{\"@type\":\"BreadcrumbList\",\"@id\":\"https:\/\/dev.frantoiomuraglia.it\/de\/produkt\/magnumflasche-aus-keramik\/#breadcrumb\",\"itemListElement\":[{\"@type\":\"ListItem\",\"position\":1,\"name\":\"Home\",\"item\":\"https:\/\/dev.frantoiomuraglia.it\/de\/\"},{\"@type\":\"ListItem\",\"position\":2,\"name\":\"Shop\",\"item\":\"https:\/\/dev.frantoiomuraglia.it\/de\/shop\/\"},{\"@type\":\"ListItem\",\"position\":3,\"name\":\"Magnumflasche aus Keramik\"}]},{\"@type\":\"WebSite\",\"@id\":\"https:\/\/dev.frantoiomuraglia.it\/de\/#website\",\"url\":\"https:\/\/dev.frantoiomuraglia.it\/de\/\",\"name\":\"Frantoio Muraglia\",\"description\":\"Just another WordPress site\",\"publisher\":{\"@id\":\"https:\/\/dev.frantoiomuraglia.it\/de\/#organization\"},\"potentialAction\":[{\"@type\":\"SearchAction\",\"target\":{\"@type\":\"EntryPoint\",\"urlTemplate\":\"https:\/\/dev.frantoiomuraglia.it\/de\/?s={search_term_string}\"},\"query-input\":{\"@type\":\"PropertyValueSpecification\",\"valueRequired\":true,\"valueName\":\"search_term_string\"}}],\"inLanguage\":\"de\"},{\"@type\":\"Organization\",\"@id\":\"https:\/\/dev.frantoiomuraglia.it\/de\/#organization\",\"name\":\"Frantoio Muraglia\",\"url\":\"https:\/\/dev.frantoiomuraglia.it\/de\/\",\"logo\":{\"@type\":\"ImageObject\",\"inLanguage\":\"de\",\"@id\":\"https:\/\/dev.frantoiomuraglia.it\/de\/#\/schema\/logo\/image\/\",\"url\":\"https:\/\/www.frantoiomuraglia.it\/wp-content\/uploads\/2022\/06\/Logo-Frantoio-Muraglia-black-email.jpg\",\"contentUrl\":\"https:\/\/www.frantoiomuraglia.it\/wp-content\/uploads\/2022\/06\/Logo-Frantoio-Muraglia-black-email.jpg\",\"width\":326,\"height\":150,\"caption\":\"Frantoio Muraglia\"},\"image\":{\"@id\":\"https:\/\/dev.frantoiomuraglia.it\/de\/#\/schema\/logo\/image\/\"}}]}<\/script>\n<!-- \/ Yoast SEO plugin. -->","yoast_head_json":{"title":"Magnumflasche aus Keramik - Frantoio Muraglia","description":"Handgefertigt von unseren apulischen Handwerkern. Darin werden alle Aromen und der Geschmack unseres nativen Oliven\u00f6ls extra bewahrt.","robots":{"index":"noindex","follow":"follow","max-snippet":"max-snippet:-1","max-image-preview":"max-image-preview:large","max-video-preview":"max-video-preview:-1"},"og_locale":"de_DE","og_type":"article","og_title":"Magnumflasche aus Keramik - Frantoio Muraglia","og_description":"Handgefertigt von unseren apulischen Handwerkern. Darin werden alle Aromen und der Geschmack unseres nativen Oliven\u00f6ls extra bewahrt.","og_url":"https:\/\/dev.frantoiomuraglia.it\/de\/produkt\/magnumflasche-aus-keramik\/","og_site_name":"Frantoio Muraglia","article_modified_time":"2025-06-13T15:45:37+00:00","og_image":[{"width":2180,"height":2294,"url":"https:\/\/dev.frantoiomuraglia.it\/wp-content\/uploads\/2022\/03\/Orcio-in-ceramica-Magnum-2.jpg","type":"image\/jpeg"}],"twitter_card":"summary_large_image","schema":{"@context":"https:\/\/schema.org","@graph":[{"@type":"WebPage","@id":"https:\/\/dev.frantoiomuraglia.it\/de\/produkt\/magnumflasche-aus-keramik\/","url":"https:\/\/dev.frantoiomuraglia.it\/de\/produkt\/magnumflasche-aus-keramik\/","name":"Magnumflasche aus Keramik - Frantoio Muraglia","isPartOf":{"@id":"https:\/\/dev.frantoiomuraglia.it\/de\/#website"},"primaryImageOfPage":{"@id":"https:\/\/dev.frantoiomuraglia.it\/de\/produkt\/magnumflasche-aus-keramik\/#primaryimage"},"image":{"@id":"https:\/\/dev.frantoiomuraglia.it\/de\/produkt\/magnumflasche-aus-keramik\/#primaryimage"},"thumbnailUrl":"https:\/\/dev.frantoiomuraglia.it\/wp-content\/uploads\/2022\/03\/Orcio-in-ceramica-Magnum-2.jpg","datePublished":"2022-05-06T15:14:29+00:00","dateModified":"2025-06-13T15:45:37+00:00","description":"Handgefertigt von unseren apulischen Handwerkern. Darin werden alle Aromen und der Geschmack unseres nativen Oliven\u00f6ls extra bewahrt.","breadcrumb":{"@id":"https:\/\/dev.frantoiomuraglia.it\/de\/produkt\/magnumflasche-aus-keramik\/#breadcrumb"},"inLanguage":"de","potentialAction":[{"@type":"ReadAction","target":["https:\/\/dev.frantoiomuraglia.it\/de\/produkt\/magnumflasche-aus-keramik\/"]}]},{"@type":"ImageObject","inLanguage":"de","@id":"https:\/\/dev.frantoiomuraglia.it\/de\/produkt\/magnumflasche-aus-keramik\/#primaryimage","url":"https:\/\/dev.frantoiomuraglia.it\/wp-content\/uploads\/2022\/03\/Orcio-in-ceramica-Magnum-2.jpg","contentUrl":"https:\/\/dev.frantoiomuraglia.it\/wp-content\/uploads\/2022\/03\/Orcio-in-ceramica-Magnum-2.jpg","width":2180,"height":2294},{"@type":"BreadcrumbList","@id":"https:\/\/dev.frantoiomuraglia.it\/de\/produkt\/magnumflasche-aus-keramik\/#breadcrumb","itemListElement":[{"@type":"ListItem","position":1,"name":"Home","item":"https:\/\/dev.frantoiomuraglia.it\/de\/"},{"@type":"ListItem","position":2,"name":"Shop","item":"https:\/\/dev.frantoiomuraglia.it\/de\/shop\/"},{"@type":"ListItem","position":3,"name":"Magnumflasche aus Keramik"}]},{"@type":"WebSite","@id":"https:\/\/dev.frantoiomuraglia.it\/de\/#website","url":"https:\/\/dev.frantoiomuraglia.it\/de\/","name":"Frantoio Muraglia","description":"Just another WordPress site","publisher":{"@id":"https:\/\/dev.frantoiomuraglia.it\/de\/#organization"},"potentialAction":[{"@type":"SearchAction","target":{"@type":"EntryPoint","urlTemplate":"https:\/\/dev.frantoiomuraglia.it\/de\/?s={search_term_string}"},"query-input":{"@type":"PropertyValueSpecification","valueRequired":true,"valueName":"search_term_string"}}],"inLanguage":"de"},{"@type":"Organization","@id":"https:\/\/dev.frantoiomuraglia.it\/de\/#organization","name":"Frantoio Muraglia","url":"https:\/\/dev.frantoiomuraglia.it\/de\/","logo":{"@type":"ImageObject","inLanguage":"de","@id":"https:\/\/dev.frantoiomuraglia.it\/de\/#\/schema\/logo\/image\/","url":"https:\/\/www.frantoiomuraglia.it\/wp-content\/uploads\/2022\/06\/Logo-Frantoio-Muraglia-black-email.jpg","contentUrl":"https:\/\/www.frantoiomuraglia.it\/wp-content\/uploads\/2022\/06\/Logo-Frantoio-Muraglia-black-email.jpg","width":326,"height":150,"caption":"Frantoio Muraglia"},"image":{"@id":"https:\/\/dev.frantoiomuraglia.it\/de\/#\/schema\/logo\/image\/"}}]}},"_links":{"self":[{"href":"https:\/\/dev.frantoiomuraglia.it\/de\/wp-json\/wp\/v2\/product\/6664","targetHints":{"allow":["GET"]}}],"collection":[{"href":"https:\/\/dev.frantoiomuraglia.it\/de\/wp-json\/wp\/v2\/product"}],"about":[{"href":"https:\/\/dev.frantoiomuraglia.it\/de\/wp-json\/wp\/v2\/types\/product"}],"wp:featuredmedia":[{"embeddable":true,"href":"https:\/\/dev.frantoiomuraglia.it\/de\/wp-json\/wp\/v2\/media\/4931"}],"wp:attachment":[{"href":"https:\/\/dev.frantoiomuraglia.it\/de\/wp-json\/wp\/v2\/media?parent=6664"}],"wp:term":[{"taxonomy":"product_cat","embeddable":true,"href":"https:\/\/dev.frantoiomuraglia.it\/de\/wp-json\/wp\/v2\/product_cat?post=6664"},{"taxonomy":"product_tag","embeddable":true,"href":"https:\/\/dev.frantoiomuraglia.it\/de\/wp-json\/wp\/v2\/product_tag?post=6664"}],"curies":[{"name":"wp","href":"https:\/\/api.w.org\/{rel}","templated":true}]}}