{"id":6605,"date":"2022-03-24T13:54:49","date_gmt":"2022-05-05T17:32:37","guid":{"rendered":"https:\/\/dev.frantoiomuraglia.it\/product\/keramikflasche-mit-punktmuster\/"},"modified":"2025-02-14T10:56:24","modified_gmt":"2025-02-14T08:56:24","slug":"keramikflasche-mit-punktmuster","status":"publish","type":"product","link":"https:\/\/dev.frantoiomuraglia.it\/de\/produkt\/keramikflasche-mit-punktmuster\/","title":{"rendered":"Keramikflasche mit Punktmuster"},"content":{"rendered":"<p>Diese \u00d6lflasche vereint Design und Tradition und bewahrt den Duft von frisch gepressten Oliven. Das Keramikgef\u00e4\u00df wird von unseren apulischen T\u00f6pfermeistern von Hand gefertigt und mit besonders originellen Punkten bemalt.<\/p>\n","protected":false},"excerpt":{"rendered":"<p>KERAMIKFLASCHE MIT PUNKTMUSTER<\/p>\n","protected":false},"featured_media":5912,"template":"","meta":{"_acf_changed":false},"product_cat":[141,160,142,355],"product_tag":[308,294,310,369,147],"class_list":{"0":"post-6605","1":"product","2":"type-product","3":"status-publish","4":"has-post-thumbnail","6":"product_cat-keramikflasche","7":"product_cat-upsell_astuccio_orcio-de","8":"product_cat-upsell_shopper-de","9":"product_cat-flaschensammlung","10":"product_tag-intense-variant-de","11":"product_tag-jars-de-2","12":"product_tag-medium-variant-de","13":"product_tag-tpl_jars-de","14":"product_tag-upsell_shopper-de","16":"first","17":"instock","18":"taxable","19":"shipping-taxable","20":"purchasable","21":"product-type-variable"},"acf":[],"yoast_head":"<!-- This site is optimized with the Yoast SEO plugin v26.8 - https:\/\/yoast.com\/product\/yoast-seo-wordpress\/ -->\n<title>Keramikflasche mit Punktmuster - Frantoio Muraglia<\/title>\n<meta name=\"description\" content=\"Diese \u00d6lflasche vereint Design und Tradition und bewahrt den Duft von frisch gepressten Oliven. Handgefertigt von unseren apulischen Handwerkern. Entworfen und gef\u00e4rbt.\" \/>\n<meta name=\"robots\" content=\"noindex, follow, max-snippet:-1, max-image-preview:large, max-video-preview:-1\" \/>\n<meta property=\"og:locale\" content=\"de_DE\" \/>\n<meta property=\"og:type\" content=\"article\" \/>\n<meta property=\"og:title\" content=\"Keramikflasche mit Punktmuster - Frantoio Muraglia\" \/>\n<meta property=\"og:description\" content=\"Diese \u00d6lflasche vereint Design und Tradition und bewahrt den Duft von frisch gepressten Oliven. Handgefertigt von unseren apulischen Handwerkern. Entworfen und gef\u00e4rbt.\" \/>\n<meta property=\"og:url\" content=\"https:\/\/dev.frantoiomuraglia.it\/de\/produkt\/keramikflasche-mit-punktmuster\/\" \/>\n<meta property=\"og:site_name\" content=\"Frantoio Muraglia\" \/>\n<meta property=\"article:modified_time\" content=\"2025-02-14T08:56:24+00:00\" \/>\n<meta property=\"og:image\" content=\"https:\/\/dev.frantoiomuraglia.it\/wp-content\/uploads\/2022\/03\/Orcio-in-ceramica-pois-3-1.jpg\" \/>\n\t<meta property=\"og:image:width\" content=\"2180\" \/>\n\t<meta property=\"og:image:height\" content=\"2294\" \/>\n\t<meta property=\"og:image:type\" content=\"image\/jpeg\" \/>\n<meta name=\"twitter:card\" content=\"summary_large_image\" \/>\n<script type=\"application\/ld+json\" class=\"yoast-schema-graph\">{\"@context\":\"https:\/\/schema.org\",\"@graph\":[{\"@type\":\"WebPage\",\"@id\":\"https:\/\/dev.frantoiomuraglia.it\/de\/produkt\/keramikflasche-mit-punktmuster\/\",\"url\":\"https:\/\/dev.frantoiomuraglia.it\/de\/produkt\/keramikflasche-mit-punktmuster\/\",\"name\":\"Keramikflasche mit Punktmuster - Frantoio Muraglia\",\"isPartOf\":{\"@id\":\"https:\/\/dev.frantoiomuraglia.it\/de\/#website\"},\"primaryImageOfPage\":{\"@id\":\"https:\/\/dev.frantoiomuraglia.it\/de\/produkt\/keramikflasche-mit-punktmuster\/#primaryimage\"},\"image\":{\"@id\":\"https:\/\/dev.frantoiomuraglia.it\/de\/produkt\/keramikflasche-mit-punktmuster\/#primaryimage\"},\"thumbnailUrl\":\"https:\/\/dev.frantoiomuraglia.it\/wp-content\/uploads\/2022\/03\/Orcio-in-ceramica-pois-3-1.jpg\",\"datePublished\":\"2022-05-05T17:32:37+00:00\",\"dateModified\":\"2025-02-14T08:56:24+00:00\",\"description\":\"Diese \u00d6lflasche vereint Design und Tradition und bewahrt den Duft von frisch gepressten Oliven. Handgefertigt von unseren apulischen Handwerkern. Entworfen und gef\u00e4rbt.\",\"breadcrumb\":{\"@id\":\"https:\/\/dev.frantoiomuraglia.it\/de\/produkt\/keramikflasche-mit-punktmuster\/#breadcrumb\"},\"inLanguage\":\"de\",\"potentialAction\":[{\"@type\":\"ReadAction\",\"target\":[\"https:\/\/dev.frantoiomuraglia.it\/de\/produkt\/keramikflasche-mit-punktmuster\/\"]}]},{\"@type\":\"ImageObject\",\"inLanguage\":\"de\",\"@id\":\"https:\/\/dev.frantoiomuraglia.it\/de\/produkt\/keramikflasche-mit-punktmuster\/#primaryimage\",\"url\":\"https:\/\/dev.frantoiomuraglia.it\/wp-content\/uploads\/2022\/03\/Orcio-in-ceramica-pois-3-1.jpg\",\"contentUrl\":\"https:\/\/dev.frantoiomuraglia.it\/wp-content\/uploads\/2022\/03\/Orcio-in-ceramica-pois-3-1.jpg\",\"width\":2180,\"height\":2294},{\"@type\":\"BreadcrumbList\",\"@id\":\"https:\/\/dev.frantoiomuraglia.it\/de\/produkt\/keramikflasche-mit-punktmuster\/#breadcrumb\",\"itemListElement\":[{\"@type\":\"ListItem\",\"position\":1,\"name\":\"Home\",\"item\":\"https:\/\/dev.frantoiomuraglia.it\/de\/\"},{\"@type\":\"ListItem\",\"position\":2,\"name\":\"Shop\",\"item\":\"https:\/\/dev.frantoiomuraglia.it\/de\/shop\/\"},{\"@type\":\"ListItem\",\"position\":3,\"name\":\"Keramikflasche mit Punktmuster\"}]},{\"@type\":\"WebSite\",\"@id\":\"https:\/\/dev.frantoiomuraglia.it\/de\/#website\",\"url\":\"https:\/\/dev.frantoiomuraglia.it\/de\/\",\"name\":\"Frantoio Muraglia\",\"description\":\"Just another WordPress site\",\"publisher\":{\"@id\":\"https:\/\/dev.frantoiomuraglia.it\/de\/#organization\"},\"potentialAction\":[{\"@type\":\"SearchAction\",\"target\":{\"@type\":\"EntryPoint\",\"urlTemplate\":\"https:\/\/dev.frantoiomuraglia.it\/de\/?s={search_term_string}\"},\"query-input\":{\"@type\":\"PropertyValueSpecification\",\"valueRequired\":true,\"valueName\":\"search_term_string\"}}],\"inLanguage\":\"de\"},{\"@type\":\"Organization\",\"@id\":\"https:\/\/dev.frantoiomuraglia.it\/de\/#organization\",\"name\":\"Frantoio Muraglia\",\"url\":\"https:\/\/dev.frantoiomuraglia.it\/de\/\",\"logo\":{\"@type\":\"ImageObject\",\"inLanguage\":\"de\",\"@id\":\"https:\/\/dev.frantoiomuraglia.it\/de\/#\/schema\/logo\/image\/\",\"url\":\"https:\/\/www.frantoiomuraglia.it\/wp-content\/uploads\/2022\/06\/Logo-Frantoio-Muraglia-black-email.jpg\",\"contentUrl\":\"https:\/\/www.frantoiomuraglia.it\/wp-content\/uploads\/2022\/06\/Logo-Frantoio-Muraglia-black-email.jpg\",\"width\":326,\"height\":150,\"caption\":\"Frantoio Muraglia\"},\"image\":{\"@id\":\"https:\/\/dev.frantoiomuraglia.it\/de\/#\/schema\/logo\/image\/\"}}]}<\/script>\n<!-- \/ Yoast SEO plugin. -->","yoast_head_json":{"title":"Keramikflasche mit Punktmuster - Frantoio Muraglia","description":"Diese \u00d6lflasche vereint Design und Tradition und bewahrt den Duft von frisch gepressten Oliven. Handgefertigt von unseren apulischen Handwerkern. Entworfen und gef\u00e4rbt.","robots":{"index":"noindex","follow":"follow","max-snippet":"max-snippet:-1","max-image-preview":"max-image-preview:large","max-video-preview":"max-video-preview:-1"},"og_locale":"de_DE","og_type":"article","og_title":"Keramikflasche mit Punktmuster - Frantoio Muraglia","og_description":"Diese \u00d6lflasche vereint Design und Tradition und bewahrt den Duft von frisch gepressten Oliven. Handgefertigt von unseren apulischen Handwerkern. Entworfen und gef\u00e4rbt.","og_url":"https:\/\/dev.frantoiomuraglia.it\/de\/produkt\/keramikflasche-mit-punktmuster\/","og_site_name":"Frantoio Muraglia","article_modified_time":"2025-02-14T08:56:24+00:00","og_image":[{"width":2180,"height":2294,"url":"https:\/\/dev.frantoiomuraglia.it\/wp-content\/uploads\/2022\/03\/Orcio-in-ceramica-pois-3-1.jpg","type":"image\/jpeg"}],"twitter_card":"summary_large_image","schema":{"@context":"https:\/\/schema.org","@graph":[{"@type":"WebPage","@id":"https:\/\/dev.frantoiomuraglia.it\/de\/produkt\/keramikflasche-mit-punktmuster\/","url":"https:\/\/dev.frantoiomuraglia.it\/de\/produkt\/keramikflasche-mit-punktmuster\/","name":"Keramikflasche mit Punktmuster - Frantoio Muraglia","isPartOf":{"@id":"https:\/\/dev.frantoiomuraglia.it\/de\/#website"},"primaryImageOfPage":{"@id":"https:\/\/dev.frantoiomuraglia.it\/de\/produkt\/keramikflasche-mit-punktmuster\/#primaryimage"},"image":{"@id":"https:\/\/dev.frantoiomuraglia.it\/de\/produkt\/keramikflasche-mit-punktmuster\/#primaryimage"},"thumbnailUrl":"https:\/\/dev.frantoiomuraglia.it\/wp-content\/uploads\/2022\/03\/Orcio-in-ceramica-pois-3-1.jpg","datePublished":"2022-05-05T17:32:37+00:00","dateModified":"2025-02-14T08:56:24+00:00","description":"Diese \u00d6lflasche vereint Design und Tradition und bewahrt den Duft von frisch gepressten Oliven. Handgefertigt von unseren apulischen Handwerkern. Entworfen und gef\u00e4rbt.","breadcrumb":{"@id":"https:\/\/dev.frantoiomuraglia.it\/de\/produkt\/keramikflasche-mit-punktmuster\/#breadcrumb"},"inLanguage":"de","potentialAction":[{"@type":"ReadAction","target":["https:\/\/dev.frantoiomuraglia.it\/de\/produkt\/keramikflasche-mit-punktmuster\/"]}]},{"@type":"ImageObject","inLanguage":"de","@id":"https:\/\/dev.frantoiomuraglia.it\/de\/produkt\/keramikflasche-mit-punktmuster\/#primaryimage","url":"https:\/\/dev.frantoiomuraglia.it\/wp-content\/uploads\/2022\/03\/Orcio-in-ceramica-pois-3-1.jpg","contentUrl":"https:\/\/dev.frantoiomuraglia.it\/wp-content\/uploads\/2022\/03\/Orcio-in-ceramica-pois-3-1.jpg","width":2180,"height":2294},{"@type":"BreadcrumbList","@id":"https:\/\/dev.frantoiomuraglia.it\/de\/produkt\/keramikflasche-mit-punktmuster\/#breadcrumb","itemListElement":[{"@type":"ListItem","position":1,"name":"Home","item":"https:\/\/dev.frantoiomuraglia.it\/de\/"},{"@type":"ListItem","position":2,"name":"Shop","item":"https:\/\/dev.frantoiomuraglia.it\/de\/shop\/"},{"@type":"ListItem","position":3,"name":"Keramikflasche mit Punktmuster"}]},{"@type":"WebSite","@id":"https:\/\/dev.frantoiomuraglia.it\/de\/#website","url":"https:\/\/dev.frantoiomuraglia.it\/de\/","name":"Frantoio Muraglia","description":"Just another WordPress site","publisher":{"@id":"https:\/\/dev.frantoiomuraglia.it\/de\/#organization"},"potentialAction":[{"@type":"SearchAction","target":{"@type":"EntryPoint","urlTemplate":"https:\/\/dev.frantoiomuraglia.it\/de\/?s={search_term_string}"},"query-input":{"@type":"PropertyValueSpecification","valueRequired":true,"valueName":"search_term_string"}}],"inLanguage":"de"},{"@type":"Organization","@id":"https:\/\/dev.frantoiomuraglia.it\/de\/#organization","name":"Frantoio Muraglia","url":"https:\/\/dev.frantoiomuraglia.it\/de\/","logo":{"@type":"ImageObject","inLanguage":"de","@id":"https:\/\/dev.frantoiomuraglia.it\/de\/#\/schema\/logo\/image\/","url":"https:\/\/www.frantoiomuraglia.it\/wp-content\/uploads\/2022\/06\/Logo-Frantoio-Muraglia-black-email.jpg","contentUrl":"https:\/\/www.frantoiomuraglia.it\/wp-content\/uploads\/2022\/06\/Logo-Frantoio-Muraglia-black-email.jpg","width":326,"height":150,"caption":"Frantoio Muraglia"},"image":{"@id":"https:\/\/dev.frantoiomuraglia.it\/de\/#\/schema\/logo\/image\/"}}]}},"_links":{"self":[{"href":"https:\/\/dev.frantoiomuraglia.it\/de\/wp-json\/wp\/v2\/product\/6605","targetHints":{"allow":["GET"]}}],"collection":[{"href":"https:\/\/dev.frantoiomuraglia.it\/de\/wp-json\/wp\/v2\/product"}],"about":[{"href":"https:\/\/dev.frantoiomuraglia.it\/de\/wp-json\/wp\/v2\/types\/product"}],"wp:featuredmedia":[{"embeddable":true,"href":"https:\/\/dev.frantoiomuraglia.it\/de\/wp-json\/wp\/v2\/media\/5912"}],"wp:attachment":[{"href":"https:\/\/dev.frantoiomuraglia.it\/de\/wp-json\/wp\/v2\/media?parent=6605"}],"wp:term":[{"taxonomy":"product_cat","embeddable":true,"href":"https:\/\/dev.frantoiomuraglia.it\/de\/wp-json\/wp\/v2\/product_cat?post=6605"},{"taxonomy":"product_tag","embeddable":true,"href":"https:\/\/dev.frantoiomuraglia.it\/de\/wp-json\/wp\/v2\/product_tag?post=6605"}],"curies":[{"name":"wp","href":"https:\/\/api.w.org\/{rel}","templated":true}]}}