{"id":6555,"date":"2022-03-24T13:58:21","date_gmt":"2022-05-05T15:24:07","guid":{"rendered":"https:\/\/dev.frantoiomuraglia.it\/product\/keramikflasche-mit-langustenmotiv\/"},"modified":"2025-06-13T16:46:19","modified_gmt":"2025-06-13T14:46:19","slug":"keramikflasche-mit-langustenmotiv","status":"publish","type":"product","link":"https:\/\/dev.frantoiomuraglia.it\/de\/produkt\/keramikflasche-mit-langustenmotiv\/","title":{"rendered":"Keramikflasche mit Langustenmotiv"},"content":{"rendered":"<p>Der von unseren apulischen Handwerkern handgefertigte Languste-Keramikkrug ist Pop: er verschmilzt Erde und Meer, Farbe und Reinheit. Es ist Kunst, die gegossen wird. Darin werden alle Aromen und der Geschmack unseres nativen Oliven\u00f6ls extra bewahrt.<\/p>\n<p>Die Pop-Art-Geschenkboxen sind echte Designobjekte, die von unserem Apulien und dem starken Charakter sprechen, der uns auszeichnet. Leuchtende Farbt\u00f6ne und matte T\u00f6ne erwecken Kraken, Hummer und Fische zum Leben, die auf der weissen Keramik glitzern. <\/p>\n<p>Erh\u00e4ltlich in der Sorte Intensiv fruchtig.<\/p>\n<p>Alle Anwendungstipps unter &#8222;Oliven\u00f6lkultur&#8220;.<\/p>\n","protected":false},"excerpt":{"rendered":"<p>Der von unseren apulischen Handwerkern handgefertigte Languste-Keramikkrug ist Pop: er verschmilzt Erde und Meer, Farbe und Reinheit. Es ist Kunst, die gegossen wird. Darin werden alle Aromen und der Geschmack unseres nativen Oliven\u00f6ls extra bewahrt. Die Pop-Art-Geschenkboxen sind echte Designobjekte, die von unserem Apulien und dem starken Charakter sprechen, der uns auszeichnet. Leuchtende Farbt\u00f6ne und [&hellip;]<\/p>\n","protected":false},"featured_media":5257,"template":"","meta":{"_acf_changed":false},"product_cat":[141,160,142,358],"product_tag":[294,145,369,147],"class_list":{"0":"post-6555","1":"product","2":"type-product","3":"status-publish","4":"has-post-thumbnail","6":"product_cat-keramikflasche","7":"product_cat-upsell_astuccio_orcio-de","8":"product_cat-upsell_shopper-de","9":"product_cat-pop-art-de","10":"product_tag-jars-de-2","11":"product_tag-pop-art-de","12":"product_tag-tpl_jars-de","13":"product_tag-upsell_shopper-de","15":"first","16":"instock","17":"taxable","18":"shipping-taxable","19":"purchasable","20":"product-type-simple"},"acf":[],"yoast_head":"<!-- This site is optimized with the Yoast SEO plugin v26.8 - https:\/\/yoast.com\/product\/yoast-seo-wordpress\/ -->\n<title>Keramikflasche mit Langustenmotiv - Frantoio Muraglia<\/title>\n<meta name=\"description\" content=\"Tradition und zeitgen\u00f6ssisches Design. Das Land und das Meer. Farbe und Reinheit. 100% natives Oliven\u00f6l extra aus Apulien in einem von unseren T\u00f6pfermeistern von Hand gefertigten Keramikgef\u00e4\u00df.\" \/>\n<meta name=\"robots\" content=\"noindex, follow, max-snippet:-1, max-image-preview:large, max-video-preview:-1\" \/>\n<meta property=\"og:locale\" content=\"de_DE\" \/>\n<meta property=\"og:type\" content=\"article\" \/>\n<meta property=\"og:title\" content=\"Keramikflasche mit Langustenmotiv - Frantoio Muraglia\" \/>\n<meta property=\"og:description\" content=\"Tradition und zeitgen\u00f6ssisches Design. Das Land und das Meer. Farbe und Reinheit. 100% natives Oliven\u00f6l extra aus Apulien in einem von unseren T\u00f6pfermeistern von Hand gefertigten Keramikgef\u00e4\u00df.\" \/>\n<meta property=\"og:url\" content=\"https:\/\/dev.frantoiomuraglia.it\/de\/produkt\/keramikflasche-mit-langustenmotiv\/\" \/>\n<meta property=\"og:site_name\" content=\"Frantoio Muraglia\" \/>\n<meta property=\"article:modified_time\" content=\"2025-06-13T14:46:19+00:00\" \/>\n<meta property=\"og:image\" content=\"https:\/\/dev.frantoiomuraglia.it\/wp-content\/uploads\/2022\/03\/Orcio-in-ceramica-aragosta-3.jpg\" \/>\n\t<meta property=\"og:image:width\" content=\"2180\" \/>\n\t<meta property=\"og:image:height\" content=\"2294\" \/>\n\t<meta property=\"og:image:type\" content=\"image\/jpeg\" \/>\n<meta name=\"twitter:card\" content=\"summary_large_image\" \/>\n<script type=\"application\/ld+json\" class=\"yoast-schema-graph\">{\"@context\":\"https:\/\/schema.org\",\"@graph\":[{\"@type\":\"WebPage\",\"@id\":\"https:\/\/dev.frantoiomuraglia.it\/de\/produkt\/keramikflasche-mit-langustenmotiv\/\",\"url\":\"https:\/\/dev.frantoiomuraglia.it\/de\/produkt\/keramikflasche-mit-langustenmotiv\/\",\"name\":\"Keramikflasche mit Langustenmotiv - Frantoio Muraglia\",\"isPartOf\":{\"@id\":\"https:\/\/dev.frantoiomuraglia.it\/de\/#website\"},\"primaryImageOfPage\":{\"@id\":\"https:\/\/dev.frantoiomuraglia.it\/de\/produkt\/keramikflasche-mit-langustenmotiv\/#primaryimage\"},\"image\":{\"@id\":\"https:\/\/dev.frantoiomuraglia.it\/de\/produkt\/keramikflasche-mit-langustenmotiv\/#primaryimage\"},\"thumbnailUrl\":\"https:\/\/dev.frantoiomuraglia.it\/wp-content\/uploads\/2022\/03\/Orcio-in-ceramica-aragosta-3.jpg\",\"datePublished\":\"2022-05-05T15:24:07+00:00\",\"dateModified\":\"2025-06-13T14:46:19+00:00\",\"description\":\"Tradition und zeitgen\u00f6ssisches Design. Das Land und das Meer. Farbe und Reinheit. 100% natives Oliven\u00f6l extra aus Apulien in einem von unseren T\u00f6pfermeistern von Hand gefertigten Keramikgef\u00e4\u00df.\",\"breadcrumb\":{\"@id\":\"https:\/\/dev.frantoiomuraglia.it\/de\/produkt\/keramikflasche-mit-langustenmotiv\/#breadcrumb\"},\"inLanguage\":\"de\",\"potentialAction\":[{\"@type\":\"ReadAction\",\"target\":[\"https:\/\/dev.frantoiomuraglia.it\/de\/produkt\/keramikflasche-mit-langustenmotiv\/\"]}]},{\"@type\":\"ImageObject\",\"inLanguage\":\"de\",\"@id\":\"https:\/\/dev.frantoiomuraglia.it\/de\/produkt\/keramikflasche-mit-langustenmotiv\/#primaryimage\",\"url\":\"https:\/\/dev.frantoiomuraglia.it\/wp-content\/uploads\/2022\/03\/Orcio-in-ceramica-aragosta-3.jpg\",\"contentUrl\":\"https:\/\/dev.frantoiomuraglia.it\/wp-content\/uploads\/2022\/03\/Orcio-in-ceramica-aragosta-3.jpg\",\"width\":2180,\"height\":2294},{\"@type\":\"BreadcrumbList\",\"@id\":\"https:\/\/dev.frantoiomuraglia.it\/de\/produkt\/keramikflasche-mit-langustenmotiv\/#breadcrumb\",\"itemListElement\":[{\"@type\":\"ListItem\",\"position\":1,\"name\":\"Home\",\"item\":\"https:\/\/dev.frantoiomuraglia.it\/de\/\"},{\"@type\":\"ListItem\",\"position\":2,\"name\":\"Shop\",\"item\":\"https:\/\/dev.frantoiomuraglia.it\/de\/shop\/\"},{\"@type\":\"ListItem\",\"position\":3,\"name\":\"Keramikflasche mit Langustenmotiv\"}]},{\"@type\":\"WebSite\",\"@id\":\"https:\/\/dev.frantoiomuraglia.it\/de\/#website\",\"url\":\"https:\/\/dev.frantoiomuraglia.it\/de\/\",\"name\":\"Frantoio Muraglia\",\"description\":\"Just another WordPress site\",\"publisher\":{\"@id\":\"https:\/\/dev.frantoiomuraglia.it\/de\/#organization\"},\"potentialAction\":[{\"@type\":\"SearchAction\",\"target\":{\"@type\":\"EntryPoint\",\"urlTemplate\":\"https:\/\/dev.frantoiomuraglia.it\/de\/?s={search_term_string}\"},\"query-input\":{\"@type\":\"PropertyValueSpecification\",\"valueRequired\":true,\"valueName\":\"search_term_string\"}}],\"inLanguage\":\"de\"},{\"@type\":\"Organization\",\"@id\":\"https:\/\/dev.frantoiomuraglia.it\/de\/#organization\",\"name\":\"Frantoio Muraglia\",\"url\":\"https:\/\/dev.frantoiomuraglia.it\/de\/\",\"logo\":{\"@type\":\"ImageObject\",\"inLanguage\":\"de\",\"@id\":\"https:\/\/dev.frantoiomuraglia.it\/de\/#\/schema\/logo\/image\/\",\"url\":\"https:\/\/www.frantoiomuraglia.it\/wp-content\/uploads\/2022\/06\/Logo-Frantoio-Muraglia-black-email.jpg\",\"contentUrl\":\"https:\/\/www.frantoiomuraglia.it\/wp-content\/uploads\/2022\/06\/Logo-Frantoio-Muraglia-black-email.jpg\",\"width\":326,\"height\":150,\"caption\":\"Frantoio Muraglia\"},\"image\":{\"@id\":\"https:\/\/dev.frantoiomuraglia.it\/de\/#\/schema\/logo\/image\/\"}}]}<\/script>\n<!-- \/ Yoast SEO plugin. -->","yoast_head_json":{"title":"Keramikflasche mit Langustenmotiv - Frantoio Muraglia","description":"Tradition und zeitgen\u00f6ssisches Design. Das Land und das Meer. Farbe und Reinheit. 100% natives Oliven\u00f6l extra aus Apulien in einem von unseren T\u00f6pfermeistern von Hand gefertigten Keramikgef\u00e4\u00df.","robots":{"index":"noindex","follow":"follow","max-snippet":"max-snippet:-1","max-image-preview":"max-image-preview:large","max-video-preview":"max-video-preview:-1"},"og_locale":"de_DE","og_type":"article","og_title":"Keramikflasche mit Langustenmotiv - Frantoio Muraglia","og_description":"Tradition und zeitgen\u00f6ssisches Design. Das Land und das Meer. Farbe und Reinheit. 100% natives Oliven\u00f6l extra aus Apulien in einem von unseren T\u00f6pfermeistern von Hand gefertigten Keramikgef\u00e4\u00df.","og_url":"https:\/\/dev.frantoiomuraglia.it\/de\/produkt\/keramikflasche-mit-langustenmotiv\/","og_site_name":"Frantoio Muraglia","article_modified_time":"2025-06-13T14:46:19+00:00","og_image":[{"width":2180,"height":2294,"url":"https:\/\/dev.frantoiomuraglia.it\/wp-content\/uploads\/2022\/03\/Orcio-in-ceramica-aragosta-3.jpg","type":"image\/jpeg"}],"twitter_card":"summary_large_image","schema":{"@context":"https:\/\/schema.org","@graph":[{"@type":"WebPage","@id":"https:\/\/dev.frantoiomuraglia.it\/de\/produkt\/keramikflasche-mit-langustenmotiv\/","url":"https:\/\/dev.frantoiomuraglia.it\/de\/produkt\/keramikflasche-mit-langustenmotiv\/","name":"Keramikflasche mit Langustenmotiv - Frantoio Muraglia","isPartOf":{"@id":"https:\/\/dev.frantoiomuraglia.it\/de\/#website"},"primaryImageOfPage":{"@id":"https:\/\/dev.frantoiomuraglia.it\/de\/produkt\/keramikflasche-mit-langustenmotiv\/#primaryimage"},"image":{"@id":"https:\/\/dev.frantoiomuraglia.it\/de\/produkt\/keramikflasche-mit-langustenmotiv\/#primaryimage"},"thumbnailUrl":"https:\/\/dev.frantoiomuraglia.it\/wp-content\/uploads\/2022\/03\/Orcio-in-ceramica-aragosta-3.jpg","datePublished":"2022-05-05T15:24:07+00:00","dateModified":"2025-06-13T14:46:19+00:00","description":"Tradition und zeitgen\u00f6ssisches Design. Das Land und das Meer. Farbe und Reinheit. 100% natives Oliven\u00f6l extra aus Apulien in einem von unseren T\u00f6pfermeistern von Hand gefertigten Keramikgef\u00e4\u00df.","breadcrumb":{"@id":"https:\/\/dev.frantoiomuraglia.it\/de\/produkt\/keramikflasche-mit-langustenmotiv\/#breadcrumb"},"inLanguage":"de","potentialAction":[{"@type":"ReadAction","target":["https:\/\/dev.frantoiomuraglia.it\/de\/produkt\/keramikflasche-mit-langustenmotiv\/"]}]},{"@type":"ImageObject","inLanguage":"de","@id":"https:\/\/dev.frantoiomuraglia.it\/de\/produkt\/keramikflasche-mit-langustenmotiv\/#primaryimage","url":"https:\/\/dev.frantoiomuraglia.it\/wp-content\/uploads\/2022\/03\/Orcio-in-ceramica-aragosta-3.jpg","contentUrl":"https:\/\/dev.frantoiomuraglia.it\/wp-content\/uploads\/2022\/03\/Orcio-in-ceramica-aragosta-3.jpg","width":2180,"height":2294},{"@type":"BreadcrumbList","@id":"https:\/\/dev.frantoiomuraglia.it\/de\/produkt\/keramikflasche-mit-langustenmotiv\/#breadcrumb","itemListElement":[{"@type":"ListItem","position":1,"name":"Home","item":"https:\/\/dev.frantoiomuraglia.it\/de\/"},{"@type":"ListItem","position":2,"name":"Shop","item":"https:\/\/dev.frantoiomuraglia.it\/de\/shop\/"},{"@type":"ListItem","position":3,"name":"Keramikflasche mit Langustenmotiv"}]},{"@type":"WebSite","@id":"https:\/\/dev.frantoiomuraglia.it\/de\/#website","url":"https:\/\/dev.frantoiomuraglia.it\/de\/","name":"Frantoio Muraglia","description":"Just another WordPress site","publisher":{"@id":"https:\/\/dev.frantoiomuraglia.it\/de\/#organization"},"potentialAction":[{"@type":"SearchAction","target":{"@type":"EntryPoint","urlTemplate":"https:\/\/dev.frantoiomuraglia.it\/de\/?s={search_term_string}"},"query-input":{"@type":"PropertyValueSpecification","valueRequired":true,"valueName":"search_term_string"}}],"inLanguage":"de"},{"@type":"Organization","@id":"https:\/\/dev.frantoiomuraglia.it\/de\/#organization","name":"Frantoio Muraglia","url":"https:\/\/dev.frantoiomuraglia.it\/de\/","logo":{"@type":"ImageObject","inLanguage":"de","@id":"https:\/\/dev.frantoiomuraglia.it\/de\/#\/schema\/logo\/image\/","url":"https:\/\/www.frantoiomuraglia.it\/wp-content\/uploads\/2022\/06\/Logo-Frantoio-Muraglia-black-email.jpg","contentUrl":"https:\/\/www.frantoiomuraglia.it\/wp-content\/uploads\/2022\/06\/Logo-Frantoio-Muraglia-black-email.jpg","width":326,"height":150,"caption":"Frantoio Muraglia"},"image":{"@id":"https:\/\/dev.frantoiomuraglia.it\/de\/#\/schema\/logo\/image\/"}}]}},"_links":{"self":[{"href":"https:\/\/dev.frantoiomuraglia.it\/de\/wp-json\/wp\/v2\/product\/6555","targetHints":{"allow":["GET"]}}],"collection":[{"href":"https:\/\/dev.frantoiomuraglia.it\/de\/wp-json\/wp\/v2\/product"}],"about":[{"href":"https:\/\/dev.frantoiomuraglia.it\/de\/wp-json\/wp\/v2\/types\/product"}],"wp:featuredmedia":[{"embeddable":true,"href":"https:\/\/dev.frantoiomuraglia.it\/de\/wp-json\/wp\/v2\/media\/5257"}],"wp:attachment":[{"href":"https:\/\/dev.frantoiomuraglia.it\/de\/wp-json\/wp\/v2\/media?parent=6555"}],"wp:term":[{"taxonomy":"product_cat","embeddable":true,"href":"https:\/\/dev.frantoiomuraglia.it\/de\/wp-json\/wp\/v2\/product_cat?post=6555"},{"taxonomy":"product_tag","embeddable":true,"href":"https:\/\/dev.frantoiomuraglia.it\/de\/wp-json\/wp\/v2\/product_tag?post=6555"}],"curies":[{"name":"wp","href":"https:\/\/api.w.org\/{rel}","templated":true}]}}