{"id":6552,"date":"2022-03-24T13:59:01","date_gmt":"2022-05-05T15:10:16","guid":{"rendered":"https:\/\/dev.frantoiomuraglia.it\/product\/keramikflasche-der-zauberer\/"},"modified":"2025-02-12T19:21:08","modified_gmt":"2025-02-12T17:21:08","slug":"keramikflasche-der-zauberer","status":"publish","type":"product","link":"https:\/\/dev.frantoiomuraglia.it\/de\/produkt\/keramikflasche-der-zauberer\/","title":{"rendered":"Keramikflasche \u201eDer Zauberer\u201c"},"content":{"rendered":"<p>Capsule Collection, die vom Designer Pierpaolo Gaballo entworfen wurde. Dank der Entscheidung, auf junge K\u00fcnstler zu setzen, die unsere Werte in einzigartigen Kapselkollektionen mit Kreativit\u00e4t und Enthusiasmus interpretieren, entstanden wunderbare Dinge wie unsere \u00d6lflasche \u201eDer Zauberer\u201c. Kreativit\u00e4t, \u00d6l, Handwerkskunst.<\/p>\n<p>Schwarz und wei\u00dfe Linien und der einzigartige Bildstil des Designs basieren auf den geometrischen Dichotomien des K\u00fcnstlers Pierpaolo Gaballo, der aus dem Salent stammt.<\/p>\n<p>Mutter Natur ist die Erde, aus der alles entsteht und zu der alles zur\u00fcckkehrt. Die Natur ist auch die Mutter unserer Olivenb\u00e4ume, die sie stolz und voller Fr\u00fcchte wachsen l\u00e4sst. Das ganze Vergn\u00fcgen, die eigene Mutter wieder in die Arme zu schlie\u00dfen.<\/p>\n<p>Der Tiegel enth\u00e4lt mittelfruchtiges EVO-\u00d6l und ist bereits mit einem eleganten Etui ausgestattet.<\/p>\n","protected":false},"excerpt":{"rendered":"<p>Capsule Collection, die vom Designer Pierpaolo Gaballo entworfen wurde. Dank der Entscheidung, auf junge K\u00fcnstler zu setzen, die unsere Werte in einzigartigen Kapselkollektionen mit Kreativit\u00e4t und Enthusiasmus interpretieren, entstanden wunderbare Dinge wie unsere \u00d6lflasche \u201eDer Zauberer\u201c. Kreativit\u00e4t, \u00d6l, Handwerkskunst. Schwarz und wei\u00dfe Linien und der einzigartige Bildstil des Designs basieren auf den geometrischen Dichotomien des [&hellip;]<\/p>\n","protected":false},"featured_media":39767,"template":"","meta":{"_acf_changed":false},"product_cat":[141,374,351],"product_tag":[280,165,294,369,147],"class_list":{"0":"post-6552","1":"product","2":"type-product","3":"status-publish","4":"has-post-thumbnail","6":"product_cat-keramikflasche","7":"product_cat-capsule-collection-de","8":"product_cat-upsell_shopper_gaballo-de","9":"product_tag-capsule-de","10":"product_tag-gaballo-de","11":"product_tag-jars-de-2","12":"product_tag-tpl_jars-de","13":"product_tag-upsell_shopper-de","15":"first","16":"instock","17":"taxable","18":"shipping-taxable","19":"purchasable","20":"product-type-simple"},"acf":[],"yoast_head":"<!-- This site is optimized with the Yoast SEO plugin v26.8 - https:\/\/yoast.com\/product\/yoast-seo-wordpress\/ -->\n<title>Keramikflasche \u201eDer Zauberer\u201c - Frantoio Muraglia<\/title>\n<meta name=\"description\" content=\"Capsule Collection, die vom Designer Pierpaolo Gaballo entworfen wurde. Kreativit\u00e4t, Oliven\u00f6l und Handwerkskunst zu 100% aus Apulien.\" \/>\n<meta name=\"robots\" content=\"noindex, follow, max-snippet:-1, max-image-preview:large, max-video-preview:-1\" \/>\n<meta property=\"og:locale\" content=\"de_DE\" \/>\n<meta property=\"og:type\" content=\"article\" \/>\n<meta property=\"og:title\" content=\"Keramikflasche \u201eDer Zauberer\u201c - Frantoio Muraglia\" \/>\n<meta property=\"og:description\" content=\"Capsule Collection, die vom Designer Pierpaolo Gaballo entworfen wurde. Kreativit\u00e4t, Oliven\u00f6l und Handwerkskunst zu 100% aus Apulien.\" \/>\n<meta property=\"og:url\" content=\"https:\/\/dev.frantoiomuraglia.it\/de\/produkt\/keramikflasche-der-zauberer\/\" \/>\n<meta property=\"og:site_name\" content=\"Frantoio Muraglia\" \/>\n<meta property=\"article:modified_time\" content=\"2025-02-12T17:21:08+00:00\" \/>\n<meta property=\"og:image\" content=\"https:\/\/dev.frantoiomuraglia.it\/wp-content\/uploads\/2022\/03\/Madre-Natura-con-astuccio.jpg\" \/>\n\t<meta property=\"og:image:width\" content=\"2180\" \/>\n\t<meta property=\"og:image:height\" content=\"2294\" \/>\n\t<meta property=\"og:image:type\" content=\"image\/jpeg\" \/>\n<meta name=\"twitter:card\" content=\"summary_large_image\" \/>\n<script type=\"application\/ld+json\" class=\"yoast-schema-graph\">{\"@context\":\"https:\/\/schema.org\",\"@graph\":[{\"@type\":\"WebPage\",\"@id\":\"https:\/\/dev.frantoiomuraglia.it\/de\/produkt\/keramikflasche-der-zauberer\/\",\"url\":\"https:\/\/dev.frantoiomuraglia.it\/de\/produkt\/keramikflasche-der-zauberer\/\",\"name\":\"Keramikflasche \u201eDer Zauberer\u201c - Frantoio Muraglia\",\"isPartOf\":{\"@id\":\"https:\/\/dev.frantoiomuraglia.it\/de\/#website\"},\"primaryImageOfPage\":{\"@id\":\"https:\/\/dev.frantoiomuraglia.it\/de\/produkt\/keramikflasche-der-zauberer\/#primaryimage\"},\"image\":{\"@id\":\"https:\/\/dev.frantoiomuraglia.it\/de\/produkt\/keramikflasche-der-zauberer\/#primaryimage\"},\"thumbnailUrl\":\"https:\/\/dev.frantoiomuraglia.it\/wp-content\/uploads\/2022\/03\/Madre-Natura-con-astuccio.jpg\",\"datePublished\":\"2022-05-05T15:10:16+00:00\",\"dateModified\":\"2025-02-12T17:21:08+00:00\",\"description\":\"Capsule Collection, die vom Designer Pierpaolo Gaballo entworfen wurde. Kreativit\u00e4t, Oliven\u00f6l und Handwerkskunst zu 100% aus Apulien.\",\"breadcrumb\":{\"@id\":\"https:\/\/dev.frantoiomuraglia.it\/de\/produkt\/keramikflasche-der-zauberer\/#breadcrumb\"},\"inLanguage\":\"de\",\"potentialAction\":[{\"@type\":\"ReadAction\",\"target\":[\"https:\/\/dev.frantoiomuraglia.it\/de\/produkt\/keramikflasche-der-zauberer\/\"]}]},{\"@type\":\"ImageObject\",\"inLanguage\":\"de\",\"@id\":\"https:\/\/dev.frantoiomuraglia.it\/de\/produkt\/keramikflasche-der-zauberer\/#primaryimage\",\"url\":\"https:\/\/dev.frantoiomuraglia.it\/wp-content\/uploads\/2022\/03\/Madre-Natura-con-astuccio.jpg\",\"contentUrl\":\"https:\/\/dev.frantoiomuraglia.it\/wp-content\/uploads\/2022\/03\/Madre-Natura-con-astuccio.jpg\",\"width\":2180,\"height\":2294},{\"@type\":\"BreadcrumbList\",\"@id\":\"https:\/\/dev.frantoiomuraglia.it\/de\/produkt\/keramikflasche-der-zauberer\/#breadcrumb\",\"itemListElement\":[{\"@type\":\"ListItem\",\"position\":1,\"name\":\"Home\",\"item\":\"https:\/\/dev.frantoiomuraglia.it\/de\/\"},{\"@type\":\"ListItem\",\"position\":2,\"name\":\"Shop\",\"item\":\"https:\/\/dev.frantoiomuraglia.it\/de\/shop\/\"},{\"@type\":\"ListItem\",\"position\":3,\"name\":\"Keramikflasche \u201eDer Zauberer\u201c\"}]},{\"@type\":\"WebSite\",\"@id\":\"https:\/\/dev.frantoiomuraglia.it\/de\/#website\",\"url\":\"https:\/\/dev.frantoiomuraglia.it\/de\/\",\"name\":\"Frantoio Muraglia\",\"description\":\"Just another WordPress site\",\"publisher\":{\"@id\":\"https:\/\/dev.frantoiomuraglia.it\/de\/#organization\"},\"potentialAction\":[{\"@type\":\"SearchAction\",\"target\":{\"@type\":\"EntryPoint\",\"urlTemplate\":\"https:\/\/dev.frantoiomuraglia.it\/de\/?s={search_term_string}\"},\"query-input\":{\"@type\":\"PropertyValueSpecification\",\"valueRequired\":true,\"valueName\":\"search_term_string\"}}],\"inLanguage\":\"de\"},{\"@type\":\"Organization\",\"@id\":\"https:\/\/dev.frantoiomuraglia.it\/de\/#organization\",\"name\":\"Frantoio Muraglia\",\"url\":\"https:\/\/dev.frantoiomuraglia.it\/de\/\",\"logo\":{\"@type\":\"ImageObject\",\"inLanguage\":\"de\",\"@id\":\"https:\/\/dev.frantoiomuraglia.it\/de\/#\/schema\/logo\/image\/\",\"url\":\"https:\/\/www.frantoiomuraglia.it\/wp-content\/uploads\/2022\/06\/Logo-Frantoio-Muraglia-black-email.jpg\",\"contentUrl\":\"https:\/\/www.frantoiomuraglia.it\/wp-content\/uploads\/2022\/06\/Logo-Frantoio-Muraglia-black-email.jpg\",\"width\":326,\"height\":150,\"caption\":\"Frantoio Muraglia\"},\"image\":{\"@id\":\"https:\/\/dev.frantoiomuraglia.it\/de\/#\/schema\/logo\/image\/\"}}]}<\/script>\n<!-- \/ Yoast SEO plugin. -->","yoast_head_json":{"title":"Keramikflasche \u201eDer Zauberer\u201c - Frantoio Muraglia","description":"Capsule Collection, die vom Designer Pierpaolo Gaballo entworfen wurde. Kreativit\u00e4t, Oliven\u00f6l und Handwerkskunst zu 100% aus Apulien.","robots":{"index":"noindex","follow":"follow","max-snippet":"max-snippet:-1","max-image-preview":"max-image-preview:large","max-video-preview":"max-video-preview:-1"},"og_locale":"de_DE","og_type":"article","og_title":"Keramikflasche \u201eDer Zauberer\u201c - Frantoio Muraglia","og_description":"Capsule Collection, die vom Designer Pierpaolo Gaballo entworfen wurde. Kreativit\u00e4t, Oliven\u00f6l und Handwerkskunst zu 100% aus Apulien.","og_url":"https:\/\/dev.frantoiomuraglia.it\/de\/produkt\/keramikflasche-der-zauberer\/","og_site_name":"Frantoio Muraglia","article_modified_time":"2025-02-12T17:21:08+00:00","og_image":[{"width":2180,"height":2294,"url":"https:\/\/dev.frantoiomuraglia.it\/wp-content\/uploads\/2022\/03\/Madre-Natura-con-astuccio.jpg","type":"image\/jpeg"}],"twitter_card":"summary_large_image","schema":{"@context":"https:\/\/schema.org","@graph":[{"@type":"WebPage","@id":"https:\/\/dev.frantoiomuraglia.it\/de\/produkt\/keramikflasche-der-zauberer\/","url":"https:\/\/dev.frantoiomuraglia.it\/de\/produkt\/keramikflasche-der-zauberer\/","name":"Keramikflasche \u201eDer Zauberer\u201c - Frantoio Muraglia","isPartOf":{"@id":"https:\/\/dev.frantoiomuraglia.it\/de\/#website"},"primaryImageOfPage":{"@id":"https:\/\/dev.frantoiomuraglia.it\/de\/produkt\/keramikflasche-der-zauberer\/#primaryimage"},"image":{"@id":"https:\/\/dev.frantoiomuraglia.it\/de\/produkt\/keramikflasche-der-zauberer\/#primaryimage"},"thumbnailUrl":"https:\/\/dev.frantoiomuraglia.it\/wp-content\/uploads\/2022\/03\/Madre-Natura-con-astuccio.jpg","datePublished":"2022-05-05T15:10:16+00:00","dateModified":"2025-02-12T17:21:08+00:00","description":"Capsule Collection, die vom Designer Pierpaolo Gaballo entworfen wurde. Kreativit\u00e4t, Oliven\u00f6l und Handwerkskunst zu 100% aus Apulien.","breadcrumb":{"@id":"https:\/\/dev.frantoiomuraglia.it\/de\/produkt\/keramikflasche-der-zauberer\/#breadcrumb"},"inLanguage":"de","potentialAction":[{"@type":"ReadAction","target":["https:\/\/dev.frantoiomuraglia.it\/de\/produkt\/keramikflasche-der-zauberer\/"]}]},{"@type":"ImageObject","inLanguage":"de","@id":"https:\/\/dev.frantoiomuraglia.it\/de\/produkt\/keramikflasche-der-zauberer\/#primaryimage","url":"https:\/\/dev.frantoiomuraglia.it\/wp-content\/uploads\/2022\/03\/Madre-Natura-con-astuccio.jpg","contentUrl":"https:\/\/dev.frantoiomuraglia.it\/wp-content\/uploads\/2022\/03\/Madre-Natura-con-astuccio.jpg","width":2180,"height":2294},{"@type":"BreadcrumbList","@id":"https:\/\/dev.frantoiomuraglia.it\/de\/produkt\/keramikflasche-der-zauberer\/#breadcrumb","itemListElement":[{"@type":"ListItem","position":1,"name":"Home","item":"https:\/\/dev.frantoiomuraglia.it\/de\/"},{"@type":"ListItem","position":2,"name":"Shop","item":"https:\/\/dev.frantoiomuraglia.it\/de\/shop\/"},{"@type":"ListItem","position":3,"name":"Keramikflasche \u201eDer Zauberer\u201c"}]},{"@type":"WebSite","@id":"https:\/\/dev.frantoiomuraglia.it\/de\/#website","url":"https:\/\/dev.frantoiomuraglia.it\/de\/","name":"Frantoio Muraglia","description":"Just another WordPress site","publisher":{"@id":"https:\/\/dev.frantoiomuraglia.it\/de\/#organization"},"potentialAction":[{"@type":"SearchAction","target":{"@type":"EntryPoint","urlTemplate":"https:\/\/dev.frantoiomuraglia.it\/de\/?s={search_term_string}"},"query-input":{"@type":"PropertyValueSpecification","valueRequired":true,"valueName":"search_term_string"}}],"inLanguage":"de"},{"@type":"Organization","@id":"https:\/\/dev.frantoiomuraglia.it\/de\/#organization","name":"Frantoio Muraglia","url":"https:\/\/dev.frantoiomuraglia.it\/de\/","logo":{"@type":"ImageObject","inLanguage":"de","@id":"https:\/\/dev.frantoiomuraglia.it\/de\/#\/schema\/logo\/image\/","url":"https:\/\/www.frantoiomuraglia.it\/wp-content\/uploads\/2022\/06\/Logo-Frantoio-Muraglia-black-email.jpg","contentUrl":"https:\/\/www.frantoiomuraglia.it\/wp-content\/uploads\/2022\/06\/Logo-Frantoio-Muraglia-black-email.jpg","width":326,"height":150,"caption":"Frantoio Muraglia"},"image":{"@id":"https:\/\/dev.frantoiomuraglia.it\/de\/#\/schema\/logo\/image\/"}}]}},"_links":{"self":[{"href":"https:\/\/dev.frantoiomuraglia.it\/de\/wp-json\/wp\/v2\/product\/6552","targetHints":{"allow":["GET"]}}],"collection":[{"href":"https:\/\/dev.frantoiomuraglia.it\/de\/wp-json\/wp\/v2\/product"}],"about":[{"href":"https:\/\/dev.frantoiomuraglia.it\/de\/wp-json\/wp\/v2\/types\/product"}],"wp:featuredmedia":[{"embeddable":true,"href":"https:\/\/dev.frantoiomuraglia.it\/de\/wp-json\/wp\/v2\/media\/39767"}],"wp:attachment":[{"href":"https:\/\/dev.frantoiomuraglia.it\/de\/wp-json\/wp\/v2\/media?parent=6552"}],"wp:term":[{"taxonomy":"product_cat","embeddable":true,"href":"https:\/\/dev.frantoiomuraglia.it\/de\/wp-json\/wp\/v2\/product_cat?post=6552"},{"taxonomy":"product_tag","embeddable":true,"href":"https:\/\/dev.frantoiomuraglia.it\/de\/wp-json\/wp\/v2\/product_tag?post=6552"}],"curies":[{"name":"wp","href":"https:\/\/api.w.org\/{rel}","templated":true}]}}