{"id":6509,"date":"2022-03-24T14:00:13","date_gmt":"2022-05-04T18:31:57","guid":{"rendered":"https:\/\/dev.frantoiomuraglia.it\/product\/5-liter-bag-in-box\/"},"modified":"2025-06-08T15:13:53","modified_gmt":"2025-06-08T13:13:53","slug":"5-liter-bag-in-box","status":"publish","type":"product","link":"https:\/\/dev.frantoiomuraglia.it\/de\/produkt\/5-liter-bag-in-box\/","title":{"rendered":"5 Liter Bag in Box"},"content":{"rendered":"<p>Ein resistenter Beutel mit Ausgie\u00dfer f\u00fcr Ihren Vorrat an nativem Oliven\u00f6l extra zum Genie\u00dfen in praktischen, widerstandsf\u00e4higen 5 Liter Bag in Box-\u00d6lpackungen, die die 5 Liter Kanister ersetzen, da sie widerstandsf\u00e4higer und praktischer sind.<\/p>\n<p>Praktische 5 Liter Bag in Box-\u00d6lpackung f\u00fcr jene, die auf gutes natives Oliven\u00f6l extra nicht verzichten k\u00f6nnen. So haben Sie die wichtigste Zutat der mediterranen K\u00fcche stets zur Hand. Bag in Boxen sind im Haushalt ebenso unverzichtbar wie in der K\u00fcche eines K\u00fcchenchefs.<\/p>\n<p>Eine Bag in Box stellt die innovative Methode zur Aufbewahrung von nativem Oliven\u00f6l extra dar. Dank des resistenten Beutels und des Ausgie\u00dfers oxidiert das \u00d6l nicht, wodurch die Qualit\u00e4t des \u00d6ls unver\u00e4ndert erhalten bleibt.<\/p>\n","protected":false},"excerpt":{"rendered":"<p>B.I.B. 5LT<\/p>\n","protected":false},"featured_media":5041,"template":"","meta":{"_acf_changed":false},"product_cat":[392],"product_tag":[329,293,308,310,383,312,219],"class_list":{"0":"post-6509","1":"product","2":"type-product","3":"status-publish","4":"has-post-thumbnail","6":"product_cat-bag-in-box-de","7":"product_tag-cans-de","8":"product_tag-featured-de-2","9":"product_tag-intense-variant-de","10":"product_tag-medium-variant-de","11":"product_tag-organic-line-de","12":"product_tag-pitted-line-de","13":"product_tag-tpl_no_category-de","15":"first","16":"instock","17":"taxable","18":"shipping-taxable","19":"purchasable","20":"product-type-variable"},"acf":[],"yoast_head":"<!-- This site is optimized with the Yoast SEO plugin v26.8 - https:\/\/yoast.com\/product\/yoast-seo-wordpress\/ -->\n<title>5 Liter Bag in Box - Frantoio Muraglia<\/title>\n<meta name=\"description\" content=\"Ein resistenter Beutel mit Ausgie\u00dfer f\u00fcr Ihren Vorrat an nativem Oliven\u00f6l extra zum Genie\u00dfen in praktischen, widerstandsf\u00e4higen 5 Liter Bag in Box-\u00d6lpackungen.\" \/>\n<meta name=\"robots\" content=\"noindex, follow, max-snippet:-1, max-image-preview:large, max-video-preview:-1\" \/>\n<meta property=\"og:locale\" content=\"de_DE\" \/>\n<meta property=\"og:type\" content=\"article\" \/>\n<meta property=\"og:title\" content=\"5 Liter Bag in Box - Frantoio Muraglia\" \/>\n<meta property=\"og:description\" content=\"Ein resistenter Beutel mit Ausgie\u00dfer f\u00fcr Ihren Vorrat an nativem Oliven\u00f6l extra zum Genie\u00dfen in praktischen, widerstandsf\u00e4higen 5 Liter Bag in Box-\u00d6lpackungen.\" \/>\n<meta property=\"og:url\" content=\"https:\/\/dev.frantoiomuraglia.it\/de\/produkt\/5-liter-bag-in-box\/\" \/>\n<meta property=\"og:site_name\" content=\"Frantoio Muraglia\" \/>\n<meta property=\"article:modified_time\" content=\"2025-06-08T13:13:53+00:00\" \/>\n<meta property=\"og:image\" content=\"https:\/\/dev.frantoiomuraglia.it\/wp-content\/uploads\/2022\/03\/Bag-in-box-da-5lt-3.jpg\" \/>\n\t<meta property=\"og:image:width\" content=\"2180\" \/>\n\t<meta property=\"og:image:height\" content=\"2294\" \/>\n\t<meta property=\"og:image:type\" content=\"image\/jpeg\" \/>\n<meta name=\"twitter:card\" content=\"summary_large_image\" \/>\n<script type=\"application\/ld+json\" class=\"yoast-schema-graph\">{\"@context\":\"https:\/\/schema.org\",\"@graph\":[{\"@type\":\"WebPage\",\"@id\":\"https:\/\/dev.frantoiomuraglia.it\/de\/produkt\/5-liter-bag-in-box\/\",\"url\":\"https:\/\/dev.frantoiomuraglia.it\/de\/produkt\/5-liter-bag-in-box\/\",\"name\":\"5 Liter Bag in Box - Frantoio Muraglia\",\"isPartOf\":{\"@id\":\"https:\/\/dev.frantoiomuraglia.it\/de\/#website\"},\"primaryImageOfPage\":{\"@id\":\"https:\/\/dev.frantoiomuraglia.it\/de\/produkt\/5-liter-bag-in-box\/#primaryimage\"},\"image\":{\"@id\":\"https:\/\/dev.frantoiomuraglia.it\/de\/produkt\/5-liter-bag-in-box\/#primaryimage\"},\"thumbnailUrl\":\"https:\/\/dev.frantoiomuraglia.it\/wp-content\/uploads\/2022\/03\/Bag-in-box-da-5lt-3.jpg\",\"datePublished\":\"2022-05-04T18:31:57+00:00\",\"dateModified\":\"2025-06-08T13:13:53+00:00\",\"description\":\"Ein resistenter Beutel mit Ausgie\u00dfer f\u00fcr Ihren Vorrat an nativem Oliven\u00f6l extra zum Genie\u00dfen in praktischen, widerstandsf\u00e4higen 5 Liter Bag in Box-\u00d6lpackungen.\",\"breadcrumb\":{\"@id\":\"https:\/\/dev.frantoiomuraglia.it\/de\/produkt\/5-liter-bag-in-box\/#breadcrumb\"},\"inLanguage\":\"de\",\"potentialAction\":[{\"@type\":\"ReadAction\",\"target\":[\"https:\/\/dev.frantoiomuraglia.it\/de\/produkt\/5-liter-bag-in-box\/\"]}]},{\"@type\":\"ImageObject\",\"inLanguage\":\"de\",\"@id\":\"https:\/\/dev.frantoiomuraglia.it\/de\/produkt\/5-liter-bag-in-box\/#primaryimage\",\"url\":\"https:\/\/dev.frantoiomuraglia.it\/wp-content\/uploads\/2022\/03\/Bag-in-box-da-5lt-3.jpg\",\"contentUrl\":\"https:\/\/dev.frantoiomuraglia.it\/wp-content\/uploads\/2022\/03\/Bag-in-box-da-5lt-3.jpg\",\"width\":2180,\"height\":2294},{\"@type\":\"BreadcrumbList\",\"@id\":\"https:\/\/dev.frantoiomuraglia.it\/de\/produkt\/5-liter-bag-in-box\/#breadcrumb\",\"itemListElement\":[{\"@type\":\"ListItem\",\"position\":1,\"name\":\"Home\",\"item\":\"https:\/\/dev.frantoiomuraglia.it\/de\/\"},{\"@type\":\"ListItem\",\"position\":2,\"name\":\"Shop\",\"item\":\"https:\/\/dev.frantoiomuraglia.it\/de\/shop\/\"},{\"@type\":\"ListItem\",\"position\":3,\"name\":\"5 Liter Bag in Box\"}]},{\"@type\":\"WebSite\",\"@id\":\"https:\/\/dev.frantoiomuraglia.it\/de\/#website\",\"url\":\"https:\/\/dev.frantoiomuraglia.it\/de\/\",\"name\":\"Frantoio Muraglia\",\"description\":\"Just another WordPress site\",\"publisher\":{\"@id\":\"https:\/\/dev.frantoiomuraglia.it\/de\/#organization\"},\"potentialAction\":[{\"@type\":\"SearchAction\",\"target\":{\"@type\":\"EntryPoint\",\"urlTemplate\":\"https:\/\/dev.frantoiomuraglia.it\/de\/?s={search_term_string}\"},\"query-input\":{\"@type\":\"PropertyValueSpecification\",\"valueRequired\":true,\"valueName\":\"search_term_string\"}}],\"inLanguage\":\"de\"},{\"@type\":\"Organization\",\"@id\":\"https:\/\/dev.frantoiomuraglia.it\/de\/#organization\",\"name\":\"Frantoio Muraglia\",\"url\":\"https:\/\/dev.frantoiomuraglia.it\/de\/\",\"logo\":{\"@type\":\"ImageObject\",\"inLanguage\":\"de\",\"@id\":\"https:\/\/dev.frantoiomuraglia.it\/de\/#\/schema\/logo\/image\/\",\"url\":\"https:\/\/www.frantoiomuraglia.it\/wp-content\/uploads\/2022\/06\/Logo-Frantoio-Muraglia-black-email.jpg\",\"contentUrl\":\"https:\/\/www.frantoiomuraglia.it\/wp-content\/uploads\/2022\/06\/Logo-Frantoio-Muraglia-black-email.jpg\",\"width\":326,\"height\":150,\"caption\":\"Frantoio Muraglia\"},\"image\":{\"@id\":\"https:\/\/dev.frantoiomuraglia.it\/de\/#\/schema\/logo\/image\/\"}}]}<\/script>\n<!-- \/ Yoast SEO plugin. -->","yoast_head_json":{"title":"5 Liter Bag in Box - Frantoio Muraglia","description":"Ein resistenter Beutel mit Ausgie\u00dfer f\u00fcr Ihren Vorrat an nativem Oliven\u00f6l extra zum Genie\u00dfen in praktischen, widerstandsf\u00e4higen 5 Liter Bag in Box-\u00d6lpackungen.","robots":{"index":"noindex","follow":"follow","max-snippet":"max-snippet:-1","max-image-preview":"max-image-preview:large","max-video-preview":"max-video-preview:-1"},"og_locale":"de_DE","og_type":"article","og_title":"5 Liter Bag in Box - Frantoio Muraglia","og_description":"Ein resistenter Beutel mit Ausgie\u00dfer f\u00fcr Ihren Vorrat an nativem Oliven\u00f6l extra zum Genie\u00dfen in praktischen, widerstandsf\u00e4higen 5 Liter Bag in Box-\u00d6lpackungen.","og_url":"https:\/\/dev.frantoiomuraglia.it\/de\/produkt\/5-liter-bag-in-box\/","og_site_name":"Frantoio Muraglia","article_modified_time":"2025-06-08T13:13:53+00:00","og_image":[{"width":2180,"height":2294,"url":"https:\/\/dev.frantoiomuraglia.it\/wp-content\/uploads\/2022\/03\/Bag-in-box-da-5lt-3.jpg","type":"image\/jpeg"}],"twitter_card":"summary_large_image","schema":{"@context":"https:\/\/schema.org","@graph":[{"@type":"WebPage","@id":"https:\/\/dev.frantoiomuraglia.it\/de\/produkt\/5-liter-bag-in-box\/","url":"https:\/\/dev.frantoiomuraglia.it\/de\/produkt\/5-liter-bag-in-box\/","name":"5 Liter Bag in Box - Frantoio Muraglia","isPartOf":{"@id":"https:\/\/dev.frantoiomuraglia.it\/de\/#website"},"primaryImageOfPage":{"@id":"https:\/\/dev.frantoiomuraglia.it\/de\/produkt\/5-liter-bag-in-box\/#primaryimage"},"image":{"@id":"https:\/\/dev.frantoiomuraglia.it\/de\/produkt\/5-liter-bag-in-box\/#primaryimage"},"thumbnailUrl":"https:\/\/dev.frantoiomuraglia.it\/wp-content\/uploads\/2022\/03\/Bag-in-box-da-5lt-3.jpg","datePublished":"2022-05-04T18:31:57+00:00","dateModified":"2025-06-08T13:13:53+00:00","description":"Ein resistenter Beutel mit Ausgie\u00dfer f\u00fcr Ihren Vorrat an nativem Oliven\u00f6l extra zum Genie\u00dfen in praktischen, widerstandsf\u00e4higen 5 Liter Bag in Box-\u00d6lpackungen.","breadcrumb":{"@id":"https:\/\/dev.frantoiomuraglia.it\/de\/produkt\/5-liter-bag-in-box\/#breadcrumb"},"inLanguage":"de","potentialAction":[{"@type":"ReadAction","target":["https:\/\/dev.frantoiomuraglia.it\/de\/produkt\/5-liter-bag-in-box\/"]}]},{"@type":"ImageObject","inLanguage":"de","@id":"https:\/\/dev.frantoiomuraglia.it\/de\/produkt\/5-liter-bag-in-box\/#primaryimage","url":"https:\/\/dev.frantoiomuraglia.it\/wp-content\/uploads\/2022\/03\/Bag-in-box-da-5lt-3.jpg","contentUrl":"https:\/\/dev.frantoiomuraglia.it\/wp-content\/uploads\/2022\/03\/Bag-in-box-da-5lt-3.jpg","width":2180,"height":2294},{"@type":"BreadcrumbList","@id":"https:\/\/dev.frantoiomuraglia.it\/de\/produkt\/5-liter-bag-in-box\/#breadcrumb","itemListElement":[{"@type":"ListItem","position":1,"name":"Home","item":"https:\/\/dev.frantoiomuraglia.it\/de\/"},{"@type":"ListItem","position":2,"name":"Shop","item":"https:\/\/dev.frantoiomuraglia.it\/de\/shop\/"},{"@type":"ListItem","position":3,"name":"5 Liter Bag in Box"}]},{"@type":"WebSite","@id":"https:\/\/dev.frantoiomuraglia.it\/de\/#website","url":"https:\/\/dev.frantoiomuraglia.it\/de\/","name":"Frantoio Muraglia","description":"Just another WordPress site","publisher":{"@id":"https:\/\/dev.frantoiomuraglia.it\/de\/#organization"},"potentialAction":[{"@type":"SearchAction","target":{"@type":"EntryPoint","urlTemplate":"https:\/\/dev.frantoiomuraglia.it\/de\/?s={search_term_string}"},"query-input":{"@type":"PropertyValueSpecification","valueRequired":true,"valueName":"search_term_string"}}],"inLanguage":"de"},{"@type":"Organization","@id":"https:\/\/dev.frantoiomuraglia.it\/de\/#organization","name":"Frantoio Muraglia","url":"https:\/\/dev.frantoiomuraglia.it\/de\/","logo":{"@type":"ImageObject","inLanguage":"de","@id":"https:\/\/dev.frantoiomuraglia.it\/de\/#\/schema\/logo\/image\/","url":"https:\/\/www.frantoiomuraglia.it\/wp-content\/uploads\/2022\/06\/Logo-Frantoio-Muraglia-black-email.jpg","contentUrl":"https:\/\/www.frantoiomuraglia.it\/wp-content\/uploads\/2022\/06\/Logo-Frantoio-Muraglia-black-email.jpg","width":326,"height":150,"caption":"Frantoio Muraglia"},"image":{"@id":"https:\/\/dev.frantoiomuraglia.it\/de\/#\/schema\/logo\/image\/"}}]}},"_links":{"self":[{"href":"https:\/\/dev.frantoiomuraglia.it\/de\/wp-json\/wp\/v2\/product\/6509","targetHints":{"allow":["GET"]}}],"collection":[{"href":"https:\/\/dev.frantoiomuraglia.it\/de\/wp-json\/wp\/v2\/product"}],"about":[{"href":"https:\/\/dev.frantoiomuraglia.it\/de\/wp-json\/wp\/v2\/types\/product"}],"wp:featuredmedia":[{"embeddable":true,"href":"https:\/\/dev.frantoiomuraglia.it\/de\/wp-json\/wp\/v2\/media\/5041"}],"wp:attachment":[{"href":"https:\/\/dev.frantoiomuraglia.it\/de\/wp-json\/wp\/v2\/media?parent=6509"}],"wp:term":[{"taxonomy":"product_cat","embeddable":true,"href":"https:\/\/dev.frantoiomuraglia.it\/de\/wp-json\/wp\/v2\/product_cat?post=6509"},{"taxonomy":"product_tag","embeddable":true,"href":"https:\/\/dev.frantoiomuraglia.it\/de\/wp-json\/wp\/v2\/product_tag?post=6509"}],"curies":[{"name":"wp","href":"https:\/\/api.w.org\/{rel}","templated":true}]}}