{"id":6497,"date":"2022-03-24T14:01:15","date_gmt":"2022-05-04T17:56:40","guid":{"rendered":"https:\/\/dev.frantoiomuraglia.it\/product\/keramikflasche-der-koenig\/"},"modified":"2025-02-12T19:10:20","modified_gmt":"2025-02-12T17:10:20","slug":"keramikflasche-der-konig","status":"publish","type":"product","link":"https:\/\/dev.frantoiomuraglia.it\/de\/produkt\/keramikflasche-der-konig\/","title":{"rendered":"Keramikflasche Der K\u00f6nig"},"content":{"rendered":"<p>Capsule Collection, die vom Designer Pierpaolo Gaballo entworfen wurde. Dank der Entscheidung, auf junge K\u00fcnstler zu setzen, die unsere Werte in einzigartigen Kapselkollektionen mit Kreativit\u00e4t und Enthusiasmus interpretieren, entstanden wunderbare Dinge wie unsere \u00d6lflasche \u201eDer K\u00f6nig\u201c. Kreativit\u00e4t, Oliven\u00f6l und Handwerkskunst zu 100% aus Apulien.<\/p>\n<p>Schwarz und wei\u00dfe Linien und der einzigartige Bildstil des Designs basieren auf den geometrischen Dichotomien des K\u00fcnstlers Pierpaolo Gaballo, der aus dem Salent stammt.<\/p>\n<p>Der K\u00f6nig steht f\u00fcr die weltliche und g\u00f6ttliche Macht, dessen Traumbild die erstrebenswerten Ideale, den spirituellen Weg bzw. die eigene Weiterentwicklung repr\u00e4sentieren soll. Der K\u00f6nig thront auf unseren Keramikflaschen, die von unseren T\u00f6pfermeistern aus Apulien von Hand gefertigt werden.<\/p>\n<p>Der Orcio enth\u00e4lt EVO Intense Fruity Olive Oil und wird in einer Geschenkbox geliefert.<\/p>\n","protected":false},"excerpt":{"rendered":"<p>Capsule Collection, die vom Designer Pierpaolo Gaballo entworfen wurde. Dank der Entscheidung, auf junge K\u00fcnstler zu setzen, die unsere Werte in einzigartigen Kapselkollektionen mit Kreativit\u00e4t und Enthusiasmus interpretieren, entstanden wunderbare Dinge wie unsere \u00d6lflasche \u201eDer K\u00f6nig\u201c. Kreativit\u00e4t, Oliven\u00f6l und Handwerkskunst zu 100% aus Apulien. Schwarz und wei\u00dfe Linien und der einzigartige Bildstil des Designs basieren [&hellip;]<\/p>\n","protected":false},"featured_media":39771,"template":"","meta":{"_acf_changed":false},"product_cat":[141,374,351],"product_tag":[280,165,294,369,147],"class_list":{"0":"post-6497","1":"product","2":"type-product","3":"status-publish","4":"has-post-thumbnail","6":"product_cat-keramikflasche","7":"product_cat-capsule-collection-de","8":"product_cat-upsell_shopper_gaballo-de","9":"product_tag-capsule-de","10":"product_tag-gaballo-de","11":"product_tag-jars-de-2","12":"product_tag-tpl_jars-de","13":"product_tag-upsell_shopper-de","15":"first","16":"instock","17":"taxable","18":"shipping-taxable","19":"purchasable","20":"product-type-simple"},"acf":[],"yoast_head":"<!-- This site is optimized with the Yoast SEO plugin v26.8 - https:\/\/yoast.com\/product\/yoast-seo-wordpress\/ -->\n<title>Keramikflasche Der K\u00f6nig - Frantoio Muraglia<\/title>\n<meta name=\"description\" content=\"Capsule Collection, die vom Designer Pierpaolo Gaballo entworfen wurde. Kreativit\u00e4t, Oliven\u00f6l und Handwerkskunst zu 100% aus Apulien.\" \/>\n<meta name=\"robots\" content=\"noindex, follow, max-snippet:-1, max-image-preview:large, max-video-preview:-1\" \/>\n<meta property=\"og:locale\" content=\"de_DE\" \/>\n<meta property=\"og:type\" content=\"article\" \/>\n<meta property=\"og:title\" content=\"Keramikflasche Der K\u00f6nig - Frantoio Muraglia\" \/>\n<meta property=\"og:description\" content=\"Capsule Collection, die vom Designer Pierpaolo Gaballo entworfen wurde. Kreativit\u00e4t, Oliven\u00f6l und Handwerkskunst zu 100% aus Apulien.\" \/>\n<meta property=\"og:url\" content=\"https:\/\/dev.frantoiomuraglia.it\/de\/produkt\/keramikflasche-der-konig\/\" \/>\n<meta property=\"og:site_name\" content=\"Frantoio Muraglia\" \/>\n<meta property=\"article:modified_time\" content=\"2025-02-12T17:10:20+00:00\" \/>\n<meta property=\"og:image\" content=\"https:\/\/dev.frantoiomuraglia.it\/wp-content\/uploads\/2022\/03\/Re-con-astuccio.jpg\" \/>\n\t<meta property=\"og:image:width\" content=\"2180\" \/>\n\t<meta property=\"og:image:height\" content=\"2294\" \/>\n\t<meta property=\"og:image:type\" content=\"image\/jpeg\" \/>\n<meta name=\"twitter:card\" content=\"summary_large_image\" \/>\n<script type=\"application\/ld+json\" class=\"yoast-schema-graph\">{\"@context\":\"https:\/\/schema.org\",\"@graph\":[{\"@type\":\"WebPage\",\"@id\":\"https:\/\/dev.frantoiomuraglia.it\/de\/produkt\/keramikflasche-der-konig\/\",\"url\":\"https:\/\/dev.frantoiomuraglia.it\/de\/produkt\/keramikflasche-der-konig\/\",\"name\":\"Keramikflasche Der K\u00f6nig - Frantoio Muraglia\",\"isPartOf\":{\"@id\":\"https:\/\/dev.frantoiomuraglia.it\/de\/#website\"},\"primaryImageOfPage\":{\"@id\":\"https:\/\/dev.frantoiomuraglia.it\/de\/produkt\/keramikflasche-der-konig\/#primaryimage\"},\"image\":{\"@id\":\"https:\/\/dev.frantoiomuraglia.it\/de\/produkt\/keramikflasche-der-konig\/#primaryimage\"},\"thumbnailUrl\":\"https:\/\/dev.frantoiomuraglia.it\/wp-content\/uploads\/2022\/03\/Re-con-astuccio.jpg\",\"datePublished\":\"2022-05-04T17:56:40+00:00\",\"dateModified\":\"2025-02-12T17:10:20+00:00\",\"description\":\"Capsule Collection, die vom Designer Pierpaolo Gaballo entworfen wurde. Kreativit\u00e4t, Oliven\u00f6l und Handwerkskunst zu 100% aus Apulien.\",\"breadcrumb\":{\"@id\":\"https:\/\/dev.frantoiomuraglia.it\/de\/produkt\/keramikflasche-der-konig\/#breadcrumb\"},\"inLanguage\":\"de\",\"potentialAction\":[{\"@type\":\"ReadAction\",\"target\":[\"https:\/\/dev.frantoiomuraglia.it\/de\/produkt\/keramikflasche-der-konig\/\"]}]},{\"@type\":\"ImageObject\",\"inLanguage\":\"de\",\"@id\":\"https:\/\/dev.frantoiomuraglia.it\/de\/produkt\/keramikflasche-der-konig\/#primaryimage\",\"url\":\"https:\/\/dev.frantoiomuraglia.it\/wp-content\/uploads\/2022\/03\/Re-con-astuccio.jpg\",\"contentUrl\":\"https:\/\/dev.frantoiomuraglia.it\/wp-content\/uploads\/2022\/03\/Re-con-astuccio.jpg\",\"width\":2180,\"height\":2294},{\"@type\":\"BreadcrumbList\",\"@id\":\"https:\/\/dev.frantoiomuraglia.it\/de\/produkt\/keramikflasche-der-konig\/#breadcrumb\",\"itemListElement\":[{\"@type\":\"ListItem\",\"position\":1,\"name\":\"Home\",\"item\":\"https:\/\/dev.frantoiomuraglia.it\/de\/\"},{\"@type\":\"ListItem\",\"position\":2,\"name\":\"Shop\",\"item\":\"https:\/\/dev.frantoiomuraglia.it\/de\/shop\/\"},{\"@type\":\"ListItem\",\"position\":3,\"name\":\"Keramikflasche Der K\u00f6nig\"}]},{\"@type\":\"WebSite\",\"@id\":\"https:\/\/dev.frantoiomuraglia.it\/de\/#website\",\"url\":\"https:\/\/dev.frantoiomuraglia.it\/de\/\",\"name\":\"Frantoio Muraglia\",\"description\":\"Just another WordPress site\",\"publisher\":{\"@id\":\"https:\/\/dev.frantoiomuraglia.it\/de\/#organization\"},\"potentialAction\":[{\"@type\":\"SearchAction\",\"target\":{\"@type\":\"EntryPoint\",\"urlTemplate\":\"https:\/\/dev.frantoiomuraglia.it\/de\/?s={search_term_string}\"},\"query-input\":{\"@type\":\"PropertyValueSpecification\",\"valueRequired\":true,\"valueName\":\"search_term_string\"}}],\"inLanguage\":\"de\"},{\"@type\":\"Organization\",\"@id\":\"https:\/\/dev.frantoiomuraglia.it\/de\/#organization\",\"name\":\"Frantoio Muraglia\",\"url\":\"https:\/\/dev.frantoiomuraglia.it\/de\/\",\"logo\":{\"@type\":\"ImageObject\",\"inLanguage\":\"de\",\"@id\":\"https:\/\/dev.frantoiomuraglia.it\/de\/#\/schema\/logo\/image\/\",\"url\":\"https:\/\/www.frantoiomuraglia.it\/wp-content\/uploads\/2022\/06\/Logo-Frantoio-Muraglia-black-email.jpg\",\"contentUrl\":\"https:\/\/www.frantoiomuraglia.it\/wp-content\/uploads\/2022\/06\/Logo-Frantoio-Muraglia-black-email.jpg\",\"width\":326,\"height\":150,\"caption\":\"Frantoio Muraglia\"},\"image\":{\"@id\":\"https:\/\/dev.frantoiomuraglia.it\/de\/#\/schema\/logo\/image\/\"}}]}<\/script>\n<!-- \/ Yoast SEO plugin. -->","yoast_head_json":{"title":"Keramikflasche Der K\u00f6nig - Frantoio Muraglia","description":"Capsule Collection, die vom Designer Pierpaolo Gaballo entworfen wurde. Kreativit\u00e4t, Oliven\u00f6l und Handwerkskunst zu 100% aus Apulien.","robots":{"index":"noindex","follow":"follow","max-snippet":"max-snippet:-1","max-image-preview":"max-image-preview:large","max-video-preview":"max-video-preview:-1"},"og_locale":"de_DE","og_type":"article","og_title":"Keramikflasche Der K\u00f6nig - Frantoio Muraglia","og_description":"Capsule Collection, die vom Designer Pierpaolo Gaballo entworfen wurde. Kreativit\u00e4t, Oliven\u00f6l und Handwerkskunst zu 100% aus Apulien.","og_url":"https:\/\/dev.frantoiomuraglia.it\/de\/produkt\/keramikflasche-der-konig\/","og_site_name":"Frantoio Muraglia","article_modified_time":"2025-02-12T17:10:20+00:00","og_image":[{"width":2180,"height":2294,"url":"https:\/\/dev.frantoiomuraglia.it\/wp-content\/uploads\/2022\/03\/Re-con-astuccio.jpg","type":"image\/jpeg"}],"twitter_card":"summary_large_image","schema":{"@context":"https:\/\/schema.org","@graph":[{"@type":"WebPage","@id":"https:\/\/dev.frantoiomuraglia.it\/de\/produkt\/keramikflasche-der-konig\/","url":"https:\/\/dev.frantoiomuraglia.it\/de\/produkt\/keramikflasche-der-konig\/","name":"Keramikflasche Der K\u00f6nig - Frantoio Muraglia","isPartOf":{"@id":"https:\/\/dev.frantoiomuraglia.it\/de\/#website"},"primaryImageOfPage":{"@id":"https:\/\/dev.frantoiomuraglia.it\/de\/produkt\/keramikflasche-der-konig\/#primaryimage"},"image":{"@id":"https:\/\/dev.frantoiomuraglia.it\/de\/produkt\/keramikflasche-der-konig\/#primaryimage"},"thumbnailUrl":"https:\/\/dev.frantoiomuraglia.it\/wp-content\/uploads\/2022\/03\/Re-con-astuccio.jpg","datePublished":"2022-05-04T17:56:40+00:00","dateModified":"2025-02-12T17:10:20+00:00","description":"Capsule Collection, die vom Designer Pierpaolo Gaballo entworfen wurde. Kreativit\u00e4t, Oliven\u00f6l und Handwerkskunst zu 100% aus Apulien.","breadcrumb":{"@id":"https:\/\/dev.frantoiomuraglia.it\/de\/produkt\/keramikflasche-der-konig\/#breadcrumb"},"inLanguage":"de","potentialAction":[{"@type":"ReadAction","target":["https:\/\/dev.frantoiomuraglia.it\/de\/produkt\/keramikflasche-der-konig\/"]}]},{"@type":"ImageObject","inLanguage":"de","@id":"https:\/\/dev.frantoiomuraglia.it\/de\/produkt\/keramikflasche-der-konig\/#primaryimage","url":"https:\/\/dev.frantoiomuraglia.it\/wp-content\/uploads\/2022\/03\/Re-con-astuccio.jpg","contentUrl":"https:\/\/dev.frantoiomuraglia.it\/wp-content\/uploads\/2022\/03\/Re-con-astuccio.jpg","width":2180,"height":2294},{"@type":"BreadcrumbList","@id":"https:\/\/dev.frantoiomuraglia.it\/de\/produkt\/keramikflasche-der-konig\/#breadcrumb","itemListElement":[{"@type":"ListItem","position":1,"name":"Home","item":"https:\/\/dev.frantoiomuraglia.it\/de\/"},{"@type":"ListItem","position":2,"name":"Shop","item":"https:\/\/dev.frantoiomuraglia.it\/de\/shop\/"},{"@type":"ListItem","position":3,"name":"Keramikflasche Der K\u00f6nig"}]},{"@type":"WebSite","@id":"https:\/\/dev.frantoiomuraglia.it\/de\/#website","url":"https:\/\/dev.frantoiomuraglia.it\/de\/","name":"Frantoio Muraglia","description":"Just another WordPress site","publisher":{"@id":"https:\/\/dev.frantoiomuraglia.it\/de\/#organization"},"potentialAction":[{"@type":"SearchAction","target":{"@type":"EntryPoint","urlTemplate":"https:\/\/dev.frantoiomuraglia.it\/de\/?s={search_term_string}"},"query-input":{"@type":"PropertyValueSpecification","valueRequired":true,"valueName":"search_term_string"}}],"inLanguage":"de"},{"@type":"Organization","@id":"https:\/\/dev.frantoiomuraglia.it\/de\/#organization","name":"Frantoio Muraglia","url":"https:\/\/dev.frantoiomuraglia.it\/de\/","logo":{"@type":"ImageObject","inLanguage":"de","@id":"https:\/\/dev.frantoiomuraglia.it\/de\/#\/schema\/logo\/image\/","url":"https:\/\/www.frantoiomuraglia.it\/wp-content\/uploads\/2022\/06\/Logo-Frantoio-Muraglia-black-email.jpg","contentUrl":"https:\/\/www.frantoiomuraglia.it\/wp-content\/uploads\/2022\/06\/Logo-Frantoio-Muraglia-black-email.jpg","width":326,"height":150,"caption":"Frantoio Muraglia"},"image":{"@id":"https:\/\/dev.frantoiomuraglia.it\/de\/#\/schema\/logo\/image\/"}}]}},"_links":{"self":[{"href":"https:\/\/dev.frantoiomuraglia.it\/de\/wp-json\/wp\/v2\/product\/6497","targetHints":{"allow":["GET"]}}],"collection":[{"href":"https:\/\/dev.frantoiomuraglia.it\/de\/wp-json\/wp\/v2\/product"}],"about":[{"href":"https:\/\/dev.frantoiomuraglia.it\/de\/wp-json\/wp\/v2\/types\/product"}],"wp:featuredmedia":[{"embeddable":true,"href":"https:\/\/dev.frantoiomuraglia.it\/de\/wp-json\/wp\/v2\/media\/39771"}],"wp:attachment":[{"href":"https:\/\/dev.frantoiomuraglia.it\/de\/wp-json\/wp\/v2\/media?parent=6497"}],"wp:term":[{"taxonomy":"product_cat","embeddable":true,"href":"https:\/\/dev.frantoiomuraglia.it\/de\/wp-json\/wp\/v2\/product_cat?post=6497"},{"taxonomy":"product_tag","embeddable":true,"href":"https:\/\/dev.frantoiomuraglia.it\/de\/wp-json\/wp\/v2\/product_tag?post=6497"}],"curies":[{"name":"wp","href":"https:\/\/api.w.org\/{rel}","templated":true}]}}