{"id":6494,"date":"2022-03-24T14:01:57","date_gmt":"2022-05-04T17:19:13","guid":{"rendered":"https:\/\/dev.frantoiomuraglia.it\/product\/probier-und-geschenkpackung\/"},"modified":"2025-06-13T10:38:56","modified_gmt":"2025-06-13T08:38:56","slug":"probier-und-geschenkpackung","status":"publish","type":"product","link":"https:\/\/dev.frantoiomuraglia.it\/de\/produkt\/probier-und-geschenkpackung\/","title":{"rendered":"Probier- und Geschenkpackung"},"content":{"rendered":"<p>W\u00e4hlen Sie f\u00fcr Ihr Geschenk die perfekte Exzellenz f\u00fcr eine evo \u00d6lverkostung.<\/p>\n<p>Einzigartige Geschenkpackungen, die nur online erh\u00e4ltlich sind. Perfekt als Geschenkidee, um Eindruck zu hinterlassen und den Geschmack der \u00d6lm\u00fchle Frantoio Muraglia zu erleben. Qualit\u00e4t und Farbe, um den Tisch mit nativem Oliven\u00f6l extra zu bereichern und das Haus zu schm\u00fccken. Eine Idee f\u00fcr einen einfachen Geschenkkorb zu Weihnachten mit hochwertigen Produkten f\u00fcr ein Weihnachtsgeschenk, ein Firmengeschenk oder ein Geschenkset f\u00fcr verschiedene Anl\u00e4sse.<\/p>\n<p>Das Paket enth\u00e4lt:<\/p>\n<p>Regenbogen Dose 250 ml &#8211; Intensiv Fruchtig<\/p>\n<p>Regenbogen Dose 250 ml &#8211; Medium Fruchtig<\/p>\n<p>Essenza Bio-\u00d6l 250 ml<\/p>\n<p>2 Regenbogen-Keramikschalen, Durchmesser 8 cm.<\/p>\n<p>In einer Probierbox befinden sich zwei Packungen unserer nativen Oliven\u00f6le extra: eine 250-ml-Regenbogen-Dose mit intensiv-fruchtigem und eine mit mittel-fruchtigem Geschmack, zwei verschiedene Geschmacksrichtungen, die aus unterschiedlichen Olivenqualit\u00e4ten gewonnen werden, um die ganze Vielfalt eines handwerklich hergestellten \u00d6ls zu w\u00fcrdigen<\/p>\n<p>Zum Abschluss der Verkostung eine 250-ml-Flasche unseres Bio-\u00d6ls aus Coratina-Oliven. F\u00fcr einen Hauch von Farbe sorgt der Regenbogen, der zwei kleine, von Keramikern handgefertigte und bemalte Keramikschalen kennzeichnet, die sich perfekt zum Probieren von \u00d6l am Tisch oder zum Servieren guter Oliven eignen<\/p>\n","protected":false},"excerpt":{"rendered":"<p>W\u00e4hlen Sie f\u00fcr Ihr Geschenk die perfekte Exzellenz f\u00fcr eine evo \u00d6lverkostung. Einzigartige Geschenkpackungen, die nur online erh\u00e4ltlich sind. Perfekt als Geschenkidee, um Eindruck zu hinterlassen und den Geschmack der \u00d6lm\u00fchle Frantoio Muraglia zu erleben. Qualit\u00e4t und Farbe, um den Tisch mit nativem Oliven\u00f6l extra zu bereichern und das Haus zu schm\u00fccken. Eine Idee f\u00fcr [&hellip;]<\/p>\n","protected":false},"featured_media":39710,"template":"","meta":{"_acf_changed":false},"product_cat":[203],"product_tag":[293,303,308,310,312,219],"class_list":{"0":"post-6494","1":"product","2":"type-product","3":"status-publish","4":"has-post-thumbnail","6":"product_cat-geschenkideen","7":"product_tag-featured-de-2","8":"product_tag-gift-ideas-de-2","9":"product_tag-intense-variant-de","10":"product_tag-medium-variant-de","11":"product_tag-pitted-line-de","12":"product_tag-tpl_no_category-de","14":"first","15":"instock","16":"taxable","17":"shipping-taxable","18":"purchasable","19":"product-type-simple"},"acf":[],"yoast_head":"<!-- This site is optimized with the Yoast SEO plugin v26.8 - https:\/\/yoast.com\/product\/yoast-seo-wordpress\/ -->\n<title>Probier- und Geschenkpackung - Frantoio Muraglia<\/title>\n<meta name=\"description\" content=\"W\u00e4hlen Sie f\u00fcr Ihr Geschenk hervorragende Leistungen.\" \/>\n<meta name=\"robots\" content=\"noindex, follow, max-snippet:-1, max-image-preview:large, max-video-preview:-1\" \/>\n<meta property=\"og:locale\" content=\"de_DE\" \/>\n<meta property=\"og:type\" content=\"article\" \/>\n<meta property=\"og:title\" content=\"Probier- und Geschenkpackung - Frantoio Muraglia\" \/>\n<meta property=\"og:description\" content=\"W\u00e4hlen Sie f\u00fcr Ihr Geschenk hervorragende Leistungen.\" \/>\n<meta property=\"og:url\" content=\"https:\/\/dev.frantoiomuraglia.it\/de\/produkt\/probier-und-geschenkpackung\/\" \/>\n<meta property=\"og:site_name\" content=\"Frantoio Muraglia\" \/>\n<meta property=\"article:modified_time\" content=\"2025-06-13T08:38:56+00:00\" \/>\n<meta property=\"og:image\" content=\"https:\/\/dev.frantoiomuraglia.it\/wp-content\/uploads\/2022\/03\/pacco-degustazione-new-con-BIO.jpg\" \/>\n\t<meta property=\"og:image:width\" content=\"2180\" \/>\n\t<meta property=\"og:image:height\" content=\"2294\" \/>\n\t<meta property=\"og:image:type\" content=\"image\/jpeg\" \/>\n<meta name=\"twitter:card\" content=\"summary_large_image\" \/>\n<script type=\"application\/ld+json\" class=\"yoast-schema-graph\">{\"@context\":\"https:\/\/schema.org\",\"@graph\":[{\"@type\":\"WebPage\",\"@id\":\"https:\/\/dev.frantoiomuraglia.it\/de\/produkt\/probier-und-geschenkpackung\/\",\"url\":\"https:\/\/dev.frantoiomuraglia.it\/de\/produkt\/probier-und-geschenkpackung\/\",\"name\":\"Probier- und Geschenkpackung - Frantoio Muraglia\",\"isPartOf\":{\"@id\":\"https:\/\/dev.frantoiomuraglia.it\/de\/#website\"},\"primaryImageOfPage\":{\"@id\":\"https:\/\/dev.frantoiomuraglia.it\/de\/produkt\/probier-und-geschenkpackung\/#primaryimage\"},\"image\":{\"@id\":\"https:\/\/dev.frantoiomuraglia.it\/de\/produkt\/probier-und-geschenkpackung\/#primaryimage\"},\"thumbnailUrl\":\"https:\/\/dev.frantoiomuraglia.it\/wp-content\/uploads\/2022\/03\/pacco-degustazione-new-con-BIO.jpg\",\"datePublished\":\"2022-05-04T17:19:13+00:00\",\"dateModified\":\"2025-06-13T08:38:56+00:00\",\"description\":\"W\u00e4hlen Sie f\u00fcr Ihr Geschenk hervorragende Leistungen.\",\"breadcrumb\":{\"@id\":\"https:\/\/dev.frantoiomuraglia.it\/de\/produkt\/probier-und-geschenkpackung\/#breadcrumb\"},\"inLanguage\":\"de\",\"potentialAction\":[{\"@type\":\"ReadAction\",\"target\":[\"https:\/\/dev.frantoiomuraglia.it\/de\/produkt\/probier-und-geschenkpackung\/\"]}]},{\"@type\":\"ImageObject\",\"inLanguage\":\"de\",\"@id\":\"https:\/\/dev.frantoiomuraglia.it\/de\/produkt\/probier-und-geschenkpackung\/#primaryimage\",\"url\":\"https:\/\/dev.frantoiomuraglia.it\/wp-content\/uploads\/2022\/03\/pacco-degustazione-new-con-BIO.jpg\",\"contentUrl\":\"https:\/\/dev.frantoiomuraglia.it\/wp-content\/uploads\/2022\/03\/pacco-degustazione-new-con-BIO.jpg\",\"width\":2180,\"height\":2294},{\"@type\":\"BreadcrumbList\",\"@id\":\"https:\/\/dev.frantoiomuraglia.it\/de\/produkt\/probier-und-geschenkpackung\/#breadcrumb\",\"itemListElement\":[{\"@type\":\"ListItem\",\"position\":1,\"name\":\"Home\",\"item\":\"https:\/\/dev.frantoiomuraglia.it\/de\/\"},{\"@type\":\"ListItem\",\"position\":2,\"name\":\"Shop\",\"item\":\"https:\/\/dev.frantoiomuraglia.it\/de\/shop\/\"},{\"@type\":\"ListItem\",\"position\":3,\"name\":\"Probier- und Geschenkpackung\"}]},{\"@type\":\"WebSite\",\"@id\":\"https:\/\/dev.frantoiomuraglia.it\/de\/#website\",\"url\":\"https:\/\/dev.frantoiomuraglia.it\/de\/\",\"name\":\"Frantoio Muraglia\",\"description\":\"Just another WordPress site\",\"publisher\":{\"@id\":\"https:\/\/dev.frantoiomuraglia.it\/de\/#organization\"},\"potentialAction\":[{\"@type\":\"SearchAction\",\"target\":{\"@type\":\"EntryPoint\",\"urlTemplate\":\"https:\/\/dev.frantoiomuraglia.it\/de\/?s={search_term_string}\"},\"query-input\":{\"@type\":\"PropertyValueSpecification\",\"valueRequired\":true,\"valueName\":\"search_term_string\"}}],\"inLanguage\":\"de\"},{\"@type\":\"Organization\",\"@id\":\"https:\/\/dev.frantoiomuraglia.it\/de\/#organization\",\"name\":\"Frantoio Muraglia\",\"url\":\"https:\/\/dev.frantoiomuraglia.it\/de\/\",\"logo\":{\"@type\":\"ImageObject\",\"inLanguage\":\"de\",\"@id\":\"https:\/\/dev.frantoiomuraglia.it\/de\/#\/schema\/logo\/image\/\",\"url\":\"https:\/\/www.frantoiomuraglia.it\/wp-content\/uploads\/2022\/06\/Logo-Frantoio-Muraglia-black-email.jpg\",\"contentUrl\":\"https:\/\/www.frantoiomuraglia.it\/wp-content\/uploads\/2022\/06\/Logo-Frantoio-Muraglia-black-email.jpg\",\"width\":326,\"height\":150,\"caption\":\"Frantoio Muraglia\"},\"image\":{\"@id\":\"https:\/\/dev.frantoiomuraglia.it\/de\/#\/schema\/logo\/image\/\"}}]}<\/script>\n<!-- \/ Yoast SEO plugin. -->","yoast_head_json":{"title":"Probier- und Geschenkpackung - Frantoio Muraglia","description":"W\u00e4hlen Sie f\u00fcr Ihr Geschenk hervorragende Leistungen.","robots":{"index":"noindex","follow":"follow","max-snippet":"max-snippet:-1","max-image-preview":"max-image-preview:large","max-video-preview":"max-video-preview:-1"},"og_locale":"de_DE","og_type":"article","og_title":"Probier- und Geschenkpackung - Frantoio Muraglia","og_description":"W\u00e4hlen Sie f\u00fcr Ihr Geschenk hervorragende Leistungen.","og_url":"https:\/\/dev.frantoiomuraglia.it\/de\/produkt\/probier-und-geschenkpackung\/","og_site_name":"Frantoio Muraglia","article_modified_time":"2025-06-13T08:38:56+00:00","og_image":[{"width":2180,"height":2294,"url":"https:\/\/dev.frantoiomuraglia.it\/wp-content\/uploads\/2022\/03\/pacco-degustazione-new-con-BIO.jpg","type":"image\/jpeg"}],"twitter_card":"summary_large_image","schema":{"@context":"https:\/\/schema.org","@graph":[{"@type":"WebPage","@id":"https:\/\/dev.frantoiomuraglia.it\/de\/produkt\/probier-und-geschenkpackung\/","url":"https:\/\/dev.frantoiomuraglia.it\/de\/produkt\/probier-und-geschenkpackung\/","name":"Probier- und Geschenkpackung - Frantoio Muraglia","isPartOf":{"@id":"https:\/\/dev.frantoiomuraglia.it\/de\/#website"},"primaryImageOfPage":{"@id":"https:\/\/dev.frantoiomuraglia.it\/de\/produkt\/probier-und-geschenkpackung\/#primaryimage"},"image":{"@id":"https:\/\/dev.frantoiomuraglia.it\/de\/produkt\/probier-und-geschenkpackung\/#primaryimage"},"thumbnailUrl":"https:\/\/dev.frantoiomuraglia.it\/wp-content\/uploads\/2022\/03\/pacco-degustazione-new-con-BIO.jpg","datePublished":"2022-05-04T17:19:13+00:00","dateModified":"2025-06-13T08:38:56+00:00","description":"W\u00e4hlen Sie f\u00fcr Ihr Geschenk hervorragende Leistungen.","breadcrumb":{"@id":"https:\/\/dev.frantoiomuraglia.it\/de\/produkt\/probier-und-geschenkpackung\/#breadcrumb"},"inLanguage":"de","potentialAction":[{"@type":"ReadAction","target":["https:\/\/dev.frantoiomuraglia.it\/de\/produkt\/probier-und-geschenkpackung\/"]}]},{"@type":"ImageObject","inLanguage":"de","@id":"https:\/\/dev.frantoiomuraglia.it\/de\/produkt\/probier-und-geschenkpackung\/#primaryimage","url":"https:\/\/dev.frantoiomuraglia.it\/wp-content\/uploads\/2022\/03\/pacco-degustazione-new-con-BIO.jpg","contentUrl":"https:\/\/dev.frantoiomuraglia.it\/wp-content\/uploads\/2022\/03\/pacco-degustazione-new-con-BIO.jpg","width":2180,"height":2294},{"@type":"BreadcrumbList","@id":"https:\/\/dev.frantoiomuraglia.it\/de\/produkt\/probier-und-geschenkpackung\/#breadcrumb","itemListElement":[{"@type":"ListItem","position":1,"name":"Home","item":"https:\/\/dev.frantoiomuraglia.it\/de\/"},{"@type":"ListItem","position":2,"name":"Shop","item":"https:\/\/dev.frantoiomuraglia.it\/de\/shop\/"},{"@type":"ListItem","position":3,"name":"Probier- und Geschenkpackung"}]},{"@type":"WebSite","@id":"https:\/\/dev.frantoiomuraglia.it\/de\/#website","url":"https:\/\/dev.frantoiomuraglia.it\/de\/","name":"Frantoio Muraglia","description":"Just another WordPress site","publisher":{"@id":"https:\/\/dev.frantoiomuraglia.it\/de\/#organization"},"potentialAction":[{"@type":"SearchAction","target":{"@type":"EntryPoint","urlTemplate":"https:\/\/dev.frantoiomuraglia.it\/de\/?s={search_term_string}"},"query-input":{"@type":"PropertyValueSpecification","valueRequired":true,"valueName":"search_term_string"}}],"inLanguage":"de"},{"@type":"Organization","@id":"https:\/\/dev.frantoiomuraglia.it\/de\/#organization","name":"Frantoio Muraglia","url":"https:\/\/dev.frantoiomuraglia.it\/de\/","logo":{"@type":"ImageObject","inLanguage":"de","@id":"https:\/\/dev.frantoiomuraglia.it\/de\/#\/schema\/logo\/image\/","url":"https:\/\/www.frantoiomuraglia.it\/wp-content\/uploads\/2022\/06\/Logo-Frantoio-Muraglia-black-email.jpg","contentUrl":"https:\/\/www.frantoiomuraglia.it\/wp-content\/uploads\/2022\/06\/Logo-Frantoio-Muraglia-black-email.jpg","width":326,"height":150,"caption":"Frantoio Muraglia"},"image":{"@id":"https:\/\/dev.frantoiomuraglia.it\/de\/#\/schema\/logo\/image\/"}}]}},"_links":{"self":[{"href":"https:\/\/dev.frantoiomuraglia.it\/de\/wp-json\/wp\/v2\/product\/6494","targetHints":{"allow":["GET"]}}],"collection":[{"href":"https:\/\/dev.frantoiomuraglia.it\/de\/wp-json\/wp\/v2\/product"}],"about":[{"href":"https:\/\/dev.frantoiomuraglia.it\/de\/wp-json\/wp\/v2\/types\/product"}],"wp:featuredmedia":[{"embeddable":true,"href":"https:\/\/dev.frantoiomuraglia.it\/de\/wp-json\/wp\/v2\/media\/39710"}],"wp:attachment":[{"href":"https:\/\/dev.frantoiomuraglia.it\/de\/wp-json\/wp\/v2\/media?parent=6494"}],"wp:term":[{"taxonomy":"product_cat","embeddable":true,"href":"https:\/\/dev.frantoiomuraglia.it\/de\/wp-json\/wp\/v2\/product_cat?post=6494"},{"taxonomy":"product_tag","embeddable":true,"href":"https:\/\/dev.frantoiomuraglia.it\/de\/wp-json\/wp\/v2\/product_tag?post=6494"}],"curies":[{"name":"wp","href":"https:\/\/api.w.org\/{rel}","templated":true}]}}