{"id":6475,"date":"2022-03-24T14:03:13","date_gmt":"2022-05-04T11:19:49","guid":{"rendered":"https:\/\/dev.frantoiomuraglia.it\/product\/olivenoel-grand-cru-macchia-di-rose\/"},"modified":"2025-02-12T18:59:27","modified_gmt":"2025-02-12T16:59:27","slug":"olivenol-grand-cru-macchia-di-rose","status":"publish","type":"product","link":"https:\/\/dev.frantoiomuraglia.it\/de\/produkt\/olivenol-grand-cru-macchia-di-rose\/","title":{"rendered":"Oliven\u00f6l Grand Cru Macchia di Rose"},"content":{"rendered":"<p>Dieses native Oliven\u00f6l extra ist nach dem Olivenhain \u201eMacchia di Rose\u201c benannt, der aufgrund seiner besonderen Lage f\u00fcr diesen ersten Grand Cru aus der \u00d6lm\u00fchle Muraglia ausgew\u00e4hlt wurde. Sie stammt aus einem Terroir, das aufgrund seiner H\u00f6henlage und der Sonneneinstrahlung Coratina-Oliven von h\u00f6chster Qualit\u00e4t hervorbringt.<\/p>\n<p>Das erste Grand Cru aus Coratina-Oliven, um die enge Verbindung zur Region noch weiter zu st\u00e4rken. Es ist nach dem Olivenhain \u201eTenuta Macchia di Rose\u201c benannt, einem Fleckchen Erde in Apulien, aus dem eine limitierte und nummerierte Produktion von nur 3.000 Flaschen mit einem einzigartigen und wertvollen Inhalt entstanden ist.<\/p>\n<p>Ein intensiv-gr\u00fcnes \u00d6l mit goldenen Reflexen und Noten von Fenchel, Artischocke, Pfeffer und Heu.<\/p>\n<p><strong>Sch\u00e4rfe<\/strong>: leicht pikant \/ mittel pikant \/ <strong>sehr pikant<\/strong><br \/>\n<strong>Bitter<\/strong>: mild \/ <strong>mittel<\/strong> \/ intensiv<br \/>\n<strong>Fruchtigkeit<\/strong>: leicht \/ mittel \/ <strong>intensiv<\/strong><br \/>\n<strong>Ausgewogenheit<\/strong>: leicht \/ mittel \/ <strong>ausgewogen<\/strong><\/p>\n","protected":false},"excerpt":{"rendered":"<p>Dieses native Oliven\u00f6l extra ist nach dem Olivenhain \u201eMacchia di Rose\u201c benannt, der aufgrund seiner besonderen Lage f\u00fcr diesen ersten Grand Cru aus der \u00d6lm\u00fchle Muraglia ausgew\u00e4hlt wurde. Sie stammt aus einem Terroir, das aufgrund seiner H\u00f6henlage und der Sonneneinstrahlung Coratina-Oliven von h\u00f6chster Qualit\u00e4t hervorbringt. Das erste Grand Cru aus Coratina-Oliven, um die enge Verbindung [&hellip;]<\/p>\n","protected":false},"featured_media":5897,"template":"","meta":{"_acf_changed":false},"product_cat":[172,142,382],"product_tag":[316,293,198,197,147],"class_list":{"0":"post-6475","1":"product","2":"type-product","3":"status-publish","4":"has-post-thumbnail","6":"product_cat-flaschen","7":"product_cat-upsell_shopper-de","8":"product_cat-essenza-de","9":"product_tag-essence-de","10":"product_tag-featured-de-2","11":"product_tag-tpl_grand_cru-de","12":"product_tag-typologie-grand-cru","13":"product_tag-upsell_shopper-de","15":"first","16":"instock","17":"taxable","18":"shipping-taxable","19":"purchasable","20":"product-type-simple"},"acf":[],"yoast_head":"<!-- This site is optimized with the Yoast SEO plugin v26.8 - https:\/\/yoast.com\/product\/yoast-seo-wordpress\/ -->\n<title>Oliven\u00f6l Grand Cru Macchia di Rose - Frantoio Muraglia<\/title>\n<meta name=\"description\" content=\"Sie stammt aus einem Terroir, das aufgrund seiner H\u00f6henlage und der Sonneneinstrahlung Coratina-Oliven von h\u00f6chster Qualit\u00e4t hervorbringt.\" \/>\n<meta name=\"robots\" content=\"noindex, follow, max-snippet:-1, max-image-preview:large, max-video-preview:-1\" \/>\n<meta property=\"og:locale\" content=\"de_DE\" \/>\n<meta property=\"og:type\" content=\"article\" \/>\n<meta property=\"og:title\" content=\"Oliven\u00f6l Grand Cru Macchia di Rose - Frantoio Muraglia\" \/>\n<meta property=\"og:description\" content=\"Sie stammt aus einem Terroir, das aufgrund seiner H\u00f6henlage und der Sonneneinstrahlung Coratina-Oliven von h\u00f6chster Qualit\u00e4t hervorbringt.\" \/>\n<meta property=\"og:url\" content=\"https:\/\/dev.frantoiomuraglia.it\/de\/produkt\/olivenol-grand-cru-macchia-di-rose\/\" \/>\n<meta property=\"og:site_name\" content=\"Frantoio Muraglia\" \/>\n<meta property=\"article:modified_time\" content=\"2025-02-12T16:59:27+00:00\" \/>\n<meta property=\"og:image\" content=\"https:\/\/dev.frantoiomuraglia.it\/wp-content\/uploads\/2022\/03\/Olio-Grand-Cru-Macchia-di-Rose-3-1.jpg\" \/>\n\t<meta property=\"og:image:width\" content=\"2180\" \/>\n\t<meta property=\"og:image:height\" content=\"2294\" \/>\n\t<meta property=\"og:image:type\" content=\"image\/jpeg\" \/>\n<meta name=\"twitter:card\" content=\"summary_large_image\" \/>\n<script type=\"application\/ld+json\" class=\"yoast-schema-graph\">{\"@context\":\"https:\/\/schema.org\",\"@graph\":[{\"@type\":\"WebPage\",\"@id\":\"https:\/\/dev.frantoiomuraglia.it\/de\/produkt\/olivenol-grand-cru-macchia-di-rose\/\",\"url\":\"https:\/\/dev.frantoiomuraglia.it\/de\/produkt\/olivenol-grand-cru-macchia-di-rose\/\",\"name\":\"Oliven\u00f6l Grand Cru Macchia di Rose - Frantoio Muraglia\",\"isPartOf\":{\"@id\":\"https:\/\/dev.frantoiomuraglia.it\/de\/#website\"},\"primaryImageOfPage\":{\"@id\":\"https:\/\/dev.frantoiomuraglia.it\/de\/produkt\/olivenol-grand-cru-macchia-di-rose\/#primaryimage\"},\"image\":{\"@id\":\"https:\/\/dev.frantoiomuraglia.it\/de\/produkt\/olivenol-grand-cru-macchia-di-rose\/#primaryimage\"},\"thumbnailUrl\":\"https:\/\/dev.frantoiomuraglia.it\/wp-content\/uploads\/2022\/03\/Olio-Grand-Cru-Macchia-di-Rose-3-1.jpg\",\"datePublished\":\"2022-05-04T11:19:49+00:00\",\"dateModified\":\"2025-02-12T16:59:27+00:00\",\"description\":\"Sie stammt aus einem Terroir, das aufgrund seiner H\u00f6henlage und der Sonneneinstrahlung Coratina-Oliven von h\u00f6chster Qualit\u00e4t hervorbringt.\",\"breadcrumb\":{\"@id\":\"https:\/\/dev.frantoiomuraglia.it\/de\/produkt\/olivenol-grand-cru-macchia-di-rose\/#breadcrumb\"},\"inLanguage\":\"de\",\"potentialAction\":[{\"@type\":\"ReadAction\",\"target\":[\"https:\/\/dev.frantoiomuraglia.it\/de\/produkt\/olivenol-grand-cru-macchia-di-rose\/\"]}]},{\"@type\":\"ImageObject\",\"inLanguage\":\"de\",\"@id\":\"https:\/\/dev.frantoiomuraglia.it\/de\/produkt\/olivenol-grand-cru-macchia-di-rose\/#primaryimage\",\"url\":\"https:\/\/dev.frantoiomuraglia.it\/wp-content\/uploads\/2022\/03\/Olio-Grand-Cru-Macchia-di-Rose-3-1.jpg\",\"contentUrl\":\"https:\/\/dev.frantoiomuraglia.it\/wp-content\/uploads\/2022\/03\/Olio-Grand-Cru-Macchia-di-Rose-3-1.jpg\",\"width\":2180,\"height\":2294},{\"@type\":\"BreadcrumbList\",\"@id\":\"https:\/\/dev.frantoiomuraglia.it\/de\/produkt\/olivenol-grand-cru-macchia-di-rose\/#breadcrumb\",\"itemListElement\":[{\"@type\":\"ListItem\",\"position\":1,\"name\":\"Home\",\"item\":\"https:\/\/dev.frantoiomuraglia.it\/de\/\"},{\"@type\":\"ListItem\",\"position\":2,\"name\":\"Shop\",\"item\":\"https:\/\/dev.frantoiomuraglia.it\/de\/shop\/\"},{\"@type\":\"ListItem\",\"position\":3,\"name\":\"Oliven\u00f6l Grand Cru Macchia di Rose\"}]},{\"@type\":\"WebSite\",\"@id\":\"https:\/\/dev.frantoiomuraglia.it\/de\/#website\",\"url\":\"https:\/\/dev.frantoiomuraglia.it\/de\/\",\"name\":\"Frantoio Muraglia\",\"description\":\"Just another WordPress site\",\"publisher\":{\"@id\":\"https:\/\/dev.frantoiomuraglia.it\/de\/#organization\"},\"potentialAction\":[{\"@type\":\"SearchAction\",\"target\":{\"@type\":\"EntryPoint\",\"urlTemplate\":\"https:\/\/dev.frantoiomuraglia.it\/de\/?s={search_term_string}\"},\"query-input\":{\"@type\":\"PropertyValueSpecification\",\"valueRequired\":true,\"valueName\":\"search_term_string\"}}],\"inLanguage\":\"de\"},{\"@type\":\"Organization\",\"@id\":\"https:\/\/dev.frantoiomuraglia.it\/de\/#organization\",\"name\":\"Frantoio Muraglia\",\"url\":\"https:\/\/dev.frantoiomuraglia.it\/de\/\",\"logo\":{\"@type\":\"ImageObject\",\"inLanguage\":\"de\",\"@id\":\"https:\/\/dev.frantoiomuraglia.it\/de\/#\/schema\/logo\/image\/\",\"url\":\"https:\/\/www.frantoiomuraglia.it\/wp-content\/uploads\/2022\/06\/Logo-Frantoio-Muraglia-black-email.jpg\",\"contentUrl\":\"https:\/\/www.frantoiomuraglia.it\/wp-content\/uploads\/2022\/06\/Logo-Frantoio-Muraglia-black-email.jpg\",\"width\":326,\"height\":150,\"caption\":\"Frantoio Muraglia\"},\"image\":{\"@id\":\"https:\/\/dev.frantoiomuraglia.it\/de\/#\/schema\/logo\/image\/\"}}]}<\/script>\n<!-- \/ Yoast SEO plugin. -->","yoast_head_json":{"title":"Oliven\u00f6l Grand Cru Macchia di Rose - Frantoio Muraglia","description":"Sie stammt aus einem Terroir, das aufgrund seiner H\u00f6henlage und der Sonneneinstrahlung Coratina-Oliven von h\u00f6chster Qualit\u00e4t hervorbringt.","robots":{"index":"noindex","follow":"follow","max-snippet":"max-snippet:-1","max-image-preview":"max-image-preview:large","max-video-preview":"max-video-preview:-1"},"og_locale":"de_DE","og_type":"article","og_title":"Oliven\u00f6l Grand Cru Macchia di Rose - Frantoio Muraglia","og_description":"Sie stammt aus einem Terroir, das aufgrund seiner H\u00f6henlage und der Sonneneinstrahlung Coratina-Oliven von h\u00f6chster Qualit\u00e4t hervorbringt.","og_url":"https:\/\/dev.frantoiomuraglia.it\/de\/produkt\/olivenol-grand-cru-macchia-di-rose\/","og_site_name":"Frantoio Muraglia","article_modified_time":"2025-02-12T16:59:27+00:00","og_image":[{"width":2180,"height":2294,"url":"https:\/\/dev.frantoiomuraglia.it\/wp-content\/uploads\/2022\/03\/Olio-Grand-Cru-Macchia-di-Rose-3-1.jpg","type":"image\/jpeg"}],"twitter_card":"summary_large_image","schema":{"@context":"https:\/\/schema.org","@graph":[{"@type":"WebPage","@id":"https:\/\/dev.frantoiomuraglia.it\/de\/produkt\/olivenol-grand-cru-macchia-di-rose\/","url":"https:\/\/dev.frantoiomuraglia.it\/de\/produkt\/olivenol-grand-cru-macchia-di-rose\/","name":"Oliven\u00f6l Grand Cru Macchia di Rose - Frantoio Muraglia","isPartOf":{"@id":"https:\/\/dev.frantoiomuraglia.it\/de\/#website"},"primaryImageOfPage":{"@id":"https:\/\/dev.frantoiomuraglia.it\/de\/produkt\/olivenol-grand-cru-macchia-di-rose\/#primaryimage"},"image":{"@id":"https:\/\/dev.frantoiomuraglia.it\/de\/produkt\/olivenol-grand-cru-macchia-di-rose\/#primaryimage"},"thumbnailUrl":"https:\/\/dev.frantoiomuraglia.it\/wp-content\/uploads\/2022\/03\/Olio-Grand-Cru-Macchia-di-Rose-3-1.jpg","datePublished":"2022-05-04T11:19:49+00:00","dateModified":"2025-02-12T16:59:27+00:00","description":"Sie stammt aus einem Terroir, das aufgrund seiner H\u00f6henlage und der Sonneneinstrahlung Coratina-Oliven von h\u00f6chster Qualit\u00e4t hervorbringt.","breadcrumb":{"@id":"https:\/\/dev.frantoiomuraglia.it\/de\/produkt\/olivenol-grand-cru-macchia-di-rose\/#breadcrumb"},"inLanguage":"de","potentialAction":[{"@type":"ReadAction","target":["https:\/\/dev.frantoiomuraglia.it\/de\/produkt\/olivenol-grand-cru-macchia-di-rose\/"]}]},{"@type":"ImageObject","inLanguage":"de","@id":"https:\/\/dev.frantoiomuraglia.it\/de\/produkt\/olivenol-grand-cru-macchia-di-rose\/#primaryimage","url":"https:\/\/dev.frantoiomuraglia.it\/wp-content\/uploads\/2022\/03\/Olio-Grand-Cru-Macchia-di-Rose-3-1.jpg","contentUrl":"https:\/\/dev.frantoiomuraglia.it\/wp-content\/uploads\/2022\/03\/Olio-Grand-Cru-Macchia-di-Rose-3-1.jpg","width":2180,"height":2294},{"@type":"BreadcrumbList","@id":"https:\/\/dev.frantoiomuraglia.it\/de\/produkt\/olivenol-grand-cru-macchia-di-rose\/#breadcrumb","itemListElement":[{"@type":"ListItem","position":1,"name":"Home","item":"https:\/\/dev.frantoiomuraglia.it\/de\/"},{"@type":"ListItem","position":2,"name":"Shop","item":"https:\/\/dev.frantoiomuraglia.it\/de\/shop\/"},{"@type":"ListItem","position":3,"name":"Oliven\u00f6l Grand Cru Macchia di Rose"}]},{"@type":"WebSite","@id":"https:\/\/dev.frantoiomuraglia.it\/de\/#website","url":"https:\/\/dev.frantoiomuraglia.it\/de\/","name":"Frantoio Muraglia","description":"Just another WordPress site","publisher":{"@id":"https:\/\/dev.frantoiomuraglia.it\/de\/#organization"},"potentialAction":[{"@type":"SearchAction","target":{"@type":"EntryPoint","urlTemplate":"https:\/\/dev.frantoiomuraglia.it\/de\/?s={search_term_string}"},"query-input":{"@type":"PropertyValueSpecification","valueRequired":true,"valueName":"search_term_string"}}],"inLanguage":"de"},{"@type":"Organization","@id":"https:\/\/dev.frantoiomuraglia.it\/de\/#organization","name":"Frantoio Muraglia","url":"https:\/\/dev.frantoiomuraglia.it\/de\/","logo":{"@type":"ImageObject","inLanguage":"de","@id":"https:\/\/dev.frantoiomuraglia.it\/de\/#\/schema\/logo\/image\/","url":"https:\/\/www.frantoiomuraglia.it\/wp-content\/uploads\/2022\/06\/Logo-Frantoio-Muraglia-black-email.jpg","contentUrl":"https:\/\/www.frantoiomuraglia.it\/wp-content\/uploads\/2022\/06\/Logo-Frantoio-Muraglia-black-email.jpg","width":326,"height":150,"caption":"Frantoio Muraglia"},"image":{"@id":"https:\/\/dev.frantoiomuraglia.it\/de\/#\/schema\/logo\/image\/"}}]}},"_links":{"self":[{"href":"https:\/\/dev.frantoiomuraglia.it\/de\/wp-json\/wp\/v2\/product\/6475","targetHints":{"allow":["GET"]}}],"collection":[{"href":"https:\/\/dev.frantoiomuraglia.it\/de\/wp-json\/wp\/v2\/product"}],"about":[{"href":"https:\/\/dev.frantoiomuraglia.it\/de\/wp-json\/wp\/v2\/types\/product"}],"wp:featuredmedia":[{"embeddable":true,"href":"https:\/\/dev.frantoiomuraglia.it\/de\/wp-json\/wp\/v2\/media\/5897"}],"wp:attachment":[{"href":"https:\/\/dev.frantoiomuraglia.it\/de\/wp-json\/wp\/v2\/media?parent=6475"}],"wp:term":[{"taxonomy":"product_cat","embeddable":true,"href":"https:\/\/dev.frantoiomuraglia.it\/de\/wp-json\/wp\/v2\/product_cat?post=6475"},{"taxonomy":"product_tag","embeddable":true,"href":"https:\/\/dev.frantoiomuraglia.it\/de\/wp-json\/wp\/v2\/product_tag?post=6475"}],"curies":[{"name":"wp","href":"https:\/\/api.w.org\/{rel}","templated":true}]}}