{"id":6465,"date":"2022-03-24T14:06:17","date_gmt":"2022-05-04T09:26:51","guid":{"rendered":"https:\/\/dev.frantoiomuraglia.it\/product\/intensiv-fruchtiges-olivenoel-500-ml\/"},"modified":"2025-02-12T18:52:10","modified_gmt":"2025-02-12T16:52:10","slug":"intensiv-fruchtiges-500ml","status":"publish","type":"product","link":"https:\/\/dev.frantoiomuraglia.it\/de\/produkt\/intensiv-fruchtiges-500ml\/","title":{"rendered":"Intensiv Fruchtiges Oliven\u00f6l 500 ml"},"content":{"rendered":"<p>&#8222;Essenza&#8220; Intensiv Fruchtiges ist ein natives Oliven\u00f6l extra mit Monokultivar, das aus Coratina-Oliven gewonnen wird. Natives Oliven\u00f6l extra mit dem kr\u00e4ftigen und authentischen Geschmack.<\/p>\n<div class=\"elementor-element elementor-element-c8ff3e3 elementor-widget elementor-widget-text-editor\" data-id=\"c8ff3e3\" data-element_type=\"widget\" data-widget_type=\"text-editor.default\">\n<div class=\"elementor-widget-container\">\n<p>Intensives Gr\u00fcn mit goldenen Reflexen. Mit Aromen von Dill, Fenchel, Artischocke, Pfeffer und Heu. Im Mund hinterl\u00e4sst es einen angenehm pikanten Geschmack.<\/p>\n<p>\u201cEssenz\u201d Intensiv Fruchtiges natives Oliven\u00f6l extra, das ausschlie\u00dflich aus in Apulien angebauten Oliven der Sorte Coratina hergestellt wird. Die edle Struktur des \u00d6ls kommt durch die Noten von Kohldisteln und Artischockenbl\u00e4ttern zum Ausdruck. Der Gaumen wird langsam von den f\u00fcr diese Sorte typischen pikanten Geschmacksnoten umh\u00fcllt.<\/p>\n<p>Mit der Linie \u201eEssenza\u201c kehrt die \u00d6lm\u00fchle Frantoio Muraglia zur wesentlichen Essenz zur\u00fcck, f\u00fcr die sie seit jeher arbeitet: Oliven\u00f6l. Essenz steht f\u00fcr das beste native Oliven\u00f6l extra von h\u00f6chster Qualit\u00e4t in einer eleganten und f\u00fcr jeden zug\u00e4nglichen Gourmet-Konfektion.<\/p>\n<\/div>\n<\/div>\n","protected":false},"excerpt":{"rendered":"<p>&#8222;Essenza&#8220; Intensiv Fruchtiges ist ein natives Oliven\u00f6l extra mit Monokultivar, das aus Coratina-Oliven gewonnen wird. Natives Oliven\u00f6l extra mit dem kr\u00e4ftigen und authentischen Geschmack. Intensives Gr\u00fcn mit goldenen Reflexen. Mit Aromen von Dill, Fenchel, Artischocke, Pfeffer und Heu. Im Mund hinterl\u00e4sst es einen angenehm pikanten Geschmack. \u201cEssenz\u201d Intensiv Fruchtiges natives Oliven\u00f6l extra, das ausschlie\u00dflich aus [&hellip;]<\/p>\n","protected":false},"featured_media":33399,"template":"","meta":{"_acf_changed":false},"product_cat":[172,179,142,382],"product_tag":[441,316,293,308,180,147],"class_list":{"0":"post-6465","1":"product","2":"type-product","3":"status-publish","4":"has-post-thumbnail","6":"product_cat-flaschen","7":"product_cat-upsell_astuccio_essenza-de","8":"product_cat-upsell_shopper-de","9":"product_cat-essenza-de","10":"product_tag-elixier-fuer-ein-langes-leben","11":"product_tag-essence-de","12":"product_tag-featured-de-2","13":"product_tag-intense-variant-de","14":"product_tag-tpl_intensiv_fruchtiges","15":"product_tag-upsell_shopper-de","17":"first","18":"instock","19":"taxable","20":"shipping-taxable","21":"purchasable","22":"product-type-simple"},"acf":[],"yoast_head":"<!-- This site is optimized with the Yoast SEO plugin v26.8 - https:\/\/yoast.com\/product\/yoast-seo-wordpress\/ -->\n<title>Intensiv Fruchtiges Oliven\u00f6l 500 ml - Frantoio Muraglia<\/title>\n<meta name=\"description\" content=\"\u201eEssenza\u201c ist ein Intensiv Fruchtiges natives Oliven\u00f6l extra, das ausschlie\u00dflich aus in Apulien angebauten Oliven der Sorte Coratina hergestellt wird.\" \/>\n<meta name=\"robots\" content=\"noindex, follow, max-snippet:-1, max-image-preview:large, max-video-preview:-1\" \/>\n<meta property=\"og:locale\" content=\"de_DE\" \/>\n<meta property=\"og:type\" content=\"article\" \/>\n<meta property=\"og:title\" content=\"Intensiv Fruchtiges Oliven\u00f6l 500 ml - Frantoio Muraglia\" \/>\n<meta property=\"og:description\" content=\"\u201eEssenza\u201c ist ein Intensiv Fruchtiges natives Oliven\u00f6l extra, das ausschlie\u00dflich aus in Apulien angebauten Oliven der Sorte Coratina hergestellt wird.\" \/>\n<meta property=\"og:url\" content=\"https:\/\/dev.frantoiomuraglia.it\/de\/produkt\/intensiv-fruchtiges-500ml\/\" \/>\n<meta property=\"og:site_name\" content=\"Frantoio Muraglia\" \/>\n<meta property=\"article:modified_time\" content=\"2025-02-12T16:52:10+00:00\" \/>\n<meta property=\"og:image\" content=\"https:\/\/dev.frantoiomuraglia.it\/wp-content\/uploads\/2022\/03\/intenso-500.jpg\" \/>\n\t<meta property=\"og:image:width\" content=\"2180\" \/>\n\t<meta property=\"og:image:height\" content=\"2294\" \/>\n\t<meta property=\"og:image:type\" content=\"image\/jpeg\" \/>\n<meta name=\"twitter:card\" content=\"summary_large_image\" \/>\n<script type=\"application\/ld+json\" class=\"yoast-schema-graph\">{\"@context\":\"https:\/\/schema.org\",\"@graph\":[{\"@type\":\"WebPage\",\"@id\":\"https:\/\/dev.frantoiomuraglia.it\/de\/produkt\/intensiv-fruchtiges-500ml\/\",\"url\":\"https:\/\/dev.frantoiomuraglia.it\/de\/produkt\/intensiv-fruchtiges-500ml\/\",\"name\":\"Intensiv Fruchtiges Oliven\u00f6l 500 ml - Frantoio Muraglia\",\"isPartOf\":{\"@id\":\"https:\/\/dev.frantoiomuraglia.it\/de\/#website\"},\"primaryImageOfPage\":{\"@id\":\"https:\/\/dev.frantoiomuraglia.it\/de\/produkt\/intensiv-fruchtiges-500ml\/#primaryimage\"},\"image\":{\"@id\":\"https:\/\/dev.frantoiomuraglia.it\/de\/produkt\/intensiv-fruchtiges-500ml\/#primaryimage\"},\"thumbnailUrl\":\"https:\/\/dev.frantoiomuraglia.it\/wp-content\/uploads\/2022\/03\/intenso-500.jpg\",\"datePublished\":\"2022-05-04T09:26:51+00:00\",\"dateModified\":\"2025-02-12T16:52:10+00:00\",\"description\":\"\u201eEssenza\u201c ist ein Intensiv Fruchtiges natives Oliven\u00f6l extra, das ausschlie\u00dflich aus in Apulien angebauten Oliven der Sorte Coratina hergestellt wird.\",\"breadcrumb\":{\"@id\":\"https:\/\/dev.frantoiomuraglia.it\/de\/produkt\/intensiv-fruchtiges-500ml\/#breadcrumb\"},\"inLanguage\":\"de\",\"potentialAction\":[{\"@type\":\"ReadAction\",\"target\":[\"https:\/\/dev.frantoiomuraglia.it\/de\/produkt\/intensiv-fruchtiges-500ml\/\"]}]},{\"@type\":\"ImageObject\",\"inLanguage\":\"de\",\"@id\":\"https:\/\/dev.frantoiomuraglia.it\/de\/produkt\/intensiv-fruchtiges-500ml\/#primaryimage\",\"url\":\"https:\/\/dev.frantoiomuraglia.it\/wp-content\/uploads\/2022\/03\/intenso-500.jpg\",\"contentUrl\":\"https:\/\/dev.frantoiomuraglia.it\/wp-content\/uploads\/2022\/03\/intenso-500.jpg\",\"width\":2180,\"height\":2294},{\"@type\":\"BreadcrumbList\",\"@id\":\"https:\/\/dev.frantoiomuraglia.it\/de\/produkt\/intensiv-fruchtiges-500ml\/#breadcrumb\",\"itemListElement\":[{\"@type\":\"ListItem\",\"position\":1,\"name\":\"Home\",\"item\":\"https:\/\/dev.frantoiomuraglia.it\/de\/\"},{\"@type\":\"ListItem\",\"position\":2,\"name\":\"Shop\",\"item\":\"https:\/\/dev.frantoiomuraglia.it\/de\/shop\/\"},{\"@type\":\"ListItem\",\"position\":3,\"name\":\"Intensiv Fruchtiges Oliven\u00f6l 500 ml\"}]},{\"@type\":\"WebSite\",\"@id\":\"https:\/\/dev.frantoiomuraglia.it\/de\/#website\",\"url\":\"https:\/\/dev.frantoiomuraglia.it\/de\/\",\"name\":\"Frantoio Muraglia\",\"description\":\"Just another WordPress site\",\"publisher\":{\"@id\":\"https:\/\/dev.frantoiomuraglia.it\/de\/#organization\"},\"potentialAction\":[{\"@type\":\"SearchAction\",\"target\":{\"@type\":\"EntryPoint\",\"urlTemplate\":\"https:\/\/dev.frantoiomuraglia.it\/de\/?s={search_term_string}\"},\"query-input\":{\"@type\":\"PropertyValueSpecification\",\"valueRequired\":true,\"valueName\":\"search_term_string\"}}],\"inLanguage\":\"de\"},{\"@type\":\"Organization\",\"@id\":\"https:\/\/dev.frantoiomuraglia.it\/de\/#organization\",\"name\":\"Frantoio Muraglia\",\"url\":\"https:\/\/dev.frantoiomuraglia.it\/de\/\",\"logo\":{\"@type\":\"ImageObject\",\"inLanguage\":\"de\",\"@id\":\"https:\/\/dev.frantoiomuraglia.it\/de\/#\/schema\/logo\/image\/\",\"url\":\"https:\/\/www.frantoiomuraglia.it\/wp-content\/uploads\/2022\/06\/Logo-Frantoio-Muraglia-black-email.jpg\",\"contentUrl\":\"https:\/\/www.frantoiomuraglia.it\/wp-content\/uploads\/2022\/06\/Logo-Frantoio-Muraglia-black-email.jpg\",\"width\":326,\"height\":150,\"caption\":\"Frantoio Muraglia\"},\"image\":{\"@id\":\"https:\/\/dev.frantoiomuraglia.it\/de\/#\/schema\/logo\/image\/\"}}]}<\/script>\n<!-- \/ Yoast SEO plugin. -->","yoast_head_json":{"title":"Intensiv Fruchtiges Oliven\u00f6l 500 ml - Frantoio Muraglia","description":"\u201eEssenza\u201c ist ein Intensiv Fruchtiges natives Oliven\u00f6l extra, das ausschlie\u00dflich aus in Apulien angebauten Oliven der Sorte Coratina hergestellt wird.","robots":{"index":"noindex","follow":"follow","max-snippet":"max-snippet:-1","max-image-preview":"max-image-preview:large","max-video-preview":"max-video-preview:-1"},"og_locale":"de_DE","og_type":"article","og_title":"Intensiv Fruchtiges Oliven\u00f6l 500 ml - Frantoio Muraglia","og_description":"\u201eEssenza\u201c ist ein Intensiv Fruchtiges natives Oliven\u00f6l extra, das ausschlie\u00dflich aus in Apulien angebauten Oliven der Sorte Coratina hergestellt wird.","og_url":"https:\/\/dev.frantoiomuraglia.it\/de\/produkt\/intensiv-fruchtiges-500ml\/","og_site_name":"Frantoio Muraglia","article_modified_time":"2025-02-12T16:52:10+00:00","og_image":[{"width":2180,"height":2294,"url":"https:\/\/dev.frantoiomuraglia.it\/wp-content\/uploads\/2022\/03\/intenso-500.jpg","type":"image\/jpeg"}],"twitter_card":"summary_large_image","schema":{"@context":"https:\/\/schema.org","@graph":[{"@type":"WebPage","@id":"https:\/\/dev.frantoiomuraglia.it\/de\/produkt\/intensiv-fruchtiges-500ml\/","url":"https:\/\/dev.frantoiomuraglia.it\/de\/produkt\/intensiv-fruchtiges-500ml\/","name":"Intensiv Fruchtiges Oliven\u00f6l 500 ml - Frantoio Muraglia","isPartOf":{"@id":"https:\/\/dev.frantoiomuraglia.it\/de\/#website"},"primaryImageOfPage":{"@id":"https:\/\/dev.frantoiomuraglia.it\/de\/produkt\/intensiv-fruchtiges-500ml\/#primaryimage"},"image":{"@id":"https:\/\/dev.frantoiomuraglia.it\/de\/produkt\/intensiv-fruchtiges-500ml\/#primaryimage"},"thumbnailUrl":"https:\/\/dev.frantoiomuraglia.it\/wp-content\/uploads\/2022\/03\/intenso-500.jpg","datePublished":"2022-05-04T09:26:51+00:00","dateModified":"2025-02-12T16:52:10+00:00","description":"\u201eEssenza\u201c ist ein Intensiv Fruchtiges natives Oliven\u00f6l extra, das ausschlie\u00dflich aus in Apulien angebauten Oliven der Sorte Coratina hergestellt wird.","breadcrumb":{"@id":"https:\/\/dev.frantoiomuraglia.it\/de\/produkt\/intensiv-fruchtiges-500ml\/#breadcrumb"},"inLanguage":"de","potentialAction":[{"@type":"ReadAction","target":["https:\/\/dev.frantoiomuraglia.it\/de\/produkt\/intensiv-fruchtiges-500ml\/"]}]},{"@type":"ImageObject","inLanguage":"de","@id":"https:\/\/dev.frantoiomuraglia.it\/de\/produkt\/intensiv-fruchtiges-500ml\/#primaryimage","url":"https:\/\/dev.frantoiomuraglia.it\/wp-content\/uploads\/2022\/03\/intenso-500.jpg","contentUrl":"https:\/\/dev.frantoiomuraglia.it\/wp-content\/uploads\/2022\/03\/intenso-500.jpg","width":2180,"height":2294},{"@type":"BreadcrumbList","@id":"https:\/\/dev.frantoiomuraglia.it\/de\/produkt\/intensiv-fruchtiges-500ml\/#breadcrumb","itemListElement":[{"@type":"ListItem","position":1,"name":"Home","item":"https:\/\/dev.frantoiomuraglia.it\/de\/"},{"@type":"ListItem","position":2,"name":"Shop","item":"https:\/\/dev.frantoiomuraglia.it\/de\/shop\/"},{"@type":"ListItem","position":3,"name":"Intensiv Fruchtiges Oliven\u00f6l 500 ml"}]},{"@type":"WebSite","@id":"https:\/\/dev.frantoiomuraglia.it\/de\/#website","url":"https:\/\/dev.frantoiomuraglia.it\/de\/","name":"Frantoio Muraglia","description":"Just another WordPress site","publisher":{"@id":"https:\/\/dev.frantoiomuraglia.it\/de\/#organization"},"potentialAction":[{"@type":"SearchAction","target":{"@type":"EntryPoint","urlTemplate":"https:\/\/dev.frantoiomuraglia.it\/de\/?s={search_term_string}"},"query-input":{"@type":"PropertyValueSpecification","valueRequired":true,"valueName":"search_term_string"}}],"inLanguage":"de"},{"@type":"Organization","@id":"https:\/\/dev.frantoiomuraglia.it\/de\/#organization","name":"Frantoio Muraglia","url":"https:\/\/dev.frantoiomuraglia.it\/de\/","logo":{"@type":"ImageObject","inLanguage":"de","@id":"https:\/\/dev.frantoiomuraglia.it\/de\/#\/schema\/logo\/image\/","url":"https:\/\/www.frantoiomuraglia.it\/wp-content\/uploads\/2022\/06\/Logo-Frantoio-Muraglia-black-email.jpg","contentUrl":"https:\/\/www.frantoiomuraglia.it\/wp-content\/uploads\/2022\/06\/Logo-Frantoio-Muraglia-black-email.jpg","width":326,"height":150,"caption":"Frantoio Muraglia"},"image":{"@id":"https:\/\/dev.frantoiomuraglia.it\/de\/#\/schema\/logo\/image\/"}}]}},"_links":{"self":[{"href":"https:\/\/dev.frantoiomuraglia.it\/de\/wp-json\/wp\/v2\/product\/6465","targetHints":{"allow":["GET"]}}],"collection":[{"href":"https:\/\/dev.frantoiomuraglia.it\/de\/wp-json\/wp\/v2\/product"}],"about":[{"href":"https:\/\/dev.frantoiomuraglia.it\/de\/wp-json\/wp\/v2\/types\/product"}],"wp:featuredmedia":[{"embeddable":true,"href":"https:\/\/dev.frantoiomuraglia.it\/de\/wp-json\/wp\/v2\/media\/33399"}],"wp:attachment":[{"href":"https:\/\/dev.frantoiomuraglia.it\/de\/wp-json\/wp\/v2\/media?parent=6465"}],"wp:term":[{"taxonomy":"product_cat","embeddable":true,"href":"https:\/\/dev.frantoiomuraglia.it\/de\/wp-json\/wp\/v2\/product_cat?post=6465"},{"taxonomy":"product_tag","embeddable":true,"href":"https:\/\/dev.frantoiomuraglia.it\/de\/wp-json\/wp\/v2\/product_tag?post=6465"}],"curies":[{"name":"wp","href":"https:\/\/api.w.org\/{rel}","templated":true}]}}