{"id":6462,"date":"2022-03-24T14:07:19","date_gmt":"2022-05-04T08:28:12","guid":{"rendered":"https:\/\/dev.frantoiomuraglia.it\/product\/mittel-fruchtiges-olivenoel-500-ml\/"},"modified":"2025-06-06T18:27:21","modified_gmt":"2025-06-06T16:27:21","slug":"mittel-fruchtiges-olivenol-extra-ml-500","status":"publish","type":"product","link":"https:\/\/dev.frantoiomuraglia.it\/de\/produkt\/mittel-fruchtiges-olivenol-extra-ml-500\/","title":{"rendered":"Mittel Fruchtiges Oliven\u00f6l 500 ml"},"content":{"rendered":"<div class=\"elementor-element elementor-element-85b1d70 elementor-widget elementor-widget-text-editor\" data-id=\"85b1d70\" data-element_type=\"widget\" data-widget_type=\"text-editor.default\">\n<div class=\"elementor-widget-container\">\n<p>Essenza Mittel Fruchtiges Oliven\u00f6l ist ein natives Oliven\u00f6l Extravergine Monocultivar aus Peranzana-Oliven. Es ist ein zartes und elegantes \u00d6l, goldgelb mit gr\u00fcnen Reflexen f\u00fcr ein raffiniertes Sinneserlebnis. Mit seinem ausgewogenen Geschmack und der geringen S\u00e4ure bietet er intensive Aromen von Tomaten, Rucola, Radieschen und Artischocken.<br \/>Mit der Linie &#8222;Essenza&#8220; hebt Frantoio Muraglia das Herz seiner Arbeit hervor: das \u00d6l. Essenz bedeutet hochwertiges \u00d6l in einem eleganten, aber demokratischen Pret-\u00e0-Gourmet-Kleid.   <\/p>\n<p>Alle Anwendungstipps in &#8222;\u00d6lkultur&#8220;.<\/p>\n<p>&nbsp;<\/p>\n<\/div>\n<\/div>\n","protected":false},"excerpt":{"rendered":"<p>Essenza Mittel Fruchtiges Oliven\u00f6l ist ein natives Oliven\u00f6l Extravergine Monocultivar aus Peranzana-Oliven. Es ist ein zartes und elegantes \u00d6l, goldgelb mit gr\u00fcnen Reflexen f\u00fcr ein raffiniertes Sinneserlebnis. Mit seinem ausgewogenen Geschmack und der geringen S\u00e4ure bietet er intensive Aromen von Tomaten, Rucola, Radieschen und Artischocken.Mit der Linie &#8222;Essenza&#8220; hebt Frantoio Muraglia das Herz seiner Arbeit [&hellip;]<\/p>\n","protected":false},"featured_media":33388,"template":"","meta":{"_acf_changed":false},"product_cat":[172,179,142,382],"product_tag":[441,316,293,310,174,147],"class_list":{"0":"post-6462","1":"product","2":"type-product","3":"status-publish","4":"has-post-thumbnail","6":"product_cat-flaschen","7":"product_cat-upsell_astuccio_essenza-de","8":"product_cat-upsell_shopper-de","9":"product_cat-essenza-de","10":"product_tag-elixier-fuer-ein-langes-leben","11":"product_tag-essence-de","12":"product_tag-featured-de-2","13":"product_tag-medium-variant-de","14":"product_tag-tpl_mittel_fruchtiges","15":"product_tag-upsell_shopper-de","17":"first","18":"instock","19":"taxable","20":"shipping-taxable","21":"purchasable","22":"product-type-simple"},"acf":[],"yoast_head":"<!-- This site is optimized with the Yoast SEO plugin v26.8 - https:\/\/yoast.com\/product\/yoast-seo-wordpress\/ -->\n<title>Mittel Fruchtiges Oliven\u00f6l 500 ml - Frantoio Muraglia<\/title>\n<meta name=\"description\" content=\"&quot;Essenza&quot; Mittel Fruchtiges natives Oliven\u00f6l extra, das ausschlie\u00dflich aus in Apulien angebauten Oliven der Sorte Peranzana hergestellt wird.\" \/>\n<meta name=\"robots\" content=\"noindex, follow, max-snippet:-1, max-image-preview:large, max-video-preview:-1\" \/>\n<meta property=\"og:locale\" content=\"de_DE\" \/>\n<meta property=\"og:type\" content=\"article\" \/>\n<meta property=\"og:title\" content=\"Mittel Fruchtiges Oliven\u00f6l 500 ml - Frantoio Muraglia\" \/>\n<meta property=\"og:description\" content=\"&quot;Essenza&quot; Mittel Fruchtiges natives Oliven\u00f6l extra, das ausschlie\u00dflich aus in Apulien angebauten Oliven der Sorte Peranzana hergestellt wird.\" \/>\n<meta property=\"og:url\" content=\"https:\/\/dev.frantoiomuraglia.it\/de\/produkt\/mittel-fruchtiges-olivenol-extra-ml-500\/\" \/>\n<meta property=\"og:site_name\" content=\"Frantoio Muraglia\" \/>\n<meta property=\"article:modified_time\" content=\"2025-06-06T16:27:21+00:00\" \/>\n<meta property=\"og:image\" content=\"https:\/\/dev.frantoiomuraglia.it\/wp-content\/uploads\/2022\/03\/medio-500.jpg\" \/>\n\t<meta property=\"og:image:width\" content=\"2180\" \/>\n\t<meta property=\"og:image:height\" content=\"2294\" \/>\n\t<meta property=\"og:image:type\" content=\"image\/jpeg\" \/>\n<meta name=\"twitter:card\" content=\"summary_large_image\" \/>\n<script type=\"application\/ld+json\" class=\"yoast-schema-graph\">{\"@context\":\"https:\/\/schema.org\",\"@graph\":[{\"@type\":\"WebPage\",\"@id\":\"https:\/\/dev.frantoiomuraglia.it\/de\/produkt\/mittel-fruchtiges-olivenol-extra-ml-500\/\",\"url\":\"https:\/\/dev.frantoiomuraglia.it\/de\/produkt\/mittel-fruchtiges-olivenol-extra-ml-500\/\",\"name\":\"Mittel Fruchtiges Oliven\u00f6l 500 ml - Frantoio Muraglia\",\"isPartOf\":{\"@id\":\"https:\/\/dev.frantoiomuraglia.it\/de\/#website\"},\"primaryImageOfPage\":{\"@id\":\"https:\/\/dev.frantoiomuraglia.it\/de\/produkt\/mittel-fruchtiges-olivenol-extra-ml-500\/#primaryimage\"},\"image\":{\"@id\":\"https:\/\/dev.frantoiomuraglia.it\/de\/produkt\/mittel-fruchtiges-olivenol-extra-ml-500\/#primaryimage\"},\"thumbnailUrl\":\"https:\/\/dev.frantoiomuraglia.it\/wp-content\/uploads\/2022\/03\/medio-500.jpg\",\"datePublished\":\"2022-05-04T08:28:12+00:00\",\"dateModified\":\"2025-06-06T16:27:21+00:00\",\"description\":\"\\\"Essenza\\\" Mittel Fruchtiges natives Oliven\u00f6l extra, das ausschlie\u00dflich aus in Apulien angebauten Oliven der Sorte Peranzana hergestellt wird.\",\"breadcrumb\":{\"@id\":\"https:\/\/dev.frantoiomuraglia.it\/de\/produkt\/mittel-fruchtiges-olivenol-extra-ml-500\/#breadcrumb\"},\"inLanguage\":\"de\",\"potentialAction\":[{\"@type\":\"ReadAction\",\"target\":[\"https:\/\/dev.frantoiomuraglia.it\/de\/produkt\/mittel-fruchtiges-olivenol-extra-ml-500\/\"]}]},{\"@type\":\"ImageObject\",\"inLanguage\":\"de\",\"@id\":\"https:\/\/dev.frantoiomuraglia.it\/de\/produkt\/mittel-fruchtiges-olivenol-extra-ml-500\/#primaryimage\",\"url\":\"https:\/\/dev.frantoiomuraglia.it\/wp-content\/uploads\/2022\/03\/medio-500.jpg\",\"contentUrl\":\"https:\/\/dev.frantoiomuraglia.it\/wp-content\/uploads\/2022\/03\/medio-500.jpg\",\"width\":2180,\"height\":2294},{\"@type\":\"BreadcrumbList\",\"@id\":\"https:\/\/dev.frantoiomuraglia.it\/de\/produkt\/mittel-fruchtiges-olivenol-extra-ml-500\/#breadcrumb\",\"itemListElement\":[{\"@type\":\"ListItem\",\"position\":1,\"name\":\"Home\",\"item\":\"https:\/\/dev.frantoiomuraglia.it\/de\/\"},{\"@type\":\"ListItem\",\"position\":2,\"name\":\"Shop\",\"item\":\"https:\/\/dev.frantoiomuraglia.it\/de\/shop\/\"},{\"@type\":\"ListItem\",\"position\":3,\"name\":\"Mittel Fruchtiges Oliven\u00f6l 500 ml\"}]},{\"@type\":\"WebSite\",\"@id\":\"https:\/\/dev.frantoiomuraglia.it\/de\/#website\",\"url\":\"https:\/\/dev.frantoiomuraglia.it\/de\/\",\"name\":\"Frantoio Muraglia\",\"description\":\"Just another WordPress site\",\"publisher\":{\"@id\":\"https:\/\/dev.frantoiomuraglia.it\/de\/#organization\"},\"potentialAction\":[{\"@type\":\"SearchAction\",\"target\":{\"@type\":\"EntryPoint\",\"urlTemplate\":\"https:\/\/dev.frantoiomuraglia.it\/de\/?s={search_term_string}\"},\"query-input\":{\"@type\":\"PropertyValueSpecification\",\"valueRequired\":true,\"valueName\":\"search_term_string\"}}],\"inLanguage\":\"de\"},{\"@type\":\"Organization\",\"@id\":\"https:\/\/dev.frantoiomuraglia.it\/de\/#organization\",\"name\":\"Frantoio Muraglia\",\"url\":\"https:\/\/dev.frantoiomuraglia.it\/de\/\",\"logo\":{\"@type\":\"ImageObject\",\"inLanguage\":\"de\",\"@id\":\"https:\/\/dev.frantoiomuraglia.it\/de\/#\/schema\/logo\/image\/\",\"url\":\"https:\/\/www.frantoiomuraglia.it\/wp-content\/uploads\/2022\/06\/Logo-Frantoio-Muraglia-black-email.jpg\",\"contentUrl\":\"https:\/\/www.frantoiomuraglia.it\/wp-content\/uploads\/2022\/06\/Logo-Frantoio-Muraglia-black-email.jpg\",\"width\":326,\"height\":150,\"caption\":\"Frantoio Muraglia\"},\"image\":{\"@id\":\"https:\/\/dev.frantoiomuraglia.it\/de\/#\/schema\/logo\/image\/\"}}]}<\/script>\n<!-- \/ Yoast SEO plugin. -->","yoast_head_json":{"title":"Mittel Fruchtiges Oliven\u00f6l 500 ml - Frantoio Muraglia","description":"\"Essenza\" Mittel Fruchtiges natives Oliven\u00f6l extra, das ausschlie\u00dflich aus in Apulien angebauten Oliven der Sorte Peranzana hergestellt wird.","robots":{"index":"noindex","follow":"follow","max-snippet":"max-snippet:-1","max-image-preview":"max-image-preview:large","max-video-preview":"max-video-preview:-1"},"og_locale":"de_DE","og_type":"article","og_title":"Mittel Fruchtiges Oliven\u00f6l 500 ml - Frantoio Muraglia","og_description":"\"Essenza\" Mittel Fruchtiges natives Oliven\u00f6l extra, das ausschlie\u00dflich aus in Apulien angebauten Oliven der Sorte Peranzana hergestellt wird.","og_url":"https:\/\/dev.frantoiomuraglia.it\/de\/produkt\/mittel-fruchtiges-olivenol-extra-ml-500\/","og_site_name":"Frantoio Muraglia","article_modified_time":"2025-06-06T16:27:21+00:00","og_image":[{"width":2180,"height":2294,"url":"https:\/\/dev.frantoiomuraglia.it\/wp-content\/uploads\/2022\/03\/medio-500.jpg","type":"image\/jpeg"}],"twitter_card":"summary_large_image","schema":{"@context":"https:\/\/schema.org","@graph":[{"@type":"WebPage","@id":"https:\/\/dev.frantoiomuraglia.it\/de\/produkt\/mittel-fruchtiges-olivenol-extra-ml-500\/","url":"https:\/\/dev.frantoiomuraglia.it\/de\/produkt\/mittel-fruchtiges-olivenol-extra-ml-500\/","name":"Mittel Fruchtiges Oliven\u00f6l 500 ml - Frantoio Muraglia","isPartOf":{"@id":"https:\/\/dev.frantoiomuraglia.it\/de\/#website"},"primaryImageOfPage":{"@id":"https:\/\/dev.frantoiomuraglia.it\/de\/produkt\/mittel-fruchtiges-olivenol-extra-ml-500\/#primaryimage"},"image":{"@id":"https:\/\/dev.frantoiomuraglia.it\/de\/produkt\/mittel-fruchtiges-olivenol-extra-ml-500\/#primaryimage"},"thumbnailUrl":"https:\/\/dev.frantoiomuraglia.it\/wp-content\/uploads\/2022\/03\/medio-500.jpg","datePublished":"2022-05-04T08:28:12+00:00","dateModified":"2025-06-06T16:27:21+00:00","description":"\"Essenza\" Mittel Fruchtiges natives Oliven\u00f6l extra, das ausschlie\u00dflich aus in Apulien angebauten Oliven der Sorte Peranzana hergestellt wird.","breadcrumb":{"@id":"https:\/\/dev.frantoiomuraglia.it\/de\/produkt\/mittel-fruchtiges-olivenol-extra-ml-500\/#breadcrumb"},"inLanguage":"de","potentialAction":[{"@type":"ReadAction","target":["https:\/\/dev.frantoiomuraglia.it\/de\/produkt\/mittel-fruchtiges-olivenol-extra-ml-500\/"]}]},{"@type":"ImageObject","inLanguage":"de","@id":"https:\/\/dev.frantoiomuraglia.it\/de\/produkt\/mittel-fruchtiges-olivenol-extra-ml-500\/#primaryimage","url":"https:\/\/dev.frantoiomuraglia.it\/wp-content\/uploads\/2022\/03\/medio-500.jpg","contentUrl":"https:\/\/dev.frantoiomuraglia.it\/wp-content\/uploads\/2022\/03\/medio-500.jpg","width":2180,"height":2294},{"@type":"BreadcrumbList","@id":"https:\/\/dev.frantoiomuraglia.it\/de\/produkt\/mittel-fruchtiges-olivenol-extra-ml-500\/#breadcrumb","itemListElement":[{"@type":"ListItem","position":1,"name":"Home","item":"https:\/\/dev.frantoiomuraglia.it\/de\/"},{"@type":"ListItem","position":2,"name":"Shop","item":"https:\/\/dev.frantoiomuraglia.it\/de\/shop\/"},{"@type":"ListItem","position":3,"name":"Mittel Fruchtiges Oliven\u00f6l 500 ml"}]},{"@type":"WebSite","@id":"https:\/\/dev.frantoiomuraglia.it\/de\/#website","url":"https:\/\/dev.frantoiomuraglia.it\/de\/","name":"Frantoio Muraglia","description":"Just another WordPress site","publisher":{"@id":"https:\/\/dev.frantoiomuraglia.it\/de\/#organization"},"potentialAction":[{"@type":"SearchAction","target":{"@type":"EntryPoint","urlTemplate":"https:\/\/dev.frantoiomuraglia.it\/de\/?s={search_term_string}"},"query-input":{"@type":"PropertyValueSpecification","valueRequired":true,"valueName":"search_term_string"}}],"inLanguage":"de"},{"@type":"Organization","@id":"https:\/\/dev.frantoiomuraglia.it\/de\/#organization","name":"Frantoio Muraglia","url":"https:\/\/dev.frantoiomuraglia.it\/de\/","logo":{"@type":"ImageObject","inLanguage":"de","@id":"https:\/\/dev.frantoiomuraglia.it\/de\/#\/schema\/logo\/image\/","url":"https:\/\/www.frantoiomuraglia.it\/wp-content\/uploads\/2022\/06\/Logo-Frantoio-Muraglia-black-email.jpg","contentUrl":"https:\/\/www.frantoiomuraglia.it\/wp-content\/uploads\/2022\/06\/Logo-Frantoio-Muraglia-black-email.jpg","width":326,"height":150,"caption":"Frantoio Muraglia"},"image":{"@id":"https:\/\/dev.frantoiomuraglia.it\/de\/#\/schema\/logo\/image\/"}}]}},"_links":{"self":[{"href":"https:\/\/dev.frantoiomuraglia.it\/de\/wp-json\/wp\/v2\/product\/6462","targetHints":{"allow":["GET"]}}],"collection":[{"href":"https:\/\/dev.frantoiomuraglia.it\/de\/wp-json\/wp\/v2\/product"}],"about":[{"href":"https:\/\/dev.frantoiomuraglia.it\/de\/wp-json\/wp\/v2\/types\/product"}],"wp:featuredmedia":[{"embeddable":true,"href":"https:\/\/dev.frantoiomuraglia.it\/de\/wp-json\/wp\/v2\/media\/33388"}],"wp:attachment":[{"href":"https:\/\/dev.frantoiomuraglia.it\/de\/wp-json\/wp\/v2\/media?parent=6462"}],"wp:term":[{"taxonomy":"product_cat","embeddable":true,"href":"https:\/\/dev.frantoiomuraglia.it\/de\/wp-json\/wp\/v2\/product_cat?post=6462"},{"taxonomy":"product_tag","embeddable":true,"href":"https:\/\/dev.frantoiomuraglia.it\/de\/wp-json\/wp\/v2\/product_tag?post=6462"}],"curies":[{"name":"wp","href":"https:\/\/api.w.org\/{rel}","templated":true}]}}