{"id":6447,"date":"2022-03-24T14:12:06","date_gmt":"2022-05-03T15:37:27","guid":{"rendered":"https:\/\/dev.frantoiomuraglia.it\/product\/keramikflasche-in-regenbogenfarben\/"},"modified":"2025-02-12T18:18:21","modified_gmt":"2025-02-12T16:18:21","slug":"keramikflasche-in-regenbogenfarben","status":"publish","type":"product","link":"https:\/\/dev.frantoiomuraglia.it\/de\/produkt\/keramikflasche-in-regenbogenfarben\/","title":{"rendered":"Keramikflasche in Regenbogenfarben"},"content":{"rendered":"<p>Diese Keramikflasche in den Farben des Regenbogens ist eine echte Stilikone.<\/p>\n<p>In dem von unseren T\u00f6pfermeistern handgefertigten Keramikgef\u00e4\u00df bleiben nicht nur alle D\u00fcfte und der volle Geschmack unseres nativen Oliven\u00f6ls extra erhalten, er bringt auch Farbe auf Ihren Tisch und eine wohlige Atmosph\u00e4re in Ihre K\u00fcche.<\/p>\n<p>Kunst steckt in jeder Geste und in jeder Entscheidung. Viele Menschen haben uns wegen der Sch\u00f6nheit unserer Produkte kennengelernt, haben sie probiert und festgestellt, dass das Gute in der Sch\u00f6nheit liegt. Die Kunst der geschickten H\u00e4nde unserer Handwerksmeister, die die weltber\u00fchmten Keramikkr\u00fcge im wahrsten Sinne des Wortes gestalten und formen.<\/p>\n<p>Zu den bekanntesten Symbolen, die unser Unternehmen und unsere \u00d6lm\u00fchle repr\u00e4sentieren, geh\u00f6rt zweifelsohne die Regenbogenflasche. Sie k\u00f6nnen zwischen zwei Sorten w\u00e4hlen: Mittel Fruchtiges oder Intensiv Fruchtiges Oliven\u00f6l.<\/p>\n","protected":false},"excerpt":{"rendered":"<p>Diese Keramikflasche in den Farben des Regenbogens ist eine echte Stilikone. In dem von unseren T\u00f6pfermeistern handgefertigten Keramikgef\u00e4\u00df bleiben nicht nur alle D\u00fcfte und der volle Geschmack unseres nativen Oliven\u00f6ls extra erhalten, er bringt auch Farbe auf Ihren Tisch und eine wohlige Atmosph\u00e4re in Ihre K\u00fcche. Kunst steckt in jeder Geste und in jeder Entscheidung. [&hellip;]<\/p>\n","protected":false},"featured_media":5881,"template":"","meta":{"_acf_changed":false},"product_cat":[141,160,142,355],"product_tag":[293,308,294,310,369,147],"class_list":{"0":"post-6447","1":"product","2":"type-product","3":"status-publish","4":"has-post-thumbnail","6":"product_cat-keramikflasche","7":"product_cat-upsell_astuccio_orcio-de","8":"product_cat-upsell_shopper-de","9":"product_cat-flaschensammlung","10":"product_tag-featured-de-2","11":"product_tag-intense-variant-de","12":"product_tag-jars-de-2","13":"product_tag-medium-variant-de","14":"product_tag-tpl_jars-de","15":"product_tag-upsell_shopper-de","17":"first","18":"instock","19":"taxable","20":"shipping-taxable","21":"purchasable","22":"product-type-variable"},"acf":[],"yoast_head":"<!-- This site is optimized with the Yoast SEO plugin v26.8 - https:\/\/yoast.com\/product\/yoast-seo-wordpress\/ -->\n<title>Keramikflasche in Regenbogenfarben - Frantoio Muraglia<\/title>\n<meta name=\"description\" content=\"Das regenbogenfarbene Keramikgef\u00e4\u00df wird von unseren Handwerkern handgefertigt und enth\u00e4lt den ganzen Duft und Geschmack unseres nativen Oliven\u00f6ls extra.\" \/>\n<meta name=\"robots\" content=\"noindex, follow, max-snippet:-1, max-image-preview:large, max-video-preview:-1\" \/>\n<meta property=\"og:locale\" content=\"de_DE\" \/>\n<meta property=\"og:type\" content=\"article\" \/>\n<meta property=\"og:title\" content=\"Keramikflasche in Regenbogenfarben - Frantoio Muraglia\" \/>\n<meta property=\"og:description\" content=\"Das regenbogenfarbene Keramikgef\u00e4\u00df wird von unseren Handwerkern handgefertigt und enth\u00e4lt den ganzen Duft und Geschmack unseres nativen Oliven\u00f6ls extra.\" \/>\n<meta property=\"og:url\" content=\"https:\/\/dev.frantoiomuraglia.it\/de\/produkt\/keramikflasche-in-regenbogenfarben\/\" \/>\n<meta property=\"og:site_name\" content=\"Frantoio Muraglia\" \/>\n<meta property=\"article:modified_time\" content=\"2025-02-12T16:18:21+00:00\" \/>\n<meta property=\"og:image\" content=\"https:\/\/dev.frantoiomuraglia.it\/wp-content\/uploads\/2022\/03\/Orcio-in-ceramica-arcobaleno-3-1.jpg\" \/>\n\t<meta property=\"og:image:width\" content=\"2180\" \/>\n\t<meta property=\"og:image:height\" content=\"2294\" \/>\n\t<meta property=\"og:image:type\" content=\"image\/jpeg\" \/>\n<meta name=\"twitter:card\" content=\"summary_large_image\" \/>\n<script type=\"application\/ld+json\" class=\"yoast-schema-graph\">{\"@context\":\"https:\/\/schema.org\",\"@graph\":[{\"@type\":\"WebPage\",\"@id\":\"https:\/\/dev.frantoiomuraglia.it\/de\/produkt\/keramikflasche-in-regenbogenfarben\/\",\"url\":\"https:\/\/dev.frantoiomuraglia.it\/de\/produkt\/keramikflasche-in-regenbogenfarben\/\",\"name\":\"Keramikflasche in Regenbogenfarben - Frantoio Muraglia\",\"isPartOf\":{\"@id\":\"https:\/\/dev.frantoiomuraglia.it\/de\/#website\"},\"primaryImageOfPage\":{\"@id\":\"https:\/\/dev.frantoiomuraglia.it\/de\/produkt\/keramikflasche-in-regenbogenfarben\/#primaryimage\"},\"image\":{\"@id\":\"https:\/\/dev.frantoiomuraglia.it\/de\/produkt\/keramikflasche-in-regenbogenfarben\/#primaryimage\"},\"thumbnailUrl\":\"https:\/\/dev.frantoiomuraglia.it\/wp-content\/uploads\/2022\/03\/Orcio-in-ceramica-arcobaleno-3-1.jpg\",\"datePublished\":\"2022-05-03T15:37:27+00:00\",\"dateModified\":\"2025-02-12T16:18:21+00:00\",\"description\":\"Das regenbogenfarbene Keramikgef\u00e4\u00df wird von unseren Handwerkern handgefertigt und enth\u00e4lt den ganzen Duft und Geschmack unseres nativen Oliven\u00f6ls extra.\",\"breadcrumb\":{\"@id\":\"https:\/\/dev.frantoiomuraglia.it\/de\/produkt\/keramikflasche-in-regenbogenfarben\/#breadcrumb\"},\"inLanguage\":\"de\",\"potentialAction\":[{\"@type\":\"ReadAction\",\"target\":[\"https:\/\/dev.frantoiomuraglia.it\/de\/produkt\/keramikflasche-in-regenbogenfarben\/\"]}]},{\"@type\":\"ImageObject\",\"inLanguage\":\"de\",\"@id\":\"https:\/\/dev.frantoiomuraglia.it\/de\/produkt\/keramikflasche-in-regenbogenfarben\/#primaryimage\",\"url\":\"https:\/\/dev.frantoiomuraglia.it\/wp-content\/uploads\/2022\/03\/Orcio-in-ceramica-arcobaleno-3-1.jpg\",\"contentUrl\":\"https:\/\/dev.frantoiomuraglia.it\/wp-content\/uploads\/2022\/03\/Orcio-in-ceramica-arcobaleno-3-1.jpg\",\"width\":2180,\"height\":2294},{\"@type\":\"BreadcrumbList\",\"@id\":\"https:\/\/dev.frantoiomuraglia.it\/de\/produkt\/keramikflasche-in-regenbogenfarben\/#breadcrumb\",\"itemListElement\":[{\"@type\":\"ListItem\",\"position\":1,\"name\":\"Home\",\"item\":\"https:\/\/dev.frantoiomuraglia.it\/de\/\"},{\"@type\":\"ListItem\",\"position\":2,\"name\":\"Shop\",\"item\":\"https:\/\/dev.frantoiomuraglia.it\/de\/shop\/\"},{\"@type\":\"ListItem\",\"position\":3,\"name\":\"Keramikflasche in Regenbogenfarben\"}]},{\"@type\":\"WebSite\",\"@id\":\"https:\/\/dev.frantoiomuraglia.it\/de\/#website\",\"url\":\"https:\/\/dev.frantoiomuraglia.it\/de\/\",\"name\":\"Frantoio Muraglia\",\"description\":\"Just another WordPress site\",\"publisher\":{\"@id\":\"https:\/\/dev.frantoiomuraglia.it\/de\/#organization\"},\"potentialAction\":[{\"@type\":\"SearchAction\",\"target\":{\"@type\":\"EntryPoint\",\"urlTemplate\":\"https:\/\/dev.frantoiomuraglia.it\/de\/?s={search_term_string}\"},\"query-input\":{\"@type\":\"PropertyValueSpecification\",\"valueRequired\":true,\"valueName\":\"search_term_string\"}}],\"inLanguage\":\"de\"},{\"@type\":\"Organization\",\"@id\":\"https:\/\/dev.frantoiomuraglia.it\/de\/#organization\",\"name\":\"Frantoio Muraglia\",\"url\":\"https:\/\/dev.frantoiomuraglia.it\/de\/\",\"logo\":{\"@type\":\"ImageObject\",\"inLanguage\":\"de\",\"@id\":\"https:\/\/dev.frantoiomuraglia.it\/de\/#\/schema\/logo\/image\/\",\"url\":\"https:\/\/www.frantoiomuraglia.it\/wp-content\/uploads\/2022\/06\/Logo-Frantoio-Muraglia-black-email.jpg\",\"contentUrl\":\"https:\/\/www.frantoiomuraglia.it\/wp-content\/uploads\/2022\/06\/Logo-Frantoio-Muraglia-black-email.jpg\",\"width\":326,\"height\":150,\"caption\":\"Frantoio Muraglia\"},\"image\":{\"@id\":\"https:\/\/dev.frantoiomuraglia.it\/de\/#\/schema\/logo\/image\/\"}}]}<\/script>\n<!-- \/ Yoast SEO plugin. -->","yoast_head_json":{"title":"Keramikflasche in Regenbogenfarben - Frantoio Muraglia","description":"Das regenbogenfarbene Keramikgef\u00e4\u00df wird von unseren Handwerkern handgefertigt und enth\u00e4lt den ganzen Duft und Geschmack unseres nativen Oliven\u00f6ls extra.","robots":{"index":"noindex","follow":"follow","max-snippet":"max-snippet:-1","max-image-preview":"max-image-preview:large","max-video-preview":"max-video-preview:-1"},"og_locale":"de_DE","og_type":"article","og_title":"Keramikflasche in Regenbogenfarben - Frantoio Muraglia","og_description":"Das regenbogenfarbene Keramikgef\u00e4\u00df wird von unseren Handwerkern handgefertigt und enth\u00e4lt den ganzen Duft und Geschmack unseres nativen Oliven\u00f6ls extra.","og_url":"https:\/\/dev.frantoiomuraglia.it\/de\/produkt\/keramikflasche-in-regenbogenfarben\/","og_site_name":"Frantoio Muraglia","article_modified_time":"2025-02-12T16:18:21+00:00","og_image":[{"width":2180,"height":2294,"url":"https:\/\/dev.frantoiomuraglia.it\/wp-content\/uploads\/2022\/03\/Orcio-in-ceramica-arcobaleno-3-1.jpg","type":"image\/jpeg"}],"twitter_card":"summary_large_image","schema":{"@context":"https:\/\/schema.org","@graph":[{"@type":"WebPage","@id":"https:\/\/dev.frantoiomuraglia.it\/de\/produkt\/keramikflasche-in-regenbogenfarben\/","url":"https:\/\/dev.frantoiomuraglia.it\/de\/produkt\/keramikflasche-in-regenbogenfarben\/","name":"Keramikflasche in Regenbogenfarben - Frantoio Muraglia","isPartOf":{"@id":"https:\/\/dev.frantoiomuraglia.it\/de\/#website"},"primaryImageOfPage":{"@id":"https:\/\/dev.frantoiomuraglia.it\/de\/produkt\/keramikflasche-in-regenbogenfarben\/#primaryimage"},"image":{"@id":"https:\/\/dev.frantoiomuraglia.it\/de\/produkt\/keramikflasche-in-regenbogenfarben\/#primaryimage"},"thumbnailUrl":"https:\/\/dev.frantoiomuraglia.it\/wp-content\/uploads\/2022\/03\/Orcio-in-ceramica-arcobaleno-3-1.jpg","datePublished":"2022-05-03T15:37:27+00:00","dateModified":"2025-02-12T16:18:21+00:00","description":"Das regenbogenfarbene Keramikgef\u00e4\u00df wird von unseren Handwerkern handgefertigt und enth\u00e4lt den ganzen Duft und Geschmack unseres nativen Oliven\u00f6ls extra.","breadcrumb":{"@id":"https:\/\/dev.frantoiomuraglia.it\/de\/produkt\/keramikflasche-in-regenbogenfarben\/#breadcrumb"},"inLanguage":"de","potentialAction":[{"@type":"ReadAction","target":["https:\/\/dev.frantoiomuraglia.it\/de\/produkt\/keramikflasche-in-regenbogenfarben\/"]}]},{"@type":"ImageObject","inLanguage":"de","@id":"https:\/\/dev.frantoiomuraglia.it\/de\/produkt\/keramikflasche-in-regenbogenfarben\/#primaryimage","url":"https:\/\/dev.frantoiomuraglia.it\/wp-content\/uploads\/2022\/03\/Orcio-in-ceramica-arcobaleno-3-1.jpg","contentUrl":"https:\/\/dev.frantoiomuraglia.it\/wp-content\/uploads\/2022\/03\/Orcio-in-ceramica-arcobaleno-3-1.jpg","width":2180,"height":2294},{"@type":"BreadcrumbList","@id":"https:\/\/dev.frantoiomuraglia.it\/de\/produkt\/keramikflasche-in-regenbogenfarben\/#breadcrumb","itemListElement":[{"@type":"ListItem","position":1,"name":"Home","item":"https:\/\/dev.frantoiomuraglia.it\/de\/"},{"@type":"ListItem","position":2,"name":"Shop","item":"https:\/\/dev.frantoiomuraglia.it\/de\/shop\/"},{"@type":"ListItem","position":3,"name":"Keramikflasche in Regenbogenfarben"}]},{"@type":"WebSite","@id":"https:\/\/dev.frantoiomuraglia.it\/de\/#website","url":"https:\/\/dev.frantoiomuraglia.it\/de\/","name":"Frantoio Muraglia","description":"Just another WordPress site","publisher":{"@id":"https:\/\/dev.frantoiomuraglia.it\/de\/#organization"},"potentialAction":[{"@type":"SearchAction","target":{"@type":"EntryPoint","urlTemplate":"https:\/\/dev.frantoiomuraglia.it\/de\/?s={search_term_string}"},"query-input":{"@type":"PropertyValueSpecification","valueRequired":true,"valueName":"search_term_string"}}],"inLanguage":"de"},{"@type":"Organization","@id":"https:\/\/dev.frantoiomuraglia.it\/de\/#organization","name":"Frantoio Muraglia","url":"https:\/\/dev.frantoiomuraglia.it\/de\/","logo":{"@type":"ImageObject","inLanguage":"de","@id":"https:\/\/dev.frantoiomuraglia.it\/de\/#\/schema\/logo\/image\/","url":"https:\/\/www.frantoiomuraglia.it\/wp-content\/uploads\/2022\/06\/Logo-Frantoio-Muraglia-black-email.jpg","contentUrl":"https:\/\/www.frantoiomuraglia.it\/wp-content\/uploads\/2022\/06\/Logo-Frantoio-Muraglia-black-email.jpg","width":326,"height":150,"caption":"Frantoio Muraglia"},"image":{"@id":"https:\/\/dev.frantoiomuraglia.it\/de\/#\/schema\/logo\/image\/"}}]}},"_links":{"self":[{"href":"https:\/\/dev.frantoiomuraglia.it\/de\/wp-json\/wp\/v2\/product\/6447","targetHints":{"allow":["GET"]}}],"collection":[{"href":"https:\/\/dev.frantoiomuraglia.it\/de\/wp-json\/wp\/v2\/product"}],"about":[{"href":"https:\/\/dev.frantoiomuraglia.it\/de\/wp-json\/wp\/v2\/types\/product"}],"wp:featuredmedia":[{"embeddable":true,"href":"https:\/\/dev.frantoiomuraglia.it\/de\/wp-json\/wp\/v2\/media\/5881"}],"wp:attachment":[{"href":"https:\/\/dev.frantoiomuraglia.it\/de\/wp-json\/wp\/v2\/media?parent=6447"}],"wp:term":[{"taxonomy":"product_cat","embeddable":true,"href":"https:\/\/dev.frantoiomuraglia.it\/de\/wp-json\/wp\/v2\/product_cat?post=6447"},{"taxonomy":"product_tag","embeddable":true,"href":"https:\/\/dev.frantoiomuraglia.it\/de\/wp-json\/wp\/v2\/product_tag?post=6447"}],"curies":[{"name":"wp","href":"https:\/\/api.w.org\/{rel}","templated":true}]}}