{"id":38185,"date":"2025-04-03T12:07:06","date_gmt":"2025-04-03T15:46:31","guid":{"rendered":"https:\/\/www.frantoiomuraglia.it\/?post_type=product&#038;p=38185"},"modified":"2025-06-30T09:32:58","modified_gmt":"2025-06-30T07:32:58","slug":"blauer-regenbogenwal-limited-edition","status":"publish","type":"product","link":"https:\/\/dev.frantoiomuraglia.it\/de\/produkt\/blauer-regenbogenwal-limited-edition\/","title":{"rendered":"Blauer Regenbogenwal Limited Edition"},"content":{"rendered":"<p style=\"font-weight: 400;\">Design zum Bewundern, Geschmack zum Genie\u00dfen.<br \/>\nAnl\u00e4sslich der Mail\u00e4nder Designwoche 2025 zelebriert Frantoio Muraglia das Zusammentreffen von Wurzeln und zeitgen\u00f6ssischer Vision mit zwei limitierten Editionen des ikonischen Keramikgef\u00e4\u00dfes Arcobaleno in Blau und Gelb. Zwei noch nie dagewesene Interpretationen, bei denen Farbe zum Material und Design zum Ausdruck einer zeitlosen Kunst wird. <\/p>\n<p>Jedes Gef\u00e4\u00df ist ein Unikat, das mit handwerklichem Geschick geformt und so gestaltet wurde, dass es die authentischste Essenz unseres nativen Oliven\u00f6ls extra aus Apulien enth\u00e4lt. Ein Objekt, das zugleich Geschichte, Erfahrung und t\u00e4gliches Vergn\u00fcgen ist. Exklusiv online.  <\/p>\n<p style=\"font-weight: 400;\">Enth\u00e4lt intensives fruchtiges \u00d6l.<\/p>\n<p>Alle Anwendungstipps unter &#8222;Oliven\u00f6lkultur&#8220;.<\/p>\n","protected":false},"excerpt":{"rendered":"<p style=\"font-weight: 400;\">Design zum Bewundern, Geschmack zum Genie\u00dfen.<br \/>\nAnl\u00e4sslich der Mail\u00e4nder Designwoche 2025 zelebriert Frantoio Muraglia das Zusammentreffen von Wurzeln und zeitgen\u00f6ssischer Vision mit zwei limitierten Editionen des ikonischen Keramikgef\u00e4\u00dfes Arcobaleno in Blau und Gelb. Zwei noch nie dagewesene Interpretationen, bei denen Farbe zum Material und Design zum Ausdruck einer zeitlosen Kunst wird. <\/p>\n<p>Jedes Gef\u00e4\u00df ist ein Unikat, das mit handwerklichem Geschick geformt und so gestaltet wurde, dass es die authentischste Essenz unseres nativen Oliven\u00f6ls extra aus Apulien enth\u00e4lt. Ein Objekt, das zugleich Geschichte, Erfahrung und t\u00e4gliches Vergn\u00fcgen ist. Exklusiv online.  <\/p>\n<p style=\"font-weight: 400;\">Enth\u00e4lt intensives fruchtiges \u00d6l.<\/p>\n","protected":false},"featured_media":38172,"template":"","meta":{"_acf_changed":false},"product_cat":[141,160],"product_tag":[308,294],"class_list":{"0":"post-38185","1":"product","2":"type-product","3":"status-publish","4":"has-post-thumbnail","6":"product_cat-keramikflasche","7":"product_cat-upsell_astuccio_orcio-de","8":"product_tag-intense-variant-de","9":"product_tag-jars-de-2","11":"first","12":"instock","13":"taxable","14":"shipping-taxable","15":"purchasable","16":"product-type-simple"},"acf":[],"yoast_head":"<!-- This site is optimized with the Yoast SEO plugin v26.8 - https:\/\/yoast.com\/product\/yoast-seo-wordpress\/ -->\n<title>Blauer Regenbogenwal Limited Edition - Frantoio Muraglia<\/title>\n<meta name=\"description\" content=\"Anl\u00e4sslich der Mail\u00e4nder Designwoche 2025 zelebriert Frantoio Muraglia das Zusammentreffen von Wurzeln und zeitgen\u00f6ssischer Vision mit zwei limitierten Auflagen des ikonischen Keramikgef\u00e4\u00dfes Arcobaleno in Blau und Gelb. Zwei v\u00f6llig neue Interpretationen, bei denen die Farbe zum Material und das Design zum Ausdruck einer zeitlosen Kunst wird. Jedes Gef\u00e4\u00df ist ein Unikat, das mit handwerklichem Geschick modelliert und entworfen wurde, um die authentischste Essenz unseres apulischen nativen Oliven\u00f6ls extra aufzunehmen. Ein Objekt, das zugleich Geschichte, Erfahrung und t\u00e4gliches Vergn\u00fcgen ist. Exklusiv online, enth\u00e4lt intensives, fruchtiges \u00d6l.\" \/>\n<meta name=\"robots\" content=\"noindex, follow, max-snippet:-1, max-image-preview:large, max-video-preview:-1\" \/>\n<meta property=\"og:locale\" content=\"de_DE\" \/>\n<meta property=\"og:type\" content=\"article\" \/>\n<meta property=\"og:title\" content=\"Blauer Regenbogenwal Limited Edition - Frantoio Muraglia\" \/>\n<meta property=\"og:description\" content=\"Anl\u00e4sslich der Mail\u00e4nder Designwoche 2025 zelebriert Frantoio Muraglia das Zusammentreffen von Wurzeln und zeitgen\u00f6ssischer Vision mit zwei limitierten Auflagen des ikonischen Keramikgef\u00e4\u00dfes Arcobaleno in Blau und Gelb. Zwei v\u00f6llig neue Interpretationen, bei denen die Farbe zum Material und das Design zum Ausdruck einer zeitlosen Kunst wird. Jedes Gef\u00e4\u00df ist ein Unikat, das mit handwerklichem Geschick modelliert und entworfen wurde, um die authentischste Essenz unseres apulischen nativen Oliven\u00f6ls extra aufzunehmen. Ein Objekt, das zugleich Geschichte, Erfahrung und t\u00e4gliches Vergn\u00fcgen ist. Exklusiv online, enth\u00e4lt intensives, fruchtiges \u00d6l.\" \/>\n<meta property=\"og:url\" content=\"https:\/\/dev.frantoiomuraglia.it\/de\/produkt\/blauer-regenbogenwal-limited-edition\/\" \/>\n<meta property=\"og:site_name\" content=\"Frantoio Muraglia\" \/>\n<meta property=\"article:modified_time\" content=\"2025-06-30T07:32:58+00:00\" \/>\n<meta property=\"og:image\" content=\"https:\/\/dev.frantoiomuraglia.it\/wp-content\/uploads\/2025\/04\/ORCIODESIGNWEEKBLUorizzontale_web.jpg\" \/>\n\t<meta property=\"og:image:width\" content=\"2180\" \/>\n\t<meta property=\"og:image:height\" content=\"2294\" \/>\n\t<meta property=\"og:image:type\" content=\"image\/jpeg\" \/>\n<meta name=\"twitter:card\" content=\"summary_large_image\" \/>\n<script type=\"application\/ld+json\" class=\"yoast-schema-graph\">{\"@context\":\"https:\/\/schema.org\",\"@graph\":[{\"@type\":\"WebPage\",\"@id\":\"https:\/\/dev.frantoiomuraglia.it\/de\/produkt\/blauer-regenbogenwal-limited-edition\/\",\"url\":\"https:\/\/dev.frantoiomuraglia.it\/de\/produkt\/blauer-regenbogenwal-limited-edition\/\",\"name\":\"Blauer Regenbogenwal Limited Edition - Frantoio Muraglia\",\"isPartOf\":{\"@id\":\"https:\/\/dev.frantoiomuraglia.it\/de\/#website\"},\"primaryImageOfPage\":{\"@id\":\"https:\/\/dev.frantoiomuraglia.it\/de\/produkt\/blauer-regenbogenwal-limited-edition\/#primaryimage\"},\"image\":{\"@id\":\"https:\/\/dev.frantoiomuraglia.it\/de\/produkt\/blauer-regenbogenwal-limited-edition\/#primaryimage\"},\"thumbnailUrl\":\"https:\/\/dev.frantoiomuraglia.it\/wp-content\/uploads\/2025\/04\/ORCIODESIGNWEEKBLUorizzontale_web.jpg\",\"datePublished\":\"2025-04-03T15:46:31+00:00\",\"dateModified\":\"2025-06-30T07:32:58+00:00\",\"description\":\"Anl\u00e4sslich der Mail\u00e4nder Designwoche 2025 zelebriert Frantoio Muraglia das Zusammentreffen von Wurzeln und zeitgen\u00f6ssischer Vision mit zwei limitierten Auflagen des ikonischen Keramikgef\u00e4\u00dfes Arcobaleno in Blau und Gelb. Zwei v\u00f6llig neue Interpretationen, bei denen die Farbe zum Material und das Design zum Ausdruck einer zeitlosen Kunst wird. Jedes Gef\u00e4\u00df ist ein Unikat, das mit handwerklichem Geschick modelliert und entworfen wurde, um die authentischste Essenz unseres apulischen nativen Oliven\u00f6ls extra aufzunehmen. Ein Objekt, das zugleich Geschichte, Erfahrung und t\u00e4gliches Vergn\u00fcgen ist. Exklusiv online, enth\u00e4lt intensives, fruchtiges \u00d6l.\",\"breadcrumb\":{\"@id\":\"https:\/\/dev.frantoiomuraglia.it\/de\/produkt\/blauer-regenbogenwal-limited-edition\/#breadcrumb\"},\"inLanguage\":\"de\",\"potentialAction\":[{\"@type\":\"ReadAction\",\"target\":[\"https:\/\/dev.frantoiomuraglia.it\/de\/produkt\/blauer-regenbogenwal-limited-edition\/\"]}]},{\"@type\":\"ImageObject\",\"inLanguage\":\"de\",\"@id\":\"https:\/\/dev.frantoiomuraglia.it\/de\/produkt\/blauer-regenbogenwal-limited-edition\/#primaryimage\",\"url\":\"https:\/\/dev.frantoiomuraglia.it\/wp-content\/uploads\/2025\/04\/ORCIODESIGNWEEKBLUorizzontale_web.jpg\",\"contentUrl\":\"https:\/\/dev.frantoiomuraglia.it\/wp-content\/uploads\/2025\/04\/ORCIODESIGNWEEKBLUorizzontale_web.jpg\",\"width\":2180,\"height\":2294},{\"@type\":\"BreadcrumbList\",\"@id\":\"https:\/\/dev.frantoiomuraglia.it\/de\/produkt\/blauer-regenbogenwal-limited-edition\/#breadcrumb\",\"itemListElement\":[{\"@type\":\"ListItem\",\"position\":1,\"name\":\"Home\",\"item\":\"https:\/\/dev.frantoiomuraglia.it\/de\/\"},{\"@type\":\"ListItem\",\"position\":2,\"name\":\"Shop\",\"item\":\"https:\/\/dev.frantoiomuraglia.it\/de\/shop\/\"},{\"@type\":\"ListItem\",\"position\":3,\"name\":\"Blauer Regenbogenwal Limited Edition\"}]},{\"@type\":\"WebSite\",\"@id\":\"https:\/\/dev.frantoiomuraglia.it\/de\/#website\",\"url\":\"https:\/\/dev.frantoiomuraglia.it\/de\/\",\"name\":\"Frantoio Muraglia\",\"description\":\"Just another WordPress site\",\"publisher\":{\"@id\":\"https:\/\/dev.frantoiomuraglia.it\/de\/#organization\"},\"potentialAction\":[{\"@type\":\"SearchAction\",\"target\":{\"@type\":\"EntryPoint\",\"urlTemplate\":\"https:\/\/dev.frantoiomuraglia.it\/de\/?s={search_term_string}\"},\"query-input\":{\"@type\":\"PropertyValueSpecification\",\"valueRequired\":true,\"valueName\":\"search_term_string\"}}],\"inLanguage\":\"de\"},{\"@type\":\"Organization\",\"@id\":\"https:\/\/dev.frantoiomuraglia.it\/de\/#organization\",\"name\":\"Frantoio Muraglia\",\"url\":\"https:\/\/dev.frantoiomuraglia.it\/de\/\",\"logo\":{\"@type\":\"ImageObject\",\"inLanguage\":\"de\",\"@id\":\"https:\/\/dev.frantoiomuraglia.it\/de\/#\/schema\/logo\/image\/\",\"url\":\"https:\/\/www.frantoiomuraglia.it\/wp-content\/uploads\/2022\/06\/Logo-Frantoio-Muraglia-black-email.jpg\",\"contentUrl\":\"https:\/\/www.frantoiomuraglia.it\/wp-content\/uploads\/2022\/06\/Logo-Frantoio-Muraglia-black-email.jpg\",\"width\":326,\"height\":150,\"caption\":\"Frantoio Muraglia\"},\"image\":{\"@id\":\"https:\/\/dev.frantoiomuraglia.it\/de\/#\/schema\/logo\/image\/\"}}]}<\/script>\n<!-- \/ Yoast SEO plugin. -->","yoast_head_json":{"title":"Blauer Regenbogenwal Limited Edition - Frantoio Muraglia","description":"Anl\u00e4sslich der Mail\u00e4nder Designwoche 2025 zelebriert Frantoio Muraglia das Zusammentreffen von Wurzeln und zeitgen\u00f6ssischer Vision mit zwei limitierten Auflagen des ikonischen Keramikgef\u00e4\u00dfes Arcobaleno in Blau und Gelb. Zwei v\u00f6llig neue Interpretationen, bei denen die Farbe zum Material und das Design zum Ausdruck einer zeitlosen Kunst wird. Jedes Gef\u00e4\u00df ist ein Unikat, das mit handwerklichem Geschick modelliert und entworfen wurde, um die authentischste Essenz unseres apulischen nativen Oliven\u00f6ls extra aufzunehmen. Ein Objekt, das zugleich Geschichte, Erfahrung und t\u00e4gliches Vergn\u00fcgen ist. Exklusiv online, enth\u00e4lt intensives, fruchtiges \u00d6l.","robots":{"index":"noindex","follow":"follow","max-snippet":"max-snippet:-1","max-image-preview":"max-image-preview:large","max-video-preview":"max-video-preview:-1"},"og_locale":"de_DE","og_type":"article","og_title":"Blauer Regenbogenwal Limited Edition - Frantoio Muraglia","og_description":"Anl\u00e4sslich der Mail\u00e4nder Designwoche 2025 zelebriert Frantoio Muraglia das Zusammentreffen von Wurzeln und zeitgen\u00f6ssischer Vision mit zwei limitierten Auflagen des ikonischen Keramikgef\u00e4\u00dfes Arcobaleno in Blau und Gelb. Zwei v\u00f6llig neue Interpretationen, bei denen die Farbe zum Material und das Design zum Ausdruck einer zeitlosen Kunst wird. Jedes Gef\u00e4\u00df ist ein Unikat, das mit handwerklichem Geschick modelliert und entworfen wurde, um die authentischste Essenz unseres apulischen nativen Oliven\u00f6ls extra aufzunehmen. Ein Objekt, das zugleich Geschichte, Erfahrung und t\u00e4gliches Vergn\u00fcgen ist. Exklusiv online, enth\u00e4lt intensives, fruchtiges \u00d6l.","og_url":"https:\/\/dev.frantoiomuraglia.it\/de\/produkt\/blauer-regenbogenwal-limited-edition\/","og_site_name":"Frantoio Muraglia","article_modified_time":"2025-06-30T07:32:58+00:00","og_image":[{"width":2180,"height":2294,"url":"https:\/\/dev.frantoiomuraglia.it\/wp-content\/uploads\/2025\/04\/ORCIODESIGNWEEKBLUorizzontale_web.jpg","type":"image\/jpeg"}],"twitter_card":"summary_large_image","schema":{"@context":"https:\/\/schema.org","@graph":[{"@type":"WebPage","@id":"https:\/\/dev.frantoiomuraglia.it\/de\/produkt\/blauer-regenbogenwal-limited-edition\/","url":"https:\/\/dev.frantoiomuraglia.it\/de\/produkt\/blauer-regenbogenwal-limited-edition\/","name":"Blauer Regenbogenwal Limited Edition - Frantoio Muraglia","isPartOf":{"@id":"https:\/\/dev.frantoiomuraglia.it\/de\/#website"},"primaryImageOfPage":{"@id":"https:\/\/dev.frantoiomuraglia.it\/de\/produkt\/blauer-regenbogenwal-limited-edition\/#primaryimage"},"image":{"@id":"https:\/\/dev.frantoiomuraglia.it\/de\/produkt\/blauer-regenbogenwal-limited-edition\/#primaryimage"},"thumbnailUrl":"https:\/\/dev.frantoiomuraglia.it\/wp-content\/uploads\/2025\/04\/ORCIODESIGNWEEKBLUorizzontale_web.jpg","datePublished":"2025-04-03T15:46:31+00:00","dateModified":"2025-06-30T07:32:58+00:00","description":"Anl\u00e4sslich der Mail\u00e4nder Designwoche 2025 zelebriert Frantoio Muraglia das Zusammentreffen von Wurzeln und zeitgen\u00f6ssischer Vision mit zwei limitierten Auflagen des ikonischen Keramikgef\u00e4\u00dfes Arcobaleno in Blau und Gelb. Zwei v\u00f6llig neue Interpretationen, bei denen die Farbe zum Material und das Design zum Ausdruck einer zeitlosen Kunst wird. Jedes Gef\u00e4\u00df ist ein Unikat, das mit handwerklichem Geschick modelliert und entworfen wurde, um die authentischste Essenz unseres apulischen nativen Oliven\u00f6ls extra aufzunehmen. Ein Objekt, das zugleich Geschichte, Erfahrung und t\u00e4gliches Vergn\u00fcgen ist. Exklusiv online, enth\u00e4lt intensives, fruchtiges \u00d6l.","breadcrumb":{"@id":"https:\/\/dev.frantoiomuraglia.it\/de\/produkt\/blauer-regenbogenwal-limited-edition\/#breadcrumb"},"inLanguage":"de","potentialAction":[{"@type":"ReadAction","target":["https:\/\/dev.frantoiomuraglia.it\/de\/produkt\/blauer-regenbogenwal-limited-edition\/"]}]},{"@type":"ImageObject","inLanguage":"de","@id":"https:\/\/dev.frantoiomuraglia.it\/de\/produkt\/blauer-regenbogenwal-limited-edition\/#primaryimage","url":"https:\/\/dev.frantoiomuraglia.it\/wp-content\/uploads\/2025\/04\/ORCIODESIGNWEEKBLUorizzontale_web.jpg","contentUrl":"https:\/\/dev.frantoiomuraglia.it\/wp-content\/uploads\/2025\/04\/ORCIODESIGNWEEKBLUorizzontale_web.jpg","width":2180,"height":2294},{"@type":"BreadcrumbList","@id":"https:\/\/dev.frantoiomuraglia.it\/de\/produkt\/blauer-regenbogenwal-limited-edition\/#breadcrumb","itemListElement":[{"@type":"ListItem","position":1,"name":"Home","item":"https:\/\/dev.frantoiomuraglia.it\/de\/"},{"@type":"ListItem","position":2,"name":"Shop","item":"https:\/\/dev.frantoiomuraglia.it\/de\/shop\/"},{"@type":"ListItem","position":3,"name":"Blauer Regenbogenwal Limited Edition"}]},{"@type":"WebSite","@id":"https:\/\/dev.frantoiomuraglia.it\/de\/#website","url":"https:\/\/dev.frantoiomuraglia.it\/de\/","name":"Frantoio Muraglia","description":"Just another WordPress site","publisher":{"@id":"https:\/\/dev.frantoiomuraglia.it\/de\/#organization"},"potentialAction":[{"@type":"SearchAction","target":{"@type":"EntryPoint","urlTemplate":"https:\/\/dev.frantoiomuraglia.it\/de\/?s={search_term_string}"},"query-input":{"@type":"PropertyValueSpecification","valueRequired":true,"valueName":"search_term_string"}}],"inLanguage":"de"},{"@type":"Organization","@id":"https:\/\/dev.frantoiomuraglia.it\/de\/#organization","name":"Frantoio Muraglia","url":"https:\/\/dev.frantoiomuraglia.it\/de\/","logo":{"@type":"ImageObject","inLanguage":"de","@id":"https:\/\/dev.frantoiomuraglia.it\/de\/#\/schema\/logo\/image\/","url":"https:\/\/www.frantoiomuraglia.it\/wp-content\/uploads\/2022\/06\/Logo-Frantoio-Muraglia-black-email.jpg","contentUrl":"https:\/\/www.frantoiomuraglia.it\/wp-content\/uploads\/2022\/06\/Logo-Frantoio-Muraglia-black-email.jpg","width":326,"height":150,"caption":"Frantoio Muraglia"},"image":{"@id":"https:\/\/dev.frantoiomuraglia.it\/de\/#\/schema\/logo\/image\/"}}]}},"_links":{"self":[{"href":"https:\/\/dev.frantoiomuraglia.it\/de\/wp-json\/wp\/v2\/product\/38185","targetHints":{"allow":["GET"]}}],"collection":[{"href":"https:\/\/dev.frantoiomuraglia.it\/de\/wp-json\/wp\/v2\/product"}],"about":[{"href":"https:\/\/dev.frantoiomuraglia.it\/de\/wp-json\/wp\/v2\/types\/product"}],"wp:featuredmedia":[{"embeddable":true,"href":"https:\/\/dev.frantoiomuraglia.it\/de\/wp-json\/wp\/v2\/media\/38172"}],"wp:attachment":[{"href":"https:\/\/dev.frantoiomuraglia.it\/de\/wp-json\/wp\/v2\/media?parent=38185"}],"wp:term":[{"taxonomy":"product_cat","embeddable":true,"href":"https:\/\/dev.frantoiomuraglia.it\/de\/wp-json\/wp\/v2\/product_cat?post=38185"},{"taxonomy":"product_tag","embeddable":true,"href":"https:\/\/dev.frantoiomuraglia.it\/de\/wp-json\/wp\/v2\/product_tag?post=38185"}],"curies":[{"name":"wp","href":"https:\/\/api.w.org\/{rel}","templated":true}]}}