{"id":36972,"date":"2025-01-17T13:17:56","date_gmt":"2025-01-20T11:08:19","guid":{"rendered":"https:\/\/www.frantoiomuraglia.it\/product\/orcio-der-kuss-camilla-falsini\/"},"modified":"2025-02-11T18:02:48","modified_gmt":"2025-02-11T16:02:48","slug":"orcio-der-kuss-camilla-falsini","status":"publish","type":"product","link":"https:\/\/dev.frantoiomuraglia.it\/de\/produkt\/orcio-der-kuss-camilla-falsini\/","title":{"rendered":"Orcio Der Kuss &#8211; Camilla Falsini"},"content":{"rendered":"<p>Der Kuss spricht, und indem er spricht, kann er alles sagen. Der Kuss ist unsere Hommage an die Begegnung, an die Vereinigung zwischen zwei Welten, zwischen Verschiedenheiten, die zu einer einzigen Einheit verschmelzen. <\/p>\n<p>Ein Werk, das die Einfachheit und Sch\u00f6nheit des Zusammenseins feiert, ohne Grenzen, ohne Etiketten.<\/p>\n<p>Unterzeichnet von der international bekannten K\u00fcnstlerin und Illustratorin Camilla Falsini, verk\u00f6rpert es unser natives Oliven\u00f6l extra und \u201edas Gute im Sch\u00f6nen\u201c. Stilisierte Formen, leuchtende Farben und eine universelle Botschaft verk\u00f6rpern unsere Vorstellung von Gef\u00fchl: authentisch, umfassend, grenzenlos. <\/p>\n<p>Eine Hommage an das Zusammentreffen von zwei Menschen, von zwei Verschiedenheiten. Zwei Welten, die sich in einer Umarmung und einem &#8222;auf den Kopf gestellten\u201c Kuss begegnen, der die Einfachheit der Liebe verk\u00f6rpert. <\/p>\n<p>Erh\u00e4ltlich mit Intense Fruity Oil.<\/p>\n","protected":false},"excerpt":{"rendered":"<p>Der Kuss spricht, und indem er spricht, kann er alles sagen. Der Kuss ist unsere Hommage an die Begegnung, an die Vereinigung zwischen zwei Welten, zwischen Verschiedenheiten, die zu einer einzigen Einheit verschmelzen. <\/p>\n<p>Ein Werk, das die Einfachheit und Sch\u00f6nheit des Zusammenseins feiert, ohne Grenzen, ohne Etiketten.<\/p>\n<p>Unterzeichnet von der international bekannten K\u00fcnstlerin und Illustratorin Camilla Falsini, verk\u00f6rpert es unser natives Oliven\u00f6l extra und \u201edas Gute im Sch\u00f6nen\u201c. Stilisierte Formen, leuchtende Farben und eine universelle Botschaft verk\u00f6rpern unsere Vorstellung von Gef\u00fchl: authentisch, umfassend, grenzenlos. <\/p>\n<p>Erh\u00e4ltlich mit Intense Fruity Oil.<\/p>\n","protected":false},"featured_media":36931,"template":"","meta":{"_acf_changed":false},"product_cat":[141,374],"product_tag":[280],"class_list":{"0":"post-36972","1":"product","2":"type-product","3":"status-publish","4":"has-post-thumbnail","6":"product_cat-keramikflasche","7":"product_cat-capsule-collection-de","8":"product_tag-capsule-de","10":"first","11":"instock","12":"taxable","13":"shipping-taxable","14":"purchasable","15":"product-type-simple"},"acf":[],"yoast_head":"<!-- This site is optimized with the Yoast SEO plugin v26.8 - https:\/\/yoast.com\/product\/yoast-seo-wordpress\/ -->\n<title>Orcio Der Kuss - Camilla Falsini - Frantoio Muraglia<\/title>\n<meta name=\"description\" content=\"Der Kuss spricht, und indem er spricht, kann er alles sagen. Der Kuss ist unsere Hommage an die Begegnung, an die Vereinigung zweier Welten, an die Verschiedenheit, die zu einer Einheit verschmelzen, ein Werk, das die Einfachheit und Sch\u00f6nheit des Zusammenseins feiert, ohne Grenzen, ohne Etiketten, signiert von Camilla Falsini, einer international renommierten K\u00fcnstlerin und Illustratorin, und das unser natives Oliven\u00f6l extra und \u201edas Gute im Sch\u00f6nen\u201c verk\u00f6rpert. Stilisierte Formen, leuchtende Farben und eine universelle Botschaft bringen unsere Vorstellung von Gef\u00fchlen auf den Punkt: authentisch, inklusiv, grenzenlos Erh\u00e4ltlich mit Intensiv-fruchtiges \u00d6l.\" \/>\n<meta name=\"robots\" content=\"noindex, follow, max-snippet:-1, max-image-preview:large, max-video-preview:-1\" \/>\n<meta property=\"og:locale\" content=\"de_DE\" \/>\n<meta property=\"og:type\" content=\"article\" \/>\n<meta property=\"og:title\" content=\"Orcio Der Kuss - Camilla Falsini - Frantoio Muraglia\" \/>\n<meta property=\"og:description\" content=\"Der Kuss spricht, und indem er spricht, kann er alles sagen. Der Kuss ist unsere Hommage an die Begegnung, an die Vereinigung zweier Welten, an die Verschiedenheit, die zu einer Einheit verschmelzen, ein Werk, das die Einfachheit und Sch\u00f6nheit des Zusammenseins feiert, ohne Grenzen, ohne Etiketten, signiert von Camilla Falsini, einer international renommierten K\u00fcnstlerin und Illustratorin, und das unser natives Oliven\u00f6l extra und \u201edas Gute im Sch\u00f6nen\u201c verk\u00f6rpert. Stilisierte Formen, leuchtende Farben und eine universelle Botschaft bringen unsere Vorstellung von Gef\u00fchlen auf den Punkt: authentisch, inklusiv, grenzenlos Erh\u00e4ltlich mit Intensiv-fruchtiges \u00d6l.\" \/>\n<meta property=\"og:url\" content=\"https:\/\/dev.frantoiomuraglia.it\/de\/produkt\/orcio-der-kuss-camilla-falsini\/\" \/>\n<meta property=\"og:site_name\" content=\"Frantoio Muraglia\" \/>\n<meta property=\"article:modified_time\" content=\"2025-02-11T16:02:48+00:00\" \/>\n<meta property=\"og:image\" content=\"https:\/\/dev.frantoiomuraglia.it\/wp-content\/uploads\/2025\/01\/Skype_Picture_2025_01_17T10_59_07_790Z.jpeg\" \/>\n\t<meta property=\"og:image:width\" content=\"2180\" \/>\n\t<meta property=\"og:image:height\" content=\"2294\" \/>\n\t<meta property=\"og:image:type\" content=\"image\/jpeg\" \/>\n<meta name=\"twitter:card\" content=\"summary_large_image\" \/>\n<script type=\"application\/ld+json\" class=\"yoast-schema-graph\">{\"@context\":\"https:\/\/schema.org\",\"@graph\":[{\"@type\":\"WebPage\",\"@id\":\"https:\/\/dev.frantoiomuraglia.it\/de\/produkt\/orcio-der-kuss-camilla-falsini\/\",\"url\":\"https:\/\/dev.frantoiomuraglia.it\/de\/produkt\/orcio-der-kuss-camilla-falsini\/\",\"name\":\"Orcio Der Kuss - Camilla Falsini - Frantoio Muraglia\",\"isPartOf\":{\"@id\":\"https:\/\/dev.frantoiomuraglia.it\/de\/#website\"},\"primaryImageOfPage\":{\"@id\":\"https:\/\/dev.frantoiomuraglia.it\/de\/produkt\/orcio-der-kuss-camilla-falsini\/#primaryimage\"},\"image\":{\"@id\":\"https:\/\/dev.frantoiomuraglia.it\/de\/produkt\/orcio-der-kuss-camilla-falsini\/#primaryimage\"},\"thumbnailUrl\":\"https:\/\/dev.frantoiomuraglia.it\/wp-content\/uploads\/2025\/01\/Skype_Picture_2025_01_17T10_59_07_790Z.jpeg\",\"datePublished\":\"2025-01-20T11:08:19+00:00\",\"dateModified\":\"2025-02-11T16:02:48+00:00\",\"description\":\"Der Kuss spricht, und indem er spricht, kann er alles sagen. Der Kuss ist unsere Hommage an die Begegnung, an die Vereinigung zweier Welten, an die Verschiedenheit, die zu einer Einheit verschmelzen, ein Werk, das die Einfachheit und Sch\u00f6nheit des Zusammenseins feiert, ohne Grenzen, ohne Etiketten, signiert von Camilla Falsini, einer international renommierten K\u00fcnstlerin und Illustratorin, und das unser natives Oliven\u00f6l extra und \u201edas Gute im Sch\u00f6nen\u201c verk\u00f6rpert. Stilisierte Formen, leuchtende Farben und eine universelle Botschaft bringen unsere Vorstellung von Gef\u00fchlen auf den Punkt: authentisch, inklusiv, grenzenlos Erh\u00e4ltlich mit Intensiv-fruchtiges \u00d6l.\",\"breadcrumb\":{\"@id\":\"https:\/\/dev.frantoiomuraglia.it\/de\/produkt\/orcio-der-kuss-camilla-falsini\/#breadcrumb\"},\"inLanguage\":\"de\",\"potentialAction\":[{\"@type\":\"ReadAction\",\"target\":[\"https:\/\/dev.frantoiomuraglia.it\/de\/produkt\/orcio-der-kuss-camilla-falsini\/\"]}]},{\"@type\":\"ImageObject\",\"inLanguage\":\"de\",\"@id\":\"https:\/\/dev.frantoiomuraglia.it\/de\/produkt\/orcio-der-kuss-camilla-falsini\/#primaryimage\",\"url\":\"https:\/\/dev.frantoiomuraglia.it\/wp-content\/uploads\/2025\/01\/Skype_Picture_2025_01_17T10_59_07_790Z.jpeg\",\"contentUrl\":\"https:\/\/dev.frantoiomuraglia.it\/wp-content\/uploads\/2025\/01\/Skype_Picture_2025_01_17T10_59_07_790Z.jpeg\",\"width\":2180,\"height\":2294},{\"@type\":\"BreadcrumbList\",\"@id\":\"https:\/\/dev.frantoiomuraglia.it\/de\/produkt\/orcio-der-kuss-camilla-falsini\/#breadcrumb\",\"itemListElement\":[{\"@type\":\"ListItem\",\"position\":1,\"name\":\"Home\",\"item\":\"https:\/\/dev.frantoiomuraglia.it\/de\/\"},{\"@type\":\"ListItem\",\"position\":2,\"name\":\"Shop\",\"item\":\"https:\/\/dev.frantoiomuraglia.it\/de\/shop\/\"},{\"@type\":\"ListItem\",\"position\":3,\"name\":\"Orcio Der Kuss &#8211; Camilla Falsini\"}]},{\"@type\":\"WebSite\",\"@id\":\"https:\/\/dev.frantoiomuraglia.it\/de\/#website\",\"url\":\"https:\/\/dev.frantoiomuraglia.it\/de\/\",\"name\":\"Frantoio Muraglia\",\"description\":\"Just another WordPress site\",\"publisher\":{\"@id\":\"https:\/\/dev.frantoiomuraglia.it\/de\/#organization\"},\"potentialAction\":[{\"@type\":\"SearchAction\",\"target\":{\"@type\":\"EntryPoint\",\"urlTemplate\":\"https:\/\/dev.frantoiomuraglia.it\/de\/?s={search_term_string}\"},\"query-input\":{\"@type\":\"PropertyValueSpecification\",\"valueRequired\":true,\"valueName\":\"search_term_string\"}}],\"inLanguage\":\"de\"},{\"@type\":\"Organization\",\"@id\":\"https:\/\/dev.frantoiomuraglia.it\/de\/#organization\",\"name\":\"Frantoio Muraglia\",\"url\":\"https:\/\/dev.frantoiomuraglia.it\/de\/\",\"logo\":{\"@type\":\"ImageObject\",\"inLanguage\":\"de\",\"@id\":\"https:\/\/dev.frantoiomuraglia.it\/de\/#\/schema\/logo\/image\/\",\"url\":\"https:\/\/www.frantoiomuraglia.it\/wp-content\/uploads\/2022\/06\/Logo-Frantoio-Muraglia-black-email.jpg\",\"contentUrl\":\"https:\/\/www.frantoiomuraglia.it\/wp-content\/uploads\/2022\/06\/Logo-Frantoio-Muraglia-black-email.jpg\",\"width\":326,\"height\":150,\"caption\":\"Frantoio Muraglia\"},\"image\":{\"@id\":\"https:\/\/dev.frantoiomuraglia.it\/de\/#\/schema\/logo\/image\/\"}}]}<\/script>\n<!-- \/ Yoast SEO plugin. -->","yoast_head_json":{"title":"Orcio Der Kuss - Camilla Falsini - Frantoio Muraglia","description":"Der Kuss spricht, und indem er spricht, kann er alles sagen. Der Kuss ist unsere Hommage an die Begegnung, an die Vereinigung zweier Welten, an die Verschiedenheit, die zu einer Einheit verschmelzen, ein Werk, das die Einfachheit und Sch\u00f6nheit des Zusammenseins feiert, ohne Grenzen, ohne Etiketten, signiert von Camilla Falsini, einer international renommierten K\u00fcnstlerin und Illustratorin, und das unser natives Oliven\u00f6l extra und \u201edas Gute im Sch\u00f6nen\u201c verk\u00f6rpert. Stilisierte Formen, leuchtende Farben und eine universelle Botschaft bringen unsere Vorstellung von Gef\u00fchlen auf den Punkt: authentisch, inklusiv, grenzenlos Erh\u00e4ltlich mit Intensiv-fruchtiges \u00d6l.","robots":{"index":"noindex","follow":"follow","max-snippet":"max-snippet:-1","max-image-preview":"max-image-preview:large","max-video-preview":"max-video-preview:-1"},"og_locale":"de_DE","og_type":"article","og_title":"Orcio Der Kuss - Camilla Falsini - Frantoio Muraglia","og_description":"Der Kuss spricht, und indem er spricht, kann er alles sagen. Der Kuss ist unsere Hommage an die Begegnung, an die Vereinigung zweier Welten, an die Verschiedenheit, die zu einer Einheit verschmelzen, ein Werk, das die Einfachheit und Sch\u00f6nheit des Zusammenseins feiert, ohne Grenzen, ohne Etiketten, signiert von Camilla Falsini, einer international renommierten K\u00fcnstlerin und Illustratorin, und das unser natives Oliven\u00f6l extra und \u201edas Gute im Sch\u00f6nen\u201c verk\u00f6rpert. Stilisierte Formen, leuchtende Farben und eine universelle Botschaft bringen unsere Vorstellung von Gef\u00fchlen auf den Punkt: authentisch, inklusiv, grenzenlos Erh\u00e4ltlich mit Intensiv-fruchtiges \u00d6l.","og_url":"https:\/\/dev.frantoiomuraglia.it\/de\/produkt\/orcio-der-kuss-camilla-falsini\/","og_site_name":"Frantoio Muraglia","article_modified_time":"2025-02-11T16:02:48+00:00","og_image":[{"width":2180,"height":2294,"url":"https:\/\/dev.frantoiomuraglia.it\/wp-content\/uploads\/2025\/01\/Skype_Picture_2025_01_17T10_59_07_790Z.jpeg","type":"image\/jpeg"}],"twitter_card":"summary_large_image","schema":{"@context":"https:\/\/schema.org","@graph":[{"@type":"WebPage","@id":"https:\/\/dev.frantoiomuraglia.it\/de\/produkt\/orcio-der-kuss-camilla-falsini\/","url":"https:\/\/dev.frantoiomuraglia.it\/de\/produkt\/orcio-der-kuss-camilla-falsini\/","name":"Orcio Der Kuss - Camilla Falsini - Frantoio Muraglia","isPartOf":{"@id":"https:\/\/dev.frantoiomuraglia.it\/de\/#website"},"primaryImageOfPage":{"@id":"https:\/\/dev.frantoiomuraglia.it\/de\/produkt\/orcio-der-kuss-camilla-falsini\/#primaryimage"},"image":{"@id":"https:\/\/dev.frantoiomuraglia.it\/de\/produkt\/orcio-der-kuss-camilla-falsini\/#primaryimage"},"thumbnailUrl":"https:\/\/dev.frantoiomuraglia.it\/wp-content\/uploads\/2025\/01\/Skype_Picture_2025_01_17T10_59_07_790Z.jpeg","datePublished":"2025-01-20T11:08:19+00:00","dateModified":"2025-02-11T16:02:48+00:00","description":"Der Kuss spricht, und indem er spricht, kann er alles sagen. Der Kuss ist unsere Hommage an die Begegnung, an die Vereinigung zweier Welten, an die Verschiedenheit, die zu einer Einheit verschmelzen, ein Werk, das die Einfachheit und Sch\u00f6nheit des Zusammenseins feiert, ohne Grenzen, ohne Etiketten, signiert von Camilla Falsini, einer international renommierten K\u00fcnstlerin und Illustratorin, und das unser natives Oliven\u00f6l extra und \u201edas Gute im Sch\u00f6nen\u201c verk\u00f6rpert. Stilisierte Formen, leuchtende Farben und eine universelle Botschaft bringen unsere Vorstellung von Gef\u00fchlen auf den Punkt: authentisch, inklusiv, grenzenlos Erh\u00e4ltlich mit Intensiv-fruchtiges \u00d6l.","breadcrumb":{"@id":"https:\/\/dev.frantoiomuraglia.it\/de\/produkt\/orcio-der-kuss-camilla-falsini\/#breadcrumb"},"inLanguage":"de","potentialAction":[{"@type":"ReadAction","target":["https:\/\/dev.frantoiomuraglia.it\/de\/produkt\/orcio-der-kuss-camilla-falsini\/"]}]},{"@type":"ImageObject","inLanguage":"de","@id":"https:\/\/dev.frantoiomuraglia.it\/de\/produkt\/orcio-der-kuss-camilla-falsini\/#primaryimage","url":"https:\/\/dev.frantoiomuraglia.it\/wp-content\/uploads\/2025\/01\/Skype_Picture_2025_01_17T10_59_07_790Z.jpeg","contentUrl":"https:\/\/dev.frantoiomuraglia.it\/wp-content\/uploads\/2025\/01\/Skype_Picture_2025_01_17T10_59_07_790Z.jpeg","width":2180,"height":2294},{"@type":"BreadcrumbList","@id":"https:\/\/dev.frantoiomuraglia.it\/de\/produkt\/orcio-der-kuss-camilla-falsini\/#breadcrumb","itemListElement":[{"@type":"ListItem","position":1,"name":"Home","item":"https:\/\/dev.frantoiomuraglia.it\/de\/"},{"@type":"ListItem","position":2,"name":"Shop","item":"https:\/\/dev.frantoiomuraglia.it\/de\/shop\/"},{"@type":"ListItem","position":3,"name":"Orcio Der Kuss &#8211; Camilla Falsini"}]},{"@type":"WebSite","@id":"https:\/\/dev.frantoiomuraglia.it\/de\/#website","url":"https:\/\/dev.frantoiomuraglia.it\/de\/","name":"Frantoio Muraglia","description":"Just another WordPress site","publisher":{"@id":"https:\/\/dev.frantoiomuraglia.it\/de\/#organization"},"potentialAction":[{"@type":"SearchAction","target":{"@type":"EntryPoint","urlTemplate":"https:\/\/dev.frantoiomuraglia.it\/de\/?s={search_term_string}"},"query-input":{"@type":"PropertyValueSpecification","valueRequired":true,"valueName":"search_term_string"}}],"inLanguage":"de"},{"@type":"Organization","@id":"https:\/\/dev.frantoiomuraglia.it\/de\/#organization","name":"Frantoio Muraglia","url":"https:\/\/dev.frantoiomuraglia.it\/de\/","logo":{"@type":"ImageObject","inLanguage":"de","@id":"https:\/\/dev.frantoiomuraglia.it\/de\/#\/schema\/logo\/image\/","url":"https:\/\/www.frantoiomuraglia.it\/wp-content\/uploads\/2022\/06\/Logo-Frantoio-Muraglia-black-email.jpg","contentUrl":"https:\/\/www.frantoiomuraglia.it\/wp-content\/uploads\/2022\/06\/Logo-Frantoio-Muraglia-black-email.jpg","width":326,"height":150,"caption":"Frantoio Muraglia"},"image":{"@id":"https:\/\/dev.frantoiomuraglia.it\/de\/#\/schema\/logo\/image\/"}}]}},"_links":{"self":[{"href":"https:\/\/dev.frantoiomuraglia.it\/de\/wp-json\/wp\/v2\/product\/36972","targetHints":{"allow":["GET"]}}],"collection":[{"href":"https:\/\/dev.frantoiomuraglia.it\/de\/wp-json\/wp\/v2\/product"}],"about":[{"href":"https:\/\/dev.frantoiomuraglia.it\/de\/wp-json\/wp\/v2\/types\/product"}],"wp:featuredmedia":[{"embeddable":true,"href":"https:\/\/dev.frantoiomuraglia.it\/de\/wp-json\/wp\/v2\/media\/36931"}],"wp:attachment":[{"href":"https:\/\/dev.frantoiomuraglia.it\/de\/wp-json\/wp\/v2\/media?parent=36972"}],"wp:term":[{"taxonomy":"product_cat","embeddable":true,"href":"https:\/\/dev.frantoiomuraglia.it\/de\/wp-json\/wp\/v2\/product_cat?post=36972"},{"taxonomy":"product_tag","embeddable":true,"href":"https:\/\/dev.frantoiomuraglia.it\/de\/wp-json\/wp\/v2\/product_tag?post=36972"}],"curies":[{"name":"wp","href":"https:\/\/api.w.org\/{rel}","templated":true}]}}