{"id":34350,"date":"2024-11-06T18:41:15","date_gmt":"2024-11-08T08:15:34","guid":{"rendered":"https:\/\/www.frantoiomuraglia.it\/product\/jarre-pois-gold-limitierte-auflage-3\/"},"modified":"2025-06-01T11:31:33","modified_gmt":"2025-06-01T09:31:33","slug":"jarre-pois-gold-limitierte-auflage-3","status":"publish","type":"product","link":"https:\/\/dev.frantoiomuraglia.it\/de\/produkt\/jarre-pois-gold-limitierte-auflage-3\/","title":{"rendered":"Orcio Pois Gold-Limited Edition Red"},"content":{"rendered":"<p>Eleganz und Raffinesse finden im neuen Orcio Pois Gold ihren h\u00f6chsten Ausdruck.<\/p>\n<p>Erh\u00e4ltlich in den Farben Rot, Wei\u00df und Schwarz, werden sie zum Symbol einer \u00c4sthetik, die Tradition und Moderne verbindet, eine Neuinterpretation der apulischen Keramik, die zum reinen Design und zum Objekt der Begierde wird.<\/p>\n<p>Erh\u00e4ltlich im 500ml Format mit Medium Fruity \u00d6l.<\/p>\n<p>Eine exklusive und limitierte Online-Ausgabe.<\/p>\n","protected":false},"excerpt":{"rendered":"<p>Eleganz und Raffinesse finden im neuen Orcio Pois Gold ihren h\u00f6chsten Ausdruck.<\/p>\n<p>Erh\u00e4ltlich in den Farben Rot, Wei\u00df und Schwarz, werden sie zum Symbol einer \u00c4sthetik, die Tradition und Moderne verbindet, eine Neuinterpretation der apulischen Keramik, die zum reinen Design und zum Objekt der Begierde wird.<\/p>\n<p>Erh\u00e4ltlich im 500ml Format mit Medium Fruity \u00d6l.<\/p>\n<p>Eine exklusive und limitierte Online-Ausgabe.<\/p>\n","protected":false},"featured_media":34305,"template":"","meta":{"_acf_changed":false},"product_cat":[203,141,160,142],"product_tag":[303,310,249,369,174],"class_list":{"0":"post-34350","1":"product","2":"type-product","3":"status-publish","4":"has-post-thumbnail","6":"product_cat-geschenkideen","7":"product_cat-keramikflasche","8":"product_cat-upsell_astuccio_orcio-de","9":"product_cat-upsell_shopper-de","10":"product_tag-gift-ideas-de-2","11":"product_tag-medium-variant-de","12":"product_tag-shopper-de","13":"product_tag-tpl_jars-de","14":"product_tag-tpl_mittel_fruchtiges","16":"first","17":"instock","18":"taxable","19":"shipping-taxable","20":"purchasable","21":"product-type-simple"},"acf":[],"yoast_head":"<!-- This site is optimized with the Yoast SEO plugin v26.8 - https:\/\/yoast.com\/product\/yoast-seo-wordpress\/ -->\n<title>Orcio Pois Gold-Limited Edition Red - Frantoio Muraglia<\/title>\n<meta name=\"description\" content=\"Eleganz und Raffinesse finden ihren h\u00f6chsten Ausdruck in den neuen Orcio Pois Gold, die in den Farben Rot, Wei\u00df und Schwarz erh\u00e4ltlich sind und zum Symbol einer \u00c4sthetik werden, die Tradition und Moderne miteinander verbindet, eine Neuinterpretation der apulischen Keramik, die zum reinen Design und zum Objekt der Begierde wird. 500 ml mit Fruttato Medio \u00d6l erh\u00e4ltlich.\" \/>\n<meta name=\"robots\" content=\"noindex, follow, max-snippet:-1, max-image-preview:large, max-video-preview:-1\" \/>\n<meta property=\"og:locale\" content=\"de_DE\" \/>\n<meta property=\"og:type\" content=\"article\" \/>\n<meta property=\"og:title\" content=\"Orcio Pois Gold-Limited Edition Red - Frantoio Muraglia\" \/>\n<meta property=\"og:description\" content=\"Eleganz und Raffinesse finden ihren h\u00f6chsten Ausdruck in den neuen Orcio Pois Gold, die in den Farben Rot, Wei\u00df und Schwarz erh\u00e4ltlich sind und zum Symbol einer \u00c4sthetik werden, die Tradition und Moderne miteinander verbindet, eine Neuinterpretation der apulischen Keramik, die zum reinen Design und zum Objekt der Begierde wird. 500 ml mit Fruttato Medio \u00d6l erh\u00e4ltlich.\" \/>\n<meta property=\"og:url\" content=\"https:\/\/dev.frantoiomuraglia.it\/de\/produkt\/jarre-pois-gold-limitierte-auflage-3\/\" \/>\n<meta property=\"og:site_name\" content=\"Frantoio Muraglia\" \/>\n<meta property=\"article:modified_time\" content=\"2025-06-01T09:31:33+00:00\" \/>\n<meta property=\"og:image\" content=\"https:\/\/dev.frantoiomuraglia.it\/wp-content\/uploads\/2024\/11\/Pois_gold_02-1.jpg\" \/>\n\t<meta property=\"og:image:width\" content=\"2180\" \/>\n\t<meta property=\"og:image:height\" content=\"2294\" \/>\n\t<meta property=\"og:image:type\" content=\"image\/jpeg\" \/>\n<meta name=\"twitter:card\" content=\"summary_large_image\" \/>\n<script type=\"application\/ld+json\" class=\"yoast-schema-graph\">{\"@context\":\"https:\/\/schema.org\",\"@graph\":[{\"@type\":\"WebPage\",\"@id\":\"https:\/\/dev.frantoiomuraglia.it\/de\/produkt\/jarre-pois-gold-limitierte-auflage-3\/\",\"url\":\"https:\/\/dev.frantoiomuraglia.it\/de\/produkt\/jarre-pois-gold-limitierte-auflage-3\/\",\"name\":\"Orcio Pois Gold-Limited Edition Red - Frantoio Muraglia\",\"isPartOf\":{\"@id\":\"https:\/\/dev.frantoiomuraglia.it\/de\/#website\"},\"primaryImageOfPage\":{\"@id\":\"https:\/\/dev.frantoiomuraglia.it\/de\/produkt\/jarre-pois-gold-limitierte-auflage-3\/#primaryimage\"},\"image\":{\"@id\":\"https:\/\/dev.frantoiomuraglia.it\/de\/produkt\/jarre-pois-gold-limitierte-auflage-3\/#primaryimage\"},\"thumbnailUrl\":\"https:\/\/dev.frantoiomuraglia.it\/wp-content\/uploads\/2024\/11\/Pois_gold_02-1.jpg\",\"datePublished\":\"2024-11-08T08:15:34+00:00\",\"dateModified\":\"2025-06-01T09:31:33+00:00\",\"description\":\"Eleganz und Raffinesse finden ihren h\u00f6chsten Ausdruck in den neuen Orcio Pois Gold, die in den Farben Rot, Wei\u00df und Schwarz erh\u00e4ltlich sind und zum Symbol einer \u00c4sthetik werden, die Tradition und Moderne miteinander verbindet, eine Neuinterpretation der apulischen Keramik, die zum reinen Design und zum Objekt der Begierde wird. 500 ml mit Fruttato Medio \u00d6l erh\u00e4ltlich.\",\"breadcrumb\":{\"@id\":\"https:\/\/dev.frantoiomuraglia.it\/de\/produkt\/jarre-pois-gold-limitierte-auflage-3\/#breadcrumb\"},\"inLanguage\":\"de\",\"potentialAction\":[{\"@type\":\"ReadAction\",\"target\":[\"https:\/\/dev.frantoiomuraglia.it\/de\/produkt\/jarre-pois-gold-limitierte-auflage-3\/\"]}]},{\"@type\":\"ImageObject\",\"inLanguage\":\"de\",\"@id\":\"https:\/\/dev.frantoiomuraglia.it\/de\/produkt\/jarre-pois-gold-limitierte-auflage-3\/#primaryimage\",\"url\":\"https:\/\/dev.frantoiomuraglia.it\/wp-content\/uploads\/2024\/11\/Pois_gold_02-1.jpg\",\"contentUrl\":\"https:\/\/dev.frantoiomuraglia.it\/wp-content\/uploads\/2024\/11\/Pois_gold_02-1.jpg\",\"width\":2180,\"height\":2294,\"caption\":\"Foto \u00a9 Alessandra Farinelli\"},{\"@type\":\"BreadcrumbList\",\"@id\":\"https:\/\/dev.frantoiomuraglia.it\/de\/produkt\/jarre-pois-gold-limitierte-auflage-3\/#breadcrumb\",\"itemListElement\":[{\"@type\":\"ListItem\",\"position\":1,\"name\":\"Home\",\"item\":\"https:\/\/dev.frantoiomuraglia.it\/de\/\"},{\"@type\":\"ListItem\",\"position\":2,\"name\":\"Shop\",\"item\":\"https:\/\/dev.frantoiomuraglia.it\/de\/shop\/\"},{\"@type\":\"ListItem\",\"position\":3,\"name\":\"Orcio Pois Gold-Limited Edition Red\"}]},{\"@type\":\"WebSite\",\"@id\":\"https:\/\/dev.frantoiomuraglia.it\/de\/#website\",\"url\":\"https:\/\/dev.frantoiomuraglia.it\/de\/\",\"name\":\"Frantoio Muraglia\",\"description\":\"Just another WordPress site\",\"publisher\":{\"@id\":\"https:\/\/dev.frantoiomuraglia.it\/de\/#organization\"},\"potentialAction\":[{\"@type\":\"SearchAction\",\"target\":{\"@type\":\"EntryPoint\",\"urlTemplate\":\"https:\/\/dev.frantoiomuraglia.it\/de\/?s={search_term_string}\"},\"query-input\":{\"@type\":\"PropertyValueSpecification\",\"valueRequired\":true,\"valueName\":\"search_term_string\"}}],\"inLanguage\":\"de\"},{\"@type\":\"Organization\",\"@id\":\"https:\/\/dev.frantoiomuraglia.it\/de\/#organization\",\"name\":\"Frantoio Muraglia\",\"url\":\"https:\/\/dev.frantoiomuraglia.it\/de\/\",\"logo\":{\"@type\":\"ImageObject\",\"inLanguage\":\"de\",\"@id\":\"https:\/\/dev.frantoiomuraglia.it\/de\/#\/schema\/logo\/image\/\",\"url\":\"https:\/\/www.frantoiomuraglia.it\/wp-content\/uploads\/2022\/06\/Logo-Frantoio-Muraglia-black-email.jpg\",\"contentUrl\":\"https:\/\/www.frantoiomuraglia.it\/wp-content\/uploads\/2022\/06\/Logo-Frantoio-Muraglia-black-email.jpg\",\"width\":326,\"height\":150,\"caption\":\"Frantoio Muraglia\"},\"image\":{\"@id\":\"https:\/\/dev.frantoiomuraglia.it\/de\/#\/schema\/logo\/image\/\"}}]}<\/script>\n<!-- \/ Yoast SEO plugin. -->","yoast_head_json":{"title":"Orcio Pois Gold-Limited Edition Red - Frantoio Muraglia","description":"Eleganz und Raffinesse finden ihren h\u00f6chsten Ausdruck in den neuen Orcio Pois Gold, die in den Farben Rot, Wei\u00df und Schwarz erh\u00e4ltlich sind und zum Symbol einer \u00c4sthetik werden, die Tradition und Moderne miteinander verbindet, eine Neuinterpretation der apulischen Keramik, die zum reinen Design und zum Objekt der Begierde wird. 500 ml mit Fruttato Medio \u00d6l erh\u00e4ltlich.","robots":{"index":"noindex","follow":"follow","max-snippet":"max-snippet:-1","max-image-preview":"max-image-preview:large","max-video-preview":"max-video-preview:-1"},"og_locale":"de_DE","og_type":"article","og_title":"Orcio Pois Gold-Limited Edition Red - Frantoio Muraglia","og_description":"Eleganz und Raffinesse finden ihren h\u00f6chsten Ausdruck in den neuen Orcio Pois Gold, die in den Farben Rot, Wei\u00df und Schwarz erh\u00e4ltlich sind und zum Symbol einer \u00c4sthetik werden, die Tradition und Moderne miteinander verbindet, eine Neuinterpretation der apulischen Keramik, die zum reinen Design und zum Objekt der Begierde wird. 500 ml mit Fruttato Medio \u00d6l erh\u00e4ltlich.","og_url":"https:\/\/dev.frantoiomuraglia.it\/de\/produkt\/jarre-pois-gold-limitierte-auflage-3\/","og_site_name":"Frantoio Muraglia","article_modified_time":"2025-06-01T09:31:33+00:00","og_image":[{"width":2180,"height":2294,"url":"https:\/\/dev.frantoiomuraglia.it\/wp-content\/uploads\/2024\/11\/Pois_gold_02-1.jpg","type":"image\/jpeg"}],"twitter_card":"summary_large_image","schema":{"@context":"https:\/\/schema.org","@graph":[{"@type":"WebPage","@id":"https:\/\/dev.frantoiomuraglia.it\/de\/produkt\/jarre-pois-gold-limitierte-auflage-3\/","url":"https:\/\/dev.frantoiomuraglia.it\/de\/produkt\/jarre-pois-gold-limitierte-auflage-3\/","name":"Orcio Pois Gold-Limited Edition Red - Frantoio Muraglia","isPartOf":{"@id":"https:\/\/dev.frantoiomuraglia.it\/de\/#website"},"primaryImageOfPage":{"@id":"https:\/\/dev.frantoiomuraglia.it\/de\/produkt\/jarre-pois-gold-limitierte-auflage-3\/#primaryimage"},"image":{"@id":"https:\/\/dev.frantoiomuraglia.it\/de\/produkt\/jarre-pois-gold-limitierte-auflage-3\/#primaryimage"},"thumbnailUrl":"https:\/\/dev.frantoiomuraglia.it\/wp-content\/uploads\/2024\/11\/Pois_gold_02-1.jpg","datePublished":"2024-11-08T08:15:34+00:00","dateModified":"2025-06-01T09:31:33+00:00","description":"Eleganz und Raffinesse finden ihren h\u00f6chsten Ausdruck in den neuen Orcio Pois Gold, die in den Farben Rot, Wei\u00df und Schwarz erh\u00e4ltlich sind und zum Symbol einer \u00c4sthetik werden, die Tradition und Moderne miteinander verbindet, eine Neuinterpretation der apulischen Keramik, die zum reinen Design und zum Objekt der Begierde wird. 500 ml mit Fruttato Medio \u00d6l erh\u00e4ltlich.","breadcrumb":{"@id":"https:\/\/dev.frantoiomuraglia.it\/de\/produkt\/jarre-pois-gold-limitierte-auflage-3\/#breadcrumb"},"inLanguage":"de","potentialAction":[{"@type":"ReadAction","target":["https:\/\/dev.frantoiomuraglia.it\/de\/produkt\/jarre-pois-gold-limitierte-auflage-3\/"]}]},{"@type":"ImageObject","inLanguage":"de","@id":"https:\/\/dev.frantoiomuraglia.it\/de\/produkt\/jarre-pois-gold-limitierte-auflage-3\/#primaryimage","url":"https:\/\/dev.frantoiomuraglia.it\/wp-content\/uploads\/2024\/11\/Pois_gold_02-1.jpg","contentUrl":"https:\/\/dev.frantoiomuraglia.it\/wp-content\/uploads\/2024\/11\/Pois_gold_02-1.jpg","width":2180,"height":2294,"caption":"Foto \u00a9 Alessandra Farinelli"},{"@type":"BreadcrumbList","@id":"https:\/\/dev.frantoiomuraglia.it\/de\/produkt\/jarre-pois-gold-limitierte-auflage-3\/#breadcrumb","itemListElement":[{"@type":"ListItem","position":1,"name":"Home","item":"https:\/\/dev.frantoiomuraglia.it\/de\/"},{"@type":"ListItem","position":2,"name":"Shop","item":"https:\/\/dev.frantoiomuraglia.it\/de\/shop\/"},{"@type":"ListItem","position":3,"name":"Orcio Pois Gold-Limited Edition Red"}]},{"@type":"WebSite","@id":"https:\/\/dev.frantoiomuraglia.it\/de\/#website","url":"https:\/\/dev.frantoiomuraglia.it\/de\/","name":"Frantoio Muraglia","description":"Just another WordPress site","publisher":{"@id":"https:\/\/dev.frantoiomuraglia.it\/de\/#organization"},"potentialAction":[{"@type":"SearchAction","target":{"@type":"EntryPoint","urlTemplate":"https:\/\/dev.frantoiomuraglia.it\/de\/?s={search_term_string}"},"query-input":{"@type":"PropertyValueSpecification","valueRequired":true,"valueName":"search_term_string"}}],"inLanguage":"de"},{"@type":"Organization","@id":"https:\/\/dev.frantoiomuraglia.it\/de\/#organization","name":"Frantoio Muraglia","url":"https:\/\/dev.frantoiomuraglia.it\/de\/","logo":{"@type":"ImageObject","inLanguage":"de","@id":"https:\/\/dev.frantoiomuraglia.it\/de\/#\/schema\/logo\/image\/","url":"https:\/\/www.frantoiomuraglia.it\/wp-content\/uploads\/2022\/06\/Logo-Frantoio-Muraglia-black-email.jpg","contentUrl":"https:\/\/www.frantoiomuraglia.it\/wp-content\/uploads\/2022\/06\/Logo-Frantoio-Muraglia-black-email.jpg","width":326,"height":150,"caption":"Frantoio Muraglia"},"image":{"@id":"https:\/\/dev.frantoiomuraglia.it\/de\/#\/schema\/logo\/image\/"}}]}},"_links":{"self":[{"href":"https:\/\/dev.frantoiomuraglia.it\/de\/wp-json\/wp\/v2\/product\/34350","targetHints":{"allow":["GET"]}}],"collection":[{"href":"https:\/\/dev.frantoiomuraglia.it\/de\/wp-json\/wp\/v2\/product"}],"about":[{"href":"https:\/\/dev.frantoiomuraglia.it\/de\/wp-json\/wp\/v2\/types\/product"}],"wp:featuredmedia":[{"embeddable":true,"href":"https:\/\/dev.frantoiomuraglia.it\/de\/wp-json\/wp\/v2\/media\/34305"}],"wp:attachment":[{"href":"https:\/\/dev.frantoiomuraglia.it\/de\/wp-json\/wp\/v2\/media?parent=34350"}],"wp:term":[{"taxonomy":"product_cat","embeddable":true,"href":"https:\/\/dev.frantoiomuraglia.it\/de\/wp-json\/wp\/v2\/product_cat?post=34350"},{"taxonomy":"product_tag","embeddable":true,"href":"https:\/\/dev.frantoiomuraglia.it\/de\/wp-json\/wp\/v2\/product_tag?post=34350"}],"curies":[{"name":"wp","href":"https:\/\/api.w.org\/{rel}","templated":true}]}}